{"id":35912,"date":"2023-09-28T14:11:18","date_gmt":"2023-09-28T11:11:18","guid":{"rendered":"https:\/\/old.elusvali.ee\/product\/organiskais-kiploku-pulveris-210g-biomenu\/"},"modified":"2025-03-14T15:27:25","modified_gmt":"2025-03-14T13:27:25","slug":"organiskais-kiploku-pulveris-210g-biomenu","status":"publish","type":"product","link":"https:\/\/old.elusvali.ee\/lv\/produkts\/organiskais-kiploku-pulveris-210g-biomenu\/","title":{"rendered":"Organiskais \u0137iploku pulveris 210g | Biomenu Flavourings"},"content":{"rendered":"<p>Svaigi, smalki samalti \u0137iploki <strong>liel\u0101 burk\u0101<\/strong><em>.<\/em><\/p>\n<p>\u0136iploku pulveri var izmantot t\u0101pat k\u0101 neapstr\u0101d\u0101tu \u0137iploku, lai aromatiz\u0113tu da\u017e\u0101dus \u0113dienus. S\u0101ciet eksperiment\u0113t ar maz\u0101kiem daudzumiem, jo svaigi maltiem biolo\u0123iskajiem \u0137iplokiem ir sp\u0113c\u012bga gar\u0161a!<\/p>\n<h4>Kur lietot \u0137iploku pulveri?<\/h4>\n<ul>\n<li>Da\u017e\u0101d\u0101s m\u0113rc\u0113s<\/li>\n<li>Ceptos \u0113dienos<\/li>\n<li>Pievienot kartupe\u013ciem<\/li>\n<li>Zup\u0101s un saut\u0113jumos<\/li>\n<li>Piem\u0113rots pat \u0137iploku maizes pagatavo\u0161anai<\/li>\n<\/ul>\n<h4>Liel\u0101, \u0113rt\u0101 burk\u0101<\/h4>\n<p>Burka ir \u013coti <strong>\u0113rta un paroc\u012bga<\/strong>. Burka ir liel\u0101ka nek\u0101 klasiskie gar\u0161vielu trauci\u0146i, lai t\u0101s saturu var\u0113tu lietot pietiekami ilgi, ta\u010du vienlaikus t\u0101 ir pietiekami sekla, lai gl\u012bti ieder\u0113tos vairum\u0101 gar\u0161vielu plauktos un skap\u012b\u0161os. Burkas augstums 15 cm, apak\u0161as diametrs 6,5 cm.<\/p>\n<p>Lieto\u0161anai ne tikai profesion\u0101\u013ciem un \u0113stgatavo\u0161anas meistariem, bet ar\u012b cilv\u0113kiem, kuriem pat\u012bk <strong>vesel\u012bgi, bet gar\u0161\u012bgi bag\u0101tin\u0101t <\/strong>\u0113dienus ar da\u017e\u0101d\u0101m gar\u0161\u0101m, izmantojot da\u017e\u0101das gar\u0161vielas.<\/p>\n","protected":false},"excerpt":{"rendered":"<p>Svaigi, smalki samalti maigi \u0137iploki <strong>liel\u0101 burk\u0101<\/strong>.<\/p>\n<p>\u0136iploku pulveri var izmantot t\u0101pat k\u0101 neapstr\u0101d\u0101tus \u0137iplokus da\u017e\u0101du \u0113dienu pagatavo\u0161anai. Bag\u0101t\u012bgs aromatiz\u0113t\u0101js ar <strong>sp\u0113c\u012bgu gar\u0161u<\/strong>, kas ir neaizst\u0101jams jebkur\u0101 virtuv\u0113!<\/p>\n","protected":false},"featured_media":35141,"comment_status":"open","ping_status":"closed","template":"","meta":{"_acf_changed":false},"product_brand":[],"product_cat":[456,442],"product_tag":[752],"class_list":{"0":"post-35912","1":"product","2":"type-product","3":"status-publish","4":"has-post-thumbnail","6":"product_cat-garsvielas","7":"product_cat-majas-virtuve","8":"product_tag-garsvielas","10":"first","11":"outofstock","12":"taxable","13":"shipping-taxable","14":"purchasable","15":"product-type-simple"},"acf":[],"yoast_head":"<!-- This site is optimized with the Yoast SEO plugin v25.3.1 - https:\/\/yoast.com\/wordpress\/plugins\/seo\/ -->\n<title>Organiskais \u0137iploku pulveris 210g | Biomenu Flavourings - Pure Nature<\/title>\n<meta name=\"description\" content=\"Svaigi, smalki samalti maigi \u0137iploki liel\u0101 burk\u0101. \u0136iploku pulveri var izmantot t\u0101pat k\u0101 neapstr\u0101d\u0101tu \u0137iploku, lai aromatiz\u0113tu da\u017e\u0101dus \u0113dienus.\" \/>\n<meta name=\"robots\" content=\"noindex, follow, max-snippet:-1, max-image-preview:large, max-video-preview:-1\" \/>\n<meta property=\"og:locale\" content=\"lv_LV\" \/>\n<meta property=\"og:type\" content=\"article\" \/>\n<meta property=\"og:title\" content=\"Organiskais \u0137iploku pulveris 210g | Biomenu Flavourings - Pure Nature\" \/>\n<meta property=\"og:description\" content=\"Svaigi, smalki samalti maigi \u0137iploki liel\u0101 burk\u0101. \u0136iploku pulveri var izmantot t\u0101pat k\u0101 neapstr\u0101d\u0101tu \u0137iploku, lai aromatiz\u0113tu da\u017e\u0101dus \u0113dienus.\" \/>\n<meta property=\"og:url\" content=\"https:\/\/old.elusvali.ee\/lv\/produkts\/organiskais-kiploku-pulveris-210g-biomenu\/\" \/>\n<meta property=\"og:site_name\" content=\"Elusv&auml;li\" \/>\n<meta property=\"article:publisher\" content=\"https:\/\/www.facebook.com\/profile.php?id=100064131067985\" \/>\n<meta property=\"article:modified_time\" content=\"2025-03-14T13:27:25+00:00\" \/>\n<meta property=\"og:image\" content=\"https:\/\/old.elusvali.ee\/wp-content\/uploads\/2023\/09\/Mahe-kuuslaugupulber-peene-hulgi-210-2.jpg\" \/>\n\t<meta property=\"og:image:width\" content=\"1500\" \/>\n\t<meta property=\"og:image:height\" content=\"1500\" \/>\n\t<meta property=\"og:image:type\" content=\"image\/jpeg\" \/>\n<meta name=\"twitter:card\" content=\"summary_large_image\" \/>\n<meta name=\"twitter:label1\" content=\"Est. reading time\" \/>\n\t<meta name=\"twitter:data1\" content=\"2 minutes\" \/>\n<script type=\"application\/ld+json\" class=\"yoast-schema-graph\">{\"@context\":\"https:\/\/schema.org\",\"@graph\":[{\"@type\":\"WebPage\",\"@id\":\"https:\/\/old.elusvali.ee\/lv\/produkts\/organiskais-kiploku-pulveris-210g-biomenu\/\",\"url\":\"https:\/\/old.elusvali.ee\/lv\/produkts\/organiskais-kiploku-pulveris-210g-biomenu\/\",\"name\":\"Organiskais \u0137iploku pulveris 210g | Biomenu Flavourings - Pure Nature\",\"isPartOf\":{\"@id\":\"https:\/\/old.elusvali.ee\/lv\/#website\"},\"primaryImageOfPage\":{\"@id\":\"https:\/\/old.elusvali.ee\/lv\/produkts\/organiskais-kiploku-pulveris-210g-biomenu\/#primaryimage\"},\"image\":{\"@id\":\"https:\/\/old.elusvali.ee\/lv\/produkts\/organiskais-kiploku-pulveris-210g-biomenu\/#primaryimage\"},\"thumbnailUrl\":\"https:\/\/old.elusvali.ee\/wp-content\/uploads\/2023\/09\/Mahe-kuuslaugupulber-peene-hulgi-210-2.jpg\",\"datePublished\":\"2023-09-28T11:11:18+00:00\",\"dateModified\":\"2025-03-14T13:27:25+00:00\",\"description\":\"Svaigi, smalki samalti maigi \u0137iploki liel\u0101 burk\u0101. \u0136iploku pulveri var izmantot t\u0101pat k\u0101 neapstr\u0101d\u0101tu \u0137iploku, lai aromatiz\u0113tu da\u017e\u0101dus \u0113dienus.\",\"breadcrumb\":{\"@id\":\"https:\/\/old.elusvali.ee\/lv\/produkts\/organiskais-kiploku-pulveris-210g-biomenu\/#breadcrumb\"},\"inLanguage\":\"lv-LV\",\"potentialAction\":[{\"@type\":\"ReadAction\",\"target\":[\"https:\/\/old.elusvali.ee\/lv\/produkts\/organiskais-kiploku-pulveris-210g-biomenu\/\"]}]},{\"@type\":\"ImageObject\",\"inLanguage\":\"lv-LV\",\"@id\":\"https:\/\/old.elusvali.ee\/lv\/produkts\/organiskais-kiploku-pulveris-210g-biomenu\/#primaryimage\",\"url\":\"https:\/\/old.elusvali.ee\/wp-content\/uploads\/2023\/09\/Mahe-kuuslaugupulber-peene-hulgi-210-2.jpg\",\"contentUrl\":\"https:\/\/old.elusvali.ee\/wp-content\/uploads\/2023\/09\/Mahe-kuuslaugupulber-peene-hulgi-210-2.jpg\",\"width\":1500,\"height\":1500,\"caption\":\"Cesnaku milteliai\"},{\"@type\":\"BreadcrumbList\",\"@id\":\"https:\/\/old.elusvali.ee\/lv\/produkts\/organiskais-kiploku-pulveris-210g-biomenu\/#breadcrumb\",\"itemListElement\":[{\"@type\":\"ListItem\",\"position\":1,\"name\":\"Home\",\"item\":\"https:\/\/purenature.lv\/\"},{\"@type\":\"ListItem\",\"position\":2,\"name\":\"E-veikals\",\"item\":\"https:\/\/purenature.lv\/veikals\/\"},{\"@type\":\"ListItem\",\"position\":3,\"name\":\"Organiskais \u0137iploku pulveris 210g | Biomenu Flavourings\"}]},{\"@type\":\"WebSite\",\"@id\":\"https:\/\/old.elusvali.ee\/lv\/#website\",\"url\":\"https:\/\/old.elusvali.ee\/lv\/\",\"name\":\"Elusv\u00e4li\",\"description\":\"Puhas k&ouml;&ouml;k ja koduapteek\",\"publisher\":{\"@id\":\"https:\/\/old.elusvali.ee\/lv\/#organization\"},\"potentialAction\":[{\"@type\":\"SearchAction\",\"target\":{\"@type\":\"EntryPoint\",\"urlTemplate\":\"https:\/\/old.elusvali.ee\/lv\/?s={search_term_string}\"},\"query-input\":{\"@type\":\"PropertyValueSpecification\",\"valueRequired\":true,\"valueName\":\"search_term_string\"}}],\"inLanguage\":\"lv-LV\"},{\"@type\":\"Organization\",\"@id\":\"https:\/\/old.elusvali.ee\/lv\/#organization\",\"name\":\"Elusv\u00e4li\",\"url\":\"https:\/\/old.elusvali.ee\/lv\/\",\"logo\":{\"@type\":\"ImageObject\",\"inLanguage\":\"lv-LV\",\"@id\":\"https:\/\/old.elusvali.ee\/lv\/#\/schema\/logo\/image\/\",\"url\":\"https:\/\/purenature.lt\/wp-content\/uploads\/2023\/07\/logo.png\",\"contentUrl\":\"https:\/\/purenature.lt\/wp-content\/uploads\/2023\/07\/logo.png\",\"width\":526,\"height\":146,\"caption\":\"Elusv\u00e4li\"},\"image\":{\"@id\":\"https:\/\/old.elusvali.ee\/lv\/#\/schema\/logo\/image\/\"},\"sameAs\":[\"https:\/\/www.facebook.com\/profile.php?id=100064131067985\",\"https:\/\/www.instagram.com\/elusvali\/\",\"https:\/\/www.youtube.com\/@elusvali2110\"]}]}<\/script>\n<!-- \/ Yoast SEO plugin. -->","yoast_head_json":{"title":"Organiskais \u0137iploku pulveris 210g | Biomenu Flavourings - Pure Nature","description":"Svaigi, smalki samalti maigi \u0137iploki liel\u0101 burk\u0101. \u0136iploku pulveri var izmantot t\u0101pat k\u0101 neapstr\u0101d\u0101tu \u0137iploku, lai aromatiz\u0113tu da\u017e\u0101dus \u0113dienus.","robots":{"index":"noindex","follow":"follow","max-snippet":"max-snippet:-1","max-image-preview":"max-image-preview:large","max-video-preview":"max-video-preview:-1"},"og_locale":"lv_LV","og_type":"article","og_title":"Organiskais \u0137iploku pulveris 210g | Biomenu Flavourings - Pure Nature","og_description":"Svaigi, smalki samalti maigi \u0137iploki liel\u0101 burk\u0101. \u0136iploku pulveri var izmantot t\u0101pat k\u0101 neapstr\u0101d\u0101tu \u0137iploku, lai aromatiz\u0113tu da\u017e\u0101dus \u0113dienus.","og_url":"https:\/\/old.elusvali.ee\/lv\/produkts\/organiskais-kiploku-pulveris-210g-biomenu\/","og_site_name":"Elusv&auml;li","article_publisher":"https:\/\/www.facebook.com\/profile.php?id=100064131067985","article_modified_time":"2025-03-14T13:27:25+00:00","og_image":[{"width":1500,"height":1500,"url":"https:\/\/old.elusvali.ee\/wp-content\/uploads\/2023\/09\/Mahe-kuuslaugupulber-peene-hulgi-210-2.jpg","type":"image\/jpeg"}],"twitter_card":"summary_large_image","twitter_misc":{"Est. reading time":"2 minutes"},"schema":{"@context":"https:\/\/schema.org","@graph":[{"@type":"WebPage","@id":"https:\/\/old.elusvali.ee\/lv\/produkts\/organiskais-kiploku-pulveris-210g-biomenu\/","url":"https:\/\/old.elusvali.ee\/lv\/produkts\/organiskais-kiploku-pulveris-210g-biomenu\/","name":"Organiskais \u0137iploku pulveris 210g | Biomenu Flavourings - Pure Nature","isPartOf":{"@id":"https:\/\/old.elusvali.ee\/lv\/#website"},"primaryImageOfPage":{"@id":"https:\/\/old.elusvali.ee\/lv\/produkts\/organiskais-kiploku-pulveris-210g-biomenu\/#primaryimage"},"image":{"@id":"https:\/\/old.elusvali.ee\/lv\/produkts\/organiskais-kiploku-pulveris-210g-biomenu\/#primaryimage"},"thumbnailUrl":"https:\/\/old.elusvali.ee\/wp-content\/uploads\/2023\/09\/Mahe-kuuslaugupulber-peene-hulgi-210-2.jpg","datePublished":"2023-09-28T11:11:18+00:00","dateModified":"2025-03-14T13:27:25+00:00","description":"Svaigi, smalki samalti maigi \u0137iploki liel\u0101 burk\u0101. \u0136iploku pulveri var izmantot t\u0101pat k\u0101 neapstr\u0101d\u0101tu \u0137iploku, lai aromatiz\u0113tu da\u017e\u0101dus \u0113dienus.","breadcrumb":{"@id":"https:\/\/old.elusvali.ee\/lv\/produkts\/organiskais-kiploku-pulveris-210g-biomenu\/#breadcrumb"},"inLanguage":"lv-LV","potentialAction":[{"@type":"ReadAction","target":["https:\/\/old.elusvali.ee\/lv\/produkts\/organiskais-kiploku-pulveris-210g-biomenu\/"]}]},{"@type":"ImageObject","inLanguage":"lv-LV","@id":"https:\/\/old.elusvali.ee\/lv\/produkts\/organiskais-kiploku-pulveris-210g-biomenu\/#primaryimage","url":"https:\/\/old.elusvali.ee\/wp-content\/uploads\/2023\/09\/Mahe-kuuslaugupulber-peene-hulgi-210-2.jpg","contentUrl":"https:\/\/old.elusvali.ee\/wp-content\/uploads\/2023\/09\/Mahe-kuuslaugupulber-peene-hulgi-210-2.jpg","width":1500,"height":1500,"caption":"Cesnaku milteliai"},{"@type":"BreadcrumbList","@id":"https:\/\/old.elusvali.ee\/lv\/produkts\/organiskais-kiploku-pulveris-210g-biomenu\/#breadcrumb","itemListElement":[{"@type":"ListItem","position":1,"name":"Home","item":"https:\/\/purenature.lv\/"},{"@type":"ListItem","position":2,"name":"E-veikals","item":"https:\/\/purenature.lv\/veikals\/"},{"@type":"ListItem","position":3,"name":"Organiskais \u0137iploku pulveris 210g | Biomenu Flavourings"}]},{"@type":"WebSite","@id":"https:\/\/old.elusvali.ee\/lv\/#website","url":"https:\/\/old.elusvali.ee\/lv\/","name":"Elusv\u00e4li","description":"Puhas k&ouml;&ouml;k ja koduapteek","publisher":{"@id":"https:\/\/old.elusvali.ee\/lv\/#organization"},"potentialAction":[{"@type":"SearchAction","target":{"@type":"EntryPoint","urlTemplate":"https:\/\/old.elusvali.ee\/lv\/?s={search_term_string}"},"query-input":{"@type":"PropertyValueSpecification","valueRequired":true,"valueName":"search_term_string"}}],"inLanguage":"lv-LV"},{"@type":"Organization","@id":"https:\/\/old.elusvali.ee\/lv\/#organization","name":"Elusv\u00e4li","url":"https:\/\/old.elusvali.ee\/lv\/","logo":{"@type":"ImageObject","inLanguage":"lv-LV","@id":"https:\/\/old.elusvali.ee\/lv\/#\/schema\/logo\/image\/","url":"https:\/\/purenature.lt\/wp-content\/uploads\/2023\/07\/logo.png","contentUrl":"https:\/\/purenature.lt\/wp-content\/uploads\/2023\/07\/logo.png","width":526,"height":146,"caption":"Elusv\u00e4li"},"image":{"@id":"https:\/\/old.elusvali.ee\/lv\/#\/schema\/logo\/image\/"},"sameAs":["https:\/\/www.facebook.com\/profile.php?id=100064131067985","https:\/\/www.instagram.com\/elusvali\/","https:\/\/www.youtube.com\/@elusvali2110"]}]}},"_links":{"self":[{"href":"https:\/\/old.elusvali.ee\/lv\/wp-json\/wp\/v2\/product\/35912","targetHints":{"allow":["GET"]}}],"collection":[{"href":"https:\/\/old.elusvali.ee\/lv\/wp-json\/wp\/v2\/product"}],"about":[{"href":"https:\/\/old.elusvali.ee\/lv\/wp-json\/wp\/v2\/types\/product"}],"replies":[{"embeddable":true,"href":"https:\/\/old.elusvali.ee\/lv\/wp-json\/wp\/v2\/comments?post=35912"}],"version-history":[{"count":1,"href":"https:\/\/old.elusvali.ee\/lv\/wp-json\/wp\/v2\/product\/35912\/revisions"}],"predecessor-version":[{"id":63077,"href":"https:\/\/old.elusvali.ee\/lv\/wp-json\/wp\/v2\/product\/35912\/revisions\/63077"}],"wp:featuredmedia":[{"embeddable":true,"href":"https:\/\/old.elusvali.ee\/lv\/wp-json\/wp\/v2\/media\/35141"}],"wp:attachment":[{"href":"https:\/\/old.elusvali.ee\/lv\/wp-json\/wp\/v2\/media?parent=35912"}],"wp:term":[{"taxonomy":"product_brand","embeddable":true,"href":"https:\/\/old.elusvali.ee\/lv\/wp-json\/wp\/v2\/product_brand?post=35912"},{"taxonomy":"product_cat","embeddable":true,"href":"https:\/\/old.elusvali.ee\/lv\/wp-json\/wp\/v2\/product_cat?post=35912"},{"taxonomy":"product_tag","embeddable":true,"href":"https:\/\/old.elusvali.ee\/lv\/wp-json\/wp\/v2\/product_tag?post=35912"}],"curies":[{"name":"wp","href":"https:\/\/api.w.org\/{rel}","templated":true}]}}