{"id":35498,"date":"2020-10-17T04:39:57","date_gmt":"2020-10-17T01:39:57","guid":{"rendered":"https:\/\/old.elusvali.ee\/product\/vimergy-l-lizins\/"},"modified":"2025-06-12T20:49:28","modified_gmt":"2025-06-12T17:49:28","slug":"vimergy-l-lizins","status":"publish","type":"product","link":"https:\/\/old.elusvali.ee\/lv\/produkts\/vimergy-l-lizins\/","title":{"rendered":"Vimergy L-liz\u012bns"},"content":{"rendered":"<p>Ja j\u016bs mekl\u0113jat kaut ko, kas atbalst\u012btu j\u016bsu vesel\u012bbu, izv\u0113lieties L-liz\u012bnu. T\u0101 ir neaizvietojama, neaizst\u0101jama aminosk\u0101be, ko var ieg\u016bt tikai ar uzturu un uztura bag\u0101tin\u0101t\u0101jiem, jo organisms to nera\u017eo. M\u016bsu klienti labpr\u0101t lieto ar\u012b Micro-C kop\u0101 ar L-liz\u012bnu, jo tie kop\u0101 veido superduetu, kas atbalsta im\u016bnsist\u0113mu.<\/p>\n<h3><img fetchpriority=\"high\" decoding=\"async\" class=\"alignleft size-medium wp-image-44073\" style=\"margin-bottom: 0px;\" src=\"https:\/\/purenature.lv\/wp-content\/uploads\/2020\/10\/l-lysine-vimergy-supplements-vitamins-36312802623658-300x300.jpg\" alt=\"\" width=\"300\" height=\"300\" srcset=\"https:\/\/old.elusvali.ee\/wp-content\/uploads\/2020\/10\/l-lysine-vimergy-supplements-vitamins-36312802623658-300x300.jpg 300w, https:\/\/old.elusvali.ee\/wp-content\/uploads\/2020\/10\/l-lysine-vimergy-supplements-vitamins-36312802623658-150x150.jpg 150w, https:\/\/old.elusvali.ee\/wp-content\/uploads\/2020\/10\/l-lysine-vimergy-supplements-vitamins-36312802623658-768x768.jpg 768w, https:\/\/old.elusvali.ee\/wp-content\/uploads\/2020\/10\/l-lysine-vimergy-supplements-vitamins-36312802623658-430x430.jpg 430w, https:\/\/old.elusvali.ee\/wp-content\/uploads\/2020\/10\/l-lysine-vimergy-supplements-vitamins-36312802623658-700x700.jpg 700w, https:\/\/old.elusvali.ee\/wp-content\/uploads\/2020\/10\/l-lysine-vimergy-supplements-vitamins-36312802623658.jpg 800w\" sizes=\"(max-width: 300px) 100vw, 300px\" \/>L-liz\u012bns ir svar\u012bgs karnit\u012bna sint\u0113zei, kas nepiecie\u0161ams tauku vielmai\u0146ai.<\/h3>\n<ul>\n<li>L-liz\u012bns ir viens no b\u016btisk\u0101kajiem olbaltumvielu un noteiktu hormonu veidojo\u0161ajiem elementiem.<\/li>\n<li>Tas ir b\u016btisks kolag\u0113na un elast\u012bna ra\u017eo\u0161anai.<\/li>\n<li>Pal\u012bdz uztur\u0113t vesel\u012bgu im\u016bnsist\u0113mu<\/li>\n<\/ul>\n<p>&nbsp;<\/p>\n<p>&nbsp;<\/p>\n<p><em>* Apgalvojumi \u0146emti no Vimergy t\u012bmek\u013ca vietnes<\/em><\/p>\n<p>&nbsp;<\/p>\n<h2>K\u0101 lietot L-liz\u012bnu?<\/h2>\n<ul>\n<li><strong>Lieto\u0161ana<\/strong>: 1-2 reizes dien\u0101 pa 1 kapsulai, uzdzerot \u016bdeni. 270 devas burci\u0146\u0101.<\/li>\n<li><strong>Uzglab\u0101\u0161ana: <\/strong>Glab\u0101t v\u0113s\u0101, tum\u0161\u0101 viet\u0101.<br \/>\n<em>Piem\u0113ram, aizsl\u0113gt\u0101 virtuves skap\u012b b\u0113rniem nepieejam\u0101 viet\u0101. Uzglab\u0101t sausum\u0101.<\/em><\/li>\n<li><strong>Kontrindik\u0101cijas<\/strong>: Nelietot k\u0101 pilnv\u0113rt\u012bga un sabalans\u0113ta uztura aizst\u0101j\u0113ju. Gr\u016btniec\u012bbas, z\u012bd\u012b\u0161anas, medikamentu lieto\u0161anas vai vesel\u012bbas probl\u0113mu gad\u012bjum\u0101 pirms lieto\u0161anas konsult\u0113jieties ar \u0101rstu.<\/li>\n<\/ul>\n<p>Skat\u012bt ar\u012b <a href=\"https:\/\/purenature.lv\/3-biezakas-kludas-kuras-partikas-piedevas-tiek-lietotas-kad-tas-tiek-lietotas\/?_gl=1*1htr1de*_gcl_au*NDI3MzQxODMyLjE3MzQwMDk4MTU.*_ga*NzE0MDY5OTMxLjE3MzQwMDk4MTU.*_ga_G9DKBME5C1*MTczNDU0NjkxNS41LjEuMTczNDU0NzkxMS4wLjAuMA..\">3 bie\u017e\u0101k pie\u013caut\u0101s k\u013c\u016bdas, lietojot uztura bag\u0101tin\u0101t\u0101jus<\/a><\/p>\n<p><a href=\"https:\/\/vimergy.com\/\">Vimergy<\/a> ir paz\u012bstams k\u0101 viens no pasaul\u0113 augst\u0101k\u0101s kvalit\u0101tes ASV biolo\u0123isko uztura bag\u0101tin\u0101t\u0101ju z\u012bmoliem.<br \/>\nVisi Vimergy produkti ir ekolo\u0123iski t\u012bri, nesatur alkoholu un ir piem\u0113roti veg\u0101niem. Turkl\u0101t neviens no m\u016bsu uztura bag\u0101tin\u0101t\u0101jiem nesatur citronsk\u0101bi, pildvielas vai m\u0101ksl\u012bg\u0101s piedevas.<\/p>\n<p><img decoding=\"async\" class=\"aligncenter wp-image-44080 size-large\" src=\"https:\/\/purenature.lv\/wp-content\/uploads\/2020\/10\/L-Lysine_How_To_Desktop-1300x679.png\" alt=\"\" width=\"1300\" height=\"679\" srcset=\"https:\/\/old.elusvali.ee\/wp-content\/uploads\/2020\/10\/L-Lysine_How_To_Desktop-1300x679.png 1300w, https:\/\/old.elusvali.ee\/wp-content\/uploads\/2020\/10\/L-Lysine_How_To_Desktop-400x209.png 400w, https:\/\/old.elusvali.ee\/wp-content\/uploads\/2020\/10\/L-Lysine_How_To_Desktop-768x401.png 768w, https:\/\/old.elusvali.ee\/wp-content\/uploads\/2020\/10\/L-Lysine_How_To_Desktop-1536x803.png 1536w, https:\/\/old.elusvali.ee\/wp-content\/uploads\/2020\/10\/L-Lysine_How_To_Desktop-430x225.png 430w, https:\/\/old.elusvali.ee\/wp-content\/uploads\/2020\/10\/L-Lysine_How_To_Desktop-700x366.png 700w, https:\/\/old.elusvali.ee\/wp-content\/uploads\/2020\/10\/L-Lysine_How_To_Desktop-150x78.png 150w, https:\/\/old.elusvali.ee\/wp-content\/uploads\/2020\/10\/L-Lysine_How_To_Desktop.png 2000w\" sizes=\"(max-width: 1300px) 100vw, 1300px\" \/><\/p>\n","protected":false},"excerpt":{"rendered":"<p>\u0160\u012b br\u012bni\u0161\u0137\u012bg\u0101 aminosk\u0101be ir daudz vair\u0101k nek\u0101 tikai olbaltumvielu celtniec\u012bbas elements. L-liz\u012bns pal\u012bdz uztur\u0113t sp\u0113c\u012bgu im\u016bnsist\u0113mu un veicina matu, \u0101das un audu aug\u0161anu un vesel\u012bbu.<\/p>\n","protected":false},"featured_media":32379,"comment_status":"open","ping_status":"closed","template":"","meta":{"_acf_changed":false},"product_brand":[],"product_cat":[404,809,409,403,402,696],"product_tag":[406,405],"class_list":{"0":"post-35498","1":"product","2":"type-product","3":"status-publish","4":"has-post-thumbnail","6":"product_cat-acis-un-locitavas","7":"product_cat-hormonalais-lidzsvars","8":"product_cat-imunitate","9":"product_cat-nagi-un-ada","10":"product_cat-partikas-piedevas","11":"product_cat-vimergy-lt-lv","12":"product_tag-kapsulas","13":"product_tag-vimergy-lv","15":"first","16":"instock","17":"featured","18":"taxable","19":"shipping-taxable","20":"purchasable","21":"product-type-variable","22":"has-default-attributes"},"acf":[],"yoast_head":"<!-- This site is optimized with the Yoast SEO plugin v25.3.1 - https:\/\/yoast.com\/wordpress\/plugins\/seo\/ -->\n<title>Vimergy L-liz\u012bns - Pure Nature<\/title>\n<meta name=\"robots\" content=\"noindex, follow, max-snippet:-1, max-image-preview:large, max-video-preview:-1\" \/>\n<meta property=\"og:locale\" content=\"lv_LV\" \/>\n<meta property=\"og:type\" content=\"article\" \/>\n<meta property=\"og:title\" content=\"Vimergy L-liz\u012bns - Pure Nature\" \/>\n<meta property=\"og:description\" content=\"\u0160\u012b br\u012bni\u0161\u0137\u012bg\u0101 aminosk\u0101be ir daudz vair\u0101k nek\u0101 tikai olbaltumvielu celtniec\u012bbas elements. L-liz\u012bns pal\u012bdz uztur\u0113t sp\u0113c\u012bgu im\u016bnsist\u0113mu un veicina matu, \u0101das un audu aug\u0161anu un vesel\u012bbu.\" \/>\n<meta property=\"og:url\" content=\"https:\/\/old.elusvali.ee\/lv\/produkts\/vimergy-l-lizins\/\" \/>\n<meta property=\"og:site_name\" content=\"Elusv&auml;li\" \/>\n<meta property=\"article:publisher\" content=\"https:\/\/www.facebook.com\/profile.php?id=100064131067985\" \/>\n<meta property=\"article:modified_time\" content=\"2025-06-12T17:49:28+00:00\" \/>\n<meta property=\"og:image\" content=\"https:\/\/old.elusvali.ee\/wp-content\/uploads\/2020\/10\/Vimergy-Lusiin.jpg\" \/>\n\t<meta property=\"og:image:width\" content=\"1400\" \/>\n\t<meta property=\"og:image:height\" content=\"1400\" \/>\n\t<meta property=\"og:image:type\" content=\"image\/jpeg\" \/>\n<meta name=\"twitter:card\" content=\"summary_large_image\" \/>\n<meta name=\"twitter:label1\" content=\"Est. reading time\" \/>\n\t<meta name=\"twitter:data1\" content=\"2 minutes\" \/>\n<script type=\"application\/ld+json\" class=\"yoast-schema-graph\">{\"@context\":\"https:\/\/schema.org\",\"@graph\":[{\"@type\":\"WebPage\",\"@id\":\"https:\/\/old.elusvali.ee\/lv\/produkts\/vimergy-l-lizins\/\",\"url\":\"https:\/\/old.elusvali.ee\/lv\/produkts\/vimergy-l-lizins\/\",\"name\":\"Vimergy L-liz\u012bns - Pure Nature\",\"isPartOf\":{\"@id\":\"https:\/\/old.elusvali.ee\/lv\/#website\"},\"primaryImageOfPage\":{\"@id\":\"https:\/\/old.elusvali.ee\/lv\/produkts\/vimergy-l-lizins\/#primaryimage\"},\"image\":{\"@id\":\"https:\/\/old.elusvali.ee\/lv\/produkts\/vimergy-l-lizins\/#primaryimage\"},\"thumbnailUrl\":\"https:\/\/old.elusvali.ee\/wp-content\/uploads\/2020\/10\/Vimergy-Lusiin.jpg\",\"datePublished\":\"2020-10-17T01:39:57+00:00\",\"dateModified\":\"2025-06-12T17:49:28+00:00\",\"breadcrumb\":{\"@id\":\"https:\/\/old.elusvali.ee\/lv\/produkts\/vimergy-l-lizins\/#breadcrumb\"},\"inLanguage\":\"lv-LV\",\"potentialAction\":[{\"@type\":\"ReadAction\",\"target\":[\"https:\/\/old.elusvali.ee\/lv\/produkts\/vimergy-l-lizins\/\"]}]},{\"@type\":\"ImageObject\",\"inLanguage\":\"lv-LV\",\"@id\":\"https:\/\/old.elusvali.ee\/lv\/produkts\/vimergy-l-lizins\/#primaryimage\",\"url\":\"https:\/\/old.elusvali.ee\/wp-content\/uploads\/2020\/10\/Vimergy-Lusiin.jpg\",\"contentUrl\":\"https:\/\/old.elusvali.ee\/wp-content\/uploads\/2020\/10\/Vimergy-Lusiin.jpg\",\"width\":1400,\"height\":1400,\"caption\":\"L-lizinas maisto papildas\"},{\"@type\":\"BreadcrumbList\",\"@id\":\"https:\/\/old.elusvali.ee\/lv\/produkts\/vimergy-l-lizins\/#breadcrumb\",\"itemListElement\":[{\"@type\":\"ListItem\",\"position\":1,\"name\":\"Home\",\"item\":\"https:\/\/purenature.lv\/\"},{\"@type\":\"ListItem\",\"position\":2,\"name\":\"E-veikals\",\"item\":\"https:\/\/purenature.lv\/veikals\/\"},{\"@type\":\"ListItem\",\"position\":3,\"name\":\"Vimergy L-liz\u012bns\"}]},{\"@type\":\"WebSite\",\"@id\":\"https:\/\/old.elusvali.ee\/lv\/#website\",\"url\":\"https:\/\/old.elusvali.ee\/lv\/\",\"name\":\"Elusv\u00e4li\",\"description\":\"Puhas k&ouml;&ouml;k ja koduapteek\",\"publisher\":{\"@id\":\"https:\/\/old.elusvali.ee\/lv\/#organization\"},\"potentialAction\":[{\"@type\":\"SearchAction\",\"target\":{\"@type\":\"EntryPoint\",\"urlTemplate\":\"https:\/\/old.elusvali.ee\/lv\/?s={search_term_string}\"},\"query-input\":{\"@type\":\"PropertyValueSpecification\",\"valueRequired\":true,\"valueName\":\"search_term_string\"}}],\"inLanguage\":\"lv-LV\"},{\"@type\":\"Organization\",\"@id\":\"https:\/\/old.elusvali.ee\/lv\/#organization\",\"name\":\"Elusv\u00e4li\",\"url\":\"https:\/\/old.elusvali.ee\/lv\/\",\"logo\":{\"@type\":\"ImageObject\",\"inLanguage\":\"lv-LV\",\"@id\":\"https:\/\/old.elusvali.ee\/lv\/#\/schema\/logo\/image\/\",\"url\":\"https:\/\/purenature.lt\/wp-content\/uploads\/2023\/07\/logo.png\",\"contentUrl\":\"https:\/\/purenature.lt\/wp-content\/uploads\/2023\/07\/logo.png\",\"width\":526,\"height\":146,\"caption\":\"Elusv\u00e4li\"},\"image\":{\"@id\":\"https:\/\/old.elusvali.ee\/lv\/#\/schema\/logo\/image\/\"},\"sameAs\":[\"https:\/\/www.facebook.com\/profile.php?id=100064131067985\",\"https:\/\/www.instagram.com\/elusvali\/\",\"https:\/\/www.youtube.com\/@elusvali2110\"]}]}<\/script>\n<!-- \/ Yoast SEO plugin. -->","yoast_head_json":{"title":"Vimergy L-liz\u012bns - Pure Nature","robots":{"index":"noindex","follow":"follow","max-snippet":"max-snippet:-1","max-image-preview":"max-image-preview:large","max-video-preview":"max-video-preview:-1"},"og_locale":"lv_LV","og_type":"article","og_title":"Vimergy L-liz\u012bns - Pure Nature","og_description":"\u0160\u012b br\u012bni\u0161\u0137\u012bg\u0101 aminosk\u0101be ir daudz vair\u0101k nek\u0101 tikai olbaltumvielu celtniec\u012bbas elements. L-liz\u012bns pal\u012bdz uztur\u0113t sp\u0113c\u012bgu im\u016bnsist\u0113mu un veicina matu, \u0101das un audu aug\u0161anu un vesel\u012bbu.","og_url":"https:\/\/old.elusvali.ee\/lv\/produkts\/vimergy-l-lizins\/","og_site_name":"Elusv&auml;li","article_publisher":"https:\/\/www.facebook.com\/profile.php?id=100064131067985","article_modified_time":"2025-06-12T17:49:28+00:00","og_image":[{"width":1400,"height":1400,"url":"https:\/\/old.elusvali.ee\/wp-content\/uploads\/2020\/10\/Vimergy-Lusiin.jpg","type":"image\/jpeg"}],"twitter_card":"summary_large_image","twitter_misc":{"Est. reading time":"2 minutes"},"schema":{"@context":"https:\/\/schema.org","@graph":[{"@type":"WebPage","@id":"https:\/\/old.elusvali.ee\/lv\/produkts\/vimergy-l-lizins\/","url":"https:\/\/old.elusvali.ee\/lv\/produkts\/vimergy-l-lizins\/","name":"Vimergy L-liz\u012bns - Pure Nature","isPartOf":{"@id":"https:\/\/old.elusvali.ee\/lv\/#website"},"primaryImageOfPage":{"@id":"https:\/\/old.elusvali.ee\/lv\/produkts\/vimergy-l-lizins\/#primaryimage"},"image":{"@id":"https:\/\/old.elusvali.ee\/lv\/produkts\/vimergy-l-lizins\/#primaryimage"},"thumbnailUrl":"https:\/\/old.elusvali.ee\/wp-content\/uploads\/2020\/10\/Vimergy-Lusiin.jpg","datePublished":"2020-10-17T01:39:57+00:00","dateModified":"2025-06-12T17:49:28+00:00","breadcrumb":{"@id":"https:\/\/old.elusvali.ee\/lv\/produkts\/vimergy-l-lizins\/#breadcrumb"},"inLanguage":"lv-LV","potentialAction":[{"@type":"ReadAction","target":["https:\/\/old.elusvali.ee\/lv\/produkts\/vimergy-l-lizins\/"]}]},{"@type":"ImageObject","inLanguage":"lv-LV","@id":"https:\/\/old.elusvali.ee\/lv\/produkts\/vimergy-l-lizins\/#primaryimage","url":"https:\/\/old.elusvali.ee\/wp-content\/uploads\/2020\/10\/Vimergy-Lusiin.jpg","contentUrl":"https:\/\/old.elusvali.ee\/wp-content\/uploads\/2020\/10\/Vimergy-Lusiin.jpg","width":1400,"height":1400,"caption":"L-lizinas maisto papildas"},{"@type":"BreadcrumbList","@id":"https:\/\/old.elusvali.ee\/lv\/produkts\/vimergy-l-lizins\/#breadcrumb","itemListElement":[{"@type":"ListItem","position":1,"name":"Home","item":"https:\/\/purenature.lv\/"},{"@type":"ListItem","position":2,"name":"E-veikals","item":"https:\/\/purenature.lv\/veikals\/"},{"@type":"ListItem","position":3,"name":"Vimergy L-liz\u012bns"}]},{"@type":"WebSite","@id":"https:\/\/old.elusvali.ee\/lv\/#website","url":"https:\/\/old.elusvali.ee\/lv\/","name":"Elusv\u00e4li","description":"Puhas k&ouml;&ouml;k ja koduapteek","publisher":{"@id":"https:\/\/old.elusvali.ee\/lv\/#organization"},"potentialAction":[{"@type":"SearchAction","target":{"@type":"EntryPoint","urlTemplate":"https:\/\/old.elusvali.ee\/lv\/?s={search_term_string}"},"query-input":{"@type":"PropertyValueSpecification","valueRequired":true,"valueName":"search_term_string"}}],"inLanguage":"lv-LV"},{"@type":"Organization","@id":"https:\/\/old.elusvali.ee\/lv\/#organization","name":"Elusv\u00e4li","url":"https:\/\/old.elusvali.ee\/lv\/","logo":{"@type":"ImageObject","inLanguage":"lv-LV","@id":"https:\/\/old.elusvali.ee\/lv\/#\/schema\/logo\/image\/","url":"https:\/\/purenature.lt\/wp-content\/uploads\/2023\/07\/logo.png","contentUrl":"https:\/\/purenature.lt\/wp-content\/uploads\/2023\/07\/logo.png","width":526,"height":146,"caption":"Elusv\u00e4li"},"image":{"@id":"https:\/\/old.elusvali.ee\/lv\/#\/schema\/logo\/image\/"},"sameAs":["https:\/\/www.facebook.com\/profile.php?id=100064131067985","https:\/\/www.instagram.com\/elusvali\/","https:\/\/www.youtube.com\/@elusvali2110"]}]}},"_links":{"self":[{"href":"https:\/\/old.elusvali.ee\/lv\/wp-json\/wp\/v2\/product\/35498","targetHints":{"allow":["GET"]}}],"collection":[{"href":"https:\/\/old.elusvali.ee\/lv\/wp-json\/wp\/v2\/product"}],"about":[{"href":"https:\/\/old.elusvali.ee\/lv\/wp-json\/wp\/v2\/types\/product"}],"replies":[{"embeddable":true,"href":"https:\/\/old.elusvali.ee\/lv\/wp-json\/wp\/v2\/comments?post=35498"}],"version-history":[{"count":2,"href":"https:\/\/old.elusvali.ee\/lv\/wp-json\/wp\/v2\/product\/35498\/revisions"}],"predecessor-version":[{"id":66792,"href":"https:\/\/old.elusvali.ee\/lv\/wp-json\/wp\/v2\/product\/35498\/revisions\/66792"}],"wp:featuredmedia":[{"embeddable":true,"href":"https:\/\/old.elusvali.ee\/lv\/wp-json\/wp\/v2\/media\/32379"}],"wp:attachment":[{"href":"https:\/\/old.elusvali.ee\/lv\/wp-json\/wp\/v2\/media?parent=35498"}],"wp:term":[{"taxonomy":"product_brand","embeddable":true,"href":"https:\/\/old.elusvali.ee\/lv\/wp-json\/wp\/v2\/product_brand?post=35498"},{"taxonomy":"product_cat","embeddable":true,"href":"https:\/\/old.elusvali.ee\/lv\/wp-json\/wp\/v2\/product_cat?post=35498"},{"taxonomy":"product_tag","embeddable":true,"href":"https:\/\/old.elusvali.ee\/lv\/wp-json\/wp\/v2\/product_tag?post=35498"}],"curies":[{"name":"wp","href":"https:\/\/api.w.org\/{rel}","templated":true}]}}