{"id":35487,"date":"2021-12-01T10:27:42","date_gmt":"2021-12-01T08:27:42","guid":{"rendered":"https:\/\/old.elusvali.ee\/product\/vimergy-chaga-pulveris\/"},"modified":"2025-01-23T16:11:33","modified_gmt":"2025-01-23T14:11:33","slug":"vimergy-chaga-pulveris","status":"publish","type":"product","link":"https:\/\/old.elusvali.ee\/lv\/produkts\/vimergy-chaga-pulveris\/","title":{"rendered":"Vimergy \u010caga (pulveris)"},"content":{"rendered":"<p>Patiesais sp\u0113ks s\u0101kas no iek\u0161ienes. Savva\u013c\u0101 savva\u013c\u0101 ieg\u016bto \u010dagu jeb melno spulgpiepi m\u016bsu sen\u010di ir izmantoju\u0161i vesel\u012bbas atbalstam jau vair\u0101k nek\u0101 2000 gadu, un t\u0101 ir popul\u0101ra ar\u012b m\u016bsdien\u0101s. Izbaudiet Vimergy organisko \u010dagu ar riekstu meku, viegli lietojamu jebkur\u0101 diennakts laik\u0101.<\/p>\n<p><strong>Vimergy Organiskais \u010cagas pulveris:<\/strong><\/p>\n<ul>\n<li>\u010caga satur polisahar\u012bdus, melan\u012bnu un polifenolu.<\/li>\n<li>Tas ir savva\u013cas produkts, nevis cilv\u0113ka rad\u012bts.<\/li>\n<li>USDA sertific\u0113ts biolo\u0123isks, bez \u0122MO, bez lipek\u013ca, bez kukur\u016bzas, bez sojas, bez kukur\u016bzas, ko\u0161era, veg\u0101ns un paleodi\u0113tai piem\u0113rots.<\/li>\n<li>Nesatur piedevas vai pildvielas, 100% t\u012brs produkts.<\/li>\n<\/ul>\n","protected":false},"excerpt":{"rendered":"<p>Izbaudiet Vimergy organisko \u010dagu ar riekstu meku, viegli lietojamu jebkur\u0101 diennakts laik\u0101.<\/p>\n<ul>\n<li>\u010caga satur polisahar\u012bdus, melan\u012bnu un polifenolu.<\/li>\n<li>Tas ir savva\u013cas produkts, nevis cilv\u0113ka rad\u012bts.<\/li>\n<li>USDA sertific\u0113ts biolo\u0123isks, bez \u0122MO, bez lipek\u013ca, bez kukur\u016bzas, bez sojas, bez kukur\u016bzas, ko\u0161era, veg\u0101ns un paleodi\u0113tai piem\u0113rots.<\/li>\n<li>Nesatur piedevas vai pildvielas, 100% t\u012brs produkts.<\/li>\n<\/ul>\n","protected":false},"featured_media":32589,"comment_status":"open","ping_status":"closed","template":"","meta":{"_acf_changed":false},"product_brand":[],"product_cat":[402,696],"product_tag":[412,405],"class_list":{"0":"post-35487","1":"product","2":"type-product","3":"status-publish","4":"has-post-thumbnail","6":"product_cat-partikas-piedevas","7":"product_cat-vimergy-lt-lv","8":"product_tag-pulveri","9":"product_tag-vimergy-lv","11":"first","12":"instock","13":"taxable","14":"shipping-taxable","15":"purchasable","16":"product-type-variable","17":"has-default-attributes"},"acf":[],"yoast_head":"<!-- This site is optimized with the Yoast SEO plugin v25.3.1 - https:\/\/yoast.com\/wordpress\/plugins\/seo\/ -->\n<title>Vimergy \u010caga (pulveris) - Pure Nature<\/title>\n<meta name=\"robots\" content=\"noindex, follow, max-snippet:-1, max-image-preview:large, max-video-preview:-1\" \/>\n<meta property=\"og:locale\" content=\"lv_LV\" \/>\n<meta property=\"og:type\" content=\"article\" \/>\n<meta property=\"og:title\" content=\"Vimergy \u010caga (pulveris) - Pure Nature\" \/>\n<meta property=\"og:description\" content=\"Izbaudiet Vimergy organisko \u010dagu ar riekstu meku, viegli lietojamu jebkur\u0101 diennakts laik\u0101.  \u010caga satur polisahar\u012bdus, melan\u012bnu un polifenolu.  Tas ir savva\u013cas produkts, nevis cilv\u0113ka rad\u012bts.  USDA sertific\u0113ts biolo\u0123isks, bez \u0122MO, bez lipek\u013ca, bez kukur\u016bzas, bez sojas, bez kukur\u016bzas, ko\u0161era, veg\u0101ns un paleodi\u0113tai piem\u0113rots.  Nesatur piedevas vai pildvielas, 100% t\u012brs produkts.\" \/>\n<meta property=\"og:url\" content=\"https:\/\/old.elusvali.ee\/lv\/produkts\/vimergy-chaga-pulveris\/\" \/>\n<meta property=\"og:site_name\" content=\"Elusv&auml;li\" \/>\n<meta property=\"article:publisher\" content=\"https:\/\/www.facebook.com\/profile.php?id=100064131067985\" \/>\n<meta property=\"article:modified_time\" content=\"2025-01-23T14:11:33+00:00\" \/>\n<meta property=\"og:image\" content=\"https:\/\/old.elusvali.ee\/wp-content\/uploads\/2021\/12\/Chaga-pulber-250g.jpg\" \/>\n\t<meta property=\"og:image:width\" content=\"1400\" \/>\n\t<meta property=\"og:image:height\" content=\"1400\" \/>\n\t<meta property=\"og:image:type\" content=\"image\/jpeg\" \/>\n<meta name=\"twitter:card\" content=\"summary_large_image\" \/>\n<meta name=\"twitter:label1\" content=\"Est. reading time\" \/>\n\t<meta name=\"twitter:data1\" content=\"1 minute\" \/>\n<script type=\"application\/ld+json\" class=\"yoast-schema-graph\">{\"@context\":\"https:\/\/schema.org\",\"@graph\":[{\"@type\":\"WebPage\",\"@id\":\"https:\/\/old.elusvali.ee\/lv\/produkts\/vimergy-chaga-pulveris\/\",\"url\":\"https:\/\/old.elusvali.ee\/lv\/produkts\/vimergy-chaga-pulveris\/\",\"name\":\"Vimergy \u010caga (pulveris) - Pure Nature\",\"isPartOf\":{\"@id\":\"https:\/\/old.elusvali.ee\/lv\/#website\"},\"primaryImageOfPage\":{\"@id\":\"https:\/\/old.elusvali.ee\/lv\/produkts\/vimergy-chaga-pulveris\/#primaryimage\"},\"image\":{\"@id\":\"https:\/\/old.elusvali.ee\/lv\/produkts\/vimergy-chaga-pulveris\/#primaryimage\"},\"thumbnailUrl\":\"https:\/\/old.elusvali.ee\/wp-content\/uploads\/2021\/12\/Chaga-pulber-250g.jpg\",\"datePublished\":\"2021-12-01T08:27:42+00:00\",\"dateModified\":\"2025-01-23T14:11:33+00:00\",\"breadcrumb\":{\"@id\":\"https:\/\/old.elusvali.ee\/lv\/produkts\/vimergy-chaga-pulveris\/#breadcrumb\"},\"inLanguage\":\"lv-LV\",\"potentialAction\":[{\"@type\":\"ReadAction\",\"target\":[\"https:\/\/old.elusvali.ee\/lv\/produkts\/vimergy-chaga-pulveris\/\"]}]},{\"@type\":\"ImageObject\",\"inLanguage\":\"lv-LV\",\"@id\":\"https:\/\/old.elusvali.ee\/lv\/produkts\/vimergy-chaga-pulveris\/#primaryimage\",\"url\":\"https:\/\/old.elusvali.ee\/wp-content\/uploads\/2021\/12\/Chaga-pulber-250g.jpg\",\"contentUrl\":\"https:\/\/old.elusvali.ee\/wp-content\/uploads\/2021\/12\/Chaga-pulber-250g.jpg\",\"width\":1400,\"height\":1400,\"caption\":\"Chaga maisto papildas\"},{\"@type\":\"BreadcrumbList\",\"@id\":\"https:\/\/old.elusvali.ee\/lv\/produkts\/vimergy-chaga-pulveris\/#breadcrumb\",\"itemListElement\":[{\"@type\":\"ListItem\",\"position\":1,\"name\":\"Home\",\"item\":\"https:\/\/purenature.lv\/\"},{\"@type\":\"ListItem\",\"position\":2,\"name\":\"E-veikals\",\"item\":\"https:\/\/purenature.lv\/veikals\/\"},{\"@type\":\"ListItem\",\"position\":3,\"name\":\"Vimergy \u010caga (pulveris)\"}]},{\"@type\":\"WebSite\",\"@id\":\"https:\/\/old.elusvali.ee\/lv\/#website\",\"url\":\"https:\/\/old.elusvali.ee\/lv\/\",\"name\":\"Elusv\u00e4li\",\"description\":\"Puhas k&ouml;&ouml;k ja koduapteek\",\"publisher\":{\"@id\":\"https:\/\/old.elusvali.ee\/lv\/#organization\"},\"potentialAction\":[{\"@type\":\"SearchAction\",\"target\":{\"@type\":\"EntryPoint\",\"urlTemplate\":\"https:\/\/old.elusvali.ee\/lv\/?s={search_term_string}\"},\"query-input\":{\"@type\":\"PropertyValueSpecification\",\"valueRequired\":true,\"valueName\":\"search_term_string\"}}],\"inLanguage\":\"lv-LV\"},{\"@type\":\"Organization\",\"@id\":\"https:\/\/old.elusvali.ee\/lv\/#organization\",\"name\":\"Elusv\u00e4li\",\"url\":\"https:\/\/old.elusvali.ee\/lv\/\",\"logo\":{\"@type\":\"ImageObject\",\"inLanguage\":\"lv-LV\",\"@id\":\"https:\/\/old.elusvali.ee\/lv\/#\/schema\/logo\/image\/\",\"url\":\"https:\/\/purenature.lt\/wp-content\/uploads\/2023\/07\/logo.png\",\"contentUrl\":\"https:\/\/purenature.lt\/wp-content\/uploads\/2023\/07\/logo.png\",\"width\":526,\"height\":146,\"caption\":\"Elusv\u00e4li\"},\"image\":{\"@id\":\"https:\/\/old.elusvali.ee\/lv\/#\/schema\/logo\/image\/\"},\"sameAs\":[\"https:\/\/www.facebook.com\/profile.php?id=100064131067985\",\"https:\/\/www.instagram.com\/elusvali\/\",\"https:\/\/www.youtube.com\/@elusvali2110\"]}]}<\/script>\n<!-- \/ Yoast SEO plugin. -->","yoast_head_json":{"title":"Vimergy \u010caga (pulveris) - Pure Nature","robots":{"index":"noindex","follow":"follow","max-snippet":"max-snippet:-1","max-image-preview":"max-image-preview:large","max-video-preview":"max-video-preview:-1"},"og_locale":"lv_LV","og_type":"article","og_title":"Vimergy \u010caga (pulveris) - Pure Nature","og_description":"Izbaudiet Vimergy organisko \u010dagu ar riekstu meku, viegli lietojamu jebkur\u0101 diennakts laik\u0101.  \u010caga satur polisahar\u012bdus, melan\u012bnu un polifenolu.  Tas ir savva\u013cas produkts, nevis cilv\u0113ka rad\u012bts.  USDA sertific\u0113ts biolo\u0123isks, bez \u0122MO, bez lipek\u013ca, bez kukur\u016bzas, bez sojas, bez kukur\u016bzas, ko\u0161era, veg\u0101ns un paleodi\u0113tai piem\u0113rots.  Nesatur piedevas vai pildvielas, 100% t\u012brs produkts.","og_url":"https:\/\/old.elusvali.ee\/lv\/produkts\/vimergy-chaga-pulveris\/","og_site_name":"Elusv&auml;li","article_publisher":"https:\/\/www.facebook.com\/profile.php?id=100064131067985","article_modified_time":"2025-01-23T14:11:33+00:00","og_image":[{"width":1400,"height":1400,"url":"https:\/\/old.elusvali.ee\/wp-content\/uploads\/2021\/12\/Chaga-pulber-250g.jpg","type":"image\/jpeg"}],"twitter_card":"summary_large_image","twitter_misc":{"Est. reading time":"1 minute"},"schema":{"@context":"https:\/\/schema.org","@graph":[{"@type":"WebPage","@id":"https:\/\/old.elusvali.ee\/lv\/produkts\/vimergy-chaga-pulveris\/","url":"https:\/\/old.elusvali.ee\/lv\/produkts\/vimergy-chaga-pulveris\/","name":"Vimergy \u010caga (pulveris) - Pure Nature","isPartOf":{"@id":"https:\/\/old.elusvali.ee\/lv\/#website"},"primaryImageOfPage":{"@id":"https:\/\/old.elusvali.ee\/lv\/produkts\/vimergy-chaga-pulveris\/#primaryimage"},"image":{"@id":"https:\/\/old.elusvali.ee\/lv\/produkts\/vimergy-chaga-pulveris\/#primaryimage"},"thumbnailUrl":"https:\/\/old.elusvali.ee\/wp-content\/uploads\/2021\/12\/Chaga-pulber-250g.jpg","datePublished":"2021-12-01T08:27:42+00:00","dateModified":"2025-01-23T14:11:33+00:00","breadcrumb":{"@id":"https:\/\/old.elusvali.ee\/lv\/produkts\/vimergy-chaga-pulveris\/#breadcrumb"},"inLanguage":"lv-LV","potentialAction":[{"@type":"ReadAction","target":["https:\/\/old.elusvali.ee\/lv\/produkts\/vimergy-chaga-pulveris\/"]}]},{"@type":"ImageObject","inLanguage":"lv-LV","@id":"https:\/\/old.elusvali.ee\/lv\/produkts\/vimergy-chaga-pulveris\/#primaryimage","url":"https:\/\/old.elusvali.ee\/wp-content\/uploads\/2021\/12\/Chaga-pulber-250g.jpg","contentUrl":"https:\/\/old.elusvali.ee\/wp-content\/uploads\/2021\/12\/Chaga-pulber-250g.jpg","width":1400,"height":1400,"caption":"Chaga maisto papildas"},{"@type":"BreadcrumbList","@id":"https:\/\/old.elusvali.ee\/lv\/produkts\/vimergy-chaga-pulveris\/#breadcrumb","itemListElement":[{"@type":"ListItem","position":1,"name":"Home","item":"https:\/\/purenature.lv\/"},{"@type":"ListItem","position":2,"name":"E-veikals","item":"https:\/\/purenature.lv\/veikals\/"},{"@type":"ListItem","position":3,"name":"Vimergy \u010caga (pulveris)"}]},{"@type":"WebSite","@id":"https:\/\/old.elusvali.ee\/lv\/#website","url":"https:\/\/old.elusvali.ee\/lv\/","name":"Elusv\u00e4li","description":"Puhas k&ouml;&ouml;k ja koduapteek","publisher":{"@id":"https:\/\/old.elusvali.ee\/lv\/#organization"},"potentialAction":[{"@type":"SearchAction","target":{"@type":"EntryPoint","urlTemplate":"https:\/\/old.elusvali.ee\/lv\/?s={search_term_string}"},"query-input":{"@type":"PropertyValueSpecification","valueRequired":true,"valueName":"search_term_string"}}],"inLanguage":"lv-LV"},{"@type":"Organization","@id":"https:\/\/old.elusvali.ee\/lv\/#organization","name":"Elusv\u00e4li","url":"https:\/\/old.elusvali.ee\/lv\/","logo":{"@type":"ImageObject","inLanguage":"lv-LV","@id":"https:\/\/old.elusvali.ee\/lv\/#\/schema\/logo\/image\/","url":"https:\/\/purenature.lt\/wp-content\/uploads\/2023\/07\/logo.png","contentUrl":"https:\/\/purenature.lt\/wp-content\/uploads\/2023\/07\/logo.png","width":526,"height":146,"caption":"Elusv\u00e4li"},"image":{"@id":"https:\/\/old.elusvali.ee\/lv\/#\/schema\/logo\/image\/"},"sameAs":["https:\/\/www.facebook.com\/profile.php?id=100064131067985","https:\/\/www.instagram.com\/elusvali\/","https:\/\/www.youtube.com\/@elusvali2110"]}]}},"_links":{"self":[{"href":"https:\/\/old.elusvali.ee\/lv\/wp-json\/wp\/v2\/product\/35487","targetHints":{"allow":["GET"]}}],"collection":[{"href":"https:\/\/old.elusvali.ee\/lv\/wp-json\/wp\/v2\/product"}],"about":[{"href":"https:\/\/old.elusvali.ee\/lv\/wp-json\/wp\/v2\/types\/product"}],"replies":[{"embeddable":true,"href":"https:\/\/old.elusvali.ee\/lv\/wp-json\/wp\/v2\/comments?post=35487"}],"version-history":[{"count":1,"href":"https:\/\/old.elusvali.ee\/lv\/wp-json\/wp\/v2\/product\/35487\/revisions"}],"predecessor-version":[{"id":59614,"href":"https:\/\/old.elusvali.ee\/lv\/wp-json\/wp\/v2\/product\/35487\/revisions\/59614"}],"wp:featuredmedia":[{"embeddable":true,"href":"https:\/\/old.elusvali.ee\/lv\/wp-json\/wp\/v2\/media\/32589"}],"wp:attachment":[{"href":"https:\/\/old.elusvali.ee\/lv\/wp-json\/wp\/v2\/media?parent=35487"}],"wp:term":[{"taxonomy":"product_brand","embeddable":true,"href":"https:\/\/old.elusvali.ee\/lv\/wp-json\/wp\/v2\/product_brand?post=35487"},{"taxonomy":"product_cat","embeddable":true,"href":"https:\/\/old.elusvali.ee\/lv\/wp-json\/wp\/v2\/product_cat?post=35487"},{"taxonomy":"product_tag","embeddable":true,"href":"https:\/\/old.elusvali.ee\/lv\/wp-json\/wp\/v2\/product_tag?post=35487"}],"curies":[{"name":"wp","href":"https:\/\/api.w.org\/{rel}","templated":true}]}}