{"id":35486,"date":"2021-12-01T10:28:18","date_gmt":"2021-12-01T08:28:18","guid":{"rendered":"https:\/\/old.elusvali.ee\/product\/vimergy-reishi-pulveris-50g\/"},"modified":"2025-01-23T14:10:37","modified_gmt":"2025-01-23T12:10:37","slug":"vimergy-reishi-pulveris-50g","status":"publish","type":"product","link":"https:\/\/old.elusvali.ee\/lv\/produkts\/vimergy-reishi-pulveris-50g\/","title":{"rendered":"Vimergy Reishi pulveris &#8211; 50g"},"content":{"rendered":"<p>Straujais dz\u012bves temps un past\u0101v\u012bga vides toks\u012bnu iedarb\u012bba var nodar\u012bt kait\u0113jumu m\u016bsu vesel\u012bbai, ja m\u0113s nestiprin\u0101m savu im\u016bnsist\u0113mu ar pareizajiem p\u0101rtikas produktiem un uztura bag\u0101tin\u0101t\u0101jiem. \u0160\u012b sp\u0113c\u012bg\u0101 uzturviela ir nenov\u0113rt\u0113jama d\u0101vana c\u012b\u0146\u0101 par m\u016bsu vesel\u012bbu un labkl\u0101j\u012bbu. <img fetchpriority=\"high\" decoding=\"async\" class=\"alignleft size-medium wp-image-44545\" style=\"margin-bottom: 0px;\" src=\"https:\/\/purenature.lv\/wp-content\/uploads\/2021\/12\/organic-reishi-vimergy-supplements-vitamins-36313027739818-300x300.jpg\" alt=\"\" width=\"300\" height=\"300\" srcset=\"https:\/\/old.elusvali.ee\/wp-content\/uploads\/2021\/12\/organic-reishi-vimergy-supplements-vitamins-36313027739818-300x300.jpg 300w, https:\/\/old.elusvali.ee\/wp-content\/uploads\/2021\/12\/organic-reishi-vimergy-supplements-vitamins-36313027739818-150x150.jpg 150w, https:\/\/old.elusvali.ee\/wp-content\/uploads\/2021\/12\/organic-reishi-vimergy-supplements-vitamins-36313027739818-768x768.jpg 768w, https:\/\/old.elusvali.ee\/wp-content\/uploads\/2021\/12\/organic-reishi-vimergy-supplements-vitamins-36313027739818-430x430.jpg 430w, https:\/\/old.elusvali.ee\/wp-content\/uploads\/2021\/12\/organic-reishi-vimergy-supplements-vitamins-36313027739818-700x700.jpg 700w, https:\/\/old.elusvali.ee\/wp-content\/uploads\/2021\/12\/organic-reishi-vimergy-supplements-vitamins-36313027739818.jpg 800w\" sizes=\"(max-width: 300px) 100vw, 300px\" \/><\/p>\n<p><strong>Dab\u012bgais Reishi pulveris:<\/strong><\/p>\n<ul>\n<li>Atbalsta im\u016bnsist\u0113mas vesel\u012bbu<\/li>\n<li>Tradicion\u0101laj\u0101 \u0137\u012bnie\u0161u medic\u012bn\u0101 to izmanto jau vair\u0101k nek\u0101 2000 gadu, un to d\u0113v\u0113 par &#8220;s\u0113\u0146u karali&#8221;.<\/li>\n<li>Nesatur piedevas, pildvielas vai pievienoto cukuru.<\/li>\n<li>Atdal\u012bts no karsta \u016bdens \u0161\u0137\u012bduma, nav bijis saskar\u0113 ar spirtu un t\u0101p\u0113c nesatur lipekli.<\/li>\n<li>USDA sertific\u0113ts biolo\u0123isks, bez \u0122MO, bez lipek\u013ca, bez kukur\u016bzas, bez sojas, bez kukur\u016bzas, ko\u0161era, veg\u0101ns un paleodi\u0113tai draudz\u012bgs produkts.<\/li>\n<li>100% t\u012brs<\/li>\n<\/ul>\n<p><em>* Apgalvojumi \u0146emti no Vimergy t\u012bmek\u013ca vietnes<\/em><\/p>\n<h2>K\u0101 lietot Vimergy reishi pulveri?<\/h2>\n<ul>\n<li><strong>Lieto\u0161ana:<\/strong> 1\/2 t\u0113jkarotes pulvera 1-2 reizes dien\u0101 sajaukt ar karstu \u016bdeni vai kokteili. 33 devas iepakojum\u0101.<\/li>\n<li><strong>Uzglab\u0101\u0161ana: <\/strong>Glab\u0101t v\u0113s\u0101, tum\u0161\u0101 viet\u0101.<br \/><em>Piem\u0113ram, aizsl\u0113gt\u0101 virtuves skap\u012b b\u0113rniem nepieejam\u0101 viet\u0101. Uzglab\u0101t v\u0113s\u0101 un saus\u0101, v\u0113s\u0101 viet\u0101. <\/em> <\/li>\n<li><strong>Kontrindik\u0101cijas<\/strong>: Nelietot k\u0101 pilnv\u0113rt\u012bga un sabalans\u0113ta uztura aizst\u0101j\u0113ju. Gr\u016btniec\u012bbas, z\u012bd\u012b\u0161anas, medikamentu lieto\u0161anas vai vesel\u012bbas probl\u0113mu gad\u012bjum\u0101 pirms lieto\u0161anas konsult\u0113jieties ar \u0101rstu.<\/li>\n<\/ul>\n<p> Skatiet ar\u012b <a href=\"https:\/\/purenature.lv\/3-biezakas-kludas-kuras-partikas-piedevas-tiek-lietotas-kad-tas-tiek-lietotas\/?_gl=1*1htr1de*_gcl_au*NDI3MzQxODMyLjE3MzQwMDk4MTU.*_ga*NzE0MDY5OTMxLjE3MzQwMDk4MTU.*_ga_G9DKBME5C1*MTczNDU0NjkxNS41LjEuMTczNDU0NzkxMS4wLjAuMA..\">3 bie\u017e\u0101k pie\u013caut\u0101s k\u013c\u016bdas, lietojot uztura bag\u0101tin\u0101t\u0101jus <\/a><br \/><a href=\"https:\/\/vimergy.com\/\">Vimergy<\/a> ir paz\u012bstams k\u0101 viens no pasaules augst\u0101k\u0101s kvalit\u0101tes ASV organisko uztura bag\u0101tin\u0101t\u0101ju z\u012bmoliem. Visi Vimergy produkti ir ekolo\u0123iski t\u012bri, nesatur alkoholu un ir piem\u0113roti veg\u0101niem. Turkl\u0101t Vimergy uztura bag\u0101tin\u0101t\u0101ji nesatur citronsk\u0101bi, pildvielas vai m\u0101ksl\u012bg\u0101s piedevas. <img decoding=\"async\" class=\"aligncenter wp-image-44541 size-large\" src=\"https:\/\/purenature.lv\/wp-content\/uploads\/2021\/12\/Reishi_How_To_Desktop-1300x679.png\" alt=\"\" width=\"1300\" height=\"679\" srcset=\"https:\/\/old.elusvali.ee\/wp-content\/uploads\/2021\/12\/Reishi_How_To_Desktop-1300x679.png 1300w, https:\/\/old.elusvali.ee\/wp-content\/uploads\/2021\/12\/Reishi_How_To_Desktop-400x209.png 400w, https:\/\/old.elusvali.ee\/wp-content\/uploads\/2021\/12\/Reishi_How_To_Desktop-768x401.png 768w, https:\/\/old.elusvali.ee\/wp-content\/uploads\/2021\/12\/Reishi_How_To_Desktop-1536x803.png 1536w, https:\/\/old.elusvali.ee\/wp-content\/uploads\/2021\/12\/Reishi_How_To_Desktop-430x225.png 430w, https:\/\/old.elusvali.ee\/wp-content\/uploads\/2021\/12\/Reishi_How_To_Desktop-700x366.png 700w, https:\/\/old.elusvali.ee\/wp-content\/uploads\/2021\/12\/Reishi_How_To_Desktop-150x78.png 150w, https:\/\/old.elusvali.ee\/wp-content\/uploads\/2021\/12\/Reishi_How_To_Desktop.png 2000w\" sizes=\"(max-width: 1300px) 100vw, 1300px\" \/><\/p>\n","protected":false},"excerpt":{"rendered":"<p>Reishi r\u016bp\u0113jas par j\u016bsu muguru! \u0160is aizsarg\u0101jo\u0161ais, im\u016bnsist\u0113mu stiprino\u0161ais \u0101rstniecisko s\u0113\u0146u pulveris ir dabas d\u0101vana. \u0160\u0101 iemesla d\u0113\u013c reishi lieto jau vair\u0101k nek\u0101 2000 gadu un tas ir popul\u0101rs ar\u012b m\u016bsdien\u0101s.<\/p>\n","protected":false},"featured_media":64182,"comment_status":"open","ping_status":"closed","template":"","meta":{"_acf_changed":false},"product_brand":[],"product_cat":[409,402,696],"product_tag":[412,405],"class_list":{"0":"post-35486","1":"product","2":"type-product","3":"status-publish","4":"has-post-thumbnail","6":"product_cat-imunitate","7":"product_cat-partikas-piedevas","8":"product_cat-vimergy-lt-lv","9":"product_tag-pulveri","10":"product_tag-vimergy-lv","12":"first","13":"instock","14":"taxable","15":"shipping-taxable","16":"purchasable","17":"product-type-simple"},"acf":[],"yoast_head":"<!-- This site is optimized with the Yoast SEO plugin v25.3.1 - https:\/\/yoast.com\/wordpress\/plugins\/seo\/ -->\n<title>Vimergy Reishi pulveris - 50g - Pure Nature<\/title>\n<meta name=\"robots\" content=\"noindex, follow, max-snippet:-1, max-image-preview:large, max-video-preview:-1\" \/>\n<meta property=\"og:locale\" content=\"lv_LV\" \/>\n<meta property=\"og:type\" content=\"article\" \/>\n<meta property=\"og:title\" content=\"Vimergy Reishi pulveris - 50g - Pure Nature\" \/>\n<meta property=\"og:description\" content=\"Reishi r\u016bp\u0113jas par j\u016bsu muguru! \u0160is aizsarg\u0101jo\u0161ais, im\u016bnsist\u0113mu stiprino\u0161ais \u0101rstniecisko s\u0113\u0146u pulveris ir dabas d\u0101vana. \u0160\u0101 iemesla d\u0113\u013c reishi lieto jau vair\u0101k nek\u0101 2000 gadu un tas ir popul\u0101rs ar\u012b m\u016bsdien\u0101s.\" \/>\n<meta property=\"og:url\" content=\"https:\/\/old.elusvali.ee\/lv\/produkts\/vimergy-reishi-pulveris-50g\/\" \/>\n<meta property=\"og:site_name\" content=\"Elusv&auml;li\" \/>\n<meta property=\"article:publisher\" content=\"https:\/\/www.facebook.com\/profile.php?id=100064131067985\" \/>\n<meta property=\"article:modified_time\" content=\"2025-01-23T12:10:37+00:00\" \/>\n<meta property=\"og:image\" content=\"https:\/\/old.elusvali.ee\/wp-content\/uploads\/2021\/12\/organic-reishi-vimergy-supplements-vitamins-37022821089450.webp\" \/>\n\t<meta property=\"og:image:width\" content=\"800\" \/>\n\t<meta property=\"og:image:height\" content=\"800\" \/>\n\t<meta property=\"og:image:type\" content=\"image\/webp\" \/>\n<meta name=\"twitter:card\" content=\"summary_large_image\" \/>\n<meta name=\"twitter:label1\" content=\"Est. reading time\" \/>\n\t<meta name=\"twitter:data1\" content=\"2 minutes\" \/>\n<script type=\"application\/ld+json\" class=\"yoast-schema-graph\">{\"@context\":\"https:\/\/schema.org\",\"@graph\":[{\"@type\":\"WebPage\",\"@id\":\"https:\/\/old.elusvali.ee\/lv\/produkts\/vimergy-reishi-pulveris-50g\/\",\"url\":\"https:\/\/old.elusvali.ee\/lv\/produkts\/vimergy-reishi-pulveris-50g\/\",\"name\":\"Vimergy Reishi pulveris - 50g - Pure Nature\",\"isPartOf\":{\"@id\":\"https:\/\/old.elusvali.ee\/lv\/#website\"},\"primaryImageOfPage\":{\"@id\":\"https:\/\/old.elusvali.ee\/lv\/produkts\/vimergy-reishi-pulveris-50g\/#primaryimage\"},\"image\":{\"@id\":\"https:\/\/old.elusvali.ee\/lv\/produkts\/vimergy-reishi-pulveris-50g\/#primaryimage\"},\"thumbnailUrl\":\"https:\/\/old.elusvali.ee\/wp-content\/uploads\/2021\/12\/organic-reishi-vimergy-supplements-vitamins-37022821089450.webp\",\"datePublished\":\"2021-12-01T08:28:18+00:00\",\"dateModified\":\"2025-01-23T12:10:37+00:00\",\"breadcrumb\":{\"@id\":\"https:\/\/old.elusvali.ee\/lv\/produkts\/vimergy-reishi-pulveris-50g\/#breadcrumb\"},\"inLanguage\":\"lv-LV\",\"potentialAction\":[{\"@type\":\"ReadAction\",\"target\":[\"https:\/\/old.elusvali.ee\/lv\/produkts\/vimergy-reishi-pulveris-50g\/\"]}]},{\"@type\":\"ImageObject\",\"inLanguage\":\"lv-LV\",\"@id\":\"https:\/\/old.elusvali.ee\/lv\/produkts\/vimergy-reishi-pulveris-50g\/#primaryimage\",\"url\":\"https:\/\/old.elusvali.ee\/wp-content\/uploads\/2021\/12\/organic-reishi-vimergy-supplements-vitamins-37022821089450.webp\",\"contentUrl\":\"https:\/\/old.elusvali.ee\/wp-content\/uploads\/2021\/12\/organic-reishi-vimergy-supplements-vitamins-37022821089450.webp\",\"width\":800,\"height\":800},{\"@type\":\"BreadcrumbList\",\"@id\":\"https:\/\/old.elusvali.ee\/lv\/produkts\/vimergy-reishi-pulveris-50g\/#breadcrumb\",\"itemListElement\":[{\"@type\":\"ListItem\",\"position\":1,\"name\":\"Home\",\"item\":\"https:\/\/purenature.lv\/\"},{\"@type\":\"ListItem\",\"position\":2,\"name\":\"E-veikals\",\"item\":\"https:\/\/purenature.lv\/veikals\/\"},{\"@type\":\"ListItem\",\"position\":3,\"name\":\"Vimergy Reishi pulveris &#8211; 50g\"}]},{\"@type\":\"WebSite\",\"@id\":\"https:\/\/old.elusvali.ee\/lv\/#website\",\"url\":\"https:\/\/old.elusvali.ee\/lv\/\",\"name\":\"Elusv\u00e4li\",\"description\":\"Puhas k&ouml;&ouml;k ja koduapteek\",\"publisher\":{\"@id\":\"https:\/\/old.elusvali.ee\/lv\/#organization\"},\"potentialAction\":[{\"@type\":\"SearchAction\",\"target\":{\"@type\":\"EntryPoint\",\"urlTemplate\":\"https:\/\/old.elusvali.ee\/lv\/?s={search_term_string}\"},\"query-input\":{\"@type\":\"PropertyValueSpecification\",\"valueRequired\":true,\"valueName\":\"search_term_string\"}}],\"inLanguage\":\"lv-LV\"},{\"@type\":\"Organization\",\"@id\":\"https:\/\/old.elusvali.ee\/lv\/#organization\",\"name\":\"Elusv\u00e4li\",\"url\":\"https:\/\/old.elusvali.ee\/lv\/\",\"logo\":{\"@type\":\"ImageObject\",\"inLanguage\":\"lv-LV\",\"@id\":\"https:\/\/old.elusvali.ee\/lv\/#\/schema\/logo\/image\/\",\"url\":\"https:\/\/purenature.lt\/wp-content\/uploads\/2023\/07\/logo.png\",\"contentUrl\":\"https:\/\/purenature.lt\/wp-content\/uploads\/2023\/07\/logo.png\",\"width\":526,\"height\":146,\"caption\":\"Elusv\u00e4li\"},\"image\":{\"@id\":\"https:\/\/old.elusvali.ee\/lv\/#\/schema\/logo\/image\/\"},\"sameAs\":[\"https:\/\/www.facebook.com\/profile.php?id=100064131067985\",\"https:\/\/www.instagram.com\/elusvali\/\",\"https:\/\/www.youtube.com\/@elusvali2110\"]}]}<\/script>\n<!-- \/ Yoast SEO plugin. -->","yoast_head_json":{"title":"Vimergy Reishi pulveris - 50g - Pure Nature","robots":{"index":"noindex","follow":"follow","max-snippet":"max-snippet:-1","max-image-preview":"max-image-preview:large","max-video-preview":"max-video-preview:-1"},"og_locale":"lv_LV","og_type":"article","og_title":"Vimergy Reishi pulveris - 50g - Pure Nature","og_description":"Reishi r\u016bp\u0113jas par j\u016bsu muguru! \u0160is aizsarg\u0101jo\u0161ais, im\u016bnsist\u0113mu stiprino\u0161ais \u0101rstniecisko s\u0113\u0146u pulveris ir dabas d\u0101vana. \u0160\u0101 iemesla d\u0113\u013c reishi lieto jau vair\u0101k nek\u0101 2000 gadu un tas ir popul\u0101rs ar\u012b m\u016bsdien\u0101s.","og_url":"https:\/\/old.elusvali.ee\/lv\/produkts\/vimergy-reishi-pulveris-50g\/","og_site_name":"Elusv&auml;li","article_publisher":"https:\/\/www.facebook.com\/profile.php?id=100064131067985","article_modified_time":"2025-01-23T12:10:37+00:00","og_image":[{"width":800,"height":800,"url":"https:\/\/old.elusvali.ee\/wp-content\/uploads\/2021\/12\/organic-reishi-vimergy-supplements-vitamins-37022821089450.webp","type":"image\/webp"}],"twitter_card":"summary_large_image","twitter_misc":{"Est. reading time":"2 minutes"},"schema":{"@context":"https:\/\/schema.org","@graph":[{"@type":"WebPage","@id":"https:\/\/old.elusvali.ee\/lv\/produkts\/vimergy-reishi-pulveris-50g\/","url":"https:\/\/old.elusvali.ee\/lv\/produkts\/vimergy-reishi-pulveris-50g\/","name":"Vimergy Reishi pulveris - 50g - Pure Nature","isPartOf":{"@id":"https:\/\/old.elusvali.ee\/lv\/#website"},"primaryImageOfPage":{"@id":"https:\/\/old.elusvali.ee\/lv\/produkts\/vimergy-reishi-pulveris-50g\/#primaryimage"},"image":{"@id":"https:\/\/old.elusvali.ee\/lv\/produkts\/vimergy-reishi-pulveris-50g\/#primaryimage"},"thumbnailUrl":"https:\/\/old.elusvali.ee\/wp-content\/uploads\/2021\/12\/organic-reishi-vimergy-supplements-vitamins-37022821089450.webp","datePublished":"2021-12-01T08:28:18+00:00","dateModified":"2025-01-23T12:10:37+00:00","breadcrumb":{"@id":"https:\/\/old.elusvali.ee\/lv\/produkts\/vimergy-reishi-pulveris-50g\/#breadcrumb"},"inLanguage":"lv-LV","potentialAction":[{"@type":"ReadAction","target":["https:\/\/old.elusvali.ee\/lv\/produkts\/vimergy-reishi-pulveris-50g\/"]}]},{"@type":"ImageObject","inLanguage":"lv-LV","@id":"https:\/\/old.elusvali.ee\/lv\/produkts\/vimergy-reishi-pulveris-50g\/#primaryimage","url":"https:\/\/old.elusvali.ee\/wp-content\/uploads\/2021\/12\/organic-reishi-vimergy-supplements-vitamins-37022821089450.webp","contentUrl":"https:\/\/old.elusvali.ee\/wp-content\/uploads\/2021\/12\/organic-reishi-vimergy-supplements-vitamins-37022821089450.webp","width":800,"height":800},{"@type":"BreadcrumbList","@id":"https:\/\/old.elusvali.ee\/lv\/produkts\/vimergy-reishi-pulveris-50g\/#breadcrumb","itemListElement":[{"@type":"ListItem","position":1,"name":"Home","item":"https:\/\/purenature.lv\/"},{"@type":"ListItem","position":2,"name":"E-veikals","item":"https:\/\/purenature.lv\/veikals\/"},{"@type":"ListItem","position":3,"name":"Vimergy Reishi pulveris &#8211; 50g"}]},{"@type":"WebSite","@id":"https:\/\/old.elusvali.ee\/lv\/#website","url":"https:\/\/old.elusvali.ee\/lv\/","name":"Elusv\u00e4li","description":"Puhas k&ouml;&ouml;k ja koduapteek","publisher":{"@id":"https:\/\/old.elusvali.ee\/lv\/#organization"},"potentialAction":[{"@type":"SearchAction","target":{"@type":"EntryPoint","urlTemplate":"https:\/\/old.elusvali.ee\/lv\/?s={search_term_string}"},"query-input":{"@type":"PropertyValueSpecification","valueRequired":true,"valueName":"search_term_string"}}],"inLanguage":"lv-LV"},{"@type":"Organization","@id":"https:\/\/old.elusvali.ee\/lv\/#organization","name":"Elusv\u00e4li","url":"https:\/\/old.elusvali.ee\/lv\/","logo":{"@type":"ImageObject","inLanguage":"lv-LV","@id":"https:\/\/old.elusvali.ee\/lv\/#\/schema\/logo\/image\/","url":"https:\/\/purenature.lt\/wp-content\/uploads\/2023\/07\/logo.png","contentUrl":"https:\/\/purenature.lt\/wp-content\/uploads\/2023\/07\/logo.png","width":526,"height":146,"caption":"Elusv\u00e4li"},"image":{"@id":"https:\/\/old.elusvali.ee\/lv\/#\/schema\/logo\/image\/"},"sameAs":["https:\/\/www.facebook.com\/profile.php?id=100064131067985","https:\/\/www.instagram.com\/elusvali\/","https:\/\/www.youtube.com\/@elusvali2110"]}]}},"_links":{"self":[{"href":"https:\/\/old.elusvali.ee\/lv\/wp-json\/wp\/v2\/product\/35486","targetHints":{"allow":["GET"]}}],"collection":[{"href":"https:\/\/old.elusvali.ee\/lv\/wp-json\/wp\/v2\/product"}],"about":[{"href":"https:\/\/old.elusvali.ee\/lv\/wp-json\/wp\/v2\/types\/product"}],"replies":[{"embeddable":true,"href":"https:\/\/old.elusvali.ee\/lv\/wp-json\/wp\/v2\/comments?post=35486"}],"version-history":[{"count":1,"href":"https:\/\/old.elusvali.ee\/lv\/wp-json\/wp\/v2\/product\/35486\/revisions"}],"predecessor-version":[{"id":59602,"href":"https:\/\/old.elusvali.ee\/lv\/wp-json\/wp\/v2\/product\/35486\/revisions\/59602"}],"wp:featuredmedia":[{"embeddable":true,"href":"https:\/\/old.elusvali.ee\/lv\/wp-json\/wp\/v2\/media\/64182"}],"wp:attachment":[{"href":"https:\/\/old.elusvali.ee\/lv\/wp-json\/wp\/v2\/media?parent=35486"}],"wp:term":[{"taxonomy":"product_brand","embeddable":true,"href":"https:\/\/old.elusvali.ee\/lv\/wp-json\/wp\/v2\/product_brand?post=35486"},{"taxonomy":"product_cat","embeddable":true,"href":"https:\/\/old.elusvali.ee\/lv\/wp-json\/wp\/v2\/product_cat?post=35486"},{"taxonomy":"product_tag","embeddable":true,"href":"https:\/\/old.elusvali.ee\/lv\/wp-json\/wp\/v2\/product_tag?post=35486"}],"curies":[{"name":"wp","href":"https:\/\/api.w.org\/{rel}","templated":true}]}}