{"id":64755,"date":"2025-02-11T11:06:44","date_gmt":"2025-02-11T09:06:44","guid":{"rendered":"https:\/\/old.elusvali.ee\/product\/raudonuju-lesiu-spageciai-250-g-your-organic-nature\/"},"modified":"2025-07-03T13:13:40","modified_gmt":"2025-07-03T10:13:40","slug":"raudonuju-lesiu-spageciai-250-g-your-organic-nature","status":"publish","type":"product","link":"https:\/\/old.elusvali.ee\/lt\/prek\u0117\/raudonuju-lesiu-spageciai-250-g-your-organic-nature\/","title":{"rendered":"Raudon\u0173j\u0173 l\u0119\u0161i\u0173 spage\u010diai 250 g | Your Organic Nature"},"content":{"rendered":"<div class=\"flex max-w-full flex-col flex-grow\">\n<div class=\"min-h-8 text-message flex w-full flex-col items-end gap-2 whitespace-normal break-words [.text-message+&amp;]:mt-5\" dir=\"auto\" data-message-author-role=\"assistant\" data-message-id=\"10770c3e-f0d5-4afa-8207-adb8f0c9a242\" data-message-model-slug=\"gpt-4o\">\n<div class=\"flex w-full flex-col gap-1 empty:hidden first:pt-[3px]\">\n<div class=\"markdown prose w-full break-words dark:prose-invert light\">\n<h2>Raudon\u0173j\u0173 l\u0119\u0161i\u0173 spage\u010diai<\/h2>\n<p>Kas gal\u0117jo tik\u0117tis makaron\u0173, pagamint\u0173 i\u0161 l\u0119\u0161i\u0173? \u0160tai jie &#8211; spage\u010diai, pagaminti i\u0161 100% raudon\u0173j\u0173 l\u0119\u0161i\u0173. Be glitimo, ta\u010diau su daug baltym\u0173 ir skaidul\u0173. L\u0119\u0161i\u0173 miltai lengvai absorbuoja kitus skonius, tekst\u016bra maloni, o gaminimas trunka tik 12 minu\u010di\u0173. Puikiai tinka gard\u017eiausiems makaron\u0173 patiekalams gaminti.    <\/p>\n<p>L\u0119\u0161iai kildinami i\u0161 Vidurin\u0117s Azijos, kur juos vartoja nuo prie\u0161istorini\u0173 laik\u0173. L\u0119\u0161iai yra vienme\u010dio augalo vaisius. Jie buvo vienas pirm\u0173j\u0173 maistini\u0173 augal\u0173, i\u0161 Vidurin\u0117s Azijos paplitusi\u0173 Europoje, Afrikoje ir Indijoje. <img fetchpriority=\"high\" decoding=\"async\" class=\"wp-image-54596 size-medium alignleft\" src=\"https:\/\/purenature.ee\/wp-content\/uploads\/2024\/11\/red-lentils-200x300.jpg\" alt=\"raudonieji l\u0119\u0161iai\" width=\"200\" height=\"300\" srcset=\"https:\/\/old.elusvali.ee\/wp-content\/uploads\/2024\/11\/red-lentils-200x300.jpg 200w, https:\/\/old.elusvali.ee\/wp-content\/uploads\/2024\/11\/red-lentils-533x800.jpg 533w, https:\/\/old.elusvali.ee\/wp-content\/uploads\/2024\/11\/red-lentils-768x1152.jpg 768w, https:\/\/old.elusvali.ee\/wp-content\/uploads\/2024\/11\/red-lentils-1024x1536.jpg 1024w, https:\/\/old.elusvali.ee\/wp-content\/uploads\/2024\/11\/red-lentils-430x645.jpg 430w, https:\/\/old.elusvali.ee\/wp-content\/uploads\/2024\/11\/red-lentils-700x1050.jpg 700w, https:\/\/old.elusvali.ee\/wp-content\/uploads\/2024\/11\/red-lentils-150x225.jpg 150w, https:\/\/old.elusvali.ee\/wp-content\/uploads\/2024\/11\/red-lentils.jpg 1350w\" sizes=\"(max-width: 200px) 100vw, 200px\" \/><\/p>\n<p>L\u0119\u0161iai nuo neatmenam\u0173 laik\u0173 yra pagrindin\u0117 Estijos valstie\u010di\u0173 mitybos dalis. Manoma, kad l\u0119\u0161i\u0173 auginimas Estijoje i\u0161 tikr\u0173j\u0173 suklest\u0117jo XIX am\u017eiuje. Kai kuriuose Estijos regionuose l\u0119\u0161iai buvo auginami taip gausiai, kad jais buvo mokama tarnams. Ta\u010diau da\u017eniausiai l\u0119\u0161iai buvo auginami tik \u0161eimos maisto poreikiams tenkinti. L\u0119\u0161i\u0173 auginim\u0105 Estijoje skatino trys pagrindiniai veiksniai. Pirma, skirtingai nei kiti ank\u0161tiniai augalai, l\u0119\u0161iai gali augti prastesn\u0117se ir sausesn\u0117se dirvose. Antra, palyginti su d\u017eiovintomis pupel\u0117mis ir \u017eirniais, l\u0119\u0161iai grei\u010diau i\u0161verda. Tre\u010dia, kaip ir visi ank\u0161tiniai augalai, l\u0119\u0161iai turi daug baltym\u0173, kuri\u0173 valstie\u010di\u0173 mityboje da\u017enai tr\u016bko, ypa\u010d seniau.       <\/p>\n<p>L\u0119\u0161iai pasi\u017eymi pana\u0161iomis savyb\u0117mis kaip ir pupel\u0117s. Jie yra geras baltym\u0173 \u0161altinis. L\u0119\u0161iuose gausu folio r\u016bg\u0161ties ir l\u0105stelienos. L\u0119\u0161iuose taip pat yra kalio, gele\u017eies ir fosforo, magnio, cinko, B grup\u0117s vitamin\u0173 ir vario. Kadangi l\u0119\u0161iuose gausu l\u0105stelienos, jie padeda kontroliuoti cholesterolio kiek\u012f kraujyje. L\u0119\u0161iai taip pat rekomenduojami diabetu sergantiems \u017emon\u0117ms ir cukraus kiekiui kraujyje subalansuoti. Raudonieji l\u0119\u0161iai yra ank\u0161tiniai augalai, kuriuose labai daug gele\u017eies ir kurie yra lengvai vir\u0161kinami. L\u0119\u0161iai turi labai ma\u017eai riebal\u0173 ir kalorij\u0173, o i\u0161 j\u0173 pagamintas maistas efektyviai u\u017epildo skrand\u012f, nes<span class=\"text_exposed_show\">energija i\u0161 l\u0119\u0161i\u0173 i\u0161siskiria tolygiai ir l\u0117tai<\/span>.       <\/p>\n<h2>&#8222;Your Organic Nature&#8221; raudon\u0173j\u0173 l\u0119\u0161i\u0173 spage\u010diai<\/h2>\n<ul>\n<li>Raudon\u0173j\u0173 l\u0119\u0161i\u0173 spage\u010di\u0173 sudedamosios dalys gaunamos i\u0161 kontroliuojam\u0173 ekologini\u0173 \u016bki\u0173.<\/li>\n<li>Sud\u0117tis: raudon\u0173j\u0173 l\u0119\u0161i\u0173 miltai 100%.<\/li>\n<li>Ekologi\u0161kas produktas.<\/li>\n<li>Be glitimo.<\/li>\n<li>Laikykite pakuot\u0119 sandariai u\u017edaryt\u0105 sausoje vietoje.<\/li>\n<li>Maistin\u0117 vert\u0117 100 g: energin\u0117 vert\u0117 1412 kJ\/334 kcal, riebalai 1,7 g (i\u0161 j\u0173 so\u010di\u0173j\u0173 0,4 g), angliavandeniai 50,0 g (i\u0161 j\u0173 cukr\u0173 1,2 g), skaidulin\u0117s med\u017eiagos 7,6 g, baltymai 26,0 g, druska 0,01 g.<\/li>\n<li>\u0160iuose spage\u010diuose gausu baltym\u0173 ir skaidul\u0173.<\/li>\n<\/ul>\n<h2>Paruo\u0161imo instrukcija<\/h2>\n<p>Vienam asmeniui rekomenduojama 80 g makaron\u0173. Kiekvienam 80 g makaron\u0173 \u012fpilkite 1 litr\u0105 vandens ir u\u017evirinkite. Sud\u0117kite makaronus ir drusk\u0105, jei reikia, ir virkite 12 minu\u010di\u0173, kol makaronai taps norimo mink\u0161tumo. Virimo metu retkar\u010diais pamai\u0161ykite. Nusausinkite makaronus ir patiekite.    <\/p>\n<p>Rekomenduojame i\u0161bandyti Pure Nature recept\u0173 rinkinyje esant\u012f <a href=\"https:\/\/purenature.lt\/lesiu-bolognese-su-makaronais-be-glitimo\/?_gl=1*1rbrm0m*_gcl_au*MTMwNTI3NTc1MC4xNzM3OTYwMTg0*_ga*MTk3OTk0Nzg5LjE3MjkxNTYyMjM.*_ga_G9DKBME5C1*MTc0NDYxNzQzNi43OS4wLjE3NDQ2MTc0MzYuMC4wLjA.\">l\u0119\u0161i\u0173 bolognese pada\u017e\u0105 su makaronais be glitimo<\/a> recept\u0105.<\/p>\n<\/div>\n<h2>Gamintojas:<\/h2>\n<div class=\"flex max-w-full flex-col flex-grow\">\n<div class=\"min-h-8 text-message flex w-full flex-col items-end gap-2 whitespace-normal break-words [.text-message+&amp;]:mt-5\" dir=\"auto\" data-message-author-role=\"assistant\" data-message-id=\"10770c3e-f0d5-4afa-8207-adb8f0c9a242\" data-message-model-slug=\"gpt-4o\">\n<div class=\"flex w-full flex-col gap-1 empty:hidden first:pt-[3px]\">\n<div class=\"markdown prose w-full break-words dark:prose-invert light\">\n<p>Preki\u0173 \u017eenklas <a href=\"https:\/\/www.udea.nl\/brand\/your-organic-nature-your-organic-habit\"><strong>Your Organic Nature<\/strong><\/a> simbolizuoja &#8222;ekologi\u0161k\u0105 \u012fprot\u012f&#8221;. Platus kasdieni\u0173 produkt\u0173 asortimentas ir daugyb\u0117 inovatyvi\u0173 produkt\u0173 daro \u0161\u012f prek\u0117s \u017eenkl\u0105 nepakei\u010diama j\u016bs\u0173 kassavaitinio apsipirkimo dalimi. Produktai yra ekologi\u0161ki ir 50% pakuo\u010di\u0173 yra be plastiko.  <\/p>\n<\/div>\n<\/div>\n<\/div>\n<\/div>\n<p>Ingredient\u0173 kokyb\u0117 yra patikima ir ekologi\u0161ka. O ekologi\u0161ka taip pat naudinga ir gyv\u016bnams, ir gamtai, kurioje mes visi gyvename. Tod\u0117l gamintojas pageidauja negauti produkt\u0173 i\u0161 toli ir, jei \u012fmanoma, pakuoja produktus \u012f pakuotes, kurios daro kuo ma\u017eesn\u012f poveik\u012f aplinkai ir gamtai, pavyzd\u017eiui, naudoja biologi\u0161kai suyran\u010di\u0105 pl\u0117vel\u0119 ir etiketes. <\/p>\n<p>J\u0173 tikslas &#8211; kartu r\u016bpintis m\u016bs\u0173 planeta. Kompanijos logotipas simbolizuoja &#8222;r\u016bpinim\u0105si planeta kartu&#8221; ir \u017eem\u0117s bei \u017emoni\u0173 ry\u0161\u012f. Jis taip pat pabr\u0117\u017eia j\u0173 perdirbimo filosofij\u0105. Vertyb\u0117s per\u017ei\u016brimos nuolat &#8211; vertinant vizij\u0105 ir stebint, ar j\u0173 darbo praktika atitinka vizij\u0105. Siekiama veikti pagal \u0161ias vertybes. Siekiama b\u016bti pavyzd\u017eiu ekologi\u0161k\u0173 maisto produkt\u0173 pasaulyje ir savo pasirinkimais rodyti lyderyst\u0119. Vizija &#8211; prisiimti atsakomyb\u0119 u\u017e sveik\u0105 ir tvari\u0105 maisto grandin\u0119, kuri u\u017etikrina skaidrum\u0105 ir ry\u0161\u012f su maisto kilme.      <\/p>\n<\/div>\n<\/div>\n<\/div>\n<p><img decoding=\"async\" class=\"alignleft wp-image-54592 size-large\" src=\"https:\/\/purenature.ee\/wp-content\/uploads\/2024\/11\/spaghetti-1067x800.jpg\" alt=\"spage\u010diai\" width=\"1067\" height=\"800\" srcset=\"https:\/\/old.elusvali.ee\/wp-content\/uploads\/2024\/11\/spaghetti-1067x800.jpg 1067w, https:\/\/old.elusvali.ee\/wp-content\/uploads\/2024\/11\/spaghetti-400x300.jpg 400w, https:\/\/old.elusvali.ee\/wp-content\/uploads\/2024\/11\/spaghetti-768x576.jpg 768w, https:\/\/old.elusvali.ee\/wp-content\/uploads\/2024\/11\/spaghetti-430x322.jpg 430w, https:\/\/old.elusvali.ee\/wp-content\/uploads\/2024\/11\/spaghetti-700x525.jpg 700w, https:\/\/old.elusvali.ee\/wp-content\/uploads\/2024\/11\/spaghetti-150x112.jpg 150w, https:\/\/old.elusvali.ee\/wp-content\/uploads\/2024\/11\/spaghetti.jpg 1350w\" sizes=\"(max-width: 1067px) 100vw, 1067px\" \/><\/p>\n","protected":false},"excerpt":{"rendered":"<p>Pagaminti i\u0161 100 % raudon\u0173j\u0173 l\u0119\u0161i\u0173 Italijoje, kur makaron\u0173 gamybos tradicijos \u017einomos visame pasaulyje. Be glitimo, bet su daug baltym\u0173 ir skaidul\u0173. L\u0119\u0161i\u0173 miltai gerai sugeria \u012fvairius skonius, pasi\u017eymi malonia tekst\u016bra, o j\u0173 gaminimas trunka vos 12 minu\u010di\u0173. Puikus pasirinkimas gardiems makaron\u0173 patiekalams gaminti.   <\/p>\n","protected":false},"featured_media":60764,"comment_status":"open","ping_status":"closed","template":"","meta":{"_acf_changed":false},"product_brand":[],"product_cat":[483],"product_tag":[],"class_list":{"0":"post-64755","1":"product","2":"type-product","3":"status-publish","4":"has-post-thumbnail","6":"product_cat-sausos-prekes","8":"first","9":"instock","10":"taxable","11":"shipping-taxable","12":"purchasable","13":"product-type-simple"},"acf":[],"yoast_head":"<!-- This site is optimized with the Yoast SEO plugin v25.3.1 - https:\/\/yoast.com\/wordpress\/plugins\/seo\/ -->\n<title>Raudon\u0173j\u0173 l\u0119\u0161i\u0173 spage\u010diai 250 g | Your Organic Nature - Pure Nature<\/title>\n<meta name=\"description\" content=\"Pagaminta i\u0161 100% raudon\u0173j\u0173 l\u0119\u0161i\u0173 Italijoje, gars\u0117jan\u010dioje makaron\u0173 tradicijomis. Be glitimo, su daug baltym\u0173 ir skaidul\u0173.\" \/>\n<meta name=\"robots\" content=\"noindex, follow, max-snippet:-1, max-image-preview:large, max-video-preview:-1\" \/>\n<meta property=\"og:locale\" content=\"lt_LT\" \/>\n<meta property=\"og:type\" content=\"article\" \/>\n<meta property=\"og:title\" content=\"Raudon\u0173j\u0173 l\u0119\u0161i\u0173 spage\u010diai 250 g | Your Organic Nature - Pure Nature\" \/>\n<meta property=\"og:description\" content=\"Pagaminta i\u0161 100% raudon\u0173j\u0173 l\u0119\u0161i\u0173 Italijoje, gars\u0117jan\u010dioje makaron\u0173 tradicijomis. Be glitimo, su daug baltym\u0173 ir skaidul\u0173.\" \/>\n<meta property=\"og:url\" content=\"https:\/\/old.elusvali.ee\/lt\/prek\u0117\/raudonuju-lesiu-spageciai-250-g-your-organic-nature\/\" \/>\n<meta property=\"og:site_name\" content=\"Elusv&auml;li\" \/>\n<meta property=\"article:publisher\" content=\"https:\/\/www.facebook.com\/profile.php?id=100064131067985\" \/>\n<meta property=\"article:modified_time\" content=\"2025-07-03T10:13:40+00:00\" \/>\n<meta property=\"og:image\" content=\"https:\/\/purenature.ee\/wp-content\/uploads\/2025\/02\/punase-laatse-spagetid-250g-gluteenivaba-mahe.jpg\" \/>\n\t<meta property=\"og:image:width\" content=\"1000\" \/>\n\t<meta property=\"og:image:height\" content=\"1000\" \/>\n\t<meta property=\"og:image:type\" content=\"image\/jpeg\" \/>\n<meta name=\"twitter:card\" content=\"summary_large_image\" \/>\n<meta name=\"twitter:label1\" content=\"Est. reading time\" \/>\n\t<meta name=\"twitter:data1\" content=\"3 minut\u0117s\" \/>\n<script type=\"application\/ld+json\" class=\"yoast-schema-graph\">{\"@context\":\"https:\/\/schema.org\",\"@graph\":[{\"@type\":\"WebPage\",\"@id\":\"https:\/\/old.elusvali.ee\/lt\/prek\u0117\/raudonuju-lesiu-spageciai-250-g-your-organic-nature\/\",\"url\":\"https:\/\/old.elusvali.ee\/lt\/prek\u0117\/raudonuju-lesiu-spageciai-250-g-your-organic-nature\/\",\"name\":\"Raudon\u0173j\u0173 l\u0119\u0161i\u0173 spage\u010diai 250 g | Your Organic Nature - Pure Nature\",\"isPartOf\":{\"@id\":\"https:\/\/old.elusvali.ee\/lt\/#website\"},\"primaryImageOfPage\":{\"@id\":\"https:\/\/old.elusvali.ee\/lt\/prek\u0117\/raudonuju-lesiu-spageciai-250-g-your-organic-nature\/#primaryimage\"},\"image\":{\"@id\":\"https:\/\/old.elusvali.ee\/lt\/prek\u0117\/raudonuju-lesiu-spageciai-250-g-your-organic-nature\/#primaryimage\"},\"thumbnailUrl\":\"https:\/\/old.elusvali.ee\/wp-content\/uploads\/2025\/02\/punase-laatse-spagetid-250g-gluteenivaba-mahe.jpg\",\"datePublished\":\"2025-02-11T09:06:44+00:00\",\"dateModified\":\"2025-07-03T10:13:40+00:00\",\"description\":\"Pagaminta i\u0161 100% raudon\u0173j\u0173 l\u0119\u0161i\u0173 Italijoje, gars\u0117jan\u010dioje makaron\u0173 tradicijomis. Be glitimo, su daug baltym\u0173 ir skaidul\u0173.\",\"breadcrumb\":{\"@id\":\"https:\/\/old.elusvali.ee\/lt\/prek\u0117\/raudonuju-lesiu-spageciai-250-g-your-organic-nature\/#breadcrumb\"},\"inLanguage\":\"lt-LT\",\"potentialAction\":[{\"@type\":\"ReadAction\",\"target\":[\"https:\/\/old.elusvali.ee\/lt\/prek\u0117\/raudonuju-lesiu-spageciai-250-g-your-organic-nature\/\"]}]},{\"@type\":\"ImageObject\",\"inLanguage\":\"lt-LT\",\"@id\":\"https:\/\/old.elusvali.ee\/lt\/prek\u0117\/raudonuju-lesiu-spageciai-250-g-your-organic-nature\/#primaryimage\",\"url\":\"https:\/\/old.elusvali.ee\/wp-content\/uploads\/2025\/02\/punase-laatse-spagetid-250g-gluteenivaba-mahe.jpg\",\"contentUrl\":\"https:\/\/old.elusvali.ee\/wp-content\/uploads\/2025\/02\/punase-laatse-spagetid-250g-gluteenivaba-mahe.jpg\",\"width\":1000,\"height\":1000},{\"@type\":\"BreadcrumbList\",\"@id\":\"https:\/\/old.elusvali.ee\/lt\/prek\u0117\/raudonuju-lesiu-spageciai-250-g-your-organic-nature\/#breadcrumb\",\"itemListElement\":[{\"@type\":\"ListItem\",\"position\":1,\"name\":\"Home\",\"item\":\"https:\/\/old.elusvali.ee\/lt\/\"},{\"@type\":\"ListItem\",\"position\":2,\"name\":\"Elektronin\u0117 parduotuv\u0117\",\"item\":\"https:\/\/purenature.lt\/parduotuve\/\"},{\"@type\":\"ListItem\",\"position\":3,\"name\":\"Raudon\u0173j\u0173 l\u0119\u0161i\u0173 spage\u010diai 250 g | Your Organic Nature\"}]},{\"@type\":\"WebSite\",\"@id\":\"https:\/\/old.elusvali.ee\/lt\/#website\",\"url\":\"https:\/\/old.elusvali.ee\/lt\/\",\"name\":\"Elusv\u00e4li\",\"description\":\"Puhas k&ouml;&ouml;k ja koduapteek\",\"publisher\":{\"@id\":\"https:\/\/old.elusvali.ee\/lt\/#organization\"},\"potentialAction\":[{\"@type\":\"SearchAction\",\"target\":{\"@type\":\"EntryPoint\",\"urlTemplate\":\"https:\/\/old.elusvali.ee\/lt\/?s={search_term_string}\"},\"query-input\":{\"@type\":\"PropertyValueSpecification\",\"valueRequired\":true,\"valueName\":\"search_term_string\"}}],\"inLanguage\":\"lt-LT\"},{\"@type\":\"Organization\",\"@id\":\"https:\/\/old.elusvali.ee\/lt\/#organization\",\"name\":\"Elusv\u00e4li\",\"url\":\"https:\/\/old.elusvali.ee\/lt\/\",\"logo\":{\"@type\":\"ImageObject\",\"inLanguage\":\"lt-LT\",\"@id\":\"https:\/\/old.elusvali.ee\/lt\/#\/schema\/logo\/image\/\",\"url\":\"https:\/\/purenature.lt\/wp-content\/uploads\/2023\/07\/logo.png\",\"contentUrl\":\"https:\/\/purenature.lt\/wp-content\/uploads\/2023\/07\/logo.png\",\"width\":526,\"height\":146,\"caption\":\"Elusv\u00e4li\"},\"image\":{\"@id\":\"https:\/\/old.elusvali.ee\/lt\/#\/schema\/logo\/image\/\"},\"sameAs\":[\"https:\/\/www.facebook.com\/profile.php?id=100064131067985\",\"https:\/\/www.instagram.com\/elusvali\/\",\"https:\/\/www.youtube.com\/@elusvali2110\"]}]}<\/script>\n<!-- \/ Yoast SEO plugin. -->","yoast_head_json":{"title":"Raudon\u0173j\u0173 l\u0119\u0161i\u0173 spage\u010diai 250 g | Your Organic Nature - Pure Nature","description":"Pagaminta i\u0161 100% raudon\u0173j\u0173 l\u0119\u0161i\u0173 Italijoje, gars\u0117jan\u010dioje makaron\u0173 tradicijomis. Be glitimo, su daug baltym\u0173 ir skaidul\u0173.","robots":{"index":"noindex","follow":"follow","max-snippet":"max-snippet:-1","max-image-preview":"max-image-preview:large","max-video-preview":"max-video-preview:-1"},"og_locale":"lt_LT","og_type":"article","og_title":"Raudon\u0173j\u0173 l\u0119\u0161i\u0173 spage\u010diai 250 g | Your Organic Nature - Pure Nature","og_description":"Pagaminta i\u0161 100% raudon\u0173j\u0173 l\u0119\u0161i\u0173 Italijoje, gars\u0117jan\u010dioje makaron\u0173 tradicijomis. Be glitimo, su daug baltym\u0173 ir skaidul\u0173.","og_url":"https:\/\/old.elusvali.ee\/lt\/prek\u0117\/raudonuju-lesiu-spageciai-250-g-your-organic-nature\/","og_site_name":"Elusv&auml;li","article_publisher":"https:\/\/www.facebook.com\/profile.php?id=100064131067985","article_modified_time":"2025-07-03T10:13:40+00:00","og_image":[{"width":1000,"height":1000,"url":"https:\/\/purenature.ee\/wp-content\/uploads\/2025\/02\/punase-laatse-spagetid-250g-gluteenivaba-mahe.jpg","type":"image\/jpeg"}],"twitter_card":"summary_large_image","twitter_misc":{"Est. reading time":"3 minut\u0117s"},"schema":{"@context":"https:\/\/schema.org","@graph":[{"@type":"WebPage","@id":"https:\/\/old.elusvali.ee\/lt\/prek\u0117\/raudonuju-lesiu-spageciai-250-g-your-organic-nature\/","url":"https:\/\/old.elusvali.ee\/lt\/prek\u0117\/raudonuju-lesiu-spageciai-250-g-your-organic-nature\/","name":"Raudon\u0173j\u0173 l\u0119\u0161i\u0173 spage\u010diai 250 g | Your Organic Nature - Pure Nature","isPartOf":{"@id":"https:\/\/old.elusvali.ee\/lt\/#website"},"primaryImageOfPage":{"@id":"https:\/\/old.elusvali.ee\/lt\/prek\u0117\/raudonuju-lesiu-spageciai-250-g-your-organic-nature\/#primaryimage"},"image":{"@id":"https:\/\/old.elusvali.ee\/lt\/prek\u0117\/raudonuju-lesiu-spageciai-250-g-your-organic-nature\/#primaryimage"},"thumbnailUrl":"https:\/\/old.elusvali.ee\/wp-content\/uploads\/2025\/02\/punase-laatse-spagetid-250g-gluteenivaba-mahe.jpg","datePublished":"2025-02-11T09:06:44+00:00","dateModified":"2025-07-03T10:13:40+00:00","description":"Pagaminta i\u0161 100% raudon\u0173j\u0173 l\u0119\u0161i\u0173 Italijoje, gars\u0117jan\u010dioje makaron\u0173 tradicijomis. Be glitimo, su daug baltym\u0173 ir skaidul\u0173.","breadcrumb":{"@id":"https:\/\/old.elusvali.ee\/lt\/prek\u0117\/raudonuju-lesiu-spageciai-250-g-your-organic-nature\/#breadcrumb"},"inLanguage":"lt-LT","potentialAction":[{"@type":"ReadAction","target":["https:\/\/old.elusvali.ee\/lt\/prek\u0117\/raudonuju-lesiu-spageciai-250-g-your-organic-nature\/"]}]},{"@type":"ImageObject","inLanguage":"lt-LT","@id":"https:\/\/old.elusvali.ee\/lt\/prek\u0117\/raudonuju-lesiu-spageciai-250-g-your-organic-nature\/#primaryimage","url":"https:\/\/old.elusvali.ee\/wp-content\/uploads\/2025\/02\/punase-laatse-spagetid-250g-gluteenivaba-mahe.jpg","contentUrl":"https:\/\/old.elusvali.ee\/wp-content\/uploads\/2025\/02\/punase-laatse-spagetid-250g-gluteenivaba-mahe.jpg","width":1000,"height":1000},{"@type":"BreadcrumbList","@id":"https:\/\/old.elusvali.ee\/lt\/prek\u0117\/raudonuju-lesiu-spageciai-250-g-your-organic-nature\/#breadcrumb","itemListElement":[{"@type":"ListItem","position":1,"name":"Home","item":"https:\/\/old.elusvali.ee\/lt\/"},{"@type":"ListItem","position":2,"name":"Elektronin\u0117 parduotuv\u0117","item":"https:\/\/purenature.lt\/parduotuve\/"},{"@type":"ListItem","position":3,"name":"Raudon\u0173j\u0173 l\u0119\u0161i\u0173 spage\u010diai 250 g | Your Organic Nature"}]},{"@type":"WebSite","@id":"https:\/\/old.elusvali.ee\/lt\/#website","url":"https:\/\/old.elusvali.ee\/lt\/","name":"Elusv\u00e4li","description":"Puhas k&ouml;&ouml;k ja koduapteek","publisher":{"@id":"https:\/\/old.elusvali.ee\/lt\/#organization"},"potentialAction":[{"@type":"SearchAction","target":{"@type":"EntryPoint","urlTemplate":"https:\/\/old.elusvali.ee\/lt\/?s={search_term_string}"},"query-input":{"@type":"PropertyValueSpecification","valueRequired":true,"valueName":"search_term_string"}}],"inLanguage":"lt-LT"},{"@type":"Organization","@id":"https:\/\/old.elusvali.ee\/lt\/#organization","name":"Elusv\u00e4li","url":"https:\/\/old.elusvali.ee\/lt\/","logo":{"@type":"ImageObject","inLanguage":"lt-LT","@id":"https:\/\/old.elusvali.ee\/lt\/#\/schema\/logo\/image\/","url":"https:\/\/purenature.lt\/wp-content\/uploads\/2023\/07\/logo.png","contentUrl":"https:\/\/purenature.lt\/wp-content\/uploads\/2023\/07\/logo.png","width":526,"height":146,"caption":"Elusv\u00e4li"},"image":{"@id":"https:\/\/old.elusvali.ee\/lt\/#\/schema\/logo\/image\/"},"sameAs":["https:\/\/www.facebook.com\/profile.php?id=100064131067985","https:\/\/www.instagram.com\/elusvali\/","https:\/\/www.youtube.com\/@elusvali2110"]}]}},"_links":{"self":[{"href":"https:\/\/old.elusvali.ee\/lt\/wp-json\/wp\/v2\/product\/64755","targetHints":{"allow":["GET"]}}],"collection":[{"href":"https:\/\/old.elusvali.ee\/lt\/wp-json\/wp\/v2\/product"}],"about":[{"href":"https:\/\/old.elusvali.ee\/lt\/wp-json\/wp\/v2\/types\/product"}],"replies":[{"embeddable":true,"href":"https:\/\/old.elusvali.ee\/lt\/wp-json\/wp\/v2\/comments?post=64755"}],"version-history":[{"count":0,"href":"https:\/\/old.elusvali.ee\/lt\/wp-json\/wp\/v2\/product\/64755\/revisions"}],"wp:featuredmedia":[{"embeddable":true,"href":"https:\/\/old.elusvali.ee\/lt\/wp-json\/wp\/v2\/media\/60764"}],"wp:attachment":[{"href":"https:\/\/old.elusvali.ee\/lt\/wp-json\/wp\/v2\/media?parent=64755"}],"wp:term":[{"taxonomy":"product_brand","embeddable":true,"href":"https:\/\/old.elusvali.ee\/lt\/wp-json\/wp\/v2\/product_brand?post=64755"},{"taxonomy":"product_cat","embeddable":true,"href":"https:\/\/old.elusvali.ee\/lt\/wp-json\/wp\/v2\/product_cat?post=64755"},{"taxonomy":"product_tag","embeddable":true,"href":"https:\/\/old.elusvali.ee\/lt\/wp-json\/wp\/v2\/product_tag?post=64755"}],"curies":[{"name":"wp","href":"https:\/\/api.w.org\/{rel}","templated":true}]}}