{"id":63462,"date":"2025-03-18T07:35:17","date_gmt":"2025-03-18T05:35:17","guid":{"rendered":"https:\/\/old.elusvali.ee\/product\/burnos-skalavimo-skystis-su-pipirmetemis-473ml-essential-oxygen\/"},"modified":"2025-05-08T20:34:20","modified_gmt":"2025-05-08T17:34:20","slug":"burnos-skalavimo-skystis-su-pipirmetemis-473ml-essential-oxygen","status":"publish","type":"product","link":"https:\/\/old.elusvali.ee\/lt\/prek\u0117\/burnos-skalavimo-skystis-su-pipirmetemis-473ml-essential-oxygen\/","title":{"rendered":"Burnos skalavimo skystis su pipirm\u0117t\u0117mis 473ml | Essential Oxygen"},"content":{"rendered":"<h3 data-start=\"0\" data-end=\"221\"><strong data-start=\"0\" data-end=\"38\"><img fetchpriority=\"high\" decoding=\"async\" class=\"size-medium wp-image-62011 alignleft\" src=\"https:\/\/purenature.ee\/wp-content\/uploads\/2025\/03\/peppermint-mouthwash1-300x300.webp\" alt=\"pipirm\u0117\u010di\u0173 dant\u0173 skalavimo skystis\" width=\"300\" height=\"300\" srcset=\"https:\/\/old.elusvali.ee\/wp-content\/uploads\/2025\/03\/peppermint-mouthwash1-300x300.webp 300w, https:\/\/old.elusvali.ee\/wp-content\/uploads\/2025\/03\/peppermint-mouthwash1-150x150.webp 150w, https:\/\/old.elusvali.ee\/wp-content\/uploads\/2025\/03\/peppermint-mouthwash1-768x768.webp 768w, https:\/\/old.elusvali.ee\/wp-content\/uploads\/2025\/03\/peppermint-mouthwash1-430x430.webp 430w, https:\/\/old.elusvali.ee\/wp-content\/uploads\/2025\/03\/peppermint-mouthwash1-700x700.webp 700w, https:\/\/old.elusvali.ee\/wp-content\/uploads\/2025\/03\/peppermint-mouthwash1.webp 800w\" sizes=\"(max-width: 300px) 100vw, 300px\" \/>&#8222;Essential Oxygen&#8221; pipirm\u0117\u010di\u0173 burnos skalavimo skystis<\/strong><\/h3>\n<p data-start=\"0\" data-end=\"221\">Tai veiksmingas burnos skalavimo skystis be fluoro, kuris gaiviai i\u0161valo vis\u0105 burn\u0105! Valomoji maistinio vandenilio peroksido galia balina dantis, gaivina burnos kvap\u0105 ir puosel\u0117ja dantenas. Unikalus &#8222;Essential Oxygen&#8221; eterini\u0173 aliej\u0173 mi\u0161inys kruop\u0161\u010diai atrinktas d\u0117l j\u0173 prie\u0161u\u017edegimini\u0173, antiseptini\u0173, antivirusini\u0173 ir antimikrobini\u0173 savybi\u0173.  <\/p>\n<h4 data-start=\"1117\" data-end=\"1262\">Rytiniai toksinai burnoje<\/h4>\n<p>Miego metu m\u016bs\u0173 organizmas valosi ir seili\u0173 cirkuliacija neveikia. Tod\u0117l atsibundame su ne pa\u010diu geriausiu burnos kvapu ir pilna burna blog\u0173j\u0173 bakterij\u0173. U\u017euot nurij\u0119 bakterijas su pirmu gurk\u0161niu vandens, tur\u0117tume jas i\u0161spjauti ir 60 sekund\u017ei\u0173 skalauti burn\u0105. Burna ir k\u016bnas jums u\u017e tai pad\u0117kos.   <\/p>\n<p data-start=\"0\" data-end=\"115\">Burnos skalavimo skystis paprastai naudojamas burnos higienai gerinti ir burnos sveikatai stiprinti:<\/p>\n<ol data-start=\"117\" data-end=\"1115\">\n<li data-start=\"117\" data-end=\"342\">\n<ol data-start=\"117\" data-end=\"1115\">\n<li data-start=\"117\" data-end=\"342\">\n<p data-start=\"120\" data-end=\"342\"><strong data-start=\"120\" data-end=\"143\">Bakterij\u0173 naikinimas:<\/strong> burnos skalavimo skystyje da\u017enai b\u016bna antiseptini\u0173 ir antibakterini\u0173 med\u017eiag\u0173, kurios padeda suma\u017einti bakterij\u0173 skai\u010di\u0173 burnoje. <\/p>\n<\/li>\n<li data-start=\"344\" data-end=\"517\">\n<p data-start=\"347\" data-end=\"517\"><strong data-start=\"347\" data-end=\"372\">Atgaivinkite burnos kvap\u0105:<\/strong> sud\u0117tyje esantys eteriniai aliejai maloniai kvepia ir gaivina burnos kvap\u0105.<\/p>\n<\/li>\n<li data-start=\"519\" data-end=\"700\">\n<p data-start=\"522\" data-end=\"700\"><strong data-start=\"522\" data-end=\"555\">Pa\u0161alina netirpius liku\u010dius:<\/strong> burnos skalavimo skystis padeda i\u0161skalauti maisto daleles ir netirpius liku\u010dius burnoje, kurie gali sukelti blog\u0105 burnos kvap\u0105 ar danten\u0173 problemas.<\/p>\n<\/li>\n<li data-start=\"702\" data-end=\"906\">\n<p data-start=\"705\" data-end=\"906\"><strong data-start=\"705\" data-end=\"731\">Prie\u0161u\u017edegiminis poveikis:<\/strong> sud\u0117tyje yra prie\u0161u\u017edegimini\u0173 ingredient\u0173, kurie padeda suma\u017einti gingivit\u0105 ir burnos gleivin\u0117s sudirginim\u0105.<\/p>\n<\/li>\n<li data-start=\"908\" data-end=\"1115\">\n<p data-start=\"911\" data-end=\"1115\"><strong data-start=\"911\" data-end=\"940\">Profesional\u0173 patarimai:<\/strong> odontologai gali rekomenduoti burnos skalavimo skys\u010dius d\u0117l \u012fvairi\u0173 prie\u017eas\u010di\u0173, pavyzd\u017eiui, po dant\u0173 gydymo proced\u016br\u0173, esant danten\u0173 problemoms arba siekiant pagerinti bendr\u0105 burnos higien\u0105.<\/p>\n<\/li>\n<\/ol>\n<\/li>\n<\/ol>\n<p data-start=\"1117\" data-end=\"1262\" data-is-last-node=\"\" data-is-only-node=\"\">Apskritai burnos skalavimo skys\u010diai padeda palaikyti burnos sveikat\u0105, ma\u017eina dant\u0173 \u0117duon\u012f ir danten\u0173 u\u017edegim\u0105 bei gerina bendr\u0105 burnos higien\u0105.<\/p>\n<h3 data-start=\"518\" data-end=\"580\">Sud\u0117tis:<\/h3>\n<p data-start=\"388\" data-end=\"451\">Kiekvienas burnos skalavimo skys\u010dio ingredientas yra kruop\u0161\u010diai atrinktas.<\/p>\n<p data-start=\"388\" data-end=\"451\">Ekologi\u0161kos alavijo lap\u0173 sultys (Aloe barbadensis), i\u0161grynintas vanduo, vandenilio peroksidas, ekologi\u0161ka arabin\u0117 guma, ekologi\u0161kas pipirm\u0117\u010di\u0173 aliejus (Mentha piperita), ksantano derva (Xanthomonas campestris), ekologi\u0161kas rozmarin\u0173 lap\u0173 aliejus (Rosmarinus officinalis), ekologi\u0161kas eukalipt\u0173 lap\u0173 aliejus (Eucalyptus globulus), ekologi\u0161kas citrin\u0173 \u017eieveli\u0173 aliejus (Citrus medica limonum), ekologi\u0161kas gvazdik\u0117li\u0173 pumpur\u0173 aliejus (Eugenia caryophyllus), ekologi\u0161kas cinamon\u0173 lap\u0173 aliejus (Cinnamomum zeylanicum).<\/p>\n<p data-start=\"485\" data-end=\"705\" data-is-only-node=\"\" data-is-last-node=\"\">\u2714\ufe0f USDA sertifikuota ekologi\u0161ka produkcija<br data-start=\"511\" data-end=\"514\">\u2714\ufe0f Be GMO<br data-start=\"525\" data-end=\"528\">\u2714\ufe0f Be fluoro<br data-start=\"544\" data-end=\"547\">\u2714\ufe0f Vegani\u0161ka<br data-start=\"555\" data-end=\"558\">\u2714\ufe0f Be glitimo<br data-start=\"573\" data-end=\"576\">\u2714\ufe0f Netestuota su gyv\u016bnais<br data-start=\"595\" data-end=\"598\">\u2714\ufe0f Biologi\u0161kai suyranti sud\u0117tis<br data-start=\"619\" data-end=\"622\">\u2714\ufe0f Be glicerino, karagenino, natrio laurilsulfato (SLS) ir cukr\u0173<\/p>\n<h3 data-start=\"604\" data-end=\"887\">Naudojimo instrukcijos:<\/h3>\n<div class=\"flex max-w-full flex-col flex-grow\">\n<div class=\"min-h-8 text-message relative flex w-full flex-col items-end gap-2 whitespace-normal break-words text-start [.text-message+&amp;]:mt-5\" dir=\"auto\" data-message-author-role=\"assistant\" data-message-id=\"415e089a-006a-4d3f-a4f2-56a628d980ae\" data-message-model-slug=\"gpt-4o\">\n<div class=\"flex w-full flex-col gap-1 empty:hidden first:pt-[3px]\">\n<div class=\"markdown prose w-full break-words dark:prose-invert light\">\n<p data-start=\"0\" data-end=\"28\">Pirmiausia suplakite buteliuk\u0105.<\/p>\n<p data-start=\"30\" data-end=\"162\">\ud83d\udc49 Naudokite kaip pagalbin\u0119 priemon\u0119 dant\u0173 valymui: \u012fsipilkite \u0161iek tiek skalavimo priemon\u0117s, 60 sekund\u017ei\u0173 skalaukite burnoje, tada i\u0161valykite dantis.<\/p>\n<p data-start=\"164\" data-end=\"399\">\ud83d\udc49 Naudokite kaip piln\u0105 dant\u0173 prie\u017ei\u016bros proced\u016br\u0105: kad pasiektum\u0117te geriausi\u0173 rezultat\u0173, skalaukite burn\u0105 60 sekund\u017ei\u0173. I\u0161skalaukite ir t\u0119skite naudodami ekologi\u0161k\u0105 dant\u0173 past\u0105 ir poliravimo miltelius.  <\/p>\n<p data-start=\"401\" data-end=\"481\" data-is-last-node=\"\" data-is-only-node=\"\">\u017dinoma, bet kada galite naudoti ir kaip \u012fprast\u0105 burnos skalavimo skyst\u012f.<\/p>\n<h4 data-start=\"332\" data-end=\"364\">5 \u017evaig\u017edu\u010di\u0173 burnos higienos protokolas<\/h4>\n<ul data-start=\"365\" data-end=\"620\">\n<li data-start=\"365\" data-end=\"433\">60 sekund\u017ei\u0173 skalaukite burn\u0105 burnos skalavimo skys\u010diu.<\/li>\n<li data-start=\"434\" data-end=\"491\">Valykite dantis ekologi\u0161ka dant\u0173 <a href=\"https:\/\/purenature.lt\/prek\u0117\/ekologiska-mazai-abrazyvine-dantu-pasta-su-pipirmetemis-1134g-essential-oxygen\/\">pasta<\/a>.<\/li>\n<li data-start=\"492\" data-end=\"620\">U\u017ebarstykite \u0161iek tiek<a href=\"https:\/\/purenature.lt\/prek\u0117\/pipirmeciu-profilaktine-dantu-poliravimo-priemone-57g-essential-oxygen\/\"> poliravimo milteli\u0173<\/a> ant dant\u0173 \u0161epet\u0117lio, kad dantis papildytum\u0117te mineralais ir palaikytum\u0117te emalio tvirtum\u0105.<\/li>\n<\/ul>\n<h2><strong><a href=\"https:\/\/essentialoxygen.com\/pages\/our-story\">Essential Oxygen<\/a><\/strong><\/h2>\n<p data-start=\"25\" data-end=\"266\" data-is-last-node=\"\" data-is-only-node=\"\">Tai moter\u0173 \u012fkurta ir vadovaujama kompanija, kuri m\u016bs\u0173 planetos bei \u017emoni\u0173 ateit\u012f sieja su optimalia sveikata. \u012emon\u0117 \u0161i\u0105 vizij\u0105 \u012fgyvendina kurdama tikrai veiksmingus ir grynus nat\u016bralius produktus. <\/p>\n<p data-start=\"111\" data-end=\"367\">&#8222;Essential Oxygen&#8221; kelion\u0117 prasid\u0117jo 2005 m., kai \u012fk\u016br\u0117ja Austine, Teksase, \u016bkinink\u0173 turguje atidar\u0117 \u017ealiavalgi\u0161ko maisto ir supermaisto parduotuv\u0119. Nors ji pati praktikavo sveik\u0105 gyvenimo b\u016bd\u0105, tur\u0117jo paveldim\u0173 burnos sveikatos problem\u0173 &#8211; gilias danten\u0173 ki\u0161enes, jautrius dantis ir daug dant\u0173 akmen\u0173.  <\/p>\n<p data-start=\"369\" data-end=\"751\">Nor\u0117dama i\u0161gelb\u0117ti dantis, ji ie\u0161kojo \u012fvairi\u0173 sprendim\u0173 ir atrado vandenilio peroksido ir eterini\u0173 aliej\u0173 gali\u0105. Vos per tris dienas pamat\u0117 pastebimus poky\u010dius &#8211; ry\u0161kesn\u0119 \u0161ypsen\u0105, prarast\u0105 jautrum\u0105 ir danten\u0173 kraujavim\u0105. Po m\u0117nesio odontologas buvo nusteb\u0119s: danten\u0173 ki\u0161en\u0117s ir dant\u0173 akmenys i\u0161nyko. \u0160is atradimas tapo kertiniu dabartini\u0173 produkt\u0173 akmeniu. Remdamasi juo, ji suk\u016br\u0117 veiksmingus ir 100 % netoksi\u0161kus burnos prie\u017ei\u016bros ir buities produktus.    <\/p>\n<p data-start=\"369\" data-end=\"751\">\ud83c\udf0d J\u0173 &#8222;Planet Positive&#8221; iniciatyvos remia aplinkosaugininkus, o kaip &#8222;B-Corp\u2122&#8221; \u012fmon\u0117, kurdama perdirbamas pakuotes, prisideda prie tvarios ateities.<\/p>\n<p data-start=\"369\" data-end=\"751\">\u012esileiskite \u0161iuos i\u0161skirtinius produktus \u012f savo namus ir m\u0117gaukit\u0117s tikru \u0161varos d\u017eiaugsmu!<\/p>\n<p data-start=\"369\" data-end=\"751\"><img decoding=\"async\" class=\"aligncenter wp-image-62007 size-large\" src=\"https:\/\/purenature.ee\/wp-content\/uploads\/2025\/03\/big-smile-1-1200x800.jpg\" alt=\"\" width=\"1200\" height=\"800\" srcset=\"https:\/\/old.elusvali.ee\/wp-content\/uploads\/2025\/03\/big-smile-1-1200x800.jpg 1200w, https:\/\/old.elusvali.ee\/wp-content\/uploads\/2025\/03\/big-smile-1-400x267.jpg 400w, https:\/\/old.elusvali.ee\/wp-content\/uploads\/2025\/03\/big-smile-1-768x512.jpg 768w, https:\/\/old.elusvali.ee\/wp-content\/uploads\/2025\/03\/big-smile-1-1536x1024.jpg 1536w, https:\/\/old.elusvali.ee\/wp-content\/uploads\/2025\/03\/big-smile-1-430x287.jpg 430w, https:\/\/old.elusvali.ee\/wp-content\/uploads\/2025\/03\/big-smile-1-700x467.jpg 700w, https:\/\/old.elusvali.ee\/wp-content\/uploads\/2025\/03\/big-smile-1-150x100.jpg 150w, https:\/\/old.elusvali.ee\/wp-content\/uploads\/2025\/03\/big-smile-1.jpg 1920w\" sizes=\"(max-width: 1200px) 100vw, 1200px\" \/><\/p>\n<\/div>\n<\/div>\n<\/div>\n<\/div>\n","protected":false},"excerpt":{"rendered":"<p data-start=\"0\" data-end=\"372\">\u0160is galingas burnos skalavimo skystis be fluoro gaiviai i\u0161valo vis\u0105 burn\u0105! Unikali valomoji maistinio vandenilio peroksido j\u0117ga padeda balinti dantis, gaivinti burnos kvap\u0105 ir puosel\u0117ti dantenas. Unikalus &#8222;Essential Oxygen&#8221; eterini\u0173 aliej\u0173 mi\u0161inys kruop\u0161\u010diai atrinktas d\u0117l j\u0173 prie\u0161u\u017edegimini\u0173, antiseptini\u0173, antivirusini\u0173 ir antimikrobini\u0173 savybi\u0173.  <\/p>\n<p data-start=\"374\" data-end=\"476\" data-is-last-node=\"\" data-is-only-node=\"\">Burnos skalavimo skys\u010diai yra populiarus burnos higienos gerinimo ir burnos sveikatos stiprinimo b\u016bdas.<\/p>\n","protected":false},"featured_media":62018,"comment_status":"open","ping_status":"closed","template":"","meta":{"_acf_changed":false},"product_brand":[],"product_cat":[791],"product_tag":[792],"class_list":{"0":"post-63462","1":"product","2":"type-product","3":"status-publish","4":"has-post-thumbnail","6":"product_cat-valiklis","7":"product_tag-essential-oxygen-lt","9":"first","10":"instock","11":"taxable","12":"shipping-taxable","13":"purchasable","14":"product-type-simple"},"acf":[],"yoast_head":"<!-- This site is optimized with the Yoast SEO plugin v25.3.1 - https:\/\/yoast.com\/wordpress\/plugins\/seo\/ -->\n<title>Burnos skalavimo skystis su pipirm\u0117t\u0117mis 473ml | Essential Oxygen - Pure Nature<\/title>\n<meta name=\"description\" content=\"Galingas burnos skalavimo skystis be fluoro, kuris gaiviai i\u0161valo vis\u0105 burn\u0105, balina dantis, gaivina burnos kvap\u0105 ir puosel\u0117ja dantenas.\" \/>\n<meta name=\"robots\" content=\"noindex, follow, max-snippet:-1, max-image-preview:large, max-video-preview:-1\" \/>\n<meta property=\"og:locale\" content=\"lt_LT\" \/>\n<meta property=\"og:type\" content=\"article\" \/>\n<meta property=\"og:title\" content=\"Burnos skalavimo skystis su pipirm\u0117t\u0117mis 473ml | Essential Oxygen - Pure Nature\" \/>\n<meta property=\"og:description\" content=\"Galingas burnos skalavimo skystis be fluoro, kuris gaiviai i\u0161valo vis\u0105 burn\u0105, balina dantis, gaivina burnos kvap\u0105 ir puosel\u0117ja dantenas.\" \/>\n<meta property=\"og:url\" content=\"https:\/\/old.elusvali.ee\/lt\/prek\u0117\/burnos-skalavimo-skystis-su-pipirmetemis-473ml-essential-oxygen\/\" \/>\n<meta property=\"og:site_name\" content=\"Elusv&auml;li\" \/>\n<meta property=\"article:publisher\" content=\"https:\/\/www.facebook.com\/profile.php?id=100064131067985\" \/>\n<meta property=\"article:modified_time\" content=\"2025-05-08T17:34:20+00:00\" \/>\n<meta property=\"og:image\" content=\"https:\/\/old.elusvali.ee\/wp-content\/uploads\/2025\/03\/peppermint-mouthwash2.webp\" \/>\n\t<meta property=\"og:image:width\" content=\"800\" \/>\n\t<meta property=\"og:image:height\" content=\"800\" \/>\n\t<meta property=\"og:image:type\" content=\"image\/webp\" \/>\n<meta name=\"twitter:card\" content=\"summary_large_image\" \/>\n<meta name=\"twitter:label1\" content=\"Est. reading time\" \/>\n\t<meta name=\"twitter:data1\" content=\"3 minut\u0117s\" \/>\n<script type=\"application\/ld+json\" class=\"yoast-schema-graph\">{\"@context\":\"https:\/\/schema.org\",\"@graph\":[{\"@type\":\"WebPage\",\"@id\":\"https:\/\/old.elusvali.ee\/lt\/prek\u0117\/burnos-skalavimo-skystis-su-pipirmetemis-473ml-essential-oxygen\/\",\"url\":\"https:\/\/old.elusvali.ee\/lt\/prek\u0117\/burnos-skalavimo-skystis-su-pipirmetemis-473ml-essential-oxygen\/\",\"name\":\"Burnos skalavimo skystis su pipirm\u0117t\u0117mis 473ml | Essential Oxygen - Pure Nature\",\"isPartOf\":{\"@id\":\"https:\/\/old.elusvali.ee\/lt\/#website\"},\"primaryImageOfPage\":{\"@id\":\"https:\/\/old.elusvali.ee\/lt\/prek\u0117\/burnos-skalavimo-skystis-su-pipirmetemis-473ml-essential-oxygen\/#primaryimage\"},\"image\":{\"@id\":\"https:\/\/old.elusvali.ee\/lt\/prek\u0117\/burnos-skalavimo-skystis-su-pipirmetemis-473ml-essential-oxygen\/#primaryimage\"},\"thumbnailUrl\":\"https:\/\/old.elusvali.ee\/wp-content\/uploads\/2025\/03\/peppermint-mouthwash2.webp\",\"datePublished\":\"2025-03-18T05:35:17+00:00\",\"dateModified\":\"2025-05-08T17:34:20+00:00\",\"description\":\"Galingas burnos skalavimo skystis be fluoro, kuris gaiviai i\u0161valo vis\u0105 burn\u0105, balina dantis, gaivina burnos kvap\u0105 ir puosel\u0117ja dantenas.\",\"breadcrumb\":{\"@id\":\"https:\/\/old.elusvali.ee\/lt\/prek\u0117\/burnos-skalavimo-skystis-su-pipirmetemis-473ml-essential-oxygen\/#breadcrumb\"},\"inLanguage\":\"lt-LT\",\"potentialAction\":[{\"@type\":\"ReadAction\",\"target\":[\"https:\/\/old.elusvali.ee\/lt\/prek\u0117\/burnos-skalavimo-skystis-su-pipirmetemis-473ml-essential-oxygen\/\"]}]},{\"@type\":\"ImageObject\",\"inLanguage\":\"lt-LT\",\"@id\":\"https:\/\/old.elusvali.ee\/lt\/prek\u0117\/burnos-skalavimo-skystis-su-pipirmetemis-473ml-essential-oxygen\/#primaryimage\",\"url\":\"https:\/\/old.elusvali.ee\/wp-content\/uploads\/2025\/03\/peppermint-mouthwash2.webp\",\"contentUrl\":\"https:\/\/old.elusvali.ee\/wp-content\/uploads\/2025\/03\/peppermint-mouthwash2.webp\",\"width\":800,\"height\":800,\"caption\":\"suuloputus\"},{\"@type\":\"BreadcrumbList\",\"@id\":\"https:\/\/old.elusvali.ee\/lt\/prek\u0117\/burnos-skalavimo-skystis-su-pipirmetemis-473ml-essential-oxygen\/#breadcrumb\",\"itemListElement\":[{\"@type\":\"ListItem\",\"position\":1,\"name\":\"Home\",\"item\":\"https:\/\/old.elusvali.ee\/lt\/\"},{\"@type\":\"ListItem\",\"position\":2,\"name\":\"Elektronin\u0117 parduotuv\u0117\",\"item\":\"https:\/\/purenature.lt\/parduotuve\/\"},{\"@type\":\"ListItem\",\"position\":3,\"name\":\"Burnos skalavimo skystis su pipirm\u0117t\u0117mis 473ml | Essential Oxygen\"}]},{\"@type\":\"WebSite\",\"@id\":\"https:\/\/old.elusvali.ee\/lt\/#website\",\"url\":\"https:\/\/old.elusvali.ee\/lt\/\",\"name\":\"Elusv\u00e4li\",\"description\":\"Puhas k&ouml;&ouml;k ja koduapteek\",\"publisher\":{\"@id\":\"https:\/\/old.elusvali.ee\/lt\/#organization\"},\"potentialAction\":[{\"@type\":\"SearchAction\",\"target\":{\"@type\":\"EntryPoint\",\"urlTemplate\":\"https:\/\/old.elusvali.ee\/lt\/?s={search_term_string}\"},\"query-input\":{\"@type\":\"PropertyValueSpecification\",\"valueRequired\":true,\"valueName\":\"search_term_string\"}}],\"inLanguage\":\"lt-LT\"},{\"@type\":\"Organization\",\"@id\":\"https:\/\/old.elusvali.ee\/lt\/#organization\",\"name\":\"Elusv\u00e4li\",\"url\":\"https:\/\/old.elusvali.ee\/lt\/\",\"logo\":{\"@type\":\"ImageObject\",\"inLanguage\":\"lt-LT\",\"@id\":\"https:\/\/old.elusvali.ee\/lt\/#\/schema\/logo\/image\/\",\"url\":\"https:\/\/purenature.lt\/wp-content\/uploads\/2023\/07\/logo.png\",\"contentUrl\":\"https:\/\/purenature.lt\/wp-content\/uploads\/2023\/07\/logo.png\",\"width\":526,\"height\":146,\"caption\":\"Elusv\u00e4li\"},\"image\":{\"@id\":\"https:\/\/old.elusvali.ee\/lt\/#\/schema\/logo\/image\/\"},\"sameAs\":[\"https:\/\/www.facebook.com\/profile.php?id=100064131067985\",\"https:\/\/www.instagram.com\/elusvali\/\",\"https:\/\/www.youtube.com\/@elusvali2110\"]}]}<\/script>\n<!-- \/ Yoast SEO plugin. -->","yoast_head_json":{"title":"Burnos skalavimo skystis su pipirm\u0117t\u0117mis 473ml | Essential Oxygen - Pure Nature","description":"Galingas burnos skalavimo skystis be fluoro, kuris gaiviai i\u0161valo vis\u0105 burn\u0105, balina dantis, gaivina burnos kvap\u0105 ir puosel\u0117ja dantenas.","robots":{"index":"noindex","follow":"follow","max-snippet":"max-snippet:-1","max-image-preview":"max-image-preview:large","max-video-preview":"max-video-preview:-1"},"og_locale":"lt_LT","og_type":"article","og_title":"Burnos skalavimo skystis su pipirm\u0117t\u0117mis 473ml | Essential Oxygen - Pure Nature","og_description":"Galingas burnos skalavimo skystis be fluoro, kuris gaiviai i\u0161valo vis\u0105 burn\u0105, balina dantis, gaivina burnos kvap\u0105 ir puosel\u0117ja dantenas.","og_url":"https:\/\/old.elusvali.ee\/lt\/prek\u0117\/burnos-skalavimo-skystis-su-pipirmetemis-473ml-essential-oxygen\/","og_site_name":"Elusv&auml;li","article_publisher":"https:\/\/www.facebook.com\/profile.php?id=100064131067985","article_modified_time":"2025-05-08T17:34:20+00:00","og_image":[{"width":800,"height":800,"url":"https:\/\/old.elusvali.ee\/wp-content\/uploads\/2025\/03\/peppermint-mouthwash2.webp","type":"image\/webp"}],"twitter_card":"summary_large_image","twitter_misc":{"Est. reading time":"3 minut\u0117s"},"schema":{"@context":"https:\/\/schema.org","@graph":[{"@type":"WebPage","@id":"https:\/\/old.elusvali.ee\/lt\/prek\u0117\/burnos-skalavimo-skystis-su-pipirmetemis-473ml-essential-oxygen\/","url":"https:\/\/old.elusvali.ee\/lt\/prek\u0117\/burnos-skalavimo-skystis-su-pipirmetemis-473ml-essential-oxygen\/","name":"Burnos skalavimo skystis su pipirm\u0117t\u0117mis 473ml | Essential Oxygen - Pure Nature","isPartOf":{"@id":"https:\/\/old.elusvali.ee\/lt\/#website"},"primaryImageOfPage":{"@id":"https:\/\/old.elusvali.ee\/lt\/prek\u0117\/burnos-skalavimo-skystis-su-pipirmetemis-473ml-essential-oxygen\/#primaryimage"},"image":{"@id":"https:\/\/old.elusvali.ee\/lt\/prek\u0117\/burnos-skalavimo-skystis-su-pipirmetemis-473ml-essential-oxygen\/#primaryimage"},"thumbnailUrl":"https:\/\/old.elusvali.ee\/wp-content\/uploads\/2025\/03\/peppermint-mouthwash2.webp","datePublished":"2025-03-18T05:35:17+00:00","dateModified":"2025-05-08T17:34:20+00:00","description":"Galingas burnos skalavimo skystis be fluoro, kuris gaiviai i\u0161valo vis\u0105 burn\u0105, balina dantis, gaivina burnos kvap\u0105 ir puosel\u0117ja dantenas.","breadcrumb":{"@id":"https:\/\/old.elusvali.ee\/lt\/prek\u0117\/burnos-skalavimo-skystis-su-pipirmetemis-473ml-essential-oxygen\/#breadcrumb"},"inLanguage":"lt-LT","potentialAction":[{"@type":"ReadAction","target":["https:\/\/old.elusvali.ee\/lt\/prek\u0117\/burnos-skalavimo-skystis-su-pipirmetemis-473ml-essential-oxygen\/"]}]},{"@type":"ImageObject","inLanguage":"lt-LT","@id":"https:\/\/old.elusvali.ee\/lt\/prek\u0117\/burnos-skalavimo-skystis-su-pipirmetemis-473ml-essential-oxygen\/#primaryimage","url":"https:\/\/old.elusvali.ee\/wp-content\/uploads\/2025\/03\/peppermint-mouthwash2.webp","contentUrl":"https:\/\/old.elusvali.ee\/wp-content\/uploads\/2025\/03\/peppermint-mouthwash2.webp","width":800,"height":800,"caption":"suuloputus"},{"@type":"BreadcrumbList","@id":"https:\/\/old.elusvali.ee\/lt\/prek\u0117\/burnos-skalavimo-skystis-su-pipirmetemis-473ml-essential-oxygen\/#breadcrumb","itemListElement":[{"@type":"ListItem","position":1,"name":"Home","item":"https:\/\/old.elusvali.ee\/lt\/"},{"@type":"ListItem","position":2,"name":"Elektronin\u0117 parduotuv\u0117","item":"https:\/\/purenature.lt\/parduotuve\/"},{"@type":"ListItem","position":3,"name":"Burnos skalavimo skystis su pipirm\u0117t\u0117mis 473ml | Essential Oxygen"}]},{"@type":"WebSite","@id":"https:\/\/old.elusvali.ee\/lt\/#website","url":"https:\/\/old.elusvali.ee\/lt\/","name":"Elusv\u00e4li","description":"Puhas k&ouml;&ouml;k ja koduapteek","publisher":{"@id":"https:\/\/old.elusvali.ee\/lt\/#organization"},"potentialAction":[{"@type":"SearchAction","target":{"@type":"EntryPoint","urlTemplate":"https:\/\/old.elusvali.ee\/lt\/?s={search_term_string}"},"query-input":{"@type":"PropertyValueSpecification","valueRequired":true,"valueName":"search_term_string"}}],"inLanguage":"lt-LT"},{"@type":"Organization","@id":"https:\/\/old.elusvali.ee\/lt\/#organization","name":"Elusv\u00e4li","url":"https:\/\/old.elusvali.ee\/lt\/","logo":{"@type":"ImageObject","inLanguage":"lt-LT","@id":"https:\/\/old.elusvali.ee\/lt\/#\/schema\/logo\/image\/","url":"https:\/\/purenature.lt\/wp-content\/uploads\/2023\/07\/logo.png","contentUrl":"https:\/\/purenature.lt\/wp-content\/uploads\/2023\/07\/logo.png","width":526,"height":146,"caption":"Elusv\u00e4li"},"image":{"@id":"https:\/\/old.elusvali.ee\/lt\/#\/schema\/logo\/image\/"},"sameAs":["https:\/\/www.facebook.com\/profile.php?id=100064131067985","https:\/\/www.instagram.com\/elusvali\/","https:\/\/www.youtube.com\/@elusvali2110"]}]}},"_links":{"self":[{"href":"https:\/\/old.elusvali.ee\/lt\/wp-json\/wp\/v2\/product\/63462","targetHints":{"allow":["GET"]}}],"collection":[{"href":"https:\/\/old.elusvali.ee\/lt\/wp-json\/wp\/v2\/product"}],"about":[{"href":"https:\/\/old.elusvali.ee\/lt\/wp-json\/wp\/v2\/types\/product"}],"replies":[{"embeddable":true,"href":"https:\/\/old.elusvali.ee\/lt\/wp-json\/wp\/v2\/comments?post=63462"}],"version-history":[{"count":2,"href":"https:\/\/old.elusvali.ee\/lt\/wp-json\/wp\/v2\/product\/63462\/revisions"}],"predecessor-version":[{"id":63489,"href":"https:\/\/old.elusvali.ee\/lt\/wp-json\/wp\/v2\/product\/63462\/revisions\/63489"}],"wp:featuredmedia":[{"embeddable":true,"href":"https:\/\/old.elusvali.ee\/lt\/wp-json\/wp\/v2\/media\/62018"}],"wp:attachment":[{"href":"https:\/\/old.elusvali.ee\/lt\/wp-json\/wp\/v2\/media?parent=63462"}],"wp:term":[{"taxonomy":"product_brand","embeddable":true,"href":"https:\/\/old.elusvali.ee\/lt\/wp-json\/wp\/v2\/product_brand?post=63462"},{"taxonomy":"product_cat","embeddable":true,"href":"https:\/\/old.elusvali.ee\/lt\/wp-json\/wp\/v2\/product_cat?post=63462"},{"taxonomy":"product_tag","embeddable":true,"href":"https:\/\/old.elusvali.ee\/lt\/wp-json\/wp\/v2\/product_tag?post=63462"}],"curies":[{"name":"wp","href":"https:\/\/api.w.org\/{rel}","templated":true}]}}