{"id":58188,"date":"2024-12-13T11:25:20","date_gmt":"2024-12-13T09:25:20","guid":{"rendered":"https:\/\/old.elusvali.ee\/product\/ekologiskas-silikagelis-odai-150ml-silicium\/"},"modified":"2025-07-04T17:11:45","modified_gmt":"2025-07-04T14:11:45","slug":"ekologiskas-silikagelis-odai-150ml-silicium-laboratories","status":"publish","type":"product","link":"https:\/\/old.elusvali.ee\/lt\/prek\u0117\/ekologiskas-silikagelis-odai-150ml-silicium-laboratories\/","title":{"rendered":"Ekologi\u0161kas silikagelis odai 150ml | Silicium Laboratories"},"content":{"rendered":"<p>Organinio silicio dioksido gelio sud\u0117tyje yra did\u017eiausia rinkoje monometilsilanetriolio (nat\u016bralaus organinio silicio dioksido &#8211; mikroelemento, kuris yra labai tirpus ir 100 % pasisavinamas), skirto i\u0161oriniam naudojimui, koncentracija. Tyrimo rezultatai rodo, kad Silicium G7 gelis reik\u0161mingai padidina kolageno kiek\u012f fibroblastuose (kolagen\u0105 sintetinan\u010diose l\u0105stel\u0117se). Skysto silicio dioksido vartojim\u0105 galima papildyti silicio geliu, kad b\u016bt\u0173 pasiektas sinerginis poveikis. Silicio gelis labai veiksmingai gerina s\u0105nari\u0173 b\u016bkl\u0119 ir od\u0105 (plonai tepkite ant veido, taip pat aplink akis). Puikiai \u012fsisavinamas. Did\u017eiausia rinkoje organinio silicio koncentracija (2500 mg\/l). Originali daktaro Lo\u00efc le Ribault sukurta formul\u0117. <img fetchpriority=\"high\" decoding=\"async\" class=\"size-medium wp-image-53849 alignleft\" src=\"https:\/\/purenature.lt\/wp-content\/uploads\/2024\/11\/Silicium-laboratories-g7-gel-150ml-231x300.webp\" alt=\"Silicum laboratorijos - G7-gel\" width=\"231\" height=\"300\" srcset=\"https:\/\/old.elusvali.ee\/wp-content\/uploads\/2024\/11\/Silicium-laboratories-g7-gel-150ml-231x300.webp 231w, https:\/\/old.elusvali.ee\/wp-content\/uploads\/2024\/11\/Silicium-laboratories-g7-gel-150ml-615x800.webp 615w, https:\/\/old.elusvali.ee\/wp-content\/uploads\/2024\/11\/Silicium-laboratories-g7-gel-150ml-768x998.webp 768w, https:\/\/old.elusvali.ee\/wp-content\/uploads\/2024\/11\/Silicium-laboratories-g7-gel-150ml-430x559.webp 430w, https:\/\/old.elusvali.ee\/wp-content\/uploads\/2024\/11\/Silicium-laboratories-g7-gel-150ml-700x910.webp 700w, https:\/\/old.elusvali.ee\/wp-content\/uploads\/2024\/11\/Silicium-laboratories-g7-gel-150ml-150x195.webp 150w, https:\/\/old.elusvali.ee\/wp-content\/uploads\/2024\/11\/Silicium-laboratories-g7-gel-150ml.webp 1000w\" sizes=\"(max-width: 231px) 100vw, 231px\" \/><\/p>\n<ul>\n<li><strong>Kolagenas:<\/strong> skatina nat\u016bral\u0173 kolageno susidarym\u0105.<\/li>\n<li><strong>S\u0105nariai:<\/strong> padeda pagerinti s\u0105nari\u0173 problemas ir suma\u017einti diskomfort\u0105, atsiradus\u012f d\u0117l traum\u0173, nusid\u0117v\u0117jimo ar intensyvaus fizinio kr\u016bvio. Greitai \u012fsigeria \u012f od\u0105. Padeda gaminti kolagen\u0105, kuris teigiamai veikia s\u0105nari\u0173 ir raumen\u0173 audini\u0173 b\u016bkl\u0119.<\/li>\n<li><strong>Raumenys:<\/strong> stiprina ir palaiko sausgysles, kremzles ir raumenis.<\/li>\n<li><strong>Audini\u0173 regeneracija:<\/strong> padeda atsinaujinti nudegim\u0173 pa\u017eeistai odai, pigmentin\u0117ms d\u0117m\u0117ms ir randams.<\/li>\n<li><strong>Odos sveikata:<\/strong> suteikia holistin\u0119 prie\u017ei\u016br\u0105 ir pasi\u017eymi dr\u0117kinamosiomis, stangrinamosiomis ir atkuriamosiomis savyb\u0117mis.<\/li>\n<li><strong>I\u0161laiko jaunyst\u0119:<\/strong> stabdo sen\u0117jim\u0105, padeda ma\u017einti rauk\u0161les.<\/li>\n<li><strong>Antioksidantas<\/strong>: praturtintas vitaminu E, turtingas vitamino A &#8211; galingas antioksidantas. Kovoja su odos problemomis, nes skatina nat\u016bralaus kolageno susidarym\u0105.<\/li>\n<li><strong>Gerai susigeria:<\/strong> svarbi savyb\u0117 yra tai, kad gelis greitai \u012fsigeria \u012f od\u0105 ir tiesiogiai veikia problemin\u0119 viet\u0105.<\/li>\n<\/ul>\n<p>&nbsp;<\/p>\n<h3 style=\"text-align: left;\"><strong>Sudedamosios dalys:<\/strong><strong> <img decoding=\"async\" class=\"wp-image-54531 alignright\" src=\"https:\/\/purenature.lt\/wp-content\/uploads\/2024\/11\/silicium-mineral-400x266.jpg\" alt=\"\" width=\"284\" height=\"189\" srcset=\"https:\/\/old.elusvali.ee\/wp-content\/uploads\/2024\/11\/silicium-mineral-400x266.jpg 400w, https:\/\/old.elusvali.ee\/wp-content\/uploads\/2024\/11\/silicium-mineral-1204x800.jpg 1204w, https:\/\/old.elusvali.ee\/wp-content\/uploads\/2024\/11\/silicium-mineral-768x510.jpg 768w, https:\/\/old.elusvali.ee\/wp-content\/uploads\/2024\/11\/silicium-mineral-430x286.jpg 430w, https:\/\/old.elusvali.ee\/wp-content\/uploads\/2024\/11\/silicium-mineral-700x465.jpg 700w, https:\/\/old.elusvali.ee\/wp-content\/uploads\/2024\/11\/silicium-mineral-150x100.jpg 150w, https:\/\/old.elusvali.ee\/wp-content\/uploads\/2024\/11\/silicium-mineral.jpg 1350w\" sizes=\"(max-width: 284px) 100vw, 284px\" \/><\/strong><\/h3>\n<ul>\n<li>Vanduo, silanetriolis, tokoferolis, etilheksilglicerolis, karbomeras, natrio hidroksidas, kalio sorbatas, natrio benzoatas, benzilo alkoholis.<\/li>\n<li>Did\u017eiausia rinkoje organinio silicio dioksido koncentracija (2500 mg\/l).<\/li>\n<\/ul>\n<h3><strong>Kaip naudoti silikagel\u012f?<\/strong><\/h3>\n<ul>\n<li>Paimkite nedidel\u012f kiek\u012f gelio ir u\u017etepkite ant norimo odos ploto. Kartokite 3-4 kartus per dien\u0105.<\/li>\n<li>Atidarius gelis, vartoti tinkamas 12 m\u0117nesi\u0173.<\/li>\n<li>Labai veiksmingas d\u0117l savo 100% absorbcijos ir atkuriam\u0173j\u0173 savybi\u0173. Jis taip pat skatina kolageno ir elastino sintez\u0119.<\/li>\n<\/ul>\n<p><a href=\"https:\/\/siliciumg5.com\/en\/content\/20-the-company\">Silicium Laboratories <\/a>kuria labai efektyvius ir unikalius produktus. Pagrindinis j\u0173 tikslas &#8211; supa\u017eindinti pasaul\u012f su silicio savyb\u0117mis ir kad visi gal\u0117t\u0173 jomis pasinaudoti. \u017daliavos, kurias jie naudoja savo produktams gaminti, pereina i\u0161skirtin\u012f proces\u0105, kurio metu i\u0161saugomas veikli\u0173j\u0173 med\u017eiag\u0173 ir ingredient\u0173 veiksmingumas. \u0160is gamintojas turi holistin\u012f po\u017ei\u016br\u012f &#8211; \u012f \u017emogaus k\u016bn\u0105 ir sveikat\u0105 \u017evelgia kaip \u012f visum\u0105. Jo tikslas &#8211; produkt\u0173 veiksmingumas ir \u017emoni\u0173 gerov\u0117. Silicium Laboratories principai grind\u017eiami nat\u016bralaus gydymo principais, atsi\u017evelgiant \u012f tai, kad organizmas gali atsistatyti ir pasveikti pats, jei gauna tinkam\u0173 maistini\u0173 med\u017eiag\u0173. \u0160iuolaikiniame pasaulyje \u017eem\u0117s \u016bkis ir maisto pramon\u0117 kelia gr\u0117sm\u0119 pagrindini\u0173 maistini\u0173 med\u017eiag\u0173 prieinamumui. &#8222;Tegul tavo maistas b\u016bna tavo vaistas, o tavo vaistas &#8211; tavo maistas&#8221;, &#8211; sak\u0117 i\u0161mintingi senoliai. Laimei, organizmas turi nuostabi\u0173 atsinaujinimo mechanizm\u0173, d\u0117l kuri\u0173, kartu su psichine ir emocine pusiausvyra, vaistai b\u016btini tik labai specifiniais atvejais.<\/p>\n<p><img decoding=\"async\" class=\"alignleft wp-image-54527 size-large\" src=\"https:\/\/purenature.lt\/wp-content\/uploads\/2024\/11\/Silicium-G5-Gel-1199x800.jpg\" alt=\"\" width=\"1199\" height=\"800\" srcset=\"https:\/\/old.elusvali.ee\/wp-content\/uploads\/2024\/11\/Silicium-G5-Gel-1199x800.jpg 1199w, https:\/\/old.elusvali.ee\/wp-content\/uploads\/2024\/11\/Silicium-G5-Gel-400x267.jpg 400w, https:\/\/old.elusvali.ee\/wp-content\/uploads\/2024\/11\/Silicium-G5-Gel-768x513.jpg 768w, https:\/\/old.elusvali.ee\/wp-content\/uploads\/2024\/11\/Silicium-G5-Gel-430x287.jpg 430w, https:\/\/old.elusvali.ee\/wp-content\/uploads\/2024\/11\/Silicium-G5-Gel-700x467.jpg 700w, https:\/\/old.elusvali.ee\/wp-content\/uploads\/2024\/11\/Silicium-G5-Gel-150x100.jpg 150w, https:\/\/old.elusvali.ee\/wp-content\/uploads\/2024\/11\/Silicium-G5-Gel.jpg 1350w\" sizes=\"(max-width: 1199px) 100vw, 1199px\" \/><\/p>\n<p>&nbsp;<\/p>\n","protected":false},"excerpt":{"rendered":"<p>Silicio gelis su did\u017eiausia rinkoje organinio silicio dioksido koncentracija (2500 mg\/l), kuris yra labai veiksmingas d\u0117l savo absorbcijos ir atkuriam\u0173j\u0173 savybi\u0173. Jis skatina kolageno ir elastino sintez\u0119, tod\u0117l labai veiksmingai veikia s\u0105narius, raumenis ir od\u0105. Silicio gelis taip pat pasi\u017eymi sen\u0117jim\u0105 stabdan\u010diomis savyb\u0117mis, padeda ma\u017einti rauk\u0161les.<\/p>\n","protected":false},"featured_media":53860,"comment_status":"open","ping_status":"closed","template":"","meta":{"_acf_changed":false},"product_brand":[],"product_cat":[492,499,475],"product_tag":[745],"class_list":{"0":"post-58188","1":"product","2":"type-product","3":"status-publish","4":"has-post-thumbnail","6":"product_cat-akys-ir-sanariai","7":"product_cat-kunui","8":"product_cat-nagai-ir-oda","9":"product_tag-silicio-laboratorijos","11":"first","12":"instock","13":"taxable","14":"shipping-taxable","15":"purchasable","16":"product-type-simple"},"acf":[],"yoast_head":"<!-- This site is optimized with the Yoast SEO plugin v25.3.1 - https:\/\/yoast.com\/wordpress\/plugins\/seo\/ -->\n<title>Ekologi\u0161kas silikagelis odai 150ml | Silicium Laboratories - Pure Nature<\/title>\n<meta name=\"description\" content=\"Veiksmingas silicio dioksido gelis, pasi\u017eymintis absorbcin\u0117mis ir atkuriamosiomis savyb\u0117mis. Palaiko s\u0105nari\u0173 ir raumen\u0173 sveikat\u0105. U\u017ekerta keli\u0105 sen\u0117jimui, skatindamas kolageno sintez\u0119.\" \/>\n<meta name=\"robots\" content=\"noindex, follow, max-snippet:-1, max-image-preview:large, max-video-preview:-1\" \/>\n<meta property=\"og:locale\" content=\"lt_LT\" \/>\n<meta property=\"og:type\" content=\"article\" \/>\n<meta property=\"og:title\" content=\"Ekologi\u0161kas silikagelis odai 150ml | Silicium Laboratories - Pure Nature\" \/>\n<meta property=\"og:description\" content=\"Veiksmingas silicio dioksido gelis, pasi\u017eymintis absorbcin\u0117mis ir atkuriamosiomis savyb\u0117mis. Palaiko s\u0105nari\u0173 ir raumen\u0173 sveikat\u0105. U\u017ekerta keli\u0105 sen\u0117jimui, skatindamas kolageno sintez\u0119.\" \/>\n<meta property=\"og:url\" content=\"https:\/\/old.elusvali.ee\/lt\/prek\u0117\/ekologiskas-silikagelis-odai-150ml-silicium-laboratories\/\" \/>\n<meta property=\"og:site_name\" content=\"Elusv&auml;li\" \/>\n<meta property=\"article:publisher\" content=\"https:\/\/www.facebook.com\/profile.php?id=100064131067985\" \/>\n<meta property=\"article:modified_time\" content=\"2025-07-04T14:11:45+00:00\" \/>\n<meta property=\"og:image\" content=\"https:\/\/purenature.lt\/wp-content\/uploads\/2024\/11\/Silicum-laboratories-g7-gel.webp\" \/>\n\t<meta property=\"og:image:width\" content=\"1000\" \/>\n\t<meta property=\"og:image:height\" content=\"1300\" \/>\n\t<meta property=\"og:image:type\" content=\"image\/webp\" \/>\n<meta name=\"twitter:card\" content=\"summary_large_image\" \/>\n<meta name=\"twitter:label1\" content=\"Est. reading time\" \/>\n\t<meta name=\"twitter:data1\" content=\"3 minut\u0117s\" \/>\n<script type=\"application\/ld+json\" class=\"yoast-schema-graph\">{\"@context\":\"https:\/\/schema.org\",\"@graph\":[{\"@type\":\"WebPage\",\"@id\":\"https:\/\/old.elusvali.ee\/lt\/prek\u0117\/ekologiskas-silikagelis-odai-150ml-silicium-laboratories\/\",\"url\":\"https:\/\/old.elusvali.ee\/lt\/prek\u0117\/ekologiskas-silikagelis-odai-150ml-silicium-laboratories\/\",\"name\":\"Ekologi\u0161kas silikagelis odai 150ml | Silicium Laboratories - Pure Nature\",\"isPartOf\":{\"@id\":\"https:\/\/old.elusvali.ee\/lt\/#website\"},\"primaryImageOfPage\":{\"@id\":\"https:\/\/old.elusvali.ee\/lt\/prek\u0117\/ekologiskas-silikagelis-odai-150ml-silicium-laboratories\/#primaryimage\"},\"image\":{\"@id\":\"https:\/\/old.elusvali.ee\/lt\/prek\u0117\/ekologiskas-silikagelis-odai-150ml-silicium-laboratories\/#primaryimage\"},\"thumbnailUrl\":\"https:\/\/old.elusvali.ee\/wp-content\/uploads\/2024\/11\/Silicum-laboratories-g7-gel.webp\",\"datePublished\":\"2024-12-13T09:25:20+00:00\",\"dateModified\":\"2025-07-04T14:11:45+00:00\",\"description\":\"Veiksmingas silicio dioksido gelis, pasi\u017eymintis absorbcin\u0117mis ir atkuriamosiomis savyb\u0117mis. Palaiko s\u0105nari\u0173 ir raumen\u0173 sveikat\u0105. U\u017ekerta keli\u0105 sen\u0117jimui, skatindamas kolageno sintez\u0119.\",\"breadcrumb\":{\"@id\":\"https:\/\/old.elusvali.ee\/lt\/prek\u0117\/ekologiskas-silikagelis-odai-150ml-silicium-laboratories\/#breadcrumb\"},\"inLanguage\":\"lt-LT\",\"potentialAction\":[{\"@type\":\"ReadAction\",\"target\":[\"https:\/\/old.elusvali.ee\/lt\/prek\u0117\/ekologiskas-silikagelis-odai-150ml-silicium-laboratories\/\"]}]},{\"@type\":\"ImageObject\",\"inLanguage\":\"lt-LT\",\"@id\":\"https:\/\/old.elusvali.ee\/lt\/prek\u0117\/ekologiskas-silikagelis-odai-150ml-silicium-laboratories\/#primaryimage\",\"url\":\"https:\/\/old.elusvali.ee\/wp-content\/uploads\/2024\/11\/Silicum-laboratories-g7-gel.webp\",\"contentUrl\":\"https:\/\/old.elusvali.ee\/wp-content\/uploads\/2024\/11\/Silicum-laboratories-g7-gel.webp\",\"width\":1000,\"height\":1300,\"caption\":\"Silikagelis odai\"},{\"@type\":\"BreadcrumbList\",\"@id\":\"https:\/\/old.elusvali.ee\/lt\/prek\u0117\/ekologiskas-silikagelis-odai-150ml-silicium-laboratories\/#breadcrumb\",\"itemListElement\":[{\"@type\":\"ListItem\",\"position\":1,\"name\":\"Home\",\"item\":\"https:\/\/old.elusvali.ee\/lt\/\"},{\"@type\":\"ListItem\",\"position\":2,\"name\":\"Elektronin\u0117 parduotuv\u0117\",\"item\":\"https:\/\/purenature.lt\/parduotuve\/\"},{\"@type\":\"ListItem\",\"position\":3,\"name\":\"Ekologi\u0161kas silikagelis odai 150ml | Silicium Laboratories\"}]},{\"@type\":\"WebSite\",\"@id\":\"https:\/\/old.elusvali.ee\/lt\/#website\",\"url\":\"https:\/\/old.elusvali.ee\/lt\/\",\"name\":\"Elusv\u00e4li\",\"description\":\"Puhas k&ouml;&ouml;k ja koduapteek\",\"publisher\":{\"@id\":\"https:\/\/old.elusvali.ee\/lt\/#organization\"},\"potentialAction\":[{\"@type\":\"SearchAction\",\"target\":{\"@type\":\"EntryPoint\",\"urlTemplate\":\"https:\/\/old.elusvali.ee\/lt\/?s={search_term_string}\"},\"query-input\":{\"@type\":\"PropertyValueSpecification\",\"valueRequired\":true,\"valueName\":\"search_term_string\"}}],\"inLanguage\":\"lt-LT\"},{\"@type\":\"Organization\",\"@id\":\"https:\/\/old.elusvali.ee\/lt\/#organization\",\"name\":\"Elusv\u00e4li\",\"url\":\"https:\/\/old.elusvali.ee\/lt\/\",\"logo\":{\"@type\":\"ImageObject\",\"inLanguage\":\"lt-LT\",\"@id\":\"https:\/\/old.elusvali.ee\/lt\/#\/schema\/logo\/image\/\",\"url\":\"https:\/\/purenature.lt\/wp-content\/uploads\/2023\/07\/logo.png\",\"contentUrl\":\"https:\/\/purenature.lt\/wp-content\/uploads\/2023\/07\/logo.png\",\"width\":526,\"height\":146,\"caption\":\"Elusv\u00e4li\"},\"image\":{\"@id\":\"https:\/\/old.elusvali.ee\/lt\/#\/schema\/logo\/image\/\"},\"sameAs\":[\"https:\/\/www.facebook.com\/profile.php?id=100064131067985\",\"https:\/\/www.instagram.com\/elusvali\/\",\"https:\/\/www.youtube.com\/@elusvali2110\"]}]}<\/script>\n<!-- \/ Yoast SEO plugin. -->","yoast_head_json":{"title":"Ekologi\u0161kas silikagelis odai 150ml | Silicium Laboratories - Pure Nature","description":"Veiksmingas silicio dioksido gelis, pasi\u017eymintis absorbcin\u0117mis ir atkuriamosiomis savyb\u0117mis. Palaiko s\u0105nari\u0173 ir raumen\u0173 sveikat\u0105. U\u017ekerta keli\u0105 sen\u0117jimui, skatindamas kolageno sintez\u0119.","robots":{"index":"noindex","follow":"follow","max-snippet":"max-snippet:-1","max-image-preview":"max-image-preview:large","max-video-preview":"max-video-preview:-1"},"og_locale":"lt_LT","og_type":"article","og_title":"Ekologi\u0161kas silikagelis odai 150ml | Silicium Laboratories - Pure Nature","og_description":"Veiksmingas silicio dioksido gelis, pasi\u017eymintis absorbcin\u0117mis ir atkuriamosiomis savyb\u0117mis. Palaiko s\u0105nari\u0173 ir raumen\u0173 sveikat\u0105. U\u017ekerta keli\u0105 sen\u0117jimui, skatindamas kolageno sintez\u0119.","og_url":"https:\/\/old.elusvali.ee\/lt\/prek\u0117\/ekologiskas-silikagelis-odai-150ml-silicium-laboratories\/","og_site_name":"Elusv&auml;li","article_publisher":"https:\/\/www.facebook.com\/profile.php?id=100064131067985","article_modified_time":"2025-07-04T14:11:45+00:00","og_image":[{"width":1000,"height":1300,"url":"https:\/\/purenature.lt\/wp-content\/uploads\/2024\/11\/Silicum-laboratories-g7-gel.webp","type":"image\/webp"}],"twitter_card":"summary_large_image","twitter_misc":{"Est. reading time":"3 minut\u0117s"},"schema":{"@context":"https:\/\/schema.org","@graph":[{"@type":"WebPage","@id":"https:\/\/old.elusvali.ee\/lt\/prek\u0117\/ekologiskas-silikagelis-odai-150ml-silicium-laboratories\/","url":"https:\/\/old.elusvali.ee\/lt\/prek\u0117\/ekologiskas-silikagelis-odai-150ml-silicium-laboratories\/","name":"Ekologi\u0161kas silikagelis odai 150ml | Silicium Laboratories - Pure Nature","isPartOf":{"@id":"https:\/\/old.elusvali.ee\/lt\/#website"},"primaryImageOfPage":{"@id":"https:\/\/old.elusvali.ee\/lt\/prek\u0117\/ekologiskas-silikagelis-odai-150ml-silicium-laboratories\/#primaryimage"},"image":{"@id":"https:\/\/old.elusvali.ee\/lt\/prek\u0117\/ekologiskas-silikagelis-odai-150ml-silicium-laboratories\/#primaryimage"},"thumbnailUrl":"https:\/\/old.elusvali.ee\/wp-content\/uploads\/2024\/11\/Silicum-laboratories-g7-gel.webp","datePublished":"2024-12-13T09:25:20+00:00","dateModified":"2025-07-04T14:11:45+00:00","description":"Veiksmingas silicio dioksido gelis, pasi\u017eymintis absorbcin\u0117mis ir atkuriamosiomis savyb\u0117mis. Palaiko s\u0105nari\u0173 ir raumen\u0173 sveikat\u0105. U\u017ekerta keli\u0105 sen\u0117jimui, skatindamas kolageno sintez\u0119.","breadcrumb":{"@id":"https:\/\/old.elusvali.ee\/lt\/prek\u0117\/ekologiskas-silikagelis-odai-150ml-silicium-laboratories\/#breadcrumb"},"inLanguage":"lt-LT","potentialAction":[{"@type":"ReadAction","target":["https:\/\/old.elusvali.ee\/lt\/prek\u0117\/ekologiskas-silikagelis-odai-150ml-silicium-laboratories\/"]}]},{"@type":"ImageObject","inLanguage":"lt-LT","@id":"https:\/\/old.elusvali.ee\/lt\/prek\u0117\/ekologiskas-silikagelis-odai-150ml-silicium-laboratories\/#primaryimage","url":"https:\/\/old.elusvali.ee\/wp-content\/uploads\/2024\/11\/Silicum-laboratories-g7-gel.webp","contentUrl":"https:\/\/old.elusvali.ee\/wp-content\/uploads\/2024\/11\/Silicum-laboratories-g7-gel.webp","width":1000,"height":1300,"caption":"Silikagelis odai"},{"@type":"BreadcrumbList","@id":"https:\/\/old.elusvali.ee\/lt\/prek\u0117\/ekologiskas-silikagelis-odai-150ml-silicium-laboratories\/#breadcrumb","itemListElement":[{"@type":"ListItem","position":1,"name":"Home","item":"https:\/\/old.elusvali.ee\/lt\/"},{"@type":"ListItem","position":2,"name":"Elektronin\u0117 parduotuv\u0117","item":"https:\/\/purenature.lt\/parduotuve\/"},{"@type":"ListItem","position":3,"name":"Ekologi\u0161kas silikagelis odai 150ml | Silicium Laboratories"}]},{"@type":"WebSite","@id":"https:\/\/old.elusvali.ee\/lt\/#website","url":"https:\/\/old.elusvali.ee\/lt\/","name":"Elusv\u00e4li","description":"Puhas k&ouml;&ouml;k ja koduapteek","publisher":{"@id":"https:\/\/old.elusvali.ee\/lt\/#organization"},"potentialAction":[{"@type":"SearchAction","target":{"@type":"EntryPoint","urlTemplate":"https:\/\/old.elusvali.ee\/lt\/?s={search_term_string}"},"query-input":{"@type":"PropertyValueSpecification","valueRequired":true,"valueName":"search_term_string"}}],"inLanguage":"lt-LT"},{"@type":"Organization","@id":"https:\/\/old.elusvali.ee\/lt\/#organization","name":"Elusv\u00e4li","url":"https:\/\/old.elusvali.ee\/lt\/","logo":{"@type":"ImageObject","inLanguage":"lt-LT","@id":"https:\/\/old.elusvali.ee\/lt\/#\/schema\/logo\/image\/","url":"https:\/\/purenature.lt\/wp-content\/uploads\/2023\/07\/logo.png","contentUrl":"https:\/\/purenature.lt\/wp-content\/uploads\/2023\/07\/logo.png","width":526,"height":146,"caption":"Elusv\u00e4li"},"image":{"@id":"https:\/\/old.elusvali.ee\/lt\/#\/schema\/logo\/image\/"},"sameAs":["https:\/\/www.facebook.com\/profile.php?id=100064131067985","https:\/\/www.instagram.com\/elusvali\/","https:\/\/www.youtube.com\/@elusvali2110"]}]}},"_links":{"self":[{"href":"https:\/\/old.elusvali.ee\/lt\/wp-json\/wp\/v2\/product\/58188","targetHints":{"allow":["GET"]}}],"collection":[{"href":"https:\/\/old.elusvali.ee\/lt\/wp-json\/wp\/v2\/product"}],"about":[{"href":"https:\/\/old.elusvali.ee\/lt\/wp-json\/wp\/v2\/types\/product"}],"replies":[{"embeddable":true,"href":"https:\/\/old.elusvali.ee\/lt\/wp-json\/wp\/v2\/comments?post=58188"}],"version-history":[{"count":3,"href":"https:\/\/old.elusvali.ee\/lt\/wp-json\/wp\/v2\/product\/58188\/revisions"}],"predecessor-version":[{"id":60453,"href":"https:\/\/old.elusvali.ee\/lt\/wp-json\/wp\/v2\/product\/58188\/revisions\/60453"}],"wp:featuredmedia":[{"embeddable":true,"href":"https:\/\/old.elusvali.ee\/lt\/wp-json\/wp\/v2\/media\/53860"}],"wp:attachment":[{"href":"https:\/\/old.elusvali.ee\/lt\/wp-json\/wp\/v2\/media?parent=58188"}],"wp:term":[{"taxonomy":"product_brand","embeddable":true,"href":"https:\/\/old.elusvali.ee\/lt\/wp-json\/wp\/v2\/product_brand?post=58188"},{"taxonomy":"product_cat","embeddable":true,"href":"https:\/\/old.elusvali.ee\/lt\/wp-json\/wp\/v2\/product_cat?post=58188"},{"taxonomy":"product_tag","embeddable":true,"href":"https:\/\/old.elusvali.ee\/lt\/wp-json\/wp\/v2\/product_tag?post=58188"}],"curies":[{"name":"wp","href":"https:\/\/api.w.org\/{rel}","templated":true}]}}