{"id":57674,"date":"2024-12-04T09:56:45","date_gmt":"2024-12-04T07:56:45","guid":{"rendered":"https:\/\/old.elusvali.ee\/product\/kalifornijos-menuo-kalifornijos-aguona-hawaii-pharm\/"},"modified":"2025-07-06T22:01:20","modified_gmt":"2025-07-06T19:01:20","slug":"kaliforniniu-aguonu-120ml-hawaii-pharm","status":"publish","type":"product","link":"https:\/\/old.elusvali.ee\/lt\/prek\u0117\/kaliforniniu-aguonu-120ml-hawaii-pharm\/","title":{"rendered":"Kalifornini\u0173 aguon\u0173 ekstraktas 120ml | Hawaii Pharm"},"content":{"rendered":"<h2><strong>Kalifornin\u0117 aguona <em>(Eschscholzia californica<\/em>)<\/strong><\/h2>\n<p>Tai \u0161velnus ir raminantis augalas, laikomas svarbiu atsipalaidavimui ir gerai savijautai. \u0160i gra\u017ei g\u0117l\u0117 \u0161imtme\u010dius vertinama d\u0117l savo nat\u016brali\u0173 gydom\u0173j\u0173 savybi\u0173. Kalifornin\u0117 aguona yra vienmetis arba daugiametis augalas, u\u017eaugantis iki 13-30 cm auk\u0161\u010dio, apaug\u0119s pakaitomis \u0161akotais pilk\u0161vai m\u0117lynai \u017ealiais lapais su galinga \u0161akn\u0173 sistema. \u017diedai pavieniai, su geltonais ar oran\u017einiais \u017eiedlapiais. Kalifornin\u0117 aguona \u017eydi nuo vasario iki rugs\u0117jo m\u0117n. \u017diedai u\u017esidaro nakt\u012f arba esant \u0161altam v\u0117juotam orui, o ryte v\u0117l atsiveria, bet gali likti u\u017everti, esant debesuotam orui.<\/p>\n<p><img fetchpriority=\"high\" decoding=\"async\" class=\"size-medium wp-image-54032 alignleft\" src=\"https:\/\/purenature.lt\/wp-content\/uploads\/2024\/11\/Kalifornia-moon-supplement-facts-235x300.png\" alt=\"Kalifornijos m\u0117nulio sud\u0117tis\" width=\"235\" height=\"300\" srcset=\"https:\/\/old.elusvali.ee\/wp-content\/uploads\/2024\/11\/Kalifornia-moon-supplement-facts-235x300.png 235w, https:\/\/old.elusvali.ee\/wp-content\/uploads\/2024\/11\/Kalifornia-moon-supplement-facts-627x800.png 627w, https:\/\/old.elusvali.ee\/wp-content\/uploads\/2024\/11\/Kalifornia-moon-supplement-facts-430x548.png 430w, https:\/\/old.elusvali.ee\/wp-content\/uploads\/2024\/11\/Kalifornia-moon-supplement-facts-700x893.png 700w, https:\/\/old.elusvali.ee\/wp-content\/uploads\/2024\/11\/Kalifornia-moon-supplement-facts-150x191.png 150w, https:\/\/old.elusvali.ee\/wp-content\/uploads\/2024\/11\/Kalifornia-moon-supplement-facts.png 704w\" sizes=\"(max-width: 235px) 100vw, 235px\" \/><\/p>\n<ul>\n<li><strong>Ma\u017eina stres\u0105<\/strong>: kalifornin\u0117 aguona pasi\u017eymi raminamosiomis savyb\u0117mis. Gerai \u017einomos savyb\u0117s &#8211; atpalaiduoti nerv\u0173 sistem\u0105, suma\u017einti \u012ftamp\u0105 ir pad\u0117ti nuraminti prot\u0105.<\/li>\n<li><strong>Miego pagalbin\u0117 priemon\u0117<\/strong>: jei kamuoja nemiga arba miego sutrikimai, kalifornin\u0117 aguona gali b\u016bti j\u016bs\u0173 sprendimas. Ji da\u017enai naudojamas miego kokybei pagerinti ir geresniam poilsiui u\u017etikrinti.<\/li>\n<li><strong>Nuotaikos gerinimas<\/strong>: kalifornin\u0117s aguonos taip pat gali pagerinti nuotaik\u0105 ir suma\u017einti nerimo simptomus, tod\u0117l ji yra vertinga priemon\u0117 emocinei gerovei.<\/li>\n<li><strong>Skausmo mal\u0161inimas<\/strong>: \u0161i g\u0117l\u0117 tradici\u0161kai naudojama skausmui mal\u0161inti, ypa\u010d galvos, raumen\u0173 ir nerv\u0173 skausmui mal\u0161inti.<\/li>\n<li><strong>\u0160irdies sveikata<\/strong>: raminamosios kalifornin\u0117s aguonos savyb\u0117s taip pat padeda gerinti \u0161irdies ir kraujagysli\u0173 sistemos b\u016bkl\u0119, ma\u017eina kraujosp\u016bd\u012f ir padeda suma\u017einti su stresu susijusias \u0161irdies problemas.<\/li>\n<\/ul>\n<p><em>* Teiginiai paimti i\u0161 &#8222;Hawaii Pharm&#8221; svetain\u0117s.<\/em><\/p>\n<p>&nbsp;<\/p>\n<p>Pasak <strong>Medical Medium<\/strong> (Anthony William), kalifornin\u0117 aguona yra vienas fenomenaliausi\u0173 nat\u016brali\u0173 nuskausminam\u0173j\u0173 vaista\u017eoli\u0173, pasi\u017eymintis analgetin\u0117mis ir spazmolitin\u0117mis savyb\u0117mis, galintis pad\u0117ti mal\u0161inti \u016bm\u0173 nerv\u0173 ir raumen\u0173 skausm\u0105, kar\u0161\u010diavim\u0105, greit\u0105 puls\u0105 ir spazmin\u012f kosul\u012f. Anot Anthony William, kalifornin\u0117 aguona turi antimikrobini\u0173 savybi\u0173, tod\u0117l taip pat tinka \u012fvairioms \u017eaizdoms ir odos ligoms gydyti. Be to, \u0161i vaista\u017eol\u0117 pasi\u017eymi raminamuoju poveikiu, tod\u0117l yra labai naudinga ma\u017einant nerim\u0105, stres\u0105, panikos priepuolius, nemig\u0105, hipertenzij\u0105, vaik\u0173 kolikas ir \u0161lapinimosi \u012f lov\u0105 sutrikimus. Medical Medium ra\u0161o, kad kalifornin\u0117 aguona gali pad\u0117ti esant elgesio sutrikimams, tokiems kaip OKS, bipolinis sutrikimas, Alzheimerio liga ir ATH. I\u0161ori\u0161kai kalifornin\u0117 aguona gali b\u016bti naudojama galvos ut\u0117l\u0117ms \u0161alinti. Daugiau apie \u0161i\u0105 vaista\u017eol\u0119 galite paskaityti <a href=\"https:\/\/www.medicalmedium.com\/blog\/california-poppy#:~:text=California%20Poppy%20is%20a%20medicinal%20herb%20and%20flower,attacks%2C%20insomnia%2C%20hypertension%2C%20colic%20and%20bedwetting%20in%20children.\">Medical Medium tinklara\u0161tyje<\/a>. Hawaii Pharm kaliforini\u0173 aguon\u0173 tinkt\u016br\u0105 taip pat rasite<strong> Medical Medium<\/strong> (Anthony William) sudarytame rekomenduojam\u0173 papild\u0173 s\u0105ra\u0161e.<\/p>\n<h3 style=\"text-align: left;\"><strong>Sudedamosios dalys:<\/strong><\/h3>\n<ul>\n<li>Sertifikuotos ekologi\u0161kos d\u017eiovintos kalifornin\u0117s aguonos <em>(Eschscholzia californica<\/em>) s\u0117klos, augalinis glicerinas, i\u0161grynintas vanduo.<\/li>\n<li>Ekologi\u0161kas, nealkoholinis, be glitimo, be GMO<\/li>\n<li>Sud\u0117tyje n\u0117ra cukraus, mieli\u0173, citrinos r\u016bg\u0161ties, kukur\u016bz\u0173, druskos, kvie\u010di\u0173, sojos, dirbtini\u0173 da\u017eikli\u0173, pieno produkt\u0173, konservant\u0173, sintetini\u0173 pesticid\u0173 ir tr\u0105\u0161\u0173.<\/li>\n<li>Sud\u0117tyje yra tik nat\u016brali\u0173 ingredient\u0173.<\/li>\n<li>Kilm\u0117: JAV.<\/li>\n<\/ul>\n<h2><strong>Kaip vartoti kalifornin\u0117s aguonos ekstrakt\u0105?<\/strong><\/h2>\n<ul>\n<li><strong>Vartojimas: <\/strong>prie\u0161 naudojim\u0105 visada gerai suplakti! Vartokite po 1 pipet\u0119 (20-30 la\u0161\u0173) iki 4 kart\u0173 per dien\u0105 arba kaip nurod\u0117 sveikatos prie\u017ei\u016bros specialistas. Skystus ekstraktus geriausia vartoti \u012fla\u0161inus reikiam\u0105 kiek\u012f \u012f stiklin\u0119 vandens, arbatos ar sul\u010di\u0173 ir i\u0161gerti. Tinkt\u016br\u0105 taip pat galima sula\u0161inti tiesiai \u012f burn\u0105 be vandens.<\/li>\n<li><strong>Laikymas:<\/strong> laikyti v\u0117sioje, tamsioje, vaikams nepasiekiamoje vietoje. Pavyzd\u017eiui, u\u017edaroje virtuv\u0117s spintel\u0117je. Atidaryt\u0105 buteliuk\u0105 rekomenduojama laikyti \u0161aldytuve.<\/li>\n<li><strong>Kontraindikacijos<\/strong>: nevir\u0161ykite rekomenduojamos paros doz\u0117s. Nevartokite kaip \u012fvairios mitybos pakaitalo. Nevartoti, jei esate alergi\u0161ki bet kuriai sudedamajai daliai. Pasitarkite su gydytoju prie\u0161 duodami jaunesniems nei 18 met\u0173 vaikams, n\u0117\u0161tumo metu, \u017eindymo laikotarpiu ar vartojant vaistus. Gali tur\u0117ti \u012ftakos geb\u0117jimui vairuoti ir valdyti mechanizmus. Gali tur\u0117ti kontraindikacij\u0173, sukelti \u0161alutin\u012f poveik\u012f ir nepageidaujamas reakcijas. Nenaudoti, jei apsaugin\u0117 pl\u0117vel\u0117 pa\u017eeista arba jos n\u0117ra.<\/li>\n<\/ul>\n<p>Daugiau naudingos informacijos apie maisto papild\u0173 vartojim\u0105 galite rasti straipsnyje: <a href=\"https:\/\/purenature.lt\/3-dazniausiai-pasitaikancios-klaidos-vartojant-maisto-papildus\/\">3 da\u017eniausiai pasitaikan\u010dios klaidos, kurias \u017emon\u0117s daro, vartodami papildus.<\/a><\/p>\n<p><a href=\"https:\/\/hawaiipharm.com\/\" target=\"_blank\" rel=\"noopener\"><strong>Hawaii Pharm<\/strong><\/a> yra visame pasaulyje \u017einoma \u012fmon\u0117, si\u016blanti plat\u0173 auk\u0161tos kokyb\u0117s nat\u016brali\u0173 vaista\u017eoli\u0173 ekstrakt\u0173 ir papild\u0173 asortiment\u0105. Jie daugiausia d\u0117mesio skiria auk\u0161tos kokyb\u0117s ir veiksming\u0173 produkt\u0173 gamybai, naudodami sertifikuotus ekologi\u0161kus ingredientus. \u012emon\u0117s misija &#8211; skatinti sveikat\u0105 ir ger\u0105 savijaut\u0105 teikiant produktus, kurie palaiko nat\u016brali\u0105 organizmo pusiausvyr\u0105 ir padeda spr\u0119sti \u012fvairias sveikatos problemas. Hawaii Pharm savo ekstraktus gamina kruop\u0161\u010diai, laikydamasi grie\u017et\u0173 standart\u0173, kai kiekviena \u017eolel\u0117 i\u0161gaunama atsi\u017evelgiant \u012f kiekvieno augalo savybes! Auk\u0161\u010diausios kokyb\u0117s kalifornini\u0173 aguon\u0173 glicerino pagrindu pagamintas skystas ekstraktas gaminamas su meile augalams ir pagarba gamtai. Naudojamos tik sertifikuotos, eti\u0161kai gautos ir laukin\u0117s \u017ealiavos, augalinis palmi\u0173 glicerinas ir kri\u0161tolo skaidrumo i\u0161grynintas vanduo. Tikrai geriausias kalifornini\u0173 aguon\u0173 ekstraktas rinkoje!<\/p>\n<h2><strong><img decoding=\"async\" class=\"alignleft wp-image-54028 size-large\" src=\"https:\/\/purenature.lt\/wp-content\/uploads\/2024\/11\/California-Poppy-Hawaii-Pharm-1200x800.jpg\" alt=\"Kalifornijos m\u0117nulis lauke.\" width=\"1200\" height=\"800\" srcset=\"https:\/\/old.elusvali.ee\/wp-content\/uploads\/2024\/11\/California-Poppy-Hawaii-Pharm-1200x800.jpg 1200w, https:\/\/old.elusvali.ee\/wp-content\/uploads\/2024\/11\/California-Poppy-Hawaii-Pharm-400x267.jpg 400w, https:\/\/old.elusvali.ee\/wp-content\/uploads\/2024\/11\/California-Poppy-Hawaii-Pharm-768x512.jpg 768w, https:\/\/old.elusvali.ee\/wp-content\/uploads\/2024\/11\/California-Poppy-Hawaii-Pharm-430x287.jpg 430w, https:\/\/old.elusvali.ee\/wp-content\/uploads\/2024\/11\/California-Poppy-Hawaii-Pharm-700x467.jpg 700w, https:\/\/old.elusvali.ee\/wp-content\/uploads\/2024\/11\/California-Poppy-Hawaii-Pharm-150x100.jpg 150w, https:\/\/old.elusvali.ee\/wp-content\/uploads\/2024\/11\/California-Poppy-Hawaii-Pharm.jpg 1350w\" sizes=\"(max-width: 1200px) 100vw, 1200px\" \/><\/strong><\/h2>\n","protected":false},"excerpt":{"rendered":"<p>Hawaii Pharm ekologi\u0161kas kalifornini\u0173 aguon\u0173 ekstraktas yra b\u016btinas maisto papildas stresui ma\u017einti, miego kokybei ir \u0161irdies sveikatai gerinti bei skausmui ma\u017einti. Kalifornin\u0117s aguonos yra specialus nealkoholinis augalo ekstraktas, kurio sud\u0117tyje yra tik trys ingredientai: ekologi\u0161kos kalifornin\u0117s aguonos, ekologi\u0161kas glicerinas ir i\u0161grynintas vanduo.<\/p>\n<p>&nbsp;<\/p>\n","protected":false},"featured_media":53348,"comment_status":"open","ping_status":"closed","template":"","meta":{"_acf_changed":false},"product_brand":[],"product_cat":[728,473,486],"product_tag":[742,490],"class_list":{"0":"post-57674","1":"product","2":"type-product","3":"status-publish","4":"has-post-thumbnail","6":"product_cat-energija","7":"product_cat-maisto-papildai","8":"product_cat-su-nuolaida","9":"product_tag-hawaii-pharm-lt","10":"product_tag-skysciai","12":"first","13":"instock","14":"sale","15":"taxable","16":"shipping-taxable","17":"purchasable","18":"product-type-variable","19":"has-default-attributes"},"acf":[],"yoast_head":"<!-- This site is optimized with the Yoast SEO plugin v25.3.1 - https:\/\/yoast.com\/wordpress\/plugins\/seo\/ -->\n<title>Kalifornini\u0173 aguon\u0173 ekstraktas 120ml | Hawaii Pharm - Pure Nature<\/title>\n<meta name=\"description\" content=\"Kalifornijos aguona yra stiprus nat\u016bralus nuskausminamasis vaistas. Be to, ji pasi\u017eymi raminamosiomis savyb\u0117mis, kurios padeda suma\u017einti stres\u0105 ir pagerinti mieg\u0105.\" \/>\n<meta name=\"robots\" content=\"noindex, follow, max-snippet:-1, max-image-preview:large, max-video-preview:-1\" \/>\n<meta property=\"og:locale\" content=\"lt_LT\" \/>\n<meta property=\"og:type\" content=\"article\" \/>\n<meta property=\"og:title\" content=\"Kalifornini\u0173 aguon\u0173 ekstraktas 120ml | Hawaii Pharm - Pure Nature\" \/>\n<meta property=\"og:description\" content=\"Kalifornijos aguona yra stiprus nat\u016bralus nuskausminamasis vaistas. Be to, ji pasi\u017eymi raminamosiomis savyb\u0117mis, kurios padeda suma\u017einti stres\u0105 ir pagerinti mieg\u0105.\" \/>\n<meta property=\"og:url\" content=\"https:\/\/old.elusvali.ee\/lt\/prek\u0117\/kaliforniniu-aguonu-120ml-hawaii-pharm\/\" \/>\n<meta property=\"og:site_name\" content=\"Elusv&auml;li\" \/>\n<meta property=\"article:publisher\" content=\"https:\/\/www.facebook.com\/profile.php?id=100064131067985\" \/>\n<meta property=\"article:modified_time\" content=\"2025-07-06T19:01:20+00:00\" \/>\n<meta property=\"og:image\" content=\"https:\/\/old.elusvali.ee\/wp-content\/uploads\/2024\/10\/California-Poppy-Kalifornia-moon-120ml.webp\" \/>\n\t<meta property=\"og:image:width\" content=\"750\" \/>\n\t<meta property=\"og:image:height\" content=\"750\" \/>\n\t<meta property=\"og:image:type\" content=\"image\/webp\" \/>\n<meta name=\"twitter:card\" content=\"summary_large_image\" \/>\n<meta name=\"twitter:label1\" content=\"Est. reading time\" \/>\n\t<meta name=\"twitter:data1\" content=\"5 minut\u0117s\" \/>\n<script type=\"application\/ld+json\" class=\"yoast-schema-graph\">{\"@context\":\"https:\/\/schema.org\",\"@graph\":[{\"@type\":\"WebPage\",\"@id\":\"https:\/\/old.elusvali.ee\/lt\/prek\u0117\/kaliforniniu-aguonu-120ml-hawaii-pharm\/\",\"url\":\"https:\/\/old.elusvali.ee\/lt\/prek\u0117\/kaliforniniu-aguonu-120ml-hawaii-pharm\/\",\"name\":\"Kalifornini\u0173 aguon\u0173 ekstraktas 120ml | Hawaii Pharm - Pure Nature\",\"isPartOf\":{\"@id\":\"https:\/\/old.elusvali.ee\/lt\/#website\"},\"primaryImageOfPage\":{\"@id\":\"https:\/\/old.elusvali.ee\/lt\/prek\u0117\/kaliforniniu-aguonu-120ml-hawaii-pharm\/#primaryimage\"},\"image\":{\"@id\":\"https:\/\/old.elusvali.ee\/lt\/prek\u0117\/kaliforniniu-aguonu-120ml-hawaii-pharm\/#primaryimage\"},\"thumbnailUrl\":\"https:\/\/old.elusvali.ee\/wp-content\/uploads\/2024\/10\/California-Poppy-Kalifornia-moon-120ml.webp\",\"datePublished\":\"2024-12-04T07:56:45+00:00\",\"dateModified\":\"2025-07-06T19:01:20+00:00\",\"description\":\"Kalifornijos aguona yra stiprus nat\u016bralus nuskausminamasis vaistas. Be to, ji pasi\u017eymi raminamosiomis savyb\u0117mis, kurios padeda suma\u017einti stres\u0105 ir pagerinti mieg\u0105.\",\"breadcrumb\":{\"@id\":\"https:\/\/old.elusvali.ee\/lt\/prek\u0117\/kaliforniniu-aguonu-120ml-hawaii-pharm\/#breadcrumb\"},\"inLanguage\":\"lt-LT\",\"potentialAction\":[{\"@type\":\"ReadAction\",\"target\":[\"https:\/\/old.elusvali.ee\/lt\/prek\u0117\/kaliforniniu-aguonu-120ml-hawaii-pharm\/\"]}]},{\"@type\":\"ImageObject\",\"inLanguage\":\"lt-LT\",\"@id\":\"https:\/\/old.elusvali.ee\/lt\/prek\u0117\/kaliforniniu-aguonu-120ml-hawaii-pharm\/#primaryimage\",\"url\":\"https:\/\/old.elusvali.ee\/wp-content\/uploads\/2024\/10\/California-Poppy-Kalifornia-moon-120ml.webp\",\"contentUrl\":\"https:\/\/old.elusvali.ee\/wp-content\/uploads\/2024\/10\/California-Poppy-Kalifornia-moon-120ml.webp\",\"width\":750,\"height\":750,\"caption\":\"Kaliforniniu aguonu ekstraktas\"},{\"@type\":\"BreadcrumbList\",\"@id\":\"https:\/\/old.elusvali.ee\/lt\/prek\u0117\/kaliforniniu-aguonu-120ml-hawaii-pharm\/#breadcrumb\",\"itemListElement\":[{\"@type\":\"ListItem\",\"position\":1,\"name\":\"Home\",\"item\":\"https:\/\/old.elusvali.ee\/lt\/\"},{\"@type\":\"ListItem\",\"position\":2,\"name\":\"Elektronin\u0117 parduotuv\u0117\",\"item\":\"https:\/\/purenature.lt\/parduotuve\/\"},{\"@type\":\"ListItem\",\"position\":3,\"name\":\"Kalifornini\u0173 aguon\u0173 ekstraktas 120ml | Hawaii Pharm\"}]},{\"@type\":\"WebSite\",\"@id\":\"https:\/\/old.elusvali.ee\/lt\/#website\",\"url\":\"https:\/\/old.elusvali.ee\/lt\/\",\"name\":\"Elusv\u00e4li\",\"description\":\"Puhas k&ouml;&ouml;k ja koduapteek\",\"publisher\":{\"@id\":\"https:\/\/old.elusvali.ee\/lt\/#organization\"},\"potentialAction\":[{\"@type\":\"SearchAction\",\"target\":{\"@type\":\"EntryPoint\",\"urlTemplate\":\"https:\/\/old.elusvali.ee\/lt\/?s={search_term_string}\"},\"query-input\":{\"@type\":\"PropertyValueSpecification\",\"valueRequired\":true,\"valueName\":\"search_term_string\"}}],\"inLanguage\":\"lt-LT\"},{\"@type\":\"Organization\",\"@id\":\"https:\/\/old.elusvali.ee\/lt\/#organization\",\"name\":\"Elusv\u00e4li\",\"url\":\"https:\/\/old.elusvali.ee\/lt\/\",\"logo\":{\"@type\":\"ImageObject\",\"inLanguage\":\"lt-LT\",\"@id\":\"https:\/\/old.elusvali.ee\/lt\/#\/schema\/logo\/image\/\",\"url\":\"https:\/\/purenature.lt\/wp-content\/uploads\/2023\/07\/logo.png\",\"contentUrl\":\"https:\/\/purenature.lt\/wp-content\/uploads\/2023\/07\/logo.png\",\"width\":526,\"height\":146,\"caption\":\"Elusv\u00e4li\"},\"image\":{\"@id\":\"https:\/\/old.elusvali.ee\/lt\/#\/schema\/logo\/image\/\"},\"sameAs\":[\"https:\/\/www.facebook.com\/profile.php?id=100064131067985\",\"https:\/\/www.instagram.com\/elusvali\/\",\"https:\/\/www.youtube.com\/@elusvali2110\"]}]}<\/script>\n<!-- \/ Yoast SEO plugin. -->","yoast_head_json":{"title":"Kalifornini\u0173 aguon\u0173 ekstraktas 120ml | Hawaii Pharm - Pure Nature","description":"Kalifornijos aguona yra stiprus nat\u016bralus nuskausminamasis vaistas. Be to, ji pasi\u017eymi raminamosiomis savyb\u0117mis, kurios padeda suma\u017einti stres\u0105 ir pagerinti mieg\u0105.","robots":{"index":"noindex","follow":"follow","max-snippet":"max-snippet:-1","max-image-preview":"max-image-preview:large","max-video-preview":"max-video-preview:-1"},"og_locale":"lt_LT","og_type":"article","og_title":"Kalifornini\u0173 aguon\u0173 ekstraktas 120ml | Hawaii Pharm - Pure Nature","og_description":"Kalifornijos aguona yra stiprus nat\u016bralus nuskausminamasis vaistas. Be to, ji pasi\u017eymi raminamosiomis savyb\u0117mis, kurios padeda suma\u017einti stres\u0105 ir pagerinti mieg\u0105.","og_url":"https:\/\/old.elusvali.ee\/lt\/prek\u0117\/kaliforniniu-aguonu-120ml-hawaii-pharm\/","og_site_name":"Elusv&auml;li","article_publisher":"https:\/\/www.facebook.com\/profile.php?id=100064131067985","article_modified_time":"2025-07-06T19:01:20+00:00","og_image":[{"width":750,"height":750,"url":"https:\/\/old.elusvali.ee\/wp-content\/uploads\/2024\/10\/California-Poppy-Kalifornia-moon-120ml.webp","type":"image\/webp"}],"twitter_card":"summary_large_image","twitter_misc":{"Est. reading time":"5 minut\u0117s"},"schema":{"@context":"https:\/\/schema.org","@graph":[{"@type":"WebPage","@id":"https:\/\/old.elusvali.ee\/lt\/prek\u0117\/kaliforniniu-aguonu-120ml-hawaii-pharm\/","url":"https:\/\/old.elusvali.ee\/lt\/prek\u0117\/kaliforniniu-aguonu-120ml-hawaii-pharm\/","name":"Kalifornini\u0173 aguon\u0173 ekstraktas 120ml | Hawaii Pharm - Pure Nature","isPartOf":{"@id":"https:\/\/old.elusvali.ee\/lt\/#website"},"primaryImageOfPage":{"@id":"https:\/\/old.elusvali.ee\/lt\/prek\u0117\/kaliforniniu-aguonu-120ml-hawaii-pharm\/#primaryimage"},"image":{"@id":"https:\/\/old.elusvali.ee\/lt\/prek\u0117\/kaliforniniu-aguonu-120ml-hawaii-pharm\/#primaryimage"},"thumbnailUrl":"https:\/\/old.elusvali.ee\/wp-content\/uploads\/2024\/10\/California-Poppy-Kalifornia-moon-120ml.webp","datePublished":"2024-12-04T07:56:45+00:00","dateModified":"2025-07-06T19:01:20+00:00","description":"Kalifornijos aguona yra stiprus nat\u016bralus nuskausminamasis vaistas. Be to, ji pasi\u017eymi raminamosiomis savyb\u0117mis, kurios padeda suma\u017einti stres\u0105 ir pagerinti mieg\u0105.","breadcrumb":{"@id":"https:\/\/old.elusvali.ee\/lt\/prek\u0117\/kaliforniniu-aguonu-120ml-hawaii-pharm\/#breadcrumb"},"inLanguage":"lt-LT","potentialAction":[{"@type":"ReadAction","target":["https:\/\/old.elusvali.ee\/lt\/prek\u0117\/kaliforniniu-aguonu-120ml-hawaii-pharm\/"]}]},{"@type":"ImageObject","inLanguage":"lt-LT","@id":"https:\/\/old.elusvali.ee\/lt\/prek\u0117\/kaliforniniu-aguonu-120ml-hawaii-pharm\/#primaryimage","url":"https:\/\/old.elusvali.ee\/wp-content\/uploads\/2024\/10\/California-Poppy-Kalifornia-moon-120ml.webp","contentUrl":"https:\/\/old.elusvali.ee\/wp-content\/uploads\/2024\/10\/California-Poppy-Kalifornia-moon-120ml.webp","width":750,"height":750,"caption":"Kaliforniniu aguonu ekstraktas"},{"@type":"BreadcrumbList","@id":"https:\/\/old.elusvali.ee\/lt\/prek\u0117\/kaliforniniu-aguonu-120ml-hawaii-pharm\/#breadcrumb","itemListElement":[{"@type":"ListItem","position":1,"name":"Home","item":"https:\/\/old.elusvali.ee\/lt\/"},{"@type":"ListItem","position":2,"name":"Elektronin\u0117 parduotuv\u0117","item":"https:\/\/purenature.lt\/parduotuve\/"},{"@type":"ListItem","position":3,"name":"Kalifornini\u0173 aguon\u0173 ekstraktas 120ml | Hawaii Pharm"}]},{"@type":"WebSite","@id":"https:\/\/old.elusvali.ee\/lt\/#website","url":"https:\/\/old.elusvali.ee\/lt\/","name":"Elusv\u00e4li","description":"Puhas k&ouml;&ouml;k ja koduapteek","publisher":{"@id":"https:\/\/old.elusvali.ee\/lt\/#organization"},"potentialAction":[{"@type":"SearchAction","target":{"@type":"EntryPoint","urlTemplate":"https:\/\/old.elusvali.ee\/lt\/?s={search_term_string}"},"query-input":{"@type":"PropertyValueSpecification","valueRequired":true,"valueName":"search_term_string"}}],"inLanguage":"lt-LT"},{"@type":"Organization","@id":"https:\/\/old.elusvali.ee\/lt\/#organization","name":"Elusv\u00e4li","url":"https:\/\/old.elusvali.ee\/lt\/","logo":{"@type":"ImageObject","inLanguage":"lt-LT","@id":"https:\/\/old.elusvali.ee\/lt\/#\/schema\/logo\/image\/","url":"https:\/\/purenature.lt\/wp-content\/uploads\/2023\/07\/logo.png","contentUrl":"https:\/\/purenature.lt\/wp-content\/uploads\/2023\/07\/logo.png","width":526,"height":146,"caption":"Elusv\u00e4li"},"image":{"@id":"https:\/\/old.elusvali.ee\/lt\/#\/schema\/logo\/image\/"},"sameAs":["https:\/\/www.facebook.com\/profile.php?id=100064131067985","https:\/\/www.instagram.com\/elusvali\/","https:\/\/www.youtube.com\/@elusvali2110"]}]}},"_links":{"self":[{"href":"https:\/\/old.elusvali.ee\/lt\/wp-json\/wp\/v2\/product\/57674","targetHints":{"allow":["GET"]}}],"collection":[{"href":"https:\/\/old.elusvali.ee\/lt\/wp-json\/wp\/v2\/product"}],"about":[{"href":"https:\/\/old.elusvali.ee\/lt\/wp-json\/wp\/v2\/types\/product"}],"replies":[{"embeddable":true,"href":"https:\/\/old.elusvali.ee\/lt\/wp-json\/wp\/v2\/comments?post=57674"}],"version-history":[{"count":2,"href":"https:\/\/old.elusvali.ee\/lt\/wp-json\/wp\/v2\/product\/57674\/revisions"}],"predecessor-version":[{"id":57709,"href":"https:\/\/old.elusvali.ee\/lt\/wp-json\/wp\/v2\/product\/57674\/revisions\/57709"}],"wp:featuredmedia":[{"embeddable":true,"href":"https:\/\/old.elusvali.ee\/lt\/wp-json\/wp\/v2\/media\/53348"}],"wp:attachment":[{"href":"https:\/\/old.elusvali.ee\/lt\/wp-json\/wp\/v2\/media?parent=57674"}],"wp:term":[{"taxonomy":"product_brand","embeddable":true,"href":"https:\/\/old.elusvali.ee\/lt\/wp-json\/wp\/v2\/product_brand?post=57674"},{"taxonomy":"product_cat","embeddable":true,"href":"https:\/\/old.elusvali.ee\/lt\/wp-json\/wp\/v2\/product_cat?post=57674"},{"taxonomy":"product_tag","embeddable":true,"href":"https:\/\/old.elusvali.ee\/lt\/wp-json\/wp\/v2\/product_tag?post=57674"}],"curies":[{"name":"wp","href":"https:\/\/api.w.org\/{rel}","templated":true}]}}