{"id":57672,"date":"2024-12-04T09:56:42","date_gmt":"2024-12-04T07:56:42","guid":{"rendered":"https:\/\/old.elusvali.ee\/product\/lobeelija-lobelia-60ml-hawaii-pharm\/"},"modified":"2025-06-26T12:00:11","modified_gmt":"2025-06-26T09:00:11","slug":"lobelijos-ekstraktas-60ml-hawaii-pharm","status":"publish","type":"product","link":"https:\/\/old.elusvali.ee\/lt\/prek\u0117\/lobelijos-ekstraktas-60ml-hawaii-pharm\/","title":{"rendered":"Lobelijos ekstraktas 60ml | Hawaii Pharm"},"content":{"rendered":"<h2><strong>Lobelija <em>(Lobelia Inflata<\/em>)<\/strong><\/h2>\n<p>Tai \u0160iaur\u0117s Amerikoje augantis augalas, kuris jau daugel\u012f am\u017ei\u0173 naudojamas tradicin\u0117je liaudies medicinoje. Tai vienmetis arba dvimetis \u017eolinis augalas, dar vadinamas ind\u0117n\u0173 tabaku. Jis u\u017eauga iki 15-100 cm auk\u0161\u010dio, o jo stiebai padengti ma\u017eais plaukeliais. Lapai paprastai b\u016bna apie 8 cm ilgio, oval\u016bs ir dantyti. S\u0117klos ma\u017eos ir gausios, gelsvai rudos spalvos. \u017dydi nuo bir\u017eelio iki rugpj\u016b\u010dio, o vaisius veda rugpj\u016bt\u012f.<\/p>\n<p><img fetchpriority=\"high\" decoding=\"async\" class=\"wp-image-54102 size-medium alignleft\" src=\"https:\/\/purenature.lt\/wp-content\/uploads\/2024\/11\/Lobelia-Hawaii-Pharm-supplement-facts-238x300.png\" alt=\"\" width=\"238\" height=\"300\" srcset=\"https:\/\/old.elusvali.ee\/wp-content\/uploads\/2024\/11\/Lobelia-Hawaii-Pharm-supplement-facts-238x300.png 238w, https:\/\/old.elusvali.ee\/wp-content\/uploads\/2024\/11\/Lobelia-Hawaii-Pharm-supplement-facts-635x800.png 635w, https:\/\/old.elusvali.ee\/wp-content\/uploads\/2024\/11\/Lobelia-Hawaii-Pharm-supplement-facts-430x542.png 430w, https:\/\/old.elusvali.ee\/wp-content\/uploads\/2024\/11\/Lobelia-Hawaii-Pharm-supplement-facts-700x882.png 700w, https:\/\/old.elusvali.ee\/wp-content\/uploads\/2024\/11\/Lobelia-Hawaii-Pharm-supplement-facts-150x189.png 150w, https:\/\/old.elusvali.ee\/wp-content\/uploads\/2024\/11\/Lobelia-Hawaii-Pharm-supplement-facts.png 706w\" sizes=\"(max-width: 238px) 100vw, 238px\" \/><\/p>\n<ul>\n<li><strong>Kv\u0117pavimo tak\u0173 sveikata<\/strong>: tradici\u0161kai naudojama kv\u0117pavimo tak\u0173 problemoms, pavyzd\u017eiui, astmai, bronchitui ir kosuliui, lengvinti. Taip pat gali pad\u0117ti atpalaiduoti kv\u0117pavimo takus ir palengvinti kv\u0117pavim\u0105.<\/li>\n<li><strong>R\u016bkymo metimas<\/strong>: teigiama, kad tai gera pagalba metant r\u016bkyti. Manoma, kad jis ma\u017eina potrauk\u012f nikotinui ir abstinencijos simptomus.<\/li>\n<li><strong>Prie\u0161u\u017edegimin\u0117s savyb\u0117s<\/strong>: pasi\u017eymi prie\u0161u\u017edegimin\u0117mis savyb\u0117mis, kurios gali b\u016bti naudingos su u\u017edegimu susijusioms ligoms gydyti.<\/li>\n<li><strong>Kar\u0161\u010diavimo ma\u017einimas<\/strong>: kai kuriais atvejais vartojamas kar\u0161\u010diavimui ma\u017einti. Svarbu pasitarti su sveikatos prie\u017ei\u016bros specialistu, jei kar\u0161\u010diavimas nepraeina.<\/li>\n<li><strong>Raumen\u0173 relaksantas<\/strong>: gali veikti kaip raumenis atpalaiduojanti priemon\u0117. Jis vartojamas raumen\u0173 spazmams ir \u012ftampai ma\u017einti.<\/li>\n<li><strong>Vir\u0161kinimo sistemos sveikata<\/strong>: kai kuriose tradicin\u0117s medicinos praktikose lobelija buvo naudojama vir\u0161kinimo problemoms, pvz., vir\u0161kinimo sutrikimams ir viduri\u0173 u\u017ekiet\u0117jimui, mal\u0161inti.<\/li>\n<li><strong>Nerv\u0173 sistemos palaikymas:<\/strong> naudojamas d\u0117l galimo raminamojo poveikio nerv\u0173 sistemai, kuris gali pad\u0117ti suma\u017einti stres\u0105 ir nerim\u0105.<\/li>\n<li><strong>Liaudies medicina<\/strong>: Europoje ir Amerikoje lobelija nuo seno vartojama kaip vaista\u017eol\u0117 \u012fvairioms sveikatos problemoms gydyti.<\/li>\n<li><strong>D\u0117mesio<\/strong>: didel\u0117mis doz\u0117mis lobelija\u00a0gali sukelti pykinim\u0105 ir (arba) v\u0117mim\u0105. Be kvalifikuoto sveikatos prie\u017ei\u016bros specialisto patarimo nenaudokite pykinimui ir (arba) v\u0117mimui sukelti.<\/li>\n<\/ul>\n<p><em>* Teiginiai paimti i\u0161 &#8222;Hawaii Pharm&#8221; svetain\u0117s.<\/em><\/p>\n<p>Hawaii Pharm lobelijos ekstrak\u0105 taip pat galima rasti rekomenduojam\u0173 papild\u0173 s\u0105ra\u0161e, sudarytame <strong>Medical Medium<\/strong>\u00a0(Anthony William).<\/p>\n<h3 style=\"text-align: left;\"><strong>Sudedamosios dalys:<\/strong><\/h3>\n<ul>\n<li>D\u017eiovintos sertifikuotos ekologi\u0161kos lobelijos<i> <\/i>\u017eol\u0117s, augalinis glicerinas, i\u0161grynintas vanduo.<\/li>\n<li>Augalin\u0117s med\u017eiagos ir tirpalo santykis 1:3-4 w\/v.<\/li>\n<li>Lobelijos tinkt\u016bros sud\u0117tyje yra tik nat\u016bral\u016bs ingredientai!<\/li>\n<li>Be alkoholio, GMO, glitimo, sunki\u0173j\u0173 metal\u0173, dirbtini\u0173 da\u017eikli\u0173, konservant\u0173 ir sintetini\u0173 tr\u0105\u0161\u0173.<\/li>\n<li>Kilm\u0117: JAV.<\/li>\n<\/ul>\n<h3><strong>Kaip vartoti lobelijos ekstrakt\u0105?<\/strong><\/h3>\n<ul>\n<li><strong>Vartojimas:<\/strong> prie\u0161 naudojim\u0105 visada gerai suplakti! Vartokite po 1 pipet\u0119 (20-30 la\u0161\u0173) iki 4 kart\u0173 per dien\u0105 arba kaip nurod\u0117 sveikatos prie\u017ei\u016bros specialistas. Skystus ekstraktus geriausia vartoti \u012fla\u0161inus reikiam\u0105 kiek\u012f \u012f stiklin\u0119 vandens, arbatos ar sul\u010di\u0173 ir i\u0161gerti. Tinkt\u016br\u0105 taip pat galima la\u0161inti tiesiai \u012f burn\u0105 be vandens.<\/li>\n<li><strong>Laikymas:<\/strong> laikyti v\u0117sioje, tamsioje, vaikams nepasiekiamoje vietoje. Pavyzd\u017eiui, u\u017edaroje virtuv\u0117s spintel\u0117je. Atidaryt\u0105 buteliuk\u0105 rekomenduojama laikyti \u0161aldytuve.<\/li>\n<li><strong>Kontraindikacijos<\/strong>: nevir\u0161ykite rekomenduojamos paros doz\u0117s. Nevartokite kaip \u012fvairios mitybos pakaitalo. Nevartoti, jei esate alergi\u0161ki bet kuriai sudedamajai daliai. Pasitarkite su gydytoju prie\u0161 duodami jaunesniems nei 18 met\u0173 vaikams, n\u0117\u0161tumo metu, \u017eindymo laikotarpiu ar vartojant vaistus. Gali tur\u0117ti \u012ftakos geb\u0117jimui vairuoti ir valdyti mechanizmus. Gali tur\u0117ti kontraindikacij\u0173, sukelti \u0161alutin\u012f poveik\u012f ir nepageidaujamas reakcijas. Nenaudoti, jei apsaugin\u0117 pl\u0117vel\u0117 pa\u017eeista arba jos n\u0117ra.<\/li>\n<li>\u26a0\ufe0f <strong>\u012esp\u0117jimas<\/strong>: <em>Lobelia inflata<\/em> sud\u0117tyje yra alkaloid\u0173, kuri\u0173 didel\u0117s doz\u0117s gali b\u016bti toksi\u0161kos. J\u0105 reikia vartoti labai atsargiai ir konsultuojantis su kvalifikuotu sveikatos prie\u017ei\u016bros specialistu.<\/li>\n<\/ul>\n<p>Daugiau naudingos informacijos apie maisto papild\u0173 vartojim\u0105 galite rasti straipsnyje: <a href=\"https:\/\/purenature.lt\/3-dazniausiai-pasitaikancios-klaidos-vartojant-maisto-papildus\/\">3 da\u017eniausiai pasitaikan\u010dios klaidos, kurias \u017emon\u0117s daro, vartodami papildus.<\/a><\/p>\n<p><a href=\"https:\/\/hawaiipharm.com\/\" target=\"_blank\" rel=\"noopener\"><strong>Hawaii Pharm<\/strong><\/a> yra visame pasaulyje \u017einoma \u012fmon\u0117, si\u016blanti plat\u0173 auk\u0161tos kokyb\u0117s nat\u016brali\u0173 vaista\u017eoli\u0173 ekstrakt\u0173 ir papild\u0173 asortiment\u0105. Jie daugiausia d\u0117mesio skiria auk\u0161tos kokyb\u0117s ir veiksming\u0173 produkt\u0173 gamybai, naudodami sertifikuotus ekologi\u0161kus ingredientus. \u012emon\u0117s misija &#8211; skatinti sveikat\u0105 ir ger\u0105 savijaut\u0105 teikiant produktus, kurie palaiko nat\u016brali\u0105 organizmo pusiausvyr\u0105 ir padeda spr\u0119sti \u012fvairias sveikatos problemas. Hawaii Pharm savo ekstraktus gamina kruop\u0161\u010diai, laikydamasi grie\u017et\u0173 standart\u0173, kai kiekviena vaista\u017eol\u0117 i\u0161gaunama atsi\u017evelgiant \u012f kiekvieno augalo savybes! Auk\u0161\u010diausios kokyb\u0117s lobelij\u0173 skystasis ekstraktas gaminamas su meile augalams ir pagarba gamtai. Naudojamos tik sertifikuotos, eti\u0161kai gautos ir laukin\u0117s kilm\u0117s \u017ealiavos, augalinis palmi\u0173 glicerinas ir kri\u0161tolo skaidrumo i\u0161grynintas vanduo. Tikrai geriausias lobelij\u0173 ekstraktas rinkoje!<\/p>\n<p><img decoding=\"async\" class=\"alignleft wp-image-54079 size-large\" src=\"https:\/\/purenature.lt\/wp-content\/uploads\/2024\/11\/Lobelia-Hawaii-Pharm-1200x800.jpg\" alt=\"Lobelija. \" width=\"1200\" height=\"800\" srcset=\"https:\/\/old.elusvali.ee\/wp-content\/uploads\/2024\/11\/Lobelia-Hawaii-Pharm-1200x800.jpg 1200w, https:\/\/old.elusvali.ee\/wp-content\/uploads\/2024\/11\/Lobelia-Hawaii-Pharm-400x267.jpg 400w, https:\/\/old.elusvali.ee\/wp-content\/uploads\/2024\/11\/Lobelia-Hawaii-Pharm-768x512.jpg 768w, https:\/\/old.elusvali.ee\/wp-content\/uploads\/2024\/11\/Lobelia-Hawaii-Pharm-430x287.jpg 430w, https:\/\/old.elusvali.ee\/wp-content\/uploads\/2024\/11\/Lobelia-Hawaii-Pharm-700x467.jpg 700w, https:\/\/old.elusvali.ee\/wp-content\/uploads\/2024\/11\/Lobelia-Hawaii-Pharm-150x100.jpg 150w, https:\/\/old.elusvali.ee\/wp-content\/uploads\/2024\/11\/Lobelia-Hawaii-Pharm.jpg 1350w\" sizes=\"(max-width: 1200px) 100vw, 1200px\" \/><\/p>\n<p>&nbsp;<\/p>\n","protected":false},"excerpt":{"rendered":"<p>Lobelija<i>, <\/i>dar vadinama ind\u0117ni\u0161kuoju tabaku, yra \u017eolinis augalas, kil\u0119s i\u0161 \u0160iaur\u0117s Amerikos ir turintis daugyb\u0119 paskir\u010di\u0173. Tradicin\u0117je medicinoje ji buvo naudojama kv\u0117pavimo tak\u0173 ligoms, tokioms kaip astma ir bronchitas, lengvinti, taip pat kaip priemon\u0117, padedanti mesti r\u016bkyti. Lobelija turi potenciali\u0173 prie\u0161u\u017edegimini\u0173 ir raminam\u0173j\u0173 savybi\u0173, kurios gali pad\u0117ti \u012fveikti stres\u0105 ir nerim\u0105.<\/p>\n","protected":false},"featured_media":53435,"comment_status":"open","ping_status":"closed","template":"","meta":{"_acf_changed":false},"product_brand":[],"product_cat":[499,473,494],"product_tag":[742,490],"class_list":{"0":"post-57672","1":"product","2":"type-product","3":"status-publish","4":"has-post-thumbnail","6":"product_cat-kunui","7":"product_cat-maisto-papildai","8":"product_cat-smegenu-sveikata","9":"product_tag-hawaii-pharm-lt","10":"product_tag-skysciai","12":"first","13":"instock","14":"taxable","15":"shipping-taxable","16":"purchasable","17":"product-type-simple"},"acf":[],"yoast_head":"<!-- This site is optimized with the Yoast SEO plugin v25.3.1 - https:\/\/yoast.com\/wordpress\/plugins\/seo\/ -->\n<title>Lobelijos ekstraktas 60ml | Hawaii Pharm - Pure Nature<\/title>\n<meta name=\"description\" content=\"Lobelija palaiko kv\u0117pavimo tak\u0173 ir vir\u0161kinimo sistemos sveikat\u0105. Jis pasi\u017eymi prie\u0161u\u017edegimin\u0117mis ir kar\u0161\u010diavim\u0105 ma\u017einan\u010diomis savyb\u0117mis. Padeda mesti r\u016bkyti.\" \/>\n<meta name=\"robots\" content=\"noindex, follow, max-snippet:-1, max-image-preview:large, max-video-preview:-1\" \/>\n<meta property=\"og:locale\" content=\"lt_LT\" \/>\n<meta property=\"og:type\" content=\"article\" \/>\n<meta property=\"og:title\" content=\"Lobelijos ekstraktas 60ml | Hawaii Pharm - Pure Nature\" \/>\n<meta property=\"og:description\" content=\"Lobelija palaiko kv\u0117pavimo tak\u0173 ir vir\u0161kinimo sistemos sveikat\u0105. Jis pasi\u017eymi prie\u0161u\u017edegimin\u0117mis ir kar\u0161\u010diavim\u0105 ma\u017einan\u010diomis savyb\u0117mis. Padeda mesti r\u016bkyti.\" \/>\n<meta property=\"og:url\" content=\"https:\/\/old.elusvali.ee\/lt\/prek\u0117\/lobelijos-ekstraktas-60ml-hawaii-pharm\/\" \/>\n<meta property=\"og:site_name\" content=\"Elusv&auml;li\" \/>\n<meta property=\"article:publisher\" content=\"https:\/\/www.facebook.com\/profile.php?id=100064131067985\" \/>\n<meta property=\"article:modified_time\" content=\"2025-06-26T09:00:11+00:00\" \/>\n<meta property=\"og:image\" content=\"https:\/\/purenature.lt\/wp-content\/uploads\/2024\/10\/Lobelia-Hawaii-Pharm-60ml-Europe.webp\" \/>\n\t<meta property=\"og:image:width\" content=\"720\" \/>\n\t<meta property=\"og:image:height\" content=\"720\" \/>\n\t<meta property=\"og:image:type\" content=\"image\/webp\" \/>\n<meta name=\"twitter:card\" content=\"summary_large_image\" \/>\n<meta name=\"twitter:label1\" content=\"Est. reading time\" \/>\n\t<meta name=\"twitter:data1\" content=\"4 minut\u0117s\" \/>\n<script type=\"application\/ld+json\" class=\"yoast-schema-graph\">{\"@context\":\"https:\/\/schema.org\",\"@graph\":[{\"@type\":\"WebPage\",\"@id\":\"https:\/\/old.elusvali.ee\/lt\/prek\u0117\/lobelijos-ekstraktas-60ml-hawaii-pharm\/\",\"url\":\"https:\/\/old.elusvali.ee\/lt\/prek\u0117\/lobelijos-ekstraktas-60ml-hawaii-pharm\/\",\"name\":\"Lobelijos ekstraktas 60ml | Hawaii Pharm - Pure Nature\",\"isPartOf\":{\"@id\":\"https:\/\/old.elusvali.ee\/lt\/#website\"},\"primaryImageOfPage\":{\"@id\":\"https:\/\/old.elusvali.ee\/lt\/prek\u0117\/lobelijos-ekstraktas-60ml-hawaii-pharm\/#primaryimage\"},\"image\":{\"@id\":\"https:\/\/old.elusvali.ee\/lt\/prek\u0117\/lobelijos-ekstraktas-60ml-hawaii-pharm\/#primaryimage\"},\"thumbnailUrl\":\"https:\/\/old.elusvali.ee\/wp-content\/uploads\/2024\/10\/Lobelia-Hawaii-Pharm-60ml-Europe.webp\",\"datePublished\":\"2024-12-04T07:56:42+00:00\",\"dateModified\":\"2025-06-26T09:00:11+00:00\",\"description\":\"Lobelija palaiko kv\u0117pavimo tak\u0173 ir vir\u0161kinimo sistemos sveikat\u0105. Jis pasi\u017eymi prie\u0161u\u017edegimin\u0117mis ir kar\u0161\u010diavim\u0105 ma\u017einan\u010diomis savyb\u0117mis. Padeda mesti r\u016bkyti.\",\"breadcrumb\":{\"@id\":\"https:\/\/old.elusvali.ee\/lt\/prek\u0117\/lobelijos-ekstraktas-60ml-hawaii-pharm\/#breadcrumb\"},\"inLanguage\":\"lt-LT\",\"potentialAction\":[{\"@type\":\"ReadAction\",\"target\":[\"https:\/\/old.elusvali.ee\/lt\/prek\u0117\/lobelijos-ekstraktas-60ml-hawaii-pharm\/\"]}]},{\"@type\":\"ImageObject\",\"inLanguage\":\"lt-LT\",\"@id\":\"https:\/\/old.elusvali.ee\/lt\/prek\u0117\/lobelijos-ekstraktas-60ml-hawaii-pharm\/#primaryimage\",\"url\":\"https:\/\/old.elusvali.ee\/wp-content\/uploads\/2024\/10\/Lobelia-Hawaii-Pharm-60ml-Europe.webp\",\"contentUrl\":\"https:\/\/old.elusvali.ee\/wp-content\/uploads\/2024\/10\/Lobelia-Hawaii-Pharm-60ml-Europe.webp\",\"width\":720,\"height\":720,\"caption\":\"Lobelijos ekstrakasLobelijos ekstrakas\"},{\"@type\":\"BreadcrumbList\",\"@id\":\"https:\/\/old.elusvali.ee\/lt\/prek\u0117\/lobelijos-ekstraktas-60ml-hawaii-pharm\/#breadcrumb\",\"itemListElement\":[{\"@type\":\"ListItem\",\"position\":1,\"name\":\"Home\",\"item\":\"https:\/\/old.elusvali.ee\/lt\/\"},{\"@type\":\"ListItem\",\"position\":2,\"name\":\"Elektronin\u0117 parduotuv\u0117\",\"item\":\"https:\/\/purenature.lt\/parduotuve\/\"},{\"@type\":\"ListItem\",\"position\":3,\"name\":\"Lobelijos ekstraktas 60ml | Hawaii Pharm\"}]},{\"@type\":\"WebSite\",\"@id\":\"https:\/\/old.elusvali.ee\/lt\/#website\",\"url\":\"https:\/\/old.elusvali.ee\/lt\/\",\"name\":\"Elusv\u00e4li\",\"description\":\"Puhas k&ouml;&ouml;k ja koduapteek\",\"publisher\":{\"@id\":\"https:\/\/old.elusvali.ee\/lt\/#organization\"},\"potentialAction\":[{\"@type\":\"SearchAction\",\"target\":{\"@type\":\"EntryPoint\",\"urlTemplate\":\"https:\/\/old.elusvali.ee\/lt\/?s={search_term_string}\"},\"query-input\":{\"@type\":\"PropertyValueSpecification\",\"valueRequired\":true,\"valueName\":\"search_term_string\"}}],\"inLanguage\":\"lt-LT\"},{\"@type\":\"Organization\",\"@id\":\"https:\/\/old.elusvali.ee\/lt\/#organization\",\"name\":\"Elusv\u00e4li\",\"url\":\"https:\/\/old.elusvali.ee\/lt\/\",\"logo\":{\"@type\":\"ImageObject\",\"inLanguage\":\"lt-LT\",\"@id\":\"https:\/\/old.elusvali.ee\/lt\/#\/schema\/logo\/image\/\",\"url\":\"https:\/\/purenature.lt\/wp-content\/uploads\/2023\/07\/logo.png\",\"contentUrl\":\"https:\/\/purenature.lt\/wp-content\/uploads\/2023\/07\/logo.png\",\"width\":526,\"height\":146,\"caption\":\"Elusv\u00e4li\"},\"image\":{\"@id\":\"https:\/\/old.elusvali.ee\/lt\/#\/schema\/logo\/image\/\"},\"sameAs\":[\"https:\/\/www.facebook.com\/profile.php?id=100064131067985\",\"https:\/\/www.instagram.com\/elusvali\/\",\"https:\/\/www.youtube.com\/@elusvali2110\"]}]}<\/script>\n<!-- \/ Yoast SEO plugin. -->","yoast_head_json":{"title":"Lobelijos ekstraktas 60ml | Hawaii Pharm - Pure Nature","description":"Lobelija palaiko kv\u0117pavimo tak\u0173 ir vir\u0161kinimo sistemos sveikat\u0105. Jis pasi\u017eymi prie\u0161u\u017edegimin\u0117mis ir kar\u0161\u010diavim\u0105 ma\u017einan\u010diomis savyb\u0117mis. Padeda mesti r\u016bkyti.","robots":{"index":"noindex","follow":"follow","max-snippet":"max-snippet:-1","max-image-preview":"max-image-preview:large","max-video-preview":"max-video-preview:-1"},"og_locale":"lt_LT","og_type":"article","og_title":"Lobelijos ekstraktas 60ml | Hawaii Pharm - Pure Nature","og_description":"Lobelija palaiko kv\u0117pavimo tak\u0173 ir vir\u0161kinimo sistemos sveikat\u0105. Jis pasi\u017eymi prie\u0161u\u017edegimin\u0117mis ir kar\u0161\u010diavim\u0105 ma\u017einan\u010diomis savyb\u0117mis. Padeda mesti r\u016bkyti.","og_url":"https:\/\/old.elusvali.ee\/lt\/prek\u0117\/lobelijos-ekstraktas-60ml-hawaii-pharm\/","og_site_name":"Elusv&auml;li","article_publisher":"https:\/\/www.facebook.com\/profile.php?id=100064131067985","article_modified_time":"2025-06-26T09:00:11+00:00","og_image":[{"width":720,"height":720,"url":"https:\/\/purenature.lt\/wp-content\/uploads\/2024\/10\/Lobelia-Hawaii-Pharm-60ml-Europe.webp","type":"image\/webp"}],"twitter_card":"summary_large_image","twitter_misc":{"Est. reading time":"4 minut\u0117s"},"schema":{"@context":"https:\/\/schema.org","@graph":[{"@type":"WebPage","@id":"https:\/\/old.elusvali.ee\/lt\/prek\u0117\/lobelijos-ekstraktas-60ml-hawaii-pharm\/","url":"https:\/\/old.elusvali.ee\/lt\/prek\u0117\/lobelijos-ekstraktas-60ml-hawaii-pharm\/","name":"Lobelijos ekstraktas 60ml | Hawaii Pharm - Pure Nature","isPartOf":{"@id":"https:\/\/old.elusvali.ee\/lt\/#website"},"primaryImageOfPage":{"@id":"https:\/\/old.elusvali.ee\/lt\/prek\u0117\/lobelijos-ekstraktas-60ml-hawaii-pharm\/#primaryimage"},"image":{"@id":"https:\/\/old.elusvali.ee\/lt\/prek\u0117\/lobelijos-ekstraktas-60ml-hawaii-pharm\/#primaryimage"},"thumbnailUrl":"https:\/\/old.elusvali.ee\/wp-content\/uploads\/2024\/10\/Lobelia-Hawaii-Pharm-60ml-Europe.webp","datePublished":"2024-12-04T07:56:42+00:00","dateModified":"2025-06-26T09:00:11+00:00","description":"Lobelija palaiko kv\u0117pavimo tak\u0173 ir vir\u0161kinimo sistemos sveikat\u0105. Jis pasi\u017eymi prie\u0161u\u017edegimin\u0117mis ir kar\u0161\u010diavim\u0105 ma\u017einan\u010diomis savyb\u0117mis. Padeda mesti r\u016bkyti.","breadcrumb":{"@id":"https:\/\/old.elusvali.ee\/lt\/prek\u0117\/lobelijos-ekstraktas-60ml-hawaii-pharm\/#breadcrumb"},"inLanguage":"lt-LT","potentialAction":[{"@type":"ReadAction","target":["https:\/\/old.elusvali.ee\/lt\/prek\u0117\/lobelijos-ekstraktas-60ml-hawaii-pharm\/"]}]},{"@type":"ImageObject","inLanguage":"lt-LT","@id":"https:\/\/old.elusvali.ee\/lt\/prek\u0117\/lobelijos-ekstraktas-60ml-hawaii-pharm\/#primaryimage","url":"https:\/\/old.elusvali.ee\/wp-content\/uploads\/2024\/10\/Lobelia-Hawaii-Pharm-60ml-Europe.webp","contentUrl":"https:\/\/old.elusvali.ee\/wp-content\/uploads\/2024\/10\/Lobelia-Hawaii-Pharm-60ml-Europe.webp","width":720,"height":720,"caption":"Lobelijos ekstrakasLobelijos ekstrakas"},{"@type":"BreadcrumbList","@id":"https:\/\/old.elusvali.ee\/lt\/prek\u0117\/lobelijos-ekstraktas-60ml-hawaii-pharm\/#breadcrumb","itemListElement":[{"@type":"ListItem","position":1,"name":"Home","item":"https:\/\/old.elusvali.ee\/lt\/"},{"@type":"ListItem","position":2,"name":"Elektronin\u0117 parduotuv\u0117","item":"https:\/\/purenature.lt\/parduotuve\/"},{"@type":"ListItem","position":3,"name":"Lobelijos ekstraktas 60ml | Hawaii Pharm"}]},{"@type":"WebSite","@id":"https:\/\/old.elusvali.ee\/lt\/#website","url":"https:\/\/old.elusvali.ee\/lt\/","name":"Elusv\u00e4li","description":"Puhas k&ouml;&ouml;k ja koduapteek","publisher":{"@id":"https:\/\/old.elusvali.ee\/lt\/#organization"},"potentialAction":[{"@type":"SearchAction","target":{"@type":"EntryPoint","urlTemplate":"https:\/\/old.elusvali.ee\/lt\/?s={search_term_string}"},"query-input":{"@type":"PropertyValueSpecification","valueRequired":true,"valueName":"search_term_string"}}],"inLanguage":"lt-LT"},{"@type":"Organization","@id":"https:\/\/old.elusvali.ee\/lt\/#organization","name":"Elusv\u00e4li","url":"https:\/\/old.elusvali.ee\/lt\/","logo":{"@type":"ImageObject","inLanguage":"lt-LT","@id":"https:\/\/old.elusvali.ee\/lt\/#\/schema\/logo\/image\/","url":"https:\/\/purenature.lt\/wp-content\/uploads\/2023\/07\/logo.png","contentUrl":"https:\/\/purenature.lt\/wp-content\/uploads\/2023\/07\/logo.png","width":526,"height":146,"caption":"Elusv\u00e4li"},"image":{"@id":"https:\/\/old.elusvali.ee\/lt\/#\/schema\/logo\/image\/"},"sameAs":["https:\/\/www.facebook.com\/profile.php?id=100064131067985","https:\/\/www.instagram.com\/elusvali\/","https:\/\/www.youtube.com\/@elusvali2110"]}]}},"_links":{"self":[{"href":"https:\/\/old.elusvali.ee\/lt\/wp-json\/wp\/v2\/product\/57672","targetHints":{"allow":["GET"]}}],"collection":[{"href":"https:\/\/old.elusvali.ee\/lt\/wp-json\/wp\/v2\/product"}],"about":[{"href":"https:\/\/old.elusvali.ee\/lt\/wp-json\/wp\/v2\/types\/product"}],"replies":[{"embeddable":true,"href":"https:\/\/old.elusvali.ee\/lt\/wp-json\/wp\/v2\/comments?post=57672"}],"version-history":[{"count":2,"href":"https:\/\/old.elusvali.ee\/lt\/wp-json\/wp\/v2\/product\/57672\/revisions"}],"predecessor-version":[{"id":57705,"href":"https:\/\/old.elusvali.ee\/lt\/wp-json\/wp\/v2\/product\/57672\/revisions\/57705"}],"wp:featuredmedia":[{"embeddable":true,"href":"https:\/\/old.elusvali.ee\/lt\/wp-json\/wp\/v2\/media\/53435"}],"wp:attachment":[{"href":"https:\/\/old.elusvali.ee\/lt\/wp-json\/wp\/v2\/media?parent=57672"}],"wp:term":[{"taxonomy":"product_brand","embeddable":true,"href":"https:\/\/old.elusvali.ee\/lt\/wp-json\/wp\/v2\/product_brand?post=57672"},{"taxonomy":"product_cat","embeddable":true,"href":"https:\/\/old.elusvali.ee\/lt\/wp-json\/wp\/v2\/product_cat?post=57672"},{"taxonomy":"product_tag","embeddable":true,"href":"https:\/\/old.elusvali.ee\/lt\/wp-json\/wp\/v2\/product_tag?post=57672"}],"curies":[{"name":"wp","href":"https:\/\/api.w.org\/{rel}","templated":true}]}}