{"id":57661,"date":"2024-12-04T09:56:35","date_gmt":"2024-12-04T07:56:35","guid":{"rendered":"https:\/\/old.elusvali.ee\/product\/laukines-vysnios-60-ml-hawaii-pharm\/"},"modified":"2025-05-20T17:44:25","modified_gmt":"2025-05-20T14:44:25","slug":"laukines-vysnios-ekstraktas-60-ml-hawaii-pharm","status":"publish","type":"product","link":"https:\/\/old.elusvali.ee\/lt\/prek\u0117\/laukines-vysnios-ekstraktas-60-ml-hawaii-pharm\/","title":{"rendered":"Laukin\u0117s vy\u0161nios ekstraktas 60 ml | Hawaii Pharm"},"content":{"rendered":"<h2><strong>Laukin\u0117 vy\u0161nia &#8211; Vird\u017einijos laukin\u0117 juodoji vy\u0161nia arba v\u0117lyvoji ieva <em>(Prunus serotina<\/em>)<\/strong><\/h2>\n<p>\u0160iaur\u0117s Amerikoje augantis medis. \u012evairios med\u017eio dalys, \u012fskaitant \u017eiev\u0119 ir vaisius, tradici\u0161kai naudojamos medicinoje sveikatai gerinti. Tai\u00a0 greitai augantis lapuo\u010di\u0173 medis, kurio auk\u0161tis siekia 18-27 m. Medis turi taisykling\u0105 oval\u0173 tank\u0173 lap\u0173 vainik\u0105. Jaun\u0173 medeli\u0173 \u017eiev\u0117 lygi, \u0161akel\u0117s svyran\u010dios, plonos, rausvai rudos spalvos. Lapai 6-14 cm ilgio, ovalo formos. \u017diedai apie 8 mm skersmens, balti, svyruokliniai, kvap\u016bs, susitelk\u0119 6-15 cm ilgio \u017eiedynuose. Vaisiai violeti\u0161kai raudoni, apie 1 cm skersmens, prinok\u0119 beveik juodi.<\/p>\n<p><img fetchpriority=\"high\" decoding=\"async\" class=\"size-medium wp-image-54151 alignleft\" src=\"https:\/\/purenature.lt\/wp-content\/uploads\/2024\/11\/Wild-Cherry-Hawaii-Pharm-supplement-facts-234x300.png\" alt=\"laukin\u0117 vy\u0161nia.\" width=\"234\" height=\"300\" srcset=\"https:\/\/old.elusvali.ee\/wp-content\/uploads\/2024\/11\/Wild-Cherry-Hawaii-Pharm-supplement-facts-234x300.png 234w, https:\/\/old.elusvali.ee\/wp-content\/uploads\/2024\/11\/Wild-Cherry-Hawaii-Pharm-supplement-facts-625x800.png 625w, https:\/\/old.elusvali.ee\/wp-content\/uploads\/2024\/11\/Wild-Cherry-Hawaii-Pharm-supplement-facts-430x550.png 430w, https:\/\/old.elusvali.ee\/wp-content\/uploads\/2024\/11\/Wild-Cherry-Hawaii-Pharm-supplement-facts-150x192.png 150w, https:\/\/old.elusvali.ee\/wp-content\/uploads\/2024\/11\/Wild-Cherry-Hawaii-Pharm-supplement-facts.png 694w\" sizes=\"(max-width: 234px) 100vw, 234px\" \/><\/p>\n<ul>\n<li><strong>Kv\u0117pavimo tak\u0173 sveikata<\/strong>: laukini\u0173 vy\u0161ni\u0173 \u017eiev\u0117 tradici\u0161kai vartojama kv\u0117pavimo takams raminti ir kosulio bei bronchito simptomams lengvinti.<\/li>\n<li><strong>Prie\u0161u\u017edegiminis poveikis<\/strong>: kai kurie tyrimai rodo, kad laukini\u0173 vy\u0161ni\u0173 \u017eiev\u0117 gali tur\u0117ti prie\u0161u\u017edegimini\u0173 savybi\u0173, kurios gali pad\u0117ti suma\u017einti u\u017edegim\u0105 organizme.<\/li>\n<li><strong>Antioksidantai<\/strong>: padeda kovoti su oksidaciniu stresu ir apsaugo l\u0105steles nuo laisv\u0173j\u0173 radikal\u0173 \u017ealos.<\/li>\n<li>Vaisiai kartais naudojami sirupams nuo kosulio ir vaista\u017eoli\u0173 arbatoms gaminti, kad palengvint\u0173 per\u0161alimo ir gripo simptomus.<\/li>\n<li><strong>Tradicin\u0117 medicina<\/strong>: laukin\u0117s vy\u0161nios nuo seno naudojamos tradicin\u0117je \u017eolininkyst\u0117je, ypa\u010d Amerikos ind\u0117n\u0173, \u012fvairioms sveikatos problemoms gydyti.<\/li>\n<li><strong>Vir\u0161kinimo sistemos sveikata<\/strong>: kai kurie tradiciniai laukini\u0173 vy\u0161ni\u0173 vartojimo b\u016bdai apima ir vir\u0161kinimo sistemos palaikym\u0105. Nors tam reikia daugiau tyrim\u0173.<\/li>\n<\/ul>\n<p><em>* Teiginiai paimti i\u0161 &#8222;Hawaii Pharm&#8221; internetin\u0117s svetain\u0117s.<\/em><\/p>\n<p><strong>Medical Medium<\/strong> (Anthony William) ra\u0161o, kad laukin\u0117s vy\u0161nios d\u0117l antivirusini\u0173, antibakterini\u0173 ir prie\u0161v\u0117\u017eini\u0173 savybi\u0173 vartojamos jau \u0161imtus met\u0173. Jose gausu mineral\u0173, toki\u0173 kaip cinkas, gele\u017eis, kalcis ir magnis, ir fitochemini\u0173 med\u017eiag\u0173, toki\u0173 kaip kvercetinas ir kaempferolis. Laukini\u0173 vy\u0161ni\u0173 \u017eiev\u0117 taip pat pasi\u017eymi kraujagysles ple\u010dian\u010diu, atsikos\u0117jim\u0105 ma\u017einan\u010diu ir prie\u0161u\u017edegiminiu poveikiu ir gali labai pad\u0117ti pa\u0161alinti gleives i\u0161 plau\u010di\u0173 bei pagerinti limfos funkcij\u0105. Daugiau galite paskaityti <a href=\"https:\/\/www.medicalmedium.com\/blog\/wild-cherry-bark\">Medical Medium tinklara\u0161tyje<\/a>. Hawaii Pharm laukini\u0173 vy\u0161ni\u0173 \u017eiev\u0119 taip pat rasite ir <strong>Medical Medium<\/strong> (Anthony William) rekomenduojam\u0173 maisto papild\u0173 s\u0105ra\u0161e.<\/p>\n<h3 style=\"text-align: left;\"><strong>Sudedamosios dalys:<\/strong><\/h3>\n<ul>\n<li>D\u017eiovinta sertifikuotos ekologi\u0161kos laukin\u0117s vy\u0161nios <em>(Prunus serotina<\/em>) \u017eiev\u0117, augalinis palmi\u0173 glicerinas, i\u0161grynintas vanduo.<\/li>\n<li>Sud\u0117tyje yra tik nat\u016bral\u016bs ingredientai.<\/li>\n<li>Be alkoholio, be glitimo, be GMO.<\/li>\n<li>Sud\u0117tyje n\u0117ra cukraus, mieli\u0173, citrinos r\u016bg\u0161ties, kukur\u016bz\u0173, druskos, kvie\u010di\u0173, sojos, dirbtini\u0173 da\u017eikli\u0173, pieno produkt\u0173, konservant\u0173, sintetini\u0173 pesticid\u0173 ir tr\u0105\u0161\u0173.<\/li>\n<li>Kilm\u0117: JAV.<\/li>\n<\/ul>\n<h3><strong>Kaip vartoti laukini\u0173 vy\u0161ni\u0173 ekstrakt\u0105?<\/strong><\/h3>\n<ul>\n<li><strong>Vartojimas:<\/strong> prie\u0161 naudojim\u0105 kiekvien\u0105 kart\u0105 gerai suplakti! Vartokite po 1 pipet\u0119 (20-30 la\u0161\u0173) iki 4 kart\u0173 per dien\u0105 arba kaip nurod\u0117 sveikatos prie\u017ei\u016bros specialistas. Skystus ekstraktus geriausia vartoti \u012fpylus reikiam\u0105 kiek\u012f \u012f stiklin\u0119 vandens, arbatos ar sul\u010di\u0173 ir i\u0161gerti. Tinkt\u016br\u0105 taip pat galima sula\u0161inti tiesiai \u012f burn\u0105 be vandens.<\/li>\n<li><strong>Laikymas:<\/strong> laikyti v\u0117sioje, tamsioje, vaikams nepasiekaimoje vietoje. Pavyzd\u017eiui, u\u017edaroje virtuv\u0117s spintel\u0117je. Atidaryt\u0105 buteliuk\u0105 geriausia laikyti \u0161aldytuve.<\/li>\n<li><strong>Kontraindikacijos<\/strong>: nevir\u0161ykite rekomenduojamos paros doz\u0117s. Nevartokite kaip \u012fvairios mitybos pakaitalo. Nevartoti, jei esate alergi\u0161ki bet kuriai sudedamajai daliai. Pasitarkite su gydytoju prie\u0161 duodami jaunesniems nei 18 met\u0173 vaikams, n\u0117\u0161tumo metu, \u017eindymo laikotarpiu ar vartojant vaistus. Gali tur\u0117ti \u012ftakos geb\u0117jimui vairuoti ir valdyti mechanizmus. Gali tur\u0117ti kontraindikacij\u0173, sukelti \u0161alutin\u012f poveik\u012f ir nepageidaujamas reakcijas. Nenaudokite, jei pa\u017eeista pakuot\u0117s apsaugin\u0117 pl\u0117vel\u0117.<\/li>\n<\/ul>\n<p>Daugiau naudingos informacijos apie maisto papild\u0173 vartojim\u0105 galite rasti straipsnyje <a href=\"https:\/\/purenature.lt\/3-dazniausiai-pasitaikancios-klaidos-vartojant-maisto-papildus\/\">3 da\u017eniausiai pasitaikan\u010dios klaidos, kurias \u017emon\u0117s daro, vartodami papildus.<\/a><\/p>\n<p><a href=\"https:\/\/hawaiipharm.com\/\" target=\"_blank\" rel=\"noopener\"><strong>Hawaii Pharm <\/strong><\/a>yra visame pasaulyje \u017einoma \u012fmon\u0117, si\u016blanti plat\u0173 auk\u0161tos kokyb\u0117s nat\u016brali\u0173 vaista\u017eoli\u0173 ekstrakt\u0173 ir papild\u0173 asortiment\u0105. Jie daugiausia d\u0117mesio skiria auk\u0161tos kokyb\u0117s ir veiksming\u0173 produkt\u0173 gamybai, naudodami sertifikuotus ekologi\u0161kus ingredientus. \u012emon\u0117s misija &#8211; skatinti sveikat\u0105 ir ger\u0105 savijaut\u0105 teikiant produktus, kurie palaiko nat\u016brali\u0105 organizmo pusiausvyr\u0105 ir padeda spr\u0119sti \u012fvairias sveikatos problemas. Hawaii Pharm savo ekstraktus gamina kruop\u0161\u010diai, laikydamasi grie\u017et\u0173 standart\u0173, kai kiekviena vaista\u017eol\u0117 i\u0161gaunama atsi\u017evelgiant \u012f kiekvieno augalo savybes! Auk\u0161\u010diausios kokyb\u0117s laukini\u0173 vy\u0161ni\u0173 skystas ekstraktas gaminamas su meile augalams ir pagarba gamtai. Naudojamos tik sertifikuotos, eti\u0161kai gautos ir laukini\u0173 augal\u0173 \u017ealiavos, augalinis palmi\u0173 glicerinas ir kri\u0161tolo skaidrumo i\u0161grynintas vanduo. Tikrai geriausias laukini\u0173 vy\u0161ni\u0173 ekstraktas rinkoje!<\/p>\n<p><img decoding=\"async\" class=\"alignleft wp-image-54087 size-large\" src=\"https:\/\/purenature.lt\/wp-content\/uploads\/2024\/11\/Wild-cherry-Hawaii-Pharm-1200x800.jpg\" alt=\"laukin\u0117 vy\u0161nia.\" width=\"1200\" height=\"800\" srcset=\"https:\/\/old.elusvali.ee\/wp-content\/uploads\/2024\/11\/Wild-cherry-Hawaii-Pharm-1200x800.jpg 1200w, https:\/\/old.elusvali.ee\/wp-content\/uploads\/2024\/11\/Wild-cherry-Hawaii-Pharm-400x267.jpg 400w, https:\/\/old.elusvali.ee\/wp-content\/uploads\/2024\/11\/Wild-cherry-Hawaii-Pharm-768x512.jpg 768w, https:\/\/old.elusvali.ee\/wp-content\/uploads\/2024\/11\/Wild-cherry-Hawaii-Pharm-430x287.jpg 430w, https:\/\/old.elusvali.ee\/wp-content\/uploads\/2024\/11\/Wild-cherry-Hawaii-Pharm-700x467.jpg 700w, https:\/\/old.elusvali.ee\/wp-content\/uploads\/2024\/11\/Wild-cherry-Hawaii-Pharm-150x100.jpg 150w, https:\/\/old.elusvali.ee\/wp-content\/uploads\/2024\/11\/Wild-cherry-Hawaii-Pharm.jpg 1350w\" sizes=\"(max-width: 1200px) 100vw, 1200px\" \/><\/p>\n<p>&nbsp;<\/p>\n","protected":false},"excerpt":{"rendered":"<p>Laukin\u0117 vy\u0161nia turi daug nauding\u0173 savybi\u0173. \u012evairios med\u017eio dalys naudojamos sveikatai gerinti, \u012fskaitant \u017eiev\u0119 ir vaisius, kurie \u017einomi d\u0117l savo galimo teigiamo poveikio sveikatai. Laukin\u0117 vy\u0161nia buvo naudojama tradicin\u0117je medicinoje jau \u0161imtme\u010dius, pavyzd\u017eiui, sirupams nuo kosulio gaminti ir kv\u0117pavimo tak\u0173 sutrikimams lengvinti. Be to, laukin\u0117 vy\u0161nia pasi\u017eymi prie\u0161u\u017edegimin\u0117mis ir antioksidacin\u0117mis savyb\u0117mis, kurios \u012fvairiais b\u016bdais palaiko bendr\u0105 organizmo sveikat\u0105.<\/p>\n","protected":false},"featured_media":53455,"comment_status":"open","ping_status":"closed","template":"","meta":{"_acf_changed":false},"product_brand":[],"product_cat":[472,499,473],"product_tag":[742,490],"class_list":{"0":"post-57661","1":"product","2":"type-product","3":"status-publish","4":"has-post-thumbnail","6":"product_cat-imunitetas","7":"product_cat-kunui","8":"product_cat-maisto-papildai","9":"product_tag-hawaii-pharm-lt","10":"product_tag-skysciai","12":"first","13":"instock","14":"taxable","15":"shipping-taxable","16":"purchasable","17":"product-type-simple"},"acf":[],"yoast_head":"<!-- This site is optimized with the Yoast SEO plugin v25.3.1 - https:\/\/yoast.com\/wordpress\/plugins\/seo\/ -->\n<title>Laukin\u0117s vy\u0161nios ekstraktas 60 ml | Hawaii Pharm - Pure Nature<\/title>\n<meta name=\"description\" content=\"Laukin\u0117s vy\u0161nios palaiko kv\u0117pavimo tak\u0173 sveikat\u0105, nes padeda palengvinti kosul\u012f ir per\u0161alim\u0105. Joje yra antioksidant\u0173 ir ji pasi\u017eymi prie\u0161u\u017edegimin\u0117mis savyb\u0117mis.\" \/>\n<meta name=\"robots\" content=\"noindex, follow, max-snippet:-1, max-image-preview:large, max-video-preview:-1\" \/>\n<meta property=\"og:locale\" content=\"lt_LT\" \/>\n<meta property=\"og:type\" content=\"article\" \/>\n<meta property=\"og:title\" content=\"Laukin\u0117s vy\u0161nios ekstraktas 60 ml | Hawaii Pharm - Pure Nature\" \/>\n<meta property=\"og:description\" content=\"Laukin\u0117s vy\u0161nios palaiko kv\u0117pavimo tak\u0173 sveikat\u0105, nes padeda palengvinti kosul\u012f ir per\u0161alim\u0105. Joje yra antioksidant\u0173 ir ji pasi\u017eymi prie\u0161u\u017edegimin\u0117mis savyb\u0117mis.\" \/>\n<meta property=\"og:url\" content=\"https:\/\/old.elusvali.ee\/lt\/prek\u0117\/laukines-vysnios-ekstraktas-60-ml-hawaii-pharm\/\" \/>\n<meta property=\"og:site_name\" content=\"Elusv&auml;li\" \/>\n<meta property=\"article:publisher\" content=\"https:\/\/www.facebook.com\/profile.php?id=100064131067985\" \/>\n<meta property=\"article:modified_time\" content=\"2025-05-20T14:44:25+00:00\" \/>\n<meta property=\"og:image\" content=\"https:\/\/purenature.lt\/wp-content\/uploads\/2024\/10\/Wild-cherry.webp\" \/>\n\t<meta property=\"og:image:width\" content=\"720\" \/>\n\t<meta property=\"og:image:height\" content=\"720\" \/>\n\t<meta property=\"og:image:type\" content=\"image\/webp\" \/>\n<meta name=\"twitter:card\" content=\"summary_large_image\" \/>\n<meta name=\"twitter:label1\" content=\"Est. reading time\" \/>\n\t<meta name=\"twitter:data1\" content=\"4 minut\u0117s\" \/>\n<script type=\"application\/ld+json\" class=\"yoast-schema-graph\">{\"@context\":\"https:\/\/schema.org\",\"@graph\":[{\"@type\":\"WebPage\",\"@id\":\"https:\/\/old.elusvali.ee\/lt\/prek\u0117\/laukines-vysnios-ekstraktas-60-ml-hawaii-pharm\/\",\"url\":\"https:\/\/old.elusvali.ee\/lt\/prek\u0117\/laukines-vysnios-ekstraktas-60-ml-hawaii-pharm\/\",\"name\":\"Laukin\u0117s vy\u0161nios ekstraktas 60 ml | Hawaii Pharm - Pure Nature\",\"isPartOf\":{\"@id\":\"https:\/\/old.elusvali.ee\/lt\/#website\"},\"primaryImageOfPage\":{\"@id\":\"https:\/\/old.elusvali.ee\/lt\/prek\u0117\/laukines-vysnios-ekstraktas-60-ml-hawaii-pharm\/#primaryimage\"},\"image\":{\"@id\":\"https:\/\/old.elusvali.ee\/lt\/prek\u0117\/laukines-vysnios-ekstraktas-60-ml-hawaii-pharm\/#primaryimage\"},\"thumbnailUrl\":\"https:\/\/old.elusvali.ee\/wp-content\/uploads\/2024\/10\/Wild-cherry.webp\",\"datePublished\":\"2024-12-04T07:56:35+00:00\",\"dateModified\":\"2025-05-20T14:44:25+00:00\",\"description\":\"Laukin\u0117s vy\u0161nios palaiko kv\u0117pavimo tak\u0173 sveikat\u0105, nes padeda palengvinti kosul\u012f ir per\u0161alim\u0105. Joje yra antioksidant\u0173 ir ji pasi\u017eymi prie\u0161u\u017edegimin\u0117mis savyb\u0117mis.\",\"breadcrumb\":{\"@id\":\"https:\/\/old.elusvali.ee\/lt\/prek\u0117\/laukines-vysnios-ekstraktas-60-ml-hawaii-pharm\/#breadcrumb\"},\"inLanguage\":\"lt-LT\",\"potentialAction\":[{\"@type\":\"ReadAction\",\"target\":[\"https:\/\/old.elusvali.ee\/lt\/prek\u0117\/laukines-vysnios-ekstraktas-60-ml-hawaii-pharm\/\"]}]},{\"@type\":\"ImageObject\",\"inLanguage\":\"lt-LT\",\"@id\":\"https:\/\/old.elusvali.ee\/lt\/prek\u0117\/laukines-vysnios-ekstraktas-60-ml-hawaii-pharm\/#primaryimage\",\"url\":\"https:\/\/old.elusvali.ee\/wp-content\/uploads\/2024\/10\/Wild-cherry.webp\",\"contentUrl\":\"https:\/\/old.elusvali.ee\/wp-content\/uploads\/2024\/10\/Wild-cherry.webp\",\"width\":720,\"height\":720,\"caption\":\"Hawaii Pharm laukiniu vysniu ekstraktas\"},{\"@type\":\"BreadcrumbList\",\"@id\":\"https:\/\/old.elusvali.ee\/lt\/prek\u0117\/laukines-vysnios-ekstraktas-60-ml-hawaii-pharm\/#breadcrumb\",\"itemListElement\":[{\"@type\":\"ListItem\",\"position\":1,\"name\":\"Home\",\"item\":\"https:\/\/old.elusvali.ee\/lt\/\"},{\"@type\":\"ListItem\",\"position\":2,\"name\":\"Elektronin\u0117 parduotuv\u0117\",\"item\":\"https:\/\/purenature.lt\/parduotuve\/\"},{\"@type\":\"ListItem\",\"position\":3,\"name\":\"Laukin\u0117s vy\u0161nios ekstraktas 60 ml | Hawaii Pharm\"}]},{\"@type\":\"WebSite\",\"@id\":\"https:\/\/old.elusvali.ee\/lt\/#website\",\"url\":\"https:\/\/old.elusvali.ee\/lt\/\",\"name\":\"Elusv\u00e4li\",\"description\":\"Puhas k&ouml;&ouml;k ja koduapteek\",\"publisher\":{\"@id\":\"https:\/\/old.elusvali.ee\/lt\/#organization\"},\"potentialAction\":[{\"@type\":\"SearchAction\",\"target\":{\"@type\":\"EntryPoint\",\"urlTemplate\":\"https:\/\/old.elusvali.ee\/lt\/?s={search_term_string}\"},\"query-input\":{\"@type\":\"PropertyValueSpecification\",\"valueRequired\":true,\"valueName\":\"search_term_string\"}}],\"inLanguage\":\"lt-LT\"},{\"@type\":\"Organization\",\"@id\":\"https:\/\/old.elusvali.ee\/lt\/#organization\",\"name\":\"Elusv\u00e4li\",\"url\":\"https:\/\/old.elusvali.ee\/lt\/\",\"logo\":{\"@type\":\"ImageObject\",\"inLanguage\":\"lt-LT\",\"@id\":\"https:\/\/old.elusvali.ee\/lt\/#\/schema\/logo\/image\/\",\"url\":\"https:\/\/purenature.lt\/wp-content\/uploads\/2023\/07\/logo.png\",\"contentUrl\":\"https:\/\/purenature.lt\/wp-content\/uploads\/2023\/07\/logo.png\",\"width\":526,\"height\":146,\"caption\":\"Elusv\u00e4li\"},\"image\":{\"@id\":\"https:\/\/old.elusvali.ee\/lt\/#\/schema\/logo\/image\/\"},\"sameAs\":[\"https:\/\/www.facebook.com\/profile.php?id=100064131067985\",\"https:\/\/www.instagram.com\/elusvali\/\",\"https:\/\/www.youtube.com\/@elusvali2110\"]}]}<\/script>\n<!-- \/ Yoast SEO plugin. -->","yoast_head_json":{"title":"Laukin\u0117s vy\u0161nios ekstraktas 60 ml | Hawaii Pharm - Pure Nature","description":"Laukin\u0117s vy\u0161nios palaiko kv\u0117pavimo tak\u0173 sveikat\u0105, nes padeda palengvinti kosul\u012f ir per\u0161alim\u0105. Joje yra antioksidant\u0173 ir ji pasi\u017eymi prie\u0161u\u017edegimin\u0117mis savyb\u0117mis.","robots":{"index":"noindex","follow":"follow","max-snippet":"max-snippet:-1","max-image-preview":"max-image-preview:large","max-video-preview":"max-video-preview:-1"},"og_locale":"lt_LT","og_type":"article","og_title":"Laukin\u0117s vy\u0161nios ekstraktas 60 ml | Hawaii Pharm - Pure Nature","og_description":"Laukin\u0117s vy\u0161nios palaiko kv\u0117pavimo tak\u0173 sveikat\u0105, nes padeda palengvinti kosul\u012f ir per\u0161alim\u0105. Joje yra antioksidant\u0173 ir ji pasi\u017eymi prie\u0161u\u017edegimin\u0117mis savyb\u0117mis.","og_url":"https:\/\/old.elusvali.ee\/lt\/prek\u0117\/laukines-vysnios-ekstraktas-60-ml-hawaii-pharm\/","og_site_name":"Elusv&auml;li","article_publisher":"https:\/\/www.facebook.com\/profile.php?id=100064131067985","article_modified_time":"2025-05-20T14:44:25+00:00","og_image":[{"width":720,"height":720,"url":"https:\/\/purenature.lt\/wp-content\/uploads\/2024\/10\/Wild-cherry.webp","type":"image\/webp"}],"twitter_card":"summary_large_image","twitter_misc":{"Est. reading time":"4 minut\u0117s"},"schema":{"@context":"https:\/\/schema.org","@graph":[{"@type":"WebPage","@id":"https:\/\/old.elusvali.ee\/lt\/prek\u0117\/laukines-vysnios-ekstraktas-60-ml-hawaii-pharm\/","url":"https:\/\/old.elusvali.ee\/lt\/prek\u0117\/laukines-vysnios-ekstraktas-60-ml-hawaii-pharm\/","name":"Laukin\u0117s vy\u0161nios ekstraktas 60 ml | Hawaii Pharm - Pure Nature","isPartOf":{"@id":"https:\/\/old.elusvali.ee\/lt\/#website"},"primaryImageOfPage":{"@id":"https:\/\/old.elusvali.ee\/lt\/prek\u0117\/laukines-vysnios-ekstraktas-60-ml-hawaii-pharm\/#primaryimage"},"image":{"@id":"https:\/\/old.elusvali.ee\/lt\/prek\u0117\/laukines-vysnios-ekstraktas-60-ml-hawaii-pharm\/#primaryimage"},"thumbnailUrl":"https:\/\/old.elusvali.ee\/wp-content\/uploads\/2024\/10\/Wild-cherry.webp","datePublished":"2024-12-04T07:56:35+00:00","dateModified":"2025-05-20T14:44:25+00:00","description":"Laukin\u0117s vy\u0161nios palaiko kv\u0117pavimo tak\u0173 sveikat\u0105, nes padeda palengvinti kosul\u012f ir per\u0161alim\u0105. Joje yra antioksidant\u0173 ir ji pasi\u017eymi prie\u0161u\u017edegimin\u0117mis savyb\u0117mis.","breadcrumb":{"@id":"https:\/\/old.elusvali.ee\/lt\/prek\u0117\/laukines-vysnios-ekstraktas-60-ml-hawaii-pharm\/#breadcrumb"},"inLanguage":"lt-LT","potentialAction":[{"@type":"ReadAction","target":["https:\/\/old.elusvali.ee\/lt\/prek\u0117\/laukines-vysnios-ekstraktas-60-ml-hawaii-pharm\/"]}]},{"@type":"ImageObject","inLanguage":"lt-LT","@id":"https:\/\/old.elusvali.ee\/lt\/prek\u0117\/laukines-vysnios-ekstraktas-60-ml-hawaii-pharm\/#primaryimage","url":"https:\/\/old.elusvali.ee\/wp-content\/uploads\/2024\/10\/Wild-cherry.webp","contentUrl":"https:\/\/old.elusvali.ee\/wp-content\/uploads\/2024\/10\/Wild-cherry.webp","width":720,"height":720,"caption":"Hawaii Pharm laukiniu vysniu ekstraktas"},{"@type":"BreadcrumbList","@id":"https:\/\/old.elusvali.ee\/lt\/prek\u0117\/laukines-vysnios-ekstraktas-60-ml-hawaii-pharm\/#breadcrumb","itemListElement":[{"@type":"ListItem","position":1,"name":"Home","item":"https:\/\/old.elusvali.ee\/lt\/"},{"@type":"ListItem","position":2,"name":"Elektronin\u0117 parduotuv\u0117","item":"https:\/\/purenature.lt\/parduotuve\/"},{"@type":"ListItem","position":3,"name":"Laukin\u0117s vy\u0161nios ekstraktas 60 ml | Hawaii Pharm"}]},{"@type":"WebSite","@id":"https:\/\/old.elusvali.ee\/lt\/#website","url":"https:\/\/old.elusvali.ee\/lt\/","name":"Elusv\u00e4li","description":"Puhas k&ouml;&ouml;k ja koduapteek","publisher":{"@id":"https:\/\/old.elusvali.ee\/lt\/#organization"},"potentialAction":[{"@type":"SearchAction","target":{"@type":"EntryPoint","urlTemplate":"https:\/\/old.elusvali.ee\/lt\/?s={search_term_string}"},"query-input":{"@type":"PropertyValueSpecification","valueRequired":true,"valueName":"search_term_string"}}],"inLanguage":"lt-LT"},{"@type":"Organization","@id":"https:\/\/old.elusvali.ee\/lt\/#organization","name":"Elusv\u00e4li","url":"https:\/\/old.elusvali.ee\/lt\/","logo":{"@type":"ImageObject","inLanguage":"lt-LT","@id":"https:\/\/old.elusvali.ee\/lt\/#\/schema\/logo\/image\/","url":"https:\/\/purenature.lt\/wp-content\/uploads\/2023\/07\/logo.png","contentUrl":"https:\/\/purenature.lt\/wp-content\/uploads\/2023\/07\/logo.png","width":526,"height":146,"caption":"Elusv\u00e4li"},"image":{"@id":"https:\/\/old.elusvali.ee\/lt\/#\/schema\/logo\/image\/"},"sameAs":["https:\/\/www.facebook.com\/profile.php?id=100064131067985","https:\/\/www.instagram.com\/elusvali\/","https:\/\/www.youtube.com\/@elusvali2110"]}]}},"_links":{"self":[{"href":"https:\/\/old.elusvali.ee\/lt\/wp-json\/wp\/v2\/product\/57661","targetHints":{"allow":["GET"]}}],"collection":[{"href":"https:\/\/old.elusvali.ee\/lt\/wp-json\/wp\/v2\/product"}],"about":[{"href":"https:\/\/old.elusvali.ee\/lt\/wp-json\/wp\/v2\/types\/product"}],"replies":[{"embeddable":true,"href":"https:\/\/old.elusvali.ee\/lt\/wp-json\/wp\/v2\/comments?post=57661"}],"version-history":[{"count":2,"href":"https:\/\/old.elusvali.ee\/lt\/wp-json\/wp\/v2\/product\/57661\/revisions"}],"predecessor-version":[{"id":57663,"href":"https:\/\/old.elusvali.ee\/lt\/wp-json\/wp\/v2\/product\/57661\/revisions\/57663"}],"wp:featuredmedia":[{"embeddable":true,"href":"https:\/\/old.elusvali.ee\/lt\/wp-json\/wp\/v2\/media\/53455"}],"wp:attachment":[{"href":"https:\/\/old.elusvali.ee\/lt\/wp-json\/wp\/v2\/media?parent=57661"}],"wp:term":[{"taxonomy":"product_brand","embeddable":true,"href":"https:\/\/old.elusvali.ee\/lt\/wp-json\/wp\/v2\/product_brand?post=57661"},{"taxonomy":"product_cat","embeddable":true,"href":"https:\/\/old.elusvali.ee\/lt\/wp-json\/wp\/v2\/product_cat?post=57661"},{"taxonomy":"product_tag","embeddable":true,"href":"https:\/\/old.elusvali.ee\/lt\/wp-json\/wp\/v2\/product_tag?post=57661"}],"curies":[{"name":"wp","href":"https:\/\/api.w.org\/{rel}","templated":true}]}}