{"id":57647,"date":"2024-12-08T17:01:57","date_gmt":"2024-12-08T15:01:57","guid":{"rendered":"https:\/\/old.elusvali.ee\/product\/nogeselehe-arbata-ekologiska-eeriksaare-mahetalu\/"},"modified":"2025-07-04T17:11:45","modified_gmt":"2025-07-04T14:11:45","slug":"dilgeliu-arbata-eeriksaare-mahetalu","status":"publish","type":"product","link":"https:\/\/old.elusvali.ee\/lt\/prek\u0117\/dilgeliu-arbata-eeriksaare-mahetalu\/","title":{"rendered":"Dilg\u0117li\u0173 arbata 20g | Eeriksaare Mahetalu"},"content":{"rendered":"<h3><strong><em>Dilg\u0117l\u0117 (Urtica dioica) <\/em>&#8211; gamtos supermaistas j\u016bs\u0173 sveikatai<\/strong><\/h3>\n<p><img fetchpriority=\"high\" decoding=\"async\" class=\"size-medium wp-image-56827 alignleft\" src=\"https:\/\/purenature.lt\/wp-content\/uploads\/2024\/12\/stinging-nettle-urtica-224x300.jpg\" alt=\"\" width=\"224\" height=\"300\" srcset=\"https:\/\/old.elusvali.ee\/wp-content\/uploads\/2024\/12\/stinging-nettle-urtica-224x300.jpg 224w, https:\/\/old.elusvali.ee\/wp-content\/uploads\/2024\/12\/stinging-nettle-urtica-597x800.jpg 597w, https:\/\/old.elusvali.ee\/wp-content\/uploads\/2024\/12\/stinging-nettle-urtica-768x1029.jpg 768w, https:\/\/old.elusvali.ee\/wp-content\/uploads\/2024\/12\/stinging-nettle-urtica-430x576.jpg 430w, https:\/\/old.elusvali.ee\/wp-content\/uploads\/2024\/12\/stinging-nettle-urtica-700x938.jpg 700w, https:\/\/old.elusvali.ee\/wp-content\/uploads\/2024\/12\/stinging-nettle-urtica-150x201.jpg 150w, https:\/\/old.elusvali.ee\/wp-content\/uploads\/2024\/12\/stinging-nettle-urtica.jpg 1008w\" sizes=\"(max-width: 224px) 100vw, 224px\" \/><\/p>\n<p><strong>Dilg\u0117l\u0117 <\/strong>yra daugiametis \u017eolinis augalas. Ji paplitusi visame pasaulyje ir da\u017enai randama mi\u0161kuose, pievose ir soduose. Tai vidutinio dyd\u017eio augalas \u0161akotais stiebais ir prie\u0161ais vienas kit\u0105 esan\u010diais dantytais kra\u0161tais lapais. Jo lapai ir stiebai padengti ma\u017eais plaukeliais, kurie gali dirginti od\u0105 ir sukelti nie\u017eul\u012f. Turi \u017ealius \u017eiedus, kurie sudaro ilgus \u0161akotus \u017eiedynus. Tai vienas \u017einomiausi\u0173 vaistini\u0173 augal\u0173, \u0161imtme\u010dius vertinamas d\u0117l savo galios ir nauding\u0173j\u0173 savybi\u0173, padedantis i\u0161tisoms kartoms i\u0161saugoti stipri\u0105 sveikat\u0105 ir organizmo pusiausvyr\u0105. Nors dilg\u0117l\u0117s da\u017enai laikomos pikt\u017eol\u0117mis, i\u0161 ties\u0173 jos yra vertingas maistini\u0173 med\u017eiag\u0173, vitamin\u0173, mineral\u0173 ir kit\u0173 sveikat\u0105 palaikan\u010di\u0173 jungini\u0173 \u0161altinis. \u0160ioje galingoje \u017eol\u0117je gausu gele\u017eies, kalcio, vitamino C, vitamino K ir antioksidant\u0173, kurie palaiko imunin\u0119 sistem\u0105, gerina energijos lyg\u012f ir palaiko gra\u017ei\u0105 od\u0105 bei plaukus. Dilg\u0117l\u0119 galima laikyti vietiniu supermaistu: joje yra penkis kartus daugiau vitamino C nei tokiame pa\u010diame apelsino kiekyje. Dilg\u0117l\u0117se taip pat yra daug vitamin\u0173 A ir E, B grup\u0117s vitamin\u0173, biotino, folio r\u016bg\u0161ties, kalcio, kalio, magnio, gele\u017eies, silicio, mangano, cinko, vario, kobalto, nikelio, chromo, boro ir bromo. Tai maistas, skatinantis \u0161armines organizmo reakcijas.<\/p>\n<p>&nbsp;<\/p>\n<p>Dilg\u0117li\u0173 lapai renkami augalams \u017eydint (gegu\u017e\u0117s, bir\u017eelio ir liepos m\u0117n.). Dilg\u0117l\u0117 &#8211; tai gamtos gali\u0173 kupinas augalas, suteikiantis sveikatos, energijos ir pusiausvyros visiems, kurie j\u012f vertina.<\/p>\n<h4><strong>Sveikat\u0105 stiprinan\u010dios dilg\u0117li\u0173 lap\u0173 savyb\u0117s:<\/strong><\/h4>\n<ul>\n<li><strong>Kraujodarai:<\/strong>\u00a0gele\u017eies turtingos dilg\u0117l\u0117s padeda i\u0161vengti nuovargio ir gele\u017eies tr\u016bkumo.<\/li>\n<li><strong>Visam organizmui:<\/strong> dilg\u0117l\u0117 ma\u017eina u\u017edegim\u0105 ir palaiko s\u0105nari\u0173 judrum\u0105.<\/li>\n<li><strong>Prie\u0161u\u017edegiminis poveikis: <\/strong>lengvina s\u0105nari\u0173 ir raumen\u0173 u\u017edegim\u0105. Tinka esant l\u0117tiniams u\u017edegiminiams susirgimams, pavyzd\u017eiui, artritui. Padeda mal\u0161inti s\u0105nari\u0173 ir s\u0105nari\u0173 skausm\u0105.<\/li>\n<li><strong>Vir\u0161kinamajam traktui:<\/strong> tai veiksminga vir\u0161kinamojo trakto balansavimo ir valymo priemon\u0117. Palengvina vir\u0161kinimo sutrikimus, tokius kaip pilvo p\u016btimas ir r\u0117muo. Padeda subalansuoti \u017earnyno mikroflor\u0105. Ma\u017eina viduri\u0173 p\u016btim\u0105.<\/li>\n<li><strong>Valomasis poveikis:<\/strong> dilg\u0117l\u0117s lapai padeda pa\u0161alinti i\u0161 organizmo atliekas ir palaiko kepen\u0173 funkcij\u0105. Kaip nat\u016bralus diuretikas padeda ma\u017einti patinim\u0105.<\/li>\n<li><strong>Odai ir plaukams:<\/strong> dilg\u0117l\u0117s skatina plauk\u0173 augim\u0105 ir odos jaunyst\u0119.<\/li>\n<li><strong>Stiprina imunitet\u0105<\/strong>: gausu antioksidant\u0173 ir vitamin\u0173, kurie palaiko imunitet\u0105 ir padeda kovoti su ligomis. Taip pat tinka energijos tr\u016bkumui ir l\u0117tiniam nuovargiui ma\u017einti.<\/li>\n<li><strong>Padeda palengvinti alergij\u0105<\/strong>: dilg\u0117l\u0117 yra viena i\u0161 svarbiausi\u0173 \u017eoleli\u0173, naudojam\u0173 gydymui i\u0161 vidaus nuo alergin\u0117s egzemos.<\/li>\n<\/ul>\n<p>&nbsp;<\/p>\n<p><a href=\"https:\/\/purenature.lt\/?s=Anthony&amp;post_type=product&amp;product_cat=0\"><strong>Medical Medium Anthony William<\/strong><\/a> teigia, kad dilg\u0117l\u0117 yra galingas augalas, kuriame gausu chlorofilo ir mineral\u0173, toki\u0173 kaip gele\u017eis, chromas, cinkas, varis, magnis, silicis, kobaltas ir kalcis. Dilg\u0117li\u0173 lapai taip pat yra puikus vitamin\u0173 A, E, D, C ir K \u0161altinis. Dilg\u0117li\u0173 arbata efektyviai stiprina imunitet\u0105 ir gali neutralizuoti toksi\u0161kus organizmo antigenus. Medical Medium teigimu, dilg\u0117l\u0117se taip pat yra stipri\u0173 prie\u0161u\u017edegimini\u0173 jungini\u0173, padedan\u010di\u0173 suma\u017einti citokin\u0173 &#8211; vieno i\u0161 pagrindini\u0173 u\u017edegimo komponent\u0173 organizme &#8211; aktyvum\u0105. Dilg\u0117li\u0173 lapai padeda i\u0161vengti l\u0117tini\u0173 galvos skausm\u0173, gerkl\u0117s, sinus\u0173 infekcij\u0173 ir nuovargio, tinka diabetikams, nes padeda ma\u017einti cukraus kiek\u012f kraujyje. Daugiau apie dilg\u0117li\u0173 lapus galite paskaityti <a href=\"https:\/\/www.medicalmedium.com\/blog\/nettle-leaf\">Medical Medium tinklara\u0161tyje<\/a>.<\/p>\n<h4><strong>Galimi naudojimo b\u016bdai:<\/strong><\/h4>\n<ul>\n<li><strong>Kaip arbata<\/strong>: paruo\u0161kite arbatos, kuri suteikia energijos ir stiprina imunitet\u0105. Gaivinanti ir \u017evalinanti arbata, suteikianti energijos ir atgaivinanti k\u016bn\u0105 bei prot\u0105. Turtinga vitamin\u0173, mineral\u0173 ir antioksidant\u0173 dilg\u0117li\u0173 arbata pasi\u017eymi valomosiomis ir stiprinamosiomis savyb\u0117mis. Dilg\u0117li\u0173 arbata yra gera priemon\u0117 nuo pavasarinio nuovargio, nes ypa\u010d gerai \u0161alina nuovarg\u012f, prast\u0105 nuotaik\u0105 ir nervingum\u0105. Tinka visai \u0161eimai.<\/li>\n<li><strong>Maisto ruo\u0161ime:<\/strong> \u0161vie\u017ei\u0173 dilg\u0117li\u0173 lap\u0173 galima d\u0117ti \u012f kokteilius ar salotas.<\/li>\n<li><strong>Tinkt\u016bra:<\/strong> tai koncentruota priemon\u0117, kad poveikis b\u016bt\u0173 stipresnis.<\/li>\n<\/ul>\n<h2><strong>Kaip pasigaminti dilg\u0117li\u0173 lap\u0173 arbatos?<\/strong><\/h2>\n<ul>\n<li><strong>Paruo\u0161imas:<\/strong> d\u017eiovintus dilg\u0117li\u0173 lapus (1-2 arbatinius \u0161auk\u0161telius) suberkite \u012f arbatinuk\u0105 arba puodel\u012f. <img decoding=\"async\" class=\"size-medium wp-image-56898 alignright\" src=\"https:\/\/purenature.lt\/wp-content\/uploads\/2024\/12\/nettle-tea-400x265.jpg\" alt=\"\" width=\"400\" height=\"265\" srcset=\"https:\/\/old.elusvali.ee\/wp-content\/uploads\/2024\/12\/nettle-tea-400x265.jpg 400w, https:\/\/old.elusvali.ee\/wp-content\/uploads\/2024\/12\/nettle-tea-1208x800.jpg 1208w, https:\/\/old.elusvali.ee\/wp-content\/uploads\/2024\/12\/nettle-tea-768x509.jpg 768w, https:\/\/old.elusvali.ee\/wp-content\/uploads\/2024\/12\/nettle-tea-430x285.jpg 430w, https:\/\/old.elusvali.ee\/wp-content\/uploads\/2024\/12\/nettle-tea-700x464.jpg 700w, https:\/\/old.elusvali.ee\/wp-content\/uploads\/2024\/12\/nettle-tea-150x99.jpg 150w, https:\/\/old.elusvali.ee\/wp-content\/uploads\/2024\/12\/nettle-tea.jpg 1350w\" sizes=\"(max-width: 400px) 100vw, 400px\" \/><\/li>\n<li><strong>U\u017epilkite kar\u0161to vandens:<\/strong>\u00a0250 ml verdan\u010dio vandens.<\/li>\n<li><strong>Pamirkykite:<\/strong> puodel\u012f ar arbatinuk\u0105 u\u017edenkite ir palaukite 5-10 minu\u010di\u0173, kad maistingosios med\u017eiagos ir skonis visi\u0161kai atsiskleist\u0173.<\/li>\n<li><strong>Nuko\u0161kite ir paragaukite:<\/strong> arbat\u0105 perko\u0161kite ir, jei norite, pagardinkite medumi arba citrina.<\/li>\n<li><strong>M\u0117gaukit\u0117s \u0161ilta:<\/strong> geriausi\u0173 rezultat\u0173 pasieksite m\u0117gaudamiesi \u0161ilta arbata.<\/li>\n<\/ul>\n<h2><strong>Kada vartoti dilg\u0117li\u0173 lap\u0173 arbat\u0105?<\/strong><\/h2>\n<ul>\n<li><strong>Ryte:<\/strong> energijos kiekiui padidinti ir dienai prad\u0117ti.<\/li>\n<li><strong>Dienos metu:<\/strong> organizmui valyti ir imunitetui stiprinti.<\/li>\n<li><strong>Vakare:<\/strong> nusiraminti ir atsipalaiduoti prie\u0161 mieg\u0105.<\/li>\n<li>Dilg\u0117li\u0173 lap\u0173 arbat\u0105 galima gerti reguliariai arba su pertraukomis, siekiant palaikyti sveikat\u0105 ir ger\u0105 savijaut\u0105.<\/li>\n<\/ul>\n<p>I\u0161 lap\u0173 ir \u0161akn\u0173 verdama arbata padeda i\u0161valyti kv\u0117pavimo tak\u0173 gleives, mal\u0161ina kaul\u0173 skausm\u0105 ir padeda viduriuojant. Nuo \u0161i\u0173 negalavim\u0173 gerkite po du puodelius arbatos per dien\u0105. Valymosi proceso metu dilg\u0117li\u0173 arbata taip pat gali b\u016bti vartojama siekiant pad\u0117ti apsivalyti ir suteikti b\u016btin\u0173 apsaugini\u0173 maistini\u0173 med\u017eiag\u0173, taip suma\u017einant \u0161alutin\u012f valymosi proceso poveik\u012f, pavyzd\u017eiui, galvos skausm\u0105. Geriant dilg\u0117li\u0173 ir \u0161eivamed\u017eio uog\u0173 arbat\u0105 valymosi proceso metu galima pagreitinti atliek\u0173 ir skys\u010di\u0173 pasi\u0161alinim\u0105 i\u0161 organizmo ir celiulito paveikt\u0173 audini\u0173.<\/p>\n<div class=\"fragment fragment-html fragment-html--paragraph\">\n<p>&nbsp;<\/p>\n<p>Arbatos gamintojas i\u0161 Estijos<strong><a href=\"http:\/\/eeriksaare.ee\">Eeriksaare Teetalu<\/a> &#8211; artumas gamtai ir i\u0161 kartos \u012f kart\u0105 perduodama i\u0161mintis. <\/strong>Eeriksaare Teetalu &#8211; tai vieta, kur gerbiama \u017eem\u0117, dirvo\u017eemis ir tradicijos. J\u0173 \u0161aknys giliai \u012faugusios \u012f gimtin\u0117s \u017eem\u0119, tod\u0117l jie jau\u010dia stipr\u0173 ry\u0161\u012f su ypatingu \u0161ios vietos charakteriu. Seneli\u0173 \u016bkininkavimo i\u0161mintis ir senosios pievos yra j\u0173 arbatin\u0117s pagrindas &#8211; i\u0161 \u010dia jie semiasi j\u0117g\u0173 ir \u012fkv\u0117pimo kurti skanias arbatas. Arbat\u017eol\u0117s auga r\u016bpestingai pri\u017ei\u016brimame dirvo\u017eemyje, neapkrautame dirbtin\u0117mis tr\u0105\u0161omis ir pesticidais. Augalai auginami ir skinami rankomis, taip u\u017etikrinant auk\u0161\u010diausi\u0105 kokyb\u0119 ir nat\u016bral\u0173 kiekvieno lapelio grynum\u0105. Arbat\u017eol\u0117s, kuri\u0173 jie patys neaugina, renkamos i\u0161 tyr\u0173 Viljand\u017eio apylinki\u0173 mi\u0161k\u0173 ir pelki\u0173. Taip u\u017etikrinama, kad kiekvienas arbatos mi\u0161inys savyje talpina vietin\u0117s gamtos gali\u0105 ir unikal\u0173 skon\u012f. Eeriksaare Teetalu gerbia savo gimtin\u0119 ir jos paveld\u0105. Jie r\u016bpinasi gamta ir dirba tvariai, kad j\u0173 laukai ir mi\u0161kai i\u0161likt\u0173 tokie patys ir ateities kartoms.<\/p>\n<p><img decoding=\"async\" class=\"alignleft wp-image-56903 size-large\" src=\"https:\/\/purenature.lt\/wp-content\/uploads\/2024\/12\/two-boys-drinking-nettle-tea-1200x800.jpg\" alt=\"\" width=\"1200\" height=\"800\" srcset=\"https:\/\/old.elusvali.ee\/wp-content\/uploads\/2024\/12\/two-boys-drinking-nettle-tea-1200x800.jpg 1200w, https:\/\/old.elusvali.ee\/wp-content\/uploads\/2024\/12\/two-boys-drinking-nettle-tea-400x267.jpg 400w, https:\/\/old.elusvali.ee\/wp-content\/uploads\/2024\/12\/two-boys-drinking-nettle-tea-768x512.jpg 768w, https:\/\/old.elusvali.ee\/wp-content\/uploads\/2024\/12\/two-boys-drinking-nettle-tea-430x287.jpg 430w, https:\/\/old.elusvali.ee\/wp-content\/uploads\/2024\/12\/two-boys-drinking-nettle-tea-700x467.jpg 700w, https:\/\/old.elusvali.ee\/wp-content\/uploads\/2024\/12\/two-boys-drinking-nettle-tea-150x100.jpg 150w, https:\/\/old.elusvali.ee\/wp-content\/uploads\/2024\/12\/two-boys-drinking-nettle-tea.jpg 1350w\" sizes=\"(max-width: 1200px) 100vw, 1200px\" \/><\/p>\n<\/div>\n<div class=\"fragment fragment-html fragment-html--paragraph\">\n<p>&nbsp;<\/p>\n<\/div>\n","protected":false},"excerpt":{"rendered":"<p>Dilg\u0117l\u0117 yra tikras vitamin\u0173 ir mineral\u0173 \u0161altinis. \u0160ioje galingoje \u017eol\u0117je gausu gele\u017eies, kalcio, vitamin\u0173 C ir K bei antioksidant\u0173, kurie stiprina imunitet\u0105, didina energijos lyg\u012f ir padeda i\u0161laikyti sveik\u0105 bei skais\u010di\u0105 od\u0105 ir plaukus. Dilg\u0117l\u0119 galima laikyti vietiniu supermaistu, padedan\u010diu palaikyti organizmo \u0161armingum\u0105.<\/p>\n","protected":false},"featured_media":60213,"comment_status":"open","ping_status":"closed","template":"","meta":{"_acf_changed":false},"product_brand":[],"product_cat":[480],"product_tag":[481],"class_list":{"0":"post-57647","1":"product","2":"type-product","3":"status-publish","4":"has-post-thumbnail","6":"product_cat-arbatos","7":"product_tag-arbata","9":"first","10":"instock","11":"taxable","12":"shipping-taxable","13":"purchasable","14":"product-type-variable","15":"has-default-attributes"},"acf":[],"yoast_head":"<!-- This site is optimized with the Yoast SEO plugin v25.3.1 - https:\/\/yoast.com\/wordpress\/plugins\/seo\/ -->\n<title>Dilg\u0117li\u0173 arbata 20g | Eeriksaare Mahetalu - Pure Nature<\/title>\n<meta name=\"description\" content=\"\u0160alavijas naudingas kraujotakai palaikyti, s\u0105nari\u0173 sveikatai gerinti, vir\u0161kinimo sistemai subalansuoti ir organizmui valyti.\" \/>\n<meta name=\"robots\" content=\"noindex, follow, max-snippet:-1, max-image-preview:large, max-video-preview:-1\" \/>\n<meta property=\"og:locale\" content=\"lt_LT\" \/>\n<meta property=\"og:type\" content=\"article\" \/>\n<meta property=\"og:title\" content=\"Dilg\u0117li\u0173 arbata 20g | Eeriksaare Mahetalu - Pure Nature\" \/>\n<meta property=\"og:description\" content=\"\u0160alavijas naudingas kraujotakai palaikyti, s\u0105nari\u0173 sveikatai gerinti, vir\u0161kinimo sistemai subalansuoti ir organizmui valyti.\" \/>\n<meta property=\"og:url\" content=\"https:\/\/old.elusvali.ee\/lt\/prek\u0117\/dilgeliu-arbata-eeriksaare-mahetalu\/\" \/>\n<meta property=\"og:site_name\" content=\"Elusv&auml;li\" \/>\n<meta property=\"article:publisher\" content=\"https:\/\/www.facebook.com\/profile.php?id=100064131067985\" \/>\n<meta property=\"article:modified_time\" content=\"2025-07-04T14:11:45+00:00\" \/>\n<meta property=\"og:image\" content=\"https:\/\/purenature.lt\/wp-content\/uploads\/2024\/12\/Nogeselehe-tee-nogeseleht-nettle-leaf-60g-mahe.jpg\" \/>\n\t<meta property=\"og:image:width\" content=\"1000\" \/>\n\t<meta property=\"og:image:height\" content=\"1000\" \/>\n\t<meta property=\"og:image:type\" content=\"image\/jpeg\" \/>\n<meta name=\"twitter:card\" content=\"summary_large_image\" \/>\n<meta name=\"twitter:label1\" content=\"Est. reading time\" \/>\n\t<meta name=\"twitter:data1\" content=\"6 minut\u0117s\" \/>\n<script type=\"application\/ld+json\" class=\"yoast-schema-graph\">{\"@context\":\"https:\/\/schema.org\",\"@graph\":[{\"@type\":\"WebPage\",\"@id\":\"https:\/\/old.elusvali.ee\/lt\/prek\u0117\/dilgeliu-arbata-eeriksaare-mahetalu\/\",\"url\":\"https:\/\/old.elusvali.ee\/lt\/prek\u0117\/dilgeliu-arbata-eeriksaare-mahetalu\/\",\"name\":\"Dilg\u0117li\u0173 arbata 20g | Eeriksaare Mahetalu - Pure Nature\",\"isPartOf\":{\"@id\":\"https:\/\/old.elusvali.ee\/lt\/#website\"},\"primaryImageOfPage\":{\"@id\":\"https:\/\/old.elusvali.ee\/lt\/prek\u0117\/dilgeliu-arbata-eeriksaare-mahetalu\/#primaryimage\"},\"image\":{\"@id\":\"https:\/\/old.elusvali.ee\/lt\/prek\u0117\/dilgeliu-arbata-eeriksaare-mahetalu\/#primaryimage\"},\"thumbnailUrl\":\"https:\/\/old.elusvali.ee\/wp-content\/uploads\/2024\/12\/Nogeselehe-tee-nogeseleht-nettle-leaf-60g-mahe.jpg\",\"datePublished\":\"2024-12-08T15:01:57+00:00\",\"dateModified\":\"2025-07-04T14:11:45+00:00\",\"description\":\"\u0160alavijas naudingas kraujotakai palaikyti, s\u0105nari\u0173 sveikatai gerinti, vir\u0161kinimo sistemai subalansuoti ir organizmui valyti.\",\"breadcrumb\":{\"@id\":\"https:\/\/old.elusvali.ee\/lt\/prek\u0117\/dilgeliu-arbata-eeriksaare-mahetalu\/#breadcrumb\"},\"inLanguage\":\"lt-LT\",\"potentialAction\":[{\"@type\":\"ReadAction\",\"target\":[\"https:\/\/old.elusvali.ee\/lt\/prek\u0117\/dilgeliu-arbata-eeriksaare-mahetalu\/\"]}]},{\"@type\":\"ImageObject\",\"inLanguage\":\"lt-LT\",\"@id\":\"https:\/\/old.elusvali.ee\/lt\/prek\u0117\/dilgeliu-arbata-eeriksaare-mahetalu\/#primaryimage\",\"url\":\"https:\/\/old.elusvali.ee\/wp-content\/uploads\/2024\/12\/Nogeselehe-tee-nogeseleht-nettle-leaf-60g-mahe.jpg\",\"contentUrl\":\"https:\/\/old.elusvali.ee\/wp-content\/uploads\/2024\/12\/Nogeselehe-tee-nogeseleht-nettle-leaf-60g-mahe.jpg\",\"width\":1000,\"height\":1000,\"caption\":\"n\u00f5geseleht\"},{\"@type\":\"BreadcrumbList\",\"@id\":\"https:\/\/old.elusvali.ee\/lt\/prek\u0117\/dilgeliu-arbata-eeriksaare-mahetalu\/#breadcrumb\",\"itemListElement\":[{\"@type\":\"ListItem\",\"position\":1,\"name\":\"Home\",\"item\":\"https:\/\/old.elusvali.ee\/lt\/\"},{\"@type\":\"ListItem\",\"position\":2,\"name\":\"Elektronin\u0117 parduotuv\u0117\",\"item\":\"https:\/\/purenature.lt\/parduotuve\/\"},{\"@type\":\"ListItem\",\"position\":3,\"name\":\"Dilg\u0117li\u0173 arbata 20g | Eeriksaare Mahetalu\"}]},{\"@type\":\"WebSite\",\"@id\":\"https:\/\/old.elusvali.ee\/lt\/#website\",\"url\":\"https:\/\/old.elusvali.ee\/lt\/\",\"name\":\"Elusv\u00e4li\",\"description\":\"Puhas k&ouml;&ouml;k ja koduapteek\",\"publisher\":{\"@id\":\"https:\/\/old.elusvali.ee\/lt\/#organization\"},\"potentialAction\":[{\"@type\":\"SearchAction\",\"target\":{\"@type\":\"EntryPoint\",\"urlTemplate\":\"https:\/\/old.elusvali.ee\/lt\/?s={search_term_string}\"},\"query-input\":{\"@type\":\"PropertyValueSpecification\",\"valueRequired\":true,\"valueName\":\"search_term_string\"}}],\"inLanguage\":\"lt-LT\"},{\"@type\":\"Organization\",\"@id\":\"https:\/\/old.elusvali.ee\/lt\/#organization\",\"name\":\"Elusv\u00e4li\",\"url\":\"https:\/\/old.elusvali.ee\/lt\/\",\"logo\":{\"@type\":\"ImageObject\",\"inLanguage\":\"lt-LT\",\"@id\":\"https:\/\/old.elusvali.ee\/lt\/#\/schema\/logo\/image\/\",\"url\":\"https:\/\/purenature.lt\/wp-content\/uploads\/2023\/07\/logo.png\",\"contentUrl\":\"https:\/\/purenature.lt\/wp-content\/uploads\/2023\/07\/logo.png\",\"width\":526,\"height\":146,\"caption\":\"Elusv\u00e4li\"},\"image\":{\"@id\":\"https:\/\/old.elusvali.ee\/lt\/#\/schema\/logo\/image\/\"},\"sameAs\":[\"https:\/\/www.facebook.com\/profile.php?id=100064131067985\",\"https:\/\/www.instagram.com\/elusvali\/\",\"https:\/\/www.youtube.com\/@elusvali2110\"]}]}<\/script>\n<!-- \/ Yoast SEO plugin. -->","yoast_head_json":{"title":"Dilg\u0117li\u0173 arbata 20g | Eeriksaare Mahetalu - Pure Nature","description":"\u0160alavijas naudingas kraujotakai palaikyti, s\u0105nari\u0173 sveikatai gerinti, vir\u0161kinimo sistemai subalansuoti ir organizmui valyti.","robots":{"index":"noindex","follow":"follow","max-snippet":"max-snippet:-1","max-image-preview":"max-image-preview:large","max-video-preview":"max-video-preview:-1"},"og_locale":"lt_LT","og_type":"article","og_title":"Dilg\u0117li\u0173 arbata 20g | Eeriksaare Mahetalu - Pure Nature","og_description":"\u0160alavijas naudingas kraujotakai palaikyti, s\u0105nari\u0173 sveikatai gerinti, vir\u0161kinimo sistemai subalansuoti ir organizmui valyti.","og_url":"https:\/\/old.elusvali.ee\/lt\/prek\u0117\/dilgeliu-arbata-eeriksaare-mahetalu\/","og_site_name":"Elusv&auml;li","article_publisher":"https:\/\/www.facebook.com\/profile.php?id=100064131067985","article_modified_time":"2025-07-04T14:11:45+00:00","og_image":[{"width":1000,"height":1000,"url":"https:\/\/purenature.lt\/wp-content\/uploads\/2024\/12\/Nogeselehe-tee-nogeseleht-nettle-leaf-60g-mahe.jpg","type":"image\/jpeg"}],"twitter_card":"summary_large_image","twitter_misc":{"Est. reading time":"6 minut\u0117s"},"schema":{"@context":"https:\/\/schema.org","@graph":[{"@type":"WebPage","@id":"https:\/\/old.elusvali.ee\/lt\/prek\u0117\/dilgeliu-arbata-eeriksaare-mahetalu\/","url":"https:\/\/old.elusvali.ee\/lt\/prek\u0117\/dilgeliu-arbata-eeriksaare-mahetalu\/","name":"Dilg\u0117li\u0173 arbata 20g | Eeriksaare Mahetalu - Pure Nature","isPartOf":{"@id":"https:\/\/old.elusvali.ee\/lt\/#website"},"primaryImageOfPage":{"@id":"https:\/\/old.elusvali.ee\/lt\/prek\u0117\/dilgeliu-arbata-eeriksaare-mahetalu\/#primaryimage"},"image":{"@id":"https:\/\/old.elusvali.ee\/lt\/prek\u0117\/dilgeliu-arbata-eeriksaare-mahetalu\/#primaryimage"},"thumbnailUrl":"https:\/\/old.elusvali.ee\/wp-content\/uploads\/2024\/12\/Nogeselehe-tee-nogeseleht-nettle-leaf-60g-mahe.jpg","datePublished":"2024-12-08T15:01:57+00:00","dateModified":"2025-07-04T14:11:45+00:00","description":"\u0160alavijas naudingas kraujotakai palaikyti, s\u0105nari\u0173 sveikatai gerinti, vir\u0161kinimo sistemai subalansuoti ir organizmui valyti.","breadcrumb":{"@id":"https:\/\/old.elusvali.ee\/lt\/prek\u0117\/dilgeliu-arbata-eeriksaare-mahetalu\/#breadcrumb"},"inLanguage":"lt-LT","potentialAction":[{"@type":"ReadAction","target":["https:\/\/old.elusvali.ee\/lt\/prek\u0117\/dilgeliu-arbata-eeriksaare-mahetalu\/"]}]},{"@type":"ImageObject","inLanguage":"lt-LT","@id":"https:\/\/old.elusvali.ee\/lt\/prek\u0117\/dilgeliu-arbata-eeriksaare-mahetalu\/#primaryimage","url":"https:\/\/old.elusvali.ee\/wp-content\/uploads\/2024\/12\/Nogeselehe-tee-nogeseleht-nettle-leaf-60g-mahe.jpg","contentUrl":"https:\/\/old.elusvali.ee\/wp-content\/uploads\/2024\/12\/Nogeselehe-tee-nogeseleht-nettle-leaf-60g-mahe.jpg","width":1000,"height":1000,"caption":"n\u00f5geseleht"},{"@type":"BreadcrumbList","@id":"https:\/\/old.elusvali.ee\/lt\/prek\u0117\/dilgeliu-arbata-eeriksaare-mahetalu\/#breadcrumb","itemListElement":[{"@type":"ListItem","position":1,"name":"Home","item":"https:\/\/old.elusvali.ee\/lt\/"},{"@type":"ListItem","position":2,"name":"Elektronin\u0117 parduotuv\u0117","item":"https:\/\/purenature.lt\/parduotuve\/"},{"@type":"ListItem","position":3,"name":"Dilg\u0117li\u0173 arbata 20g | Eeriksaare Mahetalu"}]},{"@type":"WebSite","@id":"https:\/\/old.elusvali.ee\/lt\/#website","url":"https:\/\/old.elusvali.ee\/lt\/","name":"Elusv\u00e4li","description":"Puhas k&ouml;&ouml;k ja koduapteek","publisher":{"@id":"https:\/\/old.elusvali.ee\/lt\/#organization"},"potentialAction":[{"@type":"SearchAction","target":{"@type":"EntryPoint","urlTemplate":"https:\/\/old.elusvali.ee\/lt\/?s={search_term_string}"},"query-input":{"@type":"PropertyValueSpecification","valueRequired":true,"valueName":"search_term_string"}}],"inLanguage":"lt-LT"},{"@type":"Organization","@id":"https:\/\/old.elusvali.ee\/lt\/#organization","name":"Elusv\u00e4li","url":"https:\/\/old.elusvali.ee\/lt\/","logo":{"@type":"ImageObject","inLanguage":"lt-LT","@id":"https:\/\/old.elusvali.ee\/lt\/#\/schema\/logo\/image\/","url":"https:\/\/purenature.lt\/wp-content\/uploads\/2023\/07\/logo.png","contentUrl":"https:\/\/purenature.lt\/wp-content\/uploads\/2023\/07\/logo.png","width":526,"height":146,"caption":"Elusv\u00e4li"},"image":{"@id":"https:\/\/old.elusvali.ee\/lt\/#\/schema\/logo\/image\/"},"sameAs":["https:\/\/www.facebook.com\/profile.php?id=100064131067985","https:\/\/www.instagram.com\/elusvali\/","https:\/\/www.youtube.com\/@elusvali2110"]}]}},"_links":{"self":[{"href":"https:\/\/old.elusvali.ee\/lt\/wp-json\/wp\/v2\/product\/57647","targetHints":{"allow":["GET"]}}],"collection":[{"href":"https:\/\/old.elusvali.ee\/lt\/wp-json\/wp\/v2\/product"}],"about":[{"href":"https:\/\/old.elusvali.ee\/lt\/wp-json\/wp\/v2\/types\/product"}],"replies":[{"embeddable":true,"href":"https:\/\/old.elusvali.ee\/lt\/wp-json\/wp\/v2\/comments?post=57647"}],"version-history":[{"count":2,"href":"https:\/\/old.elusvali.ee\/lt\/wp-json\/wp\/v2\/product\/57647\/revisions"}],"predecessor-version":[{"id":57651,"href":"https:\/\/old.elusvali.ee\/lt\/wp-json\/wp\/v2\/product\/57647\/revisions\/57651"}],"wp:featuredmedia":[{"embeddable":true,"href":"https:\/\/old.elusvali.ee\/lt\/wp-json\/wp\/v2\/media\/60213"}],"wp:attachment":[{"href":"https:\/\/old.elusvali.ee\/lt\/wp-json\/wp\/v2\/media?parent=57647"}],"wp:term":[{"taxonomy":"product_brand","embeddable":true,"href":"https:\/\/old.elusvali.ee\/lt\/wp-json\/wp\/v2\/product_brand?post=57647"},{"taxonomy":"product_cat","embeddable":true,"href":"https:\/\/old.elusvali.ee\/lt\/wp-json\/wp\/v2\/product_cat?post=57647"},{"taxonomy":"product_tag","embeddable":true,"href":"https:\/\/old.elusvali.ee\/lt\/wp-json\/wp\/v2\/product_tag?post=57647"}],"curies":[{"name":"wp","href":"https:\/\/api.w.org\/{rel}","templated":true}]}}