{"id":57642,"date":"2024-12-07T14:13:36","date_gmt":"2024-12-07T12:13:36","guid":{"rendered":"https:\/\/old.elusvali.ee\/product\/raudonuju-dobilu-ziedai-ekologiski-eeriksaare-mahetalu\/"},"modified":"2025-06-11T21:41:56","modified_gmt":"2025-06-11T18:41:56","slug":"raudonuju-dobilu-ziedai-eeriksaare-mahetalu","status":"publish","type":"product","link":"https:\/\/old.elusvali.ee\/lt\/prek\u0117\/raudonuju-dobilu-ziedai-eeriksaare-mahetalu\/","title":{"rendered":"Raudon\u0173j\u0173 dobil\u0173 \u017eiedai | Eeriksaare Mahetalu"},"content":{"rendered":"<div class=\"root flex article-body-content article-body-content--1 article-body-content--lead\">\n<div class=\"flex--equal-width\">\n<div class=\"article-body\">\n<div class=\"article-body__item article-body__item--htmlElement article-body__item--lead\">\n<div class=\"flex max-w-full flex-col flex-grow\">\n<div class=\"min-h-8 text-message flex w-full flex-col items-end gap-2 whitespace-normal break-words [.text-message+&amp;]:mt-5\" dir=\"auto\" data-message-author-role=\"assistant\" data-message-id=\"841f51e2-a916-4c42-ac4f-62b860e437e9\" data-message-model-slug=\"gpt-4o\">\n<div class=\"flex w-full flex-col gap-1 empty:hidden first:pt-[3px]\">\n<div class=\"markdown prose w-full break-words dark:prose-invert light\">\n<h2><strong>Raudonieji dobilai <em>(Trifolium pratense<\/em>)<\/strong><\/h2>\n<p><img fetchpriority=\"high\" decoding=\"async\" class=\"size-medium wp-image-56855 alignleft\" src=\"https:\/\/purenature.lt\/wp-content\/uploads\/2024\/12\/red-clover-300x300.jpg\" alt=\"\" width=\"300\" height=\"300\" srcset=\"https:\/\/old.elusvali.ee\/wp-content\/uploads\/2024\/12\/red-clover-300x300.jpg 300w, https:\/\/old.elusvali.ee\/wp-content\/uploads\/2024\/12\/red-clover-800x800.jpg 800w, https:\/\/old.elusvali.ee\/wp-content\/uploads\/2024\/12\/red-clover-150x150.jpg 150w, https:\/\/old.elusvali.ee\/wp-content\/uploads\/2024\/12\/red-clover-768x768.jpg 768w, https:\/\/old.elusvali.ee\/wp-content\/uploads\/2024\/12\/red-clover-430x430.jpg 430w, https:\/\/old.elusvali.ee\/wp-content\/uploads\/2024\/12\/red-clover-700x700.jpg 700w, https:\/\/old.elusvali.ee\/wp-content\/uploads\/2024\/12\/red-clover.jpg 1350w\" sizes=\"(max-width: 300px) 100vw, 300px\" \/>Raudonasis dobilas yra vertingas vaistinis augalas, kuris d\u0117l savo \u012fvairiapusi\u0161k\u0173 ir nauding\u0173 savybi\u0173 \u0161imtme\u010dius naudojamas nat\u016braliojoje medicinoje. Tai da\u017enas daugiametis 20-80 cm auk\u0161\u010dio \u017eolinis augalas, turintis gra\u017eius violeti\u0161kai raudonus \u017eiedus, kuriuose gausu sveikatai nauding\u0173 med\u017eiag\u0173. \u017dydi nuo gegu\u017e\u0117s iki rugs\u0117jo m\u0117n. Augalas gali b\u016bti naudojamas pa\u0161arui, maistui ir vaistams. Raudonajame dobilyje yra angliavandeni\u0173, saponin\u0173, vitamin\u0173 C, B, E ir K, karotinoid\u0173, flavonoid\u0173, fitoestrogen\u0173, kumarino r\u016bg\u0161\u010di\u0173, salicilo r\u016bg\u0161ties, organini\u0173 r\u016bg\u0161\u010di\u0173, tanin\u0173, riebal\u0173 r\u016bg\u0161\u010di\u0173, mikroelement\u0173 (kalcio, magnio, kalio, fosforo, chromo) ir eterini\u0173 aliej\u0173.<\/p>\n<div class=\"article-body__item article-body__item--htmlElement\">\n<p>Gydymo tikslais naudojami raudon\u0173j\u0173 dobil\u0173 \u017eiedai su vir\u0161utiniais lapais. \u017diedai renkami \u017eyd\u0117jimo prad\u017eioje ir d\u017eiovinami 60-70 laipsni\u0173 Celsijaus temperat\u016broje. Svarbu ned\u017eiovinti per daug, kitaip augalas praranda gydom\u0105sias savybes. Kai kuriais atvejais antpilas ruo\u0161iamas ir i\u0161 augalo \u0161akn\u0173.<\/p>\n<\/div>\n<div class=\"article-body__item article-body__item--htmlElement\">\n<p><strong>\u012edomu \u017einoti:<\/strong> raudonasis dobilas taip pat buvo naudojamas ir kaip maistinis augalas. Jaunus daigus, kaip ir \u0161pinatus, naudojo sriuboms, tro\u0161kiniams ir salotoms gaminti. Jaunuose daiguose yra 14 proc. cukr\u0173, 25 proc. lengvai vir\u0161kinam\u0173 baltym\u0173 ir 5,6 proc. riebal\u0173. Lapai taip pat buvo d\u017eiovinami, malami \u012f miltus ir dedami \u012f duonos miltus. Kanadoje gana \u012fprasta \u012f maist\u0105 d\u0117ti d\u017eiovint\u0173 raudon\u0173j\u0173 dobil\u0173 \u017eied\u0173. Kaukaze raudonieji dobilai \u017eiemai rauginami, kaip pas mus rauginami kop\u016bstai.<\/p>\n<\/div>\n<h4><strong>Sveikat\u0105 stiprinan\u010dios raudonojo dobilo savyb\u0117s:<\/strong><\/h4>\n<ol>\n<li><strong>Hormon\u0173 pusiausvyra:<\/strong> raudon\u0173j\u0173 dobil\u0173 sud\u0117tyje yra fitoestrogen\u0173 (baltuosiuose dobiluose fitoestrogen\u0173 yra ma\u017eai) &#8211; augalini\u0173 chemini\u0173 med\u017eiag\u0173, kurios palaiko hormon\u0173 pusiausvyr\u0105 organizme ir padeda suma\u017einti kar\u0161\u010dio bangas, nuotaik\u0173 svyravimus ir kitus menopauz\u0117s simptomus.<\/li>\n<li><strong>Kaul\u0173 sveikata:<\/strong> fitoestrogenai gali palaikyti kaul\u0173 stiprum\u0105, nes padeda i\u0161vengti kaul\u0173 ret\u0117jimo. Raudonuosiuose dobiluose taip pat yra izoflavon\u0173, kurie l\u0117tina kaul\u0173 mas\u0117s nykim\u0105 po menopauz\u0117s.<\/li>\n<li><strong>Prie\u0161u\u017edegimin\u0117s savyb\u0117s:<\/strong> raudonieji dobilai pasi\u017eymi prie\u0161u\u017edegimin\u0117mis savyb\u0117mis, kurios gali pad\u0117ti suma\u017einti l\u0117tin\u012f u\u017edegim\u0105 ir palaikyti s\u0105nari\u0173 sveikat\u0105.<\/li>\n<li><strong>Kraujotakos ir \u0161irdies veikla:<\/strong> raudonieji dobilai skatina sveik\u0105 kraujotak\u0105 ir padeda ma\u017einti blogojo cholesterolio kiek\u012f kraujyje, taip palaikydami \u0161irdies sveikat\u0105.<\/li>\n<li><strong>Detoksikuojantis poveikis:<\/strong> dobilas valo krauj\u0105 ir padeda i\u0161 organizmo pa\u0161alinti atliekas, palaiko kepen\u0173 ir inkst\u0173 funkcij\u0105.<\/li>\n<li><strong>Nauda odai: <\/strong>raudonieji dobilai naudingi probleminei odai, pavyzd\u017eiui, egzemai ir psoriazei, lengvinti. Jis da\u017enai naudojamas nat\u016braliuose kremuose ir tepaluose.<\/li>\n<\/ol>\n<p><a href=\"https:\/\/purenature.lt\/kas-yra-medicinos-mediumas\/\"><strong>Medical Medium Anthony William<\/strong><\/a> savo tinklara\u0161tyje ra\u0161o, kad raudonasis dobilas da\u017enai laikomas \u012fprasta pikt\u017eole, ta\u010diau jis nusipelno daug didesnio pripa\u017einimo. \u0160is augalas yra dosnus ir r\u016bpestingas, tarsi jam tikrai r\u016bp\u0117t\u0173 j\u012f vartojantis \u017emogus. Raudonasis dobilas gali b\u016bti pats galingiausias augalas limfinei sistemai palaikyti ir limfos skys\u010diui valyti, be to, Medical Medium teigimu, raudonasis dobilas taip pat gali pad\u0117ti i\u0161vengti v\u0117\u017eio. \u0160i dosni nat\u016brali \u017eol\u0117, kurios ir \u017eiedai, ir lapai gali b\u016bti vartojami, veikia kaip diuretikas ir krauj\u0105 stiprinanti priemon\u0117, tinkama tiems, kurie nerimauja d\u0117l toksi\u0161ko kraujo, kur\u012f sukelia bet kokie kraujo sutrikimai ar ligos, \u012fskaitant kepen\u0173 ar kasos veiklos sutrikimus. \u012e raudon\u0105j\u012f dobil\u0105 galite kreiptis perdegimo atvejais, nor\u0117dami gauti energijos ir \u012fkv\u0117pimo. Raudonieji dobilai padeda remineralizuotis giluminiu lygmeniu ir yra viena geriausi\u0173 vaista\u017eoli\u0173, skatinan\u010di\u0173 svorio metim\u0105. Daugiau apie raudon\u0105j\u012f dobil\u0105 galite paskaityti <a href=\"https:\/\/www.medicalmedium.com\/blog\/red-clover-lymph-cleanser\">Medical Medium tinklara\u0161tyje<\/a>.<\/p>\n<h4><strong>Galimi naudojimo b\u016bdai:<\/strong><\/h4>\n<ul>\n<li><strong>Arbata<\/strong>: arbata, pagaminta i\u0161 raudonojo dobilo \u017eied\u0173, yra \u0161velni ir atpalaiduojanti, puikiai tinka kasdieniam vartojimui. Raudon\u0173j\u0173 dobil\u0173 arbata jau \u0161imtme\u010dius vertinama d\u0117l raminam\u0173j\u0173, valom\u0173j\u0173 ir sveikatinam\u0173j\u0173 savybi\u0173. Raudon\u0173j\u0173 dobil\u0173 \u017eiedai turi daug vitamin\u0173, mineral\u0173 ir nat\u016brali\u0173 antioksidant\u0173, tod\u0117l tai tikra gamtos dovana.<\/li>\n<li><strong>Tinkt\u016bra<\/strong>: koncentruota forma, kad poveikis b\u016bt\u0173 stipresnis.<\/li>\n<li><strong>Vieti\u0161kas naudojimas<\/strong>: tepalai ir kompresai odos sudirgimams ir u\u017edegimams mal\u0161inti.<\/li>\n<\/ul>\n<h3><strong>Kaip pasigaminti raudon\u0173j\u0173 dobil\u0173 arbatos? <img decoding=\"async\" class=\"size-medium wp-image-56863 alignright\" src=\"https:\/\/purenature.lt\/wp-content\/uploads\/2024\/12\/red-clover-tea-400x266.jpg\" alt=\"\" width=\"400\" height=\"266\" srcset=\"https:\/\/old.elusvali.ee\/wp-content\/uploads\/2024\/12\/red-clover-tea-400x266.jpg 400w, https:\/\/old.elusvali.ee\/wp-content\/uploads\/2024\/12\/red-clover-tea-1203x800.jpg 1203w, https:\/\/old.elusvali.ee\/wp-content\/uploads\/2024\/12\/red-clover-tea-768x511.jpg 768w, https:\/\/old.elusvali.ee\/wp-content\/uploads\/2024\/12\/red-clover-tea-430x286.jpg 430w, https:\/\/old.elusvali.ee\/wp-content\/uploads\/2024\/12\/red-clover-tea-700x466.jpg 700w, https:\/\/old.elusvali.ee\/wp-content\/uploads\/2024\/12\/red-clover-tea-150x100.jpg 150w, https:\/\/old.elusvali.ee\/wp-content\/uploads\/2024\/12\/red-clover-tea.jpg 1350w\" sizes=\"(max-width: 400px) 100vw, 400px\" \/><\/strong><\/h3>\n<ol>\n<li><strong>Paruo\u0161imas:<\/strong> paimkite 1-2 arbatinius \u0161auk\u0161telius d\u017eiovint\u0173 raudon\u0173j\u0173 dobil\u0173 \u017eied\u0173.<\/li>\n<li><strong>U\u017epilkite kar\u0161to vandens:<\/strong> \u012fpilkite 250 ml verdan\u010dio vandens.<\/li>\n<li><strong>Pamirkykite:<\/strong> palikite 5-10 minu\u010di\u0173.<\/li>\n<li><strong>Nuko\u0161kite ir m\u0117gaukit\u0117s:<\/strong> jei norite, pagal skon\u012f \u012fd\u0117kite medaus arba citrinos.<\/li>\n<\/ol>\n<h3><strong>Kada vartoti raudon\u0173j\u0173 dobil\u0173 arbat\u0105? <\/strong><\/h3>\n<ul>\n<li><strong>Ryte:<\/strong> energijai ir pusiausvyrai palaikyti.<\/li>\n<li><strong>Dienos metu:<\/strong> vir\u0161kinimui palaikyti ir u\u017edegimui mal\u0161inti.<\/li>\n<li><strong>Vakare:<\/strong> kad nusiramintum\u0117te ir geriau miegotum\u0117te.<\/li>\n<\/ul>\n<p>Raudon\u0173j\u0173 dobil\u0173 arbata yra lengvas, skanus ir sveikas b\u016bdas subalansuoti organizm\u0105 ir pagerinti savijaut\u0105. Leiskite gamtai pasir\u016bpinti jumis &#8211; puodelis raudon\u0173j\u0173 dobil\u0173 arbatos kasdien gali b\u016bti \u017eingsnis sveikesnio gyvenimo link! Arbatos gamintojas i\u0161 Estijos <strong><a href=\"http:\/\/eeriksaare.ee\">Eeriksaare Teetalu<\/a> &#8211; artumas gamtai ir i\u0161 kartos \u012f kart\u0105 perduodama i\u0161mintis. <\/strong>Eeriksaare Teetalu &#8211; tai vieta, kur gerbiama \u017eem\u0117, dirvo\u017eemis ir tradicijos. J\u0173 \u0161aknys giliai \u012faugusios \u012f gimtin\u0117s \u017eem\u0119, tod\u0117l jie jau\u010dia stipr\u0173 ry\u0161\u012f su ypatingu \u0161ios vietos charakteriu. Seneli\u0173 \u016bkininkavimo i\u0161mintis ir senosios pievos yra j\u0173 arbatin\u0117s pagrindas &#8211; i\u0161 \u010dia jie semiasi j\u0117g\u0173 ir \u012fkv\u0117pimo kurti gard\u017eias arbatas. Arbat\u017eol\u0117s auga r\u016bpestingai pri\u017ei\u016brimame dirvo\u017eemyje, neapkrautame dirbtin\u0117mis tr\u0105\u0161omis ir pesticidais. Augalai auginami ir skinami rankomis, taip u\u017etikrinant auk\u0161\u010diausi\u0105 kokyb\u0119 ir nat\u016bral\u0173 kiekvieno lapelio grynum\u0105. Arbat\u017eol\u0117s, kuri\u0173 jie patys neaugina, renkamos i\u0161 tyr\u0173 Viljand\u017eio apylinki\u0173 mi\u0161k\u0173 ir pelki\u0173. Taip u\u017etikrinama, kad kiekvienas arbatos mi\u0161inys savyje talpina vietin\u0117s gamtos gali\u0105 ir unikal\u0173 skon\u012f. Eeriksaare Teetalu gerbia savo gimtin\u0119 ir jos paveld\u0105. Jie r\u016bpinasi gamta ir dirba tvariai, kad j\u0173 laukai ir mi\u0161kai i\u0161likt\u0173 tokie patys ir ateities kartoms.<\/p>\n<p><img decoding=\"async\" class=\"alignleft wp-image-56859 size-large\" src=\"https:\/\/purenature.lt\/wp-content\/uploads\/2024\/12\/woman-drinks-red-clover-tea-1200x800.jpg\" alt=\"\" width=\"1200\" height=\"800\" srcset=\"https:\/\/old.elusvali.ee\/wp-content\/uploads\/2024\/12\/woman-drinks-red-clover-tea-1200x800.jpg 1200w, https:\/\/old.elusvali.ee\/wp-content\/uploads\/2024\/12\/woman-drinks-red-clover-tea-400x267.jpg 400w, https:\/\/old.elusvali.ee\/wp-content\/uploads\/2024\/12\/woman-drinks-red-clover-tea-768x512.jpg 768w, https:\/\/old.elusvali.ee\/wp-content\/uploads\/2024\/12\/woman-drinks-red-clover-tea-430x287.jpg 430w, https:\/\/old.elusvali.ee\/wp-content\/uploads\/2024\/12\/woman-drinks-red-clover-tea-700x467.jpg 700w, https:\/\/old.elusvali.ee\/wp-content\/uploads\/2024\/12\/woman-drinks-red-clover-tea-150x100.jpg 150w, https:\/\/old.elusvali.ee\/wp-content\/uploads\/2024\/12\/woman-drinks-red-clover-tea.jpg 1350w\" sizes=\"(max-width: 1200px) 100vw, 1200px\" \/><\/p>\n<p>&nbsp;<\/p>\n<\/div>\n<\/div>\n<\/div>\n<\/div>\n<div class=\"mb-2 flex gap-3 empty:hidden -ml-2\">\n<div class=\"items-center justify-start rounded-xl p-1 flex\">\n<div class=\"flex items-center\"><\/div>\n<\/div>\n<\/div>\n<\/div>\n<h3><\/h3>\n<div class=\"article-body__item article-body__item--htmlElement article-body__item--lead\">\n<p>&nbsp;<\/p>\n<\/div>\n<\/div>\n<\/div>\n<\/div>\n<div class=\"root flex article-body-content article-body-content--3\">\n<div class=\"flex--equal-width\">\n<div class=\"article-body\">\n<div class=\"article-body__item article-body__item--htmlElement\"><\/div>\n<div class=\"article-body__item article-body__item--htmlElement\"><\/div>\n<\/div>\n<\/div>\n<\/div>\n<div class=\"root flex article-body-content article-body-content--5\">\n<div class=\"flex--equal-width\">\n<div class=\"article-body\">\n<div class=\"article-body__item article-body__item--htmlElement\"><\/div>\n<div class=\"article-body__item article-body__item--htmlElement\">\n<p>&nbsp;<\/p>\n<\/div>\n<\/div>\n<\/div>\n<\/div>\n","protected":false},"excerpt":{"rendered":"<p>Arbata, pagaminta i\u0161 raudon\u0173j\u0173 dobil\u0173 \u017eied\u0173, yra \u0161velni ir atpalaiduojanti, puikiai tinka kasdieniam vartojimui. Raudon\u0173j\u0173 dobil\u0173 arbata jau \u0161imtme\u010dius vertinama d\u0117l raminam\u0173j\u0173, valom\u0173j\u0173 ir sveikat\u0105 stiprinan\u010di\u0173 savybi\u0173. Pagrindin\u0117 jos sudedamoji dalis &#8211; raudonojo dobilo \u017eiedai &#8211; turi daug vitamin\u0173, mineral\u0173 ir nat\u016brali\u0173 antioksidant\u0173, tod\u0117l yra tikra gamtos dovana.<\/p>\n","protected":false},"featured_media":60221,"comment_status":"open","ping_status":"closed","template":"","meta":{"_acf_changed":false},"product_brand":[],"product_cat":[480],"product_tag":[481],"class_list":{"0":"post-57642","1":"product","2":"type-product","3":"status-publish","4":"has-post-thumbnail","6":"product_cat-arbatos","7":"product_tag-arbata","9":"first","10":"outofstock","11":"taxable","12":"shipping-taxable","13":"purchasable","14":"product-type-variable","15":"has-default-attributes"},"acf":[],"yoast_head":"<!-- This site is optimized with the Yoast SEO plugin v25.3.1 - https:\/\/yoast.com\/wordpress\/plugins\/seo\/ -->\n<title>Raudon\u0173j\u0173 dobil\u0173 \u017eiedai | Eeriksaare Mahetalu - Pure Nature<\/title>\n<meta name=\"description\" content=\"Raudon\u0173j\u0173 dobil\u0173 arbata vertinama d\u0117l raminam\u0173j\u0173, valom\u0173j\u0173 ir sveikat\u0105 stiprinan\u010di\u0173 savybi\u0173. Joje gausu vitamin\u0173, mineral\u0173 ir antioksidant\u0173.\" \/>\n<meta name=\"robots\" content=\"noindex, follow, max-snippet:-1, max-image-preview:large, max-video-preview:-1\" \/>\n<meta property=\"og:locale\" content=\"lt_LT\" \/>\n<meta property=\"og:type\" content=\"article\" \/>\n<meta property=\"og:title\" content=\"Raudon\u0173j\u0173 dobil\u0173 \u017eiedai | Eeriksaare Mahetalu - Pure Nature\" \/>\n<meta property=\"og:description\" content=\"Raudon\u0173j\u0173 dobil\u0173 arbata vertinama d\u0117l raminam\u0173j\u0173, valom\u0173j\u0173 ir sveikat\u0105 stiprinan\u010di\u0173 savybi\u0173. Joje gausu vitamin\u0173, mineral\u0173 ir antioksidant\u0173.\" \/>\n<meta property=\"og:url\" content=\"https:\/\/old.elusvali.ee\/lt\/prek\u0117\/raudonuju-dobilu-ziedai-eeriksaare-mahetalu\/\" \/>\n<meta property=\"og:site_name\" content=\"Elusv&auml;li\" \/>\n<meta property=\"article:publisher\" content=\"https:\/\/www.facebook.com\/profile.php?id=100064131067985\" \/>\n<meta property=\"article:modified_time\" content=\"2025-06-11T18:41:56+00:00\" \/>\n<meta property=\"og:image\" content=\"https:\/\/purenature.lt\/wp-content\/uploads\/2024\/12\/punane-risitk-35g-1.jpg\" \/>\n\t<meta property=\"og:image:width\" content=\"1000\" \/>\n\t<meta property=\"og:image:height\" content=\"1000\" \/>\n\t<meta property=\"og:image:type\" content=\"image\/jpeg\" \/>\n<meta name=\"twitter:card\" content=\"summary_large_image\" \/>\n<meta name=\"twitter:label1\" content=\"Est. reading time\" \/>\n\t<meta name=\"twitter:data1\" content=\"5 minut\u0117s\" \/>\n<script type=\"application\/ld+json\" class=\"yoast-schema-graph\">{\"@context\":\"https:\/\/schema.org\",\"@graph\":[{\"@type\":\"WebPage\",\"@id\":\"https:\/\/old.elusvali.ee\/lt\/prek\u0117\/raudonuju-dobilu-ziedai-eeriksaare-mahetalu\/\",\"url\":\"https:\/\/old.elusvali.ee\/lt\/prek\u0117\/raudonuju-dobilu-ziedai-eeriksaare-mahetalu\/\",\"name\":\"Raudon\u0173j\u0173 dobil\u0173 \u017eiedai | Eeriksaare Mahetalu - Pure Nature\",\"isPartOf\":{\"@id\":\"https:\/\/old.elusvali.ee\/lt\/#website\"},\"primaryImageOfPage\":{\"@id\":\"https:\/\/old.elusvali.ee\/lt\/prek\u0117\/raudonuju-dobilu-ziedai-eeriksaare-mahetalu\/#primaryimage\"},\"image\":{\"@id\":\"https:\/\/old.elusvali.ee\/lt\/prek\u0117\/raudonuju-dobilu-ziedai-eeriksaare-mahetalu\/#primaryimage\"},\"thumbnailUrl\":\"https:\/\/old.elusvali.ee\/wp-content\/uploads\/2024\/12\/punane-risitk-35g-1.jpg\",\"datePublished\":\"2024-12-07T12:13:36+00:00\",\"dateModified\":\"2025-06-11T18:41:56+00:00\",\"description\":\"Raudon\u0173j\u0173 dobil\u0173 arbata vertinama d\u0117l raminam\u0173j\u0173, valom\u0173j\u0173 ir sveikat\u0105 stiprinan\u010di\u0173 savybi\u0173. Joje gausu vitamin\u0173, mineral\u0173 ir antioksidant\u0173.\",\"breadcrumb\":{\"@id\":\"https:\/\/old.elusvali.ee\/lt\/prek\u0117\/raudonuju-dobilu-ziedai-eeriksaare-mahetalu\/#breadcrumb\"},\"inLanguage\":\"lt-LT\",\"potentialAction\":[{\"@type\":\"ReadAction\",\"target\":[\"https:\/\/old.elusvali.ee\/lt\/prek\u0117\/raudonuju-dobilu-ziedai-eeriksaare-mahetalu\/\"]}]},{\"@type\":\"ImageObject\",\"inLanguage\":\"lt-LT\",\"@id\":\"https:\/\/old.elusvali.ee\/lt\/prek\u0117\/raudonuju-dobilu-ziedai-eeriksaare-mahetalu\/#primaryimage\",\"url\":\"https:\/\/old.elusvali.ee\/wp-content\/uploads\/2024\/12\/punane-risitk-35g-1.jpg\",\"contentUrl\":\"https:\/\/old.elusvali.ee\/wp-content\/uploads\/2024\/12\/punane-risitk-35g-1.jpg\",\"width\":1000,\"height\":1000,\"caption\":\"punane ristik\"},{\"@type\":\"BreadcrumbList\",\"@id\":\"https:\/\/old.elusvali.ee\/lt\/prek\u0117\/raudonuju-dobilu-ziedai-eeriksaare-mahetalu\/#breadcrumb\",\"itemListElement\":[{\"@type\":\"ListItem\",\"position\":1,\"name\":\"Home\",\"item\":\"https:\/\/old.elusvali.ee\/lt\/\"},{\"@type\":\"ListItem\",\"position\":2,\"name\":\"Elektronin\u0117 parduotuv\u0117\",\"item\":\"https:\/\/purenature.lt\/parduotuve\/\"},{\"@type\":\"ListItem\",\"position\":3,\"name\":\"Raudon\u0173j\u0173 dobil\u0173 \u017eiedai | Eeriksaare Mahetalu\"}]},{\"@type\":\"WebSite\",\"@id\":\"https:\/\/old.elusvali.ee\/lt\/#website\",\"url\":\"https:\/\/old.elusvali.ee\/lt\/\",\"name\":\"Elusv\u00e4li\",\"description\":\"Puhas k&ouml;&ouml;k ja koduapteek\",\"publisher\":{\"@id\":\"https:\/\/old.elusvali.ee\/lt\/#organization\"},\"potentialAction\":[{\"@type\":\"SearchAction\",\"target\":{\"@type\":\"EntryPoint\",\"urlTemplate\":\"https:\/\/old.elusvali.ee\/lt\/?s={search_term_string}\"},\"query-input\":{\"@type\":\"PropertyValueSpecification\",\"valueRequired\":true,\"valueName\":\"search_term_string\"}}],\"inLanguage\":\"lt-LT\"},{\"@type\":\"Organization\",\"@id\":\"https:\/\/old.elusvali.ee\/lt\/#organization\",\"name\":\"Elusv\u00e4li\",\"url\":\"https:\/\/old.elusvali.ee\/lt\/\",\"logo\":{\"@type\":\"ImageObject\",\"inLanguage\":\"lt-LT\",\"@id\":\"https:\/\/old.elusvali.ee\/lt\/#\/schema\/logo\/image\/\",\"url\":\"https:\/\/purenature.lt\/wp-content\/uploads\/2023\/07\/logo.png\",\"contentUrl\":\"https:\/\/purenature.lt\/wp-content\/uploads\/2023\/07\/logo.png\",\"width\":526,\"height\":146,\"caption\":\"Elusv\u00e4li\"},\"image\":{\"@id\":\"https:\/\/old.elusvali.ee\/lt\/#\/schema\/logo\/image\/\"},\"sameAs\":[\"https:\/\/www.facebook.com\/profile.php?id=100064131067985\",\"https:\/\/www.instagram.com\/elusvali\/\",\"https:\/\/www.youtube.com\/@elusvali2110\"]}]}<\/script>\n<!-- \/ Yoast SEO plugin. -->","yoast_head_json":{"title":"Raudon\u0173j\u0173 dobil\u0173 \u017eiedai | Eeriksaare Mahetalu - Pure Nature","description":"Raudon\u0173j\u0173 dobil\u0173 arbata vertinama d\u0117l raminam\u0173j\u0173, valom\u0173j\u0173 ir sveikat\u0105 stiprinan\u010di\u0173 savybi\u0173. Joje gausu vitamin\u0173, mineral\u0173 ir antioksidant\u0173.","robots":{"index":"noindex","follow":"follow","max-snippet":"max-snippet:-1","max-image-preview":"max-image-preview:large","max-video-preview":"max-video-preview:-1"},"og_locale":"lt_LT","og_type":"article","og_title":"Raudon\u0173j\u0173 dobil\u0173 \u017eiedai | Eeriksaare Mahetalu - Pure Nature","og_description":"Raudon\u0173j\u0173 dobil\u0173 arbata vertinama d\u0117l raminam\u0173j\u0173, valom\u0173j\u0173 ir sveikat\u0105 stiprinan\u010di\u0173 savybi\u0173. Joje gausu vitamin\u0173, mineral\u0173 ir antioksidant\u0173.","og_url":"https:\/\/old.elusvali.ee\/lt\/prek\u0117\/raudonuju-dobilu-ziedai-eeriksaare-mahetalu\/","og_site_name":"Elusv&auml;li","article_publisher":"https:\/\/www.facebook.com\/profile.php?id=100064131067985","article_modified_time":"2025-06-11T18:41:56+00:00","og_image":[{"width":1000,"height":1000,"url":"https:\/\/purenature.lt\/wp-content\/uploads\/2024\/12\/punane-risitk-35g-1.jpg","type":"image\/jpeg"}],"twitter_card":"summary_large_image","twitter_misc":{"Est. reading time":"5 minut\u0117s"},"schema":{"@context":"https:\/\/schema.org","@graph":[{"@type":"WebPage","@id":"https:\/\/old.elusvali.ee\/lt\/prek\u0117\/raudonuju-dobilu-ziedai-eeriksaare-mahetalu\/","url":"https:\/\/old.elusvali.ee\/lt\/prek\u0117\/raudonuju-dobilu-ziedai-eeriksaare-mahetalu\/","name":"Raudon\u0173j\u0173 dobil\u0173 \u017eiedai | Eeriksaare Mahetalu - Pure Nature","isPartOf":{"@id":"https:\/\/old.elusvali.ee\/lt\/#website"},"primaryImageOfPage":{"@id":"https:\/\/old.elusvali.ee\/lt\/prek\u0117\/raudonuju-dobilu-ziedai-eeriksaare-mahetalu\/#primaryimage"},"image":{"@id":"https:\/\/old.elusvali.ee\/lt\/prek\u0117\/raudonuju-dobilu-ziedai-eeriksaare-mahetalu\/#primaryimage"},"thumbnailUrl":"https:\/\/old.elusvali.ee\/wp-content\/uploads\/2024\/12\/punane-risitk-35g-1.jpg","datePublished":"2024-12-07T12:13:36+00:00","dateModified":"2025-06-11T18:41:56+00:00","description":"Raudon\u0173j\u0173 dobil\u0173 arbata vertinama d\u0117l raminam\u0173j\u0173, valom\u0173j\u0173 ir sveikat\u0105 stiprinan\u010di\u0173 savybi\u0173. Joje gausu vitamin\u0173, mineral\u0173 ir antioksidant\u0173.","breadcrumb":{"@id":"https:\/\/old.elusvali.ee\/lt\/prek\u0117\/raudonuju-dobilu-ziedai-eeriksaare-mahetalu\/#breadcrumb"},"inLanguage":"lt-LT","potentialAction":[{"@type":"ReadAction","target":["https:\/\/old.elusvali.ee\/lt\/prek\u0117\/raudonuju-dobilu-ziedai-eeriksaare-mahetalu\/"]}]},{"@type":"ImageObject","inLanguage":"lt-LT","@id":"https:\/\/old.elusvali.ee\/lt\/prek\u0117\/raudonuju-dobilu-ziedai-eeriksaare-mahetalu\/#primaryimage","url":"https:\/\/old.elusvali.ee\/wp-content\/uploads\/2024\/12\/punane-risitk-35g-1.jpg","contentUrl":"https:\/\/old.elusvali.ee\/wp-content\/uploads\/2024\/12\/punane-risitk-35g-1.jpg","width":1000,"height":1000,"caption":"punane ristik"},{"@type":"BreadcrumbList","@id":"https:\/\/old.elusvali.ee\/lt\/prek\u0117\/raudonuju-dobilu-ziedai-eeriksaare-mahetalu\/#breadcrumb","itemListElement":[{"@type":"ListItem","position":1,"name":"Home","item":"https:\/\/old.elusvali.ee\/lt\/"},{"@type":"ListItem","position":2,"name":"Elektronin\u0117 parduotuv\u0117","item":"https:\/\/purenature.lt\/parduotuve\/"},{"@type":"ListItem","position":3,"name":"Raudon\u0173j\u0173 dobil\u0173 \u017eiedai | Eeriksaare Mahetalu"}]},{"@type":"WebSite","@id":"https:\/\/old.elusvali.ee\/lt\/#website","url":"https:\/\/old.elusvali.ee\/lt\/","name":"Elusv\u00e4li","description":"Puhas k&ouml;&ouml;k ja koduapteek","publisher":{"@id":"https:\/\/old.elusvali.ee\/lt\/#organization"},"potentialAction":[{"@type":"SearchAction","target":{"@type":"EntryPoint","urlTemplate":"https:\/\/old.elusvali.ee\/lt\/?s={search_term_string}"},"query-input":{"@type":"PropertyValueSpecification","valueRequired":true,"valueName":"search_term_string"}}],"inLanguage":"lt-LT"},{"@type":"Organization","@id":"https:\/\/old.elusvali.ee\/lt\/#organization","name":"Elusv\u00e4li","url":"https:\/\/old.elusvali.ee\/lt\/","logo":{"@type":"ImageObject","inLanguage":"lt-LT","@id":"https:\/\/old.elusvali.ee\/lt\/#\/schema\/logo\/image\/","url":"https:\/\/purenature.lt\/wp-content\/uploads\/2023\/07\/logo.png","contentUrl":"https:\/\/purenature.lt\/wp-content\/uploads\/2023\/07\/logo.png","width":526,"height":146,"caption":"Elusv\u00e4li"},"image":{"@id":"https:\/\/old.elusvali.ee\/lt\/#\/schema\/logo\/image\/"},"sameAs":["https:\/\/www.facebook.com\/profile.php?id=100064131067985","https:\/\/www.instagram.com\/elusvali\/","https:\/\/www.youtube.com\/@elusvali2110"]}]}},"_links":{"self":[{"href":"https:\/\/old.elusvali.ee\/lt\/wp-json\/wp\/v2\/product\/57642","targetHints":{"allow":["GET"]}}],"collection":[{"href":"https:\/\/old.elusvali.ee\/lt\/wp-json\/wp\/v2\/product"}],"about":[{"href":"https:\/\/old.elusvali.ee\/lt\/wp-json\/wp\/v2\/types\/product"}],"replies":[{"embeddable":true,"href":"https:\/\/old.elusvali.ee\/lt\/wp-json\/wp\/v2\/comments?post=57642"}],"version-history":[{"count":2,"href":"https:\/\/old.elusvali.ee\/lt\/wp-json\/wp\/v2\/product\/57642\/revisions"}],"predecessor-version":[{"id":57646,"href":"https:\/\/old.elusvali.ee\/lt\/wp-json\/wp\/v2\/product\/57642\/revisions\/57646"}],"wp:featuredmedia":[{"embeddable":true,"href":"https:\/\/old.elusvali.ee\/lt\/wp-json\/wp\/v2\/media\/60221"}],"wp:attachment":[{"href":"https:\/\/old.elusvali.ee\/lt\/wp-json\/wp\/v2\/media?parent=57642"}],"wp:term":[{"taxonomy":"product_brand","embeddable":true,"href":"https:\/\/old.elusvali.ee\/lt\/wp-json\/wp\/v2\/product_brand?post=57642"},{"taxonomy":"product_cat","embeddable":true,"href":"https:\/\/old.elusvali.ee\/lt\/wp-json\/wp\/v2\/product_cat?post=57642"},{"taxonomy":"product_tag","embeddable":true,"href":"https:\/\/old.elusvali.ee\/lt\/wp-json\/wp\/v2\/product_tag?post=57642"}],"curies":[{"name":"wp","href":"https:\/\/api.w.org\/{rel}","templated":true}]}}