{"id":57624,"date":"2024-12-08T17:01:50","date_gmt":"2024-12-08T15:01:50","guid":{"rendered":"https:\/\/old.elusvali.ee\/product\/ezio-ziedai-70g-ekologiski-eeriksaare-mahetalu\/"},"modified":"2025-06-26T11:46:50","modified_gmt":"2025-06-26T08:46:50","slug":"eziuoles-ziedai-70g-eeriksaare-mahetalu","status":"publish","type":"product","link":"https:\/\/old.elusvali.ee\/lt\/prek\u0117\/eziuoles-ziedai-70g-eeriksaare-mahetalu\/","title":{"rendered":"E\u017eiuol\u0117s \u017eiedai 70g | Eeriksaare Mahetalu"},"content":{"rendered":"<h2><em>E\u017eiuol\u0117 <\/em><\/h2>\n<p><img fetchpriority=\"high\" decoding=\"async\" class=\"wp-image-56884 size-medium alignleft\" src=\"https:\/\/purenature.lt\/wp-content\/uploads\/2024\/12\/echinacea-flower-275x300.jpg\" alt=\"\" width=\"275\" height=\"300\" srcset=\"https:\/\/old.elusvali.ee\/wp-content\/uploads\/2024\/12\/echinacea-flower-275x300.jpg 275w, https:\/\/old.elusvali.ee\/wp-content\/uploads\/2024\/12\/echinacea-flower-732x800.jpg 732w, https:\/\/old.elusvali.ee\/wp-content\/uploads\/2024\/12\/echinacea-flower-768x839.jpg 768w, https:\/\/old.elusvali.ee\/wp-content\/uploads\/2024\/12\/echinacea-flower-430x470.jpg 430w, https:\/\/old.elusvali.ee\/wp-content\/uploads\/2024\/12\/echinacea-flower-700x765.jpg 700w, https:\/\/old.elusvali.ee\/wp-content\/uploads\/2024\/12\/echinacea-flower-150x164.jpg 150w, https:\/\/old.elusvali.ee\/wp-content\/uploads\/2024\/12\/echinacea-flower.jpg 1350w\" sizes=\"(max-width: 275px) 100vw, 275px\" \/><em>E\u017eiuol\u0117<\/em> yra gerai \u017einomas vaistinis augalas, pla\u010diai vertinamas d\u0117l savo naudos sveikatai. Ji kilusi i\u0161 \u0160iaur\u0117s Amerikos ir priklauso <em>astrini\u0173 (Asteraceae)<\/em> \u0161eimai. E\u017eiuol\u0117s stiebai yra ties\u016bs ir stat\u016bs. \u017diedai yra dideli &#8211; apie 10 cm skersmens. E\u017eiuol\u0117s toje pa\u010dioje vietoje gali augti 5-6 metus. Jos pasi\u017eymi gra\u017eiais \u017eiedais su ry\u0161kiai ro\u017einiais, violetiniais, oran\u017einiais arba baltais \u017eiedlapiais ir centrine dalimi, \u0161iek tiek primenan\u010dia e\u017eio nugar\u0105 &#8211; i\u0161 \u010dia ir pavadinimas. E\u017eiuol\u0117 gali b\u016bti naudojama kaip vaistinis ir kaip dekoratyvinis augalas. Tradici\u0161kai jos naudojamos imuninei sistemai stiprinti, per\u0161alimo ligoms ir u\u017edegimams mal\u0161inti. Jos gydo \u017eaizdas ir yra nat\u016bralus antibiotikas, pasi\u017eymi antimikrobin\u0117mis ir antivirusin\u0117mis savyb\u0117mis. E\u017eiuoles lengva auginti nam\u0173 sode. Joms reikia saul\u0117tos vietos ir gerai drenuotos dirvos. Jos gana gerai toleruoja saus\u0105 dirvo\u017eem\u012f. Laistyti reikia saikingai. E\u017eiuol\u0117s yra \u0161al\u010diui atsparus augalas gali b\u016bti auginamas kaip daugiametis.<\/p>\n<p>&nbsp;<\/p>\n<h4><strong>Sveikat\u0105 palaikan\u010dios e\u017eiuol\u0117s savyb\u0117s:<\/strong><\/h4>\n<ol>\n<li><strong>Imunin\u0117s sistemos stiprinimas.<\/strong> Padeda organizmui veiksmingiau kovoti su virusais ir bakterijomis. Tinka per\u0161alimo lig\u0173 ir gripo profilaktikai bei simptom\u0173 lengvinimui.<\/li>\n<\/ol>\n<ol start=\"2\">\n<li><strong>Prie\u0161u\u017edegiminis poveikis. <\/strong>Ma\u017eina u\u017edegim\u0105 ir palaiko nat\u016bral\u0173 organizmo gijimo proces\u0105. Naudinga esant u\u017edegimin\u0117ms b\u016bkl\u0117ms, pavyzd\u017eiui, s\u0105nari\u0173 skausmui ar odos u\u017edegimams.<\/li>\n<\/ol>\n<ol start=\"3\">\n<li><strong>Pagreitina \u017eaizd\u0173 gijim\u0105. <\/strong>E\u017eiuol\u0117 pasi\u017eymi antiseptin\u0117mis savyb\u0117mis, kurios padeda valyti \u017eaizdas ir pagreitina gijim\u0105. E\u017eiuol\u0119 galima naudoti vieti\u0161kai nudegimams, \u012fpjovimams ir net odos infekcijoms gydyti.<\/li>\n<\/ol>\n<ol start=\"4\">\n<li><strong>Antivirusinis ir antibakterinis poveikis. <\/strong>Veiksmingai kovoja su virusais ir bakterijomis, padeda organizmui grei\u010diau atsigauti po infekcij\u0173. Naudingas sergant vir\u0161utini\u0173 kv\u0117pavimo tak\u0173 infekcijomis, gerkl\u0117s skausmu ir bronchitu.<\/li>\n<\/ol>\n<ol start=\"5\">\n<li><strong>Streso ir nuovargio ma\u017einimas. <\/strong>E\u017eiuol\u0117 padeda subalansuoti organizmo reakcij\u0105 \u012f stres\u0105, suteikia energijos ir stiprina bendr\u0105 organizmo i\u0161tverm\u0119.<\/li>\n<\/ol>\n<ol start=\"6\">\n<li><strong>Naudinga odai. <\/strong>D\u0117l prie\u0161u\u017edegimini\u0173 ir antibakterini\u0173 savybi\u0173 padeda ma\u017einti spuogus, egzem\u0105 ir kitas odos problemas.<\/li>\n<\/ol>\n<p>&nbsp;<\/p>\n<p><a href=\"https:\/\/purenature.lt\/kas-yra-medicinos-mediumas\/\"><strong>Medical Medium Anthony William<\/strong><\/a> savo tinklara\u0161tyje ra\u0161o, kad e\u017eiuol\u0117 yra vaistinis augalas, kuris jau \u0161imtme\u010dius vartojamas imuninei sistemai palaikyti. Jame yra jungini\u0173, kurie saugo sveikas l\u0105steles nuo virus\u0173 ir bakterij\u0173. Medical Medium teigia, kad e\u017eiuol\u0117 ypa\u010d naudinga organizmui greitai atsigauti po per\u0161alimo, gripo, gerkl\u0117s, sinus\u0173 infekcij\u0173, sinusito, \u0161ienlig\u0117s, bronchito, burnos op\u0173, limfmazgi\u0173 padid\u0117jimo, aus\u0173 infekcij\u0173, danten\u0173 u\u017edegimo, padid\u0117jusios prostatos, \u0161lapimo tak\u0173 infekcij\u0173 ir mieli\u0173 infekcij\u0173. Taip pat veikia kaip kraujo valymo priemon\u0117 ir pasi\u017eymi prie\u0161u\u017edegimin\u0117mis savyb\u0117mis. D\u0117l stipri\u0173 imunitet\u0105 stiprinan\u010di\u0173 savybi\u0173 e\u017eiuol\u0119 rekomenduojama vartoti trump\u0105 laik\u0105, paprastai nuo keli\u0173 dien\u0173 iki keli\u0173 savai\u010di\u0173, priklausomai nuo ligos. Toks trumpas vartojimo laikotarpis suaktyvina imunin\u0119 sistem\u0105, bet kartu apsaugo j\u0105 nuo per didelio stimuliavimo. Daugiau apie e\u017eiuol\u0119 skaitykite <a href=\"https:\/\/www.medicalmedium.com\/blog\/echinacea\">Medical Medium tinklara\u0161tyje<\/a>.<\/p>\n<h4><strong>Galimi naudojimo b\u016bdai:<\/strong><\/h4>\n<ul>\n<li><strong>Kaip arbata<\/strong>: mal\u0161ina per\u0161alimo simptomus ir gerina bendr\u0105 savijaut\u0105, stiprina imunitet\u0105. E\u017eiuol\u0117s arbata puikai tinka ir atsipalaidavimui. atsipalaiduoti. Vartokite kaip gydom\u0105j\u0105 priemon\u0119.<\/li>\n<li><strong>Vieti\u0161kas naudojimas<\/strong>: tepalai arba kompresai \u017eaizdoms ir odos sudirgimams mal\u0161inti.<\/li>\n<li><strong>Tinkt\u016bra<\/strong>: koncentruota vaista\u017eoli\u0173 tinkt\u016bra geriausiai veikia kaip greita imuniteto stiprinimo priemon\u0117.<\/li>\n<\/ul>\n<p><strong>D\u0117mesio!<\/strong> Saikingai vartojama e\u017eiuol\u0117 yra saugi, ta\u010diau po ilgesnio vartojimo reikia daryti pertraukas, kad b\u016bt\u0173 i\u0161vengta pripratimo. N\u0117\u0161tumo, autoimunini\u0173 lig\u0173 ar alergijos atveju kreipkit\u0117s \u012f specialist\u0105.<\/p>\n<h3><strong>Kaip pasigaminti e\u017eiuol\u0117s arbatos? <img decoding=\"async\" class=\"size-medium wp-image-56880 alignright\" src=\"https:\/\/purenature.lt\/wp-content\/uploads\/2024\/12\/cup-of-herbal-tea-and-echinacea-flower-400x267.jpg\" alt=\"\" width=\"400\" height=\"267\" srcset=\"https:\/\/old.elusvali.ee\/wp-content\/uploads\/2024\/12\/cup-of-herbal-tea-and-echinacea-flower-400x267.jpg 400w, https:\/\/old.elusvali.ee\/wp-content\/uploads\/2024\/12\/cup-of-herbal-tea-and-echinacea-flower-1199x800.jpg 1199w, https:\/\/old.elusvali.ee\/wp-content\/uploads\/2024\/12\/cup-of-herbal-tea-and-echinacea-flower-768x513.jpg 768w, https:\/\/old.elusvali.ee\/wp-content\/uploads\/2024\/12\/cup-of-herbal-tea-and-echinacea-flower-430x287.jpg 430w, https:\/\/old.elusvali.ee\/wp-content\/uploads\/2024\/12\/cup-of-herbal-tea-and-echinacea-flower-700x467.jpg 700w, https:\/\/old.elusvali.ee\/wp-content\/uploads\/2024\/12\/cup-of-herbal-tea-and-echinacea-flower-150x100.jpg 150w, https:\/\/old.elusvali.ee\/wp-content\/uploads\/2024\/12\/cup-of-herbal-tea-and-echinacea-flower.jpg 1350w\" sizes=\"(max-width: 400px) 100vw, 400px\" \/><\/strong><\/h3>\n<ul>\n<li>\u012e arbatinuk\u0105 ar puodel\u012f \u012fd\u0117kite 1-2 arbatinius \u0161auk\u0161telius d\u017eiovint\u0173 e\u017eiuoli\u0173.<\/li>\n<li>U\u017epilkite 250 ml verdan\u010dio vandens.<\/li>\n<li>U\u017edenkite puodel\u012f ir palikite 10-15 minu\u010di\u0173, kad biologi\u0161kai aktyv\u016bs junginiai tinkamai i\u0161siskirt\u0173 \u012f vanden\u012f.<\/li>\n<li>Arbat\u0105 perko\u0161kite ir pagal skon\u012f \u012fmai\u0161ykite medaus, citrinos arba imbiero.<\/li>\n<li>M\u0117gaukit\u0117s \u0161ilta arbata, kad jos poveikis b\u016bt\u0173 kuo labiau raminantis ir gydantis.<\/li>\n<\/ul>\n<h3><strong>Kada vartoti arbat\u0105?<\/strong><\/h3>\n<ul>\n<li><strong>Imuniteto stiprinimui<\/strong>: gerkite po 1 puodel\u012f per dien\u0105, kad i\u0161vengtum\u0117te per\u0161alimo lig\u0173 \u0161altuoju sezonu.<\/li>\n<li>Sergant <strong>per\u0161alimo ligomis ar gripu<\/strong>: gerkite 2-3 puodelius per dien\u0105, kad palengvintum\u0117te simptomus ir grei\u010diau pasveiktum\u0117te.<\/li>\n<li><strong>Stresui ir nuovargiui ma\u017einti<\/strong>: gerkite vakare kaip raminam\u0105j\u012f ritual\u0105, bet po keli\u0173 savai\u010di\u0173 vartojimo padarykite pertrauk\u0105.<\/li>\n<\/ul>\n<p>&nbsp;<\/p>\n<p><strong>Arbatos gamintojas i\u0161 Estijos <a href=\"http:\/\/eeriksaare.ee\">Eeriksaare Teetalu<\/a> &#8211; artumas gamtai ir i\u0161 kartos \u012f kart\u0105 perduodama i\u0161mintis. <\/strong>Eeriksaare Teetalu &#8211; tai vieta, kur gerbiama \u017eem\u0117, dirvo\u017eemis ir tradicijos. J\u0173 \u0161aknys giliai \u012faugusios \u012f gimtin\u0117s \u017eem\u0119, tod\u0117l jie jau\u010dia stipr\u0173 ry\u0161\u012f su ypatingu \u0161ios vietos charakteriu. Seneli\u0173 \u016bkininkavimo i\u0161mintis ir senosios pievos yra j\u0173 arbatin\u0117s pagrindas &#8211; i\u0161 \u010dia jie semiasi j\u0117g\u0173 ir \u012fkv\u0117pimo kurti skanias arbatas. Arbat\u017eol\u0117s auga r\u016bpestingai pri\u017ei\u016brimame dirvo\u017eemyje, neapkrautame dirbtin\u0117mis tr\u0105\u0161omis ir pesticidais. Augalai auginami ir skinami rankomis, taip u\u017etikrinant auk\u0161\u010diausi\u0105 kokyb\u0119 ir nat\u016bral\u0173 kiekvieno lapelio grynum\u0105. Arbat\u017eol\u0117s, kuri\u0173 jie patys neaugina, renkamos i\u0161 tyr\u0173 Viljand\u017eio apylinki\u0173 mi\u0161k\u0173 ir pelki\u0173. Taip u\u017etikrinama, kad kiekvienas arbatos mi\u0161inys savyje talpina vietin\u0117s gamtos gali\u0105 ir unikal\u0173 skon\u012f. Eeriksaare Teetalu gerbia savo gimtin\u0119 ir jos paveld\u0105. Jie r\u016bpinasi gamta ir dirba tvariai, kad j\u0173 laukai ir mi\u0161kai i\u0161likt\u0173 tokie patys ir ateities kartoms.<\/p>\n<p><img decoding=\"async\" class=\"alignnone wp-image-56518 size-large\" src=\"https:\/\/purenature.lt\/wp-content\/uploads\/2024\/11\/kids-drinking-tea-1200x800.jpg\" alt=\"\" width=\"1200\" height=\"800\" srcset=\"https:\/\/old.elusvali.ee\/wp-content\/uploads\/2024\/11\/kids-drinking-tea-1200x800.jpg 1200w, https:\/\/old.elusvali.ee\/wp-content\/uploads\/2024\/11\/kids-drinking-tea-400x267.jpg 400w, https:\/\/old.elusvali.ee\/wp-content\/uploads\/2024\/11\/kids-drinking-tea-768x512.jpg 768w, https:\/\/old.elusvali.ee\/wp-content\/uploads\/2024\/11\/kids-drinking-tea-430x287.jpg 430w, https:\/\/old.elusvali.ee\/wp-content\/uploads\/2024\/11\/kids-drinking-tea-700x467.jpg 700w, https:\/\/old.elusvali.ee\/wp-content\/uploads\/2024\/11\/kids-drinking-tea-150x100.jpg 150w, https:\/\/old.elusvali.ee\/wp-content\/uploads\/2024\/11\/kids-drinking-tea.jpg 1350w\" sizes=\"(max-width: 1200px) 100vw, 1200px\" \/><\/p>\n<p>&nbsp;<\/p>\n","protected":false},"excerpt":{"rendered":"<p>E\u017eiuol\u0117 yra veiksminga pagalbinink\u0117 i\u0161 gamtos, padedanti palaikyti stipr\u0173 imunitet\u0105 ir organizmo geb\u0117jim\u0105 \u012fveikti ligas. E\u017eiuol\u0117 &#8211; tai vaista\u017eol\u0117, kuri gali b\u016bti vartojama arbatose imuninei sistemai stiprinti, per\u0161alimo ligoms ir u\u017edegimams mal\u0161inti. E\u017eiuol\u0117 gali pad\u0117ti u\u017egydyti \u017eaizdas, turi antimikrobini\u0173 ir antivirusini\u0173 savybi\u0173. Ji taip pat laikoma nat\u016braliu antibiotiku. \u0160i\u0105 galing\u0105 vaista\u017eol\u0119 reik\u0117t\u0173 vartoti kaip gydan\u010di\u0105 priemon\u0119.<\/p>\n","protected":false},"featured_media":57347,"comment_status":"open","ping_status":"closed","template":"","meta":{"_acf_changed":false},"product_brand":[],"product_cat":[480],"product_tag":[481],"class_list":{"0":"post-57624","1":"product","2":"type-product","3":"status-publish","4":"has-post-thumbnail","6":"product_cat-arbatos","7":"product_tag-arbata","9":"first","10":"instock","11":"taxable","12":"shipping-taxable","13":"purchasable","14":"product-type-simple"},"acf":[],"yoast_head":"<!-- This site is optimized with the Yoast SEO plugin v25.3.1 - https:\/\/yoast.com\/wordpress\/plugins\/seo\/ -->\n<title>E\u017eiuol\u0117s \u017eiedai 70g | Eeriksaare Mahetalu - Pure Nature<\/title>\n<meta name=\"description\" content=\"K\u0117nis naudojamas imuninei sistemai stiprinti, per\u0161alimo ligoms ir u\u017edegimams mal\u0161inti. Jis gydo \u017eaizdas, turi antimikrobin\u012f ir antivirusin\u012f poveik\u012f.\" \/>\n<meta name=\"robots\" content=\"noindex, follow, max-snippet:-1, max-image-preview:large, max-video-preview:-1\" \/>\n<meta property=\"og:locale\" content=\"lt_LT\" \/>\n<meta property=\"og:type\" content=\"article\" \/>\n<meta property=\"og:title\" content=\"E\u017eiuol\u0117s \u017eiedai 70g | Eeriksaare Mahetalu - Pure Nature\" \/>\n<meta property=\"og:description\" content=\"K\u0117nis naudojamas imuninei sistemai stiprinti, per\u0161alimo ligoms ir u\u017edegimams mal\u0161inti. Jis gydo \u017eaizdas, turi antimikrobin\u012f ir antivirusin\u012f poveik\u012f.\" \/>\n<meta property=\"og:url\" content=\"https:\/\/old.elusvali.ee\/lt\/prek\u0117\/eziuoles-ziedai-70g-eeriksaare-mahetalu\/\" \/>\n<meta property=\"og:site_name\" content=\"Elusv&auml;li\" \/>\n<meta property=\"article:publisher\" content=\"https:\/\/www.facebook.com\/profile.php?id=100064131067985\" \/>\n<meta property=\"article:modified_time\" content=\"2025-06-26T08:46:50+00:00\" \/>\n<meta property=\"og:image\" content=\"https:\/\/old.elusvali.ee\/wp-content\/uploads\/2024\/12\/Taimetee-01.jpg\" \/>\n\t<meta property=\"og:image:width\" content=\"900\" \/>\n\t<meta property=\"og:image:height\" content=\"900\" \/>\n\t<meta property=\"og:image:type\" content=\"image\/jpeg\" \/>\n<meta name=\"twitter:card\" content=\"summary_large_image\" \/>\n<meta name=\"twitter:label1\" content=\"Est. reading time\" \/>\n\t<meta name=\"twitter:data1\" content=\"5 minut\u0117s\" \/>\n<script type=\"application\/ld+json\" class=\"yoast-schema-graph\">{\"@context\":\"https:\/\/schema.org\",\"@graph\":[{\"@type\":\"WebPage\",\"@id\":\"https:\/\/old.elusvali.ee\/lt\/prek\u0117\/eziuoles-ziedai-70g-eeriksaare-mahetalu\/\",\"url\":\"https:\/\/old.elusvali.ee\/lt\/prek\u0117\/eziuoles-ziedai-70g-eeriksaare-mahetalu\/\",\"name\":\"E\u017eiuol\u0117s \u017eiedai 70g | Eeriksaare Mahetalu - Pure Nature\",\"isPartOf\":{\"@id\":\"https:\/\/old.elusvali.ee\/lt\/#website\"},\"primaryImageOfPage\":{\"@id\":\"https:\/\/old.elusvali.ee\/lt\/prek\u0117\/eziuoles-ziedai-70g-eeriksaare-mahetalu\/#primaryimage\"},\"image\":{\"@id\":\"https:\/\/old.elusvali.ee\/lt\/prek\u0117\/eziuoles-ziedai-70g-eeriksaare-mahetalu\/#primaryimage\"},\"thumbnailUrl\":\"https:\/\/old.elusvali.ee\/wp-content\/uploads\/2024\/12\/Taimetee-01.jpg\",\"datePublished\":\"2024-12-08T15:01:50+00:00\",\"dateModified\":\"2025-06-26T08:46:50+00:00\",\"description\":\"K\u0117nis naudojamas imuninei sistemai stiprinti, per\u0161alimo ligoms ir u\u017edegimams mal\u0161inti. Jis gydo \u017eaizdas, turi antimikrobin\u012f ir antivirusin\u012f poveik\u012f.\",\"breadcrumb\":{\"@id\":\"https:\/\/old.elusvali.ee\/lt\/prek\u0117\/eziuoles-ziedai-70g-eeriksaare-mahetalu\/#breadcrumb\"},\"inLanguage\":\"lt-LT\",\"potentialAction\":[{\"@type\":\"ReadAction\",\"target\":[\"https:\/\/old.elusvali.ee\/lt\/prek\u0117\/eziuoles-ziedai-70g-eeriksaare-mahetalu\/\"]}]},{\"@type\":\"ImageObject\",\"inLanguage\":\"lt-LT\",\"@id\":\"https:\/\/old.elusvali.ee\/lt\/prek\u0117\/eziuoles-ziedai-70g-eeriksaare-mahetalu\/#primaryimage\",\"url\":\"https:\/\/old.elusvali.ee\/wp-content\/uploads\/2024\/12\/Taimetee-01.jpg\",\"contentUrl\":\"https:\/\/old.elusvali.ee\/wp-content\/uploads\/2024\/12\/Taimetee-01.jpg\",\"width\":900,\"height\":900,\"caption\":\"Eziuole\"},{\"@type\":\"BreadcrumbList\",\"@id\":\"https:\/\/old.elusvali.ee\/lt\/prek\u0117\/eziuoles-ziedai-70g-eeriksaare-mahetalu\/#breadcrumb\",\"itemListElement\":[{\"@type\":\"ListItem\",\"position\":1,\"name\":\"Home\",\"item\":\"https:\/\/old.elusvali.ee\/lt\/\"},{\"@type\":\"ListItem\",\"position\":2,\"name\":\"Elektronin\u0117 parduotuv\u0117\",\"item\":\"https:\/\/purenature.lt\/parduotuve\/\"},{\"@type\":\"ListItem\",\"position\":3,\"name\":\"E\u017eiuol\u0117s \u017eiedai 70g | Eeriksaare Mahetalu\"}]},{\"@type\":\"WebSite\",\"@id\":\"https:\/\/old.elusvali.ee\/lt\/#website\",\"url\":\"https:\/\/old.elusvali.ee\/lt\/\",\"name\":\"Elusv\u00e4li\",\"description\":\"Puhas k&ouml;&ouml;k ja koduapteek\",\"publisher\":{\"@id\":\"https:\/\/old.elusvali.ee\/lt\/#organization\"},\"potentialAction\":[{\"@type\":\"SearchAction\",\"target\":{\"@type\":\"EntryPoint\",\"urlTemplate\":\"https:\/\/old.elusvali.ee\/lt\/?s={search_term_string}\"},\"query-input\":{\"@type\":\"PropertyValueSpecification\",\"valueRequired\":true,\"valueName\":\"search_term_string\"}}],\"inLanguage\":\"lt-LT\"},{\"@type\":\"Organization\",\"@id\":\"https:\/\/old.elusvali.ee\/lt\/#organization\",\"name\":\"Elusv\u00e4li\",\"url\":\"https:\/\/old.elusvali.ee\/lt\/\",\"logo\":{\"@type\":\"ImageObject\",\"inLanguage\":\"lt-LT\",\"@id\":\"https:\/\/old.elusvali.ee\/lt\/#\/schema\/logo\/image\/\",\"url\":\"https:\/\/purenature.lt\/wp-content\/uploads\/2023\/07\/logo.png\",\"contentUrl\":\"https:\/\/purenature.lt\/wp-content\/uploads\/2023\/07\/logo.png\",\"width\":526,\"height\":146,\"caption\":\"Elusv\u00e4li\"},\"image\":{\"@id\":\"https:\/\/old.elusvali.ee\/lt\/#\/schema\/logo\/image\/\"},\"sameAs\":[\"https:\/\/www.facebook.com\/profile.php?id=100064131067985\",\"https:\/\/www.instagram.com\/elusvali\/\",\"https:\/\/www.youtube.com\/@elusvali2110\"]}]}<\/script>\n<!-- \/ Yoast SEO plugin. -->","yoast_head_json":{"title":"E\u017eiuol\u0117s \u017eiedai 70g | Eeriksaare Mahetalu - Pure Nature","description":"K\u0117nis naudojamas imuninei sistemai stiprinti, per\u0161alimo ligoms ir u\u017edegimams mal\u0161inti. Jis gydo \u017eaizdas, turi antimikrobin\u012f ir antivirusin\u012f poveik\u012f.","robots":{"index":"noindex","follow":"follow","max-snippet":"max-snippet:-1","max-image-preview":"max-image-preview:large","max-video-preview":"max-video-preview:-1"},"og_locale":"lt_LT","og_type":"article","og_title":"E\u017eiuol\u0117s \u017eiedai 70g | Eeriksaare Mahetalu - Pure Nature","og_description":"K\u0117nis naudojamas imuninei sistemai stiprinti, per\u0161alimo ligoms ir u\u017edegimams mal\u0161inti. Jis gydo \u017eaizdas, turi antimikrobin\u012f ir antivirusin\u012f poveik\u012f.","og_url":"https:\/\/old.elusvali.ee\/lt\/prek\u0117\/eziuoles-ziedai-70g-eeriksaare-mahetalu\/","og_site_name":"Elusv&auml;li","article_publisher":"https:\/\/www.facebook.com\/profile.php?id=100064131067985","article_modified_time":"2025-06-26T08:46:50+00:00","og_image":[{"width":900,"height":900,"url":"https:\/\/old.elusvali.ee\/wp-content\/uploads\/2024\/12\/Taimetee-01.jpg","type":"image\/jpeg"}],"twitter_card":"summary_large_image","twitter_misc":{"Est. reading time":"5 minut\u0117s"},"schema":{"@context":"https:\/\/schema.org","@graph":[{"@type":"WebPage","@id":"https:\/\/old.elusvali.ee\/lt\/prek\u0117\/eziuoles-ziedai-70g-eeriksaare-mahetalu\/","url":"https:\/\/old.elusvali.ee\/lt\/prek\u0117\/eziuoles-ziedai-70g-eeriksaare-mahetalu\/","name":"E\u017eiuol\u0117s \u017eiedai 70g | Eeriksaare Mahetalu - Pure Nature","isPartOf":{"@id":"https:\/\/old.elusvali.ee\/lt\/#website"},"primaryImageOfPage":{"@id":"https:\/\/old.elusvali.ee\/lt\/prek\u0117\/eziuoles-ziedai-70g-eeriksaare-mahetalu\/#primaryimage"},"image":{"@id":"https:\/\/old.elusvali.ee\/lt\/prek\u0117\/eziuoles-ziedai-70g-eeriksaare-mahetalu\/#primaryimage"},"thumbnailUrl":"https:\/\/old.elusvali.ee\/wp-content\/uploads\/2024\/12\/Taimetee-01.jpg","datePublished":"2024-12-08T15:01:50+00:00","dateModified":"2025-06-26T08:46:50+00:00","description":"K\u0117nis naudojamas imuninei sistemai stiprinti, per\u0161alimo ligoms ir u\u017edegimams mal\u0161inti. Jis gydo \u017eaizdas, turi antimikrobin\u012f ir antivirusin\u012f poveik\u012f.","breadcrumb":{"@id":"https:\/\/old.elusvali.ee\/lt\/prek\u0117\/eziuoles-ziedai-70g-eeriksaare-mahetalu\/#breadcrumb"},"inLanguage":"lt-LT","potentialAction":[{"@type":"ReadAction","target":["https:\/\/old.elusvali.ee\/lt\/prek\u0117\/eziuoles-ziedai-70g-eeriksaare-mahetalu\/"]}]},{"@type":"ImageObject","inLanguage":"lt-LT","@id":"https:\/\/old.elusvali.ee\/lt\/prek\u0117\/eziuoles-ziedai-70g-eeriksaare-mahetalu\/#primaryimage","url":"https:\/\/old.elusvali.ee\/wp-content\/uploads\/2024\/12\/Taimetee-01.jpg","contentUrl":"https:\/\/old.elusvali.ee\/wp-content\/uploads\/2024\/12\/Taimetee-01.jpg","width":900,"height":900,"caption":"Eziuole"},{"@type":"BreadcrumbList","@id":"https:\/\/old.elusvali.ee\/lt\/prek\u0117\/eziuoles-ziedai-70g-eeriksaare-mahetalu\/#breadcrumb","itemListElement":[{"@type":"ListItem","position":1,"name":"Home","item":"https:\/\/old.elusvali.ee\/lt\/"},{"@type":"ListItem","position":2,"name":"Elektronin\u0117 parduotuv\u0117","item":"https:\/\/purenature.lt\/parduotuve\/"},{"@type":"ListItem","position":3,"name":"E\u017eiuol\u0117s \u017eiedai 70g | Eeriksaare Mahetalu"}]},{"@type":"WebSite","@id":"https:\/\/old.elusvali.ee\/lt\/#website","url":"https:\/\/old.elusvali.ee\/lt\/","name":"Elusv\u00e4li","description":"Puhas k&ouml;&ouml;k ja koduapteek","publisher":{"@id":"https:\/\/old.elusvali.ee\/lt\/#organization"},"potentialAction":[{"@type":"SearchAction","target":{"@type":"EntryPoint","urlTemplate":"https:\/\/old.elusvali.ee\/lt\/?s={search_term_string}"},"query-input":{"@type":"PropertyValueSpecification","valueRequired":true,"valueName":"search_term_string"}}],"inLanguage":"lt-LT"},{"@type":"Organization","@id":"https:\/\/old.elusvali.ee\/lt\/#organization","name":"Elusv\u00e4li","url":"https:\/\/old.elusvali.ee\/lt\/","logo":{"@type":"ImageObject","inLanguage":"lt-LT","@id":"https:\/\/old.elusvali.ee\/lt\/#\/schema\/logo\/image\/","url":"https:\/\/purenature.lt\/wp-content\/uploads\/2023\/07\/logo.png","contentUrl":"https:\/\/purenature.lt\/wp-content\/uploads\/2023\/07\/logo.png","width":526,"height":146,"caption":"Elusv\u00e4li"},"image":{"@id":"https:\/\/old.elusvali.ee\/lt\/#\/schema\/logo\/image\/"},"sameAs":["https:\/\/www.facebook.com\/profile.php?id=100064131067985","https:\/\/www.instagram.com\/elusvali\/","https:\/\/www.youtube.com\/@elusvali2110"]}]}},"_links":{"self":[{"href":"https:\/\/old.elusvali.ee\/lt\/wp-json\/wp\/v2\/product\/57624","targetHints":{"allow":["GET"]}}],"collection":[{"href":"https:\/\/old.elusvali.ee\/lt\/wp-json\/wp\/v2\/product"}],"about":[{"href":"https:\/\/old.elusvali.ee\/lt\/wp-json\/wp\/v2\/types\/product"}],"replies":[{"embeddable":true,"href":"https:\/\/old.elusvali.ee\/lt\/wp-json\/wp\/v2\/comments?post=57624"}],"version-history":[{"count":3,"href":"https:\/\/old.elusvali.ee\/lt\/wp-json\/wp\/v2\/product\/57624\/revisions"}],"predecessor-version":[{"id":57633,"href":"https:\/\/old.elusvali.ee\/lt\/wp-json\/wp\/v2\/product\/57624\/revisions\/57633"}],"wp:featuredmedia":[{"embeddable":true,"href":"https:\/\/old.elusvali.ee\/lt\/wp-json\/wp\/v2\/media\/57347"}],"wp:attachment":[{"href":"https:\/\/old.elusvali.ee\/lt\/wp-json\/wp\/v2\/media?parent=57624"}],"wp:term":[{"taxonomy":"product_brand","embeddable":true,"href":"https:\/\/old.elusvali.ee\/lt\/wp-json\/wp\/v2\/product_brand?post=57624"},{"taxonomy":"product_cat","embeddable":true,"href":"https:\/\/old.elusvali.ee\/lt\/wp-json\/wp\/v2\/product_cat?post=57624"},{"taxonomy":"product_tag","embeddable":true,"href":"https:\/\/old.elusvali.ee\/lt\/wp-json\/wp\/v2\/product_tag?post=57624"}],"curies":[{"name":"wp","href":"https:\/\/api.w.org\/{rel}","templated":true}]}}