{"id":57622,"date":"2024-12-08T17:01:31","date_gmt":"2024-12-08T15:01:31","guid":{"rendered":"https:\/\/old.elusvali.ee\/product\/melisa-30g-ekologiska-eeriksaare-mahetalu\/"},"modified":"2025-07-03T20:10:50","modified_gmt":"2025-07-03T17:10:50","slug":"melisa-30g-eeriksaare-mahetalu","status":"publish","type":"product","link":"https:\/\/old.elusvali.ee\/lt\/prek\u0117\/melisa-30g-eeriksaare-mahetalu\/","title":{"rendered":"Melisa 30g | Eeriksaare Mahetalu"},"content":{"rendered":"<h2><strong>Vaistin\u0117 melisa<em> (Melissa officinalis<\/em>)<\/strong><\/h2>\n<p><strong><img fetchpriority=\"high\" decoding=\"async\" class=\"wp-image-56967 size-medium alignleft\" src=\"https:\/\/purenature.lt\/wp-content\/uploads\/2024\/11\/a-lemon-balm-plant-in-a-pot-200x300.jpg\" alt=\"\" width=\"200\" height=\"300\" srcset=\"https:\/\/old.elusvali.ee\/wp-content\/uploads\/2024\/11\/a-lemon-balm-plant-in-a-pot-200x300.jpg 200w, https:\/\/old.elusvali.ee\/wp-content\/uploads\/2024\/11\/a-lemon-balm-plant-in-a-pot-533x800.jpg 533w, https:\/\/old.elusvali.ee\/wp-content\/uploads\/2024\/11\/a-lemon-balm-plant-in-a-pot-768x1152.jpg 768w, https:\/\/old.elusvali.ee\/wp-content\/uploads\/2024\/11\/a-lemon-balm-plant-in-a-pot-430x645.jpg 430w, https:\/\/old.elusvali.ee\/wp-content\/uploads\/2024\/11\/a-lemon-balm-plant-in-a-pot-700x1050.jpg 700w, https:\/\/old.elusvali.ee\/wp-content\/uploads\/2024\/11\/a-lemon-balm-plant-in-a-pot-150x225.jpg 150w, https:\/\/old.elusvali.ee\/wp-content\/uploads\/2024\/11\/a-lemon-balm-plant-in-a-pot.jpg 900w\" sizes=\"(max-width: 200px) 100vw, 200px\" \/>Vaistin\u0117 <\/strong><strong><em>melisa <\/em>(<em>Melissa officinalis)<\/em> <\/strong>yra daugiametis \u017eolinis augalas, vertinamas d\u0117l malonaus citrusini\u0173 vaisi\u0173 kvapo ir \u012fvairiapusi\u0173 sveikatinam\u0173j\u0173 savybi\u0173. Melisos gimtin\u0117 &#8211; Vidur\u017eemio j\u016bros regionas ir Artimieji Rytai, ta\u010diau jos pla\u010diai auginamos visame pasaulyje &#8211; tiek soduose, tiek namuose. Melisa yra \u017eolinis augalas ovaliais lapais, apaugusiais \u0161velniais plaukeliais, ir ma\u017eais baltais arba \u0161viesiai geltonais \u017eiedais. Augalas paprastai u\u017eauga iki 30-80 cm auk\u0161\u010dio. Tai nereiklus augalas, kuris gali pak\u0119sti vidutin\u0119 sausr\u0105. <strong>\u012edomu \u017einoti:<\/strong> melisa prie\u0161 daugel\u012f \u0161imtme\u010di\u0173 buvo atve\u017eta i\u0161 Ryt\u0173 \u012f Vidur\u017eemio j\u016bros region\u0105. Senov\u0117s Graikijoje melisa jau prie\u0161 2000 met\u0173 buvo \u017einoma kaip vaistinis augalas.<sup id=\"cite_ref-2\" class=\"reference\"><\/sup> Senov\u0117je augalas buvo siejamas su bit\u0117mis, tod\u0117l jo lotyni\u0161kas pavadinimas <i>Melissa<\/i>. Buvo tikima, kad \u012f tu\u0161\u010di\u0105 avil\u012f \u012fd\u0117jus melisos, ji pritrauks bi\u010di\u0173 spie\u010di\u0173. Pagal kit\u0105 tik\u0117jim\u0105, bit\u0117s niekada nepaliks avilio, \u0161alia kurio auga melisa. Bitininkyst\u0117s tik\u0117jimai tebebuvo gyvi viduram\u017eiais, kai cukrus buvo brangus, o medus &#8211; prabangos prek\u0117. Per vokie\u010di\u0173 vienuolynus melisos auginimas paplito \u0160iaur\u0117s \u0161alyse. Vienuoliai i\u0161 melisos gamino alkohol\u012f ir vaistus. I\u0161 prad\u017ei\u0173 gerta vienuolynuose, v\u0117liau melisos arbata tapo karali\u0161k\u0173j\u0173 r\u016bm\u0173 karali\u0161kuoju g\u0117rimu. Viduram\u017eiais melisa buvo pla\u010diai naudojama kaip vaistinis augalas. Ja buvo gydomos \u017eaizdos, dant\u0173 skausmas, pasiutusi\u0173 gyv\u016bn\u0173 \u012fkandimai ir pykinimas n\u0117\u0161tumo metu. Tik\u0117ta, kad melisa apsaugo nuo plauk\u0173 slinkimo, o amuletas, pripildytas melisos lap\u0173, atne\u0161a s\u0117km\u0119 ir meil\u0119.<\/p>\n<h4><\/h4>\n<h4><strong>Sveikat\u0105 stiprinan\u010dios melisos savyb\u0117s:<\/strong><\/h4>\n<p>Melisa yra populiari ir liaudies medicinoje, ir \u0161iuolaikin\u0117je vaista\u017eoli\u0173 medicinoje. Pagrindiniai jos privalumai:<\/p>\n<ol>\n<li><strong>Raminamasis poveikis nerv\u0173 sistemai: <\/strong>padeda suma\u017einti nerim\u0105, stres\u0105 ir \u012ftamp\u0105. Skatina geresn\u0119 miego kokyb\u0119, padeda esant nemigai. Melisa gali pagerinti koncentracij\u0105 ir palaikyti smegen\u0173 sveikat\u0105.<\/li>\n<\/ol>\n<ol start=\"2\">\n<li><strong>Parama vir\u0161kinimo sistemai: <\/strong>palengvina vir\u0161kinimo sutrikimus, tokius kaip duj\u0173 kaupimasis, pilvo p\u016btimas ir lengvas skrand\u017eio skausmas. Padeda subalansuoti \u017earnyno veikl\u0105 ir nuramina sudirgusi\u0105 vir\u0161kinimo sistem\u0105.<\/li>\n<\/ol>\n<ol start=\"3\">\n<li><strong>Nuotaikos gerinimo priemon\u0117: <\/strong>palaiko protin\u0119 pusiausvyr\u0105 ir gali pad\u0117ti suma\u017einti lengvus depresijos simptomus.<\/li>\n<\/ol>\n<ol start=\"4\">\n<li><strong>Prie\u0161virusinis ir imunitet\u0105 stiprinantis preparatas:<\/strong> padeda kovoti su virusais, pavyzd\u017eiui, herpes simplex. Sud\u0117tyje yra antioksidant\u0173, kurie stiprina organizmo apsaug\u0105.<\/li>\n<\/ol>\n<ol start=\"5\">\n<li><strong>Skausm\u0105 mal\u0161inanti priemon\u0117: <\/strong>padeda mal\u0161inti lengvus galvos skausmus, migren\u0105 ir menstruacij\u0173 skausmus.<\/li>\n<\/ol>\n<ol start=\"6\">\n<li><strong>\u0160ird\u017eiai ir kraujagysl\u0117ms: <\/strong>skatina \u0161irdies ir kraujagysli\u0173 sveikat\u0105, nes ma\u017eina streso lyg\u012f ir kraujosp\u016bd\u012f.<\/li>\n<\/ol>\n<ol start=\"7\">\n<li><strong>Hormon\u0173 pusiausvyros palaikymas: <\/strong>padeda suma\u017einti menstruacij\u0173 ir menopauz\u0117s simptomus, palaikant hormon\u0173 pusiausvyr\u0105.<\/li>\n<\/ol>\n<p>&nbsp;<\/p>\n<p><a href=\"https:\/\/purenature.lt\/kas-yra-medicinos-mediumas\/\"><strong>Medical Medium Anthony William<\/strong><\/a> teigia, kad melisa yra gyvenim\u0105 kei\u010diantis augalas, ir savo interneto svetain\u0117je ra\u0161o, kad melisa gali pad\u0117ti i\u0161spr\u0119sti daugyb\u0119 sveikatos problem\u0173 ir teigiamai paveikti beveik kiekvien\u0105 k\u016bno dal\u012f. \u0160ioje populiarioje vaista\u017eol\u0117je itin gausu mikroelement\u0173, toki\u0173 kaip boras, manganas, varis, chromas, molibdenas, selenas ir gele\u017eis, taip pat didelis kiekis makromineralo silicio. Melisa yra vitamin\u0105 B12 i\u0161saugantis augalas &#8211; ji pri\u017ei\u016bri j\u016bs\u0173 vitamino atsargas ir neleid\u017eia organizmui jo visi\u0161kai sunaudoti. Be to, ji gali tur\u0117ti antiparazitini\u0173, antivirusini\u0173 ir antibakterini\u0173 savybi\u0173. Medical Medium ra\u0161o, kad melisa gali pad\u0117ti kovoti su Ep\u0161teino-Barro virusu, juostine p\u016bsleline ir kitais herpeso virusais, pavyzd\u017eiui, HHV-6, kurie, kaip teigiama, yra daugelio l\u0117tini\u0173 lig\u0173, simptom\u0173 ir negalavim\u0173 prie\u017eastis. Medical Medium taip pat teigiama, kad melisa valo kepenis, blu\u017en\u012f ir inkstus bei padeda ma\u017einti \u0161lapimo p\u016bsl\u0117s u\u017edegim\u0105, tod\u0117l yra svarbi pagalbin\u0117 priemon\u0117 cistitui ir \u0161lapimo tak\u0173 infekcijoms mal\u0161inti. Daugiau apie melis\u0105 galite paskaityti <a href=\"https:\/\/www.medicalmedium.com\/blog\/lemon-balm-a-life-changing-herb\">Medical Medium tinklara\u0161tyje<\/a>.<\/p>\n<h4><strong>Galimi naudojimo b\u016bdai:<\/strong><\/h4>\n<p>Melisos lapeliai skleid\u017eia intensyv\u0173 citrin\u0173 kvap\u0105, ypa\u010d patrynus. Melisa pla\u010diai vartojama tiek \u0161vie\u017eia, tiek d\u017eiovinta.<\/p>\n<ul>\n<li><strong>Arbata:<\/strong> i\u0161 melisos galima paruo\u0161ti aromating\u0105 arbat\u0105. Tai puiki arbata atsipalaidavimui ir vir\u0161kinimui palaikyti. Melis\u0173 arbata yra skanus g\u0117rimas, raminantis prot\u0105 ir gerinantis bendr\u0105 savijaut\u0105. J\u0105 lengva paruo\u0161ti, galima ruo\u0161ti tiek i\u0161 \u0161vie\u017ei\u0173, tiek i\u0161 d\u017eiovint\u0173 lapeli\u0173.<\/li>\n<li><strong>Tinkt\u016bra:<\/strong> koncentruota forma, kad poveikis b\u016bt\u0173 stipresnis.<\/li>\n<li><strong>Eterinis aliejus:<\/strong> naudojamas aromaterapijoje d\u0117l raminamojo poveikio.<\/li>\n<li><strong>Gaminant maist\u0105:<\/strong> \u0161vie\u017eia melisa tinka salotoms, desertams, kokteiliams ir \u017euvies patiekalams gardinti.<\/li>\n<li><strong>Kosmetika:<\/strong> melisos dedama \u012f odos prie\u017ei\u016bros priemones d\u0117l prie\u0161u\u017edegimini\u0173 ir raminam\u0173j\u0173 savybi\u0173.<\/li>\n<\/ul>\n<h3><strong>Kaip pasigaminti melisos arbatos?<\/strong><\/h3>\n<ul>\n<li><strong>Paruo\u0161imas:<\/strong> \u012f puodel\u012f ar arbatinuk\u0105 \u012fd\u0117kite d\u017eiovint\u0173 (1-2 arbatinius \u0161auk\u0161telius) arba \u0161vie\u017ei\u0173 melisos lap\u0173. <img decoding=\"async\" class=\"size-medium wp-image-56972 alignright\" src=\"https:\/\/purenature.lt\/wp-content\/uploads\/2024\/12\/Lemon-palm-tea-400x265.jpg\" alt=\"\" width=\"400\" height=\"265\" srcset=\"https:\/\/old.elusvali.ee\/wp-content\/uploads\/2024\/12\/Lemon-palm-tea-400x265.jpg 400w, https:\/\/old.elusvali.ee\/wp-content\/uploads\/2024\/12\/Lemon-palm-tea-1208x800.jpg 1208w, https:\/\/old.elusvali.ee\/wp-content\/uploads\/2024\/12\/Lemon-palm-tea-768x509.jpg 768w, https:\/\/old.elusvali.ee\/wp-content\/uploads\/2024\/12\/Lemon-palm-tea-430x285.jpg 430w, https:\/\/old.elusvali.ee\/wp-content\/uploads\/2024\/12\/Lemon-palm-tea-700x464.jpg 700w, https:\/\/old.elusvali.ee\/wp-content\/uploads\/2024\/12\/Lemon-palm-tea-150x99.jpg 150w, https:\/\/old.elusvali.ee\/wp-content\/uploads\/2024\/12\/Lemon-palm-tea.jpg 1350w\" sizes=\"(max-width: 400px) 100vw, 400px\" \/><\/li>\n<li><strong>U\u017epilkite kar\u0161to vandens:<\/strong> lapus u\u017epilkite 250 ml verdan\u010dio vandens.<\/li>\n<li><strong>Pamirkykite:<\/strong> u\u017edenkite puodel\u012f ar arbatinuk\u0105 ir palaukite 5-10 minu\u010di\u0173. Ilgesnis mirkymo laikas suteikia intensyvesn\u012f skon\u012f.<\/li>\n<li><strong>Nuko\u0161kite:<\/strong> arbat\u0105 perko\u0161kite per sietel\u012f.<\/li>\n<li><strong>Patiekite:<\/strong> patiekite \u0161ilt\u0105 kaip raminam\u0105j\u012f g\u0117rim\u0105 arba at\u0161aldyt\u0105 kaip gaivinant\u012f g\u0117rim\u0105.<\/li>\n<\/ul>\n<h3><strong>Kada vartoti melis\u0173 arbat\u0105?<\/strong><\/h3>\n<ul>\n<li><strong>Vakare<\/strong>: atsipalaiduoti ir norint geriau i\u0161simiegoti.<\/li>\n<li><strong>Po valgio:<\/strong> vir\u0161kinimui palaikyti ir pilvo p\u016btimui suma\u017einti.<\/li>\n<li><strong>\u012etempt\u0105 dien\u0105:<\/strong> nuraminti prot\u0105 ir rasti pusiausvyr\u0105.<\/li>\n<\/ul>\n<p>Melis\u0173 arbata yra \u0161velni ir tinkama vartoti kasdien. Arbatos gamintojas i\u0161 Estijos <strong><a href=\"http:\/\/eeriksaare.ee\">Eeriksaare Teetalu<\/a><\/strong><strong> &#8211; artumas gamtai ir i\u0161 kartos \u012f kart\u0105 perduodama i\u0161mintis. <\/strong>Eeriksaare Teetalu &#8211; tai vieta, kur gerbiama \u017eem\u0117, dirvo\u017eemis ir tradicijos. J\u0173 \u0161aknys giliai \u012faugusios \u012f gimtosios \u017eem\u0117s dirv\u0105, tod\u0117l jie jau\u010dia stipr\u0173 ry\u0161\u012f su ypatingu \u0161ios vietos charakteriu. Seneli\u0173 \u016bkininkavimo i\u0161mintis ir senosios pievos yra j\u0173 arbatin\u0117s pagrindas &#8211; i\u0161 \u010dia jie semiasi j\u0117g\u0173 ir \u012fkv\u0117pimo kurti skani\u0105 arbat\u0105. Arbat\u017eol\u0117s auga r\u016bpestingai pri\u017ei\u016brimame dirvo\u017eemyje, neapkrautame dirbtin\u0117mis tr\u0105\u0161omis ir pesticidais. Augalai auginami ir skinami rankomis, taip u\u017etikrinant auk\u0161\u010diausi\u0105 kokyb\u0119 ir nat\u016bral\u0173 kiekvieno lapelio grynum\u0105. Arbat\u017eol\u0117s, kuri\u0173 jie patys neaugina, renkamos i\u0161 tyr\u0173 Viljand\u017eio apylinki\u0173 mi\u0161k\u0173 ir pelki\u0173. Taip u\u017etikrinama, kad kiekvienas arbatos mi\u0161inys savyje talpina vietin\u0117s gamtos gali\u0105 ir unikal\u0173 skon\u012f. Eeriksaare Teetalu gerbia savo gimtin\u0119 ir jos paveld\u0105. Jie r\u016bpinasi gamta ir dirba tvariai, kad j\u0173 laukai ir mi\u0161kai i\u0161likt\u0173 tokie patys ir ateities kartoms.<\/p>\n<p><img decoding=\"async\" class=\"alignleft wp-image-56542 size-large\" src=\"https:\/\/purenature.lt\/wp-content\/uploads\/2024\/11\/Family-drinking-tea-1300x685.jpg\" alt=\"\" width=\"1300\" height=\"685\" srcset=\"https:\/\/old.elusvali.ee\/wp-content\/uploads\/2024\/11\/Family-drinking-tea-1300x685.jpg 1300w, https:\/\/old.elusvali.ee\/wp-content\/uploads\/2024\/11\/Family-drinking-tea-400x211.jpg 400w, https:\/\/old.elusvali.ee\/wp-content\/uploads\/2024\/11\/Family-drinking-tea-768x404.jpg 768w, https:\/\/old.elusvali.ee\/wp-content\/uploads\/2024\/11\/Family-drinking-tea-430x226.jpg 430w, https:\/\/old.elusvali.ee\/wp-content\/uploads\/2024\/11\/Family-drinking-tea-700x369.jpg 700w, https:\/\/old.elusvali.ee\/wp-content\/uploads\/2024\/11\/Family-drinking-tea-150x79.jpg 150w, https:\/\/old.elusvali.ee\/wp-content\/uploads\/2024\/11\/Family-drinking-tea.jpg 1350w\" sizes=\"(max-width: 1300px) 100vw, 1300px\" \/><\/p>\n","protected":false},"excerpt":{"rendered":"<p>Vaistin\u0117 melisa<em> (Melissa officinalis)<\/em> vertinama d\u0117l malonaus kvapo ir \u012fvairiapus\u0117s naudos sveikatai. I\u0161 melisos gaminama puiki arbata, kuri atpalaiduoja ir palengvina vir\u0161kinim\u0105. Medical Medium Anthony Williamas giria melis\u0105 kaip tikr\u0105 gyvenim\u0105 kei\u010dian\u010di\u0105 priemon\u0119, pabr\u0117\u017edamas jos geb\u0117jim\u0105 spr\u0119sti \u012fvairias sveikatos problemas ir palaikyti viso organizmo sveikat\u0105.<\/p>\n","protected":false},"featured_media":62444,"comment_status":"open","ping_status":"closed","template":"","meta":{"_acf_changed":false},"product_brand":[],"product_cat":[480],"product_tag":[481],"class_list":{"0":"post-57622","1":"product","2":"type-product","3":"status-publish","4":"has-post-thumbnail","6":"product_cat-arbatos","7":"product_tag-arbata","9":"first","10":"instock","11":"taxable","12":"shipping-taxable","13":"purchasable","14":"product-type-simple"},"acf":[],"yoast_head":"<!-- This site is optimized with the Yoast SEO plugin v25.3.1 - https:\/\/yoast.com\/wordpress\/plugins\/seo\/ -->\n<title>Melisa 30g | Eeriksaare Mahetalu - Pure Nature<\/title>\n<meta name=\"description\" content=\"Melisa yra gyvenim\u0105 kei\u010diantis augalas, padedantis spr\u0119sti \u012fvairias sveikatos problemas ir teigiamai veikiantis beveik visas k\u016bno dalis.\" \/>\n<meta name=\"robots\" content=\"noindex, follow, max-snippet:-1, max-image-preview:large, max-video-preview:-1\" \/>\n<meta property=\"og:locale\" content=\"lt_LT\" \/>\n<meta property=\"og:type\" content=\"article\" \/>\n<meta property=\"og:title\" content=\"Melisa 30g | Eeriksaare Mahetalu - Pure Nature\" \/>\n<meta property=\"og:description\" content=\"Melisa yra gyvenim\u0105 kei\u010diantis augalas, padedantis spr\u0119sti \u012fvairias sveikatos problemas ir teigiamai veikiantis beveik visas k\u016bno dalis.\" \/>\n<meta property=\"og:url\" content=\"https:\/\/old.elusvali.ee\/lt\/prek\u0117\/melisa-30g-eeriksaare-mahetalu\/\" \/>\n<meta property=\"og:site_name\" content=\"Elusv&auml;li\" \/>\n<meta property=\"article:publisher\" content=\"https:\/\/www.facebook.com\/profile.php?id=100064131067985\" \/>\n<meta property=\"article:modified_time\" content=\"2025-07-03T17:10:50+00:00\" \/>\n<meta property=\"og:image\" content=\"https:\/\/purenature.lt\/wp-content\/uploads\/2024\/12\/sidrunmeliss-eest-2-sidrunmelissi-tee_-lemon-balm-tea_720.jpg\" \/>\n\t<meta property=\"og:image:width\" content=\"720\" \/>\n\t<meta property=\"og:image:height\" content=\"720\" \/>\n\t<meta property=\"og:image:type\" content=\"image\/jpeg\" \/>\n<meta name=\"twitter:card\" content=\"summary_large_image\" \/>\n<meta name=\"twitter:label1\" content=\"Est. reading time\" \/>\n\t<meta name=\"twitter:data1\" content=\"6 minut\u0117s\" \/>\n<script type=\"application\/ld+json\" class=\"yoast-schema-graph\">{\"@context\":\"https:\/\/schema.org\",\"@graph\":[{\"@type\":\"WebPage\",\"@id\":\"https:\/\/old.elusvali.ee\/lt\/prek\u0117\/melisa-30g-eeriksaare-mahetalu\/\",\"url\":\"https:\/\/old.elusvali.ee\/lt\/prek\u0117\/melisa-30g-eeriksaare-mahetalu\/\",\"name\":\"Melisa 30g | Eeriksaare Mahetalu - Pure Nature\",\"isPartOf\":{\"@id\":\"https:\/\/old.elusvali.ee\/lt\/#website\"},\"primaryImageOfPage\":{\"@id\":\"https:\/\/old.elusvali.ee\/lt\/prek\u0117\/melisa-30g-eeriksaare-mahetalu\/#primaryimage\"},\"image\":{\"@id\":\"https:\/\/old.elusvali.ee\/lt\/prek\u0117\/melisa-30g-eeriksaare-mahetalu\/#primaryimage\"},\"thumbnailUrl\":\"https:\/\/old.elusvali.ee\/wp-content\/uploads\/2024\/12\/sidrunmeliss-eest-2-sidrunmelissi-tee_-lemon-balm-tea_720.jpg\",\"datePublished\":\"2024-12-08T15:01:31+00:00\",\"dateModified\":\"2025-07-03T17:10:50+00:00\",\"description\":\"Melisa yra gyvenim\u0105 kei\u010diantis augalas, padedantis spr\u0119sti \u012fvairias sveikatos problemas ir teigiamai veikiantis beveik visas k\u016bno dalis.\",\"breadcrumb\":{\"@id\":\"https:\/\/old.elusvali.ee\/lt\/prek\u0117\/melisa-30g-eeriksaare-mahetalu\/#breadcrumb\"},\"inLanguage\":\"lt-LT\",\"potentialAction\":[{\"@type\":\"ReadAction\",\"target\":[\"https:\/\/old.elusvali.ee\/lt\/prek\u0117\/melisa-30g-eeriksaare-mahetalu\/\"]}]},{\"@type\":\"ImageObject\",\"inLanguage\":\"lt-LT\",\"@id\":\"https:\/\/old.elusvali.ee\/lt\/prek\u0117\/melisa-30g-eeriksaare-mahetalu\/#primaryimage\",\"url\":\"https:\/\/old.elusvali.ee\/wp-content\/uploads\/2024\/12\/sidrunmeliss-eest-2-sidrunmelissi-tee_-lemon-balm-tea_720.jpg\",\"contentUrl\":\"https:\/\/old.elusvali.ee\/wp-content\/uploads\/2024\/12\/sidrunmeliss-eest-2-sidrunmelissi-tee_-lemon-balm-tea_720.jpg\",\"width\":720,\"height\":720,\"caption\":\"sidrunmelissi tee\"},{\"@type\":\"BreadcrumbList\",\"@id\":\"https:\/\/old.elusvali.ee\/lt\/prek\u0117\/melisa-30g-eeriksaare-mahetalu\/#breadcrumb\",\"itemListElement\":[{\"@type\":\"ListItem\",\"position\":1,\"name\":\"Home\",\"item\":\"https:\/\/old.elusvali.ee\/lt\/\"},{\"@type\":\"ListItem\",\"position\":2,\"name\":\"Elektronin\u0117 parduotuv\u0117\",\"item\":\"https:\/\/purenature.lt\/parduotuve\/\"},{\"@type\":\"ListItem\",\"position\":3,\"name\":\"Melisa 30g | Eeriksaare Mahetalu\"}]},{\"@type\":\"WebSite\",\"@id\":\"https:\/\/old.elusvali.ee\/lt\/#website\",\"url\":\"https:\/\/old.elusvali.ee\/lt\/\",\"name\":\"Elusv\u00e4li\",\"description\":\"Puhas k&ouml;&ouml;k ja koduapteek\",\"publisher\":{\"@id\":\"https:\/\/old.elusvali.ee\/lt\/#organization\"},\"potentialAction\":[{\"@type\":\"SearchAction\",\"target\":{\"@type\":\"EntryPoint\",\"urlTemplate\":\"https:\/\/old.elusvali.ee\/lt\/?s={search_term_string}\"},\"query-input\":{\"@type\":\"PropertyValueSpecification\",\"valueRequired\":true,\"valueName\":\"search_term_string\"}}],\"inLanguage\":\"lt-LT\"},{\"@type\":\"Organization\",\"@id\":\"https:\/\/old.elusvali.ee\/lt\/#organization\",\"name\":\"Elusv\u00e4li\",\"url\":\"https:\/\/old.elusvali.ee\/lt\/\",\"logo\":{\"@type\":\"ImageObject\",\"inLanguage\":\"lt-LT\",\"@id\":\"https:\/\/old.elusvali.ee\/lt\/#\/schema\/logo\/image\/\",\"url\":\"https:\/\/purenature.lt\/wp-content\/uploads\/2023\/07\/logo.png\",\"contentUrl\":\"https:\/\/purenature.lt\/wp-content\/uploads\/2023\/07\/logo.png\",\"width\":526,\"height\":146,\"caption\":\"Elusv\u00e4li\"},\"image\":{\"@id\":\"https:\/\/old.elusvali.ee\/lt\/#\/schema\/logo\/image\/\"},\"sameAs\":[\"https:\/\/www.facebook.com\/profile.php?id=100064131067985\",\"https:\/\/www.instagram.com\/elusvali\/\",\"https:\/\/www.youtube.com\/@elusvali2110\"]}]}<\/script>\n<!-- \/ Yoast SEO plugin. -->","yoast_head_json":{"title":"Melisa 30g | Eeriksaare Mahetalu - Pure Nature","description":"Melisa yra gyvenim\u0105 kei\u010diantis augalas, padedantis spr\u0119sti \u012fvairias sveikatos problemas ir teigiamai veikiantis beveik visas k\u016bno dalis.","robots":{"index":"noindex","follow":"follow","max-snippet":"max-snippet:-1","max-image-preview":"max-image-preview:large","max-video-preview":"max-video-preview:-1"},"og_locale":"lt_LT","og_type":"article","og_title":"Melisa 30g | Eeriksaare Mahetalu - Pure Nature","og_description":"Melisa yra gyvenim\u0105 kei\u010diantis augalas, padedantis spr\u0119sti \u012fvairias sveikatos problemas ir teigiamai veikiantis beveik visas k\u016bno dalis.","og_url":"https:\/\/old.elusvali.ee\/lt\/prek\u0117\/melisa-30g-eeriksaare-mahetalu\/","og_site_name":"Elusv&auml;li","article_publisher":"https:\/\/www.facebook.com\/profile.php?id=100064131067985","article_modified_time":"2025-07-03T17:10:50+00:00","og_image":[{"width":720,"height":720,"url":"https:\/\/purenature.lt\/wp-content\/uploads\/2024\/12\/sidrunmeliss-eest-2-sidrunmelissi-tee_-lemon-balm-tea_720.jpg","type":"image\/jpeg"}],"twitter_card":"summary_large_image","twitter_misc":{"Est. reading time":"6 minut\u0117s"},"schema":{"@context":"https:\/\/schema.org","@graph":[{"@type":"WebPage","@id":"https:\/\/old.elusvali.ee\/lt\/prek\u0117\/melisa-30g-eeriksaare-mahetalu\/","url":"https:\/\/old.elusvali.ee\/lt\/prek\u0117\/melisa-30g-eeriksaare-mahetalu\/","name":"Melisa 30g | Eeriksaare Mahetalu - Pure Nature","isPartOf":{"@id":"https:\/\/old.elusvali.ee\/lt\/#website"},"primaryImageOfPage":{"@id":"https:\/\/old.elusvali.ee\/lt\/prek\u0117\/melisa-30g-eeriksaare-mahetalu\/#primaryimage"},"image":{"@id":"https:\/\/old.elusvali.ee\/lt\/prek\u0117\/melisa-30g-eeriksaare-mahetalu\/#primaryimage"},"thumbnailUrl":"https:\/\/old.elusvali.ee\/wp-content\/uploads\/2024\/12\/sidrunmeliss-eest-2-sidrunmelissi-tee_-lemon-balm-tea_720.jpg","datePublished":"2024-12-08T15:01:31+00:00","dateModified":"2025-07-03T17:10:50+00:00","description":"Melisa yra gyvenim\u0105 kei\u010diantis augalas, padedantis spr\u0119sti \u012fvairias sveikatos problemas ir teigiamai veikiantis beveik visas k\u016bno dalis.","breadcrumb":{"@id":"https:\/\/old.elusvali.ee\/lt\/prek\u0117\/melisa-30g-eeriksaare-mahetalu\/#breadcrumb"},"inLanguage":"lt-LT","potentialAction":[{"@type":"ReadAction","target":["https:\/\/old.elusvali.ee\/lt\/prek\u0117\/melisa-30g-eeriksaare-mahetalu\/"]}]},{"@type":"ImageObject","inLanguage":"lt-LT","@id":"https:\/\/old.elusvali.ee\/lt\/prek\u0117\/melisa-30g-eeriksaare-mahetalu\/#primaryimage","url":"https:\/\/old.elusvali.ee\/wp-content\/uploads\/2024\/12\/sidrunmeliss-eest-2-sidrunmelissi-tee_-lemon-balm-tea_720.jpg","contentUrl":"https:\/\/old.elusvali.ee\/wp-content\/uploads\/2024\/12\/sidrunmeliss-eest-2-sidrunmelissi-tee_-lemon-balm-tea_720.jpg","width":720,"height":720,"caption":"sidrunmelissi tee"},{"@type":"BreadcrumbList","@id":"https:\/\/old.elusvali.ee\/lt\/prek\u0117\/melisa-30g-eeriksaare-mahetalu\/#breadcrumb","itemListElement":[{"@type":"ListItem","position":1,"name":"Home","item":"https:\/\/old.elusvali.ee\/lt\/"},{"@type":"ListItem","position":2,"name":"Elektronin\u0117 parduotuv\u0117","item":"https:\/\/purenature.lt\/parduotuve\/"},{"@type":"ListItem","position":3,"name":"Melisa 30g | Eeriksaare Mahetalu"}]},{"@type":"WebSite","@id":"https:\/\/old.elusvali.ee\/lt\/#website","url":"https:\/\/old.elusvali.ee\/lt\/","name":"Elusv\u00e4li","description":"Puhas k&ouml;&ouml;k ja koduapteek","publisher":{"@id":"https:\/\/old.elusvali.ee\/lt\/#organization"},"potentialAction":[{"@type":"SearchAction","target":{"@type":"EntryPoint","urlTemplate":"https:\/\/old.elusvali.ee\/lt\/?s={search_term_string}"},"query-input":{"@type":"PropertyValueSpecification","valueRequired":true,"valueName":"search_term_string"}}],"inLanguage":"lt-LT"},{"@type":"Organization","@id":"https:\/\/old.elusvali.ee\/lt\/#organization","name":"Elusv\u00e4li","url":"https:\/\/old.elusvali.ee\/lt\/","logo":{"@type":"ImageObject","inLanguage":"lt-LT","@id":"https:\/\/old.elusvali.ee\/lt\/#\/schema\/logo\/image\/","url":"https:\/\/purenature.lt\/wp-content\/uploads\/2023\/07\/logo.png","contentUrl":"https:\/\/purenature.lt\/wp-content\/uploads\/2023\/07\/logo.png","width":526,"height":146,"caption":"Elusv\u00e4li"},"image":{"@id":"https:\/\/old.elusvali.ee\/lt\/#\/schema\/logo\/image\/"},"sameAs":["https:\/\/www.facebook.com\/profile.php?id=100064131067985","https:\/\/www.instagram.com\/elusvali\/","https:\/\/www.youtube.com\/@elusvali2110"]}]}},"_links":{"self":[{"href":"https:\/\/old.elusvali.ee\/lt\/wp-json\/wp\/v2\/product\/57622","targetHints":{"allow":["GET"]}}],"collection":[{"href":"https:\/\/old.elusvali.ee\/lt\/wp-json\/wp\/v2\/product"}],"about":[{"href":"https:\/\/old.elusvali.ee\/lt\/wp-json\/wp\/v2\/types\/product"}],"replies":[{"embeddable":true,"href":"https:\/\/old.elusvali.ee\/lt\/wp-json\/wp\/v2\/comments?post=57622"}],"version-history":[{"count":2,"href":"https:\/\/old.elusvali.ee\/lt\/wp-json\/wp\/v2\/product\/57622\/revisions"}],"predecessor-version":[{"id":57641,"href":"https:\/\/old.elusvali.ee\/lt\/wp-json\/wp\/v2\/product\/57622\/revisions\/57641"}],"wp:featuredmedia":[{"embeddable":true,"href":"https:\/\/old.elusvali.ee\/lt\/wp-json\/wp\/v2\/media\/62444"}],"wp:attachment":[{"href":"https:\/\/old.elusvali.ee\/lt\/wp-json\/wp\/v2\/media?parent=57622"}],"wp:term":[{"taxonomy":"product_brand","embeddable":true,"href":"https:\/\/old.elusvali.ee\/lt\/wp-json\/wp\/v2\/product_brand?post=57622"},{"taxonomy":"product_cat","embeddable":true,"href":"https:\/\/old.elusvali.ee\/lt\/wp-json\/wp\/v2\/product_cat?post=57622"},{"taxonomy":"product_tag","embeddable":true,"href":"https:\/\/old.elusvali.ee\/lt\/wp-json\/wp\/v2\/product_tag?post=57622"}],"curies":[{"name":"wp","href":"https:\/\/api.w.org\/{rel}","templated":true}]}}