{"id":57621,"date":"2024-12-08T17:01:44","date_gmt":"2024-12-08T15:01:44","guid":{"rendered":"https:\/\/old.elusvali.ee\/product\/citrinu-duonele-25g-ekologiska-eeriksaare-mahetalu\/"},"modified":"2025-07-04T17:11:45","modified_gmt":"2025-07-04T14:11:45","slug":"citrinine-verbena-25g-eeriksaare-mahetalu","status":"publish","type":"product","link":"https:\/\/old.elusvali.ee\/lt\/prek\u0117\/citrinine-verbena-25g-eeriksaare-mahetalu\/","title":{"rendered":"Citrinin\u0117 verbena 25g | Eeriksaare Mahetalu"},"content":{"rendered":"<h3>Citrinin\u0117 verbena <i>(Aloysia citrodora<\/i>)<\/h3>\n<p><strong><img fetchpriority=\"high\" decoding=\"async\" class=\"wp-image-56943 size-medium alignleft\" src=\"https:\/\/purenature.lt\/wp-content\/uploads\/2024\/12\/fresh-lemon-verbena-238x300.jpg\" alt=\"\" width=\"238\" height=\"300\" srcset=\"https:\/\/old.elusvali.ee\/wp-content\/uploads\/2024\/12\/fresh-lemon-verbena-238x300.jpg 238w, https:\/\/old.elusvali.ee\/wp-content\/uploads\/2024\/12\/fresh-lemon-verbena-635x800.jpg 635w, https:\/\/old.elusvali.ee\/wp-content\/uploads\/2024\/12\/fresh-lemon-verbena-768x967.jpg 768w, https:\/\/old.elusvali.ee\/wp-content\/uploads\/2024\/12\/fresh-lemon-verbena-430x542.jpg 430w, https:\/\/old.elusvali.ee\/wp-content\/uploads\/2024\/12\/fresh-lemon-verbena-700x882.jpg 700w, https:\/\/old.elusvali.ee\/wp-content\/uploads\/2024\/12\/fresh-lemon-verbena-150x189.jpg 150w, https:\/\/old.elusvali.ee\/wp-content\/uploads\/2024\/12\/fresh-lemon-verbena.jpg 1072w\" sizes=\"(max-width: 238px) 100vw, 238px\" \/><\/strong>Citrinin\u0117 verbena yra daugiametis kr\u016bmas, priklausantis<em>Verbenaceae<\/em> \u0161eimai, kil\u0119s i\u0161 Peru, Argentinos, \u010cil\u0117s, Urugvajaus, Bolivijos ir Brazilijos. XVIII a. \u0161\u012f lapuot\u012f augal\u0105 i\u0161 Piet\u0173 Amerikos \u012f Ispanij\u0105 atve\u017e\u0117 Europos kolonizatoriai. Citrinin\u0117 verbena yra lapuotis sumed\u0117j\u0119s augalas, u\u017eaugantis nuo 1 iki 3 metr\u0173 auk\u0161\u010dio. Jo lapai siauri, citrin\u0173 kvapo, pailgi, geltonai \u017eali. \u017diedai smulk\u016bs, balti arba bly\u0161kiai m\u0117lyni, i\u0161sid\u0117st\u0119 glaud\u017eiomis kek\u0117mis. Augalas jautrus \u0161al\u010diui, o temperat\u016brai nukritus \u017eemiau 0 \u00b0C, netenka lap\u0173. Jei augalas negauna pakankamai saul\u0117s, jis tampa plonas ir auk\u0161tas, netenka daug eterinio aliejaus. I\u0161 prad\u017ei\u0173 buvo auginamas eteriniam aliejui gaminti, kuris buvo naudojamas kvepaluose, kol j\u012f pakeit\u0117 melisa ir citrin\u017eol\u0117. Citrinin\u0117s verbenos lapai naudojami arbatoms ir g\u0117rimams aromatizuoti, taip pat vaisi\u0173 salotoms, desertams ir uogien\u0117ms gardinti. Be to, augalo lapai ir \u017eiedai naudojami liaudies medicinoje d\u0117l kar\u0161\u010diavim\u0105 ma\u017einan\u010di\u0173, spazmolitini\u0173, vir\u0161kinim\u0105 gerinan\u010di\u0173 ir raminam\u0173 savybi\u0173.<\/p>\n<h4><\/h4>\n<h4><strong>Sveikat\u0105 stiprinan\u010dios citrinin\u0117s verbenos savyb\u0117s:<\/strong><\/h4>\n<p>Vertinama tiek kulinarijoje, tiek kaip vasita\u017eol\u0117. Ji pasi\u017eymi daugybe sveikat\u0105 stiprinan\u010di\u0173 savybi\u0173:<\/p>\n<ol>\n<li><strong>Raminamasis ir stres\u0105 ma\u017einantis poveikis: <\/strong>padeda suma\u017einti nerim\u0105, stres\u0105 ir \u012ftamp\u0105. Skatina atsipalaidavim\u0105 ir gerina miego kokyb\u0119.<\/li>\n<\/ol>\n<ol start=\"2\">\n<li><strong>Pagalba vir\u0161kinimo sistemai:<\/strong> padeda palengvinti vir\u0161kinimo sutrikimus, tokius kaip pilvo p\u016btimas, duj\u0173 kaupimasis ir kiti nemalon\u016bs poj\u016b\u010diai. Ramina skrand\u017eio gleivin\u0119 ir skatina skland\u0173 vir\u0161kinim\u0105.<\/li>\n<\/ol>\n<ol start=\"3\">\n<li><strong>Imuniteto stiprinimas: <\/strong>turi antioksidant\u0173, kurie padeda kovoti su laisvaisiais radikalais ir stiprina organizmo apsaug\u0105.<\/li>\n<\/ol>\n<ol start=\"4\">\n<li><strong>Prie\u0161u\u017edegiminis poveikis: <\/strong>padeda ma\u017einti u\u017edegim\u0105 ir gali b\u016bti naudingas sergant l\u0117tiniais u\u017edegimais.<\/li>\n<\/ol>\n<ol start=\"5\">\n<li><strong>Skausm\u0105 mal\u0161inanti priemon\u0117: <\/strong>gali pad\u0117ti palengvinti lengv\u0105 galvos ir raumen\u0173 skausm\u0105.<\/li>\n<\/ol>\n<ol start=\"6\">\n<li><strong>Hormon\u0173 pusiausvyros palaikymas: <\/strong>padeda mal\u0161inti menstruacij\u0173 skausm\u0105 ir reguliuoti hormon\u0173 poky\u010dius.<\/li>\n<\/ol>\n<ol start=\"7\">\n<li><strong>Teigiamai veikia od\u0105: <\/strong>antioksidantai palaiko odos sveikat\u0105, padeda i\u0161laikyti jos elastingum\u0105 ir jaunyst\u0119.<\/li>\n<\/ol>\n<p><a href=\"https:\/\/purenature.lt\/kas-yra-medicinos-mediumas\/\"><strong>Medical Medium Anthony William<\/strong><\/a> teigia, kad citrinin\u0117 verbena yra naudingas aromatingas augalas, pasi\u017eymintis \u0161velniomis antiseptin\u0117mis, prie\u0161u\u017edegimin\u0117mis ir raminan\u010diomis savyb\u0117mis. Citrinin\u0117 verbena yra puiki vir\u0161kinamojo trakto pagalbinink\u0117, padedanti ma\u017einti pykinim\u0105, pilvo p\u016btim\u0105, vir\u0161kinimo sutrikimus, r\u0117men\u012f, viduri\u0173 p\u016btim\u0105, viduriavim\u0105, vir\u0161kinamojo trakto spazmus ir dirgliosios \u017earnos sindrom\u0105. Be to, ji da\u017enai naudojama kaip nat\u016brali liekn\u0117jimo priemon\u0117, nes padeda reguliuoti med\u017eiag\u0173 apykait\u0105. Daugiau apie melis\u0105 galite paskaityti <a href=\"https:\/\/www.medicalmedium.com\/blog\/lemon-verbena\">Medical Medium tinklara\u0161tyje<\/a>.<\/p>\n<h4>Galimi naudojimo b\u016bdai:<\/h4>\n<ul>\n<li><strong>Arbata:<\/strong> d\u017eiovinti arba \u0161vie\u017ei lapeliai puikiai tinka raminan\u010diai ir gaivinan\u010diai arbatai.<\/li>\n<li><strong>Maisto gaminimas:<\/strong> citrinin\u0117 verbena suteikia ypating\u0105 skon\u012f desertams, g\u0117rimams, salotoms ir marinatams.<\/li>\n<li><strong>Kosmetika:<\/strong> d\u0117l malonaus kvapo ir raminam\u0173j\u0173 savybi\u0173 jos eteriniai aliejai naudojami kvepaluose, muiluose ir kremuose.<\/li>\n<\/ul>\n<h3><strong>Kaip pasigaminti citrinin\u0117s verbenos arbatos?<\/strong><\/h3>\n<ul>\n<li><strong>Paruo\u0161imas:<\/strong> \u012f arbatinuk\u0105 ar puodel\u012f \u012fd\u0117kite d\u017eiovint\u0173 (1-2 arbatinius \u0161auk\u0161telius) arba \u0161vie\u017ei\u0173 citrin\u0173 lap\u0173. <img decoding=\"async\" class=\"wp-image-56954 size-medium alignright\" src=\"https:\/\/purenature.lt\/wp-content\/uploads\/2024\/12\/lemon-verbena-tea2-400x283.jpg\" alt=\"\" width=\"400\" height=\"283\" srcset=\"https:\/\/old.elusvali.ee\/wp-content\/uploads\/2024\/12\/lemon-verbena-tea2-400x283.jpg 400w, https:\/\/old.elusvali.ee\/wp-content\/uploads\/2024\/12\/lemon-verbena-tea2-1130x800.jpg 1130w, https:\/\/old.elusvali.ee\/wp-content\/uploads\/2024\/12\/lemon-verbena-tea2-768x544.jpg 768w, https:\/\/old.elusvali.ee\/wp-content\/uploads\/2024\/12\/lemon-verbena-tea2-430x305.jpg 430w, https:\/\/old.elusvali.ee\/wp-content\/uploads\/2024\/12\/lemon-verbena-tea2-700x496.jpg 700w, https:\/\/old.elusvali.ee\/wp-content\/uploads\/2024\/12\/lemon-verbena-tea2-150x106.jpg 150w, https:\/\/old.elusvali.ee\/wp-content\/uploads\/2024\/12\/lemon-verbena-tea2.jpg 1350w\" sizes=\"(max-width: 400px) 100vw, 400px\" \/><\/li>\n<li><strong>U\u017epilkite kar\u0161to vandens:<\/strong> lapelius u\u017epilkite 250 ml verdan\u010dio vandens.<\/li>\n<li><strong>Pamirkykite:<\/strong> u\u017edenkite puodel\u012f ar arbatinuk\u0105 ir palaukite 5-10 minu\u010di\u0173. Ilgesnis u\u017epylimo laikas suteikia intensyvesn\u012f skon\u012f.<\/li>\n<li><strong>Nuko\u0161kite:<\/strong> arbat\u0105 perko\u0161kite per sietel\u012f.<\/li>\n<li><strong>Patiekite: <\/strong>m\u0117gaukit\u0117s \u0161ilta arba \u0161alta arbata. Citrin\u0117s verbenos arbata puikiai tinka gaivintis ir kar\u0161ta dien\u0105.<\/li>\n<\/ul>\n<h3><strong>Kada vartoti citrinin\u0117s verbenos arbat\u0105?<\/strong><\/h3>\n<ul>\n<li><strong>Vakare<\/strong>: atsipalaiduoti ir apgerinti mieg\u0105.<\/li>\n<li><strong>Dienos metu:<\/strong> vir\u0161kinimui palaikyti po valgio arba nusiraminti streso akimirkomis.<\/li>\n<li><strong>Kar\u0161tu oru:<\/strong> atv\u0117sinkite su gaivinan\u010diu g\u0117rimu.<\/li>\n<\/ul>\n<p>Citrinin\u0117s verbenos arbat\u0105 lengva paruo\u0161ti ir ji yra puikus pasirinkimas norint \u012fne\u0161ti ramyb\u0117s ir pusiausvyros \u012f j\u016bs\u0173 dien\u0105.<\/p>\n<p>&nbsp;<\/p>\n<p><strong>Arbatos gamintojas i\u0161 Estijos <a href=\"http:\/\/eeriksaare.ee\">Eeriksaare Teetalu<\/a> &#8211; artumas gamtai ir i\u0161 kartos \u012f kart\u0105 perduodama i\u0161mintis. <\/strong>Eeriksaare Teetalu &#8211; tai vieta, kur gerbiama \u017eem\u0117, dirvo\u017eemis ir tradicijos. J\u0173 \u0161aknys giliai \u012faugusios \u012f gimtin\u0117s \u017eem\u0119, tod\u0117l jie jau\u010dia stipr\u0173 ry\u0161\u012f su ypatingu \u0161ios vietos charakteriu. Seneli\u0173 \u016bkininkavimo i\u0161mintis ir senosios pievos yra j\u0173 arbatin\u0117s pagrindas &#8211; i\u0161 \u010dia jie semiasi j\u0117g\u0173 ir \u012fkv\u0117pimo kurti skanias arbatas. Arbat\u017eol\u0117s auga r\u016bpestingai pri\u017ei\u016brimame dirvo\u017eemyje, neapkrautame dirbtin\u0117mis tr\u0105\u0161omis ir pesticidais. Augalai auginami ir skinami rankomis, taip u\u017etikrinant auk\u0161\u010diausi\u0105 kokyb\u0119 ir nat\u016bral\u0173 kiekvieno lapelio grynum\u0105. Arbat\u017eol\u0117s, kuri\u0173 jie patys neaugina, renkamos i\u0161 tyr\u0173 Viljand\u017eio apylinki\u0173 mi\u0161k\u0173 ir pelki\u0173. Taip u\u017etikrinama, kad kiekvienas arbatos mi\u0161inys savyje talpina vietin\u0117s gamtos gali\u0105 ir unikal\u0173 skon\u012f. Eeriksaare Teetalu gerbia savo gimtin\u0119 ir jos paveld\u0105. Jie r\u016bpinasi gamta ir dirba tvariai, kad j\u0173 laukai ir mi\u0161kai i\u0161likt\u0173 tokie patys ir ateities kartoms.<\/p>\n<p><img decoding=\"async\" class=\"alignleft wp-image-56562 size-large\" src=\"https:\/\/purenature.lt\/wp-content\/uploads\/2024\/11\/girl-drinking-tea-1200x800.jpg\" alt=\"\" width=\"1200\" height=\"800\" srcset=\"https:\/\/old.elusvali.ee\/wp-content\/uploads\/2024\/11\/girl-drinking-tea-1200x800.jpg 1200w, https:\/\/old.elusvali.ee\/wp-content\/uploads\/2024\/11\/girl-drinking-tea-400x267.jpg 400w, https:\/\/old.elusvali.ee\/wp-content\/uploads\/2024\/11\/girl-drinking-tea-768x512.jpg 768w, https:\/\/old.elusvali.ee\/wp-content\/uploads\/2024\/11\/girl-drinking-tea-430x287.jpg 430w, https:\/\/old.elusvali.ee\/wp-content\/uploads\/2024\/11\/girl-drinking-tea-700x467.jpg 700w, https:\/\/old.elusvali.ee\/wp-content\/uploads\/2024\/11\/girl-drinking-tea-150x100.jpg 150w, https:\/\/old.elusvali.ee\/wp-content\/uploads\/2024\/11\/girl-drinking-tea.jpg 1350w\" sizes=\"(max-width: 1200px) 100vw, 1200px\" \/><\/p>\n<p>&nbsp;<\/p>\n<p>&nbsp;<\/p>\n<p>&nbsp;<\/p>\n<p>&nbsp;<\/p>\n","protected":false},"excerpt":{"rendered":"<p>Citrinin\u0117 verbena yra \u0161velnaus citrin\u0173 skonio ir pasi\u017eymi raminan\u010diomis, vir\u0161kinim\u0105 ir mieg\u0105 skatinan\u010diomis savyb\u0117mis. I\u0161g\u0117rus puodel\u012f citrinin\u0117s verbenos arbatos po gausaus valgio, skatinamas sklandus vir\u0161kinimas. Arbat\u0105 galima gerti bet kuriuo paros metu. Taip pat pabandykite \u0161alt\u0105 citrinin\u0117s verbenos arbat\u0105, kai norite atsigaivinti.<\/p>\n","protected":false},"featured_media":60241,"comment_status":"open","ping_status":"closed","template":"","meta":{"_acf_changed":false},"product_brand":[],"product_cat":[480],"product_tag":[481],"class_list":{"0":"post-57621","1":"product","2":"type-product","3":"status-publish","4":"has-post-thumbnail","6":"product_cat-arbatos","7":"product_tag-arbata","9":"first","10":"instock","11":"taxable","12":"shipping-taxable","13":"purchasable","14":"product-type-simple"},"acf":[],"yoast_head":"<!-- This site is optimized with the Yoast SEO plugin v25.3.1 - https:\/\/yoast.com\/wordpress\/plugins\/seo\/ -->\n<title>Citrinin\u0117 verbena 25g | Eeriksaare Mahetalu - Pure Nature<\/title>\n<meta name=\"description\" content=\"Melisa yra \u0161velnaus citrin\u0173 skonio ir vertinama d\u0117l raminamojo poveikio, vir\u0161kinim\u0105 gerinan\u010dio ir mieg\u0105 gerinan\u010dio poveikio.\" \/>\n<meta name=\"robots\" content=\"noindex, follow, max-snippet:-1, max-image-preview:large, max-video-preview:-1\" \/>\n<meta property=\"og:locale\" content=\"lt_LT\" \/>\n<meta property=\"og:type\" content=\"article\" \/>\n<meta property=\"og:title\" content=\"Citrinin\u0117 verbena 25g | Eeriksaare Mahetalu - Pure Nature\" \/>\n<meta property=\"og:description\" content=\"Melisa yra \u0161velnaus citrin\u0173 skonio ir vertinama d\u0117l raminamojo poveikio, vir\u0161kinim\u0105 gerinan\u010dio ir mieg\u0105 gerinan\u010dio poveikio.\" \/>\n<meta property=\"og:url\" content=\"https:\/\/old.elusvali.ee\/lt\/prek\u0117\/citrinine-verbena-25g-eeriksaare-mahetalu\/\" \/>\n<meta property=\"og:site_name\" content=\"Elusv&auml;li\" \/>\n<meta property=\"article:publisher\" content=\"https:\/\/www.facebook.com\/profile.php?id=100064131067985\" \/>\n<meta property=\"article:modified_time\" content=\"2025-07-04T14:11:45+00:00\" \/>\n<meta property=\"og:image\" content=\"https:\/\/purenature.lt\/wp-content\/uploads\/2024\/12\/sidrunaloisia-lemon-verbana-25g-mahe.jpg\" \/>\n\t<meta property=\"og:image:width\" content=\"1000\" \/>\n\t<meta property=\"og:image:height\" content=\"1000\" \/>\n\t<meta property=\"og:image:type\" content=\"image\/jpeg\" \/>\n<meta name=\"twitter:card\" content=\"summary_large_image\" \/>\n<meta name=\"twitter:label1\" content=\"Est. reading time\" \/>\n\t<meta name=\"twitter:data1\" content=\"5 minut\u0117s\" \/>\n<script type=\"application\/ld+json\" class=\"yoast-schema-graph\">{\"@context\":\"https:\/\/schema.org\",\"@graph\":[{\"@type\":\"WebPage\",\"@id\":\"https:\/\/old.elusvali.ee\/lt\/prek\u0117\/citrinine-verbena-25g-eeriksaare-mahetalu\/\",\"url\":\"https:\/\/old.elusvali.ee\/lt\/prek\u0117\/citrinine-verbena-25g-eeriksaare-mahetalu\/\",\"name\":\"Citrinin\u0117 verbena 25g | Eeriksaare Mahetalu - Pure Nature\",\"isPartOf\":{\"@id\":\"https:\/\/old.elusvali.ee\/lt\/#website\"},\"primaryImageOfPage\":{\"@id\":\"https:\/\/old.elusvali.ee\/lt\/prek\u0117\/citrinine-verbena-25g-eeriksaare-mahetalu\/#primaryimage\"},\"image\":{\"@id\":\"https:\/\/old.elusvali.ee\/lt\/prek\u0117\/citrinine-verbena-25g-eeriksaare-mahetalu\/#primaryimage\"},\"thumbnailUrl\":\"https:\/\/old.elusvali.ee\/wp-content\/uploads\/2024\/12\/sidrunaloisia-lemon-verbana-25g-mahe.jpg\",\"datePublished\":\"2024-12-08T15:01:44+00:00\",\"dateModified\":\"2025-07-04T14:11:45+00:00\",\"description\":\"Melisa yra \u0161velnaus citrin\u0173 skonio ir vertinama d\u0117l raminamojo poveikio, vir\u0161kinim\u0105 gerinan\u010dio ir mieg\u0105 gerinan\u010dio poveikio.\",\"breadcrumb\":{\"@id\":\"https:\/\/old.elusvali.ee\/lt\/prek\u0117\/citrinine-verbena-25g-eeriksaare-mahetalu\/#breadcrumb\"},\"inLanguage\":\"lt-LT\",\"potentialAction\":[{\"@type\":\"ReadAction\",\"target\":[\"https:\/\/old.elusvali.ee\/lt\/prek\u0117\/citrinine-verbena-25g-eeriksaare-mahetalu\/\"]}]},{\"@type\":\"ImageObject\",\"inLanguage\":\"lt-LT\",\"@id\":\"https:\/\/old.elusvali.ee\/lt\/prek\u0117\/citrinine-verbena-25g-eeriksaare-mahetalu\/#primaryimage\",\"url\":\"https:\/\/old.elusvali.ee\/wp-content\/uploads\/2024\/12\/sidrunaloisia-lemon-verbana-25g-mahe.jpg\",\"contentUrl\":\"https:\/\/old.elusvali.ee\/wp-content\/uploads\/2024\/12\/sidrunaloisia-lemon-verbana-25g-mahe.jpg\",\"width\":1000,\"height\":1000,\"caption\":\"sidrunaloisia\"},{\"@type\":\"BreadcrumbList\",\"@id\":\"https:\/\/old.elusvali.ee\/lt\/prek\u0117\/citrinine-verbena-25g-eeriksaare-mahetalu\/#breadcrumb\",\"itemListElement\":[{\"@type\":\"ListItem\",\"position\":1,\"name\":\"Home\",\"item\":\"https:\/\/old.elusvali.ee\/lt\/\"},{\"@type\":\"ListItem\",\"position\":2,\"name\":\"Elektronin\u0117 parduotuv\u0117\",\"item\":\"https:\/\/purenature.lt\/parduotuve\/\"},{\"@type\":\"ListItem\",\"position\":3,\"name\":\"Citrinin\u0117 verbena 25g | Eeriksaare Mahetalu\"}]},{\"@type\":\"WebSite\",\"@id\":\"https:\/\/old.elusvali.ee\/lt\/#website\",\"url\":\"https:\/\/old.elusvali.ee\/lt\/\",\"name\":\"Elusv\u00e4li\",\"description\":\"Puhas k&ouml;&ouml;k ja koduapteek\",\"publisher\":{\"@id\":\"https:\/\/old.elusvali.ee\/lt\/#organization\"},\"potentialAction\":[{\"@type\":\"SearchAction\",\"target\":{\"@type\":\"EntryPoint\",\"urlTemplate\":\"https:\/\/old.elusvali.ee\/lt\/?s={search_term_string}\"},\"query-input\":{\"@type\":\"PropertyValueSpecification\",\"valueRequired\":true,\"valueName\":\"search_term_string\"}}],\"inLanguage\":\"lt-LT\"},{\"@type\":\"Organization\",\"@id\":\"https:\/\/old.elusvali.ee\/lt\/#organization\",\"name\":\"Elusv\u00e4li\",\"url\":\"https:\/\/old.elusvali.ee\/lt\/\",\"logo\":{\"@type\":\"ImageObject\",\"inLanguage\":\"lt-LT\",\"@id\":\"https:\/\/old.elusvali.ee\/lt\/#\/schema\/logo\/image\/\",\"url\":\"https:\/\/purenature.lt\/wp-content\/uploads\/2023\/07\/logo.png\",\"contentUrl\":\"https:\/\/purenature.lt\/wp-content\/uploads\/2023\/07\/logo.png\",\"width\":526,\"height\":146,\"caption\":\"Elusv\u00e4li\"},\"image\":{\"@id\":\"https:\/\/old.elusvali.ee\/lt\/#\/schema\/logo\/image\/\"},\"sameAs\":[\"https:\/\/www.facebook.com\/profile.php?id=100064131067985\",\"https:\/\/www.instagram.com\/elusvali\/\",\"https:\/\/www.youtube.com\/@elusvali2110\"]}]}<\/script>\n<!-- \/ Yoast SEO plugin. -->","yoast_head_json":{"title":"Citrinin\u0117 verbena 25g | Eeriksaare Mahetalu - Pure Nature","description":"Melisa yra \u0161velnaus citrin\u0173 skonio ir vertinama d\u0117l raminamojo poveikio, vir\u0161kinim\u0105 gerinan\u010dio ir mieg\u0105 gerinan\u010dio poveikio.","robots":{"index":"noindex","follow":"follow","max-snippet":"max-snippet:-1","max-image-preview":"max-image-preview:large","max-video-preview":"max-video-preview:-1"},"og_locale":"lt_LT","og_type":"article","og_title":"Citrinin\u0117 verbena 25g | Eeriksaare Mahetalu - Pure Nature","og_description":"Melisa yra \u0161velnaus citrin\u0173 skonio ir vertinama d\u0117l raminamojo poveikio, vir\u0161kinim\u0105 gerinan\u010dio ir mieg\u0105 gerinan\u010dio poveikio.","og_url":"https:\/\/old.elusvali.ee\/lt\/prek\u0117\/citrinine-verbena-25g-eeriksaare-mahetalu\/","og_site_name":"Elusv&auml;li","article_publisher":"https:\/\/www.facebook.com\/profile.php?id=100064131067985","article_modified_time":"2025-07-04T14:11:45+00:00","og_image":[{"width":1000,"height":1000,"url":"https:\/\/purenature.lt\/wp-content\/uploads\/2024\/12\/sidrunaloisia-lemon-verbana-25g-mahe.jpg","type":"image\/jpeg"}],"twitter_card":"summary_large_image","twitter_misc":{"Est. reading time":"5 minut\u0117s"},"schema":{"@context":"https:\/\/schema.org","@graph":[{"@type":"WebPage","@id":"https:\/\/old.elusvali.ee\/lt\/prek\u0117\/citrinine-verbena-25g-eeriksaare-mahetalu\/","url":"https:\/\/old.elusvali.ee\/lt\/prek\u0117\/citrinine-verbena-25g-eeriksaare-mahetalu\/","name":"Citrinin\u0117 verbena 25g | Eeriksaare Mahetalu - Pure Nature","isPartOf":{"@id":"https:\/\/old.elusvali.ee\/lt\/#website"},"primaryImageOfPage":{"@id":"https:\/\/old.elusvali.ee\/lt\/prek\u0117\/citrinine-verbena-25g-eeriksaare-mahetalu\/#primaryimage"},"image":{"@id":"https:\/\/old.elusvali.ee\/lt\/prek\u0117\/citrinine-verbena-25g-eeriksaare-mahetalu\/#primaryimage"},"thumbnailUrl":"https:\/\/old.elusvali.ee\/wp-content\/uploads\/2024\/12\/sidrunaloisia-lemon-verbana-25g-mahe.jpg","datePublished":"2024-12-08T15:01:44+00:00","dateModified":"2025-07-04T14:11:45+00:00","description":"Melisa yra \u0161velnaus citrin\u0173 skonio ir vertinama d\u0117l raminamojo poveikio, vir\u0161kinim\u0105 gerinan\u010dio ir mieg\u0105 gerinan\u010dio poveikio.","breadcrumb":{"@id":"https:\/\/old.elusvali.ee\/lt\/prek\u0117\/citrinine-verbena-25g-eeriksaare-mahetalu\/#breadcrumb"},"inLanguage":"lt-LT","potentialAction":[{"@type":"ReadAction","target":["https:\/\/old.elusvali.ee\/lt\/prek\u0117\/citrinine-verbena-25g-eeriksaare-mahetalu\/"]}]},{"@type":"ImageObject","inLanguage":"lt-LT","@id":"https:\/\/old.elusvali.ee\/lt\/prek\u0117\/citrinine-verbena-25g-eeriksaare-mahetalu\/#primaryimage","url":"https:\/\/old.elusvali.ee\/wp-content\/uploads\/2024\/12\/sidrunaloisia-lemon-verbana-25g-mahe.jpg","contentUrl":"https:\/\/old.elusvali.ee\/wp-content\/uploads\/2024\/12\/sidrunaloisia-lemon-verbana-25g-mahe.jpg","width":1000,"height":1000,"caption":"sidrunaloisia"},{"@type":"BreadcrumbList","@id":"https:\/\/old.elusvali.ee\/lt\/prek\u0117\/citrinine-verbena-25g-eeriksaare-mahetalu\/#breadcrumb","itemListElement":[{"@type":"ListItem","position":1,"name":"Home","item":"https:\/\/old.elusvali.ee\/lt\/"},{"@type":"ListItem","position":2,"name":"Elektronin\u0117 parduotuv\u0117","item":"https:\/\/purenature.lt\/parduotuve\/"},{"@type":"ListItem","position":3,"name":"Citrinin\u0117 verbena 25g | Eeriksaare Mahetalu"}]},{"@type":"WebSite","@id":"https:\/\/old.elusvali.ee\/lt\/#website","url":"https:\/\/old.elusvali.ee\/lt\/","name":"Elusv\u00e4li","description":"Puhas k&ouml;&ouml;k ja koduapteek","publisher":{"@id":"https:\/\/old.elusvali.ee\/lt\/#organization"},"potentialAction":[{"@type":"SearchAction","target":{"@type":"EntryPoint","urlTemplate":"https:\/\/old.elusvali.ee\/lt\/?s={search_term_string}"},"query-input":{"@type":"PropertyValueSpecification","valueRequired":true,"valueName":"search_term_string"}}],"inLanguage":"lt-LT"},{"@type":"Organization","@id":"https:\/\/old.elusvali.ee\/lt\/#organization","name":"Elusv\u00e4li","url":"https:\/\/old.elusvali.ee\/lt\/","logo":{"@type":"ImageObject","inLanguage":"lt-LT","@id":"https:\/\/old.elusvali.ee\/lt\/#\/schema\/logo\/image\/","url":"https:\/\/purenature.lt\/wp-content\/uploads\/2023\/07\/logo.png","contentUrl":"https:\/\/purenature.lt\/wp-content\/uploads\/2023\/07\/logo.png","width":526,"height":146,"caption":"Elusv\u00e4li"},"image":{"@id":"https:\/\/old.elusvali.ee\/lt\/#\/schema\/logo\/image\/"},"sameAs":["https:\/\/www.facebook.com\/profile.php?id=100064131067985","https:\/\/www.instagram.com\/elusvali\/","https:\/\/www.youtube.com\/@elusvali2110"]}]}},"_links":{"self":[{"href":"https:\/\/old.elusvali.ee\/lt\/wp-json\/wp\/v2\/product\/57621","targetHints":{"allow":["GET"]}}],"collection":[{"href":"https:\/\/old.elusvali.ee\/lt\/wp-json\/wp\/v2\/product"}],"about":[{"href":"https:\/\/old.elusvali.ee\/lt\/wp-json\/wp\/v2\/types\/product"}],"replies":[{"embeddable":true,"href":"https:\/\/old.elusvali.ee\/lt\/wp-json\/wp\/v2\/comments?post=57621"}],"version-history":[{"count":2,"href":"https:\/\/old.elusvali.ee\/lt\/wp-json\/wp\/v2\/product\/57621\/revisions"}],"predecessor-version":[{"id":57639,"href":"https:\/\/old.elusvali.ee\/lt\/wp-json\/wp\/v2\/product\/57621\/revisions\/57639"}],"wp:featuredmedia":[{"embeddable":true,"href":"https:\/\/old.elusvali.ee\/lt\/wp-json\/wp\/v2\/media\/60241"}],"wp:attachment":[{"href":"https:\/\/old.elusvali.ee\/lt\/wp-json\/wp\/v2\/media?parent=57621"}],"wp:term":[{"taxonomy":"product_brand","embeddable":true,"href":"https:\/\/old.elusvali.ee\/lt\/wp-json\/wp\/v2\/product_brand?post=57621"},{"taxonomy":"product_cat","embeddable":true,"href":"https:\/\/old.elusvali.ee\/lt\/wp-json\/wp\/v2\/product_cat?post=57621"},{"taxonomy":"product_tag","embeddable":true,"href":"https:\/\/old.elusvali.ee\/lt\/wp-json\/wp\/v2\/product_tag?post=57621"}],"curies":[{"name":"wp","href":"https:\/\/api.w.org\/{rel}","templated":true}]}}