{"id":57620,"date":"2024-12-08T17:01:48","date_gmt":"2024-12-08T15:01:48","guid":{"rendered":"https:\/\/old.elusvali.ee\/product\/dygminu-aliejus-50g-ekologiskas-eeriksaare-mahetalu\/"},"modified":"2025-05-12T17:39:56","modified_gmt":"2025-05-12T14:39:56","slug":"medetku-ziedai-50g-ekologiskas-eeriksaare-mahetalu","status":"publish","type":"product","link":"https:\/\/old.elusvali.ee\/lt\/prek\u0117\/medetku-ziedai-50g-ekologiskas-eeriksaare-mahetalu\/","title":{"rendered":"Medetk\u0173 \u017eiedai 50g | Eeriksaare Mahetalu"},"content":{"rendered":"<h3><strong>Vaistin\u0117s medetkos \u017eiedai <em>(Calendula officinalis<\/em>)<\/strong><\/h3>\n<p><img fetchpriority=\"high\" decoding=\"async\" class=\"size-medium wp-image-56810 alignleft\" src=\"https:\/\/purenature.lt\/wp-content\/uploads\/2024\/12\/vertical-orange-gerbera-flowers-with-long-stem-iso-2023-11-27-05-11-33-utc-200x300.jpg\" alt=\"\" width=\"200\" height=\"300\" srcset=\"https:\/\/old.elusvali.ee\/wp-content\/uploads\/2024\/12\/vertical-orange-gerbera-flowers-with-long-stem-iso-2023-11-27-05-11-33-utc-200x300.jpg 200w, https:\/\/old.elusvali.ee\/wp-content\/uploads\/2024\/12\/vertical-orange-gerbera-flowers-with-long-stem-iso-2023-11-27-05-11-33-utc-533x800.jpg 533w, https:\/\/old.elusvali.ee\/wp-content\/uploads\/2024\/12\/vertical-orange-gerbera-flowers-with-long-stem-iso-2023-11-27-05-11-33-utc-768x1152.jpg 768w, https:\/\/old.elusvali.ee\/wp-content\/uploads\/2024\/12\/vertical-orange-gerbera-flowers-with-long-stem-iso-2023-11-27-05-11-33-utc-1024x1536.jpg 1024w, https:\/\/old.elusvali.ee\/wp-content\/uploads\/2024\/12\/vertical-orange-gerbera-flowers-with-long-stem-iso-2023-11-27-05-11-33-utc-430x645.jpg 430w, https:\/\/old.elusvali.ee\/wp-content\/uploads\/2024\/12\/vertical-orange-gerbera-flowers-with-long-stem-iso-2023-11-27-05-11-33-utc-700x1050.jpg 700w, https:\/\/old.elusvali.ee\/wp-content\/uploads\/2024\/12\/vertical-orange-gerbera-flowers-with-long-stem-iso-2023-11-27-05-11-33-utc-150x225.jpg 150w, https:\/\/old.elusvali.ee\/wp-content\/uploads\/2024\/12\/vertical-orange-gerbera-flowers-with-long-stem-iso-2023-11-27-05-11-33-utc.jpg 1350w\" sizes=\"(max-width: 200px) 100vw, 200px\" \/> Nat\u016bralus paprastosios medetkos paplitimas yra Vidurio ir Piet\u0173 Europoje, Vakar\u0173 Azijoje ir \u0160iaur\u0117s Amerikoje. Pavyzd\u017eiui, Estijoje ji auginama kaip pas\u0117lis ir retai atsodinama. <sup id=\"cite_ref-:0_1-1\" class=\"reference\"><\/sup> Medetkos yra nereiklus augalas, gerai augantis daliniame pav\u0117syje. Jos pla\u010diai \u017einomas kaip vaistinis augalas, vertinamas d\u0117l \u012fvairiapusi\u0173 sveikatinam\u0173j\u0173 savybi\u0173. Medetk\u0173 \u017eiedai turi i\u0161skirtin\u0119 oran\u017ein\u0119 arba gelton\u0105 spalv\u0105. Jos \u017einomos d\u0117l savo prie\u0161u\u017edegimini\u0173, antiseptini\u0173 ir \u017eaizdas gydan\u010di\u0173 savybi\u0173. Jos da\u017enai naudojamas odos sudirgimams, nedidel\u0117ms \u017eaizdoms, nudegimams ir vabzd\u017ei\u0173 \u012fkandimams mal\u0161inti. Jos taip pat naudojamas kaip burnos skalavimo priemon\u0117 nuo burnos op\u0173 ir gerkl\u0117s skausm\u0173. Kaip vaistas daugiausia naudojami medetk\u0173 \u017eiedai, kuriuose yra karotinoid\u0173, eterinio aliejaus, saponin\u0173, flavonoid\u0173 ir kt. Arbatai \u017eiedai renkami \u017eyd\u0117jimo sezono metu &#8211; nuo bir\u017eelio iki rugs\u0117jo. <strong>\u012edomus faktas<\/strong>: Eeriksaare medetkos yra 100% oran\u017ein\u0117s spalvos. Tai 100% ekologi\u0161kas augalas. Oran\u017ein\u0117s medetkos ilgiau i\u0161laiko gra\u017ei\u0105 ry\u0161ki\u0105 spalv\u0105 nei geltonosios.<\/p>\n<h4><\/h4>\n<h4><strong>Sveikat\u0105 stiprinan\u010dios medetk\u0173 savyb\u0117s:<\/strong><\/h4>\n<p><strong>1. Prie\u0161u\u017edegiminis poveikis:<\/strong> padeda ma\u017einti u\u017edegim\u0105 tiek viduje, tiek i\u0161or\u0117je. Gerai tinka artritui, raumen\u0173 skausmams ir odos sudirgimams mal\u0161inti.<\/p>\n<p><strong>2. Antiseptin\u0117s ir \u017eaizdas gydan\u010dios savyb\u0117s: <\/strong>dezinfekuoja \u017eaizdas, pagreitina audini\u0173 atsistatym\u0105 ir skatina odos gijim\u0105. Naudokite nedidel\u0117ms \u017eaizdoms, nudegimams, \u012fdr\u0117skimams ir vabzd\u017ei\u0173 \u012fkandimams gydyti.<\/p>\n<p><strong>3. Odos sveikatos palaikymas: <\/strong>gydo spuogus, egzem\u0105 ir dermatit\u0105. Dr\u0117kina ir ramina saus\u0105 ar sudirgusi\u0105 od\u0105, suteikia jai elastingumo ir \u0161vyt\u0117jimo.<\/p>\n<p><strong>4. Gerina vir\u0161kinim\u0105: <\/strong>medetk\u0173 arbata vartojama skrand\u017eio ir \u017earnyno negalavimams, tokiems kaip opos, \u017earnyno u\u017edegimai ir r\u0117muo, mal\u0161inti. Ji ramina vir\u0161kinam\u0105j\u012f trakt\u0105 ir palengvina vir\u0161kinim\u0105.<\/p>\n<p><strong>5. Parama imuninei sistemai: <\/strong>turi daug antioksidant\u0173 ir biologi\u0161kai aktyvi\u0173 jungini\u0173, kurie padeda kovoti su laisvaisiais radikalais ir stiprina organizmo apsaug\u0105.<\/p>\n<p><strong>6. Burnos sveikatos gerinimas: <\/strong>burnos skalavimo metu medetkos padeda mal\u0161inti gingivit\u0105 ir burnos opas, palaiko burnos gleivin\u0117s sveikat\u0105 ir padeda i\u0161vengti u\u017edegimo.<\/p>\n<p><strong>7. Menstruacij\u0173 spazm\u0173 mal\u0161inimas: <\/strong>medetk\u0173 \u017eiedai gali pad\u0117ti suma\u017einti menstruacij\u0173 skausm\u0105 ir paskatinti reguliar\u0173 cikl\u0105. J\u0173 raminamasis poveikis gali pad\u0117ti suma\u017einti nerim\u0105 ir stres\u0105.<\/p>\n<p>&nbsp;<\/p>\n<p><a href=\"https:\/\/purenature.lt\/kas-yra-medicinos-mediumas\/\"><strong>Medical Medium Anthony William<\/strong><\/a> teigia, kad medetk\u0173 arbata, tinkt\u016bra ar ekstraktas ir yra labai naudingos: jos ramina skrand\u017eio opas, vir\u0161kinimo sutrikimus, kolit\u0105, r\u0117men\u012f, tul\u017eies p\u016bsl\u0117s, kepen\u0173 problemas, menstruacinius spazmus ir l\u0117tin\u012f u\u017edegim\u0105. Jis taip pat netgi teigia, kad medetkos pasi\u017eymi prie\u0161v\u0117\u017ein\u0117mis savyb\u0117mis ir l\u0105steliniu lygmeniu padeda atkurti radiacijos, pavyzd\u017eiui, chemoterapijos, padarinius. Medetkos taip pat tinka ir burnos ar gerkl\u0117s skalavimui, odos kompresams ar plovimui ir taip pat tinka aki\u0173 la\u0161ams nuo konjunktyvito ir saus\u0173 nie\u017etin\u010di\u0173 aki\u0173. Daugiau apie medetkas galite paskaityti <a href=\"https:\/\/www.medicalmedium.com\/blog\/calendula\">Medical Medium tinklara\u0161tyje<\/a>.<\/p>\n<h4><strong>Galimi naudojimo b\u016bdai:<\/strong><\/h4>\n<ul>\n<li><strong>Arbata:<\/strong> medetk\u0173 arbatos ir u\u017epilai vartojami vir\u0161kinimui palengvinti, skrand\u017eio gleivinei apsaugoti ir menstruacij\u0173 skausmus mal\u0161inti. I\u0161geriant 1-2 puodelius medetk\u0173 arbatos per dien\u0105, valomas organizmas ir stimuliuojama kraujotaka.<\/li>\n<li><strong>Aliejai, tepalai ir kremai:<\/strong>\u00a0d\u0117l od\u0105 palaikan\u010di\u0173 ir tonizuojan\u010di\u0173 savybi\u0173 medetkos naudojamos daugelyje kosmetikos gamini\u0173, pavyzd\u017eiui, tonikuose, veido kauk\u0117se ir kremuose, plauk\u0173 prie\u017ei\u016bros priemon\u0117se.<\/li>\n<li><strong>Burnos skalavimas:<\/strong> norint pri\u017ei\u016br\u0117ti dantenas ir burnos gleivin\u0119, taip pat esant gerkl\u0117s skausmui, galima skalauti burn\u0105 arba skalauti gerkl\u0119 medetk\u0173 nuoviru.<\/li>\n<li><strong>Maiste<\/strong>: \u0161vie\u017e\u016bs medetk\u0173 \u017eiedai gali b\u016bti naudojami maistui gardinti.<\/li>\n<\/ul>\n<p>Medetk\u0173 \u017eiedai yra nat\u016brali ir saugi priemon\u0117, ta\u010diau n\u0117\u0161tumo ar alergijos atveju prie\u0161 vartojim\u0105 reik\u0117t\u0173 pasitarti su specialistu. D\u0117l plataus panaudojimo spektro, medetkos yra nepakei\u010diamas augalas tiek nam\u0173 vaistin\u0117l\u0117je, tiek nat\u016bralioje kosmetikoje.<\/p>\n<h3><strong>Kaip medetk\u0173 arbat\u0105 pasigaminti?<\/strong><\/h3>\n<p>Medetk\u0173 arbata yra skanus ir sveikat\u0105 palaikantis g\u0117rimas, kuris padeda palengvinti vir\u0161kinimo problemas, palaiko imunin\u0119 sistem\u0105 ir ramina organizm\u0105. J\u0105 lengva paruo\u0161ti tiek i\u0161 \u0161vie\u017ei\u0173, tiek i\u0161 d\u017eiovint\u0173 medetk\u0173 \u017eied\u0173.<\/p>\n<ul>\n<li><strong>Paruo\u0161imas:<\/strong> \u012f arbatinuk\u0105 ar puodel\u012f \u012fd\u0117kite d\u017eiovint\u0173 (1-2 arbatinius \u0161auk\u0161telius) arba \u0161vie\u017ei\u0173 salot\u0173 \u017eied\u0173. <img decoding=\"async\" class=\"wp-image-56926 size-medium alignright\" src=\"https:\/\/purenature.lt\/wp-content\/uploads\/2024\/12\/herbal-calendula-officinalis-in-the-glass-400x267.jpg\" alt=\"\" width=\"400\" height=\"267\" srcset=\"https:\/\/old.elusvali.ee\/wp-content\/uploads\/2024\/12\/herbal-calendula-officinalis-in-the-glass-400x267.jpg 400w, https:\/\/old.elusvali.ee\/wp-content\/uploads\/2024\/12\/herbal-calendula-officinalis-in-the-glass-1197x800.jpg 1197w, https:\/\/old.elusvali.ee\/wp-content\/uploads\/2024\/12\/herbal-calendula-officinalis-in-the-glass-768x513.jpg 768w, https:\/\/old.elusvali.ee\/wp-content\/uploads\/2024\/12\/herbal-calendula-officinalis-in-the-glass-430x287.jpg 430w, https:\/\/old.elusvali.ee\/wp-content\/uploads\/2024\/12\/herbal-calendula-officinalis-in-the-glass-700x468.jpg 700w, https:\/\/old.elusvali.ee\/wp-content\/uploads\/2024\/12\/herbal-calendula-officinalis-in-the-glass-150x100.jpg 150w, https:\/\/old.elusvali.ee\/wp-content\/uploads\/2024\/12\/herbal-calendula-officinalis-in-the-glass.jpg 1350w\" sizes=\"(max-width: 400px) 100vw, 400px\" \/><\/li>\n<li><strong>U\u017epilkite kar\u0161to vandens:<\/strong> medetk\u0173 \u017eiedus \u017epilkite 250 ml verdan\u010dio vandens.<\/li>\n<li><strong>Pamirkykite:<\/strong> u\u017edenkite puodel\u012f ar arbatinuk\u0105 ir palaukite 5-10 minu\u010di\u0173, kad naudingosios med\u017eiagos i\u0161siskirt\u0173 \u012f vanden\u012f.<\/li>\n<li><strong>Nuko\u0161kite:<\/strong> arbat\u0105 perko\u0161kite, kad pa\u0161alintum\u0117te \u017eiedus.<\/li>\n<li><strong>Patiekite:<\/strong> pagal skon\u012f \u012fd\u0117kite medaus arba citrinos. M\u0117gaukit\u0117s \u0161ilta arbata.<\/li>\n<\/ul>\n<h3><strong>Kada vartoti medetk\u0173 arbat\u0105?<\/strong><\/h3>\n<ul>\n<li><strong>Vir\u0161kinimui palaikyti<\/strong>: gerkite po valgio, kad nuramintum\u0117te vir\u0161kinam\u0105j\u012f trakt\u0105.<\/li>\n<li><strong>Imunitetui stiprinti:<\/strong> gerkite ryte, kad palaikytum\u0117te organizmo apsaug\u0105.<\/li>\n<li><strong>Atsipalaidavimui:<\/strong> vakare prie\u0161 mieg\u0105 arbata padeda atsipalaiduoti ir nuraminti organizm\u0105.<\/li>\n<\/ul>\n<p>Arbata yra \u0161velni ir saugi, tinkama vartoti kasdien. Venkite virti per ilgai, kad skonis i\u0161likt\u0173 malonus, \u0161velnus ir nekartus.<\/p>\n<p>&nbsp;<\/p>\n<p><strong>Arbatos gamintojas i\u0161 Estijos <a href=\"http:\/\/eeriksaare.ee\">Eeriksaare Teetalu<\/a> &#8211; artumas gamtai ir i\u0161 kartos \u012f kart\u0105 perduodama i\u0161mintis. <\/strong>Eeriksaare Teetalu &#8211; tai vieta, kur gerbiama \u017eem\u0117, dirvo\u017eemis ir tradicijos. J\u0173 \u0161aknys giliai \u012faugusios \u012f gimtin\u0117s \u017eem\u0119, tod\u0117l jie jau\u010dia stipr\u0173 ry\u0161\u012f su ypatingu \u0161ios vietos charakteriu. Seneli\u0173 \u016bkininkavimo i\u0161mintis ir senosios pievos yra j\u0173 arbatin\u0117s pagrindas &#8211; i\u0161 \u010dia jie semiasi j\u0117g\u0173 ir \u012fkv\u0117pimo kurti skanias arbatas. Arbat\u017eol\u0117s auga r\u016bpestingai pri\u017ei\u016brimame dirvo\u017eemyje, neapkrautame dirbtin\u0117mis tr\u0105\u0161omis ir pesticidais. Augalai auginami ir skinami rankomis, taip u\u017etikrinant auk\u0161\u010diausi\u0105 kokyb\u0119 ir nat\u016bral\u0173 kiekvieno lapelio grynum\u0105. Arbat\u017eol\u0117s, kuri\u0173 jie patys neaugina, renkamos i\u0161 tyr\u0173 Viljand\u017eio apylinki\u0173 mi\u0161k\u0173 ir pelki\u0173. Taip u\u017etikrinama, kad kiekvienas arbatos mi\u0161inys savyje talpina vietin\u0117s gamtos gali\u0105 ir unikal\u0173 skon\u012f. Eeriksaare Teetalu gerbia savo gimtin\u0119 ir jos paveld\u0105. Jie r\u016bpinasi gamta ir dirba tvariai, kad j\u0173 laukai ir mi\u0161kai i\u0161likt\u0173 tokie patys ir ateities kartoms.<\/p>\n<p><img decoding=\"async\" class=\"alignleft wp-image-56917 size-large\" src=\"https:\/\/purenature.lt\/wp-content\/uploads\/2024\/12\/Drinking-tea-1200x800.jpg\" alt=\"\" width=\"1200\" height=\"800\" srcset=\"https:\/\/old.elusvali.ee\/wp-content\/uploads\/2024\/12\/Drinking-tea-1200x800.jpg 1200w, https:\/\/old.elusvali.ee\/wp-content\/uploads\/2024\/12\/Drinking-tea-400x267.jpg 400w, https:\/\/old.elusvali.ee\/wp-content\/uploads\/2024\/12\/Drinking-tea-768x512.jpg 768w, https:\/\/old.elusvali.ee\/wp-content\/uploads\/2024\/12\/Drinking-tea-430x287.jpg 430w, https:\/\/old.elusvali.ee\/wp-content\/uploads\/2024\/12\/Drinking-tea-700x467.jpg 700w, https:\/\/old.elusvali.ee\/wp-content\/uploads\/2024\/12\/Drinking-tea-150x100.jpg 150w, https:\/\/old.elusvali.ee\/wp-content\/uploads\/2024\/12\/Drinking-tea.jpg 1350w\" sizes=\"(max-width: 1200px) 100vw, 1200px\" \/><\/p>\n","protected":false},"excerpt":{"rendered":"<p>Medetka yra gerai \u017einomas augalas, pasi\u017eymintis prie\u0161u\u017edegimin\u0117mis, antiseptin\u0117mis ir \u017eaizdas gydan\u010diomis savyb\u0117mis. Jis naudojamas odos sudirgimams, nedidel\u0117ms \u017eaizdoms, nudegimams ir vabzd\u017ei\u0173 \u012fkandimams mal\u0161inti, taip pat burnos opoms ir gerkl\u0117s skausmams skalauti. O medetk\u0173 arbata vartojama imunitetui stiprinti, vir\u0161kinimo sistemai palaikyti ir atsipalaiduoti bei nurimti.<\/p>\n","protected":false},"featured_media":57379,"comment_status":"open","ping_status":"closed","template":"","meta":{"_acf_changed":false},"product_brand":[],"product_cat":[480],"product_tag":[481],"class_list":{"0":"post-57620","1":"product","2":"type-product","3":"status-publish","4":"has-post-thumbnail","6":"product_cat-arbatos","7":"product_tag-arbata","9":"first","10":"instock","11":"taxable","12":"shipping-taxable","13":"purchasable","14":"product-type-simple"},"acf":[],"yoast_head":"<!-- This site is optimized with the Yoast SEO plugin v25.3.1 - https:\/\/yoast.com\/wordpress\/plugins\/seo\/ -->\n<title>Medetk\u0173 \u017eiedai 50g | Eeriksaare Mahetalu - Pure Nature<\/title>\n<meta name=\"description\" content=\"\u0160alavijo \u017eiedas yra pla\u010diai \u017einomas vaistinis augalas, vertinamas d\u0117l \u012fvairiapus\u0117s naudos sveikatai. Jis veikia prie\u0161u\u017edegimi\u0161kai ir antisepti\u0161kai.\" \/>\n<meta name=\"robots\" content=\"noindex, follow, max-snippet:-1, max-image-preview:large, max-video-preview:-1\" \/>\n<meta property=\"og:locale\" content=\"lt_LT\" \/>\n<meta property=\"og:type\" content=\"article\" \/>\n<meta property=\"og:title\" content=\"Medetk\u0173 \u017eiedai 50g | Eeriksaare Mahetalu - Pure Nature\" \/>\n<meta property=\"og:description\" content=\"\u0160alavijo \u017eiedas yra pla\u010diai \u017einomas vaistinis augalas, vertinamas d\u0117l \u012fvairiapus\u0117s naudos sveikatai. Jis veikia prie\u0161u\u017edegimi\u0161kai ir antisepti\u0161kai.\" \/>\n<meta property=\"og:url\" content=\"https:\/\/old.elusvali.ee\/lt\/prek\u0117\/medetku-ziedai-50g-ekologiskas-eeriksaare-mahetalu\/\" \/>\n<meta property=\"og:site_name\" content=\"Elusv&auml;li\" \/>\n<meta property=\"article:publisher\" content=\"https:\/\/www.facebook.com\/profile.php?id=100064131067985\" \/>\n<meta property=\"article:modified_time\" content=\"2025-05-12T14:39:56+00:00\" \/>\n<meta property=\"og:image\" content=\"https:\/\/old.elusvali.ee\/wp-content\/uploads\/2024\/12\/Taimetee-09.jpg\" \/>\n\t<meta property=\"og:image:width\" content=\"900\" \/>\n\t<meta property=\"og:image:height\" content=\"900\" \/>\n\t<meta property=\"og:image:type\" content=\"image\/jpeg\" \/>\n<meta name=\"twitter:card\" content=\"summary_large_image\" \/>\n<meta name=\"twitter:label1\" content=\"Est. reading time\" \/>\n\t<meta name=\"twitter:data1\" content=\"6 minut\u0117s\" \/>\n<script type=\"application\/ld+json\" class=\"yoast-schema-graph\">{\"@context\":\"https:\/\/schema.org\",\"@graph\":[{\"@type\":\"WebPage\",\"@id\":\"https:\/\/old.elusvali.ee\/lt\/prek\u0117\/medetku-ziedai-50g-ekologiskas-eeriksaare-mahetalu\/\",\"url\":\"https:\/\/old.elusvali.ee\/lt\/prek\u0117\/medetku-ziedai-50g-ekologiskas-eeriksaare-mahetalu\/\",\"name\":\"Medetk\u0173 \u017eiedai 50g | Eeriksaare Mahetalu - Pure Nature\",\"isPartOf\":{\"@id\":\"https:\/\/old.elusvali.ee\/lt\/#website\"},\"primaryImageOfPage\":{\"@id\":\"https:\/\/old.elusvali.ee\/lt\/prek\u0117\/medetku-ziedai-50g-ekologiskas-eeriksaare-mahetalu\/#primaryimage\"},\"image\":{\"@id\":\"https:\/\/old.elusvali.ee\/lt\/prek\u0117\/medetku-ziedai-50g-ekologiskas-eeriksaare-mahetalu\/#primaryimage\"},\"thumbnailUrl\":\"https:\/\/old.elusvali.ee\/wp-content\/uploads\/2024\/12\/Taimetee-09.jpg\",\"datePublished\":\"2024-12-08T15:01:48+00:00\",\"dateModified\":\"2025-05-12T14:39:56+00:00\",\"description\":\"\u0160alavijo \u017eiedas yra pla\u010diai \u017einomas vaistinis augalas, vertinamas d\u0117l \u012fvairiapus\u0117s naudos sveikatai. Jis veikia prie\u0161u\u017edegimi\u0161kai ir antisepti\u0161kai.\",\"breadcrumb\":{\"@id\":\"https:\/\/old.elusvali.ee\/lt\/prek\u0117\/medetku-ziedai-50g-ekologiskas-eeriksaare-mahetalu\/#breadcrumb\"},\"inLanguage\":\"lt-LT\",\"potentialAction\":[{\"@type\":\"ReadAction\",\"target\":[\"https:\/\/old.elusvali.ee\/lt\/prek\u0117\/medetku-ziedai-50g-ekologiskas-eeriksaare-mahetalu\/\"]}]},{\"@type\":\"ImageObject\",\"inLanguage\":\"lt-LT\",\"@id\":\"https:\/\/old.elusvali.ee\/lt\/prek\u0117\/medetku-ziedai-50g-ekologiskas-eeriksaare-mahetalu\/#primaryimage\",\"url\":\"https:\/\/old.elusvali.ee\/wp-content\/uploads\/2024\/12\/Taimetee-09.jpg\",\"contentUrl\":\"https:\/\/old.elusvali.ee\/wp-content\/uploads\/2024\/12\/Taimetee-09.jpg\",\"width\":900,\"height\":900,\"caption\":\"Medetku zieda\"},{\"@type\":\"BreadcrumbList\",\"@id\":\"https:\/\/old.elusvali.ee\/lt\/prek\u0117\/medetku-ziedai-50g-ekologiskas-eeriksaare-mahetalu\/#breadcrumb\",\"itemListElement\":[{\"@type\":\"ListItem\",\"position\":1,\"name\":\"Home\",\"item\":\"https:\/\/old.elusvali.ee\/lt\/\"},{\"@type\":\"ListItem\",\"position\":2,\"name\":\"Elektronin\u0117 parduotuv\u0117\",\"item\":\"https:\/\/purenature.lt\/parduotuve\/\"},{\"@type\":\"ListItem\",\"position\":3,\"name\":\"Medetk\u0173 \u017eiedai 50g | Eeriksaare Mahetalu\"}]},{\"@type\":\"WebSite\",\"@id\":\"https:\/\/old.elusvali.ee\/lt\/#website\",\"url\":\"https:\/\/old.elusvali.ee\/lt\/\",\"name\":\"Elusv\u00e4li\",\"description\":\"Puhas k&ouml;&ouml;k ja koduapteek\",\"publisher\":{\"@id\":\"https:\/\/old.elusvali.ee\/lt\/#organization\"},\"potentialAction\":[{\"@type\":\"SearchAction\",\"target\":{\"@type\":\"EntryPoint\",\"urlTemplate\":\"https:\/\/old.elusvali.ee\/lt\/?s={search_term_string}\"},\"query-input\":{\"@type\":\"PropertyValueSpecification\",\"valueRequired\":true,\"valueName\":\"search_term_string\"}}],\"inLanguage\":\"lt-LT\"},{\"@type\":\"Organization\",\"@id\":\"https:\/\/old.elusvali.ee\/lt\/#organization\",\"name\":\"Elusv\u00e4li\",\"url\":\"https:\/\/old.elusvali.ee\/lt\/\",\"logo\":{\"@type\":\"ImageObject\",\"inLanguage\":\"lt-LT\",\"@id\":\"https:\/\/old.elusvali.ee\/lt\/#\/schema\/logo\/image\/\",\"url\":\"https:\/\/purenature.lt\/wp-content\/uploads\/2023\/07\/logo.png\",\"contentUrl\":\"https:\/\/purenature.lt\/wp-content\/uploads\/2023\/07\/logo.png\",\"width\":526,\"height\":146,\"caption\":\"Elusv\u00e4li\"},\"image\":{\"@id\":\"https:\/\/old.elusvali.ee\/lt\/#\/schema\/logo\/image\/\"},\"sameAs\":[\"https:\/\/www.facebook.com\/profile.php?id=100064131067985\",\"https:\/\/www.instagram.com\/elusvali\/\",\"https:\/\/www.youtube.com\/@elusvali2110\"]}]}<\/script>\n<!-- \/ Yoast SEO plugin. -->","yoast_head_json":{"title":"Medetk\u0173 \u017eiedai 50g | Eeriksaare Mahetalu - Pure Nature","description":"\u0160alavijo \u017eiedas yra pla\u010diai \u017einomas vaistinis augalas, vertinamas d\u0117l \u012fvairiapus\u0117s naudos sveikatai. Jis veikia prie\u0161u\u017edegimi\u0161kai ir antisepti\u0161kai.","robots":{"index":"noindex","follow":"follow","max-snippet":"max-snippet:-1","max-image-preview":"max-image-preview:large","max-video-preview":"max-video-preview:-1"},"og_locale":"lt_LT","og_type":"article","og_title":"Medetk\u0173 \u017eiedai 50g | Eeriksaare Mahetalu - Pure Nature","og_description":"\u0160alavijo \u017eiedas yra pla\u010diai \u017einomas vaistinis augalas, vertinamas d\u0117l \u012fvairiapus\u0117s naudos sveikatai. Jis veikia prie\u0161u\u017edegimi\u0161kai ir antisepti\u0161kai.","og_url":"https:\/\/old.elusvali.ee\/lt\/prek\u0117\/medetku-ziedai-50g-ekologiskas-eeriksaare-mahetalu\/","og_site_name":"Elusv&auml;li","article_publisher":"https:\/\/www.facebook.com\/profile.php?id=100064131067985","article_modified_time":"2025-05-12T14:39:56+00:00","og_image":[{"width":900,"height":900,"url":"https:\/\/old.elusvali.ee\/wp-content\/uploads\/2024\/12\/Taimetee-09.jpg","type":"image\/jpeg"}],"twitter_card":"summary_large_image","twitter_misc":{"Est. reading time":"6 minut\u0117s"},"schema":{"@context":"https:\/\/schema.org","@graph":[{"@type":"WebPage","@id":"https:\/\/old.elusvali.ee\/lt\/prek\u0117\/medetku-ziedai-50g-ekologiskas-eeriksaare-mahetalu\/","url":"https:\/\/old.elusvali.ee\/lt\/prek\u0117\/medetku-ziedai-50g-ekologiskas-eeriksaare-mahetalu\/","name":"Medetk\u0173 \u017eiedai 50g | Eeriksaare Mahetalu - Pure Nature","isPartOf":{"@id":"https:\/\/old.elusvali.ee\/lt\/#website"},"primaryImageOfPage":{"@id":"https:\/\/old.elusvali.ee\/lt\/prek\u0117\/medetku-ziedai-50g-ekologiskas-eeriksaare-mahetalu\/#primaryimage"},"image":{"@id":"https:\/\/old.elusvali.ee\/lt\/prek\u0117\/medetku-ziedai-50g-ekologiskas-eeriksaare-mahetalu\/#primaryimage"},"thumbnailUrl":"https:\/\/old.elusvali.ee\/wp-content\/uploads\/2024\/12\/Taimetee-09.jpg","datePublished":"2024-12-08T15:01:48+00:00","dateModified":"2025-05-12T14:39:56+00:00","description":"\u0160alavijo \u017eiedas yra pla\u010diai \u017einomas vaistinis augalas, vertinamas d\u0117l \u012fvairiapus\u0117s naudos sveikatai. Jis veikia prie\u0161u\u017edegimi\u0161kai ir antisepti\u0161kai.","breadcrumb":{"@id":"https:\/\/old.elusvali.ee\/lt\/prek\u0117\/medetku-ziedai-50g-ekologiskas-eeriksaare-mahetalu\/#breadcrumb"},"inLanguage":"lt-LT","potentialAction":[{"@type":"ReadAction","target":["https:\/\/old.elusvali.ee\/lt\/prek\u0117\/medetku-ziedai-50g-ekologiskas-eeriksaare-mahetalu\/"]}]},{"@type":"ImageObject","inLanguage":"lt-LT","@id":"https:\/\/old.elusvali.ee\/lt\/prek\u0117\/medetku-ziedai-50g-ekologiskas-eeriksaare-mahetalu\/#primaryimage","url":"https:\/\/old.elusvali.ee\/wp-content\/uploads\/2024\/12\/Taimetee-09.jpg","contentUrl":"https:\/\/old.elusvali.ee\/wp-content\/uploads\/2024\/12\/Taimetee-09.jpg","width":900,"height":900,"caption":"Medetku zieda"},{"@type":"BreadcrumbList","@id":"https:\/\/old.elusvali.ee\/lt\/prek\u0117\/medetku-ziedai-50g-ekologiskas-eeriksaare-mahetalu\/#breadcrumb","itemListElement":[{"@type":"ListItem","position":1,"name":"Home","item":"https:\/\/old.elusvali.ee\/lt\/"},{"@type":"ListItem","position":2,"name":"Elektronin\u0117 parduotuv\u0117","item":"https:\/\/purenature.lt\/parduotuve\/"},{"@type":"ListItem","position":3,"name":"Medetk\u0173 \u017eiedai 50g | Eeriksaare Mahetalu"}]},{"@type":"WebSite","@id":"https:\/\/old.elusvali.ee\/lt\/#website","url":"https:\/\/old.elusvali.ee\/lt\/","name":"Elusv\u00e4li","description":"Puhas k&ouml;&ouml;k ja koduapteek","publisher":{"@id":"https:\/\/old.elusvali.ee\/lt\/#organization"},"potentialAction":[{"@type":"SearchAction","target":{"@type":"EntryPoint","urlTemplate":"https:\/\/old.elusvali.ee\/lt\/?s={search_term_string}"},"query-input":{"@type":"PropertyValueSpecification","valueRequired":true,"valueName":"search_term_string"}}],"inLanguage":"lt-LT"},{"@type":"Organization","@id":"https:\/\/old.elusvali.ee\/lt\/#organization","name":"Elusv\u00e4li","url":"https:\/\/old.elusvali.ee\/lt\/","logo":{"@type":"ImageObject","inLanguage":"lt-LT","@id":"https:\/\/old.elusvali.ee\/lt\/#\/schema\/logo\/image\/","url":"https:\/\/purenature.lt\/wp-content\/uploads\/2023\/07\/logo.png","contentUrl":"https:\/\/purenature.lt\/wp-content\/uploads\/2023\/07\/logo.png","width":526,"height":146,"caption":"Elusv\u00e4li"},"image":{"@id":"https:\/\/old.elusvali.ee\/lt\/#\/schema\/logo\/image\/"},"sameAs":["https:\/\/www.facebook.com\/profile.php?id=100064131067985","https:\/\/www.instagram.com\/elusvali\/","https:\/\/www.youtube.com\/@elusvali2110"]}]}},"_links":{"self":[{"href":"https:\/\/old.elusvali.ee\/lt\/wp-json\/wp\/v2\/product\/57620","targetHints":{"allow":["GET"]}}],"collection":[{"href":"https:\/\/old.elusvali.ee\/lt\/wp-json\/wp\/v2\/product"}],"about":[{"href":"https:\/\/old.elusvali.ee\/lt\/wp-json\/wp\/v2\/types\/product"}],"replies":[{"embeddable":true,"href":"https:\/\/old.elusvali.ee\/lt\/wp-json\/wp\/v2\/comments?post=57620"}],"version-history":[{"count":2,"href":"https:\/\/old.elusvali.ee\/lt\/wp-json\/wp\/v2\/product\/57620\/revisions"}],"predecessor-version":[{"id":57637,"href":"https:\/\/old.elusvali.ee\/lt\/wp-json\/wp\/v2\/product\/57620\/revisions\/57637"}],"wp:featuredmedia":[{"embeddable":true,"href":"https:\/\/old.elusvali.ee\/lt\/wp-json\/wp\/v2\/media\/57379"}],"wp:attachment":[{"href":"https:\/\/old.elusvali.ee\/lt\/wp-json\/wp\/v2\/media?parent=57620"}],"wp:term":[{"taxonomy":"product_brand","embeddable":true,"href":"https:\/\/old.elusvali.ee\/lt\/wp-json\/wp\/v2\/product_brand?post=57620"},{"taxonomy":"product_cat","embeddable":true,"href":"https:\/\/old.elusvali.ee\/lt\/wp-json\/wp\/v2\/product_cat?post=57620"},{"taxonomy":"product_tag","embeddable":true,"href":"https:\/\/old.elusvali.ee\/lt\/wp-json\/wp\/v2\/product_tag?post=57620"}],"curies":[{"name":"wp","href":"https:\/\/api.w.org\/{rel}","templated":true}]}}