{"id":57617,"date":"2024-12-08T17:01:53","date_gmt":"2024-12-08T15:01:53","guid":{"rendered":"https:\/\/old.elusvali.ee\/product\/informacinis-lapelis-apie-pavoju-miskui-oko-eeriksaare-mahetalu\/"},"modified":"2025-06-02T16:55:28","modified_gmt":"2025-06-02T13:55:28","slug":"laukiniu-avieciu-lapai-eeriksaare-mahetalu","status":"publish","type":"product","link":"https:\/\/old.elusvali.ee\/lt\/prek\u0117\/laukiniu-avieciu-lapai-eeriksaare-mahetalu\/","title":{"rendered":"Laukini\u0173 avie\u010di\u0173 lapai  | Eeriksaare Mahetalu"},"content":{"rendered":"<h2><strong>Avie\u010di\u0173 lapai <i>(Rubus idaeus<\/i>)<\/strong><\/h2>\n<p><a href=\"https:\/\/et.wikipedia.org\/wiki\/Vaarikas\"><b><img fetchpriority=\"high\" decoding=\"async\" class=\"size-medium wp-image-57071 alignleft\" src=\"https:\/\/purenature.lt\/wp-content\/uploads\/2024\/12\/raspberry-berries-200x300.jpg\" alt=\"\" width=\"200\" height=\"300\" srcset=\"https:\/\/old.elusvali.ee\/wp-content\/uploads\/2024\/12\/raspberry-berries-200x300.jpg 200w, https:\/\/old.elusvali.ee\/wp-content\/uploads\/2024\/12\/raspberry-berries-533x800.jpg 533w, https:\/\/old.elusvali.ee\/wp-content\/uploads\/2024\/12\/raspberry-berries-768x1152.jpg 768w, https:\/\/old.elusvali.ee\/wp-content\/uploads\/2024\/12\/raspberry-berries-1024x1536.jpg 1024w, https:\/\/old.elusvali.ee\/wp-content\/uploads\/2024\/12\/raspberry-berries-430x645.jpg 430w, https:\/\/old.elusvali.ee\/wp-content\/uploads\/2024\/12\/raspberry-berries-700x1050.jpg 700w, https:\/\/old.elusvali.ee\/wp-content\/uploads\/2024\/12\/raspberry-berries-150x225.jpg 150w, https:\/\/old.elusvali.ee\/wp-content\/uploads\/2024\/12\/raspberry-berries.jpg 1350w\" sizes=\"(max-width: 200px) 100vw, 200px\" \/><\/b><\/a>Laukin\u0117s aviet\u0117s <i>(Rubus idaeus) <\/i>&#8211; paplitusios Vakar\u0173, Vidurio ir Ryt\u0173 Europoje, Sibire, Kaukaze ir Vidurin\u0117je Azijoje. Savo paplitimo vietoje da\u017eniausiai auga derlingose, turtingose dirvose, da\u017enai masi\u0161kai auga kirtaviet\u0117se, mi\u0161ko pakra\u0161\u010diuose, palauk\u0117se. Vaisiai paprastai b\u016bna raudoni, o veisli\u0173 &#8211; geltoni. Aviet\u0117ms reikia tiesiogini\u0173 saul\u0117s spinduli\u0173, apsaugos nuo \u0161alt\u0173 v\u0117j\u0173 ir derlingo dirvo\u017eemio. Aviet\u0117s yra ne tik skanios vasaros uogos &#8211; visas augalas, \u012fskaitant lapus, \u0161aknis ir vaisius, yra vertinamas d\u0117l sveikatinan\u010di\u0173 savybi\u0173. \u0160is universalus augalas tradicin\u0117je medicinoje naudojamas imunitetui stiprinti, vir\u0161kinimui gerinti ir moter\u0173 sveikatai palaikyti. Avie\u010di\u0173 lapai yra vertinama vasita\u017eol\u0117, kuri d\u0117l sveikat\u0105 stiprinan\u010di\u0173 savybi\u0173 tradicin\u0117je medicinoje vartojamas jau \u0161imtme\u010dius. Avie\u010di\u0173 lapuose gausu vitamin\u0173, mineral\u0173 ir tanin\u0173, tod\u0117l jie yra veiksminga pagalbin\u0117 priemon\u0117 kasdienei gerai savijautai palaikyti bei \u012fvairiems sveikatos sutrikimams palengvinti. Avie\u010di\u0173 lap\u0173 arbata ma\u017eina paburkim\u0105, o i\u0161 j\u0173 padarytas kompresas mal\u0161ina aki\u0173 u\u017edegim\u0105. Aviet\u0117s yra vertingas kr\u016bmas, nes galima naudoti visas augalo dalis: lapus, stiebus, \u017eiedus ir vaisius.<\/p>\n<h4><strong>Sveikat\u0105 stiprinan\u010dios avie\u010di\u0173 lap\u0173 savyb\u0117s:<\/strong><\/h4>\n<ol>\n<li><strong>N\u0117\u0161tumas ir parama hormonams. <\/strong>Avie\u010di\u0173 lapai pasi\u017eymi gimd\u0105 stiprinan\u010diomis savyb\u0117mis, padeda sureguliuoti menstruacij\u0173 cikl\u0105 ir suma\u017einti menstruacij\u0173 skausm\u0105. Tinka n\u0117\u0161\u010dioms moterims gimdos tonusui palaikyti ir pasiruo\u0161ti gimdymui (nuo tre\u010diojo trimestro).<\/li>\n<\/ol>\n<ol start=\"2\">\n<li><strong>Gerina vir\u0161kinim\u0105. <\/strong>D\u0117l tanin\u0173, kurie turi sutraukiam\u0105j\u012f poveik\u012f, padeda ma\u017einti viduriavim\u0105 ir \u017earnyno dirginim\u0105. Palaiko \u017earnyno sveikat\u0105 ir ramina skrand\u017eio gleivin\u0119.<\/li>\n<\/ol>\n<ol start=\"3\">\n<li><strong>Prie\u0161u\u017edegiminis poveikis. <\/strong>Skalaujant burn\u0105 ir gerkl\u0119 arbata ar u\u017epilu, mal\u0161inamas burnos ir gerkl\u0117s skausmas. Padeda ma\u017einti organizmo u\u017edegim\u0105 ir palaiko bendr\u0105 sveikat\u0105.<\/li>\n<\/ol>\n<ol start=\"4\">\n<li><strong>Imunin\u0117s sistemos palaikymas. <\/strong>Turi vitamino C ir antioksidant\u0173, kurie stiprina imunitet\u0105 ir padeda kovoti su ligomis.<\/li>\n<\/ol>\n<ol start=\"5\">\n<li><strong>Skausm\u0105 mal\u0161inanti ir atpalaiduojanti priemon\u0117. <\/strong>Padeda mal\u0161inti lengvus skausmus, pavyzd\u017eiui, galvos skausm\u0105 ar raumen\u0173 \u012ftamp\u0105. Padeda k\u016bnui atsipalaiduoti ir ramina nerv\u0173 sistem\u0105.<\/li>\n<\/ol>\n<p>&nbsp;<\/p>\n<p><a href=\"https:\/\/purenature.lt\/kas-yra-medicinos-mediumas\/?_gl=1*ey6pv8*_gcl_au*MzM4MDk3OTY0LjE3MjkxNTYyMjM.*_ga*MTk3OTk0Nzg5LjE3MjkxNTYyMjM.*_ga_G9DKBME5C1*MTczMzk1MDAwMy4zNi4xLjE3MzM5NTEwNDIuMC4wLjA.\"><strong>Medical Medium Anthony William<\/strong><\/a> savo tinklara\u0161tyje ra\u0161o, kad avie\u010di\u0173 lapai yra turtingas vitamino C, kalcio, gele\u017eies, magnio, bioflavonoid\u0173 ir antioksidant\u0173 \u0161altinis. Pasak jo, avie\u010di\u0173 lapai puikiai tinka gerkl\u0117s skausmui, aftoms, afizei, opaligei, ma\u017eakraujystei, per\u0161alimui ir kar\u0161\u010diavimui, viduriavimui, koj\u0173 m\u0117\u0161lungiui, menopauz\u0117s simptomams, antinks\u010di\u0173 nuovargiui ir skrand\u017eio opoms mal\u0161inti, taip pat gingivitui mal\u0161inti, jei naudojami kaip burnos skalavimo skystis. Pasak jo, aku\u0161er\u0117s da\u017enai pataria gimdyv\u0117ms gerti avie\u010di\u0173 arbat\u0105 prie\u0161 pat gimdym\u0105 ir jo metu, kad paskatint\u0173 ir sureguliuot\u0173 s\u0105r\u0117mi\u0173 da\u017enum\u0105 bei pagreitint\u0173 gimdymo proces\u0105. Avie\u010di\u0173 arbata taip pat gali pad\u0117ti suma\u017einti rytin\u012f pykinim\u0105 ir prast\u0105 nuotaik\u0105 besilaukiant. Po gimdymo avie\u010di\u0173 lap\u0173 arbat\u0105 rekomenduojama gerti \u017eindymo laikotarpiu, nes ji padeda skatinti motinos pieno gamyb\u0105. Avie\u010di\u0173 lap\u0173 arbata skirta ne tik moterims &#8211; ji taip pat gali pad\u0117ti palaikyti vyr\u0173 reprodukcin\u0119 sveikat\u0105 ir vaisingum\u0105. Pla\u010diau apie avie\u010di\u0173 arbat\u0105 galite paskaityti <a href=\"https:\/\/www.medicalmedium.com\/blog\/raspberry-leaf\">Medical Medium tinklara\u0161tyje<\/a>.<\/p>\n<h4><strong>Galimi naudojimo b\u016bdai: <\/strong><\/h4>\n<ul>\n<li><strong>Arbata:<\/strong> avie\u010di\u0173 lap\u0173 arbata &#8211; skanus ir sveikas g\u0117rimas, kuris puikiai tinka imuninei sistemai stiprinti, skland\u017eiam vir\u0161kinimui ir moter\u0173 sveikatai palaikyti.<\/li>\n<li><strong>Skalauti:<\/strong> esant gerkl\u0117s skausmui ir burnos opoms.<\/li>\n<li><strong>Kompresas:<\/strong> aki\u0173 u\u017edegimui gydyti.<\/li>\n<li><strong>Odai:<\/strong> kaip od\u0105 raminantis ir atpalaiduojanti priemon\u0117.<\/li>\n<\/ul>\n<h3><strong>Kaip pasigaminti avie\u010di\u0173 lap\u0173 arbatos?<\/strong><\/h3>\n<ul>\n<li><strong>Paruo\u0161imas:<\/strong> \u012f puodel\u012f ar arbatinuk\u0105 \u012fd\u0117kite d\u017eiovint\u0173 (1-2 arbatinius \u0161auk\u0161telius) arba \u0161vie\u017ei\u0173 avie\u010di\u0173 lap\u0173. <img decoding=\"async\" class=\"size-medium wp-image-57075 alignright\" src=\"https:\/\/purenature.lt\/wp-content\/uploads\/2024\/12\/raspberry-tea-2023-11-27-05-31-37-utc-400x266.jpg\" alt=\"\" width=\"400\" height=\"266\" srcset=\"https:\/\/old.elusvali.ee\/wp-content\/uploads\/2024\/12\/raspberry-tea-2023-11-27-05-31-37-utc-400x266.jpg 400w, https:\/\/old.elusvali.ee\/wp-content\/uploads\/2024\/12\/raspberry-tea-2023-11-27-05-31-37-utc-1203x800.jpg 1203w, https:\/\/old.elusvali.ee\/wp-content\/uploads\/2024\/12\/raspberry-tea-2023-11-27-05-31-37-utc-768x511.jpg 768w, https:\/\/old.elusvali.ee\/wp-content\/uploads\/2024\/12\/raspberry-tea-2023-11-27-05-31-37-utc-430x286.jpg 430w, https:\/\/old.elusvali.ee\/wp-content\/uploads\/2024\/12\/raspberry-tea-2023-11-27-05-31-37-utc-700x466.jpg 700w, https:\/\/old.elusvali.ee\/wp-content\/uploads\/2024\/12\/raspberry-tea-2023-11-27-05-31-37-utc-150x100.jpg 150w, https:\/\/old.elusvali.ee\/wp-content\/uploads\/2024\/12\/raspberry-tea-2023-11-27-05-31-37-utc.jpg 1350w\" sizes=\"(max-width: 400px) 100vw, 400px\" \/><\/li>\n<li><strong>U\u017eoilkite kar\u0161to vandens:<\/strong> u\u017epilkite 250 ml verdan\u010dio vandens.<\/li>\n<li><strong>Pamirkykite:<\/strong> puodel\u012f ar arbatinuk\u0105 u\u017edenkite ir palaukite 10-15 minu\u010di\u0173, kad veikliosios med\u017eiagos pasklist\u0173 vandenyje.<\/li>\n<li><strong>Nuko\u0161kite:<\/strong> arbat\u0105 perko\u0161kite per sietel\u012f, kad pa\u0161alintum\u0117te lapelius.<\/li>\n<li><strong>Patiekite:<\/strong> jei norite, pagardinkite medumi arba citrina.<\/li>\n<\/ul>\n<h3><strong>Kada vartoti avie\u010di\u0173 lap\u0173 arbat\u0105?<\/strong><\/h3>\n<ul>\n<li><strong>N\u0117\u0161tumo metu:<\/strong> tre\u010di\u0105j\u012f n\u0117\u0161tumo trimestr\u0105 ir ruo\u0161iantis gimdymui gimdos tonusui palaikyti.<\/li>\n<li><strong>Menstruacij\u0173 metu:<\/strong> skausmui ir gausiam kraujavimui ma\u017einti.<\/li>\n<li><strong>Po valgio:<\/strong> vir\u0161kinimui pagerinti ir skrand\u017eiui nuraminti.<\/li>\n<li><strong>Kasdien:<\/strong> imuninei sistemai stiprinti ir bendrai gerai savijautai palaikyti.<\/li>\n<\/ul>\n<p><strong>Arbatos gamintojas i\u0161 Estijos <a href=\"http:\/\/eeriksaare.ee\">Eeriksaare Teetalu<\/a> &#8211; artumas gamtai ir i\u0161 kartos \u012f kart\u0105 perduodama i\u0161mintis. <\/strong>Eeriksaare Teetalu &#8211; tai vieta, kur gerbiama \u017eem\u0117, dirvo\u017eemis ir tradicijos. J\u0173 \u0161aknys giliai \u012faugusios \u012f gimtin\u0117s \u017eem\u0119, tod\u0117l jie jau\u010dia stipr\u0173 ry\u0161\u012f su ypatingu \u0161ios vietos charakteriu. Seneli\u0173 \u016bkininkavimo i\u0161mintis ir senosios pievos yra j\u0173 arbatin\u0117s pagrindas &#8211; i\u0161 \u010dia jie semiasi j\u0117g\u0173 ir \u012fkv\u0117pimo kurti skanias arbatas. Arbat\u017eol\u0117s auga r\u016bpestingai pri\u017ei\u016brimame dirvo\u017eemyje, neapkrautame dirbtin\u0117mis tr\u0105\u0161omis ir pesticidais. Augalai auginami ir skinami rankomis, taip u\u017etikrinant auk\u0161\u010diausi\u0105 kokyb\u0119 ir nat\u016bral\u0173 kiekvieno lapelio grynum\u0105. Arbat\u017eol\u0117s, kuri\u0173 jie patys neaugina, renkamos i\u0161 tyr\u0173 Viljand\u017eio apylinki\u0173 mi\u0161k\u0173 ir pelki\u0173. Taip u\u017etikrinama, kad kiekvienas arbatos mi\u0161inys savyje talpina vietin\u0117s gamtos gali\u0105 ir unikal\u0173 skon\u012f. Eeriksaare Teetalu gerbia savo gimtin\u0119 ir jos paveld\u0105. Jie r\u016bpinasi gamta ir dirba tvariai, kad j\u0173 laukai ir mi\u0161kai i\u0161likt\u0173 tokie patys ir ateities kartoms.<\/p>\n<p><img decoding=\"async\" class=\"alignleft wp-image-57067 size-large\" src=\"https:\/\/purenature.lt\/wp-content\/uploads\/2024\/12\/portrait-of-cheerful-young-black-pregnant-woman-dr-2024-03-21-15-46-35-utc-1200x800.jpg\" alt=\"\" width=\"1200\" height=\"800\" srcset=\"https:\/\/old.elusvali.ee\/wp-content\/uploads\/2024\/12\/portrait-of-cheerful-young-black-pregnant-woman-dr-2024-03-21-15-46-35-utc-1200x800.jpg 1200w, https:\/\/old.elusvali.ee\/wp-content\/uploads\/2024\/12\/portrait-of-cheerful-young-black-pregnant-woman-dr-2024-03-21-15-46-35-utc-400x267.jpg 400w, https:\/\/old.elusvali.ee\/wp-content\/uploads\/2024\/12\/portrait-of-cheerful-young-black-pregnant-woman-dr-2024-03-21-15-46-35-utc-768x512.jpg 768w, https:\/\/old.elusvali.ee\/wp-content\/uploads\/2024\/12\/portrait-of-cheerful-young-black-pregnant-woman-dr-2024-03-21-15-46-35-utc-430x287.jpg 430w, https:\/\/old.elusvali.ee\/wp-content\/uploads\/2024\/12\/portrait-of-cheerful-young-black-pregnant-woman-dr-2024-03-21-15-46-35-utc-700x467.jpg 700w, https:\/\/old.elusvali.ee\/wp-content\/uploads\/2024\/12\/portrait-of-cheerful-young-black-pregnant-woman-dr-2024-03-21-15-46-35-utc-150x100.jpg 150w, https:\/\/old.elusvali.ee\/wp-content\/uploads\/2024\/12\/portrait-of-cheerful-young-black-pregnant-woman-dr-2024-03-21-15-46-35-utc.jpg 1350w\" sizes=\"(max-width: 1200px) 100vw, 1200px\" \/><\/p>\n","protected":false},"excerpt":{"rendered":"<p>Avie\u010di\u0173 lapai stiprina imunitet\u0105, padeda mal\u0161inti lengv\u0105 skausm\u0105 ir ramina nerv\u0173 sistem\u0105, u\u017etikrindami bendr\u0105 geros savijautos palaikym\u0105. Taip pat avie\u010di\u0173 lap\u0173 arbata palengvina vir\u0161kinimo problemas, pavyzd\u017eiui, viduriavim\u0105 ir skrand\u017eio sutrikimus, ramina \u017earnyn\u0105 ir ma\u017eina u\u017edegim\u0105. \u0160i vaista\u017eol\u0117 pasitarnauja tiek moterims, tiek vyrams: avie\u010di\u0173 lapai padeda palaikyti hormon\u0173 pusiausvyr\u0105 ir moter\u0173 sveikat\u0105, o vyrams padeda palaikyti reprodukcin\u0119 sveikat\u0105 ir vaisingum\u0105.<\/p>\n","protected":false},"featured_media":60205,"comment_status":"open","ping_status":"closed","template":"","meta":{"_acf_changed":false},"product_brand":[],"product_cat":[480],"product_tag":[481],"class_list":{"0":"post-57617","1":"product","2":"type-product","3":"status-publish","4":"has-post-thumbnail","6":"product_cat-arbatos","7":"product_tag-arbata","9":"first","10":"outofstock","11":"taxable","12":"shipping-taxable","13":"purchasable","14":"product-type-variable","15":"has-default-attributes"},"acf":[],"yoast_head":"<!-- This site is optimized with the Yoast SEO plugin v25.3.1 - https:\/\/yoast.com\/wordpress\/plugins\/seo\/ -->\n<title>Laukini\u0173 avie\u010di\u0173 lapai | Eeriksaare Mahetalu - Pure Nature<\/title>\n<meta name=\"description\" content=\"Avie\u010di\u0173 lapuose gausu vitamin\u0173, mineralini\u0173 med\u017eiag\u0173 ir tanin\u0173, tod\u0117l jie yra gera pagalbin\u0117 priemon\u0117 kasdienei gerai savijautai ir kupranugari\u0173 negalavimams gydyti.\" \/>\n<meta name=\"robots\" content=\"noindex, follow, max-snippet:-1, max-image-preview:large, max-video-preview:-1\" \/>\n<meta property=\"og:locale\" content=\"lt_LT\" \/>\n<meta property=\"og:type\" content=\"article\" \/>\n<meta property=\"og:title\" content=\"Laukini\u0173 avie\u010di\u0173 lapai | Eeriksaare Mahetalu - Pure Nature\" \/>\n<meta property=\"og:description\" content=\"Avie\u010di\u0173 lapuose gausu vitamin\u0173, mineralini\u0173 med\u017eiag\u0173 ir tanin\u0173, tod\u0117l jie yra gera pagalbin\u0117 priemon\u0117 kasdienei gerai savijautai ir kupranugari\u0173 negalavimams gydyti.\" \/>\n<meta property=\"og:url\" content=\"https:\/\/old.elusvali.ee\/lt\/prek\u0117\/laukiniu-avieciu-lapai-eeriksaare-mahetalu\/\" \/>\n<meta property=\"og:site_name\" content=\"Elusv&auml;li\" \/>\n<meta property=\"article:publisher\" content=\"https:\/\/www.facebook.com\/profile.php?id=100064131067985\" \/>\n<meta property=\"article:modified_time\" content=\"2025-06-02T13:55:28+00:00\" \/>\n<meta property=\"og:image\" content=\"https:\/\/purenature.lt\/wp-content\/uploads\/2024\/12\/Mets-vaarikaleht-40g-2.jpg\" \/>\n\t<meta property=\"og:image:width\" content=\"1000\" \/>\n\t<meta property=\"og:image:height\" content=\"1000\" \/>\n\t<meta property=\"og:image:type\" content=\"image\/jpeg\" \/>\n<meta name=\"twitter:card\" content=\"summary_large_image\" \/>\n<meta name=\"twitter:label1\" content=\"Est. reading time\" \/>\n\t<meta name=\"twitter:data1\" content=\"5 minut\u0117s\" \/>\n<script type=\"application\/ld+json\" class=\"yoast-schema-graph\">{\"@context\":\"https:\/\/schema.org\",\"@graph\":[{\"@type\":\"WebPage\",\"@id\":\"https:\/\/old.elusvali.ee\/lt\/prek\u0117\/laukiniu-avieciu-lapai-eeriksaare-mahetalu\/\",\"url\":\"https:\/\/old.elusvali.ee\/lt\/prek\u0117\/laukiniu-avieciu-lapai-eeriksaare-mahetalu\/\",\"name\":\"Laukini\u0173 avie\u010di\u0173 lapai | Eeriksaare Mahetalu - Pure Nature\",\"isPartOf\":{\"@id\":\"https:\/\/old.elusvali.ee\/lt\/#website\"},\"primaryImageOfPage\":{\"@id\":\"https:\/\/old.elusvali.ee\/lt\/prek\u0117\/laukiniu-avieciu-lapai-eeriksaare-mahetalu\/#primaryimage\"},\"image\":{\"@id\":\"https:\/\/old.elusvali.ee\/lt\/prek\u0117\/laukiniu-avieciu-lapai-eeriksaare-mahetalu\/#primaryimage\"},\"thumbnailUrl\":\"https:\/\/old.elusvali.ee\/wp-content\/uploads\/2024\/12\/Mets-vaarikaleht-40g-2.jpg\",\"datePublished\":\"2024-12-08T15:01:53+00:00\",\"dateModified\":\"2025-06-02T13:55:28+00:00\",\"description\":\"Avie\u010di\u0173 lapuose gausu vitamin\u0173, mineralini\u0173 med\u017eiag\u0173 ir tanin\u0173, tod\u0117l jie yra gera pagalbin\u0117 priemon\u0117 kasdienei gerai savijautai ir kupranugari\u0173 negalavimams gydyti.\",\"breadcrumb\":{\"@id\":\"https:\/\/old.elusvali.ee\/lt\/prek\u0117\/laukiniu-avieciu-lapai-eeriksaare-mahetalu\/#breadcrumb\"},\"inLanguage\":\"lt-LT\",\"potentialAction\":[{\"@type\":\"ReadAction\",\"target\":[\"https:\/\/old.elusvali.ee\/lt\/prek\u0117\/laukiniu-avieciu-lapai-eeriksaare-mahetalu\/\"]}]},{\"@type\":\"ImageObject\",\"inLanguage\":\"lt-LT\",\"@id\":\"https:\/\/old.elusvali.ee\/lt\/prek\u0117\/laukiniu-avieciu-lapai-eeriksaare-mahetalu\/#primaryimage\",\"url\":\"https:\/\/old.elusvali.ee\/wp-content\/uploads\/2024\/12\/Mets-vaarikaleht-40g-2.jpg\",\"contentUrl\":\"https:\/\/old.elusvali.ee\/wp-content\/uploads\/2024\/12\/Mets-vaarikaleht-40g-2.jpg\",\"width\":1000,\"height\":1000},{\"@type\":\"BreadcrumbList\",\"@id\":\"https:\/\/old.elusvali.ee\/lt\/prek\u0117\/laukiniu-avieciu-lapai-eeriksaare-mahetalu\/#breadcrumb\",\"itemListElement\":[{\"@type\":\"ListItem\",\"position\":1,\"name\":\"Home\",\"item\":\"https:\/\/old.elusvali.ee\/lt\/\"},{\"@type\":\"ListItem\",\"position\":2,\"name\":\"Elektronin\u0117 parduotuv\u0117\",\"item\":\"https:\/\/purenature.lt\/parduotuve\/\"},{\"@type\":\"ListItem\",\"position\":3,\"name\":\"Laukini\u0173 avie\u010di\u0173 lapai | Eeriksaare Mahetalu\"}]},{\"@type\":\"WebSite\",\"@id\":\"https:\/\/old.elusvali.ee\/lt\/#website\",\"url\":\"https:\/\/old.elusvali.ee\/lt\/\",\"name\":\"Elusv\u00e4li\",\"description\":\"Puhas k&ouml;&ouml;k ja koduapteek\",\"publisher\":{\"@id\":\"https:\/\/old.elusvali.ee\/lt\/#organization\"},\"potentialAction\":[{\"@type\":\"SearchAction\",\"target\":{\"@type\":\"EntryPoint\",\"urlTemplate\":\"https:\/\/old.elusvali.ee\/lt\/?s={search_term_string}\"},\"query-input\":{\"@type\":\"PropertyValueSpecification\",\"valueRequired\":true,\"valueName\":\"search_term_string\"}}],\"inLanguage\":\"lt-LT\"},{\"@type\":\"Organization\",\"@id\":\"https:\/\/old.elusvali.ee\/lt\/#organization\",\"name\":\"Elusv\u00e4li\",\"url\":\"https:\/\/old.elusvali.ee\/lt\/\",\"logo\":{\"@type\":\"ImageObject\",\"inLanguage\":\"lt-LT\",\"@id\":\"https:\/\/old.elusvali.ee\/lt\/#\/schema\/logo\/image\/\",\"url\":\"https:\/\/purenature.lt\/wp-content\/uploads\/2023\/07\/logo.png\",\"contentUrl\":\"https:\/\/purenature.lt\/wp-content\/uploads\/2023\/07\/logo.png\",\"width\":526,\"height\":146,\"caption\":\"Elusv\u00e4li\"},\"image\":{\"@id\":\"https:\/\/old.elusvali.ee\/lt\/#\/schema\/logo\/image\/\"},\"sameAs\":[\"https:\/\/www.facebook.com\/profile.php?id=100064131067985\",\"https:\/\/www.instagram.com\/elusvali\/\",\"https:\/\/www.youtube.com\/@elusvali2110\"]}]}<\/script>\n<!-- \/ Yoast SEO plugin. -->","yoast_head_json":{"title":"Laukini\u0173 avie\u010di\u0173 lapai | Eeriksaare Mahetalu - Pure Nature","description":"Avie\u010di\u0173 lapuose gausu vitamin\u0173, mineralini\u0173 med\u017eiag\u0173 ir tanin\u0173, tod\u0117l jie yra gera pagalbin\u0117 priemon\u0117 kasdienei gerai savijautai ir kupranugari\u0173 negalavimams gydyti.","robots":{"index":"noindex","follow":"follow","max-snippet":"max-snippet:-1","max-image-preview":"max-image-preview:large","max-video-preview":"max-video-preview:-1"},"og_locale":"lt_LT","og_type":"article","og_title":"Laukini\u0173 avie\u010di\u0173 lapai | Eeriksaare Mahetalu - Pure Nature","og_description":"Avie\u010di\u0173 lapuose gausu vitamin\u0173, mineralini\u0173 med\u017eiag\u0173 ir tanin\u0173, tod\u0117l jie yra gera pagalbin\u0117 priemon\u0117 kasdienei gerai savijautai ir kupranugari\u0173 negalavimams gydyti.","og_url":"https:\/\/old.elusvali.ee\/lt\/prek\u0117\/laukiniu-avieciu-lapai-eeriksaare-mahetalu\/","og_site_name":"Elusv&auml;li","article_publisher":"https:\/\/www.facebook.com\/profile.php?id=100064131067985","article_modified_time":"2025-06-02T13:55:28+00:00","og_image":[{"width":1000,"height":1000,"url":"https:\/\/purenature.lt\/wp-content\/uploads\/2024\/12\/Mets-vaarikaleht-40g-2.jpg","type":"image\/jpeg"}],"twitter_card":"summary_large_image","twitter_misc":{"Est. reading time":"5 minut\u0117s"},"schema":{"@context":"https:\/\/schema.org","@graph":[{"@type":"WebPage","@id":"https:\/\/old.elusvali.ee\/lt\/prek\u0117\/laukiniu-avieciu-lapai-eeriksaare-mahetalu\/","url":"https:\/\/old.elusvali.ee\/lt\/prek\u0117\/laukiniu-avieciu-lapai-eeriksaare-mahetalu\/","name":"Laukini\u0173 avie\u010di\u0173 lapai | Eeriksaare Mahetalu - Pure Nature","isPartOf":{"@id":"https:\/\/old.elusvali.ee\/lt\/#website"},"primaryImageOfPage":{"@id":"https:\/\/old.elusvali.ee\/lt\/prek\u0117\/laukiniu-avieciu-lapai-eeriksaare-mahetalu\/#primaryimage"},"image":{"@id":"https:\/\/old.elusvali.ee\/lt\/prek\u0117\/laukiniu-avieciu-lapai-eeriksaare-mahetalu\/#primaryimage"},"thumbnailUrl":"https:\/\/old.elusvali.ee\/wp-content\/uploads\/2024\/12\/Mets-vaarikaleht-40g-2.jpg","datePublished":"2024-12-08T15:01:53+00:00","dateModified":"2025-06-02T13:55:28+00:00","description":"Avie\u010di\u0173 lapuose gausu vitamin\u0173, mineralini\u0173 med\u017eiag\u0173 ir tanin\u0173, tod\u0117l jie yra gera pagalbin\u0117 priemon\u0117 kasdienei gerai savijautai ir kupranugari\u0173 negalavimams gydyti.","breadcrumb":{"@id":"https:\/\/old.elusvali.ee\/lt\/prek\u0117\/laukiniu-avieciu-lapai-eeriksaare-mahetalu\/#breadcrumb"},"inLanguage":"lt-LT","potentialAction":[{"@type":"ReadAction","target":["https:\/\/old.elusvali.ee\/lt\/prek\u0117\/laukiniu-avieciu-lapai-eeriksaare-mahetalu\/"]}]},{"@type":"ImageObject","inLanguage":"lt-LT","@id":"https:\/\/old.elusvali.ee\/lt\/prek\u0117\/laukiniu-avieciu-lapai-eeriksaare-mahetalu\/#primaryimage","url":"https:\/\/old.elusvali.ee\/wp-content\/uploads\/2024\/12\/Mets-vaarikaleht-40g-2.jpg","contentUrl":"https:\/\/old.elusvali.ee\/wp-content\/uploads\/2024\/12\/Mets-vaarikaleht-40g-2.jpg","width":1000,"height":1000},{"@type":"BreadcrumbList","@id":"https:\/\/old.elusvali.ee\/lt\/prek\u0117\/laukiniu-avieciu-lapai-eeriksaare-mahetalu\/#breadcrumb","itemListElement":[{"@type":"ListItem","position":1,"name":"Home","item":"https:\/\/old.elusvali.ee\/lt\/"},{"@type":"ListItem","position":2,"name":"Elektronin\u0117 parduotuv\u0117","item":"https:\/\/purenature.lt\/parduotuve\/"},{"@type":"ListItem","position":3,"name":"Laukini\u0173 avie\u010di\u0173 lapai | Eeriksaare Mahetalu"}]},{"@type":"WebSite","@id":"https:\/\/old.elusvali.ee\/lt\/#website","url":"https:\/\/old.elusvali.ee\/lt\/","name":"Elusv\u00e4li","description":"Puhas k&ouml;&ouml;k ja koduapteek","publisher":{"@id":"https:\/\/old.elusvali.ee\/lt\/#organization"},"potentialAction":[{"@type":"SearchAction","target":{"@type":"EntryPoint","urlTemplate":"https:\/\/old.elusvali.ee\/lt\/?s={search_term_string}"},"query-input":{"@type":"PropertyValueSpecification","valueRequired":true,"valueName":"search_term_string"}}],"inLanguage":"lt-LT"},{"@type":"Organization","@id":"https:\/\/old.elusvali.ee\/lt\/#organization","name":"Elusv\u00e4li","url":"https:\/\/old.elusvali.ee\/lt\/","logo":{"@type":"ImageObject","inLanguage":"lt-LT","@id":"https:\/\/old.elusvali.ee\/lt\/#\/schema\/logo\/image\/","url":"https:\/\/purenature.lt\/wp-content\/uploads\/2023\/07\/logo.png","contentUrl":"https:\/\/purenature.lt\/wp-content\/uploads\/2023\/07\/logo.png","width":526,"height":146,"caption":"Elusv\u00e4li"},"image":{"@id":"https:\/\/old.elusvali.ee\/lt\/#\/schema\/logo\/image\/"},"sameAs":["https:\/\/www.facebook.com\/profile.php?id=100064131067985","https:\/\/www.instagram.com\/elusvali\/","https:\/\/www.youtube.com\/@elusvali2110"]}]}},"_links":{"self":[{"href":"https:\/\/old.elusvali.ee\/lt\/wp-json\/wp\/v2\/product\/57617","targetHints":{"allow":["GET"]}}],"collection":[{"href":"https:\/\/old.elusvali.ee\/lt\/wp-json\/wp\/v2\/product"}],"about":[{"href":"https:\/\/old.elusvali.ee\/lt\/wp-json\/wp\/v2\/types\/product"}],"replies":[{"embeddable":true,"href":"https:\/\/old.elusvali.ee\/lt\/wp-json\/wp\/v2\/comments?post=57617"}],"version-history":[{"count":2,"href":"https:\/\/old.elusvali.ee\/lt\/wp-json\/wp\/v2\/product\/57617\/revisions"}],"predecessor-version":[{"id":57635,"href":"https:\/\/old.elusvali.ee\/lt\/wp-json\/wp\/v2\/product\/57617\/revisions\/57635"}],"wp:featuredmedia":[{"embeddable":true,"href":"https:\/\/old.elusvali.ee\/lt\/wp-json\/wp\/v2\/media\/60205"}],"wp:attachment":[{"href":"https:\/\/old.elusvali.ee\/lt\/wp-json\/wp\/v2\/media?parent=57617"}],"wp:term":[{"taxonomy":"product_brand","embeddable":true,"href":"https:\/\/old.elusvali.ee\/lt\/wp-json\/wp\/v2\/product_brand?post=57617"},{"taxonomy":"product_cat","embeddable":true,"href":"https:\/\/old.elusvali.ee\/lt\/wp-json\/wp\/v2\/product_cat?post=57617"},{"taxonomy":"product_tag","embeddable":true,"href":"https:\/\/old.elusvali.ee\/lt\/wp-json\/wp\/v2\/product_tag?post=57617"}],"curies":[{"name":"wp","href":"https:\/\/api.w.org\/{rel}","templated":true}]}}