{"id":57606,"date":"2024-12-08T17:01:41","date_gmt":"2024-12-08T15:01:41","guid":{"rendered":"https:\/\/old.elusvali.ee\/product\/parnaoie-arbata-30g-ekologiska-eeriksaare-mahetalu\/"},"modified":"2025-05-26T15:57:18","modified_gmt":"2025-05-26T12:57:18","slug":"liepu-ziedu-arbata-30g-eeriksaare-mahetalu","status":"publish","type":"product","link":"https:\/\/old.elusvali.ee\/lt\/prek\u0117\/liepu-ziedu-arbata-30g-eeriksaare-mahetalu\/","title":{"rendered":"Liep\u0173 \u017eied\u0173 arbata 30g | Eeriksaare Mahetalu"},"content":{"rendered":"<h2>P\u00e4rna\u00f5ie kelias<\/h2>\n<p><img fetchpriority=\"high\" decoding=\"async\" class=\"size-medium wp-image-56990 alignleft\" src=\"https:\/\/purenature.lt\/wp-content\/uploads\/2024\/12\/flowers-of-linden-tree-400x282.jpg\" alt=\"\" width=\"400\" height=\"282\" srcset=\"https:\/\/old.elusvali.ee\/wp-content\/uploads\/2024\/12\/flowers-of-linden-tree-400x282.jpg 400w, https:\/\/old.elusvali.ee\/wp-content\/uploads\/2024\/12\/flowers-of-linden-tree-1134x800.jpg 1134w, https:\/\/old.elusvali.ee\/wp-content\/uploads\/2024\/12\/flowers-of-linden-tree-768x542.jpg 768w, https:\/\/old.elusvali.ee\/wp-content\/uploads\/2024\/12\/flowers-of-linden-tree-430x303.jpg 430w, https:\/\/old.elusvali.ee\/wp-content\/uploads\/2024\/12\/flowers-of-linden-tree-700x494.jpg 700w, https:\/\/old.elusvali.ee\/wp-content\/uploads\/2024\/12\/flowers-of-linden-tree-150x106.jpg 150w, https:\/\/old.elusvali.ee\/wp-content\/uploads\/2024\/12\/flowers-of-linden-tree.jpg 1350w\" sizes=\"(max-width: 400px) 100vw, 400px\" \/>Liepa yra paplit\u0119s ir gerai \u017einomas lapuo\u010di\u0173 medis. Jis \u017eydi neilgai &#8211; paprastai keliolika dien\u0173 liepos m\u0117nes\u012f. D\u017eiovinimui liep\u0173 \u017eiedus reik\u0117t\u0173 rinkti saus\u0105 vasaros dien\u0105, o med\u017eius geriausia rinktis augan\u010dius sodybose ar mi\u0161kuose, o ne miestuose. \u017diedai renkami kartu su odele ir dengiamuoju lak\u0161tu, kurie greitai i\u0161d\u017ei\u016bsta paskleidus plonu sluoksniu +25&#8230;+30 \u00b0C temperat\u016bros patalpoje. I\u0161d\u017eiovinti \u017eiedynai laikomi u\u017edaroje talpykloje. \u017diedai sald\u017eiai kvepia, juose gausu biologi\u0161kai aktyvi\u0173 jungini\u0173, toki\u0173 kaip flavonoidai, eteriniai aliejai, kurie \u012fvairiapusi\u0161kai padeda k\u016bnui ir protui. <strong>Liaudies medicinos i\u0161mintis.<\/strong> Prasid\u0117jus gripui ir kv\u0117pavimo tak\u0173, liep\u0173 \u017eiedai ateina \u012f pagalb\u0105. Paimkite du valgomuosius \u0161auk\u0161tus susmulkint\u0173 liep\u0173 \u017eied\u0173, u\u017epilkite stikline verdan\u010dio vandens, palikite ketvirt\u012f valandos pastov\u0117ti \u0161iltoje vietoje ir gerkite \u0161ilt\u0105. Jei skauda gerkl\u0119 arba kamuoja angina, galite skalauti gerkl\u0119 liep\u0173 \u017eied\u0173 u\u017epilu.<\/p>\n<h4>Sveikat\u0105 stiprinan\u010dios liep\u0173 \u017eied\u0173 savyb\u0117s:<\/h4>\n<p><strong>1. Ramina ir ma\u017eina stres\u0105. <\/strong>Liep\u0173 \u017eiedai atpalaiduoja nerv\u0173 sistem\u0105, padeda suma\u017einti stres\u0105, nerim\u0105 ir \u012ftamp\u0105. Skatina geresn\u012f mieg\u0105 ir atsipalaidavim\u0105, tod\u0117l yra idealus vakaro g\u0117rimas.<\/p>\n<p><strong>2. Lengvina per\u0161alimo ligas. <\/strong>Skatina prakaitavim\u0105 ir padeda suma\u017einti kar\u0161\u010diavim\u0105. Ramina kv\u0117pavimo takus, mal\u0161ina kosul\u012f, gerkl\u0117s skausm\u0105 ir nosies u\u017egulim\u0105.<\/p>\n<p><strong>3. Prie\u0161u\u017edegimin\u0117 ir skausm\u0105 mal\u0161inanti vaista\u017eol\u0117. <\/strong>Padeda ma\u017einti u\u017edegim\u0105 ir mal\u0161ina raumen\u0173 bei s\u0105nari\u0173 skausm\u0105. Tinka nuo lengvo galvos skausmo ir migrenos.<\/p>\n<p><strong>4. Parama vir\u0161kinimui. <\/strong>Lengvina vir\u0161kinimo problemas, tokias kaip pilvo p\u016btimas, spazmai ir pykinimas. Ramina skrand\u017eio gleivin\u0119 ir padeda atpalaiduoti vir\u0161kinam\u0105j\u012f trakt\u0105.<\/p>\n<p><strong>5. Palaiko \u0161ird\u012f ir kraujotak\u0105. <\/strong>Padeda ma\u017einti kraujosp\u016bd\u012f ir palaiko \u0161irdies ir kraujagysli\u0173 sveikat\u0105. Veikia kaip lengvas diuretikas, skatinantis skys\u010di\u0173 pasi\u0161alinim\u0105.<\/p>\n<p><strong>6. Stiprina imunin\u0119 sistem\u0105. <\/strong>Turi antioksidant\u0173, kurie stiprina imunitet\u0105 ir padeda organizmui kovoti su ligomis. Ypa\u010d tinka sveikatai stiprinti \u0161altuoju met\u0173 laiku.<\/p>\n<p>&nbsp;<\/p>\n<p><a href=\"https:\/\/old.elusvali.ee\/kes-on-meditsiinimeedium-anthony-william\/\"><strong>Medical Medium Anthony William<\/strong><\/a> savo tinklara\u0161tyje ra\u0161o, kad liep\u017eied\u017ei\u0173 arbata jau \u0161imtme\u010dius vartojama nerimui ma\u017einti, \u012ftampai raminti ir su stresu susijusiems negalavimams, tokiems kaip \u0161irdies plakimas, vir\u0161kinimo sutrikimai, auk\u0161tas kraujosp\u016bdis ir galvos skausmas, mal\u0161inti. Liep\u0173 \u017eiedai turi raminam\u0173j\u0173 ir mieg\u0105 skatinan\u010di\u0173 savybi\u0173, kurios gali pad\u0117ti nuo nemigos ir u\u017etikrinti ram\u0173 nakties mieg\u0105. Taip pat pasi\u017eymi prakaitavim\u0105 skatinan\u010diomis ir kar\u0161\u010diavim\u0105 ma\u017einan\u010diomis savyb\u0117mis, tod\u0117l puikiai tinka per\u0161alimo, gripo ir kv\u0117pavimo tak\u0173 infekcijoms mal\u0161inti. Liep\u0173 \u017eied\u0173 arbata taip pat veiksminga sergant l\u0117tin\u0117mis bronch\u0173 ligomis, tokiomis kaip astma, emfizema ir LOPL (l\u0117tin\u0117 obstrukcin\u0117 plau\u010di\u0173 liga). Daugiau apie liep\u0173 \u017eied\u0173 arbat\u0105 skaitykite <a href=\"https:\/\/www.medicalmedium.com\/blog\/linden-flower-tea\">Medical Medium tinklara\u0161tyje<\/a>.<\/p>\n<h4><strong>Galimi vartojimo b\u016bdai:<\/strong><\/h4>\n<ul>\n<li><strong>Arbata<\/strong>: kai tik prasideda pirmieji per\u0161alimo ar gripo simptomai, rekomenduojama gerti kar\u0161t\u0105 liep\u0173 \u017eied\u0173 arbat\u0105. Nuo seno \u017einome, kad liep\u0173 \u017eiedai yra veiksminga prakaitavim\u0105 skatinanti ir kar\u0161\u010diavim\u0105 ma\u017einanti priemon\u0117. Dabar \u012frodyta, kad stiprus prakaitavim\u0105 ir inkst\u0173 veikl\u0105 skatinantis liep\u0173 \u017eied\u0173 poveikis padeda greitai pa\u0161alinti i\u0161 organizmo bakterij\u0173 ar gripo virus\u0173 gaminamus toksinus ir, kaip teigiama, padeda i\u0161vengti rimt\u0173 komplikacij\u0173 (net vaikams).<\/li>\n<li><strong>Vietinis naudojimas<\/strong>: kaip kompresas arba \u012fpylus \u012f vonios vanden\u012f, ramina od\u0105 ir atpalaiduoja raumenis, padeda nurimti.<\/li>\n<\/ul>\n<h3><strong>Kaip pasigaminti liep\u0173 \u017eied\u0173 arbatos?<\/strong><\/h3>\n<ul>\n<li><strong>Paruo\u0161imas:<\/strong> d\u017eiovintus liep\u0173 \u017eiedus (1-2 arbatinius \u0161auk\u0161telius) suberkite tiesiai \u012f puodel\u012f ar arbatinuk\u0105. <img decoding=\"async\" class=\"size-medium wp-image-56994 alignright\" src=\"https:\/\/purenature.lt\/wp-content\/uploads\/2024\/12\/lindel-flower-tea-400x263.jpg\" alt=\"\" width=\"400\" height=\"263\" srcset=\"https:\/\/old.elusvali.ee\/wp-content\/uploads\/2024\/12\/lindel-flower-tea-400x263.jpg 400w, https:\/\/old.elusvali.ee\/wp-content\/uploads\/2024\/12\/lindel-flower-tea-1215x800.jpg 1215w, https:\/\/old.elusvali.ee\/wp-content\/uploads\/2024\/12\/lindel-flower-tea-768x506.jpg 768w, https:\/\/old.elusvali.ee\/wp-content\/uploads\/2024\/12\/lindel-flower-tea-430x283.jpg 430w, https:\/\/old.elusvali.ee\/wp-content\/uploads\/2024\/12\/lindel-flower-tea-700x461.jpg 700w, https:\/\/old.elusvali.ee\/wp-content\/uploads\/2024\/12\/lindel-flower-tea-150x99.jpg 150w, https:\/\/old.elusvali.ee\/wp-content\/uploads\/2024\/12\/lindel-flower-tea.jpg 1350w\" sizes=\"(max-width: 400px) 100vw, 400px\" \/><\/li>\n<li><strong>U\u017epilkite kar\u0161to vandens:<\/strong> liep\u0173 \u017eiedus u\u017epilkite 250 ml verdan\u010dio vandens.<\/li>\n<li><strong>Pamirkykite:<\/strong> u\u017edenkite puodel\u012f ar arbatinuk\u0105 ir palaukite 5-10 minu\u010di\u0173. Ilgesnis mirkymo laikas suteikia stipresn\u012f skon\u012f ir daugiau nauding\u0173j\u0173 med\u017eiag\u0173.<\/li>\n<li><strong>Nuko\u0161kite:<\/strong> arbat\u0105 perko\u0161kite per sietel\u012f.<\/li>\n<li><strong>Patiekite:<\/strong> gerkite \u0161ilt\u0105, kad arbata tur\u0117t\u0173 kuo didesn\u012f raminam\u0105j\u012f ir gydom\u0105j\u012f poveik\u012f. Jei norite, pagardinkite medumi.<\/li>\n<\/ul>\n<h3><strong>Kada vartoti liep\u0173 \u017eied\u0173 arbat\u0105?<\/strong><\/h3>\n<ul>\n<li><strong>Vakare:<\/strong> atsipalaiduoti ir geriau miegoti.<\/li>\n<li><strong>Per\u0161alimo ligoms<\/strong>: kosuliui ir gerkl\u0117s skausmui mal\u0161inti arba kar\u0161\u010diavimui ma\u017einti.<\/li>\n<li><strong>Po valgio:<\/strong> vir\u0161kinimui palaikyti ir lengvam vir\u0161kinimo sutrikimui palengvinti.<\/li>\n<\/ul>\n<p><em>D\u0117mesio! \u0160irdies ligomis sergantiems \u017emon\u0117ms nerekomenduojama ilg\u0105 laik\u0105 gerti \u0161i\u0105 arbat\u0105, nes liep\u0173 \u017eieduose esantys junginiai prisideda prie kalio pasi\u0161alinimo i\u0161 organizmo, tod\u0117l gali sutrikti \u0161irdies veikla. D\u0117l \u017eoleli\u0173 arbatoje esan\u010di\u0173 \u012fvairi\u0173 chemini\u0173 jungini\u0173, gamintojai rekomenduoja n\u0117\u0161tumo ir \u017eindymo laikotarpiu vengti vartoti \u017eoleli\u0173 arbat\u0105 arba vartoti jas atsargiai.<\/em> Arbatos gamintojas i\u0161 Estijos <strong><a href=\"http:\/\/eeriksaare.ee\">Eeriksaare Teetalu<\/a> &#8211; i\u0161 kartos \u012f kart\u0105 perduodama gamtos i\u0161mintis. <\/strong>Eeriksaare Teetalu &#8211; tai vieta, kur gerbiama \u017eem\u0117, dirvo\u017eemis ir tradicijos. J\u0173 \u0161aknys giliai \u012faugusios \u012f gimtosios \u017eem\u0117s dirv\u0105, tod\u0117l jie jau\u010dia stipr\u0173 ry\u0161\u012f su ypatingu \u0161ios vietos charakteriu. Seneli\u0173 \u016bkininkavimo i\u0161mintis ir senosios pievos yra j\u0173 arbatin\u0117s pagrindas &#8211; i\u0161 \u010dia jie semiasi j\u0117g\u0173 ir \u012fkv\u0117pimo kurti gard\u017eias arbatas. Arbat\u017eol\u0117s auga r\u016bpestingai pri\u017ei\u016brimame dirvo\u017eemyje, neapkrautame dirbtin\u0117mis tr\u0105\u0161omis ir pesticidais. Augalai auginami ir skinami rankomis, taip u\u017etikrinant auk\u0161\u010diausi\u0105 kokyb\u0119 ir nat\u016bral\u0173 kiekvieno lapelio grynum\u0105. Arbat\u017eol\u0117s, kuri\u0173 jie patys neaugina, renkamos i\u0161 tyr\u0173 Viljand\u017eio apylinki\u0173 mi\u0161k\u0173 ir pelki\u0173. Taip u\u017etikrinama, kad kiekvienas arbatos mi\u0161inys savyje talpina vietin\u0117s gamtos gali\u0105 ir unikal\u0173 skon\u012f. Eeriksaare Teetalu gerbia savo gimtin\u0119 ir jos paveld\u0105. Jie r\u016bpinasi gamta ir dirba tvariai, kad j\u0173 laukai ir mi\u0161kai i\u0161likt\u0173 tokie patys ir ateities kartoms.<\/p>\n<p><img decoding=\"async\" class=\"alignleft wp-image-56986 size-large\" src=\"https:\/\/purenature.lt\/wp-content\/uploads\/2024\/12\/drinking-linden-flower-tea-1199x800.jpg\" alt=\"\" width=\"1199\" height=\"800\" srcset=\"https:\/\/old.elusvali.ee\/wp-content\/uploads\/2024\/12\/drinking-linden-flower-tea-1199x800.jpg 1199w, https:\/\/old.elusvali.ee\/wp-content\/uploads\/2024\/12\/drinking-linden-flower-tea-400x267.jpg 400w, https:\/\/old.elusvali.ee\/wp-content\/uploads\/2024\/12\/drinking-linden-flower-tea-768x513.jpg 768w, https:\/\/old.elusvali.ee\/wp-content\/uploads\/2024\/12\/drinking-linden-flower-tea-430x287.jpg 430w, https:\/\/old.elusvali.ee\/wp-content\/uploads\/2024\/12\/drinking-linden-flower-tea-700x467.jpg 700w, https:\/\/old.elusvali.ee\/wp-content\/uploads\/2024\/12\/drinking-linden-flower-tea-150x100.jpg 150w, https:\/\/old.elusvali.ee\/wp-content\/uploads\/2024\/12\/drinking-linden-flower-tea.jpg 1350w\" sizes=\"(max-width: 1199px) 100vw, 1199px\" \/><\/p>\n","protected":false},"excerpt":{"rendered":"<div class=\"flex max-w-full flex-col flex-grow\">\n<div class=\"min-h-8 text-message flex w-full flex-col items-end gap-2 whitespace-normal break-words [.text-message+&amp;]:mt-5\" dir=\"auto\" data-message-author-role=\"assistant\" data-message-id=\"5a783524-e072-4e29-aeaf-1641ee2f9a7d\" data-message-model-slug=\"gpt-4o\">\n<div class=\"flex w-full flex-col gap-1 empty:hidden first:pt-[3px]\">\n<div class=\"markdown prose w-full break-words dark:prose-invert light\">\n<p>Liep\u0173 \u017eied\u0173 arbata ramina nerv\u0173 sistem\u0105, ma\u017eina stres\u0105 ir skatina geresn\u012f mieg\u0105, tod\u0117l ji yra idealus vakarinis g\u0117rimas. Ji padeda mal\u0161inti per\u0161alimo lig\u0173 simptomus ir u\u017edegimus, ma\u017eina kar\u0161\u010diavim\u0105, ramina kv\u0117pavimo takus ir padeda suma\u017einti skausm\u0105 bei raumen\u0173 \u012ftamp\u0105. Be to, liep\u0173 \u017eied\u0173 arbata padeda vir\u0161kinimui, ma\u017eina kraujosp\u016bd\u012f, stiprina imunin\u0119 sistem\u0105 ir palaiko \u0161irdies ir kraujagysli\u0173 sveikat\u0105.<\/p>\n<\/div>\n<\/div>\n<\/div>\n<\/div>\n","protected":false},"featured_media":60233,"comment_status":"open","ping_status":"closed","template":"","meta":{"_acf_changed":false},"product_brand":[],"product_cat":[480],"product_tag":[481],"class_list":{"0":"post-57606","1":"product","2":"type-product","3":"status-publish","4":"has-post-thumbnail","6":"product_cat-arbatos","7":"product_tag-arbata","9":"first","10":"instock","11":"taxable","12":"shipping-taxable","13":"purchasable","14":"product-type-simple"},"acf":[],"yoast_head":"<!-- This site is optimized with the Yoast SEO plugin v25.3.1 - https:\/\/yoast.com\/wordpress\/plugins\/seo\/ -->\n<title>Liep\u0173 \u017eied\u0173 arbata 30g | Eeriksaare Mahetalu - Pure Nature<\/title>\n<meta name=\"description\" content=\"Jona\u017eoli\u0173 arbata \u017einoma kaip viena geriausi\u0173 prakaitavim\u0105 ir kar\u0161\u010diavim\u0105 ma\u017einan\u010di\u0173 \u017eoleli\u0173 nuo per\u0161alimo. Padeda ma\u017einti u\u017edegim\u0105 ir mal\u0161ina skausm\u0105.\" \/>\n<meta name=\"robots\" content=\"noindex, follow, max-snippet:-1, max-image-preview:large, max-video-preview:-1\" \/>\n<meta property=\"og:locale\" content=\"lt_LT\" \/>\n<meta property=\"og:type\" content=\"article\" \/>\n<meta property=\"og:title\" content=\"Liep\u0173 \u017eied\u0173 arbata 30g | Eeriksaare Mahetalu - Pure Nature\" \/>\n<meta property=\"og:description\" content=\"Jona\u017eoli\u0173 arbata \u017einoma kaip viena geriausi\u0173 prakaitavim\u0105 ir kar\u0161\u010diavim\u0105 ma\u017einan\u010di\u0173 \u017eoleli\u0173 nuo per\u0161alimo. Padeda ma\u017einti u\u017edegim\u0105 ir mal\u0161ina skausm\u0105.\" \/>\n<meta property=\"og:url\" content=\"https:\/\/old.elusvali.ee\/lt\/prek\u0117\/liepu-ziedu-arbata-30g-eeriksaare-mahetalu\/\" \/>\n<meta property=\"og:site_name\" content=\"Elusv&auml;li\" \/>\n<meta property=\"article:publisher\" content=\"https:\/\/www.facebook.com\/profile.php?id=100064131067985\" \/>\n<meta property=\"article:modified_time\" content=\"2025-05-26T12:57:18+00:00\" \/>\n<meta property=\"og:image\" content=\"https:\/\/purenature.lt\/wp-content\/uploads\/2024\/12\/parnaoied-30-2.jpg\" \/>\n\t<meta property=\"og:image:width\" content=\"1000\" \/>\n\t<meta property=\"og:image:height\" content=\"1000\" \/>\n\t<meta property=\"og:image:type\" content=\"image\/jpeg\" \/>\n<meta name=\"twitter:card\" content=\"summary_large_image\" \/>\n<meta name=\"twitter:label1\" content=\"Est. reading time\" \/>\n\t<meta name=\"twitter:data1\" content=\"5 minut\u0117s\" \/>\n<script type=\"application\/ld+json\" class=\"yoast-schema-graph\">{\"@context\":\"https:\/\/schema.org\",\"@graph\":[{\"@type\":\"WebPage\",\"@id\":\"https:\/\/old.elusvali.ee\/lt\/prek\u0117\/liepu-ziedu-arbata-30g-eeriksaare-mahetalu\/\",\"url\":\"https:\/\/old.elusvali.ee\/lt\/prek\u0117\/liepu-ziedu-arbata-30g-eeriksaare-mahetalu\/\",\"name\":\"Liep\u0173 \u017eied\u0173 arbata 30g | Eeriksaare Mahetalu - Pure Nature\",\"isPartOf\":{\"@id\":\"https:\/\/old.elusvali.ee\/lt\/#website\"},\"primaryImageOfPage\":{\"@id\":\"https:\/\/old.elusvali.ee\/lt\/prek\u0117\/liepu-ziedu-arbata-30g-eeriksaare-mahetalu\/#primaryimage\"},\"image\":{\"@id\":\"https:\/\/old.elusvali.ee\/lt\/prek\u0117\/liepu-ziedu-arbata-30g-eeriksaare-mahetalu\/#primaryimage\"},\"thumbnailUrl\":\"https:\/\/old.elusvali.ee\/wp-content\/uploads\/2024\/12\/parnaoied-30-2.jpg\",\"datePublished\":\"2024-12-08T15:01:41+00:00\",\"dateModified\":\"2025-05-26T12:57:18+00:00\",\"description\":\"Jona\u017eoli\u0173 arbata \u017einoma kaip viena geriausi\u0173 prakaitavim\u0105 ir kar\u0161\u010diavim\u0105 ma\u017einan\u010di\u0173 \u017eoleli\u0173 nuo per\u0161alimo. Padeda ma\u017einti u\u017edegim\u0105 ir mal\u0161ina skausm\u0105.\",\"breadcrumb\":{\"@id\":\"https:\/\/old.elusvali.ee\/lt\/prek\u0117\/liepu-ziedu-arbata-30g-eeriksaare-mahetalu\/#breadcrumb\"},\"inLanguage\":\"lt-LT\",\"potentialAction\":[{\"@type\":\"ReadAction\",\"target\":[\"https:\/\/old.elusvali.ee\/lt\/prek\u0117\/liepu-ziedu-arbata-30g-eeriksaare-mahetalu\/\"]}]},{\"@type\":\"ImageObject\",\"inLanguage\":\"lt-LT\",\"@id\":\"https:\/\/old.elusvali.ee\/lt\/prek\u0117\/liepu-ziedu-arbata-30g-eeriksaare-mahetalu\/#primaryimage\",\"url\":\"https:\/\/old.elusvali.ee\/wp-content\/uploads\/2024\/12\/parnaoied-30-2.jpg\",\"contentUrl\":\"https:\/\/old.elusvali.ee\/wp-content\/uploads\/2024\/12\/parnaoied-30-2.jpg\",\"width\":1000,\"height\":1000,\"caption\":\"p\u00e4rnaoie tee\"},{\"@type\":\"BreadcrumbList\",\"@id\":\"https:\/\/old.elusvali.ee\/lt\/prek\u0117\/liepu-ziedu-arbata-30g-eeriksaare-mahetalu\/#breadcrumb\",\"itemListElement\":[{\"@type\":\"ListItem\",\"position\":1,\"name\":\"Home\",\"item\":\"https:\/\/old.elusvali.ee\/lt\/\"},{\"@type\":\"ListItem\",\"position\":2,\"name\":\"Elektronin\u0117 parduotuv\u0117\",\"item\":\"https:\/\/purenature.lt\/parduotuve\/\"},{\"@type\":\"ListItem\",\"position\":3,\"name\":\"Liep\u0173 \u017eied\u0173 arbata 30g | Eeriksaare Mahetalu\"}]},{\"@type\":\"WebSite\",\"@id\":\"https:\/\/old.elusvali.ee\/lt\/#website\",\"url\":\"https:\/\/old.elusvali.ee\/lt\/\",\"name\":\"Elusv\u00e4li\",\"description\":\"Puhas k&ouml;&ouml;k ja koduapteek\",\"publisher\":{\"@id\":\"https:\/\/old.elusvali.ee\/lt\/#organization\"},\"potentialAction\":[{\"@type\":\"SearchAction\",\"target\":{\"@type\":\"EntryPoint\",\"urlTemplate\":\"https:\/\/old.elusvali.ee\/lt\/?s={search_term_string}\"},\"query-input\":{\"@type\":\"PropertyValueSpecification\",\"valueRequired\":true,\"valueName\":\"search_term_string\"}}],\"inLanguage\":\"lt-LT\"},{\"@type\":\"Organization\",\"@id\":\"https:\/\/old.elusvali.ee\/lt\/#organization\",\"name\":\"Elusv\u00e4li\",\"url\":\"https:\/\/old.elusvali.ee\/lt\/\",\"logo\":{\"@type\":\"ImageObject\",\"inLanguage\":\"lt-LT\",\"@id\":\"https:\/\/old.elusvali.ee\/lt\/#\/schema\/logo\/image\/\",\"url\":\"https:\/\/purenature.lt\/wp-content\/uploads\/2023\/07\/logo.png\",\"contentUrl\":\"https:\/\/purenature.lt\/wp-content\/uploads\/2023\/07\/logo.png\",\"width\":526,\"height\":146,\"caption\":\"Elusv\u00e4li\"},\"image\":{\"@id\":\"https:\/\/old.elusvali.ee\/lt\/#\/schema\/logo\/image\/\"},\"sameAs\":[\"https:\/\/www.facebook.com\/profile.php?id=100064131067985\",\"https:\/\/www.instagram.com\/elusvali\/\",\"https:\/\/www.youtube.com\/@elusvali2110\"]}]}<\/script>\n<!-- \/ Yoast SEO plugin. -->","yoast_head_json":{"title":"Liep\u0173 \u017eied\u0173 arbata 30g | Eeriksaare Mahetalu - Pure Nature","description":"Jona\u017eoli\u0173 arbata \u017einoma kaip viena geriausi\u0173 prakaitavim\u0105 ir kar\u0161\u010diavim\u0105 ma\u017einan\u010di\u0173 \u017eoleli\u0173 nuo per\u0161alimo. Padeda ma\u017einti u\u017edegim\u0105 ir mal\u0161ina skausm\u0105.","robots":{"index":"noindex","follow":"follow","max-snippet":"max-snippet:-1","max-image-preview":"max-image-preview:large","max-video-preview":"max-video-preview:-1"},"og_locale":"lt_LT","og_type":"article","og_title":"Liep\u0173 \u017eied\u0173 arbata 30g | Eeriksaare Mahetalu - Pure Nature","og_description":"Jona\u017eoli\u0173 arbata \u017einoma kaip viena geriausi\u0173 prakaitavim\u0105 ir kar\u0161\u010diavim\u0105 ma\u017einan\u010di\u0173 \u017eoleli\u0173 nuo per\u0161alimo. Padeda ma\u017einti u\u017edegim\u0105 ir mal\u0161ina skausm\u0105.","og_url":"https:\/\/old.elusvali.ee\/lt\/prek\u0117\/liepu-ziedu-arbata-30g-eeriksaare-mahetalu\/","og_site_name":"Elusv&auml;li","article_publisher":"https:\/\/www.facebook.com\/profile.php?id=100064131067985","article_modified_time":"2025-05-26T12:57:18+00:00","og_image":[{"width":1000,"height":1000,"url":"https:\/\/purenature.lt\/wp-content\/uploads\/2024\/12\/parnaoied-30-2.jpg","type":"image\/jpeg"}],"twitter_card":"summary_large_image","twitter_misc":{"Est. reading time":"5 minut\u0117s"},"schema":{"@context":"https:\/\/schema.org","@graph":[{"@type":"WebPage","@id":"https:\/\/old.elusvali.ee\/lt\/prek\u0117\/liepu-ziedu-arbata-30g-eeriksaare-mahetalu\/","url":"https:\/\/old.elusvali.ee\/lt\/prek\u0117\/liepu-ziedu-arbata-30g-eeriksaare-mahetalu\/","name":"Liep\u0173 \u017eied\u0173 arbata 30g | Eeriksaare Mahetalu - Pure Nature","isPartOf":{"@id":"https:\/\/old.elusvali.ee\/lt\/#website"},"primaryImageOfPage":{"@id":"https:\/\/old.elusvali.ee\/lt\/prek\u0117\/liepu-ziedu-arbata-30g-eeriksaare-mahetalu\/#primaryimage"},"image":{"@id":"https:\/\/old.elusvali.ee\/lt\/prek\u0117\/liepu-ziedu-arbata-30g-eeriksaare-mahetalu\/#primaryimage"},"thumbnailUrl":"https:\/\/old.elusvali.ee\/wp-content\/uploads\/2024\/12\/parnaoied-30-2.jpg","datePublished":"2024-12-08T15:01:41+00:00","dateModified":"2025-05-26T12:57:18+00:00","description":"Jona\u017eoli\u0173 arbata \u017einoma kaip viena geriausi\u0173 prakaitavim\u0105 ir kar\u0161\u010diavim\u0105 ma\u017einan\u010di\u0173 \u017eoleli\u0173 nuo per\u0161alimo. Padeda ma\u017einti u\u017edegim\u0105 ir mal\u0161ina skausm\u0105.","breadcrumb":{"@id":"https:\/\/old.elusvali.ee\/lt\/prek\u0117\/liepu-ziedu-arbata-30g-eeriksaare-mahetalu\/#breadcrumb"},"inLanguage":"lt-LT","potentialAction":[{"@type":"ReadAction","target":["https:\/\/old.elusvali.ee\/lt\/prek\u0117\/liepu-ziedu-arbata-30g-eeriksaare-mahetalu\/"]}]},{"@type":"ImageObject","inLanguage":"lt-LT","@id":"https:\/\/old.elusvali.ee\/lt\/prek\u0117\/liepu-ziedu-arbata-30g-eeriksaare-mahetalu\/#primaryimage","url":"https:\/\/old.elusvali.ee\/wp-content\/uploads\/2024\/12\/parnaoied-30-2.jpg","contentUrl":"https:\/\/old.elusvali.ee\/wp-content\/uploads\/2024\/12\/parnaoied-30-2.jpg","width":1000,"height":1000,"caption":"p\u00e4rnaoie tee"},{"@type":"BreadcrumbList","@id":"https:\/\/old.elusvali.ee\/lt\/prek\u0117\/liepu-ziedu-arbata-30g-eeriksaare-mahetalu\/#breadcrumb","itemListElement":[{"@type":"ListItem","position":1,"name":"Home","item":"https:\/\/old.elusvali.ee\/lt\/"},{"@type":"ListItem","position":2,"name":"Elektronin\u0117 parduotuv\u0117","item":"https:\/\/purenature.lt\/parduotuve\/"},{"@type":"ListItem","position":3,"name":"Liep\u0173 \u017eied\u0173 arbata 30g | Eeriksaare Mahetalu"}]},{"@type":"WebSite","@id":"https:\/\/old.elusvali.ee\/lt\/#website","url":"https:\/\/old.elusvali.ee\/lt\/","name":"Elusv\u00e4li","description":"Puhas k&ouml;&ouml;k ja koduapteek","publisher":{"@id":"https:\/\/old.elusvali.ee\/lt\/#organization"},"potentialAction":[{"@type":"SearchAction","target":{"@type":"EntryPoint","urlTemplate":"https:\/\/old.elusvali.ee\/lt\/?s={search_term_string}"},"query-input":{"@type":"PropertyValueSpecification","valueRequired":true,"valueName":"search_term_string"}}],"inLanguage":"lt-LT"},{"@type":"Organization","@id":"https:\/\/old.elusvali.ee\/lt\/#organization","name":"Elusv\u00e4li","url":"https:\/\/old.elusvali.ee\/lt\/","logo":{"@type":"ImageObject","inLanguage":"lt-LT","@id":"https:\/\/old.elusvali.ee\/lt\/#\/schema\/logo\/image\/","url":"https:\/\/purenature.lt\/wp-content\/uploads\/2023\/07\/logo.png","contentUrl":"https:\/\/purenature.lt\/wp-content\/uploads\/2023\/07\/logo.png","width":526,"height":146,"caption":"Elusv\u00e4li"},"image":{"@id":"https:\/\/old.elusvali.ee\/lt\/#\/schema\/logo\/image\/"},"sameAs":["https:\/\/www.facebook.com\/profile.php?id=100064131067985","https:\/\/www.instagram.com\/elusvali\/","https:\/\/www.youtube.com\/@elusvali2110"]}]}},"_links":{"self":[{"href":"https:\/\/old.elusvali.ee\/lt\/wp-json\/wp\/v2\/product\/57606","targetHints":{"allow":["GET"]}}],"collection":[{"href":"https:\/\/old.elusvali.ee\/lt\/wp-json\/wp\/v2\/product"}],"about":[{"href":"https:\/\/old.elusvali.ee\/lt\/wp-json\/wp\/v2\/types\/product"}],"replies":[{"embeddable":true,"href":"https:\/\/old.elusvali.ee\/lt\/wp-json\/wp\/v2\/comments?post=57606"}],"version-history":[{"count":2,"href":"https:\/\/old.elusvali.ee\/lt\/wp-json\/wp\/v2\/product\/57606\/revisions"}],"predecessor-version":[{"id":57609,"href":"https:\/\/old.elusvali.ee\/lt\/wp-json\/wp\/v2\/product\/57606\/revisions\/57609"}],"wp:featuredmedia":[{"embeddable":true,"href":"https:\/\/old.elusvali.ee\/lt\/wp-json\/wp\/v2\/media\/60233"}],"wp:attachment":[{"href":"https:\/\/old.elusvali.ee\/lt\/wp-json\/wp\/v2\/media?parent=57606"}],"wp:term":[{"taxonomy":"product_brand","embeddable":true,"href":"https:\/\/old.elusvali.ee\/lt\/wp-json\/wp\/v2\/product_brand?post=57606"},{"taxonomy":"product_cat","embeddable":true,"href":"https:\/\/old.elusvali.ee\/lt\/wp-json\/wp\/v2\/product_cat?post=57606"},{"taxonomy":"product_tag","embeddable":true,"href":"https:\/\/old.elusvali.ee\/lt\/wp-json\/wp\/v2\/product_tag?post=57606"}],"curies":[{"name":"wp","href":"https:\/\/api.w.org\/{rel}","templated":true}]}}