{"id":57141,"date":"2024-10-22T08:05:45","date_gmt":"2024-10-22T05:05:45","guid":{"rendered":"https:\/\/old.elusvali.ee\/product\/raudoneliu-aliejus-pune-aliejus-60-kapsuliu-gaia-herbs\/"},"modified":"2025-06-13T12:26:31","modified_gmt":"2025-06-13T09:26:31","slug":"oil-of-oregano-raudonelio-ekstraktas-60-kapsuliu-gaia-herbs","status":"publish","type":"product","link":"https:\/\/old.elusvali.ee\/lt\/prek\u0117\/oil-of-oregano-raudonelio-ekstraktas-60-kapsuliu-gaia-herbs\/","title":{"rendered":"Oil of Oregano &#8211; raudon\u0117lio ekstraktas &#8211; 60 kapsuli\u0173 | Gaia Herbs"},"content":{"rendered":"<p>Raudon\u0117lis (arba oreganas) tradici\u0161kai yra naudojamas sveikatai palaikyti.<\/p>\n<ul>\n<li><strong>Padeda palaikyti nat\u016brali\u0105 organizmo apsaug\u0105.<\/strong> Raudon\u0117lio ekstrakto kapsul\u0117s palaiko organizm\u0105 antioksidantais ir stiprina sveik\u0105 imunin\u0119 sistem\u0105, kad gal\u0117tum\u0117te jaustis kuo geriau.<\/li>\n<li><strong>Patikimas vaista\u017eol\u0117, vartojamas nuo seniausi\u0173 laik\u0173.<\/strong> Raudon\u0117lis da\u017eniausiai \u017einomas kaip pla\u010diai naudojamas kulinarinis prieskonis. Ta\u010diau taip pat raudon\u0117lis nuo seno vartojamas ir bendrai gerai savijautai palaikyti.<\/li>\n<li><strong>Greita pagalba sveikatai, kai jos labiausiai reikia.<\/strong> Jei susiduriate su i\u0161\u0161\u016bkiais imuninei sistemai, 2-4 savaites vartokite raudon\u0117lio ekstrakto kapsules, kad \u0161is galingas augalaspad\u0117t\u0173 organizmui susitipr\u0117ti.<\/li>\n<\/ul>\n<p>&nbsp;<\/p>\n<p><img fetchpriority=\"high\" decoding=\"async\" class=\"alignleft wp-image-51208 size-medium\" src=\"https:\/\/purenature.lt\/wp-content\/uploads\/2024\/09\/gaia2-300x300.webp\" alt=\"\" width=\"300\" height=\"300\" srcset=\"https:\/\/old.elusvali.ee\/wp-content\/uploads\/2024\/09\/gaia2-300x300.webp 300w, https:\/\/old.elusvali.ee\/wp-content\/uploads\/2024\/09\/gaia2-800x800.webp 800w, https:\/\/old.elusvali.ee\/wp-content\/uploads\/2024\/09\/gaia2-150x150.webp 150w, https:\/\/old.elusvali.ee\/wp-content\/uploads\/2024\/09\/gaia2-768x768.webp 768w, https:\/\/old.elusvali.ee\/wp-content\/uploads\/2024\/09\/gaia2-430x430.webp 430w, https:\/\/old.elusvali.ee\/wp-content\/uploads\/2024\/09\/gaia2-700x700.webp 700w, https:\/\/old.elusvali.ee\/wp-content\/uploads\/2024\/09\/gaia2.webp 1060w\" sizes=\"(max-width: 300px) 100vw, 300px\" \/><\/p>\n<h3><\/h3>\n<h3><\/h3>\n<h3><\/h3>\n<h3><\/h3>\n<h3><\/h3>\n<h3><\/h3>\n<h4>Kaip vartoti raudon\u0117lio ekstrakto kapsules?<\/h4>\n<ul>\n<li><strong>Vartojimo b\u016bdas:<\/strong> po 1 kapsul\u0119 u\u017egeriant vandeniu 2 kartus per dien\u0105. Rekomenduojama maksimali vartojimo trukm\u0117 &#8211; 2-4 savait\u0117s. Po to daryti pertrauk\u0105.<\/li>\n<li><strong>Laikymas: <\/strong>laikykite produkt\u0105 v\u0117sioje ir tamsioje, vaikams nepasiekiamoje vietoje, atokiau nuo tiesiogini\u0173 saul\u0117s spinduli\u0173. Pavyzd\u017eiui, u\u017edaroje virtuv\u0117s spintel\u0117je.\u00a0<em><br \/>\n<\/em><\/li>\n<li><strong>Kontraindikacijos<\/strong>: nevartoti n\u0117\u0161tumo ir \u017eindymo laikotarpiu.<\/li>\n<\/ul>\n<p>&nbsp;<\/p>\n<p><strong>Vienoje kapsul\u0117je yra:<\/strong> 32 mg karvakrolio ir timolio, atitinkan\u010di\u0173 2400 mg d\u017eiovinto raudon\u0117lio.<\/p>\n<p><b>Kitos sudedamosios dalys:<\/b> saul\u0117gr\u0105\u017e\u0173 lecitinas ir vegani\u0161ka kapsul\u0117 (hipromelioz\u0117).<\/p>\n<p class=\"gt-block\"><b>Sud\u0117tyje n\u0117ra:<\/b> kukur\u016bz\u0173, pieno produkt\u0173, glitimo, rie\u0161ut\u0173, v\u0117\u017eiagyvi\u0173, sojos, prid\u0117tinio cukraus, mieli\u0173. Visi Gaia Herbs produktai yra patikrinami d\u0117l pesticid\u0173, mikrob\u0173 ir sunki\u0173j\u0173 metal\u0173.<\/p>\n<p><strong>D\u0117mesio!<\/strong> Tai ne eterinis raudon\u0117lio aliejus, o ekstraktas, surinktas i\u0161 raudon\u0117lio lapeli\u0173. Naudojant CO2 ir sl\u0117g\u012f. Nenaudojami jokie papildomo chemikalai. Tokiu b\u016bdu i\u0161gautas ekstraktas turi platesn\u012f spektr\u0105 veikli\u0173j\u0173 med\u017eiag\u0173 nei eterinis aliejus, nes tokiame ekstrakte yra ir eterini\u0173 aliej\u0173, ir kit\u0173 komponent\u0173, va\u0161k\u0173, derv\u0173.<\/p>\n","protected":false},"excerpt":{"rendered":"<div class=\"buybox__description\">\n<p class=\"p1\">Raudon\u0117lis (arba oreganas) tradici\u0161kai naudojamas bendrai sveikatai palaikyti.<\/p>\n<\/div>\n<div class=\"buybox__highlights\">\n<ul class=\"buybox__highlights-list\">\n<li class=\"buybox__highlights-item\">Padeda palaikyti nat\u016brali\u0105 organizmo apsaug\u0105.<\/li>\n<li class=\"buybox__highlights-item\">Raudon\u0117lis yra gerai \u017einomas ir patikimas augalas, naudojamas jau t\u016bkstantme\u010dius.<\/li>\n<li>Greita pagalba organizmui, kai jos labiausiai reikia.<\/li>\n<\/ul>\n<\/div>\n","protected":false},"featured_media":51199,"comment_status":"open","ping_status":"closed","template":"","meta":{"_acf_changed":false},"product_brand":[],"product_cat":[472],"product_tag":[729,477],"class_list":{"0":"post-57141","1":"product","2":"type-product","3":"status-publish","4":"has-post-thumbnail","6":"product_cat-imunitetas","7":"product_tag-gaia-herbs-lt","8":"product_tag-kapsules","10":"first","11":"instock","12":"taxable","13":"shipping-taxable","14":"purchasable","15":"product-type-simple"},"acf":[],"yoast_head":"<!-- This site is optimized with the Yoast SEO plugin v25.3.1 - https:\/\/yoast.com\/wordpress\/plugins\/seo\/ -->\n<title>Oil of Oregano - raudon\u0117lio ekstraktas - 60 kapsuli\u0173 | Gaia Herbs - Pure Nature<\/title>\n<meta name=\"robots\" content=\"noindex, follow, max-snippet:-1, max-image-preview:large, max-video-preview:-1\" \/>\n<meta property=\"og:locale\" content=\"lt_LT\" \/>\n<meta property=\"og:type\" content=\"article\" \/>\n<meta property=\"og:title\" content=\"Oil of Oregano - raudon\u0117lio ekstraktas - 60 kapsuli\u0173 | Gaia Herbs - Pure Nature\" \/>\n<meta property=\"og:description\" content=\"Raudon\u0117lis (arba oreganas) tradici\u0161kai naudojamas bendrai sveikatai palaikyti.      Padeda palaikyti nat\u016brali\u0105 organizmo apsaug\u0105.  Raudon\u0117lis yra gerai \u017einomas ir patikimas augalas, naudojamas jau t\u016bkstantme\u010dius.  Greita pagalba organizmui, kai jos labiausiai reikia.\" \/>\n<meta property=\"og:url\" content=\"https:\/\/old.elusvali.ee\/lt\/prek\u0117\/oil-of-oregano-raudonelio-ekstraktas-60-kapsuliu-gaia-herbs\/\" \/>\n<meta property=\"og:site_name\" content=\"Elusv&auml;li\" \/>\n<meta property=\"article:publisher\" content=\"https:\/\/www.facebook.com\/profile.php?id=100064131067985\" \/>\n<meta property=\"article:modified_time\" content=\"2025-06-13T09:26:31+00:00\" \/>\n<meta property=\"og:image\" content=\"https:\/\/purenature.lt\/wp-content\/uploads\/2024\/09\/Gaia-Herbs-Oil-Of-Oregano_LAA16060_101-1053-0119_PDP_1060x-C4_1060x.webp\" \/>\n\t<meta property=\"og:image:width\" content=\"1060\" \/>\n\t<meta property=\"og:image:height\" content=\"1060\" \/>\n\t<meta property=\"og:image:type\" content=\"image\/webp\" \/>\n<meta name=\"twitter:card\" content=\"summary_large_image\" \/>\n<meta name=\"twitter:label1\" content=\"Est. reading time\" \/>\n\t<meta name=\"twitter:data1\" content=\"1 minut\u0117\" \/>\n<script type=\"application\/ld+json\" class=\"yoast-schema-graph\">{\"@context\":\"https:\/\/schema.org\",\"@graph\":[{\"@type\":\"WebPage\",\"@id\":\"https:\/\/old.elusvali.ee\/lt\/prek\u0117\/oil-of-oregano-raudonelio-ekstraktas-60-kapsuliu-gaia-herbs\/\",\"url\":\"https:\/\/old.elusvali.ee\/lt\/prek\u0117\/oil-of-oregano-raudonelio-ekstraktas-60-kapsuliu-gaia-herbs\/\",\"name\":\"Oil of Oregano - raudon\u0117lio ekstraktas - 60 kapsuli\u0173 | Gaia Herbs - Pure Nature\",\"isPartOf\":{\"@id\":\"https:\/\/old.elusvali.ee\/lt\/#website\"},\"primaryImageOfPage\":{\"@id\":\"https:\/\/old.elusvali.ee\/lt\/prek\u0117\/oil-of-oregano-raudonelio-ekstraktas-60-kapsuliu-gaia-herbs\/#primaryimage\"},\"image\":{\"@id\":\"https:\/\/old.elusvali.ee\/lt\/prek\u0117\/oil-of-oregano-raudonelio-ekstraktas-60-kapsuliu-gaia-herbs\/#primaryimage\"},\"thumbnailUrl\":\"https:\/\/old.elusvali.ee\/wp-content\/uploads\/2024\/09\/Gaia-Herbs-Oil-Of-Oregano_LAA16060_101-1053-0119_PDP_1060x-C4_1060x.webp\",\"datePublished\":\"2024-10-22T05:05:45+00:00\",\"dateModified\":\"2025-06-13T09:26:31+00:00\",\"breadcrumb\":{\"@id\":\"https:\/\/old.elusvali.ee\/lt\/prek\u0117\/oil-of-oregano-raudonelio-ekstraktas-60-kapsuliu-gaia-herbs\/#breadcrumb\"},\"inLanguage\":\"lt-LT\",\"potentialAction\":[{\"@type\":\"ReadAction\",\"target\":[\"https:\/\/old.elusvali.ee\/lt\/prek\u0117\/oil-of-oregano-raudonelio-ekstraktas-60-kapsuliu-gaia-herbs\/\"]}]},{\"@type\":\"ImageObject\",\"inLanguage\":\"lt-LT\",\"@id\":\"https:\/\/old.elusvali.ee\/lt\/prek\u0117\/oil-of-oregano-raudonelio-ekstraktas-60-kapsuliu-gaia-herbs\/#primaryimage\",\"url\":\"https:\/\/old.elusvali.ee\/wp-content\/uploads\/2024\/09\/Gaia-Herbs-Oil-Of-Oregano_LAA16060_101-1053-0119_PDP_1060x-C4_1060x.webp\",\"contentUrl\":\"https:\/\/old.elusvali.ee\/wp-content\/uploads\/2024\/09\/Gaia-Herbs-Oil-Of-Oregano_LAA16060_101-1053-0119_PDP_1060x-C4_1060x.webp\",\"width\":1060,\"height\":1060,\"caption\":\"Gaia Herbs raudonelio ekstraktas\"},{\"@type\":\"BreadcrumbList\",\"@id\":\"https:\/\/old.elusvali.ee\/lt\/prek\u0117\/oil-of-oregano-raudonelio-ekstraktas-60-kapsuliu-gaia-herbs\/#breadcrumb\",\"itemListElement\":[{\"@type\":\"ListItem\",\"position\":1,\"name\":\"Home\",\"item\":\"https:\/\/old.elusvali.ee\/lt\/\"},{\"@type\":\"ListItem\",\"position\":2,\"name\":\"Elektronin\u0117 parduotuv\u0117\",\"item\":\"https:\/\/purenature.lt\/parduotuve\/\"},{\"@type\":\"ListItem\",\"position\":3,\"name\":\"Oil of Oregano &#8211; raudon\u0117lio ekstraktas &#8211; 60 kapsuli\u0173 | Gaia Herbs\"}]},{\"@type\":\"WebSite\",\"@id\":\"https:\/\/old.elusvali.ee\/lt\/#website\",\"url\":\"https:\/\/old.elusvali.ee\/lt\/\",\"name\":\"Elusv\u00e4li\",\"description\":\"Puhas k&ouml;&ouml;k ja koduapteek\",\"publisher\":{\"@id\":\"https:\/\/old.elusvali.ee\/lt\/#organization\"},\"potentialAction\":[{\"@type\":\"SearchAction\",\"target\":{\"@type\":\"EntryPoint\",\"urlTemplate\":\"https:\/\/old.elusvali.ee\/lt\/?s={search_term_string}\"},\"query-input\":{\"@type\":\"PropertyValueSpecification\",\"valueRequired\":true,\"valueName\":\"search_term_string\"}}],\"inLanguage\":\"lt-LT\"},{\"@type\":\"Organization\",\"@id\":\"https:\/\/old.elusvali.ee\/lt\/#organization\",\"name\":\"Elusv\u00e4li\",\"url\":\"https:\/\/old.elusvali.ee\/lt\/\",\"logo\":{\"@type\":\"ImageObject\",\"inLanguage\":\"lt-LT\",\"@id\":\"https:\/\/old.elusvali.ee\/lt\/#\/schema\/logo\/image\/\",\"url\":\"https:\/\/purenature.lt\/wp-content\/uploads\/2023\/07\/logo.png\",\"contentUrl\":\"https:\/\/purenature.lt\/wp-content\/uploads\/2023\/07\/logo.png\",\"width\":526,\"height\":146,\"caption\":\"Elusv\u00e4li\"},\"image\":{\"@id\":\"https:\/\/old.elusvali.ee\/lt\/#\/schema\/logo\/image\/\"},\"sameAs\":[\"https:\/\/www.facebook.com\/profile.php?id=100064131067985\",\"https:\/\/www.instagram.com\/elusvali\/\",\"https:\/\/www.youtube.com\/@elusvali2110\"]}]}<\/script>\n<!-- \/ Yoast SEO plugin. -->","yoast_head_json":{"title":"Oil of Oregano - raudon\u0117lio ekstraktas - 60 kapsuli\u0173 | Gaia Herbs - Pure Nature","robots":{"index":"noindex","follow":"follow","max-snippet":"max-snippet:-1","max-image-preview":"max-image-preview:large","max-video-preview":"max-video-preview:-1"},"og_locale":"lt_LT","og_type":"article","og_title":"Oil of Oregano - raudon\u0117lio ekstraktas - 60 kapsuli\u0173 | Gaia Herbs - Pure Nature","og_description":"Raudon\u0117lis (arba oreganas) tradici\u0161kai naudojamas bendrai sveikatai palaikyti.      Padeda palaikyti nat\u016brali\u0105 organizmo apsaug\u0105.  Raudon\u0117lis yra gerai \u017einomas ir patikimas augalas, naudojamas jau t\u016bkstantme\u010dius.  Greita pagalba organizmui, kai jos labiausiai reikia.","og_url":"https:\/\/old.elusvali.ee\/lt\/prek\u0117\/oil-of-oregano-raudonelio-ekstraktas-60-kapsuliu-gaia-herbs\/","og_site_name":"Elusv&auml;li","article_publisher":"https:\/\/www.facebook.com\/profile.php?id=100064131067985","article_modified_time":"2025-06-13T09:26:31+00:00","og_image":[{"width":1060,"height":1060,"url":"https:\/\/purenature.lt\/wp-content\/uploads\/2024\/09\/Gaia-Herbs-Oil-Of-Oregano_LAA16060_101-1053-0119_PDP_1060x-C4_1060x.webp","type":"image\/webp"}],"twitter_card":"summary_large_image","twitter_misc":{"Est. reading time":"1 minut\u0117"},"schema":{"@context":"https:\/\/schema.org","@graph":[{"@type":"WebPage","@id":"https:\/\/old.elusvali.ee\/lt\/prek\u0117\/oil-of-oregano-raudonelio-ekstraktas-60-kapsuliu-gaia-herbs\/","url":"https:\/\/old.elusvali.ee\/lt\/prek\u0117\/oil-of-oregano-raudonelio-ekstraktas-60-kapsuliu-gaia-herbs\/","name":"Oil of Oregano - raudon\u0117lio ekstraktas - 60 kapsuli\u0173 | Gaia Herbs - Pure Nature","isPartOf":{"@id":"https:\/\/old.elusvali.ee\/lt\/#website"},"primaryImageOfPage":{"@id":"https:\/\/old.elusvali.ee\/lt\/prek\u0117\/oil-of-oregano-raudonelio-ekstraktas-60-kapsuliu-gaia-herbs\/#primaryimage"},"image":{"@id":"https:\/\/old.elusvali.ee\/lt\/prek\u0117\/oil-of-oregano-raudonelio-ekstraktas-60-kapsuliu-gaia-herbs\/#primaryimage"},"thumbnailUrl":"https:\/\/old.elusvali.ee\/wp-content\/uploads\/2024\/09\/Gaia-Herbs-Oil-Of-Oregano_LAA16060_101-1053-0119_PDP_1060x-C4_1060x.webp","datePublished":"2024-10-22T05:05:45+00:00","dateModified":"2025-06-13T09:26:31+00:00","breadcrumb":{"@id":"https:\/\/old.elusvali.ee\/lt\/prek\u0117\/oil-of-oregano-raudonelio-ekstraktas-60-kapsuliu-gaia-herbs\/#breadcrumb"},"inLanguage":"lt-LT","potentialAction":[{"@type":"ReadAction","target":["https:\/\/old.elusvali.ee\/lt\/prek\u0117\/oil-of-oregano-raudonelio-ekstraktas-60-kapsuliu-gaia-herbs\/"]}]},{"@type":"ImageObject","inLanguage":"lt-LT","@id":"https:\/\/old.elusvali.ee\/lt\/prek\u0117\/oil-of-oregano-raudonelio-ekstraktas-60-kapsuliu-gaia-herbs\/#primaryimage","url":"https:\/\/old.elusvali.ee\/wp-content\/uploads\/2024\/09\/Gaia-Herbs-Oil-Of-Oregano_LAA16060_101-1053-0119_PDP_1060x-C4_1060x.webp","contentUrl":"https:\/\/old.elusvali.ee\/wp-content\/uploads\/2024\/09\/Gaia-Herbs-Oil-Of-Oregano_LAA16060_101-1053-0119_PDP_1060x-C4_1060x.webp","width":1060,"height":1060,"caption":"Gaia Herbs raudonelio ekstraktas"},{"@type":"BreadcrumbList","@id":"https:\/\/old.elusvali.ee\/lt\/prek\u0117\/oil-of-oregano-raudonelio-ekstraktas-60-kapsuliu-gaia-herbs\/#breadcrumb","itemListElement":[{"@type":"ListItem","position":1,"name":"Home","item":"https:\/\/old.elusvali.ee\/lt\/"},{"@type":"ListItem","position":2,"name":"Elektronin\u0117 parduotuv\u0117","item":"https:\/\/purenature.lt\/parduotuve\/"},{"@type":"ListItem","position":3,"name":"Oil of Oregano &#8211; raudon\u0117lio ekstraktas &#8211; 60 kapsuli\u0173 | Gaia Herbs"}]},{"@type":"WebSite","@id":"https:\/\/old.elusvali.ee\/lt\/#website","url":"https:\/\/old.elusvali.ee\/lt\/","name":"Elusv\u00e4li","description":"Puhas k&ouml;&ouml;k ja koduapteek","publisher":{"@id":"https:\/\/old.elusvali.ee\/lt\/#organization"},"potentialAction":[{"@type":"SearchAction","target":{"@type":"EntryPoint","urlTemplate":"https:\/\/old.elusvali.ee\/lt\/?s={search_term_string}"},"query-input":{"@type":"PropertyValueSpecification","valueRequired":true,"valueName":"search_term_string"}}],"inLanguage":"lt-LT"},{"@type":"Organization","@id":"https:\/\/old.elusvali.ee\/lt\/#organization","name":"Elusv\u00e4li","url":"https:\/\/old.elusvali.ee\/lt\/","logo":{"@type":"ImageObject","inLanguage":"lt-LT","@id":"https:\/\/old.elusvali.ee\/lt\/#\/schema\/logo\/image\/","url":"https:\/\/purenature.lt\/wp-content\/uploads\/2023\/07\/logo.png","contentUrl":"https:\/\/purenature.lt\/wp-content\/uploads\/2023\/07\/logo.png","width":526,"height":146,"caption":"Elusv\u00e4li"},"image":{"@id":"https:\/\/old.elusvali.ee\/lt\/#\/schema\/logo\/image\/"},"sameAs":["https:\/\/www.facebook.com\/profile.php?id=100064131067985","https:\/\/www.instagram.com\/elusvali\/","https:\/\/www.youtube.com\/@elusvali2110"]}]}},"_links":{"self":[{"href":"https:\/\/old.elusvali.ee\/lt\/wp-json\/wp\/v2\/product\/57141","targetHints":{"allow":["GET"]}}],"collection":[{"href":"https:\/\/old.elusvali.ee\/lt\/wp-json\/wp\/v2\/product"}],"about":[{"href":"https:\/\/old.elusvali.ee\/lt\/wp-json\/wp\/v2\/types\/product"}],"replies":[{"embeddable":true,"href":"https:\/\/old.elusvali.ee\/lt\/wp-json\/wp\/v2\/comments?post=57141"}],"version-history":[{"count":2,"href":"https:\/\/old.elusvali.ee\/lt\/wp-json\/wp\/v2\/product\/57141\/revisions"}],"predecessor-version":[{"id":57186,"href":"https:\/\/old.elusvali.ee\/lt\/wp-json\/wp\/v2\/product\/57141\/revisions\/57186"}],"wp:featuredmedia":[{"embeddable":true,"href":"https:\/\/old.elusvali.ee\/lt\/wp-json\/wp\/v2\/media\/51199"}],"wp:attachment":[{"href":"https:\/\/old.elusvali.ee\/lt\/wp-json\/wp\/v2\/media?parent=57141"}],"wp:term":[{"taxonomy":"product_brand","embeddable":true,"href":"https:\/\/old.elusvali.ee\/lt\/wp-json\/wp\/v2\/product_brand?post=57141"},{"taxonomy":"product_cat","embeddable":true,"href":"https:\/\/old.elusvali.ee\/lt\/wp-json\/wp\/v2\/product_cat?post=57141"},{"taxonomy":"product_tag","embeddable":true,"href":"https:\/\/old.elusvali.ee\/lt\/wp-json\/wp\/v2\/product_tag?post=57141"}],"curies":[{"name":"wp","href":"https:\/\/api.w.org\/{rel}","templated":true}]}}