{"id":57139,"date":"2024-10-21T10:31:50","date_gmt":"2024-10-21T07:31:50","guid":{"rendered":"https:\/\/old.elusvali.ee\/product\/antinksciu-sveikata-60-kapsuliu-gaia-herbs\/"},"modified":"2025-06-08T10:29:25","modified_gmt":"2025-06-08T07:29:25","slug":"adrenal-health-antinksciu-sveikata-60-kapsuliu-gaia-herbs","status":"publish","type":"product","link":"https:\/\/old.elusvali.ee\/lt\/prek\u0117\/adrenal-health-antinksciu-sveikata-60-kapsuliu-gaia-herbs\/","title":{"rendered":"Adrenal Health &#8211; kasdien\u0117 antinks\u010di\u0173 sveikata &#8211; 60 kapsuli\u0173 | Gaia Herbs"},"content":{"rendered":"<h3>Palaikykite savo antinks\u010dius su gamtos galia<\/h3>\n<p>Ekologi\u0161kos avi\u017eos, u\u017eaugintos laikantis auk\u0161\u010diausi\u0173 kokyb\u0117s standart\u0173, auginamos Gaia Herbs \u016bkyje \u0160iaur\u0117s Karolinoje, JAV. Jos harmoningai dera su tausojan\u010diu b\u016bdu surinktomis vaista\u017eol\u0117mis: rausvosios rodiol\u0117s (Rhodiola rosea) i\u0161 diding\u0173 Altajaus kaln\u0173 ir siauralapis bazilikas (Holy basil), kur\u012f tvarumo ir s\u0105\u017einingos prekybos principais augina Gaia Herbs partneriai i\u0161 Indijos.<\/p>\n<div>\n<div class=\"metafield-rich_text_field\">\n<h4 class=\"text-card__title\">Subalansuojantis gydan\u010di\u0173 augal\u0173 mi\u0161inys jums, kai neberandate sau vietos<\/h4>\n<ul>\n<li class=\"text-card__description\"><strong>Kai patiriate stres\u0105, naudokite \u0161\u012f papild\u0105, kuris pad\u0117s palaikyti antinks\u010di\u0173 veikl\u0105 ir palaikyti ger\u0105 savijaut\u0105.<\/strong> Antinks\u010di\u0173 sveikata turi \u012ftakos tam, kaip m\u016bs\u0173 organizmas susidoroja su stresu. Palaikydami antinks\u010di\u0173 liaukas \u012ftemptu gyvenimo laikotarpiu, labai pad\u0117site savo organizmui.<\/li>\n<li class=\"text-card__description\"><strong>Sud\u0117tyje yra ro\u017e\u0117mis kvepian\u010dio auksabarzd\u017eio, \u0161ventojo baziliko, a\u0161vagandos ir citrinin\u0117s verbenos.<\/strong> \u0160is sinergi\u0161kai veikiantis adaptogenini\u0173 \u017eoleli\u0173 mi\u0161inys padeda subalansuoti energijos lyg\u012f ir suma\u017einti stres\u0105.<\/li>\n<li class=\"text-card__description\"><strong>Tradicin\u0117s vaista\u017eol\u0117s stresui \u012fveikti.<\/strong> Mi\u0161inys, padedantis palaikyti energijos atsargas ir gyvybingum\u0105.<\/li>\n<\/ul>\n<p>&nbsp;<\/p>\n<\/div>\n<\/div>\n<div class=\"buybox__description\">\n<div class=\"shogun-root\" data-shogun-id=\"62e41aa5e1367b010dded858\" data-shogun-site-id=\"83f2073e-d896-443b-8623-cda4ae3f6457\" data-shogun-page-id=\"62e41aa5e1367b010dded858\" data-shogun-page-version-id=\"62e41aa5e1367b010dded857\" data-shogun-platform-type=\"shopify\" data-shogun-variant-id=\"62e41aa5e1367b010dded859\" data-region=\"main\">\n<div id=\"s-5fa8d8d9-cb4f-41ad-985f-fb92668efc07\" class=\"shg-c\">\n<p class=\"gt-block\"><strong>Koncentracija:<\/strong> vienoje 2 kapsuli\u0173 doz\u0117je yra 6 mg rozavin\u0173 ir 3,86 mg eugenolio.<\/p>\n<p class=\"gt-block\"><strong>Vartojimas:<\/strong> suaugusiesiems 2 kapsul\u0117s ryte. Taip pat galite gerti po 2 kapsules po piet\u0173, jei reikia papildomos paramos.<\/p>\n<p class=\"feature-herbs__other-ingredients feature-herbs__other-ingredients--desktop-center feature-herbs__other-ingredients--tablet-center\"><b>Kitos sudedamosios dalys:<\/b> augalinis glicerinas, vegani\u0161ka kapsul\u0117 (hipromelioz\u0117), vanduo ir alyvuogi\u0173 aliejus.<\/p>\n<p class=\"feature-herbs__non-ingredients feature-herbs__other-ingredients--desktop-center feature-herbs__other-ingredients--tablet-center\"><b>Sud\u0117tyje n\u0117ra:<\/b> kukur\u016bz\u0173, pieno produkt\u0173, glitimo, rie\u0161ut\u0173, v\u0117\u017eiagyvi\u0173, sojos, prid\u0117tinio cukraus, mieli\u0173. Visi Gaia Herbs produktai yra patikrinami d\u0117l pesticid\u0173, mikrob\u0173 ir sunki\u0173j\u0173 metal\u0173.<\/p>\n<p><strong>Svarbu \u017einoti:<\/strong> ro\u017e\u0117mis kvepian\u010di\u0173 krien\u0173 negalima vartoti \u017emon\u0117ms, sergantiems bipoliniu sutrikimu.<\/p>\n<\/div>\n<\/div>\n<\/div>\n","protected":false},"excerpt":{"rendered":"<div class=\"buybox__description\">\n<div class=\"shogun-root\" data-shogun-id=\"62e41aa5e1367b010dded858\" data-shogun-site-id=\"83f2073e-d896-443b-8623-cda4ae3f6457\" data-shogun-page-id=\"62e41aa5e1367b010dded858\" data-shogun-page-version-id=\"62e41aa5e1367b010dded857\" data-shogun-platform-type=\"shopify\" data-shogun-variant-id=\"62e41aa5e1367b010dded859\" data-region=\"main\">\n<div id=\"s-5fa8d8d9-cb4f-41ad-985f-fb92668efc07\" class=\"shg-c\">\n<p class=\"p1\"><span class=\"s1\">Maisto papildas antinks\u010di\u0173 sveikatai &#8211; tai tradicini\u0173 vaista\u017eoli\u0173 mi\u0161inys, padedantis organizmui streso ir pervargimo metu. <\/span><\/p>\n<\/div>\n<\/div>\n<\/div>\n<div class=\"buybox__highlights\">\n<ul class=\"buybox__highlights-list\">\n<li class=\"buybox__highlights-item\">Kasdien\u0117 parama \u012ftemptais gyvenimo laikotarpiais.<\/li>\n<li class=\"buybox__highlights-item\">Sud\u0117tyje yra penki adaptogenai: rausvosios rodiol\u0117s (Rhodiola rosea), siauralapis bazilikas (Holy basil), a\u0161vaganda, kininis citrinvytis (Schisandra) ir avi\u017e\u0173 s\u0117kl\u0173 ekstraktas.<\/li>\n<li class=\"buybox__highlights-item\">\u0160imtme\u010dius naudotos efektyvios vaista\u017eol\u0117s prisitaiko prie j\u016bs\u0173 organizmo ir padeda geriau \u012fveikti stres\u0105.<\/li>\n<\/ul>\n<\/div>\n","protected":false},"featured_media":51764,"comment_status":"open","ping_status":"closed","template":"","meta":{"_acf_changed":false},"product_brand":[],"product_cat":[728,499,473],"product_tag":[729,477],"class_list":{"0":"post-57139","1":"product","2":"type-product","3":"status-publish","4":"has-post-thumbnail","6":"product_cat-energija","7":"product_cat-kunui","8":"product_cat-maisto-papildai","9":"product_tag-gaia-herbs-lt","10":"product_tag-kapsules","12":"first","13":"outofstock","14":"taxable","15":"shipping-taxable","16":"purchasable","17":"product-type-simple"},"acf":[],"yoast_head":"<!-- This site is optimized with the Yoast SEO plugin v25.3.1 - https:\/\/yoast.com\/wordpress\/plugins\/seo\/ -->\n<title>Adrenal Health - kasdien\u0117 antinks\u010di\u0173 sveikata - 60 kapsuli\u0173 | Gaia Herbs - Pure Nature<\/title>\n<meta name=\"robots\" content=\"noindex, follow, max-snippet:-1, max-image-preview:large, max-video-preview:-1\" \/>\n<meta property=\"og:locale\" content=\"lt_LT\" \/>\n<meta property=\"og:type\" content=\"article\" \/>\n<meta property=\"og:title\" content=\"Adrenal Health - kasdien\u0117 antinks\u010di\u0173 sveikata - 60 kapsuli\u0173 | Gaia Herbs - Pure Nature\" \/>\n<meta property=\"og:description\" content=\"Maisto papildas antinks\u010di\u0173 sveikatai - tai tradicini\u0173 vaista\u017eoli\u0173 mi\u0161inys, padedantis organizmui streso ir pervargimo metu.         Kasdien\u0117 parama \u012ftemptais gyvenimo laikotarpiais.  Sud\u0117tyje yra penki adaptogenai: rausvosios rodiol\u0117s (Rhodiola rosea), siauralapis bazilikas (Holy basil), a\u0161vaganda, kininis citrinvytis (Schisandra) ir avi\u017e\u0173 s\u0117kl\u0173 ekstraktas.  \u0160imtme\u010dius naudotos efektyvios vaista\u017eol\u0117s prisitaiko prie j\u016bs\u0173 organizmo ir padeda geriau \u012fveikti stres\u0105.\" \/>\n<meta property=\"og:url\" content=\"https:\/\/old.elusvali.ee\/lt\/prek\u0117\/adrenal-health-antinksciu-sveikata-60-kapsuliu-gaia-herbs\/\" \/>\n<meta property=\"og:site_name\" content=\"Elusv&auml;li\" \/>\n<meta property=\"article:publisher\" content=\"https:\/\/www.facebook.com\/profile.php?id=100064131067985\" \/>\n<meta property=\"article:modified_time\" content=\"2025-06-08T07:29:25+00:00\" \/>\n<meta property=\"og:image\" content=\"https:\/\/purenature.lt\/wp-content\/uploads\/2024\/10\/Adrenal-Health-Gaia-Herbs.webp\" \/>\n\t<meta property=\"og:image:width\" content=\"1060\" \/>\n\t<meta property=\"og:image:height\" content=\"1060\" \/>\n\t<meta property=\"og:image:type\" content=\"image\/webp\" \/>\n<meta name=\"twitter:card\" content=\"summary_large_image\" \/>\n<meta name=\"twitter:label1\" content=\"Est. reading time\" \/>\n\t<meta name=\"twitter:data1\" content=\"1 minut\u0117\" \/>\n<script type=\"application\/ld+json\" class=\"yoast-schema-graph\">{\"@context\":\"https:\/\/schema.org\",\"@graph\":[{\"@type\":\"WebPage\",\"@id\":\"https:\/\/old.elusvali.ee\/lt\/prek\u0117\/adrenal-health-antinksciu-sveikata-60-kapsuliu-gaia-herbs\/\",\"url\":\"https:\/\/old.elusvali.ee\/lt\/prek\u0117\/adrenal-health-antinksciu-sveikata-60-kapsuliu-gaia-herbs\/\",\"name\":\"Adrenal Health - kasdien\u0117 antinks\u010di\u0173 sveikata - 60 kapsuli\u0173 | Gaia Herbs - Pure Nature\",\"isPartOf\":{\"@id\":\"https:\/\/old.elusvali.ee\/lt\/#website\"},\"primaryImageOfPage\":{\"@id\":\"https:\/\/old.elusvali.ee\/lt\/prek\u0117\/adrenal-health-antinksciu-sveikata-60-kapsuliu-gaia-herbs\/#primaryimage\"},\"image\":{\"@id\":\"https:\/\/old.elusvali.ee\/lt\/prek\u0117\/adrenal-health-antinksciu-sveikata-60-kapsuliu-gaia-herbs\/#primaryimage\"},\"thumbnailUrl\":\"https:\/\/old.elusvali.ee\/wp-content\/uploads\/2024\/10\/Adrenal-Health-Gaia-Herbs.webp\",\"datePublished\":\"2024-10-21T07:31:50+00:00\",\"dateModified\":\"2025-06-08T07:29:25+00:00\",\"breadcrumb\":{\"@id\":\"https:\/\/old.elusvali.ee\/lt\/prek\u0117\/adrenal-health-antinksciu-sveikata-60-kapsuliu-gaia-herbs\/#breadcrumb\"},\"inLanguage\":\"lt-LT\",\"potentialAction\":[{\"@type\":\"ReadAction\",\"target\":[\"https:\/\/old.elusvali.ee\/lt\/prek\u0117\/adrenal-health-antinksciu-sveikata-60-kapsuliu-gaia-herbs\/\"]}]},{\"@type\":\"ImageObject\",\"inLanguage\":\"lt-LT\",\"@id\":\"https:\/\/old.elusvali.ee\/lt\/prek\u0117\/adrenal-health-antinksciu-sveikata-60-kapsuliu-gaia-herbs\/#primaryimage\",\"url\":\"https:\/\/old.elusvali.ee\/wp-content\/uploads\/2024\/10\/Adrenal-Health-Gaia-Herbs.webp\",\"contentUrl\":\"https:\/\/old.elusvali.ee\/wp-content\/uploads\/2024\/10\/Adrenal-Health-Gaia-Herbs.webp\",\"width\":1060,\"height\":1060,\"caption\":\"Gaia Herbs antiksciu sveikatai\"},{\"@type\":\"BreadcrumbList\",\"@id\":\"https:\/\/old.elusvali.ee\/lt\/prek\u0117\/adrenal-health-antinksciu-sveikata-60-kapsuliu-gaia-herbs\/#breadcrumb\",\"itemListElement\":[{\"@type\":\"ListItem\",\"position\":1,\"name\":\"Home\",\"item\":\"https:\/\/old.elusvali.ee\/lt\/\"},{\"@type\":\"ListItem\",\"position\":2,\"name\":\"Elektronin\u0117 parduotuv\u0117\",\"item\":\"https:\/\/purenature.lt\/parduotuve\/\"},{\"@type\":\"ListItem\",\"position\":3,\"name\":\"Adrenal Health &#8211; kasdien\u0117 antinks\u010di\u0173 sveikata &#8211; 60 kapsuli\u0173 | Gaia Herbs\"}]},{\"@type\":\"WebSite\",\"@id\":\"https:\/\/old.elusvali.ee\/lt\/#website\",\"url\":\"https:\/\/old.elusvali.ee\/lt\/\",\"name\":\"Elusv\u00e4li\",\"description\":\"Puhas k&ouml;&ouml;k ja koduapteek\",\"publisher\":{\"@id\":\"https:\/\/old.elusvali.ee\/lt\/#organization\"},\"potentialAction\":[{\"@type\":\"SearchAction\",\"target\":{\"@type\":\"EntryPoint\",\"urlTemplate\":\"https:\/\/old.elusvali.ee\/lt\/?s={search_term_string}\"},\"query-input\":{\"@type\":\"PropertyValueSpecification\",\"valueRequired\":true,\"valueName\":\"search_term_string\"}}],\"inLanguage\":\"lt-LT\"},{\"@type\":\"Organization\",\"@id\":\"https:\/\/old.elusvali.ee\/lt\/#organization\",\"name\":\"Elusv\u00e4li\",\"url\":\"https:\/\/old.elusvali.ee\/lt\/\",\"logo\":{\"@type\":\"ImageObject\",\"inLanguage\":\"lt-LT\",\"@id\":\"https:\/\/old.elusvali.ee\/lt\/#\/schema\/logo\/image\/\",\"url\":\"https:\/\/purenature.lt\/wp-content\/uploads\/2023\/07\/logo.png\",\"contentUrl\":\"https:\/\/purenature.lt\/wp-content\/uploads\/2023\/07\/logo.png\",\"width\":526,\"height\":146,\"caption\":\"Elusv\u00e4li\"},\"image\":{\"@id\":\"https:\/\/old.elusvali.ee\/lt\/#\/schema\/logo\/image\/\"},\"sameAs\":[\"https:\/\/www.facebook.com\/profile.php?id=100064131067985\",\"https:\/\/www.instagram.com\/elusvali\/\",\"https:\/\/www.youtube.com\/@elusvali2110\"]}]}<\/script>\n<!-- \/ Yoast SEO plugin. -->","yoast_head_json":{"title":"Adrenal Health - kasdien\u0117 antinks\u010di\u0173 sveikata - 60 kapsuli\u0173 | Gaia Herbs - Pure Nature","robots":{"index":"noindex","follow":"follow","max-snippet":"max-snippet:-1","max-image-preview":"max-image-preview:large","max-video-preview":"max-video-preview:-1"},"og_locale":"lt_LT","og_type":"article","og_title":"Adrenal Health - kasdien\u0117 antinks\u010di\u0173 sveikata - 60 kapsuli\u0173 | Gaia Herbs - Pure Nature","og_description":"Maisto papildas antinks\u010di\u0173 sveikatai - tai tradicini\u0173 vaista\u017eoli\u0173 mi\u0161inys, padedantis organizmui streso ir pervargimo metu.         Kasdien\u0117 parama \u012ftemptais gyvenimo laikotarpiais.  Sud\u0117tyje yra penki adaptogenai: rausvosios rodiol\u0117s (Rhodiola rosea), siauralapis bazilikas (Holy basil), a\u0161vaganda, kininis citrinvytis (Schisandra) ir avi\u017e\u0173 s\u0117kl\u0173 ekstraktas.  \u0160imtme\u010dius naudotos efektyvios vaista\u017eol\u0117s prisitaiko prie j\u016bs\u0173 organizmo ir padeda geriau \u012fveikti stres\u0105.","og_url":"https:\/\/old.elusvali.ee\/lt\/prek\u0117\/adrenal-health-antinksciu-sveikata-60-kapsuliu-gaia-herbs\/","og_site_name":"Elusv&auml;li","article_publisher":"https:\/\/www.facebook.com\/profile.php?id=100064131067985","article_modified_time":"2025-06-08T07:29:25+00:00","og_image":[{"width":1060,"height":1060,"url":"https:\/\/purenature.lt\/wp-content\/uploads\/2024\/10\/Adrenal-Health-Gaia-Herbs.webp","type":"image\/webp"}],"twitter_card":"summary_large_image","twitter_misc":{"Est. reading time":"1 minut\u0117"},"schema":{"@context":"https:\/\/schema.org","@graph":[{"@type":"WebPage","@id":"https:\/\/old.elusvali.ee\/lt\/prek\u0117\/adrenal-health-antinksciu-sveikata-60-kapsuliu-gaia-herbs\/","url":"https:\/\/old.elusvali.ee\/lt\/prek\u0117\/adrenal-health-antinksciu-sveikata-60-kapsuliu-gaia-herbs\/","name":"Adrenal Health - kasdien\u0117 antinks\u010di\u0173 sveikata - 60 kapsuli\u0173 | Gaia Herbs - Pure Nature","isPartOf":{"@id":"https:\/\/old.elusvali.ee\/lt\/#website"},"primaryImageOfPage":{"@id":"https:\/\/old.elusvali.ee\/lt\/prek\u0117\/adrenal-health-antinksciu-sveikata-60-kapsuliu-gaia-herbs\/#primaryimage"},"image":{"@id":"https:\/\/old.elusvali.ee\/lt\/prek\u0117\/adrenal-health-antinksciu-sveikata-60-kapsuliu-gaia-herbs\/#primaryimage"},"thumbnailUrl":"https:\/\/old.elusvali.ee\/wp-content\/uploads\/2024\/10\/Adrenal-Health-Gaia-Herbs.webp","datePublished":"2024-10-21T07:31:50+00:00","dateModified":"2025-06-08T07:29:25+00:00","breadcrumb":{"@id":"https:\/\/old.elusvali.ee\/lt\/prek\u0117\/adrenal-health-antinksciu-sveikata-60-kapsuliu-gaia-herbs\/#breadcrumb"},"inLanguage":"lt-LT","potentialAction":[{"@type":"ReadAction","target":["https:\/\/old.elusvali.ee\/lt\/prek\u0117\/adrenal-health-antinksciu-sveikata-60-kapsuliu-gaia-herbs\/"]}]},{"@type":"ImageObject","inLanguage":"lt-LT","@id":"https:\/\/old.elusvali.ee\/lt\/prek\u0117\/adrenal-health-antinksciu-sveikata-60-kapsuliu-gaia-herbs\/#primaryimage","url":"https:\/\/old.elusvali.ee\/wp-content\/uploads\/2024\/10\/Adrenal-Health-Gaia-Herbs.webp","contentUrl":"https:\/\/old.elusvali.ee\/wp-content\/uploads\/2024\/10\/Adrenal-Health-Gaia-Herbs.webp","width":1060,"height":1060,"caption":"Gaia Herbs antiksciu sveikatai"},{"@type":"BreadcrumbList","@id":"https:\/\/old.elusvali.ee\/lt\/prek\u0117\/adrenal-health-antinksciu-sveikata-60-kapsuliu-gaia-herbs\/#breadcrumb","itemListElement":[{"@type":"ListItem","position":1,"name":"Home","item":"https:\/\/old.elusvali.ee\/lt\/"},{"@type":"ListItem","position":2,"name":"Elektronin\u0117 parduotuv\u0117","item":"https:\/\/purenature.lt\/parduotuve\/"},{"@type":"ListItem","position":3,"name":"Adrenal Health &#8211; kasdien\u0117 antinks\u010di\u0173 sveikata &#8211; 60 kapsuli\u0173 | Gaia Herbs"}]},{"@type":"WebSite","@id":"https:\/\/old.elusvali.ee\/lt\/#website","url":"https:\/\/old.elusvali.ee\/lt\/","name":"Elusv\u00e4li","description":"Puhas k&ouml;&ouml;k ja koduapteek","publisher":{"@id":"https:\/\/old.elusvali.ee\/lt\/#organization"},"potentialAction":[{"@type":"SearchAction","target":{"@type":"EntryPoint","urlTemplate":"https:\/\/old.elusvali.ee\/lt\/?s={search_term_string}"},"query-input":{"@type":"PropertyValueSpecification","valueRequired":true,"valueName":"search_term_string"}}],"inLanguage":"lt-LT"},{"@type":"Organization","@id":"https:\/\/old.elusvali.ee\/lt\/#organization","name":"Elusv\u00e4li","url":"https:\/\/old.elusvali.ee\/lt\/","logo":{"@type":"ImageObject","inLanguage":"lt-LT","@id":"https:\/\/old.elusvali.ee\/lt\/#\/schema\/logo\/image\/","url":"https:\/\/purenature.lt\/wp-content\/uploads\/2023\/07\/logo.png","contentUrl":"https:\/\/purenature.lt\/wp-content\/uploads\/2023\/07\/logo.png","width":526,"height":146,"caption":"Elusv\u00e4li"},"image":{"@id":"https:\/\/old.elusvali.ee\/lt\/#\/schema\/logo\/image\/"},"sameAs":["https:\/\/www.facebook.com\/profile.php?id=100064131067985","https:\/\/www.instagram.com\/elusvali\/","https:\/\/www.youtube.com\/@elusvali2110"]}]}},"_links":{"self":[{"href":"https:\/\/old.elusvali.ee\/lt\/wp-json\/wp\/v2\/product\/57139","targetHints":{"allow":["GET"]}}],"collection":[{"href":"https:\/\/old.elusvali.ee\/lt\/wp-json\/wp\/v2\/product"}],"about":[{"href":"https:\/\/old.elusvali.ee\/lt\/wp-json\/wp\/v2\/types\/product"}],"replies":[{"embeddable":true,"href":"https:\/\/old.elusvali.ee\/lt\/wp-json\/wp\/v2\/comments?post=57139"}],"version-history":[{"count":3,"href":"https:\/\/old.elusvali.ee\/lt\/wp-json\/wp\/v2\/product\/57139\/revisions"}],"predecessor-version":[{"id":57152,"href":"https:\/\/old.elusvali.ee\/lt\/wp-json\/wp\/v2\/product\/57139\/revisions\/57152"}],"wp:featuredmedia":[{"embeddable":true,"href":"https:\/\/old.elusvali.ee\/lt\/wp-json\/wp\/v2\/media\/51764"}],"wp:attachment":[{"href":"https:\/\/old.elusvali.ee\/lt\/wp-json\/wp\/v2\/media?parent=57139"}],"wp:term":[{"taxonomy":"product_brand","embeddable":true,"href":"https:\/\/old.elusvali.ee\/lt\/wp-json\/wp\/v2\/product_brand?post=57139"},{"taxonomy":"product_cat","embeddable":true,"href":"https:\/\/old.elusvali.ee\/lt\/wp-json\/wp\/v2\/product_cat?post=57139"},{"taxonomy":"product_tag","embeddable":true,"href":"https:\/\/old.elusvali.ee\/lt\/wp-json\/wp\/v2\/product_tag?post=57139"}],"curies":[{"name":"wp","href":"https:\/\/api.w.org\/{rel}","templated":true}]}}