{"id":57134,"date":"2024-10-21T06:51:05","date_gmt":"2024-10-21T03:51:05","guid":{"rendered":"https:\/\/old.elusvali.ee\/product\/kepenu-sveikata-60-kapsuliu-gaia-herbs\/"},"modified":"2025-05-07T12:10:57","modified_gmt":"2025-05-07T09:10:57","slug":"liver-health-kepenu-sveikata-60-kapsuliu-gaia-herbs","status":"publish","type":"product","link":"https:\/\/old.elusvali.ee\/lt\/prek\u0117\/liver-health-kepenu-sveikata-60-kapsuliu-gaia-herbs\/","title":{"rendered":"Liver Health &#8211; kepen\u0173 sveikata &#8211; 60 kapsuli\u0173 | Gaia Herbs"},"content":{"rendered":"<p>Vienas i\u0161 svarbiausi\u0173 k\u016bno organ\u0173 &#8211; kepenys &#8211; yra labai svarbus gerai \u017emogaus sveikatai. Kepenys atlieka daugiau kaip 2000 \u012fvairi\u0173 biochemini\u0173 funkcij\u0173, \u012fskaitant toksini\u0173 med\u017eiag\u0173 filtravim\u0105 i\u0161 kraujo ir organizmo, \u012fvairi\u0173 maistini\u0173 med\u017eiag\u0173 perdirbim\u0105 ir saugojim\u0105, vitamin\u0173 \u012fsisavinim\u0105 ir reguliavim\u0105, smegen\u0173 ir \u0161irdies apsaug\u0105 nuo toksini\u0173 med\u017eiag\u0173 kaupimosi. Silpnesn\u0117 kepen\u0173 sveikata gali netur\u0117ti tiesiogini\u0173 ir suprantam\u0173 pasekmi\u0173 m\u016bs\u0173 sveikatai, ta\u010diau ilgainiui ji gali tapti \u012fvairi\u0173 sveikatos problem\u0173 pagrindu. Gaia Herbs <strong>Kepen\u0173 sveikata<\/strong> &#8211; tai specialus \u017eoleli\u0173 mi\u0161inys, kuris kasdien palaiko kepen\u0173 funkcij\u0105 ir padeda u\u017etikrinti ilgalaik\u0119 ger\u0105 savijaut\u0105.<\/p>\n<h2>5 galingi, sinergi\u0161kai veikiantys ir biochemi\u0161kai aktyv\u016bs ingredientai<\/h2>\n<p>Gaia Herbs Kepen\u0173 sveikata kapsul\u0117s yra pagamintos i\u0161 penki\u0173 \u017eoleli\u0173, tarp kuri\u0173 yra:<\/p>\n<ul>\n<li><strong>tikrasis margainis<\/strong><\/li>\n<li><strong>ciber\u017eol\u0117<\/strong><\/li>\n<li><strong>kininis citrinvytis (schisandra)<\/strong><\/li>\n<li><b>saldymed\u017eio \u0161aknis<\/b><\/li>\n<\/ul>\n<p>\u0160ios vaista\u017eol\u0117s jau t\u016bkstan\u010dius met\u0173 \u012fvairiose kult\u016brose vartojamos gerai k\u016bno ir proto sveikatai palaikyti, ir visos jos pasi\u017eymi stipriomis kepen\u0173 sveikatinimo savyb\u0117mis.<\/p>\n<h3>Kaip vartoti Kepen\u0173 sveikatos maisto papild\u0105?<\/h3>\n<ul>\n<li><strong>Vartojimo b\u016bdas:<\/strong> suaugusiesiems po 1 kapsul\u0119 per dien\u0105 su vandeniu 2 kartus per dien\u0105 tarp valgym\u0173. I\u0161 viso 30 dozi\u0173 indelyje.<\/li>\n<li><strong>Laikymas: <\/strong>laikykite produkt\u0105 v\u0117sioje ir tamsioje, atokiau nuo tiesiogini\u0173 saul\u0117s spinduli\u0173, bei vaikams nepasiekiamoje vietoje. Pavyzd\u017eiui, u\u017edaroje virtuv\u0117s spintel\u0117je.\u00a0<em><br \/>\n<\/em><\/li>\n<li><strong>Kontraindikacijos<\/strong>: nevartoti n\u0117\u0161tumo ir \u017eindymo laikotarpiu arba jei vartojate vaistus.<\/li>\n<\/ul>\n<p>K<strong>oncentracija:<\/strong> 1 kapsul\u0117je yra 3850 mg d\u017eiovint\u0173 vaista\u017eoli\u0173.<\/p>\n<p><b>Kitos sudedamosios dalys:\u00a0<\/b><\/p>\n<p class=\"gt-block\"><b>Sud\u0117tyje n\u0117ra:<\/b> kukur\u016bz\u0173, pieno produkt\u0173, glitimo, rie\u0161ut\u0173, v\u0117\u017eiagyvi\u0173, sojos, prid\u0117tinio cukraus, mieli\u0173. Visi Gaia Herbs produktai yra patikrinami d\u0117l pesticid\u0173, mikrob\u0173 ir sunki\u0173j\u0173 metal\u0173.<\/p>\n","protected":false},"excerpt":{"rendered":"<div class=\"buybox__description\">\n<p class=\"p1\"><span class=\"s1\">Gaia Herbs maisto papildas kepen\u0173 sveikatai kasdien padeda palaikyti ger\u0105 savijaut\u0105. <\/span><\/p>\n<\/div>\n<div class=\"buybox__highlights\">\n<ul class=\"buybox__highlights-list\">\n<li class=\"buybox__highlights-item\">Kasdien\u0117 parama kepenims.<\/li>\n<li class=\"buybox__highlights-item\">Tikrasis margainis, ciber\u017eol\u0117, kininis citrinvytis (schisandra), saldyme\u017eio \u0161aknis.<\/li>\n<li class=\"buybox__highlights-item\">Puikus vaista\u017eoli\u0173 mi\u0161inys, u\u017etikrinantis ilgalaik\u0119 gerov\u0119 kepenims.<\/li>\n<\/ul>\n<\/div>\n","protected":false},"featured_media":51961,"comment_status":"open","ping_status":"closed","template":"","meta":{"_acf_changed":false},"product_brand":[],"product_cat":[496,499,473],"product_tag":[729,477],"class_list":{"0":"post-57134","1":"product","2":"type-product","3":"status-publish","4":"has-post-thumbnail","6":"product_cat-kepenu-sveikata","7":"product_cat-kunui","8":"product_cat-maisto-papildai","9":"product_tag-gaia-herbs-lt","10":"product_tag-kapsules","12":"first","13":"outofstock","14":"taxable","15":"shipping-taxable","16":"purchasable","17":"product-type-simple"},"acf":[],"yoast_head":"<!-- This site is optimized with the Yoast SEO plugin v25.3.1 - https:\/\/yoast.com\/wordpress\/plugins\/seo\/ -->\n<title>Liver Health - kepen\u0173 sveikata - 60 kapsuli\u0173 | Gaia Herbs - Pure Nature<\/title>\n<meta name=\"robots\" content=\"noindex, follow, max-snippet:-1, max-image-preview:large, max-video-preview:-1\" \/>\n<meta property=\"og:locale\" content=\"lt_LT\" \/>\n<meta property=\"og:type\" content=\"article\" \/>\n<meta property=\"og:title\" content=\"Liver Health - kepen\u0173 sveikata - 60 kapsuli\u0173 | Gaia Herbs - Pure Nature\" \/>\n<meta property=\"og:description\" content=\"Gaia Herbs maisto papildas kepen\u0173 sveikatai kasdien padeda palaikyti ger\u0105 savijaut\u0105.       Kasdien\u0117 parama kepenims.  Tikrasis margainis, ciber\u017eol\u0117, kininis citrinvytis (schisandra), saldyme\u017eio \u0161aknis.  Puikus vaista\u017eoli\u0173 mi\u0161inys, u\u017etikrinantis ilgalaik\u0119 gerov\u0119 kepenims.\" \/>\n<meta property=\"og:url\" content=\"https:\/\/old.elusvali.ee\/lt\/prek\u0117\/liver-health-kepenu-sveikata-60-kapsuliu-gaia-herbs\/\" \/>\n<meta property=\"og:site_name\" content=\"Elusv&auml;li\" \/>\n<meta property=\"article:publisher\" content=\"https:\/\/www.facebook.com\/profile.php?id=100064131067985\" \/>\n<meta property=\"article:modified_time\" content=\"2025-05-07T09:10:57+00:00\" \/>\n<meta property=\"og:image\" content=\"https:\/\/old.elusvali.ee\/wp-content\/uploads\/2024\/10\/Liver-Health-Gaia-Herbs.webp\" \/>\n\t<meta property=\"og:image:width\" content=\"1060\" \/>\n\t<meta property=\"og:image:height\" content=\"1060\" \/>\n\t<meta property=\"og:image:type\" content=\"image\/webp\" \/>\n<meta name=\"twitter:card\" content=\"summary_large_image\" \/>\n<meta name=\"twitter:label1\" content=\"Est. reading time\" \/>\n\t<meta name=\"twitter:data1\" content=\"1 minut\u0117\" \/>\n<script type=\"application\/ld+json\" class=\"yoast-schema-graph\">{\"@context\":\"https:\/\/schema.org\",\"@graph\":[{\"@type\":\"WebPage\",\"@id\":\"https:\/\/old.elusvali.ee\/lt\/prek\u0117\/liver-health-kepenu-sveikata-60-kapsuliu-gaia-herbs\/\",\"url\":\"https:\/\/old.elusvali.ee\/lt\/prek\u0117\/liver-health-kepenu-sveikata-60-kapsuliu-gaia-herbs\/\",\"name\":\"Liver Health - kepen\u0173 sveikata - 60 kapsuli\u0173 | Gaia Herbs - Pure Nature\",\"isPartOf\":{\"@id\":\"https:\/\/old.elusvali.ee\/lt\/#website\"},\"primaryImageOfPage\":{\"@id\":\"https:\/\/old.elusvali.ee\/lt\/prek\u0117\/liver-health-kepenu-sveikata-60-kapsuliu-gaia-herbs\/#primaryimage\"},\"image\":{\"@id\":\"https:\/\/old.elusvali.ee\/lt\/prek\u0117\/liver-health-kepenu-sveikata-60-kapsuliu-gaia-herbs\/#primaryimage\"},\"thumbnailUrl\":\"https:\/\/old.elusvali.ee\/wp-content\/uploads\/2024\/10\/Liver-Health-Gaia-Herbs.webp\",\"datePublished\":\"2024-10-21T03:51:05+00:00\",\"dateModified\":\"2025-05-07T09:10:57+00:00\",\"breadcrumb\":{\"@id\":\"https:\/\/old.elusvali.ee\/lt\/prek\u0117\/liver-health-kepenu-sveikata-60-kapsuliu-gaia-herbs\/#breadcrumb\"},\"inLanguage\":\"lt-LT\",\"potentialAction\":[{\"@type\":\"ReadAction\",\"target\":[\"https:\/\/old.elusvali.ee\/lt\/prek\u0117\/liver-health-kepenu-sveikata-60-kapsuliu-gaia-herbs\/\"]}]},{\"@type\":\"ImageObject\",\"inLanguage\":\"lt-LT\",\"@id\":\"https:\/\/old.elusvali.ee\/lt\/prek\u0117\/liver-health-kepenu-sveikata-60-kapsuliu-gaia-herbs\/#primaryimage\",\"url\":\"https:\/\/old.elusvali.ee\/wp-content\/uploads\/2024\/10\/Liver-Health-Gaia-Herbs.webp\",\"contentUrl\":\"https:\/\/old.elusvali.ee\/wp-content\/uploads\/2024\/10\/Liver-Health-Gaia-Herbs.webp\",\"width\":1060,\"height\":1060,\"caption\":\"Gaia herbs maisto papildas kepenims\"},{\"@type\":\"BreadcrumbList\",\"@id\":\"https:\/\/old.elusvali.ee\/lt\/prek\u0117\/liver-health-kepenu-sveikata-60-kapsuliu-gaia-herbs\/#breadcrumb\",\"itemListElement\":[{\"@type\":\"ListItem\",\"position\":1,\"name\":\"Home\",\"item\":\"https:\/\/old.elusvali.ee\/lt\/\"},{\"@type\":\"ListItem\",\"position\":2,\"name\":\"Elektronin\u0117 parduotuv\u0117\",\"item\":\"https:\/\/purenature.lt\/parduotuve\/\"},{\"@type\":\"ListItem\",\"position\":3,\"name\":\"Liver Health &#8211; kepen\u0173 sveikata &#8211; 60 kapsuli\u0173 | Gaia Herbs\"}]},{\"@type\":\"WebSite\",\"@id\":\"https:\/\/old.elusvali.ee\/lt\/#website\",\"url\":\"https:\/\/old.elusvali.ee\/lt\/\",\"name\":\"Elusv\u00e4li\",\"description\":\"Puhas k&ouml;&ouml;k ja koduapteek\",\"publisher\":{\"@id\":\"https:\/\/old.elusvali.ee\/lt\/#organization\"},\"potentialAction\":[{\"@type\":\"SearchAction\",\"target\":{\"@type\":\"EntryPoint\",\"urlTemplate\":\"https:\/\/old.elusvali.ee\/lt\/?s={search_term_string}\"},\"query-input\":{\"@type\":\"PropertyValueSpecification\",\"valueRequired\":true,\"valueName\":\"search_term_string\"}}],\"inLanguage\":\"lt-LT\"},{\"@type\":\"Organization\",\"@id\":\"https:\/\/old.elusvali.ee\/lt\/#organization\",\"name\":\"Elusv\u00e4li\",\"url\":\"https:\/\/old.elusvali.ee\/lt\/\",\"logo\":{\"@type\":\"ImageObject\",\"inLanguage\":\"lt-LT\",\"@id\":\"https:\/\/old.elusvali.ee\/lt\/#\/schema\/logo\/image\/\",\"url\":\"https:\/\/purenature.lt\/wp-content\/uploads\/2023\/07\/logo.png\",\"contentUrl\":\"https:\/\/purenature.lt\/wp-content\/uploads\/2023\/07\/logo.png\",\"width\":526,\"height\":146,\"caption\":\"Elusv\u00e4li\"},\"image\":{\"@id\":\"https:\/\/old.elusvali.ee\/lt\/#\/schema\/logo\/image\/\"},\"sameAs\":[\"https:\/\/www.facebook.com\/profile.php?id=100064131067985\",\"https:\/\/www.instagram.com\/elusvali\/\",\"https:\/\/www.youtube.com\/@elusvali2110\"]}]}<\/script>\n<!-- \/ Yoast SEO plugin. -->","yoast_head_json":{"title":"Liver Health - kepen\u0173 sveikata - 60 kapsuli\u0173 | Gaia Herbs - Pure Nature","robots":{"index":"noindex","follow":"follow","max-snippet":"max-snippet:-1","max-image-preview":"max-image-preview:large","max-video-preview":"max-video-preview:-1"},"og_locale":"lt_LT","og_type":"article","og_title":"Liver Health - kepen\u0173 sveikata - 60 kapsuli\u0173 | Gaia Herbs - Pure Nature","og_description":"Gaia Herbs maisto papildas kepen\u0173 sveikatai kasdien padeda palaikyti ger\u0105 savijaut\u0105.       Kasdien\u0117 parama kepenims.  Tikrasis margainis, ciber\u017eol\u0117, kininis citrinvytis (schisandra), saldyme\u017eio \u0161aknis.  Puikus vaista\u017eoli\u0173 mi\u0161inys, u\u017etikrinantis ilgalaik\u0119 gerov\u0119 kepenims.","og_url":"https:\/\/old.elusvali.ee\/lt\/prek\u0117\/liver-health-kepenu-sveikata-60-kapsuliu-gaia-herbs\/","og_site_name":"Elusv&auml;li","article_publisher":"https:\/\/www.facebook.com\/profile.php?id=100064131067985","article_modified_time":"2025-05-07T09:10:57+00:00","og_image":[{"width":1060,"height":1060,"url":"https:\/\/old.elusvali.ee\/wp-content\/uploads\/2024\/10\/Liver-Health-Gaia-Herbs.webp","type":"image\/webp"}],"twitter_card":"summary_large_image","twitter_misc":{"Est. reading time":"1 minut\u0117"},"schema":{"@context":"https:\/\/schema.org","@graph":[{"@type":"WebPage","@id":"https:\/\/old.elusvali.ee\/lt\/prek\u0117\/liver-health-kepenu-sveikata-60-kapsuliu-gaia-herbs\/","url":"https:\/\/old.elusvali.ee\/lt\/prek\u0117\/liver-health-kepenu-sveikata-60-kapsuliu-gaia-herbs\/","name":"Liver Health - kepen\u0173 sveikata - 60 kapsuli\u0173 | Gaia Herbs - Pure Nature","isPartOf":{"@id":"https:\/\/old.elusvali.ee\/lt\/#website"},"primaryImageOfPage":{"@id":"https:\/\/old.elusvali.ee\/lt\/prek\u0117\/liver-health-kepenu-sveikata-60-kapsuliu-gaia-herbs\/#primaryimage"},"image":{"@id":"https:\/\/old.elusvali.ee\/lt\/prek\u0117\/liver-health-kepenu-sveikata-60-kapsuliu-gaia-herbs\/#primaryimage"},"thumbnailUrl":"https:\/\/old.elusvali.ee\/wp-content\/uploads\/2024\/10\/Liver-Health-Gaia-Herbs.webp","datePublished":"2024-10-21T03:51:05+00:00","dateModified":"2025-05-07T09:10:57+00:00","breadcrumb":{"@id":"https:\/\/old.elusvali.ee\/lt\/prek\u0117\/liver-health-kepenu-sveikata-60-kapsuliu-gaia-herbs\/#breadcrumb"},"inLanguage":"lt-LT","potentialAction":[{"@type":"ReadAction","target":["https:\/\/old.elusvali.ee\/lt\/prek\u0117\/liver-health-kepenu-sveikata-60-kapsuliu-gaia-herbs\/"]}]},{"@type":"ImageObject","inLanguage":"lt-LT","@id":"https:\/\/old.elusvali.ee\/lt\/prek\u0117\/liver-health-kepenu-sveikata-60-kapsuliu-gaia-herbs\/#primaryimage","url":"https:\/\/old.elusvali.ee\/wp-content\/uploads\/2024\/10\/Liver-Health-Gaia-Herbs.webp","contentUrl":"https:\/\/old.elusvali.ee\/wp-content\/uploads\/2024\/10\/Liver-Health-Gaia-Herbs.webp","width":1060,"height":1060,"caption":"Gaia herbs maisto papildas kepenims"},{"@type":"BreadcrumbList","@id":"https:\/\/old.elusvali.ee\/lt\/prek\u0117\/liver-health-kepenu-sveikata-60-kapsuliu-gaia-herbs\/#breadcrumb","itemListElement":[{"@type":"ListItem","position":1,"name":"Home","item":"https:\/\/old.elusvali.ee\/lt\/"},{"@type":"ListItem","position":2,"name":"Elektronin\u0117 parduotuv\u0117","item":"https:\/\/purenature.lt\/parduotuve\/"},{"@type":"ListItem","position":3,"name":"Liver Health &#8211; kepen\u0173 sveikata &#8211; 60 kapsuli\u0173 | Gaia Herbs"}]},{"@type":"WebSite","@id":"https:\/\/old.elusvali.ee\/lt\/#website","url":"https:\/\/old.elusvali.ee\/lt\/","name":"Elusv\u00e4li","description":"Puhas k&ouml;&ouml;k ja koduapteek","publisher":{"@id":"https:\/\/old.elusvali.ee\/lt\/#organization"},"potentialAction":[{"@type":"SearchAction","target":{"@type":"EntryPoint","urlTemplate":"https:\/\/old.elusvali.ee\/lt\/?s={search_term_string}"},"query-input":{"@type":"PropertyValueSpecification","valueRequired":true,"valueName":"search_term_string"}}],"inLanguage":"lt-LT"},{"@type":"Organization","@id":"https:\/\/old.elusvali.ee\/lt\/#organization","name":"Elusv\u00e4li","url":"https:\/\/old.elusvali.ee\/lt\/","logo":{"@type":"ImageObject","inLanguage":"lt-LT","@id":"https:\/\/old.elusvali.ee\/lt\/#\/schema\/logo\/image\/","url":"https:\/\/purenature.lt\/wp-content\/uploads\/2023\/07\/logo.png","contentUrl":"https:\/\/purenature.lt\/wp-content\/uploads\/2023\/07\/logo.png","width":526,"height":146,"caption":"Elusv\u00e4li"},"image":{"@id":"https:\/\/old.elusvali.ee\/lt\/#\/schema\/logo\/image\/"},"sameAs":["https:\/\/www.facebook.com\/profile.php?id=100064131067985","https:\/\/www.instagram.com\/elusvali\/","https:\/\/www.youtube.com\/@elusvali2110"]}]}},"_links":{"self":[{"href":"https:\/\/old.elusvali.ee\/lt\/wp-json\/wp\/v2\/product\/57134","targetHints":{"allow":["GET"]}}],"collection":[{"href":"https:\/\/old.elusvali.ee\/lt\/wp-json\/wp\/v2\/product"}],"about":[{"href":"https:\/\/old.elusvali.ee\/lt\/wp-json\/wp\/v2\/types\/product"}],"replies":[{"embeddable":true,"href":"https:\/\/old.elusvali.ee\/lt\/wp-json\/wp\/v2\/comments?post=57134"}],"version-history":[{"count":2,"href":"https:\/\/old.elusvali.ee\/lt\/wp-json\/wp\/v2\/product\/57134\/revisions"}],"predecessor-version":[{"id":57136,"href":"https:\/\/old.elusvali.ee\/lt\/wp-json\/wp\/v2\/product\/57134\/revisions\/57136"}],"wp:featuredmedia":[{"embeddable":true,"href":"https:\/\/old.elusvali.ee\/lt\/wp-json\/wp\/v2\/media\/51961"}],"wp:attachment":[{"href":"https:\/\/old.elusvali.ee\/lt\/wp-json\/wp\/v2\/media?parent=57134"}],"wp:term":[{"taxonomy":"product_brand","embeddable":true,"href":"https:\/\/old.elusvali.ee\/lt\/wp-json\/wp\/v2\/product_brand?post=57134"},{"taxonomy":"product_cat","embeddable":true,"href":"https:\/\/old.elusvali.ee\/lt\/wp-json\/wp\/v2\/product_cat?post=57134"},{"taxonomy":"product_tag","embeddable":true,"href":"https:\/\/old.elusvali.ee\/lt\/wp-json\/wp\/v2\/product_tag?post=57134"}],"curies":[{"name":"wp","href":"https:\/\/api.w.org\/{rel}","templated":true}]}}