{"id":57131,"date":"2024-10-21T09:36:37","date_gmt":"2024-10-21T06:36:37","guid":{"rendered":"https:\/\/old.elusvali.ee\/product\/greita-gynyba-40-kapsuliu-gaia-herbs\/"},"modified":"2025-04-12T17:46:45","modified_gmt":"2025-04-12T14:46:45","slug":"quick-defense-greita-gynyba-40-kapsuliu-gaia-herbs","status":"publish","type":"product","link":"https:\/\/old.elusvali.ee\/lt\/prek\u0117\/quick-defense-greita-gynyba-40-kapsuliu-gaia-herbs\/","title":{"rendered":"Quick Defense &#8211; greita gynyba &#8211; 40 kapsuli\u0173 | Gaia Herbs"},"content":{"rendered":"<h2 class=\"text-card__title\">Greitai veikiantis papildas imuniniam atsakui palaikyti<\/h2>\n<div class=\"text-card__description\">\n<ul>\n<li><strong>Palaiko tvirt\u0105 imunin\u0119 sistem\u0105.<\/strong> Kai tik pasteb\u0117site imunin\u0117s sistemos perkrovos po\u017eymius, naudokite \u0161\u012f greitai veikiant\u012f papild\u0105, kad i\u0161saugotum\u0117te ger\u0105 savijaut\u0105.<\/li>\n<li><strong>Pagamintas i\u0161 e\u017eiuol\u0117s, \u0161eivamed\u017eio uog\u0173, imbiero ir sk\u0117sta\u0161aki\u0173 kamr\u0173<\/strong>. \u0160iame specialiame mi\u0161inyje yra raudon\u0173j\u0173 ir violetini\u0173 m\u0117lyni\u0173, kurios palaiko organizmo gynybinius mechanizmus.<\/li>\n<li><strong>Naudingas vaista\u017eoli\u0173 mi\u0161inys, kur\u012f galima naudoti namuose arba keliaujant.<\/strong> Tai vienas populiariausi\u0173 m\u016bs\u0173 produkt\u0173. Jis yra patogiose kapsul\u0117se, kurias galite visada su savimi tur\u0117ti ir vartoti, kai tik pajusite poreik\u012f sustiprinti imunin\u0119 sistem\u0105.<\/li>\n<\/ul>\n<p>&nbsp;<\/p>\n<\/div>\n<p class=\"gt-block\"><b><br \/>\nKoncentracija: <\/b>vienoje 2 kapsuli\u0173 doz\u0117je yra 10 mg alkilamin\u0173, esan\u010di\u0173 6850 mg d\u017eiovint\u0173 ingredient\u0173.<b><\/b><\/p>\n<p><strong>Vartojimas:<\/strong> suaugusiesiems rekomenduojama prad\u0117ti vartoti po 2 kapsules 5 kartus per dien\u0105 2 dienas i\u0161 eil\u0117s. Jei reikia, pakartokite.<\/p>\n<p><strong>Sud\u0117tis: <\/strong>sk\u0117sta\u0161aki\u0173 kamr\u0173 ekstraktas, \u0161eivamed\u017eio uog\u0173 ekstraktas, imbiero \u0161aknies ekstraktas, dar\u017eovi\u0173 glicerinas, alyvuogi\u0173 aliejus, vegani\u0161kos kapsul\u0117s (hipromelioz\u0117, chlorofilas) ir vanduo.<\/p>\n<p class=\"gt-block\"><b>Sud\u0117tyje n\u0117ra:<\/b> kukur\u016bz\u0173, pieno produkt\u0173, glitimo, rie\u0161ut\u0173, v\u0117\u017eiagyvi\u0173, sojos, prid\u0117tinio cukraus, mieli\u0173.<\/p>\n","protected":false},"excerpt":{"rendered":"<div class=\"buybox__description\">\n<p>Greitai veikiantis vaista\u017eoli\u0173 mi\u0161inys greitam imuniniam atsakui.<\/p>\n<\/div>\n<div class=\"buybox__highlights\">\n<ul class=\"buybox__highlights-list\">\n<li class=\"buybox__highlights-item\">Palaiko sveik\u0105 ir greit\u0105 imunin\u012f atsak\u0105.<\/li>\n<li class=\"buybox__highlights-item\">Su e\u017eiouol\u0117mis, \u0161eivamed\u017eio uogomis ir imbieru.<\/li>\n<li class=\"buybox__highlights-item\">Naudinga priemon\u0117, kuria galite naudoti ir namuose, ir keliaudami.<\/li>\n<\/ul>\n<\/div>\n","protected":false},"featured_media":52629,"comment_status":"open","ping_status":"closed","template":"","meta":{"_acf_changed":false},"product_brand":[],"product_cat":[472,499,473],"product_tag":[729,477],"class_list":{"0":"post-57131","1":"product","2":"type-product","3":"status-publish","4":"has-post-thumbnail","6":"product_cat-imunitetas","7":"product_cat-kunui","8":"product_cat-maisto-papildai","9":"product_tag-gaia-herbs-lt","10":"product_tag-kapsules","12":"first","13":"instock","14":"taxable","15":"shipping-taxable","16":"purchasable","17":"product-type-simple"},"acf":[],"yoast_head":"<!-- This site is optimized with the Yoast SEO plugin v25.3.1 - https:\/\/yoast.com\/wordpress\/plugins\/seo\/ -->\n<title>Quick Defense - greita gynyba - 40 kapsuli\u0173 | Gaia Herbs - Pure Nature<\/title>\n<meta name=\"robots\" content=\"noindex, follow, max-snippet:-1, max-image-preview:large, max-video-preview:-1\" \/>\n<meta property=\"og:locale\" content=\"lt_LT\" \/>\n<meta property=\"og:type\" content=\"article\" \/>\n<meta property=\"og:title\" content=\"Quick Defense - greita gynyba - 40 kapsuli\u0173 | Gaia Herbs - Pure Nature\" \/>\n<meta property=\"og:description\" content=\"Greitai veikiantis vaista\u017eoli\u0173 mi\u0161inys greitam imuniniam atsakui.      Palaiko sveik\u0105 ir greit\u0105 imunin\u012f atsak\u0105.  Su e\u017eiouol\u0117mis, \u0161eivamed\u017eio uogomis ir imbieru.  Naudinga priemon\u0117, kuria galite naudoti ir namuose, ir keliaudami.\" \/>\n<meta property=\"og:url\" content=\"https:\/\/old.elusvali.ee\/lt\/prek\u0117\/quick-defense-greita-gynyba-40-kapsuliu-gaia-herbs\/\" \/>\n<meta property=\"og:site_name\" content=\"Elusv&auml;li\" \/>\n<meta property=\"article:publisher\" content=\"https:\/\/www.facebook.com\/profile.php?id=100064131067985\" \/>\n<meta property=\"article:modified_time\" content=\"2025-04-12T14:46:45+00:00\" \/>\n<meta property=\"og:image\" content=\"https:\/\/purenature.lt\/wp-content\/uploads\/2024\/10\/Gaia-Herbs_Quick-Defense_.webp\" \/>\n\t<meta property=\"og:image:width\" content=\"800\" \/>\n\t<meta property=\"og:image:height\" content=\"800\" \/>\n\t<meta property=\"og:image:type\" content=\"image\/webp\" \/>\n<meta name=\"twitter:card\" content=\"summary_large_image\" \/>\n<meta name=\"twitter:label1\" content=\"Est. reading time\" \/>\n\t<meta name=\"twitter:data1\" content=\"1 minut\u0117\" \/>\n<script type=\"application\/ld+json\" class=\"yoast-schema-graph\">{\"@context\":\"https:\/\/schema.org\",\"@graph\":[{\"@type\":\"WebPage\",\"@id\":\"https:\/\/old.elusvali.ee\/lt\/prek\u0117\/quick-defense-greita-gynyba-40-kapsuliu-gaia-herbs\/\",\"url\":\"https:\/\/old.elusvali.ee\/lt\/prek\u0117\/quick-defense-greita-gynyba-40-kapsuliu-gaia-herbs\/\",\"name\":\"Quick Defense - greita gynyba - 40 kapsuli\u0173 | Gaia Herbs - Pure Nature\",\"isPartOf\":{\"@id\":\"https:\/\/old.elusvali.ee\/lt\/#website\"},\"primaryImageOfPage\":{\"@id\":\"https:\/\/old.elusvali.ee\/lt\/prek\u0117\/quick-defense-greita-gynyba-40-kapsuliu-gaia-herbs\/#primaryimage\"},\"image\":{\"@id\":\"https:\/\/old.elusvali.ee\/lt\/prek\u0117\/quick-defense-greita-gynyba-40-kapsuliu-gaia-herbs\/#primaryimage\"},\"thumbnailUrl\":\"https:\/\/old.elusvali.ee\/wp-content\/uploads\/2024\/10\/Gaia-Herbs_Quick-Defense_.webp\",\"datePublished\":\"2024-10-21T06:36:37+00:00\",\"dateModified\":\"2025-04-12T14:46:45+00:00\",\"breadcrumb\":{\"@id\":\"https:\/\/old.elusvali.ee\/lt\/prek\u0117\/quick-defense-greita-gynyba-40-kapsuliu-gaia-herbs\/#breadcrumb\"},\"inLanguage\":\"lt-LT\",\"potentialAction\":[{\"@type\":\"ReadAction\",\"target\":[\"https:\/\/old.elusvali.ee\/lt\/prek\u0117\/quick-defense-greita-gynyba-40-kapsuliu-gaia-herbs\/\"]}]},{\"@type\":\"ImageObject\",\"inLanguage\":\"lt-LT\",\"@id\":\"https:\/\/old.elusvali.ee\/lt\/prek\u0117\/quick-defense-greita-gynyba-40-kapsuliu-gaia-herbs\/#primaryimage\",\"url\":\"https:\/\/old.elusvali.ee\/wp-content\/uploads\/2024\/10\/Gaia-Herbs_Quick-Defense_.webp\",\"contentUrl\":\"https:\/\/old.elusvali.ee\/wp-content\/uploads\/2024\/10\/Gaia-Herbs_Quick-Defense_.webp\",\"width\":800,\"height\":800,\"caption\":\"Gaia Herbs greita gynyba\"},{\"@type\":\"BreadcrumbList\",\"@id\":\"https:\/\/old.elusvali.ee\/lt\/prek\u0117\/quick-defense-greita-gynyba-40-kapsuliu-gaia-herbs\/#breadcrumb\",\"itemListElement\":[{\"@type\":\"ListItem\",\"position\":1,\"name\":\"Home\",\"item\":\"https:\/\/old.elusvali.ee\/lt\/\"},{\"@type\":\"ListItem\",\"position\":2,\"name\":\"Elektronin\u0117 parduotuv\u0117\",\"item\":\"https:\/\/purenature.lt\/parduotuve\/\"},{\"@type\":\"ListItem\",\"position\":3,\"name\":\"Quick Defense &#8211; greita gynyba &#8211; 40 kapsuli\u0173 | Gaia Herbs\"}]},{\"@type\":\"WebSite\",\"@id\":\"https:\/\/old.elusvali.ee\/lt\/#website\",\"url\":\"https:\/\/old.elusvali.ee\/lt\/\",\"name\":\"Elusv\u00e4li\",\"description\":\"Puhas k&ouml;&ouml;k ja koduapteek\",\"publisher\":{\"@id\":\"https:\/\/old.elusvali.ee\/lt\/#organization\"},\"potentialAction\":[{\"@type\":\"SearchAction\",\"target\":{\"@type\":\"EntryPoint\",\"urlTemplate\":\"https:\/\/old.elusvali.ee\/lt\/?s={search_term_string}\"},\"query-input\":{\"@type\":\"PropertyValueSpecification\",\"valueRequired\":true,\"valueName\":\"search_term_string\"}}],\"inLanguage\":\"lt-LT\"},{\"@type\":\"Organization\",\"@id\":\"https:\/\/old.elusvali.ee\/lt\/#organization\",\"name\":\"Elusv\u00e4li\",\"url\":\"https:\/\/old.elusvali.ee\/lt\/\",\"logo\":{\"@type\":\"ImageObject\",\"inLanguage\":\"lt-LT\",\"@id\":\"https:\/\/old.elusvali.ee\/lt\/#\/schema\/logo\/image\/\",\"url\":\"https:\/\/purenature.lt\/wp-content\/uploads\/2023\/07\/logo.png\",\"contentUrl\":\"https:\/\/purenature.lt\/wp-content\/uploads\/2023\/07\/logo.png\",\"width\":526,\"height\":146,\"caption\":\"Elusv\u00e4li\"},\"image\":{\"@id\":\"https:\/\/old.elusvali.ee\/lt\/#\/schema\/logo\/image\/\"},\"sameAs\":[\"https:\/\/www.facebook.com\/profile.php?id=100064131067985\",\"https:\/\/www.instagram.com\/elusvali\/\",\"https:\/\/www.youtube.com\/@elusvali2110\"]}]}<\/script>\n<!-- \/ Yoast SEO plugin. -->","yoast_head_json":{"title":"Quick Defense - greita gynyba - 40 kapsuli\u0173 | Gaia Herbs - Pure Nature","robots":{"index":"noindex","follow":"follow","max-snippet":"max-snippet:-1","max-image-preview":"max-image-preview:large","max-video-preview":"max-video-preview:-1"},"og_locale":"lt_LT","og_type":"article","og_title":"Quick Defense - greita gynyba - 40 kapsuli\u0173 | Gaia Herbs - Pure Nature","og_description":"Greitai veikiantis vaista\u017eoli\u0173 mi\u0161inys greitam imuniniam atsakui.      Palaiko sveik\u0105 ir greit\u0105 imunin\u012f atsak\u0105.  Su e\u017eiouol\u0117mis, \u0161eivamed\u017eio uogomis ir imbieru.  Naudinga priemon\u0117, kuria galite naudoti ir namuose, ir keliaudami.","og_url":"https:\/\/old.elusvali.ee\/lt\/prek\u0117\/quick-defense-greita-gynyba-40-kapsuliu-gaia-herbs\/","og_site_name":"Elusv&auml;li","article_publisher":"https:\/\/www.facebook.com\/profile.php?id=100064131067985","article_modified_time":"2025-04-12T14:46:45+00:00","og_image":[{"width":800,"height":800,"url":"https:\/\/purenature.lt\/wp-content\/uploads\/2024\/10\/Gaia-Herbs_Quick-Defense_.webp","type":"image\/webp"}],"twitter_card":"summary_large_image","twitter_misc":{"Est. reading time":"1 minut\u0117"},"schema":{"@context":"https:\/\/schema.org","@graph":[{"@type":"WebPage","@id":"https:\/\/old.elusvali.ee\/lt\/prek\u0117\/quick-defense-greita-gynyba-40-kapsuliu-gaia-herbs\/","url":"https:\/\/old.elusvali.ee\/lt\/prek\u0117\/quick-defense-greita-gynyba-40-kapsuliu-gaia-herbs\/","name":"Quick Defense - greita gynyba - 40 kapsuli\u0173 | Gaia Herbs - Pure Nature","isPartOf":{"@id":"https:\/\/old.elusvali.ee\/lt\/#website"},"primaryImageOfPage":{"@id":"https:\/\/old.elusvali.ee\/lt\/prek\u0117\/quick-defense-greita-gynyba-40-kapsuliu-gaia-herbs\/#primaryimage"},"image":{"@id":"https:\/\/old.elusvali.ee\/lt\/prek\u0117\/quick-defense-greita-gynyba-40-kapsuliu-gaia-herbs\/#primaryimage"},"thumbnailUrl":"https:\/\/old.elusvali.ee\/wp-content\/uploads\/2024\/10\/Gaia-Herbs_Quick-Defense_.webp","datePublished":"2024-10-21T06:36:37+00:00","dateModified":"2025-04-12T14:46:45+00:00","breadcrumb":{"@id":"https:\/\/old.elusvali.ee\/lt\/prek\u0117\/quick-defense-greita-gynyba-40-kapsuliu-gaia-herbs\/#breadcrumb"},"inLanguage":"lt-LT","potentialAction":[{"@type":"ReadAction","target":["https:\/\/old.elusvali.ee\/lt\/prek\u0117\/quick-defense-greita-gynyba-40-kapsuliu-gaia-herbs\/"]}]},{"@type":"ImageObject","inLanguage":"lt-LT","@id":"https:\/\/old.elusvali.ee\/lt\/prek\u0117\/quick-defense-greita-gynyba-40-kapsuliu-gaia-herbs\/#primaryimage","url":"https:\/\/old.elusvali.ee\/wp-content\/uploads\/2024\/10\/Gaia-Herbs_Quick-Defense_.webp","contentUrl":"https:\/\/old.elusvali.ee\/wp-content\/uploads\/2024\/10\/Gaia-Herbs_Quick-Defense_.webp","width":800,"height":800,"caption":"Gaia Herbs greita gynyba"},{"@type":"BreadcrumbList","@id":"https:\/\/old.elusvali.ee\/lt\/prek\u0117\/quick-defense-greita-gynyba-40-kapsuliu-gaia-herbs\/#breadcrumb","itemListElement":[{"@type":"ListItem","position":1,"name":"Home","item":"https:\/\/old.elusvali.ee\/lt\/"},{"@type":"ListItem","position":2,"name":"Elektronin\u0117 parduotuv\u0117","item":"https:\/\/purenature.lt\/parduotuve\/"},{"@type":"ListItem","position":3,"name":"Quick Defense &#8211; greita gynyba &#8211; 40 kapsuli\u0173 | Gaia Herbs"}]},{"@type":"WebSite","@id":"https:\/\/old.elusvali.ee\/lt\/#website","url":"https:\/\/old.elusvali.ee\/lt\/","name":"Elusv\u00e4li","description":"Puhas k&ouml;&ouml;k ja koduapteek","publisher":{"@id":"https:\/\/old.elusvali.ee\/lt\/#organization"},"potentialAction":[{"@type":"SearchAction","target":{"@type":"EntryPoint","urlTemplate":"https:\/\/old.elusvali.ee\/lt\/?s={search_term_string}"},"query-input":{"@type":"PropertyValueSpecification","valueRequired":true,"valueName":"search_term_string"}}],"inLanguage":"lt-LT"},{"@type":"Organization","@id":"https:\/\/old.elusvali.ee\/lt\/#organization","name":"Elusv\u00e4li","url":"https:\/\/old.elusvali.ee\/lt\/","logo":{"@type":"ImageObject","inLanguage":"lt-LT","@id":"https:\/\/old.elusvali.ee\/lt\/#\/schema\/logo\/image\/","url":"https:\/\/purenature.lt\/wp-content\/uploads\/2023\/07\/logo.png","contentUrl":"https:\/\/purenature.lt\/wp-content\/uploads\/2023\/07\/logo.png","width":526,"height":146,"caption":"Elusv\u00e4li"},"image":{"@id":"https:\/\/old.elusvali.ee\/lt\/#\/schema\/logo\/image\/"},"sameAs":["https:\/\/www.facebook.com\/profile.php?id=100064131067985","https:\/\/www.instagram.com\/elusvali\/","https:\/\/www.youtube.com\/@elusvali2110"]}]}},"_links":{"self":[{"href":"https:\/\/old.elusvali.ee\/lt\/wp-json\/wp\/v2\/product\/57131","targetHints":{"allow":["GET"]}}],"collection":[{"href":"https:\/\/old.elusvali.ee\/lt\/wp-json\/wp\/v2\/product"}],"about":[{"href":"https:\/\/old.elusvali.ee\/lt\/wp-json\/wp\/v2\/types\/product"}],"replies":[{"embeddable":true,"href":"https:\/\/old.elusvali.ee\/lt\/wp-json\/wp\/v2\/comments?post=57131"}],"version-history":[{"count":2,"href":"https:\/\/old.elusvali.ee\/lt\/wp-json\/wp\/v2\/product\/57131\/revisions"}],"predecessor-version":[{"id":57133,"href":"https:\/\/old.elusvali.ee\/lt\/wp-json\/wp\/v2\/product\/57131\/revisions\/57133"}],"wp:featuredmedia":[{"embeddable":true,"href":"https:\/\/old.elusvali.ee\/lt\/wp-json\/wp\/v2\/media\/52629"}],"wp:attachment":[{"href":"https:\/\/old.elusvali.ee\/lt\/wp-json\/wp\/v2\/media?parent=57131"}],"wp:term":[{"taxonomy":"product_brand","embeddable":true,"href":"https:\/\/old.elusvali.ee\/lt\/wp-json\/wp\/v2\/product_brand?post=57131"},{"taxonomy":"product_cat","embeddable":true,"href":"https:\/\/old.elusvali.ee\/lt\/wp-json\/wp\/v2\/product_cat?post=57131"},{"taxonomy":"product_tag","embeddable":true,"href":"https:\/\/old.elusvali.ee\/lt\/wp-json\/wp\/v2\/product_tag?post=57131"}],"curies":[{"name":"wp","href":"https:\/\/api.w.org\/{rel}","templated":true}]}}