{"id":57092,"date":"2024-10-21T09:44:34","date_gmt":"2024-10-21T06:44:34","guid":{"rendered":"https:\/\/old.elusvali.ee\/product\/hawthorn-supreme-fig-60-kapsuliu-gaia-herbs\/"},"modified":"2025-05-30T09:19:21","modified_gmt":"2025-05-30T06:19:21","slug":"hawthorn-supreme-gudobele-60-kapsuliu-gaia-herbs","status":"publish","type":"product","link":"https:\/\/old.elusvali.ee\/lt\/prek\u0117\/hawthorn-supreme-gudobele-60-kapsuliu-gaia-herbs\/","title":{"rendered":"Hawthorn Supreme (Fig) &#8211; 60 kapsuli\u0173 | Gaia Herbs."},"content":{"rendered":"<p>Tikriausiai neatsitiktinai seniausiuose ra\u0161tuose apie figmed\u012f teigiama, kad jis yra meil\u0117s simbolis. Gaia Herbs Hawthorn Supreme &#8211; tai tradicinis figmed\u017eio uog\u0173, \u017eied\u0173 ir lap\u0173 mi\u0161inys, kad j\u016bs\u0173 \u0161irdis b\u016bt\u0173 sveika ir laiminga. <\/p>\n<ul>\n<li>Sinergetinis fig\u0173 uog\u0173, lap\u0173 ir g\u0117li\u0173 mi\u0161inys.<\/li>\n<li>Amerikos ind\u0117n\u0173, kin\u0173 ir Europos kult\u016brose smilkal\u0173 med\u017eio lapai ir uogos buvo naudojami kaip \u0161irdies sveikat\u0105 stiprinanti priemon\u0117.<\/li>\n<\/ul>\n<p>K<strong>oncentracija<\/strong> 1 kapsul\u0117je yra 750 mg sausos \u017eol\u0117s.<\/p>\n<p><strong>Vartojimo rekomendacijos<\/strong><br \/>\nSuaugusiesiems po 1 kapsul\u0119 2 kartus per dien\u0105 tarp valgym\u0173.<\/p>\n<p>&nbsp;<\/p>\n<p class=\"gt-block\">\n","protected":false},"excerpt":{"rendered":"<div class=\"buybox__description\">\n<p>&#8222;Gaia Herbs Hawthorne Supreme&#8221; yra tradicinis smilkal\u0173 mi\u0161inys, skirtas \u0161irdies sveikatai.<\/p>\n<\/div>\n<div class=\"buybox__highlights\">\n<ul class=\"buybox__highlights-list\">\n<li class=\"buybox__highlights-item\">Figmed\u017eio uogos, lapai ir \u017eiedai palaiko sveik\u0105 ir laiming\u0105 \u0161ird\u012f.<\/li>\n<li class=\"buybox__highlights-item\">\u0160irdies sveikat\u0105 gerinanti priemon\u0117, kuri liaudies medicinoje naudojama jau daugel\u012f am\u017ei\u0173.<\/li>\n<li class=\"buybox__highlights-item\">Geriausias kompanionas visapusi\u0161kai palepinti j\u016bs\u0173 \u0161ird\u012f.<\/li>\n<li>Palaiko ir atgaivina k\u016bn\u0105 sielvarto ir permain\u0173 metu.<\/li>\n<\/ul>\n<\/div>\n","protected":false},"featured_media":51745,"comment_status":"open","ping_status":"closed","template":"","meta":{"_acf_changed":false},"product_brand":[],"product_cat":[499,473],"product_tag":[729,477],"class_list":{"0":"post-57092","1":"product","2":"type-product","3":"status-publish","4":"has-post-thumbnail","6":"product_cat-kunui","7":"product_cat-maisto-papildai","8":"product_tag-gaia-herbs-lt","9":"product_tag-kapsules","11":"first","12":"instock","13":"taxable","14":"shipping-taxable","15":"purchasable","16":"product-type-simple"},"acf":[],"yoast_head":"<!-- This site is optimized with the Yoast SEO plugin v25.3.1 - https:\/\/yoast.com\/wordpress\/plugins\/seo\/ -->\n<title>Hawthorn Supreme (Fig) - 60 kapsuli\u0173 | Gaia Herbs. - Pure Nature<\/title>\n<meta name=\"robots\" content=\"noindex, follow, max-snippet:-1, max-image-preview:large, max-video-preview:-1\" \/>\n<meta property=\"og:locale\" content=\"lt_LT\" \/>\n<meta property=\"og:type\" content=\"article\" \/>\n<meta property=\"og:title\" content=\"Hawthorn Supreme (Fig) - 60 kapsuli\u0173 | Gaia Herbs. - Pure Nature\" \/>\n<meta property=\"og:description\" content=\"&quot;Gaia Herbs Hawthorne Supreme&quot; yra tradicinis smilkal\u0173 mi\u0161inys, skirtas \u0161irdies sveikatai.    Figmed\u017eio uogos, lapai ir \u017eiedai palaiko sveik\u0105 ir laiming\u0105 \u0161ird\u012f.  \u0160irdies sveikat\u0105 gerinanti priemon\u0117, kuri liaudies medicinoje naudojama jau daugel\u012f am\u017ei\u0173.  Geriausias kompanionas visapusi\u0161kai palepinti j\u016bs\u0173 \u0161ird\u012f.  Palaiko ir atgaivina k\u016bn\u0105 sielvarto ir permain\u0173 metu.\" \/>\n<meta property=\"og:url\" content=\"https:\/\/old.elusvali.ee\/lt\/prek\u0117\/hawthorn-supreme-gudobele-60-kapsuliu-gaia-herbs\/\" \/>\n<meta property=\"og:site_name\" content=\"Elusv&auml;li\" \/>\n<meta property=\"article:publisher\" content=\"https:\/\/www.facebook.com\/profile.php?id=100064131067985\" \/>\n<meta property=\"article:modified_time\" content=\"2025-05-30T06:19:21+00:00\" \/>\n<meta property=\"og:image\" content=\"https:\/\/purenature.lt\/wp-content\/uploads\/2024\/10\/Hawthorn-Supreme-Gaia-Herbs.webp\" \/>\n\t<meta property=\"og:image:width\" content=\"1060\" \/>\n\t<meta property=\"og:image:height\" content=\"1060\" \/>\n\t<meta property=\"og:image:type\" content=\"image\/webp\" \/>\n<meta name=\"twitter:card\" content=\"summary_large_image\" \/>\n<script type=\"application\/ld+json\" class=\"yoast-schema-graph\">{\"@context\":\"https:\/\/schema.org\",\"@graph\":[{\"@type\":\"WebPage\",\"@id\":\"https:\/\/old.elusvali.ee\/lt\/prek\u0117\/hawthorn-supreme-gudobele-60-kapsuliu-gaia-herbs\/\",\"url\":\"https:\/\/old.elusvali.ee\/lt\/prek\u0117\/hawthorn-supreme-gudobele-60-kapsuliu-gaia-herbs\/\",\"name\":\"Hawthorn Supreme (Fig) - 60 kapsuli\u0173 | Gaia Herbs. - Pure Nature\",\"isPartOf\":{\"@id\":\"https:\/\/old.elusvali.ee\/lt\/#website\"},\"primaryImageOfPage\":{\"@id\":\"https:\/\/old.elusvali.ee\/lt\/prek\u0117\/hawthorn-supreme-gudobele-60-kapsuliu-gaia-herbs\/#primaryimage\"},\"image\":{\"@id\":\"https:\/\/old.elusvali.ee\/lt\/prek\u0117\/hawthorn-supreme-gudobele-60-kapsuliu-gaia-herbs\/#primaryimage\"},\"thumbnailUrl\":\"https:\/\/old.elusvali.ee\/wp-content\/uploads\/2024\/10\/Hawthorn-Supreme-Gaia-Herbs.webp\",\"datePublished\":\"2024-10-21T06:44:34+00:00\",\"dateModified\":\"2025-05-30T06:19:21+00:00\",\"breadcrumb\":{\"@id\":\"https:\/\/old.elusvali.ee\/lt\/prek\u0117\/hawthorn-supreme-gudobele-60-kapsuliu-gaia-herbs\/#breadcrumb\"},\"inLanguage\":\"lt-LT\",\"potentialAction\":[{\"@type\":\"ReadAction\",\"target\":[\"https:\/\/old.elusvali.ee\/lt\/prek\u0117\/hawthorn-supreme-gudobele-60-kapsuliu-gaia-herbs\/\"]}]},{\"@type\":\"ImageObject\",\"inLanguage\":\"lt-LT\",\"@id\":\"https:\/\/old.elusvali.ee\/lt\/prek\u0117\/hawthorn-supreme-gudobele-60-kapsuliu-gaia-herbs\/#primaryimage\",\"url\":\"https:\/\/old.elusvali.ee\/wp-content\/uploads\/2024\/10\/Hawthorn-Supreme-Gaia-Herbs.webp\",\"contentUrl\":\"https:\/\/old.elusvali.ee\/wp-content\/uploads\/2024\/10\/Hawthorn-Supreme-Gaia-Herbs.webp\",\"width\":1060,\"height\":1060,\"caption\":\"Gudobeles maisto papildas\"},{\"@type\":\"BreadcrumbList\",\"@id\":\"https:\/\/old.elusvali.ee\/lt\/prek\u0117\/hawthorn-supreme-gudobele-60-kapsuliu-gaia-herbs\/#breadcrumb\",\"itemListElement\":[{\"@type\":\"ListItem\",\"position\":1,\"name\":\"Home\",\"item\":\"https:\/\/old.elusvali.ee\/lt\/\"},{\"@type\":\"ListItem\",\"position\":2,\"name\":\"Elektronin\u0117 parduotuv\u0117\",\"item\":\"https:\/\/purenature.lt\/parduotuve\/\"},{\"@type\":\"ListItem\",\"position\":3,\"name\":\"Hawthorn Supreme (Fig) &#8211; 60 kapsuli\u0173 | Gaia Herbs.\"}]},{\"@type\":\"WebSite\",\"@id\":\"https:\/\/old.elusvali.ee\/lt\/#website\",\"url\":\"https:\/\/old.elusvali.ee\/lt\/\",\"name\":\"Elusv\u00e4li\",\"description\":\"Puhas k&ouml;&ouml;k ja koduapteek\",\"publisher\":{\"@id\":\"https:\/\/old.elusvali.ee\/lt\/#organization\"},\"potentialAction\":[{\"@type\":\"SearchAction\",\"target\":{\"@type\":\"EntryPoint\",\"urlTemplate\":\"https:\/\/old.elusvali.ee\/lt\/?s={search_term_string}\"},\"query-input\":{\"@type\":\"PropertyValueSpecification\",\"valueRequired\":true,\"valueName\":\"search_term_string\"}}],\"inLanguage\":\"lt-LT\"},{\"@type\":\"Organization\",\"@id\":\"https:\/\/old.elusvali.ee\/lt\/#organization\",\"name\":\"Elusv\u00e4li\",\"url\":\"https:\/\/old.elusvali.ee\/lt\/\",\"logo\":{\"@type\":\"ImageObject\",\"inLanguage\":\"lt-LT\",\"@id\":\"https:\/\/old.elusvali.ee\/lt\/#\/schema\/logo\/image\/\",\"url\":\"https:\/\/purenature.lt\/wp-content\/uploads\/2023\/07\/logo.png\",\"contentUrl\":\"https:\/\/purenature.lt\/wp-content\/uploads\/2023\/07\/logo.png\",\"width\":526,\"height\":146,\"caption\":\"Elusv\u00e4li\"},\"image\":{\"@id\":\"https:\/\/old.elusvali.ee\/lt\/#\/schema\/logo\/image\/\"},\"sameAs\":[\"https:\/\/www.facebook.com\/profile.php?id=100064131067985\",\"https:\/\/www.instagram.com\/elusvali\/\",\"https:\/\/www.youtube.com\/@elusvali2110\"]}]}<\/script>\n<!-- \/ Yoast SEO plugin. -->","yoast_head_json":{"title":"Hawthorn Supreme (Fig) - 60 kapsuli\u0173 | Gaia Herbs. - Pure Nature","robots":{"index":"noindex","follow":"follow","max-snippet":"max-snippet:-1","max-image-preview":"max-image-preview:large","max-video-preview":"max-video-preview:-1"},"og_locale":"lt_LT","og_type":"article","og_title":"Hawthorn Supreme (Fig) - 60 kapsuli\u0173 | Gaia Herbs. - Pure Nature","og_description":"\"Gaia Herbs Hawthorne Supreme\" yra tradicinis smilkal\u0173 mi\u0161inys, skirtas \u0161irdies sveikatai.    Figmed\u017eio uogos, lapai ir \u017eiedai palaiko sveik\u0105 ir laiming\u0105 \u0161ird\u012f.  \u0160irdies sveikat\u0105 gerinanti priemon\u0117, kuri liaudies medicinoje naudojama jau daugel\u012f am\u017ei\u0173.  Geriausias kompanionas visapusi\u0161kai palepinti j\u016bs\u0173 \u0161ird\u012f.  Palaiko ir atgaivina k\u016bn\u0105 sielvarto ir permain\u0173 metu.","og_url":"https:\/\/old.elusvali.ee\/lt\/prek\u0117\/hawthorn-supreme-gudobele-60-kapsuliu-gaia-herbs\/","og_site_name":"Elusv&auml;li","article_publisher":"https:\/\/www.facebook.com\/profile.php?id=100064131067985","article_modified_time":"2025-05-30T06:19:21+00:00","og_image":[{"width":1060,"height":1060,"url":"https:\/\/purenature.lt\/wp-content\/uploads\/2024\/10\/Hawthorn-Supreme-Gaia-Herbs.webp","type":"image\/webp"}],"twitter_card":"summary_large_image","schema":{"@context":"https:\/\/schema.org","@graph":[{"@type":"WebPage","@id":"https:\/\/old.elusvali.ee\/lt\/prek\u0117\/hawthorn-supreme-gudobele-60-kapsuliu-gaia-herbs\/","url":"https:\/\/old.elusvali.ee\/lt\/prek\u0117\/hawthorn-supreme-gudobele-60-kapsuliu-gaia-herbs\/","name":"Hawthorn Supreme (Fig) - 60 kapsuli\u0173 | Gaia Herbs. - Pure Nature","isPartOf":{"@id":"https:\/\/old.elusvali.ee\/lt\/#website"},"primaryImageOfPage":{"@id":"https:\/\/old.elusvali.ee\/lt\/prek\u0117\/hawthorn-supreme-gudobele-60-kapsuliu-gaia-herbs\/#primaryimage"},"image":{"@id":"https:\/\/old.elusvali.ee\/lt\/prek\u0117\/hawthorn-supreme-gudobele-60-kapsuliu-gaia-herbs\/#primaryimage"},"thumbnailUrl":"https:\/\/old.elusvali.ee\/wp-content\/uploads\/2024\/10\/Hawthorn-Supreme-Gaia-Herbs.webp","datePublished":"2024-10-21T06:44:34+00:00","dateModified":"2025-05-30T06:19:21+00:00","breadcrumb":{"@id":"https:\/\/old.elusvali.ee\/lt\/prek\u0117\/hawthorn-supreme-gudobele-60-kapsuliu-gaia-herbs\/#breadcrumb"},"inLanguage":"lt-LT","potentialAction":[{"@type":"ReadAction","target":["https:\/\/old.elusvali.ee\/lt\/prek\u0117\/hawthorn-supreme-gudobele-60-kapsuliu-gaia-herbs\/"]}]},{"@type":"ImageObject","inLanguage":"lt-LT","@id":"https:\/\/old.elusvali.ee\/lt\/prek\u0117\/hawthorn-supreme-gudobele-60-kapsuliu-gaia-herbs\/#primaryimage","url":"https:\/\/old.elusvali.ee\/wp-content\/uploads\/2024\/10\/Hawthorn-Supreme-Gaia-Herbs.webp","contentUrl":"https:\/\/old.elusvali.ee\/wp-content\/uploads\/2024\/10\/Hawthorn-Supreme-Gaia-Herbs.webp","width":1060,"height":1060,"caption":"Gudobeles maisto papildas"},{"@type":"BreadcrumbList","@id":"https:\/\/old.elusvali.ee\/lt\/prek\u0117\/hawthorn-supreme-gudobele-60-kapsuliu-gaia-herbs\/#breadcrumb","itemListElement":[{"@type":"ListItem","position":1,"name":"Home","item":"https:\/\/old.elusvali.ee\/lt\/"},{"@type":"ListItem","position":2,"name":"Elektronin\u0117 parduotuv\u0117","item":"https:\/\/purenature.lt\/parduotuve\/"},{"@type":"ListItem","position":3,"name":"Hawthorn Supreme (Fig) &#8211; 60 kapsuli\u0173 | Gaia Herbs."}]},{"@type":"WebSite","@id":"https:\/\/old.elusvali.ee\/lt\/#website","url":"https:\/\/old.elusvali.ee\/lt\/","name":"Elusv\u00e4li","description":"Puhas k&ouml;&ouml;k ja koduapteek","publisher":{"@id":"https:\/\/old.elusvali.ee\/lt\/#organization"},"potentialAction":[{"@type":"SearchAction","target":{"@type":"EntryPoint","urlTemplate":"https:\/\/old.elusvali.ee\/lt\/?s={search_term_string}"},"query-input":{"@type":"PropertyValueSpecification","valueRequired":true,"valueName":"search_term_string"}}],"inLanguage":"lt-LT"},{"@type":"Organization","@id":"https:\/\/old.elusvali.ee\/lt\/#organization","name":"Elusv\u00e4li","url":"https:\/\/old.elusvali.ee\/lt\/","logo":{"@type":"ImageObject","inLanguage":"lt-LT","@id":"https:\/\/old.elusvali.ee\/lt\/#\/schema\/logo\/image\/","url":"https:\/\/purenature.lt\/wp-content\/uploads\/2023\/07\/logo.png","contentUrl":"https:\/\/purenature.lt\/wp-content\/uploads\/2023\/07\/logo.png","width":526,"height":146,"caption":"Elusv\u00e4li"},"image":{"@id":"https:\/\/old.elusvali.ee\/lt\/#\/schema\/logo\/image\/"},"sameAs":["https:\/\/www.facebook.com\/profile.php?id=100064131067985","https:\/\/www.instagram.com\/elusvali\/","https:\/\/www.youtube.com\/@elusvali2110"]}]}},"_links":{"self":[{"href":"https:\/\/old.elusvali.ee\/lt\/wp-json\/wp\/v2\/product\/57092","targetHints":{"allow":["GET"]}}],"collection":[{"href":"https:\/\/old.elusvali.ee\/lt\/wp-json\/wp\/v2\/product"}],"about":[{"href":"https:\/\/old.elusvali.ee\/lt\/wp-json\/wp\/v2\/types\/product"}],"replies":[{"embeddable":true,"href":"https:\/\/old.elusvali.ee\/lt\/wp-json\/wp\/v2\/comments?post=57092"}],"version-history":[{"count":4,"href":"https:\/\/old.elusvali.ee\/lt\/wp-json\/wp\/v2\/product\/57092\/revisions"}],"predecessor-version":[{"id":67067,"href":"https:\/\/old.elusvali.ee\/lt\/wp-json\/wp\/v2\/product\/57092\/revisions\/67067"}],"wp:featuredmedia":[{"embeddable":true,"href":"https:\/\/old.elusvali.ee\/lt\/wp-json\/wp\/v2\/media\/51745"}],"wp:attachment":[{"href":"https:\/\/old.elusvali.ee\/lt\/wp-json\/wp\/v2\/media?parent=57092"}],"wp:term":[{"taxonomy":"product_brand","embeddable":true,"href":"https:\/\/old.elusvali.ee\/lt\/wp-json\/wp\/v2\/product_brand?post=57092"},{"taxonomy":"product_cat","embeddable":true,"href":"https:\/\/old.elusvali.ee\/lt\/wp-json\/wp\/v2\/product_cat?post=57092"},{"taxonomy":"product_tag","embeddable":true,"href":"https:\/\/old.elusvali.ee\/lt\/wp-json\/wp\/v2\/product_tag?post=57092"}],"curies":[{"name":"wp","href":"https:\/\/api.w.org\/{rel}","templated":true}]}}