{"id":57091,"date":"2024-10-21T09:43:48","date_gmt":"2024-10-21T06:43:48","guid":{"rendered":"https:\/\/old.elusvali.ee\/product\/protinis-budrumas-protinis-pajegumas-60-kapsuliu-gaia-herbs\/"},"modified":"2025-06-06T15:48:25","modified_gmt":"2025-06-06T12:48:25","slug":"proto-budrumas-mental-alertness-60-kapsuliu-gaia-herbs","status":"publish","type":"product","link":"https:\/\/old.elusvali.ee\/lt\/prek\u0117\/proto-budrumas-mental-alertness-60-kapsuliu-gaia-herbs\/","title":{"rendered":"Mental Alertness &#8211; proto budrumas &#8211; 60 kapsuli\u0173 | Gaia Herbs"},"content":{"rendered":"<h2 class=\"text-card__title\">Sukurta atmin\u010diai ir kognityviniams geb\u0117jimams palaikyti<\/h2>\n<div class=\"text-card__description\">\n<p>Nepavykstat sutelkti d\u0117mesio, net ir papras\u010diausios kasdien\u0117s u\u017eduotys gali tapti tikru i\u0161\u0161\u016bkiu. Gaia Herbs maisto papildas Mental Alertness sukurtas i\u0161 vaista\u017eoli\u0173, kurios tradici\u0161kai naudojamos protiniams geb\u0117jimams, d\u0117mesio koncentracijai ir atmin\u010diai palaikyti, mi\u0161inio. Jos visos veikia kartu, kad atne\u0161t\u0173 did\u017eiausi\u0105 efekt\u0105.<\/p>\n<\/div>\n<ul>\n<li>Sinerginis Sibiro \u017een\u0161enio, ginkmed\u017eio lap\u0173, Azijin\u0117s centel\u0117s (gotu kola), rozmarino ir avi\u017e\u0173 ekstrako mi\u0161inys.<\/li>\n<li>Avi\u017e\u0173 s\u0117kl\u0173 ekstraktas gaminamas i\u0161 pa\u010dios Gaia Herbs u\u017eaugint\u0173 avi\u017e\u0173. Ekstraktas i\u0161gaunamas i\u0161 karto po derliaus nu\u0117mimo, kad b\u016bt\u0173 i\u0161saugotas optimalus vis\u0173 jungini\u0173 aktyvumas.<\/li>\n<li>\u017doleli\u0173 ir vaistini\u0173 augal\u0173 mi\u0161inys, tradici\u0161kai naudojamas protiniam ai\u0161kumui, kognityviniams geb\u0117jimams ir atmin\u010diai stiprinti.<\/li>\n<li>Puikus papildas visiems, kurie jau\u010diasi es\u0105 &#8222;kosmose&#8221; ir kuriems reikia pad\u0117ti susigr\u0105\u017einti d\u0117mes\u012f.<\/li>\n<\/ul>\n<p><strong>Koncentracija:<\/strong> vienoje <strong>2 kapsuli\u0173<\/strong> doz\u0117je yra 2500 mg d\u017eiovint\u0173 vaista\u017eoli\u0173.<br \/>\n<strong>Rekomenduojama doz\u0117:<\/strong> suaugusiesiems po 2 kapsules 2 kartus per dien\u0105 tarp valgym\u0173.<\/p>\n<p class=\"feature-herbs__other-ingredients feature-herbs__other-ingredients--desktop-center feature-herbs__other-ingredients--tablet-center\"><b>Sudedamosios dalys:<\/b> Sibirinis \u017een\u0161enis, laukini\u0173 avi\u017e\u0173 s\u0117kl\u0173 ekstraktas, Fo-ti \u0161aknis, ginkmed\u017eio lapai, Azijin\u0117 centel\u0117 (gotu kola), m\u0117tos, rozmarin\u0173 ekstraktas, augalinis glicerinas, vegani\u0161ka kapsul\u0117 (hipromelioz\u0117) ir vanduo.<\/p>\n<p class=\"feature-herbs__non-ingredients feature-herbs__other-ingredients--desktop-center feature-herbs__other-ingredients--tablet-center\"><b>Sud\u0117tyje n\u0117ra:<\/b> kukur\u016bz\u0173, pieno produkt\u0173, glitimo, rie\u0161ut\u0173, v\u0117\u017eiagyvi\u0173, sojos, prid\u0117tinio cukrus, mieli\u0173.<\/p>\n<p class=\"gt-block\">\n","protected":false},"excerpt":{"rendered":"<div class=\"buybox__description\">\n<p class=\"p1\"><span class=\"s1\">Protinei veiklai, d\u0117mesio koncentracijai ir atmin\u010diai palaikyti tradici\u0161kai naudojamas \u017eoleli\u0173 mi\u0161inys. <\/span><\/p>\n<\/div>\n<div class=\"buybox__highlights\">\n<ul class=\"buybox__highlights-list\">\n<li class=\"buybox__highlights-item\">Adaptogenini\u0173 augal\u0173 gakia atmin\u010diai ir kognityviniams geb\u0117jimams stiprinti.<\/li>\n<li class=\"buybox__highlights-item\">Sud\u0117tyje yra Sibiro \u017een\u0161enio, ginkmed\u017eio lap\u0173, gotu kolos, rozmarino ir avi\u017e\u0173 s\u0117kl\u0173 ekstrakto.<\/li>\n<li class=\"buybox__highlights-item\">Reguliarus vartojimas taip pat pad\u0117s jums i\u0161likti ramiems ir susikaupusiems didelio streso metu.<\/li>\n<\/ul>\n<\/div>\n","protected":false},"featured_media":51804,"comment_status":"open","ping_status":"closed","template":"","meta":{"_acf_changed":false},"product_brand":[],"product_cat":[499,473,494],"product_tag":[729,477],"class_list":{"0":"post-57091","1":"product","2":"type-product","3":"status-publish","4":"has-post-thumbnail","6":"product_cat-kunui","7":"product_cat-maisto-papildai","8":"product_cat-smegenu-sveikata","9":"product_tag-gaia-herbs-lt","10":"product_tag-kapsules","12":"first","13":"instock","14":"taxable","15":"shipping-taxable","16":"purchasable","17":"product-type-simple"},"acf":[],"yoast_head":"<!-- This site is optimized with the Yoast SEO plugin v25.3.1 - https:\/\/yoast.com\/wordpress\/plugins\/seo\/ -->\n<title>Mental Alertness - proto budrumas - 60 kapsuli\u0173 | Gaia Herbs - Pure Nature<\/title>\n<meta name=\"robots\" content=\"noindex, follow, max-snippet:-1, max-image-preview:large, max-video-preview:-1\" \/>\n<meta property=\"og:locale\" content=\"lt_LT\" \/>\n<meta property=\"og:type\" content=\"article\" \/>\n<meta property=\"og:title\" content=\"Mental Alertness - proto budrumas - 60 kapsuli\u0173 | Gaia Herbs - Pure Nature\" \/>\n<meta property=\"og:description\" content=\"Protinei veiklai, d\u0117mesio koncentracijai ir atmin\u010diai palaikyti tradici\u0161kai naudojamas \u017eoleli\u0173 mi\u0161inys.       Adaptogenini\u0173 augal\u0173 gakia atmin\u010diai ir kognityviniams geb\u0117jimams stiprinti.  Sud\u0117tyje yra Sibiro \u017een\u0161enio, ginkmed\u017eio lap\u0173, gotu kolos, rozmarino ir avi\u017e\u0173 s\u0117kl\u0173 ekstrakto.  Reguliarus vartojimas taip pat pad\u0117s jums i\u0161likti ramiems ir susikaupusiems didelio streso metu.\" \/>\n<meta property=\"og:url\" content=\"https:\/\/old.elusvali.ee\/lt\/prek\u0117\/proto-budrumas-mental-alertness-60-kapsuliu-gaia-herbs\/\" \/>\n<meta property=\"og:site_name\" content=\"Elusv&auml;li\" \/>\n<meta property=\"article:publisher\" content=\"https:\/\/www.facebook.com\/profile.php?id=100064131067985\" \/>\n<meta property=\"article:modified_time\" content=\"2025-06-06T12:48:25+00:00\" \/>\n<meta property=\"og:image\" content=\"https:\/\/purenature.lt\/wp-content\/uploads\/2024\/10\/Mental-Alertness-Gaia-Herbs.webp\" \/>\n\t<meta property=\"og:image:width\" content=\"1060\" \/>\n\t<meta property=\"og:image:height\" content=\"1060\" \/>\n\t<meta property=\"og:image:type\" content=\"image\/webp\" \/>\n<meta name=\"twitter:card\" content=\"summary_large_image\" \/>\n<meta name=\"twitter:label1\" content=\"Est. reading time\" \/>\n\t<meta name=\"twitter:data1\" content=\"1 minut\u0117\" \/>\n<script type=\"application\/ld+json\" class=\"yoast-schema-graph\">{\"@context\":\"https:\/\/schema.org\",\"@graph\":[{\"@type\":\"WebPage\",\"@id\":\"https:\/\/old.elusvali.ee\/lt\/prek\u0117\/proto-budrumas-mental-alertness-60-kapsuliu-gaia-herbs\/\",\"url\":\"https:\/\/old.elusvali.ee\/lt\/prek\u0117\/proto-budrumas-mental-alertness-60-kapsuliu-gaia-herbs\/\",\"name\":\"Mental Alertness - proto budrumas - 60 kapsuli\u0173 | Gaia Herbs - Pure Nature\",\"isPartOf\":{\"@id\":\"https:\/\/old.elusvali.ee\/lt\/#website\"},\"primaryImageOfPage\":{\"@id\":\"https:\/\/old.elusvali.ee\/lt\/prek\u0117\/proto-budrumas-mental-alertness-60-kapsuliu-gaia-herbs\/#primaryimage\"},\"image\":{\"@id\":\"https:\/\/old.elusvali.ee\/lt\/prek\u0117\/proto-budrumas-mental-alertness-60-kapsuliu-gaia-herbs\/#primaryimage\"},\"thumbnailUrl\":\"https:\/\/old.elusvali.ee\/wp-content\/uploads\/2024\/10\/Mental-Alertness-Gaia-Herbs.webp\",\"datePublished\":\"2024-10-21T06:43:48+00:00\",\"dateModified\":\"2025-06-06T12:48:25+00:00\",\"breadcrumb\":{\"@id\":\"https:\/\/old.elusvali.ee\/lt\/prek\u0117\/proto-budrumas-mental-alertness-60-kapsuliu-gaia-herbs\/#breadcrumb\"},\"inLanguage\":\"lt-LT\",\"potentialAction\":[{\"@type\":\"ReadAction\",\"target\":[\"https:\/\/old.elusvali.ee\/lt\/prek\u0117\/proto-budrumas-mental-alertness-60-kapsuliu-gaia-herbs\/\"]}]},{\"@type\":\"ImageObject\",\"inLanguage\":\"lt-LT\",\"@id\":\"https:\/\/old.elusvali.ee\/lt\/prek\u0117\/proto-budrumas-mental-alertness-60-kapsuliu-gaia-herbs\/#primaryimage\",\"url\":\"https:\/\/old.elusvali.ee\/wp-content\/uploads\/2024\/10\/Mental-Alertness-Gaia-Herbs.webp\",\"contentUrl\":\"https:\/\/old.elusvali.ee\/wp-content\/uploads\/2024\/10\/Mental-Alertness-Gaia-Herbs.webp\",\"width\":1060,\"height\":1060,\"caption\":\"Mental alertness maisto papildas\"},{\"@type\":\"BreadcrumbList\",\"@id\":\"https:\/\/old.elusvali.ee\/lt\/prek\u0117\/proto-budrumas-mental-alertness-60-kapsuliu-gaia-herbs\/#breadcrumb\",\"itemListElement\":[{\"@type\":\"ListItem\",\"position\":1,\"name\":\"Home\",\"item\":\"https:\/\/old.elusvali.ee\/lt\/\"},{\"@type\":\"ListItem\",\"position\":2,\"name\":\"Elektronin\u0117 parduotuv\u0117\",\"item\":\"https:\/\/purenature.lt\/parduotuve\/\"},{\"@type\":\"ListItem\",\"position\":3,\"name\":\"Mental Alertness &#8211; proto budrumas &#8211; 60 kapsuli\u0173 | Gaia Herbs\"}]},{\"@type\":\"WebSite\",\"@id\":\"https:\/\/old.elusvali.ee\/lt\/#website\",\"url\":\"https:\/\/old.elusvali.ee\/lt\/\",\"name\":\"Elusv\u00e4li\",\"description\":\"Puhas k&ouml;&ouml;k ja koduapteek\",\"publisher\":{\"@id\":\"https:\/\/old.elusvali.ee\/lt\/#organization\"},\"potentialAction\":[{\"@type\":\"SearchAction\",\"target\":{\"@type\":\"EntryPoint\",\"urlTemplate\":\"https:\/\/old.elusvali.ee\/lt\/?s={search_term_string}\"},\"query-input\":{\"@type\":\"PropertyValueSpecification\",\"valueRequired\":true,\"valueName\":\"search_term_string\"}}],\"inLanguage\":\"lt-LT\"},{\"@type\":\"Organization\",\"@id\":\"https:\/\/old.elusvali.ee\/lt\/#organization\",\"name\":\"Elusv\u00e4li\",\"url\":\"https:\/\/old.elusvali.ee\/lt\/\",\"logo\":{\"@type\":\"ImageObject\",\"inLanguage\":\"lt-LT\",\"@id\":\"https:\/\/old.elusvali.ee\/lt\/#\/schema\/logo\/image\/\",\"url\":\"https:\/\/purenature.lt\/wp-content\/uploads\/2023\/07\/logo.png\",\"contentUrl\":\"https:\/\/purenature.lt\/wp-content\/uploads\/2023\/07\/logo.png\",\"width\":526,\"height\":146,\"caption\":\"Elusv\u00e4li\"},\"image\":{\"@id\":\"https:\/\/old.elusvali.ee\/lt\/#\/schema\/logo\/image\/\"},\"sameAs\":[\"https:\/\/www.facebook.com\/profile.php?id=100064131067985\",\"https:\/\/www.instagram.com\/elusvali\/\",\"https:\/\/www.youtube.com\/@elusvali2110\"]}]}<\/script>\n<!-- \/ Yoast SEO plugin. -->","yoast_head_json":{"title":"Mental Alertness - proto budrumas - 60 kapsuli\u0173 | Gaia Herbs - Pure Nature","robots":{"index":"noindex","follow":"follow","max-snippet":"max-snippet:-1","max-image-preview":"max-image-preview:large","max-video-preview":"max-video-preview:-1"},"og_locale":"lt_LT","og_type":"article","og_title":"Mental Alertness - proto budrumas - 60 kapsuli\u0173 | Gaia Herbs - Pure Nature","og_description":"Protinei veiklai, d\u0117mesio koncentracijai ir atmin\u010diai palaikyti tradici\u0161kai naudojamas \u017eoleli\u0173 mi\u0161inys.       Adaptogenini\u0173 augal\u0173 gakia atmin\u010diai ir kognityviniams geb\u0117jimams stiprinti.  Sud\u0117tyje yra Sibiro \u017een\u0161enio, ginkmed\u017eio lap\u0173, gotu kolos, rozmarino ir avi\u017e\u0173 s\u0117kl\u0173 ekstrakto.  Reguliarus vartojimas taip pat pad\u0117s jums i\u0161likti ramiems ir susikaupusiems didelio streso metu.","og_url":"https:\/\/old.elusvali.ee\/lt\/prek\u0117\/proto-budrumas-mental-alertness-60-kapsuliu-gaia-herbs\/","og_site_name":"Elusv&auml;li","article_publisher":"https:\/\/www.facebook.com\/profile.php?id=100064131067985","article_modified_time":"2025-06-06T12:48:25+00:00","og_image":[{"width":1060,"height":1060,"url":"https:\/\/purenature.lt\/wp-content\/uploads\/2024\/10\/Mental-Alertness-Gaia-Herbs.webp","type":"image\/webp"}],"twitter_card":"summary_large_image","twitter_misc":{"Est. reading time":"1 minut\u0117"},"schema":{"@context":"https:\/\/schema.org","@graph":[{"@type":"WebPage","@id":"https:\/\/old.elusvali.ee\/lt\/prek\u0117\/proto-budrumas-mental-alertness-60-kapsuliu-gaia-herbs\/","url":"https:\/\/old.elusvali.ee\/lt\/prek\u0117\/proto-budrumas-mental-alertness-60-kapsuliu-gaia-herbs\/","name":"Mental Alertness - proto budrumas - 60 kapsuli\u0173 | Gaia Herbs - Pure Nature","isPartOf":{"@id":"https:\/\/old.elusvali.ee\/lt\/#website"},"primaryImageOfPage":{"@id":"https:\/\/old.elusvali.ee\/lt\/prek\u0117\/proto-budrumas-mental-alertness-60-kapsuliu-gaia-herbs\/#primaryimage"},"image":{"@id":"https:\/\/old.elusvali.ee\/lt\/prek\u0117\/proto-budrumas-mental-alertness-60-kapsuliu-gaia-herbs\/#primaryimage"},"thumbnailUrl":"https:\/\/old.elusvali.ee\/wp-content\/uploads\/2024\/10\/Mental-Alertness-Gaia-Herbs.webp","datePublished":"2024-10-21T06:43:48+00:00","dateModified":"2025-06-06T12:48:25+00:00","breadcrumb":{"@id":"https:\/\/old.elusvali.ee\/lt\/prek\u0117\/proto-budrumas-mental-alertness-60-kapsuliu-gaia-herbs\/#breadcrumb"},"inLanguage":"lt-LT","potentialAction":[{"@type":"ReadAction","target":["https:\/\/old.elusvali.ee\/lt\/prek\u0117\/proto-budrumas-mental-alertness-60-kapsuliu-gaia-herbs\/"]}]},{"@type":"ImageObject","inLanguage":"lt-LT","@id":"https:\/\/old.elusvali.ee\/lt\/prek\u0117\/proto-budrumas-mental-alertness-60-kapsuliu-gaia-herbs\/#primaryimage","url":"https:\/\/old.elusvali.ee\/wp-content\/uploads\/2024\/10\/Mental-Alertness-Gaia-Herbs.webp","contentUrl":"https:\/\/old.elusvali.ee\/wp-content\/uploads\/2024\/10\/Mental-Alertness-Gaia-Herbs.webp","width":1060,"height":1060,"caption":"Mental alertness maisto papildas"},{"@type":"BreadcrumbList","@id":"https:\/\/old.elusvali.ee\/lt\/prek\u0117\/proto-budrumas-mental-alertness-60-kapsuliu-gaia-herbs\/#breadcrumb","itemListElement":[{"@type":"ListItem","position":1,"name":"Home","item":"https:\/\/old.elusvali.ee\/lt\/"},{"@type":"ListItem","position":2,"name":"Elektronin\u0117 parduotuv\u0117","item":"https:\/\/purenature.lt\/parduotuve\/"},{"@type":"ListItem","position":3,"name":"Mental Alertness &#8211; proto budrumas &#8211; 60 kapsuli\u0173 | Gaia Herbs"}]},{"@type":"WebSite","@id":"https:\/\/old.elusvali.ee\/lt\/#website","url":"https:\/\/old.elusvali.ee\/lt\/","name":"Elusv\u00e4li","description":"Puhas k&ouml;&ouml;k ja koduapteek","publisher":{"@id":"https:\/\/old.elusvali.ee\/lt\/#organization"},"potentialAction":[{"@type":"SearchAction","target":{"@type":"EntryPoint","urlTemplate":"https:\/\/old.elusvali.ee\/lt\/?s={search_term_string}"},"query-input":{"@type":"PropertyValueSpecification","valueRequired":true,"valueName":"search_term_string"}}],"inLanguage":"lt-LT"},{"@type":"Organization","@id":"https:\/\/old.elusvali.ee\/lt\/#organization","name":"Elusv\u00e4li","url":"https:\/\/old.elusvali.ee\/lt\/","logo":{"@type":"ImageObject","inLanguage":"lt-LT","@id":"https:\/\/old.elusvali.ee\/lt\/#\/schema\/logo\/image\/","url":"https:\/\/purenature.lt\/wp-content\/uploads\/2023\/07\/logo.png","contentUrl":"https:\/\/purenature.lt\/wp-content\/uploads\/2023\/07\/logo.png","width":526,"height":146,"caption":"Elusv\u00e4li"},"image":{"@id":"https:\/\/old.elusvali.ee\/lt\/#\/schema\/logo\/image\/"},"sameAs":["https:\/\/www.facebook.com\/profile.php?id=100064131067985","https:\/\/www.instagram.com\/elusvali\/","https:\/\/www.youtube.com\/@elusvali2110"]}]}},"_links":{"self":[{"href":"https:\/\/old.elusvali.ee\/lt\/wp-json\/wp\/v2\/product\/57091","targetHints":{"allow":["GET"]}}],"collection":[{"href":"https:\/\/old.elusvali.ee\/lt\/wp-json\/wp\/v2\/product"}],"about":[{"href":"https:\/\/old.elusvali.ee\/lt\/wp-json\/wp\/v2\/types\/product"}],"replies":[{"embeddable":true,"href":"https:\/\/old.elusvali.ee\/lt\/wp-json\/wp\/v2\/comments?post=57091"}],"version-history":[{"count":3,"href":"https:\/\/old.elusvali.ee\/lt\/wp-json\/wp\/v2\/product\/57091\/revisions"}],"predecessor-version":[{"id":57120,"href":"https:\/\/old.elusvali.ee\/lt\/wp-json\/wp\/v2\/product\/57091\/revisions\/57120"}],"wp:featuredmedia":[{"embeddable":true,"href":"https:\/\/old.elusvali.ee\/lt\/wp-json\/wp\/v2\/media\/51804"}],"wp:attachment":[{"href":"https:\/\/old.elusvali.ee\/lt\/wp-json\/wp\/v2\/media?parent=57091"}],"wp:term":[{"taxonomy":"product_brand","embeddable":true,"href":"https:\/\/old.elusvali.ee\/lt\/wp-json\/wp\/v2\/product_brand?post=57091"},{"taxonomy":"product_cat","embeddable":true,"href":"https:\/\/old.elusvali.ee\/lt\/wp-json\/wp\/v2\/product_cat?post=57091"},{"taxonomy":"product_tag","embeddable":true,"href":"https:\/\/old.elusvali.ee\/lt\/wp-json\/wp\/v2\/product_tag?post=57091"}],"curies":[{"name":"wp","href":"https:\/\/api.w.org\/{rel}","templated":true}]}}