{"id":46758,"date":"2024-06-20T09:58:02","date_gmt":"2024-06-20T06:58:02","guid":{"rendered":"https:\/\/old.elusvali.ee\/product\/liofilizuotos-ekologiskos-melynes-ervita-berry-farming\/"},"modified":"2025-06-25T20:44:28","modified_gmt":"2025-06-25T17:44:28","slug":"liofilizuotos-ekologiskos-melynes-ervita-berry-farming","status":"publish","type":"product","link":"https:\/\/old.elusvali.ee\/lt\/prek\u0117\/liofilizuotos-ekologiskos-melynes-ervita-berry-farming\/","title":{"rendered":"Liofilizuotos ekologi\u0161kos m\u0117lyn\u0117s | Ervita Berry Farming"},"content":{"rendered":"<p>Estijoje ekologi\u0161kai u\u017eaugintos, liofilizuotos laukin\u0117s m\u0117lyn\u0117s <em>(Vaccinium angustifolium &#8211; <\/em>m\u0117lyni\u0173 veisl\u0117, importuota i\u0161 Kanados). Jos puikiai papildys j\u016bs\u0173 sveik\u0173 u\u017ekand\u017ei\u0173 asortiment\u0105 ir bus vertingas ingredientas j\u016bs\u0173 patiekalams.\u00a0 \u0160ios liofilizuotos m\u0117lyn\u0117s puikiai tiks pasiimti \u012f kelion\u0119, i\u0161kyl\u0105 ar kaip u\u017ekandis vaikams. Tai net gali b\u016bti labai skani saldaini\u0173 alternatyva vaikams. O gal tegul tai b\u016bna dovana draugams ar artimiesiems, kuri\u0173 sveikata jums r\u016bpi!<\/p>\n<p>Liofilizuotos m\u0117lyn\u0117s &#8211;\u00a0 gardus u\u017ekandis. \u0160ios m\u0117lyn\u0117s daug saldesn\u0117s \u012fprastos mi\u0161ko, nes nat\u016bralaus cukraus kiekis <em>Vaccinium angustifolium<\/em> veisl\u0117s m\u0117lyn\u0117se yra daug didesnis nei pas mus augan\u010di\u0173 <em>Vaccinium myrtillus <\/em>veisl\u0117s m\u0117lyn\u0117se.<\/p>\n<p><em>Liofilizuotos uogos labai greitai sugeria dr\u0117gm\u0119 i\u0161 aplinkos, tod\u0117l norint pasim\u0117gauti geriausiomis skonio savyb\u0117mis, rekomenduojame liofilizuotas ekologi\u0161kas m\u0117lynes suvalgyti t\u0105 pa\u010di\u0105 dien\u0105 po atidarymo arba labai gerai ir sandariai u\u017edaryti pakuot\u0119. <\/em><\/p>\n<p><em>Atkreipkite d\u0117mes\u012f, kad jei norite pasinaudoti sunkiuosius metalus \u0161alinan\u010diomis Vaccinium angustifolium savyb\u0117mis, jos turi b\u016bti kilusios i\u0161 Kanados arba Meino valstijos, JAV. Nors m\u016bs\u0173 mi\u0161kuose augan\u010dios laukin\u0117s m\u0117lyn\u0117s puikiai tinka kaip sveikas ir skanus u\u017ekandis, <a href=\"https:\/\/purenature.lt\/prek%C4%97\/vimergy-liofilizuotos-laukines-melynes\/\">Vimergy laukini\u0173 m\u0117lyni\u0173 miltelius<\/a> rekomenduojama naudoti kaip sunkiuosius metalus \u0161alinan\u010dio detoksikacinio kokteilio sudedam\u0105j\u0105 dal\u012f.<\/em><\/p>\n","protected":false},"excerpt":{"rendered":"<p>\u0160ios liofilizuotos laukin\u0117s m\u0117lyn\u0117s yra saldaus skonio. Gard\u017eios kaip saldainiai ir tra\u0161kios kaip sprag\u0117siai. Ir yra 100% grynos bei sveikos.<\/p>\n<ul>\n<li>Be prid\u0117tinio cukraus;<\/li>\n<li>Be joki\u0173 pried\u0173 &#8211; sud\u0117tyje n\u0117ra lipnum\u0105 ma\u017einan\u010di\u0173 ar t\u016bri kei\u010dian\u010di\u0173 med\u017eiag\u0173;<\/li>\n<li>100% ekologi\u0161ka;<\/li>\n<li>100% Estijoje u\u017eaugintos ekologi\u0161kos m\u0117lyn\u0117s.<\/li>\n<\/ul>\n<p>Tai produktas, kuris gali tapti kitu j\u016bs\u0173 m\u0117gstamiausiu skan\u0117stu. I\u0161bandykite ir \u012fsitikinkite patys.<\/p>\n","protected":false},"featured_media":44174,"comment_status":"open","ping_status":"closed","template":"","meta":{"_acf_changed":false},"product_brand":[],"product_cat":[485,491,445],"product_tag":[697],"class_list":{"0":"post-46758","1":"product","2":"type-product","3":"status-publish","4":"has-post-thumbnail","6":"product_cat-dziovinti-vaisiai","7":"product_cat-kaip-dovana","8":"product_cat-uzkandziai","9":"product_tag-melyniu","11":"first","12":"instock","13":"taxable","14":"shipping-taxable","15":"purchasable","16":"product-type-variable","17":"has-default-attributes"},"acf":[],"yoast_head":"<!-- This site is optimized with the Yoast SEO plugin v25.3.1 - https:\/\/yoast.com\/wordpress\/plugins\/seo\/ -->\n<title>Liofilizuotos ekologi\u0161kos m\u0117lyn\u0117s | Ervita Berry Farming - Pure Nature<\/title>\n<meta name=\"description\" content=\"Sald\u017eios, burnoje tirpstan\u010dios liofilizuotos laukin\u0117s m\u0117lyn\u0117s, u\u017eaugintos Estijoje. Tai yra Kanados laukini\u0173 m\u0117lyni\u0173 veisl\u0117 vaccinium angustifolium.\" \/>\n<meta name=\"robots\" content=\"noindex, follow, max-snippet:-1, max-image-preview:large, max-video-preview:-1\" \/>\n<meta property=\"og:locale\" content=\"lt_LT\" \/>\n<meta property=\"og:type\" content=\"article\" \/>\n<meta property=\"og:title\" content=\"Liofilizuotos ekologi\u0161kos m\u0117lyn\u0117s | Ervita Berry Farming - Pure Nature\" \/>\n<meta property=\"og:description\" content=\"Sald\u017eios, burnoje tirpstan\u010dios liofilizuotos laukin\u0117s m\u0117lyn\u0117s, u\u017eaugintos Estijoje. Tai yra Kanados laukini\u0173 m\u0117lyni\u0173 veisl\u0117 vaccinium angustifolium.\" \/>\n<meta property=\"og:url\" content=\"https:\/\/old.elusvali.ee\/lt\/prek\u0117\/liofilizuotos-ekologiskos-melynes-ervita-berry-farming\/\" \/>\n<meta property=\"og:site_name\" content=\"Elusv&auml;li\" \/>\n<meta property=\"article:publisher\" content=\"https:\/\/www.facebook.com\/profile.php?id=100064131067985\" \/>\n<meta property=\"article:modified_time\" content=\"2025-06-25T17:44:28+00:00\" \/>\n<meta property=\"og:image\" content=\"https:\/\/purenature.lt\/wp-content\/uploads\/2024\/05\/kulmkuivatatud-metsmustikad-vaccinium-angustifolium-20g.jpg\" \/>\n\t<meta property=\"og:image:width\" content=\"1500\" \/>\n\t<meta property=\"og:image:height\" content=\"1500\" \/>\n\t<meta property=\"og:image:type\" content=\"image\/jpeg\" \/>\n<meta name=\"twitter:card\" content=\"summary_large_image\" \/>\n<meta name=\"twitter:label1\" content=\"Est. reading time\" \/>\n\t<meta name=\"twitter:data1\" content=\"2 minut\u0117s\" \/>\n<script type=\"application\/ld+json\" class=\"yoast-schema-graph\">{\"@context\":\"https:\/\/schema.org\",\"@graph\":[{\"@type\":\"WebPage\",\"@id\":\"https:\/\/old.elusvali.ee\/lt\/prek\u0117\/liofilizuotos-ekologiskos-melynes-ervita-berry-farming\/\",\"url\":\"https:\/\/old.elusvali.ee\/lt\/prek\u0117\/liofilizuotos-ekologiskos-melynes-ervita-berry-farming\/\",\"name\":\"Liofilizuotos ekologi\u0161kos m\u0117lyn\u0117s | Ervita Berry Farming - Pure Nature\",\"isPartOf\":{\"@id\":\"https:\/\/old.elusvali.ee\/lt\/#website\"},\"primaryImageOfPage\":{\"@id\":\"https:\/\/old.elusvali.ee\/lt\/prek\u0117\/liofilizuotos-ekologiskos-melynes-ervita-berry-farming\/#primaryimage\"},\"image\":{\"@id\":\"https:\/\/old.elusvali.ee\/lt\/prek\u0117\/liofilizuotos-ekologiskos-melynes-ervita-berry-farming\/#primaryimage\"},\"thumbnailUrl\":\"https:\/\/old.elusvali.ee\/wp-content\/uploads\/2024\/05\/kulmkuivatatud-metsmustikad-vaccinium-angustifolium-20g.jpg\",\"datePublished\":\"2024-06-20T06:58:02+00:00\",\"dateModified\":\"2025-06-25T17:44:28+00:00\",\"description\":\"Sald\u017eios, burnoje tirpstan\u010dios liofilizuotos laukin\u0117s m\u0117lyn\u0117s, u\u017eaugintos Estijoje. Tai yra Kanados laukini\u0173 m\u0117lyni\u0173 veisl\u0117 vaccinium angustifolium.\",\"breadcrumb\":{\"@id\":\"https:\/\/old.elusvali.ee\/lt\/prek\u0117\/liofilizuotos-ekologiskos-melynes-ervita-berry-farming\/#breadcrumb\"},\"inLanguage\":\"lt-LT\",\"potentialAction\":[{\"@type\":\"ReadAction\",\"target\":[\"https:\/\/old.elusvali.ee\/lt\/prek\u0117\/liofilizuotos-ekologiskos-melynes-ervita-berry-farming\/\"]}]},{\"@type\":\"ImageObject\",\"inLanguage\":\"lt-LT\",\"@id\":\"https:\/\/old.elusvali.ee\/lt\/prek\u0117\/liofilizuotos-ekologiskos-melynes-ervita-berry-farming\/#primaryimage\",\"url\":\"https:\/\/old.elusvali.ee\/wp-content\/uploads\/2024\/05\/kulmkuivatatud-metsmustikad-vaccinium-angustifolium-20g.jpg\",\"contentUrl\":\"https:\/\/old.elusvali.ee\/wp-content\/uploads\/2024\/05\/kulmkuivatatud-metsmustikad-vaccinium-angustifolium-20g.jpg\",\"width\":1500,\"height\":1500,\"caption\":\"Liofilizuotos melynes\"},{\"@type\":\"BreadcrumbList\",\"@id\":\"https:\/\/old.elusvali.ee\/lt\/prek\u0117\/liofilizuotos-ekologiskos-melynes-ervita-berry-farming\/#breadcrumb\",\"itemListElement\":[{\"@type\":\"ListItem\",\"position\":1,\"name\":\"Home\",\"item\":\"https:\/\/old.elusvali.ee\/lt\/\"},{\"@type\":\"ListItem\",\"position\":2,\"name\":\"Elektronin\u0117 parduotuv\u0117\",\"item\":\"https:\/\/purenature.lt\/parduotuve\/\"},{\"@type\":\"ListItem\",\"position\":3,\"name\":\"Liofilizuotos ekologi\u0161kos m\u0117lyn\u0117s | Ervita Berry Farming\"}]},{\"@type\":\"WebSite\",\"@id\":\"https:\/\/old.elusvali.ee\/lt\/#website\",\"url\":\"https:\/\/old.elusvali.ee\/lt\/\",\"name\":\"Elusv\u00e4li\",\"description\":\"Puhas k&ouml;&ouml;k ja koduapteek\",\"publisher\":{\"@id\":\"https:\/\/old.elusvali.ee\/lt\/#organization\"},\"potentialAction\":[{\"@type\":\"SearchAction\",\"target\":{\"@type\":\"EntryPoint\",\"urlTemplate\":\"https:\/\/old.elusvali.ee\/lt\/?s={search_term_string}\"},\"query-input\":{\"@type\":\"PropertyValueSpecification\",\"valueRequired\":true,\"valueName\":\"search_term_string\"}}],\"inLanguage\":\"lt-LT\"},{\"@type\":\"Organization\",\"@id\":\"https:\/\/old.elusvali.ee\/lt\/#organization\",\"name\":\"Elusv\u00e4li\",\"url\":\"https:\/\/old.elusvali.ee\/lt\/\",\"logo\":{\"@type\":\"ImageObject\",\"inLanguage\":\"lt-LT\",\"@id\":\"https:\/\/old.elusvali.ee\/lt\/#\/schema\/logo\/image\/\",\"url\":\"https:\/\/purenature.lt\/wp-content\/uploads\/2023\/07\/logo.png\",\"contentUrl\":\"https:\/\/purenature.lt\/wp-content\/uploads\/2023\/07\/logo.png\",\"width\":526,\"height\":146,\"caption\":\"Elusv\u00e4li\"},\"image\":{\"@id\":\"https:\/\/old.elusvali.ee\/lt\/#\/schema\/logo\/image\/\"},\"sameAs\":[\"https:\/\/www.facebook.com\/profile.php?id=100064131067985\",\"https:\/\/www.instagram.com\/elusvali\/\",\"https:\/\/www.youtube.com\/@elusvali2110\"]}]}<\/script>\n<!-- \/ Yoast SEO plugin. -->","yoast_head_json":{"title":"Liofilizuotos ekologi\u0161kos m\u0117lyn\u0117s | Ervita Berry Farming - Pure Nature","description":"Sald\u017eios, burnoje tirpstan\u010dios liofilizuotos laukin\u0117s m\u0117lyn\u0117s, u\u017eaugintos Estijoje. Tai yra Kanados laukini\u0173 m\u0117lyni\u0173 veisl\u0117 vaccinium angustifolium.","robots":{"index":"noindex","follow":"follow","max-snippet":"max-snippet:-1","max-image-preview":"max-image-preview:large","max-video-preview":"max-video-preview:-1"},"og_locale":"lt_LT","og_type":"article","og_title":"Liofilizuotos ekologi\u0161kos m\u0117lyn\u0117s | Ervita Berry Farming - Pure Nature","og_description":"Sald\u017eios, burnoje tirpstan\u010dios liofilizuotos laukin\u0117s m\u0117lyn\u0117s, u\u017eaugintos Estijoje. Tai yra Kanados laukini\u0173 m\u0117lyni\u0173 veisl\u0117 vaccinium angustifolium.","og_url":"https:\/\/old.elusvali.ee\/lt\/prek\u0117\/liofilizuotos-ekologiskos-melynes-ervita-berry-farming\/","og_site_name":"Elusv&auml;li","article_publisher":"https:\/\/www.facebook.com\/profile.php?id=100064131067985","article_modified_time":"2025-06-25T17:44:28+00:00","og_image":[{"width":1500,"height":1500,"url":"https:\/\/purenature.lt\/wp-content\/uploads\/2024\/05\/kulmkuivatatud-metsmustikad-vaccinium-angustifolium-20g.jpg","type":"image\/jpeg"}],"twitter_card":"summary_large_image","twitter_misc":{"Est. reading time":"2 minut\u0117s"},"schema":{"@context":"https:\/\/schema.org","@graph":[{"@type":"WebPage","@id":"https:\/\/old.elusvali.ee\/lt\/prek\u0117\/liofilizuotos-ekologiskos-melynes-ervita-berry-farming\/","url":"https:\/\/old.elusvali.ee\/lt\/prek\u0117\/liofilizuotos-ekologiskos-melynes-ervita-berry-farming\/","name":"Liofilizuotos ekologi\u0161kos m\u0117lyn\u0117s | Ervita Berry Farming - Pure Nature","isPartOf":{"@id":"https:\/\/old.elusvali.ee\/lt\/#website"},"primaryImageOfPage":{"@id":"https:\/\/old.elusvali.ee\/lt\/prek\u0117\/liofilizuotos-ekologiskos-melynes-ervita-berry-farming\/#primaryimage"},"image":{"@id":"https:\/\/old.elusvali.ee\/lt\/prek\u0117\/liofilizuotos-ekologiskos-melynes-ervita-berry-farming\/#primaryimage"},"thumbnailUrl":"https:\/\/old.elusvali.ee\/wp-content\/uploads\/2024\/05\/kulmkuivatatud-metsmustikad-vaccinium-angustifolium-20g.jpg","datePublished":"2024-06-20T06:58:02+00:00","dateModified":"2025-06-25T17:44:28+00:00","description":"Sald\u017eios, burnoje tirpstan\u010dios liofilizuotos laukin\u0117s m\u0117lyn\u0117s, u\u017eaugintos Estijoje. Tai yra Kanados laukini\u0173 m\u0117lyni\u0173 veisl\u0117 vaccinium angustifolium.","breadcrumb":{"@id":"https:\/\/old.elusvali.ee\/lt\/prek\u0117\/liofilizuotos-ekologiskos-melynes-ervita-berry-farming\/#breadcrumb"},"inLanguage":"lt-LT","potentialAction":[{"@type":"ReadAction","target":["https:\/\/old.elusvali.ee\/lt\/prek\u0117\/liofilizuotos-ekologiskos-melynes-ervita-berry-farming\/"]}]},{"@type":"ImageObject","inLanguage":"lt-LT","@id":"https:\/\/old.elusvali.ee\/lt\/prek\u0117\/liofilizuotos-ekologiskos-melynes-ervita-berry-farming\/#primaryimage","url":"https:\/\/old.elusvali.ee\/wp-content\/uploads\/2024\/05\/kulmkuivatatud-metsmustikad-vaccinium-angustifolium-20g.jpg","contentUrl":"https:\/\/old.elusvali.ee\/wp-content\/uploads\/2024\/05\/kulmkuivatatud-metsmustikad-vaccinium-angustifolium-20g.jpg","width":1500,"height":1500,"caption":"Liofilizuotos melynes"},{"@type":"BreadcrumbList","@id":"https:\/\/old.elusvali.ee\/lt\/prek\u0117\/liofilizuotos-ekologiskos-melynes-ervita-berry-farming\/#breadcrumb","itemListElement":[{"@type":"ListItem","position":1,"name":"Home","item":"https:\/\/old.elusvali.ee\/lt\/"},{"@type":"ListItem","position":2,"name":"Elektronin\u0117 parduotuv\u0117","item":"https:\/\/purenature.lt\/parduotuve\/"},{"@type":"ListItem","position":3,"name":"Liofilizuotos ekologi\u0161kos m\u0117lyn\u0117s | Ervita Berry Farming"}]},{"@type":"WebSite","@id":"https:\/\/old.elusvali.ee\/lt\/#website","url":"https:\/\/old.elusvali.ee\/lt\/","name":"Elusv\u00e4li","description":"Puhas k&ouml;&ouml;k ja koduapteek","publisher":{"@id":"https:\/\/old.elusvali.ee\/lt\/#organization"},"potentialAction":[{"@type":"SearchAction","target":{"@type":"EntryPoint","urlTemplate":"https:\/\/old.elusvali.ee\/lt\/?s={search_term_string}"},"query-input":{"@type":"PropertyValueSpecification","valueRequired":true,"valueName":"search_term_string"}}],"inLanguage":"lt-LT"},{"@type":"Organization","@id":"https:\/\/old.elusvali.ee\/lt\/#organization","name":"Elusv\u00e4li","url":"https:\/\/old.elusvali.ee\/lt\/","logo":{"@type":"ImageObject","inLanguage":"lt-LT","@id":"https:\/\/old.elusvali.ee\/lt\/#\/schema\/logo\/image\/","url":"https:\/\/purenature.lt\/wp-content\/uploads\/2023\/07\/logo.png","contentUrl":"https:\/\/purenature.lt\/wp-content\/uploads\/2023\/07\/logo.png","width":526,"height":146,"caption":"Elusv\u00e4li"},"image":{"@id":"https:\/\/old.elusvali.ee\/lt\/#\/schema\/logo\/image\/"},"sameAs":["https:\/\/www.facebook.com\/profile.php?id=100064131067985","https:\/\/www.instagram.com\/elusvali\/","https:\/\/www.youtube.com\/@elusvali2110"]}]}},"_links":{"self":[{"href":"https:\/\/old.elusvali.ee\/lt\/wp-json\/wp\/v2\/product\/46758","targetHints":{"allow":["GET"]}}],"collection":[{"href":"https:\/\/old.elusvali.ee\/lt\/wp-json\/wp\/v2\/product"}],"about":[{"href":"https:\/\/old.elusvali.ee\/lt\/wp-json\/wp\/v2\/types\/product"}],"replies":[{"embeddable":true,"href":"https:\/\/old.elusvali.ee\/lt\/wp-json\/wp\/v2\/comments?post=46758"}],"version-history":[{"count":0,"href":"https:\/\/old.elusvali.ee\/lt\/wp-json\/wp\/v2\/product\/46758\/revisions"}],"wp:featuredmedia":[{"embeddable":true,"href":"https:\/\/old.elusvali.ee\/lt\/wp-json\/wp\/v2\/media\/44174"}],"wp:attachment":[{"href":"https:\/\/old.elusvali.ee\/lt\/wp-json\/wp\/v2\/media?parent=46758"}],"wp:term":[{"taxonomy":"product_brand","embeddable":true,"href":"https:\/\/old.elusvali.ee\/lt\/wp-json\/wp\/v2\/product_brand?post=46758"},{"taxonomy":"product_cat","embeddable":true,"href":"https:\/\/old.elusvali.ee\/lt\/wp-json\/wp\/v2\/product_cat?post=46758"},{"taxonomy":"product_tag","embeddable":true,"href":"https:\/\/old.elusvali.ee\/lt\/wp-json\/wp\/v2\/product_tag?post=46758"}],"curies":[{"name":"wp","href":"https:\/\/api.w.org\/{rel}","templated":true}]}}