{"id":43305,"date":"2024-05-07T14:35:18","date_gmt":"2024-05-07T11:35:18","guid":{"rendered":"https:\/\/old.elusvali.ee\/?post_type=product&#038;p=43305"},"modified":"2025-03-13T08:40:57","modified_gmt":"2025-03-13T06:40:57","slug":"klevu-sirupo-rinkinys-maple-farm","status":"publish","type":"product","link":"https:\/\/old.elusvali.ee\/lt\/prek\u0117\/klevu-sirupo-rinkinys-maple-farm\/","title":{"rendered":"Klev\u0173 sirupo m\u0117g\u0117j\u0173 rinkinys 4 x 189 ml | Maple Farm"},"content":{"rendered":"<p>Maple Farm yra \u017einomas kaip prek\u0117s \u017eenklas, simbolizuojantis klev\u0173 sirupo grynum\u0105 ir tikr\u0105 skon\u012f. Galite rasti \u012fvairi\u0173 klev\u0173 sirup\u0173 skoni\u0173, i\u0161 skirting\u0173 derliaus nu\u0117mimo etap\u0173, taip pat kit\u0173 \u012fdomi\u0173 klev\u0173 sirupo produkt\u0173.<\/p>\n<p>Dovan\u0173 rinkinys &#8211; puikus b\u016bdas supa\u017eindinti save ar savo mylim\u0105 \u017emog\u0173 su \u012fdomiu ir \u012fvairiapusi\u0161ku klev\u0173 sirup\u0173 pasauliu.<\/p>\n<p>Pavyzd\u017eiui, ar \u017einojote, kad klev\u0173 sirupai kategorizuojami pagal keturias pagrindines skonio savybes? Keturios klev\u0173 sirupo r\u016b\u0161ys skiriasi d\u0117l derliaus nu\u0117mimo laiko. Tai turi \u012ftakos visoms klev\u0173 sirupo savyb\u0117ms &#8211; spalvai, skoniui ir tekst\u016brai.<\/p>\n<ol>\n<li><strong>Auksinis <\/strong>klev\u0173 sirupas, \u0161velniausio skonio, gaminamas kovo prad\u017eioje, sulos rinkimo sezono prad\u017eioje, i\u0161 Kvebeko (Kanada) mi\u0161kuose surinktos sulos. Tai <strong>re\u010diausias<\/strong> ir subtiliausias variantas, kurio gamyba trumpa ir ribota.<\/li>\n<li><strong>Amber<\/strong> (gintarinis) yra turtingo skonio ir gaminamas i\u0161 kovo m\u0117nes\u012f surinktos sulos. \u0160iame klev\u0173 sirupo variante daugiau vaisini\u0173 nat\u0173.<\/li>\n<li><strong>Tamsusis<\/strong> (Dark) yra stipraus skonio. \u0160ios kategorijos klev\u0173 sirupas gaminamas i\u0161 sulos, surinktos baland\u017eio m\u0117nes\u012f, sulos derliaus sezono viduryje. Tai <strong>populiariausias<\/strong> variantas d\u0117l savo universalumo tiek sald\u017eiuose, tiek pikanti\u0161kuose receptuose.<\/li>\n<li><strong>Labai tamsus<\/strong> (Very Dark) yra intensyvaus skonio sirupas, gaminamas i\u0161 klev\u0173 sulos, surinktos derliaus sezono pabaigoje, baland\u017eio pabaigoje. Idealiai tinka m\u0117gstantiems intensyvesnius skonius, pavyzd\u017eiui, pyrag\u0173 ir pyragai\u010di\u0173 gamyboje.<\/li>\n<\/ol>\n<h3><\/h3>\n<h3>Svarbi informacija renkantis klev\u0173 sirup\u0105<\/h3>\n<div class=\"x11i5rnm xat24cr x1mh8g0r x1vvkbs xtlvy1s\">\n<ol>\n<li dir=\"auto\">Rinkdamiesi klev\u0173 sirup\u0105, b\u016btinai patikrinkite sudedam\u0173j\u0173 dali\u0173 s\u0105ra\u0161\u0105. Svarbu, kad b\u016bt\u0173 tik <strong>vienas ingredientas <\/strong>&#8211;<strong> 100% klev\u0173 sirupas<\/strong>. Rinkoje yra daug klev\u0173 sirupo mi\u0161ini\u0173, kuri\u0173 sud\u0117tyje yra pigesnio cukraus. Visi m\u016bs\u0173 internetin\u0117je parduotuv\u0117je parduodami klev\u0173 sirupai yra 100% gryni, juose yra tik viena sudedamoji dalis.<\/li>\n<li dir=\"auto\">Klev\u0173 sirup\u0173 rinka, kaip ir alyvuogi\u0173 aliejaus rinka, kartais gali pritraukti suk\u010di\u0173. Alyvuogi\u0173 aliejus mai\u0161omas su pigesniu pramoniniu aliejumi, pavyzd\u017eiui, raps\u0173 aliejumi, pana\u0161iai ir klev\u0173 sirupas gali b\u016bti mai\u0161omas su pigesniu cukrumi ar gliukoz\u0117s sirupu, ta\u010diau kitos sudedamosios dalys \u012f pakuot\u0119 ne\u012ftraukiamos. Klev\u0173 sirupo ir cukraus sirupo mi\u0161inys parduodamas vietoj gryno klev\u0173 sirupo.<\/li>\n<li dir=\"auto\">Klev\u0173 sirupo skonis ir kokyb\u0117, kaip ir vyn\u0173, labai priklauso nuo viso gamybos proceso &#8211; nuo to, i\u0161 kokio mi\u0161ko sirupas yra surinktas, kada jis yra surinktas (laikas yra labai svarbus), kaip vyksta perdirbimas, koks yra d\u017eiovinimo procesas. Nuo \u0161i\u0173 ir daugelio kit\u0173 aspekt\u0173 priklauso klev\u0173 sirupo kokyb\u0117 ir skonis. Net tarp partij\u0173 skonis gali pastebimai skirtis.<\/li>\n<\/ol>\n<p>2020 metais Maple Farm laim\u0117jo geriausio klev\u0173 sirupo apdovanojim\u0105 Anglijoje rengiamuose &#8222;Great Taste&#8221; apdovanojimuose.<\/p>\n<p>Maple Farm taip pat aktyviai dalyvauja u\u017ekertant keli\u0105 netikro klev\u0173 sirupo gamybai.<\/p>\n<p>Maple Farm klev\u0173 sirupas yra sertifikuotas nerpikausom\u0173 ekspet\u0173.<\/p>\n<\/div>\n","protected":false},"excerpt":{"rendered":"<p>Eleganti\u0161ka, iliustruota dovan\u0173 d\u0117\u017eut\u0117, kurioje yra 4 stikliniai buteliukai po 189 ml A klas\u0117s gryno 4 r\u016b\u0161i\u0173 klev\u0173 sirupo: GOLD, AMBER, DARK ir VERY DARK.<\/p>\n<p>Gamt\u0105 ir tradicijas puosel\u0117janti gamyba ,suteikia sald\u0173 ir sodr\u0173 skon\u012f tiesiai i\u0161 nepaliest\u0173 Kvebeko mi\u0161k\u0173. Tai puiki dovanos id\u0117ja m\u0117gstantiems saldumynus, sveikuoliams, klev\u0173 sirupo m\u0117g\u0117jams arba tiems, kuriems tiesiog smalsu i\u0161bandyti visus keturis skonius.<\/p>\n<p>Keturios klev\u0173 sirupo r\u016b\u0161ys skiriasi savo spalva, skoniu ir tekst\u016bra. Skirtumus lemia skirtingi derliaus nu\u0117mimo laikotarpiai nuo kovo prad\u017eios iki baland\u017eio pabaigos.<\/p>\n<ul>\n<li><strong>Auksinis.<\/strong> Subtilus skonis. \u0160viesiai auksin\u0117s spalvos, \u0161velnaus skonio, su sald\u017eiomis karamel\u0117s natomis.<\/li>\n<li><strong>Gintarinis.<\/strong> Turtingas skonis. \u0160velnios gintaro spalvos, sodraus ir aromatingo skonio, su rudojo cukraus ir lazdyno rie\u0161ut\u0173 u\u017euominomis.<\/li>\n<li> <strong>Tamsus.<\/strong> Stipraus skonio. Tamsaus gintaro spalvos, stipraus skonio, su lazdyno rie\u0161ut\u0173 ir karamel\u0117s natomis.<\/li>\n<li> <strong>Labai tamsus.<\/strong> Intensyvauss skonio. Tamsios spalvos, tir\u0161tas ir sodrus, su tamsios karamel\u0117s ir saldymed\u017eio skoniu.<\/li>\n<\/ul>\n<p>Etiket\u0117s ir d\u0117\u017eut\u0117s apra\u0161ymas yra angl\u0173 kalba.<\/p>\n","protected":false},"featured_media":43258,"comment_status":"open","ping_status":"closed","template":"","meta":{"_acf_changed":false},"product_brand":[],"product_cat":[491,488,478],"product_tag":[657],"class_list":{"0":"post-43305","1":"product","2":"type-product","3":"status-publish","4":"has-post-thumbnail","6":"product_cat-kaip-dovana","7":"product_cat-naturalus-cukrus","8":"product_cat-pagardinimui","9":"product_tag-klevu-sirupas","11":"first","12":"instock","13":"taxable","14":"shipping-taxable","15":"purchasable","16":"product-type-simple"},"acf":[],"yoast_head":"<!-- This site is optimized with the Yoast SEO plugin v25.3.1 - https:\/\/yoast.com\/wordpress\/plugins\/seo\/ -->\n<title>Klev\u0173 sirupo m\u0117g\u0117j\u0173 rinkinys 4 x 189 ml | Maple Farm - Pure Nature<\/title>\n<meta name=\"description\" content=\"Eleganti\u0161ka, iliustruota dovan\u0173 d\u0117\u017eut\u0117, kurioje yra 4 stikliniai buteliukai po 189 ml A klas\u0117s gryno klev\u0173 sirupo, su 4 skirtingomis r\u016b\u0161imis: GOLD, AMBER, DARK ir VERY DARK.\" \/>\n<meta name=\"robots\" content=\"noindex, follow, max-snippet:-1, max-image-preview:large, max-video-preview:-1\" \/>\n<meta property=\"og:locale\" content=\"lt_LT\" \/>\n<meta property=\"og:type\" content=\"article\" \/>\n<meta property=\"og:title\" content=\"Klev\u0173 sirupo m\u0117g\u0117j\u0173 rinkinys 4 x 189 ml | Maple Farm - Pure Nature\" \/>\n<meta property=\"og:description\" content=\"Eleganti\u0161ka, iliustruota dovan\u0173 d\u0117\u017eut\u0117, kurioje yra 4 stikliniai buteliukai po 189 ml A klas\u0117s gryno klev\u0173 sirupo, su 4 skirtingomis r\u016b\u0161imis: GOLD, AMBER, DARK ir VERY DARK.\" \/>\n<meta property=\"og:url\" content=\"https:\/\/old.elusvali.ee\/lt\/prek\u0117\/klevu-sirupo-rinkinys-maple-farm\/\" \/>\n<meta property=\"og:site_name\" content=\"Elusv&auml;li\" \/>\n<meta property=\"article:publisher\" content=\"https:\/\/www.facebook.com\/profile.php?id=100064131067985\" \/>\n<meta property=\"article:modified_time\" content=\"2025-03-13T06:40:57+00:00\" \/>\n<meta property=\"og:image\" content=\"https:\/\/purenature.lt\/wp-content\/uploads\/2024\/05\/Pack-degustazione-aperto_con-etichetta-800x800.png\" \/>\n\t<meta property=\"og:image:width\" content=\"800\" \/>\n\t<meta property=\"og:image:height\" content=\"800\" \/>\n\t<meta property=\"og:image:type\" content=\"image\/png\" \/>\n<meta name=\"twitter:card\" content=\"summary_large_image\" \/>\n<meta name=\"twitter:label1\" content=\"Est. reading time\" \/>\n\t<meta name=\"twitter:data1\" content=\"3 minut\u0117s\" \/>\n<script type=\"application\/ld+json\" class=\"yoast-schema-graph\">{\"@context\":\"https:\/\/schema.org\",\"@graph\":[{\"@type\":\"WebPage\",\"@id\":\"https:\/\/old.elusvali.ee\/lt\/prek\u0117\/klevu-sirupo-rinkinys-maple-farm\/\",\"url\":\"https:\/\/old.elusvali.ee\/lt\/prek\u0117\/klevu-sirupo-rinkinys-maple-farm\/\",\"name\":\"Klev\u0173 sirupo m\u0117g\u0117j\u0173 rinkinys 4 x 189 ml | Maple Farm - Pure Nature\",\"isPartOf\":{\"@id\":\"https:\/\/old.elusvali.ee\/lt\/#website\"},\"primaryImageOfPage\":{\"@id\":\"https:\/\/old.elusvali.ee\/lt\/prek\u0117\/klevu-sirupo-rinkinys-maple-farm\/#primaryimage\"},\"image\":{\"@id\":\"https:\/\/old.elusvali.ee\/lt\/prek\u0117\/klevu-sirupo-rinkinys-maple-farm\/#primaryimage\"},\"thumbnailUrl\":\"https:\/\/old.elusvali.ee\/wp-content\/uploads\/2024\/05\/Pack-degustazione-aperto_con-etichetta.png\",\"datePublished\":\"2024-05-07T11:35:18+00:00\",\"dateModified\":\"2025-03-13T06:40:57+00:00\",\"description\":\"Eleganti\u0161ka, iliustruota dovan\u0173 d\u0117\u017eut\u0117, kurioje yra 4 stikliniai buteliukai po 189 ml A klas\u0117s gryno klev\u0173 sirupo, su 4 skirtingomis r\u016b\u0161imis: GOLD, AMBER, DARK ir VERY DARK.\",\"breadcrumb\":{\"@id\":\"https:\/\/old.elusvali.ee\/lt\/prek\u0117\/klevu-sirupo-rinkinys-maple-farm\/#breadcrumb\"},\"inLanguage\":\"lt-LT\",\"potentialAction\":[{\"@type\":\"ReadAction\",\"target\":[\"https:\/\/old.elusvali.ee\/lt\/prek\u0117\/klevu-sirupo-rinkinys-maple-farm\/\"]}]},{\"@type\":\"ImageObject\",\"inLanguage\":\"lt-LT\",\"@id\":\"https:\/\/old.elusvali.ee\/lt\/prek\u0117\/klevu-sirupo-rinkinys-maple-farm\/#primaryimage\",\"url\":\"https:\/\/old.elusvali.ee\/wp-content\/uploads\/2024\/05\/Pack-degustazione-aperto_con-etichetta.png\",\"contentUrl\":\"https:\/\/old.elusvali.ee\/wp-content\/uploads\/2024\/05\/Pack-degustazione-aperto_con-etichetta.png\",\"width\":2500,\"height\":2500,\"caption\":\"Klevu sirupo dovanu rinkinys\"},{\"@type\":\"BreadcrumbList\",\"@id\":\"https:\/\/old.elusvali.ee\/lt\/prek\u0117\/klevu-sirupo-rinkinys-maple-farm\/#breadcrumb\",\"itemListElement\":[{\"@type\":\"ListItem\",\"position\":1,\"name\":\"Home\",\"item\":\"https:\/\/old.elusvali.ee\/lt\/\"},{\"@type\":\"ListItem\",\"position\":2,\"name\":\"Elektronin\u0117 parduotuv\u0117\",\"item\":\"https:\/\/purenature.lt\/parduotuve\/\"},{\"@type\":\"ListItem\",\"position\":3,\"name\":\"Klev\u0173 sirupo m\u0117g\u0117j\u0173 rinkinys 4 x 189 ml | Maple Farm\"}]},{\"@type\":\"WebSite\",\"@id\":\"https:\/\/old.elusvali.ee\/lt\/#website\",\"url\":\"https:\/\/old.elusvali.ee\/lt\/\",\"name\":\"Elusv\u00e4li\",\"description\":\"Puhas k&ouml;&ouml;k ja koduapteek\",\"publisher\":{\"@id\":\"https:\/\/old.elusvali.ee\/lt\/#organization\"},\"potentialAction\":[{\"@type\":\"SearchAction\",\"target\":{\"@type\":\"EntryPoint\",\"urlTemplate\":\"https:\/\/old.elusvali.ee\/lt\/?s={search_term_string}\"},\"query-input\":{\"@type\":\"PropertyValueSpecification\",\"valueRequired\":true,\"valueName\":\"search_term_string\"}}],\"inLanguage\":\"lt-LT\"},{\"@type\":\"Organization\",\"@id\":\"https:\/\/old.elusvali.ee\/lt\/#organization\",\"name\":\"Elusv\u00e4li\",\"url\":\"https:\/\/old.elusvali.ee\/lt\/\",\"logo\":{\"@type\":\"ImageObject\",\"inLanguage\":\"lt-LT\",\"@id\":\"https:\/\/old.elusvali.ee\/lt\/#\/schema\/logo\/image\/\",\"url\":\"https:\/\/purenature.lt\/wp-content\/uploads\/2023\/07\/logo.png\",\"contentUrl\":\"https:\/\/purenature.lt\/wp-content\/uploads\/2023\/07\/logo.png\",\"width\":526,\"height\":146,\"caption\":\"Elusv\u00e4li\"},\"image\":{\"@id\":\"https:\/\/old.elusvali.ee\/lt\/#\/schema\/logo\/image\/\"},\"sameAs\":[\"https:\/\/www.facebook.com\/profile.php?id=100064131067985\",\"https:\/\/www.instagram.com\/elusvali\/\",\"https:\/\/www.youtube.com\/@elusvali2110\"]}]}<\/script>\n<!-- \/ Yoast SEO plugin. -->","yoast_head_json":{"title":"Klev\u0173 sirupo m\u0117g\u0117j\u0173 rinkinys 4 x 189 ml | Maple Farm - Pure Nature","description":"Eleganti\u0161ka, iliustruota dovan\u0173 d\u0117\u017eut\u0117, kurioje yra 4 stikliniai buteliukai po 189 ml A klas\u0117s gryno klev\u0173 sirupo, su 4 skirtingomis r\u016b\u0161imis: GOLD, AMBER, DARK ir VERY DARK.","robots":{"index":"noindex","follow":"follow","max-snippet":"max-snippet:-1","max-image-preview":"max-image-preview:large","max-video-preview":"max-video-preview:-1"},"og_locale":"lt_LT","og_type":"article","og_title":"Klev\u0173 sirupo m\u0117g\u0117j\u0173 rinkinys 4 x 189 ml | Maple Farm - Pure Nature","og_description":"Eleganti\u0161ka, iliustruota dovan\u0173 d\u0117\u017eut\u0117, kurioje yra 4 stikliniai buteliukai po 189 ml A klas\u0117s gryno klev\u0173 sirupo, su 4 skirtingomis r\u016b\u0161imis: GOLD, AMBER, DARK ir VERY DARK.","og_url":"https:\/\/old.elusvali.ee\/lt\/prek\u0117\/klevu-sirupo-rinkinys-maple-farm\/","og_site_name":"Elusv&auml;li","article_publisher":"https:\/\/www.facebook.com\/profile.php?id=100064131067985","article_modified_time":"2025-03-13T06:40:57+00:00","og_image":[{"width":800,"height":800,"url":"https:\/\/purenature.lt\/wp-content\/uploads\/2024\/05\/Pack-degustazione-aperto_con-etichetta-800x800.png","type":"image\/png"}],"twitter_card":"summary_large_image","twitter_misc":{"Est. reading time":"3 minut\u0117s"},"schema":{"@context":"https:\/\/schema.org","@graph":[{"@type":"WebPage","@id":"https:\/\/old.elusvali.ee\/lt\/prek\u0117\/klevu-sirupo-rinkinys-maple-farm\/","url":"https:\/\/old.elusvali.ee\/lt\/prek\u0117\/klevu-sirupo-rinkinys-maple-farm\/","name":"Klev\u0173 sirupo m\u0117g\u0117j\u0173 rinkinys 4 x 189 ml | Maple Farm - Pure Nature","isPartOf":{"@id":"https:\/\/old.elusvali.ee\/lt\/#website"},"primaryImageOfPage":{"@id":"https:\/\/old.elusvali.ee\/lt\/prek\u0117\/klevu-sirupo-rinkinys-maple-farm\/#primaryimage"},"image":{"@id":"https:\/\/old.elusvali.ee\/lt\/prek\u0117\/klevu-sirupo-rinkinys-maple-farm\/#primaryimage"},"thumbnailUrl":"https:\/\/old.elusvali.ee\/wp-content\/uploads\/2024\/05\/Pack-degustazione-aperto_con-etichetta.png","datePublished":"2024-05-07T11:35:18+00:00","dateModified":"2025-03-13T06:40:57+00:00","description":"Eleganti\u0161ka, iliustruota dovan\u0173 d\u0117\u017eut\u0117, kurioje yra 4 stikliniai buteliukai po 189 ml A klas\u0117s gryno klev\u0173 sirupo, su 4 skirtingomis r\u016b\u0161imis: GOLD, AMBER, DARK ir VERY DARK.","breadcrumb":{"@id":"https:\/\/old.elusvali.ee\/lt\/prek\u0117\/klevu-sirupo-rinkinys-maple-farm\/#breadcrumb"},"inLanguage":"lt-LT","potentialAction":[{"@type":"ReadAction","target":["https:\/\/old.elusvali.ee\/lt\/prek\u0117\/klevu-sirupo-rinkinys-maple-farm\/"]}]},{"@type":"ImageObject","inLanguage":"lt-LT","@id":"https:\/\/old.elusvali.ee\/lt\/prek\u0117\/klevu-sirupo-rinkinys-maple-farm\/#primaryimage","url":"https:\/\/old.elusvali.ee\/wp-content\/uploads\/2024\/05\/Pack-degustazione-aperto_con-etichetta.png","contentUrl":"https:\/\/old.elusvali.ee\/wp-content\/uploads\/2024\/05\/Pack-degustazione-aperto_con-etichetta.png","width":2500,"height":2500,"caption":"Klevu sirupo dovanu rinkinys"},{"@type":"BreadcrumbList","@id":"https:\/\/old.elusvali.ee\/lt\/prek\u0117\/klevu-sirupo-rinkinys-maple-farm\/#breadcrumb","itemListElement":[{"@type":"ListItem","position":1,"name":"Home","item":"https:\/\/old.elusvali.ee\/lt\/"},{"@type":"ListItem","position":2,"name":"Elektronin\u0117 parduotuv\u0117","item":"https:\/\/purenature.lt\/parduotuve\/"},{"@type":"ListItem","position":3,"name":"Klev\u0173 sirupo m\u0117g\u0117j\u0173 rinkinys 4 x 189 ml | Maple Farm"}]},{"@type":"WebSite","@id":"https:\/\/old.elusvali.ee\/lt\/#website","url":"https:\/\/old.elusvali.ee\/lt\/","name":"Elusv\u00e4li","description":"Puhas k&ouml;&ouml;k ja koduapteek","publisher":{"@id":"https:\/\/old.elusvali.ee\/lt\/#organization"},"potentialAction":[{"@type":"SearchAction","target":{"@type":"EntryPoint","urlTemplate":"https:\/\/old.elusvali.ee\/lt\/?s={search_term_string}"},"query-input":{"@type":"PropertyValueSpecification","valueRequired":true,"valueName":"search_term_string"}}],"inLanguage":"lt-LT"},{"@type":"Organization","@id":"https:\/\/old.elusvali.ee\/lt\/#organization","name":"Elusv\u00e4li","url":"https:\/\/old.elusvali.ee\/lt\/","logo":{"@type":"ImageObject","inLanguage":"lt-LT","@id":"https:\/\/old.elusvali.ee\/lt\/#\/schema\/logo\/image\/","url":"https:\/\/purenature.lt\/wp-content\/uploads\/2023\/07\/logo.png","contentUrl":"https:\/\/purenature.lt\/wp-content\/uploads\/2023\/07\/logo.png","width":526,"height":146,"caption":"Elusv\u00e4li"},"image":{"@id":"https:\/\/old.elusvali.ee\/lt\/#\/schema\/logo\/image\/"},"sameAs":["https:\/\/www.facebook.com\/profile.php?id=100064131067985","https:\/\/www.instagram.com\/elusvali\/","https:\/\/www.youtube.com\/@elusvali2110"]}]}},"_links":{"self":[{"href":"https:\/\/old.elusvali.ee\/lt\/wp-json\/wp\/v2\/product\/43305","targetHints":{"allow":["GET"]}}],"collection":[{"href":"https:\/\/old.elusvali.ee\/lt\/wp-json\/wp\/v2\/product"}],"about":[{"href":"https:\/\/old.elusvali.ee\/lt\/wp-json\/wp\/v2\/types\/product"}],"replies":[{"embeddable":true,"href":"https:\/\/old.elusvali.ee\/lt\/wp-json\/wp\/v2\/comments?post=43305"}],"version-history":[{"count":1,"href":"https:\/\/old.elusvali.ee\/lt\/wp-json\/wp\/v2\/product\/43305\/revisions"}],"predecessor-version":[{"id":58011,"href":"https:\/\/old.elusvali.ee\/lt\/wp-json\/wp\/v2\/product\/43305\/revisions\/58011"}],"wp:featuredmedia":[{"embeddable":true,"href":"https:\/\/old.elusvali.ee\/lt\/wp-json\/wp\/v2\/media\/43258"}],"wp:attachment":[{"href":"https:\/\/old.elusvali.ee\/lt\/wp-json\/wp\/v2\/media?parent=43305"}],"wp:term":[{"taxonomy":"product_brand","embeddable":true,"href":"https:\/\/old.elusvali.ee\/lt\/wp-json\/wp\/v2\/product_brand?post=43305"},{"taxonomy":"product_cat","embeddable":true,"href":"https:\/\/old.elusvali.ee\/lt\/wp-json\/wp\/v2\/product_cat?post=43305"},{"taxonomy":"product_tag","embeddable":true,"href":"https:\/\/old.elusvali.ee\/lt\/wp-json\/wp\/v2\/product_tag?post=43305"}],"curies":[{"name":"wp","href":"https:\/\/api.w.org\/{rel}","templated":true}]}}