{"id":41152,"date":"2024-02-08T11:10:26","date_gmt":"2024-02-08T09:10:26","guid":{"rendered":"https:\/\/old.elusvali.ee\/?post_type=product&#038;p=41152"},"modified":"2025-06-29T11:12:59","modified_gmt":"2025-06-29T08:12:59","slug":"vimergy-skystas-cinko-sulfatas-kids-55ml-vaikams","status":"publish","type":"product","link":"https:\/\/old.elusvali.ee\/lt\/prek\u0117\/vimergy-skystas-cinko-sulfatas-kids-55ml-vaikams\/","title":{"rendered":"Vimergy skystas cinko sulfatas KIDS vaikams &#8211; 55ml"},"content":{"rendered":"<h3>Vimergy skystas cinko sulfatas vaikams<\/h3>\n<ul>\n<li>1 ml yra 3,75 mg gryno, ekologi\u0161ko <strong>cinko sulfato.<\/strong><\/li>\n<li>Cinkas palaiko imunin\u0119 sistem\u0105.<\/li>\n<li>Tai j\u016bs\u0173 vaiko organizmui labai svarbus mineralas. Cinkas dalyvauja \u0161imtuose chemini\u0173 proces\u0173.<\/li>\n<li>Stiprus antioksidantas, galintis prisid\u0117ti prie DNR atstatymo ir normalios DNR sintez\u0117s.<\/li>\n<li>D\u0117ka puikaus skonio j\u012f malonu vartoti. Sud\u0117tyje &#8211; malonaus skonio ekologi\u0161kos obuoli\u0173 sultys.<\/li>\n<\/ul>\n<p>Cinkas yra pagrindinis mineralas, u\u017etikrinantis ger\u0105 sveikat\u0105. \u0160iuo metu daugeliui \u017emoni\u0173 tr\u016bksta cinko, tod\u0117l labai svarbu kasdien vartoti kokybi\u0161k\u0105 cinko papild\u0105. Vimergy ekologi\u0161ko cinko sud\u0117tyje yra tik cinko sulfato, ekologi\u0161ko glicerino, i\u0161gryninto vandens ir \u0161iek tiek ekologi\u0161k\u0173 obuoli\u0173 sul\u010di\u0173 puikiam skoniui. Produkte n\u0117ra citrinos r\u016bg\u0161ties, kvapi\u0173j\u0173 med\u017eiag\u0173, alkoholio ar kit\u0173 kenksming\u0173 pried\u0173. Su Vimergy cinko sulfatu galite jaustis u\u017etikrintai! Tokios pat kokyb\u0117s cinko sulfat\u0105 galite \u012fsigyti ir sau &#8211; <a href=\"https:\/\/purenature.lt\/prek\u0117\/vimergy-skystas-cinko-sulfatas\/\">Vimergy skystas cinko sulfatas.<\/a><\/p>\n<p><img fetchpriority=\"high\" decoding=\"async\" class=\"wp-image-37553 size-medium alignleft\" src=\"https:\/\/purenature.lt\/wp-content\/uploads\/2024\/01\/Amazon_PDP_Zinc_Kids-08-300x300.jpg\" alt=\"\" width=\"300\" height=\"300\" srcset=\"https:\/\/old.elusvali.ee\/wp-content\/uploads\/2024\/01\/Amazon_PDP_Zinc_Kids-08-300x300.jpg 300w, https:\/\/old.elusvali.ee\/wp-content\/uploads\/2024\/01\/Amazon_PDP_Zinc_Kids-08-800x800.jpg 800w, https:\/\/old.elusvali.ee\/wp-content\/uploads\/2024\/01\/Amazon_PDP_Zinc_Kids-08-150x150.jpg 150w, https:\/\/old.elusvali.ee\/wp-content\/uploads\/2024\/01\/Amazon_PDP_Zinc_Kids-08-768x768.jpg 768w, https:\/\/old.elusvali.ee\/wp-content\/uploads\/2024\/01\/Amazon_PDP_Zinc_Kids-08-1536x1536.jpg 1536w, https:\/\/old.elusvali.ee\/wp-content\/uploads\/2024\/01\/Amazon_PDP_Zinc_Kids-08-2048x2048.jpg 2048w, https:\/\/old.elusvali.ee\/wp-content\/uploads\/2024\/01\/Amazon_PDP_Zinc_Kids-08-860x860.jpg 860w, https:\/\/old.elusvali.ee\/wp-content\/uploads\/2024\/01\/Amazon_PDP_Zinc_Kids-08-430x430.jpg 430w, https:\/\/old.elusvali.ee\/wp-content\/uploads\/2024\/01\/Amazon_PDP_Zinc_Kids-08-700x700.jpg 700w\" sizes=\"(max-width: 300px) 100vw, 300px\" \/><\/p>\n<h2>Cinkas yra labai svarbus \u017emogaus organizmui mineralas!<\/h2>\n<ul>\n<li>Cinkas prisideda prie imunin\u0117s sistemos stiprinimo.<\/li>\n<li>Padeda palaikyti ir atkurti odos, nag\u0173 bei plauk\u0173 sveikat\u0105.<\/li>\n<li>Palaiko tinkam\u0105 aki\u0173 sveikat\u0105.<\/li>\n<li>Tai svarbiausias mineralas normaliai smegen\u0173 funkcijai ir protiniam darbingumui.<\/li>\n<li>Cinkas prisideda prie normalios angliavandeni\u0173 apykaitos.<\/li>\n<li>Padeda apsaugoti l\u0105steles nuo oksidacinio streso.<\/li>\n<\/ul>\n<p>&nbsp;<\/p>\n<h3><\/h3>\n<h3>Vimergy cinko sulfatas*<\/h3>\n<ul>\n<li><span style=\"letter-spacing: 0px;\">Cinkas yra labai svarbus \u017emogaus sveikatai mineralas.<\/span><\/li>\n<li><span style=\"letter-spacing: 0px;\">Cinkas palaiko normali\u0105 med\u017eiag\u0173 apykait\u0105 ir imunin\u0119 funkcij\u0105. <\/span><\/li>\n<li>Tai yra <strong>stiprus antioksidantas.<\/strong><\/li>\n<li>Cinkas prisideda prie normalios DNR sintez\u0117s.<\/li>\n<li>Vimergy cinko sulfato sud\u0117tyje yra tik cinko sulfatas, \u0161velnus glicerinas, i\u0161grynintas vandenuo ir minimalus kiekis ekologi\u0161k\u0173 obuoli\u0173 sul\u010di\u0173, skirt\u0173 suteikti malon\u0173 skon\u012f.<\/li>\n<li>Ekologi\u0161kas maisto papildas, be alkoholio, be glitimo, be GMO, be kukur\u016bz\u0173, tinkamas veganams ir paleo mitybai.<\/li>\n<li><strong>Sud\u0117tyje n\u0117ra<\/strong> <strong>citrinos r\u016bg\u0161ties, nereikaling\u0173 u\u017epild\u0173, dirbtini\u0173 pried\u0173 ir skonio stiprikli\u0173.<\/strong><\/li>\n<\/ul>\n<p><em>* Teiginiai paimti i\u0161 Vimergy internetinio puslapio.<\/em><\/p>\n<h3>Kaip cinko sulfatas vaikams tur\u0117t\u0173 b\u016bti vartojamas?<\/h3>\n<ul>\n<li><strong>Dienos doz\u0117: <\/strong>1 ml (26-28 la\u0161ai) 1-3 met\u0173 vaikams.<br \/>\n\u0160iuo atveju buteliuke yra 55 doz\u0117s. 4-18 met\u0173 am\u017eiaus vaikams paros doz\u0117 1,75 ml (46-49 la\u0161ai). Tokiu atveju viename buteliuke yra ~31 doz\u0117. Kaip vartoti: palaikyti po lie\u017euviu 60 sekund\u017ei\u0173, tada nuryti.<\/li>\n<li><strong>Laikymas: <\/strong>laikykite produkt\u0105 v\u0117sioje ir tamsioje, vaikams nepasiekiamoje vietoje. Pavyzd\u017eiui, u\u017edaroje virtuv\u0117s spintel\u0117je. Ilgesniam laikymui rekomenduojama laikyti \u0161aldytuvo dureli\u0173 lentynoje.<em><br \/>\n<\/em><\/li>\n<li><strong>Kontraindikacijos:<\/strong> jei vartojate vaistus arba turite kit\u0173 sveikatos problem\u0173, prie\u0161 vartodami pasitarkite su gydytoju arba kitu sveikatos prie\u017ei\u016bros specialistu.<\/li>\n<\/ul>\n<p>Daugiau naudingos informacijos apie maisto papild\u0173 vartojim\u0105 galite rasti straipsnyje: <a href=\"https:\/\/purenature.lt\/3-dazniausiai-pasitaikancios-klaidos-vartojant-maisto-papildus\/\">3 da\u017eniausiai pasitaikan\u010dios klaidos, kurias \u017emon\u0117s daro, vartodami papildus.<\/a><\/p>\n<p><a href=\"https:\/\/vimergy.com\/\">Vimergy<\/a> yra \u017einomas kaip vienas i\u0161 auk\u0161\u010diausios kokyb\u0117s JAV ekologi\u0161k\u0173 maisto papild\u0173 prek\u0117s \u017eenkl\u0173 visame pasaulyje.<br \/>\nVisi Vimergy produktai yra ekologi\u0161kos ir \u0161varios sud\u0117ties, be alkoholio ir tinkami veganams. Be to, n\u0117 viename i\u0161 Vimergy papild\u0173 n\u0117ra citrinos r\u016bg\u0161ties, GMO ingredient\u0173, u\u017epild\u0173 ar dirbtini\u0173 pried\u0173.<\/p>\n<p><img decoding=\"async\" class=\"aligncenter wp-image-44620 size-large\" src=\"https:\/\/purenature.lt\/wp-content\/uploads\/2024\/02\/Kids_Organic_Liquid_Zinc_How_To_Desktop-1300x679.png\" alt=\"\" width=\"1300\" height=\"679\" srcset=\"https:\/\/old.elusvali.ee\/wp-content\/uploads\/2024\/02\/Kids_Organic_Liquid_Zinc_How_To_Desktop-1300x679.png 1300w, https:\/\/old.elusvali.ee\/wp-content\/uploads\/2024\/02\/Kids_Organic_Liquid_Zinc_How_To_Desktop-400x209.png 400w, https:\/\/old.elusvali.ee\/wp-content\/uploads\/2024\/02\/Kids_Organic_Liquid_Zinc_How_To_Desktop-768x401.png 768w, https:\/\/old.elusvali.ee\/wp-content\/uploads\/2024\/02\/Kids_Organic_Liquid_Zinc_How_To_Desktop-1536x803.png 1536w, https:\/\/old.elusvali.ee\/wp-content\/uploads\/2024\/02\/Kids_Organic_Liquid_Zinc_How_To_Desktop-430x225.png 430w, https:\/\/old.elusvali.ee\/wp-content\/uploads\/2024\/02\/Kids_Organic_Liquid_Zinc_How_To_Desktop-700x366.png 700w, https:\/\/old.elusvali.ee\/wp-content\/uploads\/2024\/02\/Kids_Organic_Liquid_Zinc_How_To_Desktop-150x78.png 150w, https:\/\/old.elusvali.ee\/wp-content\/uploads\/2024\/02\/Kids_Organic_Liquid_Zinc_How_To_Desktop.png 2000w\" sizes=\"(max-width: 1300px) 100vw, 1300px\" \/><\/p>\n","protected":false},"excerpt":{"rendered":"<h3>Palaikykite savo vaiko imunin\u0119 sistem\u0105, augim\u0105 ir vystym\u0105si naudodami puikaus skonio skyst\u0105 cinko papild\u0105.<\/h3>\n<p>Vimergy Kids cinko sulfatas: paprastas vartoti, labai gerai pasisavinamas.<\/p>\n<p>Cinkas yra labai svarbus mikroelementas ir vaikams (ir <a href=\"https:\/\/purenature.lt\/prek\u0117\/vimergy-skystas-cinko-sulfatas\/\">suaugusiems<\/a> taip pat).<\/p>\n<p>Puikus j\u016bs\u0173 vaiko kasdien\u0117s rutinos papildymas. Cinkas gali pad\u0117ti i\u0161laikyti sveik\u0105 kasdien\u0119 rutin\u0105 ir suma\u017einti ligos dien\u0173 skai\u010di\u0173 bei re\u010diau praleisti mokykl\u0105 ar dar\u017eel\u012f! Vimergy Kids cinko sulfatas yra su su\u017eym\u0117ta pipete lengvam dozavimui, kuri patogiai nurodo vaikui skirt\u0105 doz\u0119. Tai yra puikus b\u016bdas u\u017etikrinti, kad j\u016bs\u0173 vaikas kasdien gaut\u0173 pakankamai \u0161ios galingos maistin\u0117s med\u017eiagos, skatinan\u010dios gyvybi\u0161kai svarb\u0173 augim\u0105 ir vystym\u0105si.<\/p>\n<p><span style=\"letter-spacing: 0px;\">Cinkas yra labai svarbus \u017emogaus sveikatai mineralas. Cinkas palaiko normali\u0105 med\u017eiag\u0173 apykait\u0105 ir imunin\u0117s sistemos veikl\u0105, taip pat yra stiprus antioksidantas.<\/span><\/p>\n","protected":false},"featured_media":37532,"comment_status":"open","ping_status":"closed","template":"","meta":{"_acf_changed":false},"product_brand":[],"product_cat":[472,473,474,694],"product_tag":[490,476],"class_list":{"0":"post-41152","1":"product","2":"type-product","3":"status-publish","4":"has-post-thumbnail","6":"product_cat-imunitetas","7":"product_cat-maisto-papildai","8":"product_cat-pamatas","9":"product_cat-vimergy-lt","10":"product_tag-skysciai","11":"product_tag-vimergy-lt","13":"first","14":"instock","15":"taxable","16":"shipping-taxable","17":"purchasable","18":"product-type-simple"},"acf":[],"yoast_head":"<!-- This site is optimized with the Yoast SEO plugin v25.3.1 - https:\/\/yoast.com\/wordpress\/plugins\/seo\/ -->\n<title>Vimergy skystas cinko sulfatas KIDS vaikams - 55ml - Pure Nature<\/title>\n<meta name=\"description\" content=\"Cinkas yra labai svarbus \u017emogaus sveikatai mineralas. Cinkas yra antioksidantas, padedantis akims, med\u017eiag\u0173 apykaitai ir imuninei sistemai.\" \/>\n<meta name=\"robots\" content=\"noindex, follow, max-snippet:-1, max-image-preview:large, max-video-preview:-1\" \/>\n<meta property=\"og:locale\" content=\"lt_LT\" \/>\n<meta property=\"og:type\" content=\"article\" \/>\n<meta property=\"og:title\" content=\"Vimergy skystas cinko sulfatas KIDS vaikams - 55ml - Pure Nature\" \/>\n<meta property=\"og:description\" content=\"Cinkas yra labai svarbus \u017emogaus sveikatai mineralas. Cinkas yra antioksidantas, padedantis akims, med\u017eiag\u0173 apykaitai ir imuninei sistemai.\" \/>\n<meta property=\"og:url\" content=\"https:\/\/old.elusvali.ee\/lt\/prek\u0117\/vimergy-skystas-cinko-sulfatas-kids-55ml-vaikams\/\" \/>\n<meta property=\"og:site_name\" content=\"Elusv&auml;li\" \/>\n<meta property=\"article:publisher\" content=\"https:\/\/www.facebook.com\/profile.php?id=100064131067985\" \/>\n<meta property=\"article:modified_time\" content=\"2025-06-29T08:12:59+00:00\" \/>\n<meta property=\"og:image\" content=\"https:\/\/purenature.lt\/wp-content\/uploads\/2024\/01\/Amazon_PDP_Zinc_Kids-01-scaled.jpg\" \/>\n\t<meta property=\"og:image:width\" content=\"2560\" \/>\n\t<meta property=\"og:image:height\" content=\"2560\" \/>\n\t<meta property=\"og:image:type\" content=\"image\/jpeg\" \/>\n<meta name=\"twitter:card\" content=\"summary_large_image\" \/>\n<meta name=\"twitter:label1\" content=\"Est. reading time\" \/>\n\t<meta name=\"twitter:data1\" content=\"3 minut\u0117s\" \/>\n<script type=\"application\/ld+json\" class=\"yoast-schema-graph\">{\"@context\":\"https:\/\/schema.org\",\"@graph\":[{\"@type\":\"WebPage\",\"@id\":\"https:\/\/old.elusvali.ee\/lt\/prek\u0117\/vimergy-skystas-cinko-sulfatas-kids-55ml-vaikams\/\",\"url\":\"https:\/\/old.elusvali.ee\/lt\/prek\u0117\/vimergy-skystas-cinko-sulfatas-kids-55ml-vaikams\/\",\"name\":\"Vimergy skystas cinko sulfatas KIDS vaikams - 55ml - Pure Nature\",\"isPartOf\":{\"@id\":\"https:\/\/old.elusvali.ee\/lt\/#website\"},\"primaryImageOfPage\":{\"@id\":\"https:\/\/old.elusvali.ee\/lt\/prek\u0117\/vimergy-skystas-cinko-sulfatas-kids-55ml-vaikams\/#primaryimage\"},\"image\":{\"@id\":\"https:\/\/old.elusvali.ee\/lt\/prek\u0117\/vimergy-skystas-cinko-sulfatas-kids-55ml-vaikams\/#primaryimage\"},\"thumbnailUrl\":\"https:\/\/old.elusvali.ee\/wp-content\/uploads\/2024\/01\/Amazon_PDP_Zinc_Kids-01-scaled.jpg\",\"datePublished\":\"2024-02-08T09:10:26+00:00\",\"dateModified\":\"2025-06-29T08:12:59+00:00\",\"description\":\"Cinkas yra labai svarbus \u017emogaus sveikatai mineralas. Cinkas yra antioksidantas, padedantis akims, med\u017eiag\u0173 apykaitai ir imuninei sistemai.\",\"breadcrumb\":{\"@id\":\"https:\/\/old.elusvali.ee\/lt\/prek\u0117\/vimergy-skystas-cinko-sulfatas-kids-55ml-vaikams\/#breadcrumb\"},\"inLanguage\":\"lt-LT\",\"potentialAction\":[{\"@type\":\"ReadAction\",\"target\":[\"https:\/\/old.elusvali.ee\/lt\/prek\u0117\/vimergy-skystas-cinko-sulfatas-kids-55ml-vaikams\/\"]}]},{\"@type\":\"ImageObject\",\"inLanguage\":\"lt-LT\",\"@id\":\"https:\/\/old.elusvali.ee\/lt\/prek\u0117\/vimergy-skystas-cinko-sulfatas-kids-55ml-vaikams\/#primaryimage\",\"url\":\"https:\/\/old.elusvali.ee\/wp-content\/uploads\/2024\/01\/Amazon_PDP_Zinc_Kids-01-scaled.jpg\",\"contentUrl\":\"https:\/\/old.elusvali.ee\/wp-content\/uploads\/2024\/01\/Amazon_PDP_Zinc_Kids-01-scaled.jpg\",\"width\":2560,\"height\":2560,\"caption\":\"Ekologiskas cinko papildas vaikams\"},{\"@type\":\"BreadcrumbList\",\"@id\":\"https:\/\/old.elusvali.ee\/lt\/prek\u0117\/vimergy-skystas-cinko-sulfatas-kids-55ml-vaikams\/#breadcrumb\",\"itemListElement\":[{\"@type\":\"ListItem\",\"position\":1,\"name\":\"Home\",\"item\":\"https:\/\/old.elusvali.ee\/lt\/\"},{\"@type\":\"ListItem\",\"position\":2,\"name\":\"Elektronin\u0117 parduotuv\u0117\",\"item\":\"https:\/\/purenature.lt\/parduotuve\/\"},{\"@type\":\"ListItem\",\"position\":3,\"name\":\"Vimergy skystas cinko sulfatas KIDS vaikams &#8211; 55ml\"}]},{\"@type\":\"WebSite\",\"@id\":\"https:\/\/old.elusvali.ee\/lt\/#website\",\"url\":\"https:\/\/old.elusvali.ee\/lt\/\",\"name\":\"Elusv\u00e4li\",\"description\":\"Puhas k&ouml;&ouml;k ja koduapteek\",\"publisher\":{\"@id\":\"https:\/\/old.elusvali.ee\/lt\/#organization\"},\"potentialAction\":[{\"@type\":\"SearchAction\",\"target\":{\"@type\":\"EntryPoint\",\"urlTemplate\":\"https:\/\/old.elusvali.ee\/lt\/?s={search_term_string}\"},\"query-input\":{\"@type\":\"PropertyValueSpecification\",\"valueRequired\":true,\"valueName\":\"search_term_string\"}}],\"inLanguage\":\"lt-LT\"},{\"@type\":\"Organization\",\"@id\":\"https:\/\/old.elusvali.ee\/lt\/#organization\",\"name\":\"Elusv\u00e4li\",\"url\":\"https:\/\/old.elusvali.ee\/lt\/\",\"logo\":{\"@type\":\"ImageObject\",\"inLanguage\":\"lt-LT\",\"@id\":\"https:\/\/old.elusvali.ee\/lt\/#\/schema\/logo\/image\/\",\"url\":\"https:\/\/purenature.lt\/wp-content\/uploads\/2023\/07\/logo.png\",\"contentUrl\":\"https:\/\/purenature.lt\/wp-content\/uploads\/2023\/07\/logo.png\",\"width\":526,\"height\":146,\"caption\":\"Elusv\u00e4li\"},\"image\":{\"@id\":\"https:\/\/old.elusvali.ee\/lt\/#\/schema\/logo\/image\/\"},\"sameAs\":[\"https:\/\/www.facebook.com\/profile.php?id=100064131067985\",\"https:\/\/www.instagram.com\/elusvali\/\",\"https:\/\/www.youtube.com\/@elusvali2110\"]}]}<\/script>\n<!-- \/ Yoast SEO plugin. -->","yoast_head_json":{"title":"Vimergy skystas cinko sulfatas KIDS vaikams - 55ml - Pure Nature","description":"Cinkas yra labai svarbus \u017emogaus sveikatai mineralas. Cinkas yra antioksidantas, padedantis akims, med\u017eiag\u0173 apykaitai ir imuninei sistemai.","robots":{"index":"noindex","follow":"follow","max-snippet":"max-snippet:-1","max-image-preview":"max-image-preview:large","max-video-preview":"max-video-preview:-1"},"og_locale":"lt_LT","og_type":"article","og_title":"Vimergy skystas cinko sulfatas KIDS vaikams - 55ml - Pure Nature","og_description":"Cinkas yra labai svarbus \u017emogaus sveikatai mineralas. Cinkas yra antioksidantas, padedantis akims, med\u017eiag\u0173 apykaitai ir imuninei sistemai.","og_url":"https:\/\/old.elusvali.ee\/lt\/prek\u0117\/vimergy-skystas-cinko-sulfatas-kids-55ml-vaikams\/","og_site_name":"Elusv&auml;li","article_publisher":"https:\/\/www.facebook.com\/profile.php?id=100064131067985","article_modified_time":"2025-06-29T08:12:59+00:00","og_image":[{"width":2560,"height":2560,"url":"https:\/\/purenature.lt\/wp-content\/uploads\/2024\/01\/Amazon_PDP_Zinc_Kids-01-scaled.jpg","type":"image\/jpeg"}],"twitter_card":"summary_large_image","twitter_misc":{"Est. reading time":"3 minut\u0117s"},"schema":{"@context":"https:\/\/schema.org","@graph":[{"@type":"WebPage","@id":"https:\/\/old.elusvali.ee\/lt\/prek\u0117\/vimergy-skystas-cinko-sulfatas-kids-55ml-vaikams\/","url":"https:\/\/old.elusvali.ee\/lt\/prek\u0117\/vimergy-skystas-cinko-sulfatas-kids-55ml-vaikams\/","name":"Vimergy skystas cinko sulfatas KIDS vaikams - 55ml - Pure Nature","isPartOf":{"@id":"https:\/\/old.elusvali.ee\/lt\/#website"},"primaryImageOfPage":{"@id":"https:\/\/old.elusvali.ee\/lt\/prek\u0117\/vimergy-skystas-cinko-sulfatas-kids-55ml-vaikams\/#primaryimage"},"image":{"@id":"https:\/\/old.elusvali.ee\/lt\/prek\u0117\/vimergy-skystas-cinko-sulfatas-kids-55ml-vaikams\/#primaryimage"},"thumbnailUrl":"https:\/\/old.elusvali.ee\/wp-content\/uploads\/2024\/01\/Amazon_PDP_Zinc_Kids-01-scaled.jpg","datePublished":"2024-02-08T09:10:26+00:00","dateModified":"2025-06-29T08:12:59+00:00","description":"Cinkas yra labai svarbus \u017emogaus sveikatai mineralas. Cinkas yra antioksidantas, padedantis akims, med\u017eiag\u0173 apykaitai ir imuninei sistemai.","breadcrumb":{"@id":"https:\/\/old.elusvali.ee\/lt\/prek\u0117\/vimergy-skystas-cinko-sulfatas-kids-55ml-vaikams\/#breadcrumb"},"inLanguage":"lt-LT","potentialAction":[{"@type":"ReadAction","target":["https:\/\/old.elusvali.ee\/lt\/prek\u0117\/vimergy-skystas-cinko-sulfatas-kids-55ml-vaikams\/"]}]},{"@type":"ImageObject","inLanguage":"lt-LT","@id":"https:\/\/old.elusvali.ee\/lt\/prek\u0117\/vimergy-skystas-cinko-sulfatas-kids-55ml-vaikams\/#primaryimage","url":"https:\/\/old.elusvali.ee\/wp-content\/uploads\/2024\/01\/Amazon_PDP_Zinc_Kids-01-scaled.jpg","contentUrl":"https:\/\/old.elusvali.ee\/wp-content\/uploads\/2024\/01\/Amazon_PDP_Zinc_Kids-01-scaled.jpg","width":2560,"height":2560,"caption":"Ekologiskas cinko papildas vaikams"},{"@type":"BreadcrumbList","@id":"https:\/\/old.elusvali.ee\/lt\/prek\u0117\/vimergy-skystas-cinko-sulfatas-kids-55ml-vaikams\/#breadcrumb","itemListElement":[{"@type":"ListItem","position":1,"name":"Home","item":"https:\/\/old.elusvali.ee\/lt\/"},{"@type":"ListItem","position":2,"name":"Elektronin\u0117 parduotuv\u0117","item":"https:\/\/purenature.lt\/parduotuve\/"},{"@type":"ListItem","position":3,"name":"Vimergy skystas cinko sulfatas KIDS vaikams &#8211; 55ml"}]},{"@type":"WebSite","@id":"https:\/\/old.elusvali.ee\/lt\/#website","url":"https:\/\/old.elusvali.ee\/lt\/","name":"Elusv\u00e4li","description":"Puhas k&ouml;&ouml;k ja koduapteek","publisher":{"@id":"https:\/\/old.elusvali.ee\/lt\/#organization"},"potentialAction":[{"@type":"SearchAction","target":{"@type":"EntryPoint","urlTemplate":"https:\/\/old.elusvali.ee\/lt\/?s={search_term_string}"},"query-input":{"@type":"PropertyValueSpecification","valueRequired":true,"valueName":"search_term_string"}}],"inLanguage":"lt-LT"},{"@type":"Organization","@id":"https:\/\/old.elusvali.ee\/lt\/#organization","name":"Elusv\u00e4li","url":"https:\/\/old.elusvali.ee\/lt\/","logo":{"@type":"ImageObject","inLanguage":"lt-LT","@id":"https:\/\/old.elusvali.ee\/lt\/#\/schema\/logo\/image\/","url":"https:\/\/purenature.lt\/wp-content\/uploads\/2023\/07\/logo.png","contentUrl":"https:\/\/purenature.lt\/wp-content\/uploads\/2023\/07\/logo.png","width":526,"height":146,"caption":"Elusv\u00e4li"},"image":{"@id":"https:\/\/old.elusvali.ee\/lt\/#\/schema\/logo\/image\/"},"sameAs":["https:\/\/www.facebook.com\/profile.php?id=100064131067985","https:\/\/www.instagram.com\/elusvali\/","https:\/\/www.youtube.com\/@elusvali2110"]}]}},"_links":{"self":[{"href":"https:\/\/old.elusvali.ee\/lt\/wp-json\/wp\/v2\/product\/41152","targetHints":{"allow":["GET"]}}],"collection":[{"href":"https:\/\/old.elusvali.ee\/lt\/wp-json\/wp\/v2\/product"}],"about":[{"href":"https:\/\/old.elusvali.ee\/lt\/wp-json\/wp\/v2\/types\/product"}],"replies":[{"embeddable":true,"href":"https:\/\/old.elusvali.ee\/lt\/wp-json\/wp\/v2\/comments?post=41152"}],"version-history":[{"count":2,"href":"https:\/\/old.elusvali.ee\/lt\/wp-json\/wp\/v2\/product\/41152\/revisions"}],"predecessor-version":[{"id":56395,"href":"https:\/\/old.elusvali.ee\/lt\/wp-json\/wp\/v2\/product\/41152\/revisions\/56395"}],"wp:featuredmedia":[{"embeddable":true,"href":"https:\/\/old.elusvali.ee\/lt\/wp-json\/wp\/v2\/media\/37532"}],"wp:attachment":[{"href":"https:\/\/old.elusvali.ee\/lt\/wp-json\/wp\/v2\/media?parent=41152"}],"wp:term":[{"taxonomy":"product_brand","embeddable":true,"href":"https:\/\/old.elusvali.ee\/lt\/wp-json\/wp\/v2\/product_brand?post=41152"},{"taxonomy":"product_cat","embeddable":true,"href":"https:\/\/old.elusvali.ee\/lt\/wp-json\/wp\/v2\/product_cat?post=41152"},{"taxonomy":"product_tag","embeddable":true,"href":"https:\/\/old.elusvali.ee\/lt\/wp-json\/wp\/v2\/product_tag?post=41152"}],"curies":[{"name":"wp","href":"https:\/\/api.w.org\/{rel}","templated":true}]}}