{"id":41136,"date":"2024-03-11T09:00:21","date_gmt":"2024-03-11T07:00:21","guid":{"rendered":"https:\/\/old.elusvali.ee\/product\/ekologiskas-pune-raudonelis-70g-biomenu-prieskoniai\/"},"modified":"2025-03-28T20:55:15","modified_gmt":"2025-03-28T18:55:15","slug":"ekologiskas-raudonelis-70g-biomenu-prieskoniai","status":"publish","type":"product","link":"https:\/\/old.elusvali.ee\/lt\/prek\u0117\/ekologiskas-raudonelis-70g-biomenu-prieskoniai\/","title":{"rendered":"Ekologi\u0161kas raudon\u0117lis 70g | BIOMENU Prieskoniai"},"content":{"rendered":"<h4 dir=\"ltr\" data-placeholder=\"T\u00f5lge\" data-ved=\"2ahUKEwikzcGy2L6EAxX3PxAIHfFUBfcQ3ewLegQIBRAU\"><span class=\"Y2IQFc\" lang=\"et\">Ekologi\u0161kas raudon\u0117lis (1-4 mm)<\/span><\/h4>\n<p dir=\"ltr\" data-placeholder=\"T\u00f5lge\" data-ved=\"2ahUKEwikzcGy2L6EAxX3PxAIHfFUBfcQ3ewLegQIBRAU\">Raudon\u0117lis suteikia i\u0161skirtin\u012f skon\u012f picai, makaronams, salotoms ir daugeliui kit\u0173 patiekal\u0173. Tai ypatingas skonis, kur\u012f kart\u0105 paragavus sunku pamir\u0161ti. Taip pat audon\u0117lis yra labai aromatingas &#8211; gamindami maist\u0105 su juo galite pasteb\u0117ti, koks nuostabus kvapas pasklinda. Biomenu raudon\u0117lio lapeliai yra ma\u017ei, tod\u0117l tolygiai pasiskirsto ant maisto ir tokius patiekalus valgyti labai malonu.<\/p>\n<h4 class=\"tw-data-text tw-text-large tw-ta\" dir=\"ltr\" data-placeholder=\"T\u00f5lge\" data-ved=\"2ahUKEwikzcGy2L6EAxX3PxAIHfFUBfcQ3ewLegQIBRAU\"><span class=\"Y2IQFc\" lang=\"et\">\u0160is raudon\u0117lis &#8211; Vidur\u017eemio j\u016bros regiono \u0161vie\u017eumas ir ekologi\u0161ka kokyb\u0117!<\/span><\/h4>\n<p dir=\"ltr\" data-placeholder=\"T\u00f5lge\" data-ved=\"2ahUKEwikzcGy2L6EAxX3PxAIHfFUBfcQ3ewLegQIBRAU\">Biomenu ekologi\u0161kas raudon\u0117lis yra daugiau nei tik prieskonis &#8211; tai Vidur\u017eemio j\u016bros regiono virtuv\u0117s esm\u0117, u\u017eauginta laikantis auk\u0161\u010diausi\u0173 ekologi\u0161k\u0173 standart\u0173 ir vietini\u0173 tradicij\u0173. Saul\u0117tuose laukuose, be kenksming\u0173 chemini\u0173 med\u017eiag\u0173 u\u017eaug\u0119s raudon\u0117lis, \u012f j\u016bs\u0173 l\u0117k\u0161t\u0119 atne\u0161 gryno ekologinio \u016bkininkavimo \u0161vie\u017eum\u0105. Kruop\u0161\u010diai rankomis surinktas ir \u0161velniai i\u0161d\u017eiovintas raudon\u0117lis, i\u0161laiko vis\u0105 savo aromatingum\u0105. I\u0161bandykite ir pajauskite tvarus \u016bkininkavimo skirtum\u0105.<\/p>\n<h4 dir=\"ltr\" data-placeholder=\"T\u00f5lge\" data-ved=\"2ahUKEwikzcGy2L6EAxX3PxAIHfFUBfcQ3ewLegQIBRAU\">Raudon\u0117lis &#8211; \u201ekaln\u0173 gro\u017eis\u201c<\/h4>\n<p dir=\"ltr\" data-placeholder=\"T\u00f5lge\" data-ved=\"2ahUKEwikzcGy2L6EAxX3PxAIHfFUBfcQ3ewLegQIBRAU\">\u201eAr \u017einojote, kad angli\u0161kas raudon\u0117lio terminas \u201e<em>oregano<\/em>\u201c i\u0161 senov\u0117s graik\u0173 kalbos rei\u0161kia \u201e<em>kalno gro\u017eis<\/em>\u201c? Taip yra tod\u0117l, kad raudon\u0117lis auga ant auk\u0161t\u0173 Graikijos kalv\u0173 \u0161lait\u0173 ir puo\u0161ia juos rausvai raudonais \u017eiedais. Senov\u0117s graikai \u0161\u012f augal\u0105 dedikavo deivei Afroditei, kuri buvo laikoma jo k\u016br\u0117ja.<\/p>\n<p dir=\"ltr\" data-placeholder=\"T\u00f5lge\" data-ved=\"2ahUKEwikzcGy2L6EAxX3PxAIHfFUBfcQ3ewLegQIBRAU\">Est\u0173 folklore, raudon\u0117lis taip pat turi magi\u0161k\u0173 gali\u0173, be kita ko, simbolizuoja s\u0117km\u0119, meil\u0119 ir moteri\u0161kum\u0105. O Lietuvos baltai taip pat naudodavo raudon\u0117l\u012f: liaudies medicinoje, tradiciniuose patiekaluose, ruo\u0161davo arbat\u0105 su raudon\u0117liu.<\/p>\n<h4 class=\"tw-data-text tw-text-large tw-ta\" dir=\"ltr\" data-placeholder=\"T\u00f5lge\" data-ved=\"2ahUKEwikzcGy2L6EAxX3PxAIHfFUBfcQ3ewLegQIBRAU\">Senovinis augalas<\/h4>\n<p dir=\"ltr\" data-placeholder=\"T\u00f5lge\" data-ved=\"2ahUKEwikzcGy2L6EAxX3PxAIHfFUBfcQ3ewLegQIBRAU\">Raudon\u0117lis naudojamas ne tik kulinarijoje, bet ir nuo sen\u0173 laik\u0173 naudojamas liaudies medicinoje. Juo gydomos per\u0161alimo ligos, bakterin\u0117s ir virusin\u0117s infekcijos bei vir\u0161kinimo sutrikimai. I\u0161 d\u017eiovinto raudon\u0117lio galima pasigaminti veiksmingos vaistin\u0117s arbatos arba nuoviro, kuris taip pat naudingas kovojant su streptokoko bakterijomis.<\/p>\n","protected":false},"excerpt":{"rendered":"<p>Aromatingasis raudon\u0117lis yra unikali prieskonin\u0117 \u017eolel\u0117, puikiai tinkanti ne tik visiems Vidur\u017eemio j\u016bros regiono virtuv\u0117s patiekalams, bet ir \u012fvairioms sriuboms, tro\u0161kiniams, pikanti\u0161kiems kepiniams.<\/p>\n<p>Be to, raudon\u0117lis taip pat gali b\u016bti naudojamas kaip galinga vaista\u017eol\u0117 arbatoje arba nuovire.<\/p>\n","protected":false},"featured_media":39758,"comment_status":"open","ping_status":"closed","template":"","meta":{"_acf_changed":false},"product_brand":[],"product_cat":[444,478],"product_tag":[603],"class_list":{"0":"post-41136","1":"product","2":"type-product","3":"status-publish","4":"has-post-thumbnail","6":"product_cat-namu-virtuve","7":"product_cat-pagardinimui","8":"product_tag-zeme","10":"first","11":"instock","12":"taxable","13":"shipping-taxable","14":"purchasable","15":"product-type-simple"},"acf":[],"yoast_head":"<!-- This site is optimized with the Yoast SEO plugin v25.3.1 - https:\/\/yoast.com\/wordpress\/plugins\/seo\/ -->\n<title>Ekologi\u0161kas raudon\u0117lis 70g | BIOMENU Prieskoniai - Pure Nature<\/title>\n<meta name=\"description\" content=\"Kvapnusis raudon\u0117lis yra unikalus prieskoninis augalas, kuris tinka ne tik Vidur\u017eemio j\u016bros regiono patiekalams. Juo galima gardinti \u012fvairiausius patiekalus, naudoti arbatai.\" \/>\n<meta name=\"robots\" content=\"noindex, follow, max-snippet:-1, max-image-preview:large, max-video-preview:-1\" \/>\n<meta property=\"og:locale\" content=\"lt_LT\" \/>\n<meta property=\"og:type\" content=\"article\" \/>\n<meta property=\"og:title\" content=\"Ekologi\u0161kas raudon\u0117lis 70g | BIOMENU Prieskoniai - Pure Nature\" \/>\n<meta property=\"og:description\" content=\"Kvapnusis raudon\u0117lis yra unikalus prieskoninis augalas, kuris tinka ne tik Vidur\u017eemio j\u016bros regiono patiekalams. Juo galima gardinti \u012fvairiausius patiekalus, naudoti arbatai.\" \/>\n<meta property=\"og:url\" content=\"https:\/\/old.elusvali.ee\/lt\/prek\u0117\/ekologiskas-raudonelis-70g-biomenu-prieskoniai\/\" \/>\n<meta property=\"og:site_name\" content=\"Elusv&auml;li\" \/>\n<meta property=\"article:publisher\" content=\"https:\/\/www.facebook.com\/profile.php?id=100064131067985\" \/>\n<meta property=\"article:modified_time\" content=\"2025-03-28T18:55:15+00:00\" \/>\n<meta property=\"og:image\" content=\"https:\/\/old.elusvali.ee\/wp-content\/uploads\/2024\/02\/Oregano-pune-organic-oregano.jpg\" \/>\n\t<meta property=\"og:image:width\" content=\"1500\" \/>\n\t<meta property=\"og:image:height\" content=\"1500\" \/>\n\t<meta property=\"og:image:type\" content=\"image\/jpeg\" \/>\n<meta name=\"twitter:card\" content=\"summary_large_image\" \/>\n<meta name=\"twitter:label1\" content=\"Est. reading time\" \/>\n\t<meta name=\"twitter:data1\" content=\"2 minut\u0117s\" \/>\n<script type=\"application\/ld+json\" class=\"yoast-schema-graph\">{\"@context\":\"https:\/\/schema.org\",\"@graph\":[{\"@type\":\"WebPage\",\"@id\":\"https:\/\/old.elusvali.ee\/lt\/prek\u0117\/ekologiskas-raudonelis-70g-biomenu-prieskoniai\/\",\"url\":\"https:\/\/old.elusvali.ee\/lt\/prek\u0117\/ekologiskas-raudonelis-70g-biomenu-prieskoniai\/\",\"name\":\"Ekologi\u0161kas raudon\u0117lis 70g | BIOMENU Prieskoniai - Pure Nature\",\"isPartOf\":{\"@id\":\"https:\/\/old.elusvali.ee\/lt\/#website\"},\"primaryImageOfPage\":{\"@id\":\"https:\/\/old.elusvali.ee\/lt\/prek\u0117\/ekologiskas-raudonelis-70g-biomenu-prieskoniai\/#primaryimage\"},\"image\":{\"@id\":\"https:\/\/old.elusvali.ee\/lt\/prek\u0117\/ekologiskas-raudonelis-70g-biomenu-prieskoniai\/#primaryimage\"},\"thumbnailUrl\":\"https:\/\/old.elusvali.ee\/wp-content\/uploads\/2024\/02\/Oregano-pune-organic-oregano.jpg\",\"datePublished\":\"2024-03-11T07:00:21+00:00\",\"dateModified\":\"2025-03-28T18:55:15+00:00\",\"description\":\"Kvapnusis raudon\u0117lis yra unikalus prieskoninis augalas, kuris tinka ne tik Vidur\u017eemio j\u016bros regiono patiekalams. Juo galima gardinti \u012fvairiausius patiekalus, naudoti arbatai.\",\"breadcrumb\":{\"@id\":\"https:\/\/old.elusvali.ee\/lt\/prek\u0117\/ekologiskas-raudonelis-70g-biomenu-prieskoniai\/#breadcrumb\"},\"inLanguage\":\"lt-LT\",\"potentialAction\":[{\"@type\":\"ReadAction\",\"target\":[\"https:\/\/old.elusvali.ee\/lt\/prek\u0117\/ekologiskas-raudonelis-70g-biomenu-prieskoniai\/\"]}]},{\"@type\":\"ImageObject\",\"inLanguage\":\"lt-LT\",\"@id\":\"https:\/\/old.elusvali.ee\/lt\/prek\u0117\/ekologiskas-raudonelis-70g-biomenu-prieskoniai\/#primaryimage\",\"url\":\"https:\/\/old.elusvali.ee\/wp-content\/uploads\/2024\/02\/Oregano-pune-organic-oregano.jpg\",\"contentUrl\":\"https:\/\/old.elusvali.ee\/wp-content\/uploads\/2024\/02\/Oregano-pune-organic-oregano.jpg\",\"width\":1500,\"height\":1500,\"caption\":\"Raudonelis\"},{\"@type\":\"BreadcrumbList\",\"@id\":\"https:\/\/old.elusvali.ee\/lt\/prek\u0117\/ekologiskas-raudonelis-70g-biomenu-prieskoniai\/#breadcrumb\",\"itemListElement\":[{\"@type\":\"ListItem\",\"position\":1,\"name\":\"Home\",\"item\":\"https:\/\/old.elusvali.ee\/lt\/\"},{\"@type\":\"ListItem\",\"position\":2,\"name\":\"Elektronin\u0117 parduotuv\u0117\",\"item\":\"https:\/\/purenature.lt\/parduotuve\/\"},{\"@type\":\"ListItem\",\"position\":3,\"name\":\"Ekologi\u0161kas raudon\u0117lis 70g | BIOMENU Prieskoniai\"}]},{\"@type\":\"WebSite\",\"@id\":\"https:\/\/old.elusvali.ee\/lt\/#website\",\"url\":\"https:\/\/old.elusvali.ee\/lt\/\",\"name\":\"Elusv\u00e4li\",\"description\":\"Puhas k&ouml;&ouml;k ja koduapteek\",\"publisher\":{\"@id\":\"https:\/\/old.elusvali.ee\/lt\/#organization\"},\"potentialAction\":[{\"@type\":\"SearchAction\",\"target\":{\"@type\":\"EntryPoint\",\"urlTemplate\":\"https:\/\/old.elusvali.ee\/lt\/?s={search_term_string}\"},\"query-input\":{\"@type\":\"PropertyValueSpecification\",\"valueRequired\":true,\"valueName\":\"search_term_string\"}}],\"inLanguage\":\"lt-LT\"},{\"@type\":\"Organization\",\"@id\":\"https:\/\/old.elusvali.ee\/lt\/#organization\",\"name\":\"Elusv\u00e4li\",\"url\":\"https:\/\/old.elusvali.ee\/lt\/\",\"logo\":{\"@type\":\"ImageObject\",\"inLanguage\":\"lt-LT\",\"@id\":\"https:\/\/old.elusvali.ee\/lt\/#\/schema\/logo\/image\/\",\"url\":\"https:\/\/purenature.lt\/wp-content\/uploads\/2023\/07\/logo.png\",\"contentUrl\":\"https:\/\/purenature.lt\/wp-content\/uploads\/2023\/07\/logo.png\",\"width\":526,\"height\":146,\"caption\":\"Elusv\u00e4li\"},\"image\":{\"@id\":\"https:\/\/old.elusvali.ee\/lt\/#\/schema\/logo\/image\/\"},\"sameAs\":[\"https:\/\/www.facebook.com\/profile.php?id=100064131067985\",\"https:\/\/www.instagram.com\/elusvali\/\",\"https:\/\/www.youtube.com\/@elusvali2110\"]}]}<\/script>\n<!-- \/ Yoast SEO plugin. -->","yoast_head_json":{"title":"Ekologi\u0161kas raudon\u0117lis 70g | BIOMENU Prieskoniai - Pure Nature","description":"Kvapnusis raudon\u0117lis yra unikalus prieskoninis augalas, kuris tinka ne tik Vidur\u017eemio j\u016bros regiono patiekalams. Juo galima gardinti \u012fvairiausius patiekalus, naudoti arbatai.","robots":{"index":"noindex","follow":"follow","max-snippet":"max-snippet:-1","max-image-preview":"max-image-preview:large","max-video-preview":"max-video-preview:-1"},"og_locale":"lt_LT","og_type":"article","og_title":"Ekologi\u0161kas raudon\u0117lis 70g | BIOMENU Prieskoniai - Pure Nature","og_description":"Kvapnusis raudon\u0117lis yra unikalus prieskoninis augalas, kuris tinka ne tik Vidur\u017eemio j\u016bros regiono patiekalams. Juo galima gardinti \u012fvairiausius patiekalus, naudoti arbatai.","og_url":"https:\/\/old.elusvali.ee\/lt\/prek\u0117\/ekologiskas-raudonelis-70g-biomenu-prieskoniai\/","og_site_name":"Elusv&auml;li","article_publisher":"https:\/\/www.facebook.com\/profile.php?id=100064131067985","article_modified_time":"2025-03-28T18:55:15+00:00","og_image":[{"width":1500,"height":1500,"url":"https:\/\/old.elusvali.ee\/wp-content\/uploads\/2024\/02\/Oregano-pune-organic-oregano.jpg","type":"image\/jpeg"}],"twitter_card":"summary_large_image","twitter_misc":{"Est. reading time":"2 minut\u0117s"},"schema":{"@context":"https:\/\/schema.org","@graph":[{"@type":"WebPage","@id":"https:\/\/old.elusvali.ee\/lt\/prek\u0117\/ekologiskas-raudonelis-70g-biomenu-prieskoniai\/","url":"https:\/\/old.elusvali.ee\/lt\/prek\u0117\/ekologiskas-raudonelis-70g-biomenu-prieskoniai\/","name":"Ekologi\u0161kas raudon\u0117lis 70g | BIOMENU Prieskoniai - Pure Nature","isPartOf":{"@id":"https:\/\/old.elusvali.ee\/lt\/#website"},"primaryImageOfPage":{"@id":"https:\/\/old.elusvali.ee\/lt\/prek\u0117\/ekologiskas-raudonelis-70g-biomenu-prieskoniai\/#primaryimage"},"image":{"@id":"https:\/\/old.elusvali.ee\/lt\/prek\u0117\/ekologiskas-raudonelis-70g-biomenu-prieskoniai\/#primaryimage"},"thumbnailUrl":"https:\/\/old.elusvali.ee\/wp-content\/uploads\/2024\/02\/Oregano-pune-organic-oregano.jpg","datePublished":"2024-03-11T07:00:21+00:00","dateModified":"2025-03-28T18:55:15+00:00","description":"Kvapnusis raudon\u0117lis yra unikalus prieskoninis augalas, kuris tinka ne tik Vidur\u017eemio j\u016bros regiono patiekalams. Juo galima gardinti \u012fvairiausius patiekalus, naudoti arbatai.","breadcrumb":{"@id":"https:\/\/old.elusvali.ee\/lt\/prek\u0117\/ekologiskas-raudonelis-70g-biomenu-prieskoniai\/#breadcrumb"},"inLanguage":"lt-LT","potentialAction":[{"@type":"ReadAction","target":["https:\/\/old.elusvali.ee\/lt\/prek\u0117\/ekologiskas-raudonelis-70g-biomenu-prieskoniai\/"]}]},{"@type":"ImageObject","inLanguage":"lt-LT","@id":"https:\/\/old.elusvali.ee\/lt\/prek\u0117\/ekologiskas-raudonelis-70g-biomenu-prieskoniai\/#primaryimage","url":"https:\/\/old.elusvali.ee\/wp-content\/uploads\/2024\/02\/Oregano-pune-organic-oregano.jpg","contentUrl":"https:\/\/old.elusvali.ee\/wp-content\/uploads\/2024\/02\/Oregano-pune-organic-oregano.jpg","width":1500,"height":1500,"caption":"Raudonelis"},{"@type":"BreadcrumbList","@id":"https:\/\/old.elusvali.ee\/lt\/prek\u0117\/ekologiskas-raudonelis-70g-biomenu-prieskoniai\/#breadcrumb","itemListElement":[{"@type":"ListItem","position":1,"name":"Home","item":"https:\/\/old.elusvali.ee\/lt\/"},{"@type":"ListItem","position":2,"name":"Elektronin\u0117 parduotuv\u0117","item":"https:\/\/purenature.lt\/parduotuve\/"},{"@type":"ListItem","position":3,"name":"Ekologi\u0161kas raudon\u0117lis 70g | BIOMENU Prieskoniai"}]},{"@type":"WebSite","@id":"https:\/\/old.elusvali.ee\/lt\/#website","url":"https:\/\/old.elusvali.ee\/lt\/","name":"Elusv\u00e4li","description":"Puhas k&ouml;&ouml;k ja koduapteek","publisher":{"@id":"https:\/\/old.elusvali.ee\/lt\/#organization"},"potentialAction":[{"@type":"SearchAction","target":{"@type":"EntryPoint","urlTemplate":"https:\/\/old.elusvali.ee\/lt\/?s={search_term_string}"},"query-input":{"@type":"PropertyValueSpecification","valueRequired":true,"valueName":"search_term_string"}}],"inLanguage":"lt-LT"},{"@type":"Organization","@id":"https:\/\/old.elusvali.ee\/lt\/#organization","name":"Elusv\u00e4li","url":"https:\/\/old.elusvali.ee\/lt\/","logo":{"@type":"ImageObject","inLanguage":"lt-LT","@id":"https:\/\/old.elusvali.ee\/lt\/#\/schema\/logo\/image\/","url":"https:\/\/purenature.lt\/wp-content\/uploads\/2023\/07\/logo.png","contentUrl":"https:\/\/purenature.lt\/wp-content\/uploads\/2023\/07\/logo.png","width":526,"height":146,"caption":"Elusv\u00e4li"},"image":{"@id":"https:\/\/old.elusvali.ee\/lt\/#\/schema\/logo\/image\/"},"sameAs":["https:\/\/www.facebook.com\/profile.php?id=100064131067985","https:\/\/www.instagram.com\/elusvali\/","https:\/\/www.youtube.com\/@elusvali2110"]}]}},"_links":{"self":[{"href":"https:\/\/old.elusvali.ee\/lt\/wp-json\/wp\/v2\/product\/41136","targetHints":{"allow":["GET"]}}],"collection":[{"href":"https:\/\/old.elusvali.ee\/lt\/wp-json\/wp\/v2\/product"}],"about":[{"href":"https:\/\/old.elusvali.ee\/lt\/wp-json\/wp\/v2\/types\/product"}],"replies":[{"embeddable":true,"href":"https:\/\/old.elusvali.ee\/lt\/wp-json\/wp\/v2\/comments?post=41136"}],"version-history":[{"count":0,"href":"https:\/\/old.elusvali.ee\/lt\/wp-json\/wp\/v2\/product\/41136\/revisions"}],"wp:featuredmedia":[{"embeddable":true,"href":"https:\/\/old.elusvali.ee\/lt\/wp-json\/wp\/v2\/media\/39758"}],"wp:attachment":[{"href":"https:\/\/old.elusvali.ee\/lt\/wp-json\/wp\/v2\/media?parent=41136"}],"wp:term":[{"taxonomy":"product_brand","embeddable":true,"href":"https:\/\/old.elusvali.ee\/lt\/wp-json\/wp\/v2\/product_brand?post=41136"},{"taxonomy":"product_cat","embeddable":true,"href":"https:\/\/old.elusvali.ee\/lt\/wp-json\/wp\/v2\/product_cat?post=41136"},{"taxonomy":"product_tag","embeddable":true,"href":"https:\/\/old.elusvali.ee\/lt\/wp-json\/wp\/v2\/product_tag?post=41136"}],"curies":[{"name":"wp","href":"https:\/\/api.w.org\/{rel}","templated":true}]}}