{"id":41135,"date":"2024-03-11T09:00:01","date_gmt":"2024-03-11T07:00:01","guid":{"rendered":"https:\/\/old.elusvali.ee\/product\/ekologiski-prieskoniai-malti-50g-biomenu-spices\/"},"modified":"2025-06-19T22:07:29","modified_gmt":"2025-06-19T19:07:29","slug":"ekologiski-prieskoniai-kuminas-maltas-50g-biomenu","status":"publish","type":"product","link":"https:\/\/old.elusvali.ee\/lt\/prek\u0117\/ekologiski-prieskoniai-kuminas-maltas-50g-biomenu\/","title":{"rendered":"Ekologi\u0161kas kuminas (maltas) 50g | BIOMENU prieskoniai"},"content":{"rendered":"<h4 id=\"tw-target-text\" class=\"tw-data-text tw-text-large tw-ta\" dir=\"ltr\" data-placeholder=\"T\u00f5lge\" data-ved=\"2ahUKEwikzcGy2L6EAxX3PxAIHfFUBfcQ3ewLegQIBRAU\"><span class=\"Y2IQFc\" lang=\"et\">Ekologi\u0161kas maltas kuminas &#8211; egzotika ir aromatingi patiekalai j\u016bs\u0173 namuose<\/span><\/h4>\n<p dir=\"ltr\" data-placeholder=\"T\u00f5lge\" data-ved=\"2ahUKEwikzcGy2L6EAxX3PxAIHfFUBfcQ3ewLegQIBRAU\">Ekologi\u0161kai auginamas ir su meile ruo\u0161iamias Biomenu kuminas, j\u016bs\u0173 patiekalams suteiks kvapnios egzotikos. Smulkiai maltas kuminas yra nuostabaus aromato ir i\u0161ties ypatingo skonio. I\u0161 Artim\u0173j\u0173 Ryt\u0173 kil\u0119s kuminas laikui b\u0117gant u\u017ekariavo vis\u0105 pasaul\u012f ir peln\u0117 ger\u0105 vard\u0105 daugelyje pasaulio virtuvi\u0173. Tai vienas i\u0161 t\u0173 prieskoni\u0173, kurie su\u0161ildo ir atgaivina, bet n\u0117ra a\u0161tr\u016bs, o skonis toks gilus ir turtingas, kad norisi jo d\u0117ti \u012f visus patiekalus.<\/p>\n<h4 dir=\"ltr\" data-placeholder=\"T\u00f5lge\" data-ved=\"2ahUKEwikzcGy2L6EAxX3PxAIHfFUBfcQ3ewLegQIBRAU\">Universalus palydovas virtuv\u0117je<\/h4>\n<p dir=\"ltr\" data-placeholder=\"T\u00f5lge\" data-ved=\"2ahUKEwikzcGy2L6EAxX3PxAIHfFUBfcQ3ewLegQIBRAU\">Kuminas gali b\u016bti geriausiai \u017einomas kaip humuso ir kario sudedamoji dalis, ta\u010diau jis taip pat labai tinka tro\u0161kiniams bei \u012fvairiems kepiniams, dar\u017eovi\u0173 pada\u017eams, sriuboms. Dera ir su m\u0117sos bei \u017euvies patiekalais. D\u0117l kumino universalumo, gilaus skonio ir i\u0161skirtinio aromato, jie yra nepakei\u010diami virtuvje.<\/p>\n<h4 dir=\"ltr\" data-placeholder=\"T\u00f5lge\" data-ved=\"2ahUKEwikzcGy2L6EAxX3PxAIHfFUBfcQ3ewLegQIBRAU\">Pagerinkite vir\u0161kinim\u0105 su kumino s\u0117klomis<\/h4>\n<p dir=\"ltr\" data-placeholder=\"T\u00f5lge\" data-ved=\"2ahUKEwikzcGy2L6EAxX3PxAIHfFUBfcQ3ewLegQIBRAU\">Mineralini\u0173 med\u017eiag\u0173 turtingas kuminas, puikiai palaiko skrand\u017eio sveikat\u0105, tod\u0117l yra gera priemon\u0117 nuo vis\u0173 vir\u0161kinimo problem\u0173 &#8211; pradedant viduri\u0173 u\u017ekiet\u0117jimo, skrand\u017eio spazm\u0173 ir gastrito iki viduri\u0173 p\u016btimo ar pykinimo. Medical Medium ra\u0161oma, kad kuminas padeda organizmui efektyviau \u012fsisavinti maistines med\u017eiagas ir gali stimuliuoti kepen\u0173 ir inkst\u0173 veikl\u0105. I\u0161 s\u0117kl\u0173 galima pasigaminti arbatos: 2-3 arbatinius \u0161auk\u0161telius nemalt\u0173 kumino s\u0117kl\u0173 u\u017eplikius puse litro verdan\u010dio vandens. Tai ir geras b\u016bdas numesti svorio ir suteikti energijos visam k\u016bnui.<\/p>\n<p dir=\"ltr\" data-placeholder=\"T\u00f5lge\" data-ved=\"2ahUKEwikzcGy2L6EAxX3PxAIHfFUBfcQ3ewLegQIBRAU\">P.S! Nepainiokite kmyn\u0173 ir kumino &#8211; nors ir jie atrodo \u0161iek tiek pan\u0161iai, tai skirtingi aromatai, gaunami i\u0161 skirting\u0173 augal\u0173. O parduotuv\u0117se galima \u012fsigyti abej\u0173 prieskoni\u0173.<\/p>\n","protected":false},"excerpt":{"rendered":"<p>Kuminas &#8211; tai unikalaus skonio prieskonis, m\u0117gstami visur. Kuminas gali b\u016bti naudojamas daugyb\u0117je \u012fvairiausi\u0173 recept\u0173. Jis suteiks patiekalui ry\u0161k\u0173, egzoti\u0161k\u0105, malon\u0173 skon\u012f.<\/p>\n","protected":false},"featured_media":39746,"comment_status":"open","ping_status":"closed","template":"","meta":{"_acf_changed":false},"product_brand":[],"product_cat":[444,478],"product_tag":[603],"class_list":{"0":"post-41135","1":"product","2":"type-product","3":"status-publish","4":"has-post-thumbnail","6":"product_cat-namu-virtuve","7":"product_cat-pagardinimui","8":"product_tag-zeme","10":"first","11":"instock","12":"taxable","13":"shipping-taxable","14":"purchasable","15":"product-type-simple"},"acf":[],"yoast_head":"<!-- This site is optimized with the Yoast SEO plugin v25.3.1 - https:\/\/yoast.com\/wordpress\/plugins\/seo\/ -->\n<title>Ekologi\u0161kas kuminas (maltas) 50g | BIOMENU prieskoniai - Pure Nature<\/title>\n<meta name=\"description\" content=\"Tai labai m\u0117gstami prieskoniai, kurie j\u016bs\u0173 patiekalams suteiks gilaus, aromatingo ir egzoti\u0161ko atspalvio. Tai labai universal\u016bs prieskoniai, kuri\u0173 pagalba bet koks nuobodus patiekalas taps stalo pa\u017eiba.\" \/>\n<meta name=\"robots\" content=\"noindex, follow, max-snippet:-1, max-image-preview:large, max-video-preview:-1\" \/>\n<meta property=\"og:locale\" content=\"lt_LT\" \/>\n<meta property=\"og:type\" content=\"article\" \/>\n<meta property=\"og:title\" content=\"Ekologi\u0161kas kuminas (maltas) 50g | BIOMENU prieskoniai - Pure Nature\" \/>\n<meta property=\"og:description\" content=\"Tai labai m\u0117gstami prieskoniai, kurie j\u016bs\u0173 patiekalams suteiks gilaus, aromatingo ir egzoti\u0161ko atspalvio. Tai labai universal\u016bs prieskoniai, kuri\u0173 pagalba bet koks nuobodus patiekalas taps stalo pa\u017eiba.\" \/>\n<meta property=\"og:url\" content=\"https:\/\/old.elusvali.ee\/lt\/prek\u0117\/ekologiski-prieskoniai-kuminas-maltas-50g-biomenu\/\" \/>\n<meta property=\"og:site_name\" content=\"Elusv&auml;li\" \/>\n<meta property=\"article:publisher\" content=\"https:\/\/www.facebook.com\/profile.php?id=100064131067985\" \/>\n<meta property=\"article:modified_time\" content=\"2025-06-19T19:07:29+00:00\" \/>\n<meta property=\"og:image\" content=\"https:\/\/purenature.lt\/wp-content\/uploads\/2024\/02\/Jahvatatud-vurtskoomned-organic-cumin.jpg\" \/>\n\t<meta property=\"og:image:width\" content=\"1500\" \/>\n\t<meta property=\"og:image:height\" content=\"1500\" \/>\n\t<meta property=\"og:image:type\" content=\"image\/jpeg\" \/>\n<meta name=\"twitter:card\" content=\"summary_large_image\" \/>\n<meta name=\"twitter:label1\" content=\"Est. reading time\" \/>\n\t<meta name=\"twitter:data1\" content=\"2 minut\u0117s\" \/>\n<script type=\"application\/ld+json\" class=\"yoast-schema-graph\">{\"@context\":\"https:\/\/schema.org\",\"@graph\":[{\"@type\":\"WebPage\",\"@id\":\"https:\/\/old.elusvali.ee\/lt\/prek\u0117\/ekologiski-prieskoniai-kuminas-maltas-50g-biomenu\/\",\"url\":\"https:\/\/old.elusvali.ee\/lt\/prek\u0117\/ekologiski-prieskoniai-kuminas-maltas-50g-biomenu\/\",\"name\":\"Ekologi\u0161kas kuminas (maltas) 50g | BIOMENU prieskoniai - Pure Nature\",\"isPartOf\":{\"@id\":\"https:\/\/old.elusvali.ee\/lt\/#website\"},\"primaryImageOfPage\":{\"@id\":\"https:\/\/old.elusvali.ee\/lt\/prek\u0117\/ekologiski-prieskoniai-kuminas-maltas-50g-biomenu\/#primaryimage\"},\"image\":{\"@id\":\"https:\/\/old.elusvali.ee\/lt\/prek\u0117\/ekologiski-prieskoniai-kuminas-maltas-50g-biomenu\/#primaryimage\"},\"thumbnailUrl\":\"https:\/\/old.elusvali.ee\/wp-content\/uploads\/2024\/02\/Jahvatatud-vurtskoomned-organic-cumin.jpg\",\"datePublished\":\"2024-03-11T07:00:01+00:00\",\"dateModified\":\"2025-06-19T19:07:29+00:00\",\"description\":\"Tai labai m\u0117gstami prieskoniai, kurie j\u016bs\u0173 patiekalams suteiks gilaus, aromatingo ir egzoti\u0161ko atspalvio. Tai labai universal\u016bs prieskoniai, kuri\u0173 pagalba bet koks nuobodus patiekalas taps stalo pa\u017eiba.\",\"breadcrumb\":{\"@id\":\"https:\/\/old.elusvali.ee\/lt\/prek\u0117\/ekologiski-prieskoniai-kuminas-maltas-50g-biomenu\/#breadcrumb\"},\"inLanguage\":\"lt-LT\",\"potentialAction\":[{\"@type\":\"ReadAction\",\"target\":[\"https:\/\/old.elusvali.ee\/lt\/prek\u0117\/ekologiski-prieskoniai-kuminas-maltas-50g-biomenu\/\"]}]},{\"@type\":\"ImageObject\",\"inLanguage\":\"lt-LT\",\"@id\":\"https:\/\/old.elusvali.ee\/lt\/prek\u0117\/ekologiski-prieskoniai-kuminas-maltas-50g-biomenu\/#primaryimage\",\"url\":\"https:\/\/old.elusvali.ee\/wp-content\/uploads\/2024\/02\/Jahvatatud-vurtskoomned-organic-cumin.jpg\",\"contentUrl\":\"https:\/\/old.elusvali.ee\/wp-content\/uploads\/2024\/02\/Jahvatatud-vurtskoomned-organic-cumin.jpg\",\"width\":1500,\"height\":1500,\"caption\":\"Maltas kuminas\"},{\"@type\":\"BreadcrumbList\",\"@id\":\"https:\/\/old.elusvali.ee\/lt\/prek\u0117\/ekologiski-prieskoniai-kuminas-maltas-50g-biomenu\/#breadcrumb\",\"itemListElement\":[{\"@type\":\"ListItem\",\"position\":1,\"name\":\"Home\",\"item\":\"https:\/\/old.elusvali.ee\/lt\/\"},{\"@type\":\"ListItem\",\"position\":2,\"name\":\"Elektronin\u0117 parduotuv\u0117\",\"item\":\"https:\/\/purenature.lt\/parduotuve\/\"},{\"@type\":\"ListItem\",\"position\":3,\"name\":\"Ekologi\u0161kas kuminas (maltas) 50g | BIOMENU prieskoniai\"}]},{\"@type\":\"WebSite\",\"@id\":\"https:\/\/old.elusvali.ee\/lt\/#website\",\"url\":\"https:\/\/old.elusvali.ee\/lt\/\",\"name\":\"Elusv\u00e4li\",\"description\":\"Puhas k&ouml;&ouml;k ja koduapteek\",\"publisher\":{\"@id\":\"https:\/\/old.elusvali.ee\/lt\/#organization\"},\"potentialAction\":[{\"@type\":\"SearchAction\",\"target\":{\"@type\":\"EntryPoint\",\"urlTemplate\":\"https:\/\/old.elusvali.ee\/lt\/?s={search_term_string}\"},\"query-input\":{\"@type\":\"PropertyValueSpecification\",\"valueRequired\":true,\"valueName\":\"search_term_string\"}}],\"inLanguage\":\"lt-LT\"},{\"@type\":\"Organization\",\"@id\":\"https:\/\/old.elusvali.ee\/lt\/#organization\",\"name\":\"Elusv\u00e4li\",\"url\":\"https:\/\/old.elusvali.ee\/lt\/\",\"logo\":{\"@type\":\"ImageObject\",\"inLanguage\":\"lt-LT\",\"@id\":\"https:\/\/old.elusvali.ee\/lt\/#\/schema\/logo\/image\/\",\"url\":\"https:\/\/purenature.lt\/wp-content\/uploads\/2023\/07\/logo.png\",\"contentUrl\":\"https:\/\/purenature.lt\/wp-content\/uploads\/2023\/07\/logo.png\",\"width\":526,\"height\":146,\"caption\":\"Elusv\u00e4li\"},\"image\":{\"@id\":\"https:\/\/old.elusvali.ee\/lt\/#\/schema\/logo\/image\/\"},\"sameAs\":[\"https:\/\/www.facebook.com\/profile.php?id=100064131067985\",\"https:\/\/www.instagram.com\/elusvali\/\",\"https:\/\/www.youtube.com\/@elusvali2110\"]}]}<\/script>\n<!-- \/ Yoast SEO plugin. -->","yoast_head_json":{"title":"Ekologi\u0161kas kuminas (maltas) 50g | BIOMENU prieskoniai - Pure Nature","description":"Tai labai m\u0117gstami prieskoniai, kurie j\u016bs\u0173 patiekalams suteiks gilaus, aromatingo ir egzoti\u0161ko atspalvio. Tai labai universal\u016bs prieskoniai, kuri\u0173 pagalba bet koks nuobodus patiekalas taps stalo pa\u017eiba.","robots":{"index":"noindex","follow":"follow","max-snippet":"max-snippet:-1","max-image-preview":"max-image-preview:large","max-video-preview":"max-video-preview:-1"},"og_locale":"lt_LT","og_type":"article","og_title":"Ekologi\u0161kas kuminas (maltas) 50g | BIOMENU prieskoniai - Pure Nature","og_description":"Tai labai m\u0117gstami prieskoniai, kurie j\u016bs\u0173 patiekalams suteiks gilaus, aromatingo ir egzoti\u0161ko atspalvio. Tai labai universal\u016bs prieskoniai, kuri\u0173 pagalba bet koks nuobodus patiekalas taps stalo pa\u017eiba.","og_url":"https:\/\/old.elusvali.ee\/lt\/prek\u0117\/ekologiski-prieskoniai-kuminas-maltas-50g-biomenu\/","og_site_name":"Elusv&auml;li","article_publisher":"https:\/\/www.facebook.com\/profile.php?id=100064131067985","article_modified_time":"2025-06-19T19:07:29+00:00","og_image":[{"width":1500,"height":1500,"url":"https:\/\/purenature.lt\/wp-content\/uploads\/2024\/02\/Jahvatatud-vurtskoomned-organic-cumin.jpg","type":"image\/jpeg"}],"twitter_card":"summary_large_image","twitter_misc":{"Est. reading time":"2 minut\u0117s"},"schema":{"@context":"https:\/\/schema.org","@graph":[{"@type":"WebPage","@id":"https:\/\/old.elusvali.ee\/lt\/prek\u0117\/ekologiski-prieskoniai-kuminas-maltas-50g-biomenu\/","url":"https:\/\/old.elusvali.ee\/lt\/prek\u0117\/ekologiski-prieskoniai-kuminas-maltas-50g-biomenu\/","name":"Ekologi\u0161kas kuminas (maltas) 50g | BIOMENU prieskoniai - Pure Nature","isPartOf":{"@id":"https:\/\/old.elusvali.ee\/lt\/#website"},"primaryImageOfPage":{"@id":"https:\/\/old.elusvali.ee\/lt\/prek\u0117\/ekologiski-prieskoniai-kuminas-maltas-50g-biomenu\/#primaryimage"},"image":{"@id":"https:\/\/old.elusvali.ee\/lt\/prek\u0117\/ekologiski-prieskoniai-kuminas-maltas-50g-biomenu\/#primaryimage"},"thumbnailUrl":"https:\/\/old.elusvali.ee\/wp-content\/uploads\/2024\/02\/Jahvatatud-vurtskoomned-organic-cumin.jpg","datePublished":"2024-03-11T07:00:01+00:00","dateModified":"2025-06-19T19:07:29+00:00","description":"Tai labai m\u0117gstami prieskoniai, kurie j\u016bs\u0173 patiekalams suteiks gilaus, aromatingo ir egzoti\u0161ko atspalvio. Tai labai universal\u016bs prieskoniai, kuri\u0173 pagalba bet koks nuobodus patiekalas taps stalo pa\u017eiba.","breadcrumb":{"@id":"https:\/\/old.elusvali.ee\/lt\/prek\u0117\/ekologiski-prieskoniai-kuminas-maltas-50g-biomenu\/#breadcrumb"},"inLanguage":"lt-LT","potentialAction":[{"@type":"ReadAction","target":["https:\/\/old.elusvali.ee\/lt\/prek\u0117\/ekologiski-prieskoniai-kuminas-maltas-50g-biomenu\/"]}]},{"@type":"ImageObject","inLanguage":"lt-LT","@id":"https:\/\/old.elusvali.ee\/lt\/prek\u0117\/ekologiski-prieskoniai-kuminas-maltas-50g-biomenu\/#primaryimage","url":"https:\/\/old.elusvali.ee\/wp-content\/uploads\/2024\/02\/Jahvatatud-vurtskoomned-organic-cumin.jpg","contentUrl":"https:\/\/old.elusvali.ee\/wp-content\/uploads\/2024\/02\/Jahvatatud-vurtskoomned-organic-cumin.jpg","width":1500,"height":1500,"caption":"Maltas kuminas"},{"@type":"BreadcrumbList","@id":"https:\/\/old.elusvali.ee\/lt\/prek\u0117\/ekologiski-prieskoniai-kuminas-maltas-50g-biomenu\/#breadcrumb","itemListElement":[{"@type":"ListItem","position":1,"name":"Home","item":"https:\/\/old.elusvali.ee\/lt\/"},{"@type":"ListItem","position":2,"name":"Elektronin\u0117 parduotuv\u0117","item":"https:\/\/purenature.lt\/parduotuve\/"},{"@type":"ListItem","position":3,"name":"Ekologi\u0161kas kuminas (maltas) 50g | BIOMENU prieskoniai"}]},{"@type":"WebSite","@id":"https:\/\/old.elusvali.ee\/lt\/#website","url":"https:\/\/old.elusvali.ee\/lt\/","name":"Elusv\u00e4li","description":"Puhas k&ouml;&ouml;k ja koduapteek","publisher":{"@id":"https:\/\/old.elusvali.ee\/lt\/#organization"},"potentialAction":[{"@type":"SearchAction","target":{"@type":"EntryPoint","urlTemplate":"https:\/\/old.elusvali.ee\/lt\/?s={search_term_string}"},"query-input":{"@type":"PropertyValueSpecification","valueRequired":true,"valueName":"search_term_string"}}],"inLanguage":"lt-LT"},{"@type":"Organization","@id":"https:\/\/old.elusvali.ee\/lt\/#organization","name":"Elusv\u00e4li","url":"https:\/\/old.elusvali.ee\/lt\/","logo":{"@type":"ImageObject","inLanguage":"lt-LT","@id":"https:\/\/old.elusvali.ee\/lt\/#\/schema\/logo\/image\/","url":"https:\/\/purenature.lt\/wp-content\/uploads\/2023\/07\/logo.png","contentUrl":"https:\/\/purenature.lt\/wp-content\/uploads\/2023\/07\/logo.png","width":526,"height":146,"caption":"Elusv\u00e4li"},"image":{"@id":"https:\/\/old.elusvali.ee\/lt\/#\/schema\/logo\/image\/"},"sameAs":["https:\/\/www.facebook.com\/profile.php?id=100064131067985","https:\/\/www.instagram.com\/elusvali\/","https:\/\/www.youtube.com\/@elusvali2110"]}]}},"_links":{"self":[{"href":"https:\/\/old.elusvali.ee\/lt\/wp-json\/wp\/v2\/product\/41135","targetHints":{"allow":["GET"]}}],"collection":[{"href":"https:\/\/old.elusvali.ee\/lt\/wp-json\/wp\/v2\/product"}],"about":[{"href":"https:\/\/old.elusvali.ee\/lt\/wp-json\/wp\/v2\/types\/product"}],"replies":[{"embeddable":true,"href":"https:\/\/old.elusvali.ee\/lt\/wp-json\/wp\/v2\/comments?post=41135"}],"version-history":[{"count":0,"href":"https:\/\/old.elusvali.ee\/lt\/wp-json\/wp\/v2\/product\/41135\/revisions"}],"wp:featuredmedia":[{"embeddable":true,"href":"https:\/\/old.elusvali.ee\/lt\/wp-json\/wp\/v2\/media\/39746"}],"wp:attachment":[{"href":"https:\/\/old.elusvali.ee\/lt\/wp-json\/wp\/v2\/media?parent=41135"}],"wp:term":[{"taxonomy":"product_brand","embeddable":true,"href":"https:\/\/old.elusvali.ee\/lt\/wp-json\/wp\/v2\/product_brand?post=41135"},{"taxonomy":"product_cat","embeddable":true,"href":"https:\/\/old.elusvali.ee\/lt\/wp-json\/wp\/v2\/product_cat?post=41135"},{"taxonomy":"product_tag","embeddable":true,"href":"https:\/\/old.elusvali.ee\/lt\/wp-json\/wp\/v2\/product_tag?post=41135"}],"curies":[{"name":"wp","href":"https:\/\/api.w.org\/{rel}","templated":true}]}}