{"id":41132,"date":"2024-03-10T11:43:20","date_gmt":"2024-03-10T09:43:20","guid":{"rendered":"https:\/\/old.elusvali.ee\/product\/ekologiskos-svogunu-granules-200g-biomenu-prieskoniai\/"},"modified":"2025-05-21T14:21:32","modified_gmt":"2025-05-21T11:21:32","slug":"ekologiskos-svogunu-granules-200g-biomenu-prieskoniai","status":"publish","type":"product","link":"https:\/\/old.elusvali.ee\/lt\/prek\u0117\/ekologiskos-svogunu-granules-200g-biomenu-prieskoniai\/","title":{"rendered":"Ekologi\u0161kos svog\u016bn\u0173 granul\u0117s 200g | BIOMENU Prieskoniai"},"content":{"rendered":"<h4 class=\"tw-data-text tw-text-large tw-ta\" dir=\"ltr\" data-placeholder=\"T\u00f5lge\" data-ved=\"2ahUKEwih3LO61b6EAxVZKBAIHS4gDqAQ3ewLegQIBhAU\"><span class=\"Y2IQFc\" lang=\"et\">Ekologi\u0161kos svog\u016bn\u0173 granul\u0117s (2-4 mm) <\/span><\/h4>\n<p class=\"tw-data-text tw-text-large tw-ta\" dir=\"ltr\" data-placeholder=\"T\u00f5lge\" data-ved=\"2ahUKEwih3LO61b6EAxVZKBAIHS4gDqAQ3ewLegQIBhAU\"><span class=\"Y2IQFc\" lang=\"et\">Ekologi\u0161kos svog\u016bn\u0173 granul\u0117s kruop\u0161\u010diai gaminamos i\u0161 ekologi\u0161kai u\u017eaugint\u0173 svog\u016bn\u0173 ir yra puikus priedas patiekalams suteikti s\u016braus svog\u016bn\u0173 skonio. <\/span><span class=\"Y2IQFc\" lang=\"et\">D\u0117l 2-4 mm dyd\u017eio granuli\u0173 jos tolygiai paskleid\u017eiamos ir naudojamos \u012fvairiuose patiekaluose. Svog\u016bn\u0173 granul\u0117s &#8211; lengvas b\u016bdas gardinti<\/span><span class=\"Y2IQFc\" lang=\"et\">sriuboms, pada\u017eams, tro\u0161kiniams, prieskoni\u0173 mi\u0161iniams ir daugeliui kit\u0173 patiekal\u0173 &#8211; suteikia skan\u0173 ir autenti\u0161k\u0105 svog\u016bn\u0173 kvap\u0105. <\/span><\/p>\n<h4><strong><span class=\"Y2IQFc\" lang=\"et\">Ekologi\u0161kos svog\u016bn\u0173 granul\u0117s <\/span>dideliame stiklainyje<\/strong>.<\/h4>\n<p><strong><span class=\"Y2IQFc\" lang=\"et\">Mahesibula granul\u0117s <\/span><\/strong> gali b\u016bti naudojamos tiek pagardinti, tiek gardinti, suteikti maistui malon\u0173 <em>umami<\/em> skon\u012f ir maloni\u0105 tra\u0161ki\u0105 tekst\u016br\u0105&#8230; Jos pasi\u017eymi universaliu maloniu skoniu, tinka tiek \u0161vie\u017eiems, tiek keptiems patiekalams. J\u0173 galite d\u0117ti \u012f salotas, gardinti sumu\u0161tinius, tro\u0161kinius ar sriubas, pavyzd\u017eiui, jie tinka visur! D\u017eiovinti ir granuliuoti svog\u016bnai n\u0117ra kart\u016bs kaip \u0161vie\u017ei svog\u016bnai, bet turi kitok\u012f atspalv\u012f, kuris kartu yra ir saldus, ir s\u016brus. I\u0161 ties\u0173 d\u017eiovinant svog\u016bnai tampa mink\u0161tesni ir saldesni.  <\/p>\n<h4>Patogiai sud\u0117ti \u012f didel\u012f stiklain\u012f<\/h4>\n<p>  Tai <strong>patogus ir prakti\u0161kas indelis<\/strong>. Stiklainis yra didesnis nei klasikiniai prieskoni\u0173 indeliai, tod\u0117l jo turinys naudojamas pakankamai ilgai, ta\u010diau kartu jis yra pakankamai ma\u017eas, kad tilpt\u0173 daugumoje prieskoni\u0173 lentyn\u0173 ir spinteli\u0173. Stiklainio auk\u0161tis 15 cm, dugno skersmuo 6,5 cm. Be profesionali\u0173 ir m\u0117g\u0117ji\u0161k\u0173 vir\u0117j\u0173, daug prieskoni\u0173 naudoja ir \u017emon\u0117s, m\u0117gstantys praturtinti <strong>sveikus ir skanius patiekalus<\/strong> \u012fvairiais skoniais.  &nbsp;<\/p>\n<pre id=\"tw-target-text\" class=\"tw-data-text tw-text-large tw-ta\" dir=\"ltr\" data-placeholder=\"T\u00f5lge\" data-ved=\"2ahUKEwih3LO61b6EAxVZKBAIHS4gDqAQ3ewLegQIBhAU\"><span class=\"Y2IQFc\" lang=\"et\"> <\/span><\/pre>\n","protected":false},"excerpt":{"rendered":"<p><strong><span class=\"Y2IQFc\" lang=\"et\">Mahesibula granul\u0117s <\/span><\/strong>galima naudoti ir prieskoniams, ir garnyrui pagardinti, suteikiant malon\u0173 <em>umami<\/em> skon\u012f ir maloni\u0105 tra\u0161ki\u0105 tekst\u016br\u0105. Jos pasi\u017eymi maloniu skoniu ir puikiai tinka tiek \u017ealiuose, tiek keptuose patiekaluose. Svog\u016bn\u0173 granules d\u0117kite \u012f salotas, sumu\u0161tinius, tro\u0161kinius ar sriubas &#8211; jos tinka visur!<\/p>\n","protected":false},"featured_media":39770,"comment_status":"open","ping_status":"closed","template":"","meta":{"_acf_changed":false},"product_brand":[],"product_cat":[444,478],"product_tag":[603],"class_list":{"0":"post-41132","1":"product","2":"type-product","3":"status-publish","4":"has-post-thumbnail","6":"product_cat-namu-virtuve","7":"product_cat-pagardinimui","8":"product_tag-zeme","10":"first","11":"instock","12":"taxable","13":"shipping-taxable","14":"purchasable","15":"product-type-simple"},"acf":[],"yoast_head":"<!-- This site is optimized with the Yoast SEO plugin v25.3.1 - https:\/\/yoast.com\/wordpress\/plugins\/seo\/ -->\n<title>Ekologi\u0161kos svog\u016bn\u0173 granul\u0117s 200g | BIOMENU Prieskoniai - Pure Nature<\/title>\n<meta name=\"description\" content=\"Ekologi\u0161kos svog\u016bn\u0173 granul\u0117s puikiai tinka beveik visiems patiekalams gardinti. \u0160is universalus skonis su \u0161iek tiek sald\u017eiu atspalviu, gali tapti j\u016bs\u0173 m\u0117gstamiausiu!\" \/>\n<meta name=\"robots\" content=\"noindex, follow, max-snippet:-1, max-image-preview:large, max-video-preview:-1\" \/>\n<meta property=\"og:locale\" content=\"lt_LT\" \/>\n<meta property=\"og:type\" content=\"article\" \/>\n<meta property=\"og:title\" content=\"Ekologi\u0161kos svog\u016bn\u0173 granul\u0117s 200g | BIOMENU Prieskoniai - Pure Nature\" \/>\n<meta property=\"og:description\" content=\"Ekologi\u0161kos svog\u016bn\u0173 granul\u0117s puikiai tinka beveik visiems patiekalams gardinti. \u0160is universalus skonis su \u0161iek tiek sald\u017eiu atspalviu, gali tapti j\u016bs\u0173 m\u0117gstamiausiu!\" \/>\n<meta property=\"og:url\" content=\"https:\/\/old.elusvali.ee\/lt\/prek\u0117\/ekologiskos-svogunu-granules-200g-biomenu-prieskoniai\/\" \/>\n<meta property=\"og:site_name\" content=\"Elusv&auml;li\" \/>\n<meta property=\"article:publisher\" content=\"https:\/\/www.facebook.com\/profile.php?id=100064131067985\" \/>\n<meta property=\"article:modified_time\" content=\"2025-05-21T11:21:32+00:00\" \/>\n<meta property=\"og:image\" content=\"https:\/\/purenature.lt\/wp-content\/uploads\/2024\/02\/sibulagraanulid-organic-onion-granulate.jpg\" \/>\n\t<meta property=\"og:image:width\" content=\"1500\" \/>\n\t<meta property=\"og:image:height\" content=\"1500\" \/>\n\t<meta property=\"og:image:type\" content=\"image\/jpeg\" \/>\n<meta name=\"twitter:card\" content=\"summary_large_image\" \/>\n<meta name=\"twitter:label1\" content=\"Est. reading time\" \/>\n\t<meta name=\"twitter:data1\" content=\"2 minut\u0117s\" \/>\n<script type=\"application\/ld+json\" class=\"yoast-schema-graph\">{\"@context\":\"https:\/\/schema.org\",\"@graph\":[{\"@type\":\"WebPage\",\"@id\":\"https:\/\/old.elusvali.ee\/lt\/prek\u0117\/ekologiskos-svogunu-granules-200g-biomenu-prieskoniai\/\",\"url\":\"https:\/\/old.elusvali.ee\/lt\/prek\u0117\/ekologiskos-svogunu-granules-200g-biomenu-prieskoniai\/\",\"name\":\"Ekologi\u0161kos svog\u016bn\u0173 granul\u0117s 200g | BIOMENU Prieskoniai - Pure Nature\",\"isPartOf\":{\"@id\":\"https:\/\/old.elusvali.ee\/lt\/#website\"},\"primaryImageOfPage\":{\"@id\":\"https:\/\/old.elusvali.ee\/lt\/prek\u0117\/ekologiskos-svogunu-granules-200g-biomenu-prieskoniai\/#primaryimage\"},\"image\":{\"@id\":\"https:\/\/old.elusvali.ee\/lt\/prek\u0117\/ekologiskos-svogunu-granules-200g-biomenu-prieskoniai\/#primaryimage\"},\"thumbnailUrl\":\"https:\/\/old.elusvali.ee\/wp-content\/uploads\/2024\/02\/sibulagraanulid-organic-onion-granulate.jpg\",\"datePublished\":\"2024-03-10T09:43:20+00:00\",\"dateModified\":\"2025-05-21T11:21:32+00:00\",\"description\":\"Ekologi\u0161kos svog\u016bn\u0173 granul\u0117s puikiai tinka beveik visiems patiekalams gardinti. \u0160is universalus skonis su \u0161iek tiek sald\u017eiu atspalviu, gali tapti j\u016bs\u0173 m\u0117gstamiausiu!\",\"breadcrumb\":{\"@id\":\"https:\/\/old.elusvali.ee\/lt\/prek\u0117\/ekologiskos-svogunu-granules-200g-biomenu-prieskoniai\/#breadcrumb\"},\"inLanguage\":\"lt-LT\",\"potentialAction\":[{\"@type\":\"ReadAction\",\"target\":[\"https:\/\/old.elusvali.ee\/lt\/prek\u0117\/ekologiskos-svogunu-granules-200g-biomenu-prieskoniai\/\"]}]},{\"@type\":\"ImageObject\",\"inLanguage\":\"lt-LT\",\"@id\":\"https:\/\/old.elusvali.ee\/lt\/prek\u0117\/ekologiskos-svogunu-granules-200g-biomenu-prieskoniai\/#primaryimage\",\"url\":\"https:\/\/old.elusvali.ee\/wp-content\/uploads\/2024\/02\/sibulagraanulid-organic-onion-granulate.jpg\",\"contentUrl\":\"https:\/\/old.elusvali.ee\/wp-content\/uploads\/2024\/02\/sibulagraanulid-organic-onion-granulate.jpg\",\"width\":1500,\"height\":1500,\"caption\":\"Dziovintu svogunu granules\"},{\"@type\":\"BreadcrumbList\",\"@id\":\"https:\/\/old.elusvali.ee\/lt\/prek\u0117\/ekologiskos-svogunu-granules-200g-biomenu-prieskoniai\/#breadcrumb\",\"itemListElement\":[{\"@type\":\"ListItem\",\"position\":1,\"name\":\"Home\",\"item\":\"https:\/\/old.elusvali.ee\/lt\/\"},{\"@type\":\"ListItem\",\"position\":2,\"name\":\"Elektronin\u0117 parduotuv\u0117\",\"item\":\"https:\/\/purenature.lt\/parduotuve\/\"},{\"@type\":\"ListItem\",\"position\":3,\"name\":\"Ekologi\u0161kos svog\u016bn\u0173 granul\u0117s 200g | BIOMENU Prieskoniai\"}]},{\"@type\":\"WebSite\",\"@id\":\"https:\/\/old.elusvali.ee\/lt\/#website\",\"url\":\"https:\/\/old.elusvali.ee\/lt\/\",\"name\":\"Elusv\u00e4li\",\"description\":\"Puhas k&ouml;&ouml;k ja koduapteek\",\"publisher\":{\"@id\":\"https:\/\/old.elusvali.ee\/lt\/#organization\"},\"potentialAction\":[{\"@type\":\"SearchAction\",\"target\":{\"@type\":\"EntryPoint\",\"urlTemplate\":\"https:\/\/old.elusvali.ee\/lt\/?s={search_term_string}\"},\"query-input\":{\"@type\":\"PropertyValueSpecification\",\"valueRequired\":true,\"valueName\":\"search_term_string\"}}],\"inLanguage\":\"lt-LT\"},{\"@type\":\"Organization\",\"@id\":\"https:\/\/old.elusvali.ee\/lt\/#organization\",\"name\":\"Elusv\u00e4li\",\"url\":\"https:\/\/old.elusvali.ee\/lt\/\",\"logo\":{\"@type\":\"ImageObject\",\"inLanguage\":\"lt-LT\",\"@id\":\"https:\/\/old.elusvali.ee\/lt\/#\/schema\/logo\/image\/\",\"url\":\"https:\/\/purenature.lt\/wp-content\/uploads\/2023\/07\/logo.png\",\"contentUrl\":\"https:\/\/purenature.lt\/wp-content\/uploads\/2023\/07\/logo.png\",\"width\":526,\"height\":146,\"caption\":\"Elusv\u00e4li\"},\"image\":{\"@id\":\"https:\/\/old.elusvali.ee\/lt\/#\/schema\/logo\/image\/\"},\"sameAs\":[\"https:\/\/www.facebook.com\/profile.php?id=100064131067985\",\"https:\/\/www.instagram.com\/elusvali\/\",\"https:\/\/www.youtube.com\/@elusvali2110\"]}]}<\/script>\n<!-- \/ Yoast SEO plugin. -->","yoast_head_json":{"title":"Ekologi\u0161kos svog\u016bn\u0173 granul\u0117s 200g | BIOMENU Prieskoniai - Pure Nature","description":"Ekologi\u0161kos svog\u016bn\u0173 granul\u0117s puikiai tinka beveik visiems patiekalams gardinti. \u0160is universalus skonis su \u0161iek tiek sald\u017eiu atspalviu, gali tapti j\u016bs\u0173 m\u0117gstamiausiu!","robots":{"index":"noindex","follow":"follow","max-snippet":"max-snippet:-1","max-image-preview":"max-image-preview:large","max-video-preview":"max-video-preview:-1"},"og_locale":"lt_LT","og_type":"article","og_title":"Ekologi\u0161kos svog\u016bn\u0173 granul\u0117s 200g | BIOMENU Prieskoniai - Pure Nature","og_description":"Ekologi\u0161kos svog\u016bn\u0173 granul\u0117s puikiai tinka beveik visiems patiekalams gardinti. \u0160is universalus skonis su \u0161iek tiek sald\u017eiu atspalviu, gali tapti j\u016bs\u0173 m\u0117gstamiausiu!","og_url":"https:\/\/old.elusvali.ee\/lt\/prek\u0117\/ekologiskos-svogunu-granules-200g-biomenu-prieskoniai\/","og_site_name":"Elusv&auml;li","article_publisher":"https:\/\/www.facebook.com\/profile.php?id=100064131067985","article_modified_time":"2025-05-21T11:21:32+00:00","og_image":[{"width":1500,"height":1500,"url":"https:\/\/purenature.lt\/wp-content\/uploads\/2024\/02\/sibulagraanulid-organic-onion-granulate.jpg","type":"image\/jpeg"}],"twitter_card":"summary_large_image","twitter_misc":{"Est. reading time":"2 minut\u0117s"},"schema":{"@context":"https:\/\/schema.org","@graph":[{"@type":"WebPage","@id":"https:\/\/old.elusvali.ee\/lt\/prek\u0117\/ekologiskos-svogunu-granules-200g-biomenu-prieskoniai\/","url":"https:\/\/old.elusvali.ee\/lt\/prek\u0117\/ekologiskos-svogunu-granules-200g-biomenu-prieskoniai\/","name":"Ekologi\u0161kos svog\u016bn\u0173 granul\u0117s 200g | BIOMENU Prieskoniai - Pure Nature","isPartOf":{"@id":"https:\/\/old.elusvali.ee\/lt\/#website"},"primaryImageOfPage":{"@id":"https:\/\/old.elusvali.ee\/lt\/prek\u0117\/ekologiskos-svogunu-granules-200g-biomenu-prieskoniai\/#primaryimage"},"image":{"@id":"https:\/\/old.elusvali.ee\/lt\/prek\u0117\/ekologiskos-svogunu-granules-200g-biomenu-prieskoniai\/#primaryimage"},"thumbnailUrl":"https:\/\/old.elusvali.ee\/wp-content\/uploads\/2024\/02\/sibulagraanulid-organic-onion-granulate.jpg","datePublished":"2024-03-10T09:43:20+00:00","dateModified":"2025-05-21T11:21:32+00:00","description":"Ekologi\u0161kos svog\u016bn\u0173 granul\u0117s puikiai tinka beveik visiems patiekalams gardinti. \u0160is universalus skonis su \u0161iek tiek sald\u017eiu atspalviu, gali tapti j\u016bs\u0173 m\u0117gstamiausiu!","breadcrumb":{"@id":"https:\/\/old.elusvali.ee\/lt\/prek\u0117\/ekologiskos-svogunu-granules-200g-biomenu-prieskoniai\/#breadcrumb"},"inLanguage":"lt-LT","potentialAction":[{"@type":"ReadAction","target":["https:\/\/old.elusvali.ee\/lt\/prek\u0117\/ekologiskos-svogunu-granules-200g-biomenu-prieskoniai\/"]}]},{"@type":"ImageObject","inLanguage":"lt-LT","@id":"https:\/\/old.elusvali.ee\/lt\/prek\u0117\/ekologiskos-svogunu-granules-200g-biomenu-prieskoniai\/#primaryimage","url":"https:\/\/old.elusvali.ee\/wp-content\/uploads\/2024\/02\/sibulagraanulid-organic-onion-granulate.jpg","contentUrl":"https:\/\/old.elusvali.ee\/wp-content\/uploads\/2024\/02\/sibulagraanulid-organic-onion-granulate.jpg","width":1500,"height":1500,"caption":"Dziovintu svogunu granules"},{"@type":"BreadcrumbList","@id":"https:\/\/old.elusvali.ee\/lt\/prek\u0117\/ekologiskos-svogunu-granules-200g-biomenu-prieskoniai\/#breadcrumb","itemListElement":[{"@type":"ListItem","position":1,"name":"Home","item":"https:\/\/old.elusvali.ee\/lt\/"},{"@type":"ListItem","position":2,"name":"Elektronin\u0117 parduotuv\u0117","item":"https:\/\/purenature.lt\/parduotuve\/"},{"@type":"ListItem","position":3,"name":"Ekologi\u0161kos svog\u016bn\u0173 granul\u0117s 200g | BIOMENU Prieskoniai"}]},{"@type":"WebSite","@id":"https:\/\/old.elusvali.ee\/lt\/#website","url":"https:\/\/old.elusvali.ee\/lt\/","name":"Elusv\u00e4li","description":"Puhas k&ouml;&ouml;k ja koduapteek","publisher":{"@id":"https:\/\/old.elusvali.ee\/lt\/#organization"},"potentialAction":[{"@type":"SearchAction","target":{"@type":"EntryPoint","urlTemplate":"https:\/\/old.elusvali.ee\/lt\/?s={search_term_string}"},"query-input":{"@type":"PropertyValueSpecification","valueRequired":true,"valueName":"search_term_string"}}],"inLanguage":"lt-LT"},{"@type":"Organization","@id":"https:\/\/old.elusvali.ee\/lt\/#organization","name":"Elusv\u00e4li","url":"https:\/\/old.elusvali.ee\/lt\/","logo":{"@type":"ImageObject","inLanguage":"lt-LT","@id":"https:\/\/old.elusvali.ee\/lt\/#\/schema\/logo\/image\/","url":"https:\/\/purenature.lt\/wp-content\/uploads\/2023\/07\/logo.png","contentUrl":"https:\/\/purenature.lt\/wp-content\/uploads\/2023\/07\/logo.png","width":526,"height":146,"caption":"Elusv\u00e4li"},"image":{"@id":"https:\/\/old.elusvali.ee\/lt\/#\/schema\/logo\/image\/"},"sameAs":["https:\/\/www.facebook.com\/profile.php?id=100064131067985","https:\/\/www.instagram.com\/elusvali\/","https:\/\/www.youtube.com\/@elusvali2110"]}]}},"_links":{"self":[{"href":"https:\/\/old.elusvali.ee\/lt\/wp-json\/wp\/v2\/product\/41132","targetHints":{"allow":["GET"]}}],"collection":[{"href":"https:\/\/old.elusvali.ee\/lt\/wp-json\/wp\/v2\/product"}],"about":[{"href":"https:\/\/old.elusvali.ee\/lt\/wp-json\/wp\/v2\/types\/product"}],"replies":[{"embeddable":true,"href":"https:\/\/old.elusvali.ee\/lt\/wp-json\/wp\/v2\/comments?post=41132"}],"version-history":[{"count":0,"href":"https:\/\/old.elusvali.ee\/lt\/wp-json\/wp\/v2\/product\/41132\/revisions"}],"wp:featuredmedia":[{"embeddable":true,"href":"https:\/\/old.elusvali.ee\/lt\/wp-json\/wp\/v2\/media\/39770"}],"wp:attachment":[{"href":"https:\/\/old.elusvali.ee\/lt\/wp-json\/wp\/v2\/media?parent=41132"}],"wp:term":[{"taxonomy":"product_brand","embeddable":true,"href":"https:\/\/old.elusvali.ee\/lt\/wp-json\/wp\/v2\/product_brand?post=41132"},{"taxonomy":"product_cat","embeddable":true,"href":"https:\/\/old.elusvali.ee\/lt\/wp-json\/wp\/v2\/product_cat?post=41132"},{"taxonomy":"product_tag","embeddable":true,"href":"https:\/\/old.elusvali.ee\/lt\/wp-json\/wp\/v2\/product_tag?post=41132"}],"curies":[{"name":"wp","href":"https:\/\/api.w.org\/{rel}","templated":true}]}}