{"id":38660,"date":"2024-01-31T12:22:40","date_gmt":"2024-01-31T10:22:40","guid":{"rendered":"https:\/\/old.elusvali.ee\/product\/vimergy-bendras-imuninis-misinys-115ml\/"},"modified":"2025-06-27T20:38:49","modified_gmt":"2025-06-27T17:38:49","slug":"vimergy-total-immune-blend-imuniteto-stiprinimo-tinktura-115ml","status":"publish","type":"product","link":"https:\/\/old.elusvali.ee\/lt\/prek\u0117\/vimergy-total-immune-blend-imuniteto-stiprinimo-tinktura-115ml\/","title":{"rendered":"Vimergy Total Immune Blend &#8211; imuniteto stiprinimo tinkt\u016bra &#8211; 115ml"},"content":{"rendered":"<div class=\"vim-pdp__benefits-list tw-mb-12 tw-gap-x-[1.6rem] lg:tw-gap-x-[2.4rem] lg:tw-mb-[3.2rem] tw-flex\">\n<div class=\"vim-pdp__benefit-item-img lg:tw-mt-[-0.6rem] lg:tw-mr-[-1.2rem]\">\n<p><strong><span style=\"color: #1b1919; font-size: 22px;\"><span style=\"color: #1b1919; font-size: 22px;\">Apsauga i\u0161tisus metus<\/span><\/span><\/strong><\/p>\n<div class=\"vim-pdp__benefit-item-details tw-max-w-[26.4rem] lg:tw-max-w-[45rem]\">\n<p>Mums reikia stipraus imuniteto absoliu\u010diai visais met\u0173 laikais. Ne tik \u017eiem\u0105, kaip daugelis gali pagalvoti.<\/p>\n<\/div>\n<\/div>\n<div class=\"vim-pdp__benefit-item-details tw-max-w-[26.4rem] lg:tw-max-w-[45rem]\">\n<p class=\"vim-pdp__benefit-description tw-m-0 tw-font-inktrap tw-text-14-24 tw-font-normal tw-tracking-normal tw-text-black \">Vimergy Total Immune Blend<sup>TM* <\/sup>&#8211; speciali kokybi\u0161ka formul\u0117, kuri u\u017etikrina visapusi\u0161k\u0105 imuniteto palaikym\u0105 visus metus.<\/p>\n<\/div>\n<\/div>\n<div class=\"vim-pdp__benefits-list tw-mb-12 tw-gap-x-[1.6rem] lg:tw-gap-x-[2.4rem] lg:tw-mb-[3.2rem] tw-flex\">\n<div class=\"vim-pdp__benefit-item-img lg:tw-mt-[-0.6rem] lg:tw-mr-[-1.2rem]\"><strong><span style=\"color: #1b1919; font-size: 22px;\">Stiprus trij\u0173 veikli\u0173j\u0173 med\u017eiag\u0173 mi\u0161inys<\/span><\/strong><\/div>\n<div class=\"vim-pdp__benefit-item-details tw-max-w-[26.4rem] lg:tw-max-w-[45rem]\">\n<p class=\"vim-pdp__benefit-description tw-m-0 tw-font-inktrap tw-text-14-24 tw-font-normal tw-tracking-normal tw-text-black \">Vimergy Total Immune Blend <sup>TM<\/sup>\u00a0sujungia trij\u0173 veikli\u0173j\u0173 med\u017eiag\u0173 gali\u0105. Triguba apsauga padeda apsaugoti organizm\u0105 nuo laisv\u0173j\u0173 radikal\u0173, palaiko balt\u0173j\u0173 kraujo k\u016bneli\u0173 gamyb\u0105.<\/p>\n<p>\u0160io i\u0161skirtinio mi\u0161inio sud\u0117tyje yra <strong>skysto cinko sulfato<\/strong>, kuris, kaip rodo klinikiniai tyrimai, \u012fsisavinamas daugiau nei du kartus geriau nei tablet\u0117se esantis cinko sulfatas.<\/p>\n<\/div>\n<\/div>\n<div class=\"vim-pdp__benefits-list tw-mb-12 tw-gap-x-[1.6rem] lg:tw-gap-x-[2.4rem] lg:tw-mb-[3.2rem] tw-flex\">\n<div class=\"vim-pdp__benefit-item-img lg:tw-mt-[-0.6rem] lg:tw-mr-[-1.2rem]\"><strong><span style=\"color: #1b1919; font-size: 22px;\">Stiprus antioksidantas<\/span><\/strong><\/div>\n<div class=\"vim-pdp__benefit-item-img lg:tw-mt-[-0.6rem] lg:tw-mr-[-1.2rem]\">Vimergy Total Immune Blend <sup>TM<\/sup> sujungia tradici\u0161kai \u017einom\u0173 \u017eoleli\u0173 gali\u0105, papildyt\u0105 galingu skystu cinku sulfatu, kad b\u016bt\u0173 u\u017etikrintas didelis antioksidant\u0173 kiekis ir apsauga i\u0161tisus metus.<\/div>\n<ul>\n<li>Skatina balt\u0173j\u0173 kraujo k\u016bneli\u0173 gamyb\u0105.<\/li>\n<li>Ramina kv\u0117pavimo tak\u0173 audinius.<\/li>\n<li>Antioksidantai apsaugo nuo laisv\u0173j\u0173 radikal\u0173.<\/li>\n<li>Padeda mal\u0161inti kv\u0117pavimo tak\u0173 simptomus, kuriuos sukelia prasta oro kokyb\u0117 arba sezoniniai virusai.<\/li>\n<li>U\u017etikrina visapusi\u0161k\u0105 apsaug\u0105 i\u0161tisus metus, ne tik \u017eiemos m\u0117nesiais.<\/li>\n<li>Sud\u0117tyje n\u0117ra cukraus ar alkoholio, u\u017epild\u0173, pried\u0173, konservant\u0173, chemini\u0173 kvapi\u0173j\u0173 med\u017eiag\u0173, skonio stiprikli\u0173.<\/li>\n<li>Sertifikuotas ekologi\u0161kas, be glitimo, be GMO, ko\u0161erinis, vegani\u0161kai ir paleo mitybai tinkantis maisto papildas.<\/li>\n<\/ul>\n<p><img fetchpriority=\"high\" decoding=\"async\" class=\"alignleft wp-image-36951 size-large\" src=\"https:\/\/purenature.lt\/wp-content\/uploads\/2024\/01\/hi_res-45-01B_0085-1200x800.jpg\" alt=\"\" width=\"1200\" height=\"800\" srcset=\"https:\/\/old.elusvali.ee\/wp-content\/uploads\/2024\/01\/hi_res-45-01B_0085-1200x800.jpg 1200w, https:\/\/old.elusvali.ee\/wp-content\/uploads\/2024\/01\/hi_res-45-01B_0085-400x267.jpg 400w, https:\/\/old.elusvali.ee\/wp-content\/uploads\/2024\/01\/hi_res-45-01B_0085-768x512.jpg 768w, https:\/\/old.elusvali.ee\/wp-content\/uploads\/2024\/01\/hi_res-45-01B_0085-1536x1024.jpg 1536w, https:\/\/old.elusvali.ee\/wp-content\/uploads\/2024\/01\/hi_res-45-01B_0085-2048x1365.jpg 2048w, https:\/\/old.elusvali.ee\/wp-content\/uploads\/2024\/01\/hi_res-45-01B_0085-860x573.jpg 860w, https:\/\/old.elusvali.ee\/wp-content\/uploads\/2024\/01\/hi_res-45-01B_0085-430x287.jpg 430w, https:\/\/old.elusvali.ee\/wp-content\/uploads\/2024\/01\/hi_res-45-01B_0085-700x467.jpg 700w, https:\/\/old.elusvali.ee\/wp-content\/uploads\/2024\/01\/hi_res-45-01B_0085-150x100.jpg 150w\" sizes=\"(max-width: 1200px) 100vw, 1200px\" \/><\/p>\n<\/div>\n","protected":false},"excerpt":{"rendered":"<p class=\"vim-pdp__supplements-heading tw-font-filson-book tw-text-[2.4rem] tw-leading-[4rem] lg:tw-text-[4rem] lg:tw-leading-[6.4rem] tw-tracking-normal tw-font-light tw-text-white tw-text-center tw-m-0 tw-mx-auto tw-mb-[3.6rem] lg:tw-mb-16\">Vimergy Total Immune Blend <sup>TM<\/sup>&#8211; tai skysto cinko sulfato, \u010diobreli\u0173 ir smulkia\u017eied\u017ei\u0173 t\u016bbi\u0173 galia imuninei sistemai.<\/p>\n<ul>\n<li>Auk\u0161tos kokyb\u0117s skystas maisto papildas greitam ir efektyviam \u012fsisavinimui.<\/li>\n<li>I\u0161tisus metus palaikomas imunitetas.<\/li>\n<li>Antioksidantais turtingas mi\u0161inys, kovojantis su laisvaisiais radikalais.<\/li>\n<li>Nat\u016bralus b\u016bdas stiprinti imunitet\u0105.<\/li>\n<li>Kokybi\u0161ka ir efektyvi sud\u0117tis.<\/li>\n<li>Efektyvi tinkt\u016bra be alkoholio.<\/li>\n<\/ul>\n","protected":false},"featured_media":36930,"comment_status":"open","ping_status":"closed","template":"","meta":{"_acf_changed":false},"product_brand":[],"product_cat":[492,472,499,473,475,694],"product_tag":[490,476],"class_list":{"0":"post-38660","1":"product","2":"type-product","3":"status-publish","4":"has-post-thumbnail","6":"product_cat-akys-ir-sanariai","7":"product_cat-imunitetas","8":"product_cat-kunui","9":"product_cat-maisto-papildai","10":"product_cat-nagai-ir-oda","11":"product_cat-vimergy-lt","12":"product_tag-skysciai","13":"product_tag-vimergy-lt","15":"first","16":"instock","17":"taxable","18":"shipping-taxable","19":"purchasable","20":"product-type-simple"},"acf":[],"yoast_head":"<!-- This site is optimized with the Yoast SEO plugin v25.3.1 - https:\/\/yoast.com\/wordpress\/plugins\/seo\/ -->\n<title>Vimergy Total Immune Blend - imuniteto stiprinimo tinkt\u016bra - 115ml - Pure Nature<\/title>\n<meta name=\"description\" content=\"I\u0161skirtinis imunitet\u0105 stiprininantis mi\u0161inys su trimis galingais ingredientais: \u010diobreliais, t\u016bb\u0117mis ir cinku. Visus metus saugokite ir palaikykite savo sveikat\u0105.\" \/>\n<meta name=\"robots\" content=\"noindex, follow, max-snippet:-1, max-image-preview:large, max-video-preview:-1\" \/>\n<meta property=\"og:locale\" content=\"lt_LT\" \/>\n<meta property=\"og:type\" content=\"article\" \/>\n<meta property=\"og:title\" content=\"Vimergy Total Immune Blend - imuniteto stiprinimo tinkt\u016bra - 115ml - Pure Nature\" \/>\n<meta property=\"og:description\" content=\"I\u0161skirtinis imunitet\u0105 stiprininantis mi\u0161inys su trimis galingais ingredientais: \u010diobreliais, t\u016bb\u0117mis ir cinku. Visus metus saugokite ir palaikykite savo sveikat\u0105.\" \/>\n<meta property=\"og:url\" content=\"https:\/\/old.elusvali.ee\/lt\/prek\u0117\/vimergy-total-immune-blend-imuniteto-stiprinimo-tinktura-115ml\/\" \/>\n<meta property=\"og:site_name\" content=\"Elusv&auml;li\" \/>\n<meta property=\"article:publisher\" content=\"https:\/\/www.facebook.com\/profile.php?id=100064131067985\" \/>\n<meta property=\"article:modified_time\" content=\"2025-06-27T17:38:49+00:00\" \/>\n<meta property=\"og:image\" content=\"https:\/\/purenature.lt\/wp-content\/uploads\/2024\/01\/TotalImmuneBlend.jpg\" \/>\n\t<meta property=\"og:image:width\" content=\"1400\" \/>\n\t<meta property=\"og:image:height\" content=\"1400\" \/>\n\t<meta property=\"og:image:type\" content=\"image\/jpeg\" \/>\n<meta name=\"twitter:card\" content=\"summary_large_image\" \/>\n<meta name=\"twitter:label1\" content=\"Est. reading time\" \/>\n\t<meta name=\"twitter:data1\" content=\"2 minut\u0117s\" \/>\n<script type=\"application\/ld+json\" class=\"yoast-schema-graph\">{\"@context\":\"https:\/\/schema.org\",\"@graph\":[{\"@type\":\"WebPage\",\"@id\":\"https:\/\/old.elusvali.ee\/lt\/prek\u0117\/vimergy-total-immune-blend-imuniteto-stiprinimo-tinktura-115ml\/\",\"url\":\"https:\/\/old.elusvali.ee\/lt\/prek\u0117\/vimergy-total-immune-blend-imuniteto-stiprinimo-tinktura-115ml\/\",\"name\":\"Vimergy Total Immune Blend - imuniteto stiprinimo tinkt\u016bra - 115ml - Pure Nature\",\"isPartOf\":{\"@id\":\"https:\/\/old.elusvali.ee\/lt\/#website\"},\"primaryImageOfPage\":{\"@id\":\"https:\/\/old.elusvali.ee\/lt\/prek\u0117\/vimergy-total-immune-blend-imuniteto-stiprinimo-tinktura-115ml\/#primaryimage\"},\"image\":{\"@id\":\"https:\/\/old.elusvali.ee\/lt\/prek\u0117\/vimergy-total-immune-blend-imuniteto-stiprinimo-tinktura-115ml\/#primaryimage\"},\"thumbnailUrl\":\"https:\/\/old.elusvali.ee\/wp-content\/uploads\/2024\/01\/TotalImmuneBlend.jpg\",\"datePublished\":\"2024-01-31T10:22:40+00:00\",\"dateModified\":\"2025-06-27T17:38:49+00:00\",\"description\":\"I\u0161skirtinis imunitet\u0105 stiprininantis mi\u0161inys su trimis galingais ingredientais: \u010diobreliais, t\u016bb\u0117mis ir cinku. Visus metus saugokite ir palaikykite savo sveikat\u0105.\",\"breadcrumb\":{\"@id\":\"https:\/\/old.elusvali.ee\/lt\/prek\u0117\/vimergy-total-immune-blend-imuniteto-stiprinimo-tinktura-115ml\/#breadcrumb\"},\"inLanguage\":\"lt-LT\",\"potentialAction\":[{\"@type\":\"ReadAction\",\"target\":[\"https:\/\/old.elusvali.ee\/lt\/prek\u0117\/vimergy-total-immune-blend-imuniteto-stiprinimo-tinktura-115ml\/\"]}]},{\"@type\":\"ImageObject\",\"inLanguage\":\"lt-LT\",\"@id\":\"https:\/\/old.elusvali.ee\/lt\/prek\u0117\/vimergy-total-immune-blend-imuniteto-stiprinimo-tinktura-115ml\/#primaryimage\",\"url\":\"https:\/\/old.elusvali.ee\/wp-content\/uploads\/2024\/01\/TotalImmuneBlend.jpg\",\"contentUrl\":\"https:\/\/old.elusvali.ee\/wp-content\/uploads\/2024\/01\/TotalImmuneBlend.jpg\",\"width\":1400,\"height\":1400,\"caption\":\"Maisto papildai imunitetui\"},{\"@type\":\"BreadcrumbList\",\"@id\":\"https:\/\/old.elusvali.ee\/lt\/prek\u0117\/vimergy-total-immune-blend-imuniteto-stiprinimo-tinktura-115ml\/#breadcrumb\",\"itemListElement\":[{\"@type\":\"ListItem\",\"position\":1,\"name\":\"Home\",\"item\":\"https:\/\/old.elusvali.ee\/lt\/\"},{\"@type\":\"ListItem\",\"position\":2,\"name\":\"Elektronin\u0117 parduotuv\u0117\",\"item\":\"https:\/\/purenature.lt\/parduotuve\/\"},{\"@type\":\"ListItem\",\"position\":3,\"name\":\"Vimergy Total Immune Blend &#8211; imuniteto stiprinimo tinkt\u016bra &#8211; 115ml\"}]},{\"@type\":\"WebSite\",\"@id\":\"https:\/\/old.elusvali.ee\/lt\/#website\",\"url\":\"https:\/\/old.elusvali.ee\/lt\/\",\"name\":\"Elusv\u00e4li\",\"description\":\"Puhas k&ouml;&ouml;k ja koduapteek\",\"publisher\":{\"@id\":\"https:\/\/old.elusvali.ee\/lt\/#organization\"},\"potentialAction\":[{\"@type\":\"SearchAction\",\"target\":{\"@type\":\"EntryPoint\",\"urlTemplate\":\"https:\/\/old.elusvali.ee\/lt\/?s={search_term_string}\"},\"query-input\":{\"@type\":\"PropertyValueSpecification\",\"valueRequired\":true,\"valueName\":\"search_term_string\"}}],\"inLanguage\":\"lt-LT\"},{\"@type\":\"Organization\",\"@id\":\"https:\/\/old.elusvali.ee\/lt\/#organization\",\"name\":\"Elusv\u00e4li\",\"url\":\"https:\/\/old.elusvali.ee\/lt\/\",\"logo\":{\"@type\":\"ImageObject\",\"inLanguage\":\"lt-LT\",\"@id\":\"https:\/\/old.elusvali.ee\/lt\/#\/schema\/logo\/image\/\",\"url\":\"https:\/\/purenature.lt\/wp-content\/uploads\/2023\/07\/logo.png\",\"contentUrl\":\"https:\/\/purenature.lt\/wp-content\/uploads\/2023\/07\/logo.png\",\"width\":526,\"height\":146,\"caption\":\"Elusv\u00e4li\"},\"image\":{\"@id\":\"https:\/\/old.elusvali.ee\/lt\/#\/schema\/logo\/image\/\"},\"sameAs\":[\"https:\/\/www.facebook.com\/profile.php?id=100064131067985\",\"https:\/\/www.instagram.com\/elusvali\/\",\"https:\/\/www.youtube.com\/@elusvali2110\"]}]}<\/script>\n<!-- \/ Yoast SEO plugin. -->","yoast_head_json":{"title":"Vimergy Total Immune Blend - imuniteto stiprinimo tinkt\u016bra - 115ml - Pure Nature","description":"I\u0161skirtinis imunitet\u0105 stiprininantis mi\u0161inys su trimis galingais ingredientais: \u010diobreliais, t\u016bb\u0117mis ir cinku. Visus metus saugokite ir palaikykite savo sveikat\u0105.","robots":{"index":"noindex","follow":"follow","max-snippet":"max-snippet:-1","max-image-preview":"max-image-preview:large","max-video-preview":"max-video-preview:-1"},"og_locale":"lt_LT","og_type":"article","og_title":"Vimergy Total Immune Blend - imuniteto stiprinimo tinkt\u016bra - 115ml - Pure Nature","og_description":"I\u0161skirtinis imunitet\u0105 stiprininantis mi\u0161inys su trimis galingais ingredientais: \u010diobreliais, t\u016bb\u0117mis ir cinku. Visus metus saugokite ir palaikykite savo sveikat\u0105.","og_url":"https:\/\/old.elusvali.ee\/lt\/prek\u0117\/vimergy-total-immune-blend-imuniteto-stiprinimo-tinktura-115ml\/","og_site_name":"Elusv&auml;li","article_publisher":"https:\/\/www.facebook.com\/profile.php?id=100064131067985","article_modified_time":"2025-06-27T17:38:49+00:00","og_image":[{"width":1400,"height":1400,"url":"https:\/\/purenature.lt\/wp-content\/uploads\/2024\/01\/TotalImmuneBlend.jpg","type":"image\/jpeg"}],"twitter_card":"summary_large_image","twitter_misc":{"Est. reading time":"2 minut\u0117s"},"schema":{"@context":"https:\/\/schema.org","@graph":[{"@type":"WebPage","@id":"https:\/\/old.elusvali.ee\/lt\/prek\u0117\/vimergy-total-immune-blend-imuniteto-stiprinimo-tinktura-115ml\/","url":"https:\/\/old.elusvali.ee\/lt\/prek\u0117\/vimergy-total-immune-blend-imuniteto-stiprinimo-tinktura-115ml\/","name":"Vimergy Total Immune Blend - imuniteto stiprinimo tinkt\u016bra - 115ml - Pure Nature","isPartOf":{"@id":"https:\/\/old.elusvali.ee\/lt\/#website"},"primaryImageOfPage":{"@id":"https:\/\/old.elusvali.ee\/lt\/prek\u0117\/vimergy-total-immune-blend-imuniteto-stiprinimo-tinktura-115ml\/#primaryimage"},"image":{"@id":"https:\/\/old.elusvali.ee\/lt\/prek\u0117\/vimergy-total-immune-blend-imuniteto-stiprinimo-tinktura-115ml\/#primaryimage"},"thumbnailUrl":"https:\/\/old.elusvali.ee\/wp-content\/uploads\/2024\/01\/TotalImmuneBlend.jpg","datePublished":"2024-01-31T10:22:40+00:00","dateModified":"2025-06-27T17:38:49+00:00","description":"I\u0161skirtinis imunitet\u0105 stiprininantis mi\u0161inys su trimis galingais ingredientais: \u010diobreliais, t\u016bb\u0117mis ir cinku. Visus metus saugokite ir palaikykite savo sveikat\u0105.","breadcrumb":{"@id":"https:\/\/old.elusvali.ee\/lt\/prek\u0117\/vimergy-total-immune-blend-imuniteto-stiprinimo-tinktura-115ml\/#breadcrumb"},"inLanguage":"lt-LT","potentialAction":[{"@type":"ReadAction","target":["https:\/\/old.elusvali.ee\/lt\/prek\u0117\/vimergy-total-immune-blend-imuniteto-stiprinimo-tinktura-115ml\/"]}]},{"@type":"ImageObject","inLanguage":"lt-LT","@id":"https:\/\/old.elusvali.ee\/lt\/prek\u0117\/vimergy-total-immune-blend-imuniteto-stiprinimo-tinktura-115ml\/#primaryimage","url":"https:\/\/old.elusvali.ee\/wp-content\/uploads\/2024\/01\/TotalImmuneBlend.jpg","contentUrl":"https:\/\/old.elusvali.ee\/wp-content\/uploads\/2024\/01\/TotalImmuneBlend.jpg","width":1400,"height":1400,"caption":"Maisto papildai imunitetui"},{"@type":"BreadcrumbList","@id":"https:\/\/old.elusvali.ee\/lt\/prek\u0117\/vimergy-total-immune-blend-imuniteto-stiprinimo-tinktura-115ml\/#breadcrumb","itemListElement":[{"@type":"ListItem","position":1,"name":"Home","item":"https:\/\/old.elusvali.ee\/lt\/"},{"@type":"ListItem","position":2,"name":"Elektronin\u0117 parduotuv\u0117","item":"https:\/\/purenature.lt\/parduotuve\/"},{"@type":"ListItem","position":3,"name":"Vimergy Total Immune Blend &#8211; imuniteto stiprinimo tinkt\u016bra &#8211; 115ml"}]},{"@type":"WebSite","@id":"https:\/\/old.elusvali.ee\/lt\/#website","url":"https:\/\/old.elusvali.ee\/lt\/","name":"Elusv\u00e4li","description":"Puhas k&ouml;&ouml;k ja koduapteek","publisher":{"@id":"https:\/\/old.elusvali.ee\/lt\/#organization"},"potentialAction":[{"@type":"SearchAction","target":{"@type":"EntryPoint","urlTemplate":"https:\/\/old.elusvali.ee\/lt\/?s={search_term_string}"},"query-input":{"@type":"PropertyValueSpecification","valueRequired":true,"valueName":"search_term_string"}}],"inLanguage":"lt-LT"},{"@type":"Organization","@id":"https:\/\/old.elusvali.ee\/lt\/#organization","name":"Elusv\u00e4li","url":"https:\/\/old.elusvali.ee\/lt\/","logo":{"@type":"ImageObject","inLanguage":"lt-LT","@id":"https:\/\/old.elusvali.ee\/lt\/#\/schema\/logo\/image\/","url":"https:\/\/purenature.lt\/wp-content\/uploads\/2023\/07\/logo.png","contentUrl":"https:\/\/purenature.lt\/wp-content\/uploads\/2023\/07\/logo.png","width":526,"height":146,"caption":"Elusv\u00e4li"},"image":{"@id":"https:\/\/old.elusvali.ee\/lt\/#\/schema\/logo\/image\/"},"sameAs":["https:\/\/www.facebook.com\/profile.php?id=100064131067985","https:\/\/www.instagram.com\/elusvali\/","https:\/\/www.youtube.com\/@elusvali2110"]}]}},"_links":{"self":[{"href":"https:\/\/old.elusvali.ee\/lt\/wp-json\/wp\/v2\/product\/38660","targetHints":{"allow":["GET"]}}],"collection":[{"href":"https:\/\/old.elusvali.ee\/lt\/wp-json\/wp\/v2\/product"}],"about":[{"href":"https:\/\/old.elusvali.ee\/lt\/wp-json\/wp\/v2\/types\/product"}],"replies":[{"embeddable":true,"href":"https:\/\/old.elusvali.ee\/lt\/wp-json\/wp\/v2\/comments?post=38660"}],"version-history":[{"count":2,"href":"https:\/\/old.elusvali.ee\/lt\/wp-json\/wp\/v2\/product\/38660\/revisions"}],"predecessor-version":[{"id":56326,"href":"https:\/\/old.elusvali.ee\/lt\/wp-json\/wp\/v2\/product\/38660\/revisions\/56326"}],"wp:featuredmedia":[{"embeddable":true,"href":"https:\/\/old.elusvali.ee\/lt\/wp-json\/wp\/v2\/media\/36930"}],"wp:attachment":[{"href":"https:\/\/old.elusvali.ee\/lt\/wp-json\/wp\/v2\/media?parent=38660"}],"wp:term":[{"taxonomy":"product_brand","embeddable":true,"href":"https:\/\/old.elusvali.ee\/lt\/wp-json\/wp\/v2\/product_brand?post=38660"},{"taxonomy":"product_cat","embeddable":true,"href":"https:\/\/old.elusvali.ee\/lt\/wp-json\/wp\/v2\/product_cat?post=38660"},{"taxonomy":"product_tag","embeddable":true,"href":"https:\/\/old.elusvali.ee\/lt\/wp-json\/wp\/v2\/product_tag?post=38660"}],"curies":[{"name":"wp","href":"https:\/\/api.w.org\/{rel}","templated":true}]}}