{"id":36848,"date":"2024-01-30T11:41:24","date_gmt":"2024-01-30T09:41:24","guid":{"rendered":"https:\/\/old.elusvali.ee\/?post_type=product&#038;p=36848"},"modified":"2025-05-30T21:46:05","modified_gmt":"2025-05-30T18:46:05","slug":"ekologiskos-multivitaminu-sultys-200ml","status":"publish","type":"product","link":"https:\/\/old.elusvali.ee\/lt\/prek\u0117\/ekologiskos-multivitaminu-sultys-200ml\/","title":{"rendered":"Ekologi\u0161kps multivitamin\u0173 sultys 200ml | LOODUSV\u00c4GI"},"content":{"rendered":"<p style=\"font-weight: 400\">Nuostabaus skonio, nat\u016braliai sald\u017eios sultys! Pagamintos tik i\u0161 prinokusi\u0173 ekologi\u0161k\u0173 vaisi\u0173. \u0160iame viename pakelyje rasite net 60% \u012fvairi\u0173 ekologi\u0161k\u0173 vaisi\u0173 sul\u010di\u0173 ir tyr\u0117s. Skonis &#8211; lyg namuose ruo\u0161to g\u0117rimo.<\/p>\n<p style=\"font-weight: 400\">Sultys yra nat\u016braliai sald\u017eios, be prid\u0117tinio cukraus &#8211; sultyse yra tik vaisiuose ir dar\u017eov\u0117se nat\u016braliai esantis cukrus. I\u0161 prinokusi\u0173, skani\u0173 ekologi\u0161k\u0173 vaisi\u0173 i\u0161spaustos sultys yra pakankamai sald\u017eios ir joms nereikia joki\u0173 papildom\u0173 saldikli\u0173!<\/p>\n<p style=\"font-weight: 400\">Sul\u010di\u0173 sud\u0117tis yra tokia pat gryna, kaip ir vaisiai, i\u0161 kuri\u0173 jos gaminamas. Ekologi\u0161ki vaisiai u\u017eauginti nenaudojant dirbtini\u0173 tr\u0105\u0161\u0173 ir pesticid\u0173.<\/p>\n<p style=\"font-weight: 400\">G\u0117rime taip pat n\u0117ra dirbtini\u0173 kvapi\u0173j\u0173 med\u017eiag\u0173, da\u017eikli\u0173, konservant\u0173 ir prid\u0117tinio cukraus.<\/p>\n<p style=\"font-weight: 400\">Kad gaivus nektaras geriau i\u0161silaikyt\u0173, jis pasterizuojamas, ta\u010diau tik labai trumpai, kad i\u0161likt\u0173 visi naudingieji vitaminai ir nat\u016bralus vaisi\u0173 skonis.<\/p>\n<p style=\"font-weight: 400\"><strong>Tod\u0117l \u0161\u012f nat\u016bralios sud\u0117ties sul\u010di\u0173 g\u0117rim\u0105 be pried\u0173, dr\u0105siai galima si\u016blyti ir vaikams.<\/strong><\/p>\n<p style=\"font-weight: 400\">200 ml g\u0117rimo su \u0161iaudeliu yra tinkamo dyd\u017eio, kad lengvai tilpt\u0173 rankin\u0117je ar ki\u0161en\u0117je, ir puikiai tinka tiek ma\u017eiems, tiek dideliems. I\u0161kyloms ir treniruot\u0117ms, namuose ir darbe, vasar\u0105 ir \u017eiem\u0105.<\/p>\n","protected":false},"excerpt":{"rendered":"<h2 style=\"font-weight: 400\">Septyni\u0173 vaisi\u0173 g\u0117rimas be prid\u0117tinio cukraus.<\/h2>\n<p style=\"font-weight: 400\">Tinka ir vaikams, ir suaugusiems. Visais met\u0173 laikais ir visomis aplinkyb\u0117mis.<\/p>\n<ul>\n<li style=\"font-weight: 400\">Be prid\u0117tinio cukraus. Sud\u0117tyje yra tik nat\u016bralaus vaisi\u0173 cukraus.<\/li>\n<li style=\"font-weight: 400\">Nat\u016brali\u0173 sul\u010di\u0173 kiekis 60% (vaisi\u0173 kiekis 54%, dar\u017eovi\u0173 kiekis 6%)<\/li>\n<li style=\"font-weight: 400\">Sud\u0117tyje septyni vaisiai ir dar\u017eov\u0117s &#8211; obuolys, apelsinas, persikas, mangas, granatas, citrina, morka.<\/li>\n<li style=\"font-weight: 400\">Be pried\u0173, da\u017eikli\u0173 ir konservant\u0173<\/li>\n<li>Sertifikuotas ekologi\u0161kas produktas.<\/li>\n<\/ul>\n","protected":false},"featured_media":36326,"comment_status":"open","ping_status":"closed","template":"","meta":{"_acf_changed":false},"product_brand":[],"product_cat":[482],"product_tag":[],"class_list":{"0":"post-36848","1":"product","2":"type-product","3":"status-publish","4":"has-post-thumbnail","6":"product_cat-gerimai","8":"first","9":"instock","10":"taxable","11":"shipping-taxable","12":"purchasable","13":"product-type-simple"},"acf":[],"yoast_head":"<!-- This site is optimized with the Yoast SEO plugin v25.3.1 - https:\/\/yoast.com\/wordpress\/plugins\/seo\/ -->\n<title>Ekologi\u0161kps multivitamin\u0173 sultys 200ml | LOODUSV\u00c4GI - Pure Nature<\/title>\n<meta name=\"description\" content=\"Pa\u010dios skaniausios sultys be proid\u0117tinio cukraus. Tinka ir vaikams, ir suaugusiems. Patogi pakuot\u0117 ir optimalus dydis tinka ir vartoti namuose, ir pasiimti su savimi.\" \/>\n<meta name=\"robots\" content=\"noindex, follow, max-snippet:-1, max-image-preview:large, max-video-preview:-1\" \/>\n<meta property=\"og:locale\" content=\"lt_LT\" \/>\n<meta property=\"og:type\" content=\"article\" \/>\n<meta property=\"og:title\" content=\"Ekologi\u0161kps multivitamin\u0173 sultys 200ml | LOODUSV\u00c4GI - Pure Nature\" \/>\n<meta property=\"og:description\" content=\"Pa\u010dios skaniausios sultys be proid\u0117tinio cukraus. Tinka ir vaikams, ir suaugusiems. Patogi pakuot\u0117 ir optimalus dydis tinka ir vartoti namuose, ir pasiimti su savimi.\" \/>\n<meta property=\"og:url\" content=\"https:\/\/old.elusvali.ee\/lt\/prek\u0117\/ekologiskos-multivitaminu-sultys-200ml\/\" \/>\n<meta property=\"og:site_name\" content=\"Elusv&auml;li\" \/>\n<meta property=\"article:publisher\" content=\"https:\/\/www.facebook.com\/profile.php?id=100064131067985\" \/>\n<meta property=\"article:modified_time\" content=\"2025-05-30T18:46:05+00:00\" \/>\n<meta property=\"og:image\" content=\"https:\/\/purenature.lt\/wp-content\/uploads\/2024\/01\/oko-korrejook-multivitamiin-200ml.jpg\" \/>\n\t<meta property=\"og:image:width\" content=\"1100\" \/>\n\t<meta property=\"og:image:height\" content=\"1422\" \/>\n\t<meta property=\"og:image:type\" content=\"image\/jpeg\" \/>\n<meta name=\"twitter:card\" content=\"summary_large_image\" \/>\n<meta name=\"twitter:label1\" content=\"Est. reading time\" \/>\n\t<meta name=\"twitter:data1\" content=\"2 minut\u0117s\" \/>\n<script type=\"application\/ld+json\" class=\"yoast-schema-graph\">{\"@context\":\"https:\/\/schema.org\",\"@graph\":[{\"@type\":\"WebPage\",\"@id\":\"https:\/\/old.elusvali.ee\/lt\/prek\u0117\/ekologiskos-multivitaminu-sultys-200ml\/\",\"url\":\"https:\/\/old.elusvali.ee\/lt\/prek\u0117\/ekologiskos-multivitaminu-sultys-200ml\/\",\"name\":\"Ekologi\u0161kps multivitamin\u0173 sultys 200ml | LOODUSV\u00c4GI - Pure Nature\",\"isPartOf\":{\"@id\":\"https:\/\/old.elusvali.ee\/lt\/#website\"},\"primaryImageOfPage\":{\"@id\":\"https:\/\/old.elusvali.ee\/lt\/prek\u0117\/ekologiskos-multivitaminu-sultys-200ml\/#primaryimage\"},\"image\":{\"@id\":\"https:\/\/old.elusvali.ee\/lt\/prek\u0117\/ekologiskos-multivitaminu-sultys-200ml\/#primaryimage\"},\"thumbnailUrl\":\"https:\/\/old.elusvali.ee\/wp-content\/uploads\/2024\/01\/oko-korrejook-multivitamiin-200ml.jpg\",\"datePublished\":\"2024-01-30T09:41:24+00:00\",\"dateModified\":\"2025-05-30T18:46:05+00:00\",\"description\":\"Pa\u010dios skaniausios sultys be proid\u0117tinio cukraus. Tinka ir vaikams, ir suaugusiems. Patogi pakuot\u0117 ir optimalus dydis tinka ir vartoti namuose, ir pasiimti su savimi.\",\"breadcrumb\":{\"@id\":\"https:\/\/old.elusvali.ee\/lt\/prek\u0117\/ekologiskos-multivitaminu-sultys-200ml\/#breadcrumb\"},\"inLanguage\":\"lt-LT\",\"potentialAction\":[{\"@type\":\"ReadAction\",\"target\":[\"https:\/\/old.elusvali.ee\/lt\/prek\u0117\/ekologiskos-multivitaminu-sultys-200ml\/\"]}]},{\"@type\":\"ImageObject\",\"inLanguage\":\"lt-LT\",\"@id\":\"https:\/\/old.elusvali.ee\/lt\/prek\u0117\/ekologiskos-multivitaminu-sultys-200ml\/#primaryimage\",\"url\":\"https:\/\/old.elusvali.ee\/wp-content\/uploads\/2024\/01\/oko-korrejook-multivitamiin-200ml.jpg\",\"contentUrl\":\"https:\/\/old.elusvali.ee\/wp-content\/uploads\/2024\/01\/oko-korrejook-multivitamiin-200ml.jpg\",\"width\":1100,\"height\":1422,\"caption\":\"Multivitaminu sultys be cukraus\"},{\"@type\":\"BreadcrumbList\",\"@id\":\"https:\/\/old.elusvali.ee\/lt\/prek\u0117\/ekologiskos-multivitaminu-sultys-200ml\/#breadcrumb\",\"itemListElement\":[{\"@type\":\"ListItem\",\"position\":1,\"name\":\"Home\",\"item\":\"https:\/\/old.elusvali.ee\/lt\/\"},{\"@type\":\"ListItem\",\"position\":2,\"name\":\"Elektronin\u0117 parduotuv\u0117\",\"item\":\"https:\/\/purenature.lt\/parduotuve\/\"},{\"@type\":\"ListItem\",\"position\":3,\"name\":\"Ekologi\u0161kps multivitamin\u0173 sultys 200ml | LOODUSV\u00c4GI\"}]},{\"@type\":\"WebSite\",\"@id\":\"https:\/\/old.elusvali.ee\/lt\/#website\",\"url\":\"https:\/\/old.elusvali.ee\/lt\/\",\"name\":\"Elusv\u00e4li\",\"description\":\"Puhas k&ouml;&ouml;k ja koduapteek\",\"publisher\":{\"@id\":\"https:\/\/old.elusvali.ee\/lt\/#organization\"},\"potentialAction\":[{\"@type\":\"SearchAction\",\"target\":{\"@type\":\"EntryPoint\",\"urlTemplate\":\"https:\/\/old.elusvali.ee\/lt\/?s={search_term_string}\"},\"query-input\":{\"@type\":\"PropertyValueSpecification\",\"valueRequired\":true,\"valueName\":\"search_term_string\"}}],\"inLanguage\":\"lt-LT\"},{\"@type\":\"Organization\",\"@id\":\"https:\/\/old.elusvali.ee\/lt\/#organization\",\"name\":\"Elusv\u00e4li\",\"url\":\"https:\/\/old.elusvali.ee\/lt\/\",\"logo\":{\"@type\":\"ImageObject\",\"inLanguage\":\"lt-LT\",\"@id\":\"https:\/\/old.elusvali.ee\/lt\/#\/schema\/logo\/image\/\",\"url\":\"https:\/\/purenature.lt\/wp-content\/uploads\/2023\/07\/logo.png\",\"contentUrl\":\"https:\/\/purenature.lt\/wp-content\/uploads\/2023\/07\/logo.png\",\"width\":526,\"height\":146,\"caption\":\"Elusv\u00e4li\"},\"image\":{\"@id\":\"https:\/\/old.elusvali.ee\/lt\/#\/schema\/logo\/image\/\"},\"sameAs\":[\"https:\/\/www.facebook.com\/profile.php?id=100064131067985\",\"https:\/\/www.instagram.com\/elusvali\/\",\"https:\/\/www.youtube.com\/@elusvali2110\"]}]}<\/script>\n<!-- \/ Yoast SEO plugin. -->","yoast_head_json":{"title":"Ekologi\u0161kps multivitamin\u0173 sultys 200ml | LOODUSV\u00c4GI - Pure Nature","description":"Pa\u010dios skaniausios sultys be proid\u0117tinio cukraus. Tinka ir vaikams, ir suaugusiems. Patogi pakuot\u0117 ir optimalus dydis tinka ir vartoti namuose, ir pasiimti su savimi.","robots":{"index":"noindex","follow":"follow","max-snippet":"max-snippet:-1","max-image-preview":"max-image-preview:large","max-video-preview":"max-video-preview:-1"},"og_locale":"lt_LT","og_type":"article","og_title":"Ekologi\u0161kps multivitamin\u0173 sultys 200ml | LOODUSV\u00c4GI - Pure Nature","og_description":"Pa\u010dios skaniausios sultys be proid\u0117tinio cukraus. Tinka ir vaikams, ir suaugusiems. Patogi pakuot\u0117 ir optimalus dydis tinka ir vartoti namuose, ir pasiimti su savimi.","og_url":"https:\/\/old.elusvali.ee\/lt\/prek\u0117\/ekologiskos-multivitaminu-sultys-200ml\/","og_site_name":"Elusv&auml;li","article_publisher":"https:\/\/www.facebook.com\/profile.php?id=100064131067985","article_modified_time":"2025-05-30T18:46:05+00:00","og_image":[{"width":1100,"height":1422,"url":"https:\/\/purenature.lt\/wp-content\/uploads\/2024\/01\/oko-korrejook-multivitamiin-200ml.jpg","type":"image\/jpeg"}],"twitter_card":"summary_large_image","twitter_misc":{"Est. reading time":"2 minut\u0117s"},"schema":{"@context":"https:\/\/schema.org","@graph":[{"@type":"WebPage","@id":"https:\/\/old.elusvali.ee\/lt\/prek\u0117\/ekologiskos-multivitaminu-sultys-200ml\/","url":"https:\/\/old.elusvali.ee\/lt\/prek\u0117\/ekologiskos-multivitaminu-sultys-200ml\/","name":"Ekologi\u0161kps multivitamin\u0173 sultys 200ml | LOODUSV\u00c4GI - Pure Nature","isPartOf":{"@id":"https:\/\/old.elusvali.ee\/lt\/#website"},"primaryImageOfPage":{"@id":"https:\/\/old.elusvali.ee\/lt\/prek\u0117\/ekologiskos-multivitaminu-sultys-200ml\/#primaryimage"},"image":{"@id":"https:\/\/old.elusvali.ee\/lt\/prek\u0117\/ekologiskos-multivitaminu-sultys-200ml\/#primaryimage"},"thumbnailUrl":"https:\/\/old.elusvali.ee\/wp-content\/uploads\/2024\/01\/oko-korrejook-multivitamiin-200ml.jpg","datePublished":"2024-01-30T09:41:24+00:00","dateModified":"2025-05-30T18:46:05+00:00","description":"Pa\u010dios skaniausios sultys be proid\u0117tinio cukraus. Tinka ir vaikams, ir suaugusiems. Patogi pakuot\u0117 ir optimalus dydis tinka ir vartoti namuose, ir pasiimti su savimi.","breadcrumb":{"@id":"https:\/\/old.elusvali.ee\/lt\/prek\u0117\/ekologiskos-multivitaminu-sultys-200ml\/#breadcrumb"},"inLanguage":"lt-LT","potentialAction":[{"@type":"ReadAction","target":["https:\/\/old.elusvali.ee\/lt\/prek\u0117\/ekologiskos-multivitaminu-sultys-200ml\/"]}]},{"@type":"ImageObject","inLanguage":"lt-LT","@id":"https:\/\/old.elusvali.ee\/lt\/prek\u0117\/ekologiskos-multivitaminu-sultys-200ml\/#primaryimage","url":"https:\/\/old.elusvali.ee\/wp-content\/uploads\/2024\/01\/oko-korrejook-multivitamiin-200ml.jpg","contentUrl":"https:\/\/old.elusvali.ee\/wp-content\/uploads\/2024\/01\/oko-korrejook-multivitamiin-200ml.jpg","width":1100,"height":1422,"caption":"Multivitaminu sultys be cukraus"},{"@type":"BreadcrumbList","@id":"https:\/\/old.elusvali.ee\/lt\/prek\u0117\/ekologiskos-multivitaminu-sultys-200ml\/#breadcrumb","itemListElement":[{"@type":"ListItem","position":1,"name":"Home","item":"https:\/\/old.elusvali.ee\/lt\/"},{"@type":"ListItem","position":2,"name":"Elektronin\u0117 parduotuv\u0117","item":"https:\/\/purenature.lt\/parduotuve\/"},{"@type":"ListItem","position":3,"name":"Ekologi\u0161kps multivitamin\u0173 sultys 200ml | LOODUSV\u00c4GI"}]},{"@type":"WebSite","@id":"https:\/\/old.elusvali.ee\/lt\/#website","url":"https:\/\/old.elusvali.ee\/lt\/","name":"Elusv\u00e4li","description":"Puhas k&ouml;&ouml;k ja koduapteek","publisher":{"@id":"https:\/\/old.elusvali.ee\/lt\/#organization"},"potentialAction":[{"@type":"SearchAction","target":{"@type":"EntryPoint","urlTemplate":"https:\/\/old.elusvali.ee\/lt\/?s={search_term_string}"},"query-input":{"@type":"PropertyValueSpecification","valueRequired":true,"valueName":"search_term_string"}}],"inLanguage":"lt-LT"},{"@type":"Organization","@id":"https:\/\/old.elusvali.ee\/lt\/#organization","name":"Elusv\u00e4li","url":"https:\/\/old.elusvali.ee\/lt\/","logo":{"@type":"ImageObject","inLanguage":"lt-LT","@id":"https:\/\/old.elusvali.ee\/lt\/#\/schema\/logo\/image\/","url":"https:\/\/purenature.lt\/wp-content\/uploads\/2023\/07\/logo.png","contentUrl":"https:\/\/purenature.lt\/wp-content\/uploads\/2023\/07\/logo.png","width":526,"height":146,"caption":"Elusv\u00e4li"},"image":{"@id":"https:\/\/old.elusvali.ee\/lt\/#\/schema\/logo\/image\/"},"sameAs":["https:\/\/www.facebook.com\/profile.php?id=100064131067985","https:\/\/www.instagram.com\/elusvali\/","https:\/\/www.youtube.com\/@elusvali2110"]}]}},"_links":{"self":[{"href":"https:\/\/old.elusvali.ee\/lt\/wp-json\/wp\/v2\/product\/36848","targetHints":{"allow":["GET"]}}],"collection":[{"href":"https:\/\/old.elusvali.ee\/lt\/wp-json\/wp\/v2\/product"}],"about":[{"href":"https:\/\/old.elusvali.ee\/lt\/wp-json\/wp\/v2\/types\/product"}],"replies":[{"embeddable":true,"href":"https:\/\/old.elusvali.ee\/lt\/wp-json\/wp\/v2\/comments?post=36848"}],"version-history":[{"count":0,"href":"https:\/\/old.elusvali.ee\/lt\/wp-json\/wp\/v2\/product\/36848\/revisions"}],"wp:featuredmedia":[{"embeddable":true,"href":"https:\/\/old.elusvali.ee\/lt\/wp-json\/wp\/v2\/media\/36326"}],"wp:attachment":[{"href":"https:\/\/old.elusvali.ee\/lt\/wp-json\/wp\/v2\/media?parent=36848"}],"wp:term":[{"taxonomy":"product_brand","embeddable":true,"href":"https:\/\/old.elusvali.ee\/lt\/wp-json\/wp\/v2\/product_brand?post=36848"},{"taxonomy":"product_cat","embeddable":true,"href":"https:\/\/old.elusvali.ee\/lt\/wp-json\/wp\/v2\/product_cat?post=36848"},{"taxonomy":"product_tag","embeddable":true,"href":"https:\/\/old.elusvali.ee\/lt\/wp-json\/wp\/v2\/product_tag?post=36848"}],"curies":[{"name":"wp","href":"https:\/\/api.w.org\/{rel}","templated":true}]}}