{"id":36188,"date":"2023-10-17T14:46:47","date_gmt":"2023-10-17T11:46:47","guid":{"rendered":"https:\/\/old.elusvali.ee\/product\/dovanu-rinkinys-gurmanams\/"},"modified":"2024-07-15T15:58:43","modified_gmt":"2024-07-15T12:58:43","slug":"dovanu-rinkinys-gurmanams","status":"publish","type":"product","link":"https:\/\/old.elusvali.ee\/lt\/prek\u0117\/dovanu-rinkinys-gurmanams\/","title":{"rendered":"Dovan\u0173 rinkinys gurmanams"},"content":{"rendered":"<p>I\u0161skirtinis ekologi\u0161kas Ceilono cinamonas yra ne tik labai skanus, bet ir vertingas prieskonis, kuris randamas daugelio sveika mityba besidomin\u010di\u0173 \u017emoni\u0173 virtuv\u0117se. Ekologi\u0161ki paprikos milteliai yra labai universalus prieskonis ir puikus priedas nam\u0173 prieskoni\u0173 lentyn\u0117lei.<\/p>\n<p>O ekologi\u0161kas kokoso vanduo labai tinka kokteiliams ir \u012fvairiems kitiems g\u0117rimams gaminti.<\/p>\n","protected":false},"excerpt":{"rendered":"<p>Puiki dovana maisto gurmanui ar maisto gaminimo m\u0117g\u0117jui.<\/p>\n<p>Dovan\u0173 rinkin\u012f sudaro:<\/p>\n<p>1x <a href=\"https:\/\/purenature.lt\/prek%C4%97\/ekologiskas-ceilono-cinamonas-140g-biomenu\/\">Ekologi\u0161kas Ceilono cinamonas 140g<\/a><\/p>\n<p>1x <a href=\"https:\/\/purenature.lt\/prek%C4%97\/ekologiski-paprikos-milteliai-220g-biomenu\/\">Ekologi\u0161ki paprikos milteliai 220g<\/a><\/p>\n<p>1x <a href=\"https:\/\/purenature.lt\/prek%C4%97\/ekologiskas-kokosu-vanduo-330ml-foodin\/\">Ekologi\u0161kas kokos\u0173 vanduo 330ml<\/a><\/p>\n","protected":false},"featured_media":35203,"comment_status":"open","ping_status":"closed","template":"","meta":{"_acf_changed":false},"product_brand":[],"product_cat":[491],"product_tag":[],"class_list":{"0":"post-36188","1":"product","2":"type-product","3":"status-publish","4":"has-post-thumbnail","6":"product_cat-kaip-dovana","8":"first","9":"instock","10":"taxable","11":"shipping-taxable","12":"purchasable","13":"product-type-simple"},"acf":[],"yoast_head":"<!-- This site is optimized with the Yoast SEO plugin v25.3.1 - https:\/\/yoast.com\/wordpress\/plugins\/seo\/ -->\n<title>Dovan\u0173 rinkinys gurmanams - Pure Nature<\/title>\n<meta name=\"description\" content=\"Puiki dovana vertinantiems kokyb\u0119: ekologi\u0161kas Ceilono cinamonas, ekologi\u0161ki paprikos milteliai, ekologi\u0161kas kokoso vanduo.\" \/>\n<meta name=\"robots\" content=\"noindex, follow, max-snippet:-1, max-image-preview:large, max-video-preview:-1\" \/>\n<meta property=\"og:locale\" content=\"lt_LT\" \/>\n<meta property=\"og:type\" content=\"article\" \/>\n<meta property=\"og:title\" content=\"Dovan\u0173 rinkinys gurmanams - Pure Nature\" \/>\n<meta property=\"og:description\" content=\"Puiki dovana vertinantiems kokyb\u0119: ekologi\u0161kas Ceilono cinamonas, ekologi\u0161ki paprikos milteliai, ekologi\u0161kas kokoso vanduo.\" \/>\n<meta property=\"og:url\" content=\"https:\/\/old.elusvali.ee\/lt\/prek\u0117\/dovanu-rinkinys-gurmanams\/\" \/>\n<meta property=\"og:site_name\" content=\"Elusv&auml;li\" \/>\n<meta property=\"article:publisher\" content=\"https:\/\/www.facebook.com\/profile.php?id=100064131067985\" \/>\n<meta property=\"article:modified_time\" content=\"2024-07-15T12:58:43+00:00\" \/>\n<meta property=\"og:image\" content=\"https:\/\/old.elusvali.ee\/wp-content\/uploads\/2023\/10\/kinkekomplekt-14.jpg\" \/>\n\t<meta property=\"og:image:width\" content=\"2048\" \/>\n\t<meta property=\"og:image:height\" content=\"2048\" \/>\n\t<meta property=\"og:image:type\" content=\"image\/jpeg\" \/>\n<meta name=\"twitter:card\" content=\"summary_large_image\" \/>\n<meta name=\"twitter:label1\" content=\"Est. reading time\" \/>\n\t<meta name=\"twitter:data1\" content=\"1 minut\u0117\" \/>\n<script type=\"application\/ld+json\" class=\"yoast-schema-graph\">{\"@context\":\"https:\/\/schema.org\",\"@graph\":[{\"@type\":\"WebPage\",\"@id\":\"https:\/\/old.elusvali.ee\/lt\/prek\u0117\/dovanu-rinkinys-gurmanams\/\",\"url\":\"https:\/\/old.elusvali.ee\/lt\/prek\u0117\/dovanu-rinkinys-gurmanams\/\",\"name\":\"Dovan\u0173 rinkinys gurmanams - Pure Nature\",\"isPartOf\":{\"@id\":\"https:\/\/old.elusvali.ee\/lt\/#website\"},\"primaryImageOfPage\":{\"@id\":\"https:\/\/old.elusvali.ee\/lt\/prek\u0117\/dovanu-rinkinys-gurmanams\/#primaryimage\"},\"image\":{\"@id\":\"https:\/\/old.elusvali.ee\/lt\/prek\u0117\/dovanu-rinkinys-gurmanams\/#primaryimage\"},\"thumbnailUrl\":\"https:\/\/old.elusvali.ee\/wp-content\/uploads\/2023\/10\/kinkekomplekt-14.jpg\",\"datePublished\":\"2023-10-17T11:46:47+00:00\",\"dateModified\":\"2024-07-15T12:58:43+00:00\",\"description\":\"Puiki dovana vertinantiems kokyb\u0119: ekologi\u0161kas Ceilono cinamonas, ekologi\u0161ki paprikos milteliai, ekologi\u0161kas kokoso vanduo.\",\"breadcrumb\":{\"@id\":\"https:\/\/old.elusvali.ee\/lt\/prek\u0117\/dovanu-rinkinys-gurmanams\/#breadcrumb\"},\"inLanguage\":\"lt-LT\",\"potentialAction\":[{\"@type\":\"ReadAction\",\"target\":[\"https:\/\/old.elusvali.ee\/lt\/prek\u0117\/dovanu-rinkinys-gurmanams\/\"]}]},{\"@type\":\"ImageObject\",\"inLanguage\":\"lt-LT\",\"@id\":\"https:\/\/old.elusvali.ee\/lt\/prek\u0117\/dovanu-rinkinys-gurmanams\/#primaryimage\",\"url\":\"https:\/\/old.elusvali.ee\/wp-content\/uploads\/2023\/10\/kinkekomplekt-14.jpg\",\"contentUrl\":\"https:\/\/old.elusvali.ee\/wp-content\/uploads\/2023\/10\/kinkekomplekt-14.jpg\",\"width\":2048,\"height\":2048,\"caption\":\"Dovana\"},{\"@type\":\"BreadcrumbList\",\"@id\":\"https:\/\/old.elusvali.ee\/lt\/prek\u0117\/dovanu-rinkinys-gurmanams\/#breadcrumb\",\"itemListElement\":[{\"@type\":\"ListItem\",\"position\":1,\"name\":\"Home\",\"item\":\"https:\/\/old.elusvali.ee\/lt\/\"},{\"@type\":\"ListItem\",\"position\":2,\"name\":\"Elektronin\u0117 parduotuv\u0117\",\"item\":\"https:\/\/purenature.lt\/parduotuve\/\"},{\"@type\":\"ListItem\",\"position\":3,\"name\":\"Dovan\u0173 rinkinys gurmanams\"}]},{\"@type\":\"WebSite\",\"@id\":\"https:\/\/old.elusvali.ee\/lt\/#website\",\"url\":\"https:\/\/old.elusvali.ee\/lt\/\",\"name\":\"Elusv\u00e4li\",\"description\":\"Puhas k&ouml;&ouml;k ja koduapteek\",\"publisher\":{\"@id\":\"https:\/\/old.elusvali.ee\/lt\/#organization\"},\"potentialAction\":[{\"@type\":\"SearchAction\",\"target\":{\"@type\":\"EntryPoint\",\"urlTemplate\":\"https:\/\/old.elusvali.ee\/lt\/?s={search_term_string}\"},\"query-input\":{\"@type\":\"PropertyValueSpecification\",\"valueRequired\":true,\"valueName\":\"search_term_string\"}}],\"inLanguage\":\"lt-LT\"},{\"@type\":\"Organization\",\"@id\":\"https:\/\/old.elusvali.ee\/lt\/#organization\",\"name\":\"Elusv\u00e4li\",\"url\":\"https:\/\/old.elusvali.ee\/lt\/\",\"logo\":{\"@type\":\"ImageObject\",\"inLanguage\":\"lt-LT\",\"@id\":\"https:\/\/old.elusvali.ee\/lt\/#\/schema\/logo\/image\/\",\"url\":\"https:\/\/purenature.lt\/wp-content\/uploads\/2023\/07\/logo.png\",\"contentUrl\":\"https:\/\/purenature.lt\/wp-content\/uploads\/2023\/07\/logo.png\",\"width\":526,\"height\":146,\"caption\":\"Elusv\u00e4li\"},\"image\":{\"@id\":\"https:\/\/old.elusvali.ee\/lt\/#\/schema\/logo\/image\/\"},\"sameAs\":[\"https:\/\/www.facebook.com\/profile.php?id=100064131067985\",\"https:\/\/www.instagram.com\/elusvali\/\",\"https:\/\/www.youtube.com\/@elusvali2110\"]}]}<\/script>\n<!-- \/ Yoast SEO plugin. -->","yoast_head_json":{"title":"Dovan\u0173 rinkinys gurmanams - Pure Nature","description":"Puiki dovana vertinantiems kokyb\u0119: ekologi\u0161kas Ceilono cinamonas, ekologi\u0161ki paprikos milteliai, ekologi\u0161kas kokoso vanduo.","robots":{"index":"noindex","follow":"follow","max-snippet":"max-snippet:-1","max-image-preview":"max-image-preview:large","max-video-preview":"max-video-preview:-1"},"og_locale":"lt_LT","og_type":"article","og_title":"Dovan\u0173 rinkinys gurmanams - Pure Nature","og_description":"Puiki dovana vertinantiems kokyb\u0119: ekologi\u0161kas Ceilono cinamonas, ekologi\u0161ki paprikos milteliai, ekologi\u0161kas kokoso vanduo.","og_url":"https:\/\/old.elusvali.ee\/lt\/prek\u0117\/dovanu-rinkinys-gurmanams\/","og_site_name":"Elusv&auml;li","article_publisher":"https:\/\/www.facebook.com\/profile.php?id=100064131067985","article_modified_time":"2024-07-15T12:58:43+00:00","og_image":[{"width":2048,"height":2048,"url":"https:\/\/old.elusvali.ee\/wp-content\/uploads\/2023\/10\/kinkekomplekt-14.jpg","type":"image\/jpeg"}],"twitter_card":"summary_large_image","twitter_misc":{"Est. reading time":"1 minut\u0117"},"schema":{"@context":"https:\/\/schema.org","@graph":[{"@type":"WebPage","@id":"https:\/\/old.elusvali.ee\/lt\/prek\u0117\/dovanu-rinkinys-gurmanams\/","url":"https:\/\/old.elusvali.ee\/lt\/prek\u0117\/dovanu-rinkinys-gurmanams\/","name":"Dovan\u0173 rinkinys gurmanams - Pure Nature","isPartOf":{"@id":"https:\/\/old.elusvali.ee\/lt\/#website"},"primaryImageOfPage":{"@id":"https:\/\/old.elusvali.ee\/lt\/prek\u0117\/dovanu-rinkinys-gurmanams\/#primaryimage"},"image":{"@id":"https:\/\/old.elusvali.ee\/lt\/prek\u0117\/dovanu-rinkinys-gurmanams\/#primaryimage"},"thumbnailUrl":"https:\/\/old.elusvali.ee\/wp-content\/uploads\/2023\/10\/kinkekomplekt-14.jpg","datePublished":"2023-10-17T11:46:47+00:00","dateModified":"2024-07-15T12:58:43+00:00","description":"Puiki dovana vertinantiems kokyb\u0119: ekologi\u0161kas Ceilono cinamonas, ekologi\u0161ki paprikos milteliai, ekologi\u0161kas kokoso vanduo.","breadcrumb":{"@id":"https:\/\/old.elusvali.ee\/lt\/prek\u0117\/dovanu-rinkinys-gurmanams\/#breadcrumb"},"inLanguage":"lt-LT","potentialAction":[{"@type":"ReadAction","target":["https:\/\/old.elusvali.ee\/lt\/prek\u0117\/dovanu-rinkinys-gurmanams\/"]}]},{"@type":"ImageObject","inLanguage":"lt-LT","@id":"https:\/\/old.elusvali.ee\/lt\/prek\u0117\/dovanu-rinkinys-gurmanams\/#primaryimage","url":"https:\/\/old.elusvali.ee\/wp-content\/uploads\/2023\/10\/kinkekomplekt-14.jpg","contentUrl":"https:\/\/old.elusvali.ee\/wp-content\/uploads\/2023\/10\/kinkekomplekt-14.jpg","width":2048,"height":2048,"caption":"Dovana"},{"@type":"BreadcrumbList","@id":"https:\/\/old.elusvali.ee\/lt\/prek\u0117\/dovanu-rinkinys-gurmanams\/#breadcrumb","itemListElement":[{"@type":"ListItem","position":1,"name":"Home","item":"https:\/\/old.elusvali.ee\/lt\/"},{"@type":"ListItem","position":2,"name":"Elektronin\u0117 parduotuv\u0117","item":"https:\/\/purenature.lt\/parduotuve\/"},{"@type":"ListItem","position":3,"name":"Dovan\u0173 rinkinys gurmanams"}]},{"@type":"WebSite","@id":"https:\/\/old.elusvali.ee\/lt\/#website","url":"https:\/\/old.elusvali.ee\/lt\/","name":"Elusv\u00e4li","description":"Puhas k&ouml;&ouml;k ja koduapteek","publisher":{"@id":"https:\/\/old.elusvali.ee\/lt\/#organization"},"potentialAction":[{"@type":"SearchAction","target":{"@type":"EntryPoint","urlTemplate":"https:\/\/old.elusvali.ee\/lt\/?s={search_term_string}"},"query-input":{"@type":"PropertyValueSpecification","valueRequired":true,"valueName":"search_term_string"}}],"inLanguage":"lt-LT"},{"@type":"Organization","@id":"https:\/\/old.elusvali.ee\/lt\/#organization","name":"Elusv\u00e4li","url":"https:\/\/old.elusvali.ee\/lt\/","logo":{"@type":"ImageObject","inLanguage":"lt-LT","@id":"https:\/\/old.elusvali.ee\/lt\/#\/schema\/logo\/image\/","url":"https:\/\/purenature.lt\/wp-content\/uploads\/2023\/07\/logo.png","contentUrl":"https:\/\/purenature.lt\/wp-content\/uploads\/2023\/07\/logo.png","width":526,"height":146,"caption":"Elusv\u00e4li"},"image":{"@id":"https:\/\/old.elusvali.ee\/lt\/#\/schema\/logo\/image\/"},"sameAs":["https:\/\/www.facebook.com\/profile.php?id=100064131067985","https:\/\/www.instagram.com\/elusvali\/","https:\/\/www.youtube.com\/@elusvali2110"]}]}},"_links":{"self":[{"href":"https:\/\/old.elusvali.ee\/lt\/wp-json\/wp\/v2\/product\/36188","targetHints":{"allow":["GET"]}}],"collection":[{"href":"https:\/\/old.elusvali.ee\/lt\/wp-json\/wp\/v2\/product"}],"about":[{"href":"https:\/\/old.elusvali.ee\/lt\/wp-json\/wp\/v2\/types\/product"}],"replies":[{"embeddable":true,"href":"https:\/\/old.elusvali.ee\/lt\/wp-json\/wp\/v2\/comments?post=36188"}],"version-history":[{"count":0,"href":"https:\/\/old.elusvali.ee\/lt\/wp-json\/wp\/v2\/product\/36188\/revisions"}],"wp:featuredmedia":[{"embeddable":true,"href":"https:\/\/old.elusvali.ee\/lt\/wp-json\/wp\/v2\/media\/35203"}],"wp:attachment":[{"href":"https:\/\/old.elusvali.ee\/lt\/wp-json\/wp\/v2\/media?parent=36188"}],"wp:term":[{"taxonomy":"product_brand","embeddable":true,"href":"https:\/\/old.elusvali.ee\/lt\/wp-json\/wp\/v2\/product_brand?post=36188"},{"taxonomy":"product_cat","embeddable":true,"href":"https:\/\/old.elusvali.ee\/lt\/wp-json\/wp\/v2\/product_cat?post=36188"},{"taxonomy":"product_tag","embeddable":true,"href":"https:\/\/old.elusvali.ee\/lt\/wp-json\/wp\/v2\/product_tag?post=36188"}],"curies":[{"name":"wp","href":"https:\/\/api.w.org\/{rel}","templated":true}]}}