{"id":36174,"date":"2023-10-24T11:59:49","date_gmt":"2023-10-24T08:59:49","guid":{"rendered":"https:\/\/old.elusvali.ee\/product\/dovanu-dezute-su-dangteliu-ir-langeliu-m-33x20x10cm\/"},"modified":"2024-07-18T17:21:27","modified_gmt":"2024-07-18T14:21:27","slug":"dovanu-dezute-su-dangteliu-ir-langeliu-m-33x20x10cm","status":"publish","type":"product","link":"https:\/\/old.elusvali.ee\/lt\/prek\u0117\/dovanu-dezute-su-dangteliu-ir-langeliu-m-33x20x10cm\/","title":{"rendered":"Dovan\u0173 d\u0117\u017eut\u0117 su dangteliu ir langeliu M (33x20x10cm)"},"content":{"rendered":"<p>D\u0117\u017eut\u0119 lengva surinkti.<br \/>\nD\u0117\u017eut\u0117s matmenys 33 cm x 20 cm x 10 cm.<\/p>\n<p>Dovan\u0173 d\u0117\u017eut\u0119 supakuojame atskirai \u012f dar didesn\u0119 d\u0117\u017e\u0119, kad ji pasiektu jus <strong>sveika<\/strong> ir <strong>\u0161vari.<\/strong><br \/>\nJums papra\u0161ius, dovan\u0173 d\u0117\u017eut\u0119 taip pat galime u\u017epildyti med\u017eio dro\u017el\u0117mis.<\/p>\n<p>Pavyzd\u017eiui, \u012f d\u0117\u017eut\u0119 telpa 2-3 arbatos pakeliai ir 1 klev\u0173 sirupas\/sultys, 4-5 papildai arba 3-4 prieskoni\u0173 indeliai.<\/p>\n","protected":false},"excerpt":{"rendered":"<ul>\n<li>Gofruoto kartono d\u0117\u017eut\u0117, tinka pakuoti \u012fvairius produktus.<\/li>\n<li>D\u0117\u017eut\u0117s vir\u0161uje yra permatomas langelis.<\/li>\n<li>D\u0117\u017eut\u0119 galima patogiai ir greitai sulankstyti nenaudojant pakavimo juostos.<\/li>\n<li>D\u0117\u017eut\u0119 lengva surinkti.<\/li>\n<\/ul>\n<p>D\u0117\u017eut\u0117s matmenys 33 cm x 20 cm x 10 cm.<\/p>\n<p>Sukurkite sveik\u0105 dovan\u0173 rinkin\u012f. Verslo dovanos, kal\u0117din\u0117s dovanos, gimtadienio dovanos ar kitos svarbios sukaktys arba \u012fvykiai.<\/p>\n","protected":false},"featured_media":35213,"comment_status":"open","ping_status":"closed","template":"","meta":{"_acf_changed":false},"product_brand":[],"product_cat":[491],"product_tag":[],"class_list":{"0":"post-36174","1":"product","2":"type-product","3":"status-publish","4":"has-post-thumbnail","6":"product_cat-kaip-dovana","8":"first","9":"instock","10":"taxable","11":"shipping-taxable","12":"purchasable","13":"product-type-simple"},"acf":[],"yoast_head":"<!-- This site is optimized with the Yoast SEO plugin v25.3.1 - https:\/\/yoast.com\/wordpress\/plugins\/seo\/ -->\n<title>Dovan\u0173 d\u0117\u017eut\u0117 su dangteliu ir langeliu M (33x20x10cm) - Pure Nature<\/title>\n<meta name=\"description\" content=\"I\u0161rinkite kokybi\u0161kus produktus i\u0161 &quot;Pure Nature&quot; el. parduotuv\u0117s, kuriuos supakuosime \u012f \u0161i\u0105 M dyd\u017eio dovan\u0173 d\u0117\u017eut\u0119 su langeliu.\" \/>\n<meta name=\"robots\" content=\"noindex, follow, max-snippet:-1, max-image-preview:large, max-video-preview:-1\" \/>\n<meta property=\"og:locale\" content=\"lt_LT\" \/>\n<meta property=\"og:type\" content=\"article\" \/>\n<meta property=\"og:title\" content=\"Dovan\u0173 d\u0117\u017eut\u0117 su dangteliu ir langeliu M (33x20x10cm) - Pure Nature\" \/>\n<meta property=\"og:description\" content=\"I\u0161rinkite kokybi\u0161kus produktus i\u0161 &quot;Pure Nature&quot; el. parduotuv\u0117s, kuriuos supakuosime \u012f \u0161i\u0105 M dyd\u017eio dovan\u0173 d\u0117\u017eut\u0119 su langeliu.\" \/>\n<meta property=\"og:url\" content=\"https:\/\/old.elusvali.ee\/lt\/prek\u0117\/dovanu-dezute-su-dangteliu-ir-langeliu-m-33x20x10cm\/\" \/>\n<meta property=\"og:site_name\" content=\"Elusv&auml;li\" \/>\n<meta property=\"article:publisher\" content=\"https:\/\/www.facebook.com\/profile.php?id=100064131067985\" \/>\n<meta property=\"article:modified_time\" content=\"2024-07-18T14:21:27+00:00\" \/>\n<meta property=\"og:image\" content=\"https:\/\/purenature.lt\/wp-content\/uploads\/2023\/10\/Kinkekarp_M-s.webp\" \/>\n\t<meta property=\"og:image:width\" content=\"560\" \/>\n\t<meta property=\"og:image:height\" content=\"560\" \/>\n\t<meta property=\"og:image:type\" content=\"image\/webp\" \/>\n<meta name=\"twitter:card\" content=\"summary_large_image\" \/>\n<meta name=\"twitter:label1\" content=\"Est. reading time\" \/>\n\t<meta name=\"twitter:data1\" content=\"1 minut\u0117\" \/>\n<script type=\"application\/ld+json\" class=\"yoast-schema-graph\">{\"@context\":\"https:\/\/schema.org\",\"@graph\":[{\"@type\":\"WebPage\",\"@id\":\"https:\/\/old.elusvali.ee\/lt\/prek\u0117\/dovanu-dezute-su-dangteliu-ir-langeliu-m-33x20x10cm\/\",\"url\":\"https:\/\/old.elusvali.ee\/lt\/prek\u0117\/dovanu-dezute-su-dangteliu-ir-langeliu-m-33x20x10cm\/\",\"name\":\"Dovan\u0173 d\u0117\u017eut\u0117 su dangteliu ir langeliu M (33x20x10cm) - Pure Nature\",\"isPartOf\":{\"@id\":\"https:\/\/old.elusvali.ee\/lt\/#website\"},\"primaryImageOfPage\":{\"@id\":\"https:\/\/old.elusvali.ee\/lt\/prek\u0117\/dovanu-dezute-su-dangteliu-ir-langeliu-m-33x20x10cm\/#primaryimage\"},\"image\":{\"@id\":\"https:\/\/old.elusvali.ee\/lt\/prek\u0117\/dovanu-dezute-su-dangteliu-ir-langeliu-m-33x20x10cm\/#primaryimage\"},\"thumbnailUrl\":\"https:\/\/old.elusvali.ee\/wp-content\/uploads\/2023\/10\/Kinkekarp_M-s.webp\",\"datePublished\":\"2023-10-24T08:59:49+00:00\",\"dateModified\":\"2024-07-18T14:21:27+00:00\",\"description\":\"I\u0161rinkite kokybi\u0161kus produktus i\u0161 \\\"Pure Nature\\\" el. parduotuv\u0117s, kuriuos supakuosime \u012f \u0161i\u0105 M dyd\u017eio dovan\u0173 d\u0117\u017eut\u0119 su langeliu.\",\"breadcrumb\":{\"@id\":\"https:\/\/old.elusvali.ee\/lt\/prek\u0117\/dovanu-dezute-su-dangteliu-ir-langeliu-m-33x20x10cm\/#breadcrumb\"},\"inLanguage\":\"lt-LT\",\"potentialAction\":[{\"@type\":\"ReadAction\",\"target\":[\"https:\/\/old.elusvali.ee\/lt\/prek\u0117\/dovanu-dezute-su-dangteliu-ir-langeliu-m-33x20x10cm\/\"]}]},{\"@type\":\"ImageObject\",\"inLanguage\":\"lt-LT\",\"@id\":\"https:\/\/old.elusvali.ee\/lt\/prek\u0117\/dovanu-dezute-su-dangteliu-ir-langeliu-m-33x20x10cm\/#primaryimage\",\"url\":\"https:\/\/old.elusvali.ee\/wp-content\/uploads\/2023\/10\/Kinkekarp_M-s.webp\",\"contentUrl\":\"https:\/\/old.elusvali.ee\/wp-content\/uploads\/2023\/10\/Kinkekarp_M-s.webp\",\"width\":560,\"height\":560,\"caption\":\"Dovanu dezute\"},{\"@type\":\"BreadcrumbList\",\"@id\":\"https:\/\/old.elusvali.ee\/lt\/prek\u0117\/dovanu-dezute-su-dangteliu-ir-langeliu-m-33x20x10cm\/#breadcrumb\",\"itemListElement\":[{\"@type\":\"ListItem\",\"position\":1,\"name\":\"Home\",\"item\":\"https:\/\/old.elusvali.ee\/lt\/\"},{\"@type\":\"ListItem\",\"position\":2,\"name\":\"Elektronin\u0117 parduotuv\u0117\",\"item\":\"https:\/\/purenature.lt\/parduotuve\/\"},{\"@type\":\"ListItem\",\"position\":3,\"name\":\"Dovan\u0173 d\u0117\u017eut\u0117 su dangteliu ir langeliu M (33x20x10cm)\"}]},{\"@type\":\"WebSite\",\"@id\":\"https:\/\/old.elusvali.ee\/lt\/#website\",\"url\":\"https:\/\/old.elusvali.ee\/lt\/\",\"name\":\"Elusv\u00e4li\",\"description\":\"Puhas k&ouml;&ouml;k ja koduapteek\",\"publisher\":{\"@id\":\"https:\/\/old.elusvali.ee\/lt\/#organization\"},\"potentialAction\":[{\"@type\":\"SearchAction\",\"target\":{\"@type\":\"EntryPoint\",\"urlTemplate\":\"https:\/\/old.elusvali.ee\/lt\/?s={search_term_string}\"},\"query-input\":{\"@type\":\"PropertyValueSpecification\",\"valueRequired\":true,\"valueName\":\"search_term_string\"}}],\"inLanguage\":\"lt-LT\"},{\"@type\":\"Organization\",\"@id\":\"https:\/\/old.elusvali.ee\/lt\/#organization\",\"name\":\"Elusv\u00e4li\",\"url\":\"https:\/\/old.elusvali.ee\/lt\/\",\"logo\":{\"@type\":\"ImageObject\",\"inLanguage\":\"lt-LT\",\"@id\":\"https:\/\/old.elusvali.ee\/lt\/#\/schema\/logo\/image\/\",\"url\":\"https:\/\/purenature.lt\/wp-content\/uploads\/2023\/07\/logo.png\",\"contentUrl\":\"https:\/\/purenature.lt\/wp-content\/uploads\/2023\/07\/logo.png\",\"width\":526,\"height\":146,\"caption\":\"Elusv\u00e4li\"},\"image\":{\"@id\":\"https:\/\/old.elusvali.ee\/lt\/#\/schema\/logo\/image\/\"},\"sameAs\":[\"https:\/\/www.facebook.com\/profile.php?id=100064131067985\",\"https:\/\/www.instagram.com\/elusvali\/\",\"https:\/\/www.youtube.com\/@elusvali2110\"]}]}<\/script>\n<!-- \/ Yoast SEO plugin. -->","yoast_head_json":{"title":"Dovan\u0173 d\u0117\u017eut\u0117 su dangteliu ir langeliu M (33x20x10cm) - Pure Nature","description":"I\u0161rinkite kokybi\u0161kus produktus i\u0161 \"Pure Nature\" el. parduotuv\u0117s, kuriuos supakuosime \u012f \u0161i\u0105 M dyd\u017eio dovan\u0173 d\u0117\u017eut\u0119 su langeliu.","robots":{"index":"noindex","follow":"follow","max-snippet":"max-snippet:-1","max-image-preview":"max-image-preview:large","max-video-preview":"max-video-preview:-1"},"og_locale":"lt_LT","og_type":"article","og_title":"Dovan\u0173 d\u0117\u017eut\u0117 su dangteliu ir langeliu M (33x20x10cm) - Pure Nature","og_description":"I\u0161rinkite kokybi\u0161kus produktus i\u0161 \"Pure Nature\" el. parduotuv\u0117s, kuriuos supakuosime \u012f \u0161i\u0105 M dyd\u017eio dovan\u0173 d\u0117\u017eut\u0119 su langeliu.","og_url":"https:\/\/old.elusvali.ee\/lt\/prek\u0117\/dovanu-dezute-su-dangteliu-ir-langeliu-m-33x20x10cm\/","og_site_name":"Elusv&auml;li","article_publisher":"https:\/\/www.facebook.com\/profile.php?id=100064131067985","article_modified_time":"2024-07-18T14:21:27+00:00","og_image":[{"width":560,"height":560,"url":"https:\/\/purenature.lt\/wp-content\/uploads\/2023\/10\/Kinkekarp_M-s.webp","type":"image\/webp"}],"twitter_card":"summary_large_image","twitter_misc":{"Est. reading time":"1 minut\u0117"},"schema":{"@context":"https:\/\/schema.org","@graph":[{"@type":"WebPage","@id":"https:\/\/old.elusvali.ee\/lt\/prek\u0117\/dovanu-dezute-su-dangteliu-ir-langeliu-m-33x20x10cm\/","url":"https:\/\/old.elusvali.ee\/lt\/prek\u0117\/dovanu-dezute-su-dangteliu-ir-langeliu-m-33x20x10cm\/","name":"Dovan\u0173 d\u0117\u017eut\u0117 su dangteliu ir langeliu M (33x20x10cm) - Pure Nature","isPartOf":{"@id":"https:\/\/old.elusvali.ee\/lt\/#website"},"primaryImageOfPage":{"@id":"https:\/\/old.elusvali.ee\/lt\/prek\u0117\/dovanu-dezute-su-dangteliu-ir-langeliu-m-33x20x10cm\/#primaryimage"},"image":{"@id":"https:\/\/old.elusvali.ee\/lt\/prek\u0117\/dovanu-dezute-su-dangteliu-ir-langeliu-m-33x20x10cm\/#primaryimage"},"thumbnailUrl":"https:\/\/old.elusvali.ee\/wp-content\/uploads\/2023\/10\/Kinkekarp_M-s.webp","datePublished":"2023-10-24T08:59:49+00:00","dateModified":"2024-07-18T14:21:27+00:00","description":"I\u0161rinkite kokybi\u0161kus produktus i\u0161 \"Pure Nature\" el. parduotuv\u0117s, kuriuos supakuosime \u012f \u0161i\u0105 M dyd\u017eio dovan\u0173 d\u0117\u017eut\u0119 su langeliu.","breadcrumb":{"@id":"https:\/\/old.elusvali.ee\/lt\/prek\u0117\/dovanu-dezute-su-dangteliu-ir-langeliu-m-33x20x10cm\/#breadcrumb"},"inLanguage":"lt-LT","potentialAction":[{"@type":"ReadAction","target":["https:\/\/old.elusvali.ee\/lt\/prek\u0117\/dovanu-dezute-su-dangteliu-ir-langeliu-m-33x20x10cm\/"]}]},{"@type":"ImageObject","inLanguage":"lt-LT","@id":"https:\/\/old.elusvali.ee\/lt\/prek\u0117\/dovanu-dezute-su-dangteliu-ir-langeliu-m-33x20x10cm\/#primaryimage","url":"https:\/\/old.elusvali.ee\/wp-content\/uploads\/2023\/10\/Kinkekarp_M-s.webp","contentUrl":"https:\/\/old.elusvali.ee\/wp-content\/uploads\/2023\/10\/Kinkekarp_M-s.webp","width":560,"height":560,"caption":"Dovanu dezute"},{"@type":"BreadcrumbList","@id":"https:\/\/old.elusvali.ee\/lt\/prek\u0117\/dovanu-dezute-su-dangteliu-ir-langeliu-m-33x20x10cm\/#breadcrumb","itemListElement":[{"@type":"ListItem","position":1,"name":"Home","item":"https:\/\/old.elusvali.ee\/lt\/"},{"@type":"ListItem","position":2,"name":"Elektronin\u0117 parduotuv\u0117","item":"https:\/\/purenature.lt\/parduotuve\/"},{"@type":"ListItem","position":3,"name":"Dovan\u0173 d\u0117\u017eut\u0117 su dangteliu ir langeliu M (33x20x10cm)"}]},{"@type":"WebSite","@id":"https:\/\/old.elusvali.ee\/lt\/#website","url":"https:\/\/old.elusvali.ee\/lt\/","name":"Elusv\u00e4li","description":"Puhas k&ouml;&ouml;k ja koduapteek","publisher":{"@id":"https:\/\/old.elusvali.ee\/lt\/#organization"},"potentialAction":[{"@type":"SearchAction","target":{"@type":"EntryPoint","urlTemplate":"https:\/\/old.elusvali.ee\/lt\/?s={search_term_string}"},"query-input":{"@type":"PropertyValueSpecification","valueRequired":true,"valueName":"search_term_string"}}],"inLanguage":"lt-LT"},{"@type":"Organization","@id":"https:\/\/old.elusvali.ee\/lt\/#organization","name":"Elusv\u00e4li","url":"https:\/\/old.elusvali.ee\/lt\/","logo":{"@type":"ImageObject","inLanguage":"lt-LT","@id":"https:\/\/old.elusvali.ee\/lt\/#\/schema\/logo\/image\/","url":"https:\/\/purenature.lt\/wp-content\/uploads\/2023\/07\/logo.png","contentUrl":"https:\/\/purenature.lt\/wp-content\/uploads\/2023\/07\/logo.png","width":526,"height":146,"caption":"Elusv\u00e4li"},"image":{"@id":"https:\/\/old.elusvali.ee\/lt\/#\/schema\/logo\/image\/"},"sameAs":["https:\/\/www.facebook.com\/profile.php?id=100064131067985","https:\/\/www.instagram.com\/elusvali\/","https:\/\/www.youtube.com\/@elusvali2110"]}]}},"_links":{"self":[{"href":"https:\/\/old.elusvali.ee\/lt\/wp-json\/wp\/v2\/product\/36174","targetHints":{"allow":["GET"]}}],"collection":[{"href":"https:\/\/old.elusvali.ee\/lt\/wp-json\/wp\/v2\/product"}],"about":[{"href":"https:\/\/old.elusvali.ee\/lt\/wp-json\/wp\/v2\/types\/product"}],"replies":[{"embeddable":true,"href":"https:\/\/old.elusvali.ee\/lt\/wp-json\/wp\/v2\/comments?post=36174"}],"version-history":[{"count":0,"href":"https:\/\/old.elusvali.ee\/lt\/wp-json\/wp\/v2\/product\/36174\/revisions"}],"wp:featuredmedia":[{"embeddable":true,"href":"https:\/\/old.elusvali.ee\/lt\/wp-json\/wp\/v2\/media\/35213"}],"wp:attachment":[{"href":"https:\/\/old.elusvali.ee\/lt\/wp-json\/wp\/v2\/media?parent=36174"}],"wp:term":[{"taxonomy":"product_brand","embeddable":true,"href":"https:\/\/old.elusvali.ee\/lt\/wp-json\/wp\/v2\/product_brand?post=36174"},{"taxonomy":"product_cat","embeddable":true,"href":"https:\/\/old.elusvali.ee\/lt\/wp-json\/wp\/v2\/product_cat?post=36174"},{"taxonomy":"product_tag","embeddable":true,"href":"https:\/\/old.elusvali.ee\/lt\/wp-json\/wp\/v2\/product_tag?post=36174"}],"curies":[{"name":"wp","href":"https:\/\/api.w.org\/{rel}","templated":true}]}}