{"id":36149,"date":"2020-10-17T04:39:39","date_gmt":"2020-10-17T01:39:39","guid":{"rendered":"https:\/\/old.elusvali.ee\/product\/vimergy-kurkuminas-su-ciberzole\/"},"modified":"2025-07-08T22:43:56","modified_gmt":"2025-07-08T19:43:56","slug":"vimergy-kurkuminas-su-ciberzole","status":"publish","type":"product","link":"https:\/\/old.elusvali.ee\/lt\/prek\u0117\/vimergy-kurkuminas-su-ciberzole\/","title":{"rendered":"Vimergy kurkuminas su ciber\u017eole."},"content":{"rendered":"<p>Ar esate gird\u0117j\u0119 apie ciber\u017eol\u0117s naud\u0105? Pagrindin\u0117 ciber\u017eol\u0117s veiklioji med\u017eiaga yra kurkuminas, ta\u010diau jo sunku gauti pakankamai valgant tik ciber\u017eol\u0117s \u0161akn\u012f. \u0160tai kod\u0117l verta vartoti auk\u0161tos kokyb\u0117s, gerai pasisavinam\u0105 kurkumino maisto papild\u0105. Vimergy kukurmino ekstrakto su ciber\u017eole sud\u0117tyje n\u0117ra dirbtini\u0173 med\u017eiag\u0173 ar pried\u0173, tod\u0117l galite lengvai ir nat\u016braliai r\u016bpintis savo sveikata.<\/p>\n<h4><img fetchpriority=\"high\" decoding=\"async\" class=\"alignleft size-medium wp-image-43970\" src=\"https:\/\/purenature.lt\/wp-content\/uploads\/2020\/10\/curcumin-with-turmeric-vimergy-supplements-vitamins-36964393713834-300x300.jpg\" alt=\"\" width=\"300\" height=\"300\" srcset=\"https:\/\/old.elusvali.ee\/wp-content\/uploads\/2020\/10\/curcumin-with-turmeric-vimergy-supplements-vitamins-36964393713834-300x300.jpg 300w, https:\/\/old.elusvali.ee\/wp-content\/uploads\/2020\/10\/curcumin-with-turmeric-vimergy-supplements-vitamins-36964393713834-150x150.jpg 150w, https:\/\/old.elusvali.ee\/wp-content\/uploads\/2020\/10\/curcumin-with-turmeric-vimergy-supplements-vitamins-36964393713834-768x768.jpg 768w, https:\/\/old.elusvali.ee\/wp-content\/uploads\/2020\/10\/curcumin-with-turmeric-vimergy-supplements-vitamins-36964393713834-430x430.jpg 430w, https:\/\/old.elusvali.ee\/wp-content\/uploads\/2020\/10\/curcumin-with-turmeric-vimergy-supplements-vitamins-36964393713834-700x700.jpg 700w, https:\/\/old.elusvali.ee\/wp-content\/uploads\/2020\/10\/curcumin-with-turmeric-vimergy-supplements-vitamins-36964393713834.jpg 800w\" sizes=\"(max-width: 300px) 100vw, 300px\" \/>Palaiko skland\u0173 \u0161irdies ir kraujagysli\u0173 darb\u0105.<\/h4>\n<ul>\n<li>Galingas mi\u0161inys: kiekvienoje porcijoje yra 1000 mg kurkumino ir 10 mg ciber\u017eol\u0117s \u0161aknies, tod\u0117l tai puiki sinergija.<\/li>\n<li>Palaiko imunin\u0119 sistem\u0105.<\/li>\n<li>Skatina l\u0105steli\u0173 sveikat\u0105 ir bendr\u0105 gerov\u0119.<\/li>\n<li>Galingos antioksidacin\u0117s fitonutrient\u0173 savyb\u0117s padeda apsisaugoti nuo oksidacinio streso.<\/li>\n<\/ul>\n<p>Taip pat skaitykite i\u0161samesn\u012f straipsn\u012f <a href=\"https:\/\/old.elusvali.ee\/kurkum-kui-mitmekulgne-tervendaja\/\">Ciber\u017eol\u0117 &#8211; universali gydomoji priemon\u0117.<\/a><\/p>\n<p>&nbsp;<\/p>\n<p>&nbsp;<\/p>\n<p><em>* Teiginiai paimti i\u0161 Vimergy internetinio puslapio.<\/em><\/p>\n<h2>Kaip vartoti kurkumin\u0105?<\/h2>\n<ul>\n<li><strong>Vartojimo instrukcijos<\/strong>: vartoti po 3 kapsules per dien\u0105, u\u017egeriant vandeniu. Pakuot\u0117je yra 30\/90 dozi\u0173.<\/li>\n<li><strong>Laikymas: l<\/strong>aikyti v\u0117sioje, tamsioje vietoje. <em>Pavyzd\u017eiui, u\u017erakintoje virtuv\u0117s spintel\u0117je, vaikams nepasiekiamoje vietoje. Laikykite v\u0117sioje ir sausoje vietoje.<br \/>\n<\/em><\/li>\n<li><strong>Kontraindikacijos <\/strong>: nevartokite kaip \u012fvairios mitybos pakaitalo &#8211; svarbu ir subalansuota bei pilnavert\u0117 mityba. Jei laukiat\u0117s, maitinate kr\u016btimi, vartojate vaistus arba turite sveikatos sutrikim\u0173, prie\u0161 vartodami maisto papild\u0105, pasitarkite su gydytoju.<\/li>\n<\/ul>\n<p>Daugiau naudingos informacijos galite rasti straipsnyje: <a href=\"https:\/\/purenature.lt\/3-dazniausiai-pasitaikancios-klaidos-vartojant-maisto-papildus\/\">3 da\u017eniausiai pasitaikan\u010dios klaidos, kurias \u017emon\u0117s daro, vartodami papildus.<\/a><\/p>\n<p><a href=\"https:\/\/vimergy.com\/\">Vimergy<\/a> yra \u017einomas kaip vienas i\u0161 auk\u0161\u010diausios kokyb\u0117s JAV ekologi\u0161k\u0173 maisto papild\u0173 prek\u0117s \u017eenkl\u0173 visame pasaulyje.<br \/>\nVisi Vimergy produktai yra ekologi\u0161ki ir \u0161varios sud\u0117ties, be alkoholio ir tinkami veganams. Be to, n\u0117 viename i\u0161 maisto papild\u0173 n\u0117ra citrinos r\u016bg\u0161ties, GMO, u\u017epild\u0173 ar dirbtini\u0173 pried\u0173.<\/p>\n","protected":false},"excerpt":{"rendered":"<p>Ie\u0161kote imunin\u0117s sistemos pastiprinimo? Ar norite sustiprinti savo sveikatos pamat\u0105 &#8211; savo l\u0105steli\u0173 sveikat\u0105? Gyvenant spar\u010diu tempu ir susiduriant su daugybe i\u0161\u0161\u016bki\u0173, svarbu pasirinkti s\u0105jungininkus, kurie pad\u0117s i\u0161likti sveikiems ir gyvybingiems. Vimergy kukurminas su ciber\u017eole pad\u0117s jums! Tai specialus mi\u0161inys, kurio kiekvienoje doz\u0117je rasite 1000 mg kurkumino ekstrakto ir 10 mg ciber\u017eol\u0117s \u0161aknies.<\/p>\n","protected":false},"featured_media":32350,"comment_status":"open","ping_status":"closed","template":"","meta":{"_acf_changed":false},"product_brand":[],"product_cat":[472,473,772,694],"product_tag":[477,476],"class_list":{"0":"post-36149","1":"product","2":"type-product","3":"status-publish","4":"has-post-thumbnail","6":"product_cat-imunitetas","7":"product_cat-maisto-papildai","8":"product_cat-psichikos-sveikata","9":"product_cat-vimergy-lt","10":"product_tag-kapsules","11":"product_tag-vimergy-lt","13":"first","14":"instock","15":"taxable","16":"shipping-taxable","17":"purchasable","18":"product-type-variable","19":"has-default-attributes"},"acf":[],"yoast_head":"<!-- This site is optimized with the Yoast SEO plugin v25.3.1 - https:\/\/yoast.com\/wordpress\/plugins\/seo\/ -->\n<title>Vimergy kurkuminas su ciber\u017eole. - Pure Nature<\/title>\n<meta name=\"description\" content=\"Kurkuminas yra aktyvioji ciber\u017eol\u0117s sudedamoji dalis, palaikanti imunin\u0119 sistem\u0105 ir l\u0105steli\u0173 sveikat\u0105. Kurkuminas yra puikus pagalbininkas greito gyvenimo tempo ir streso metu.\" \/>\n<meta name=\"robots\" content=\"noindex, follow, max-snippet:-1, max-image-preview:large, max-video-preview:-1\" \/>\n<meta property=\"og:locale\" content=\"lt_LT\" \/>\n<meta property=\"og:type\" content=\"article\" \/>\n<meta property=\"og:title\" content=\"Vimergy kurkuminas su ciber\u017eole. - Pure Nature\" \/>\n<meta property=\"og:description\" content=\"Kurkuminas yra aktyvioji ciber\u017eol\u0117s sudedamoji dalis, palaikanti imunin\u0119 sistem\u0105 ir l\u0105steli\u0173 sveikat\u0105. Kurkuminas yra puikus pagalbininkas greito gyvenimo tempo ir streso metu.\" \/>\n<meta property=\"og:url\" content=\"https:\/\/old.elusvali.ee\/lt\/prek\u0117\/vimergy-kurkuminas-su-ciberzole\/\" \/>\n<meta property=\"og:site_name\" content=\"Elusv&auml;li\" \/>\n<meta property=\"article:publisher\" content=\"https:\/\/www.facebook.com\/profile.php?id=100064131067985\" \/>\n<meta property=\"article:modified_time\" content=\"2025-07-08T19:43:56+00:00\" \/>\n<meta property=\"og:image\" content=\"https:\/\/purenature.lv\/wp-content\/uploads\/2020\/10\/Vimergy-kurkumiin.jpg\" \/>\n\t<meta property=\"og:image:width\" content=\"1400\" \/>\n\t<meta property=\"og:image:height\" content=\"1400\" \/>\n\t<meta property=\"og:image:type\" content=\"image\/jpeg\" \/>\n<meta name=\"twitter:card\" content=\"summary_large_image\" \/>\n<meta name=\"twitter:label1\" content=\"Est. reading time\" \/>\n\t<meta name=\"twitter:data1\" content=\"1 minut\u0117\" \/>\n<script type=\"application\/ld+json\" class=\"yoast-schema-graph\">{\"@context\":\"https:\/\/schema.org\",\"@graph\":[{\"@type\":\"WebPage\",\"@id\":\"https:\/\/old.elusvali.ee\/lt\/prek\u0117\/vimergy-kurkuminas-su-ciberzole\/\",\"url\":\"https:\/\/old.elusvali.ee\/lt\/prek\u0117\/vimergy-kurkuminas-su-ciberzole\/\",\"name\":\"Vimergy kurkuminas su ciber\u017eole. - Pure Nature\",\"isPartOf\":{\"@id\":\"https:\/\/old.elusvali.ee\/lt\/#website\"},\"primaryImageOfPage\":{\"@id\":\"https:\/\/old.elusvali.ee\/lt\/prek\u0117\/vimergy-kurkuminas-su-ciberzole\/#primaryimage\"},\"image\":{\"@id\":\"https:\/\/old.elusvali.ee\/lt\/prek\u0117\/vimergy-kurkuminas-su-ciberzole\/#primaryimage\"},\"thumbnailUrl\":\"https:\/\/old.elusvali.ee\/wp-content\/uploads\/2020\/10\/Vimergy-kurkumiin.jpg\",\"datePublished\":\"2020-10-17T01:39:39+00:00\",\"dateModified\":\"2025-07-08T19:43:56+00:00\",\"description\":\"Kurkuminas yra aktyvioji ciber\u017eol\u0117s sudedamoji dalis, palaikanti imunin\u0119 sistem\u0105 ir l\u0105steli\u0173 sveikat\u0105. Kurkuminas yra puikus pagalbininkas greito gyvenimo tempo ir streso metu.\",\"breadcrumb\":{\"@id\":\"https:\/\/old.elusvali.ee\/lt\/prek\u0117\/vimergy-kurkuminas-su-ciberzole\/#breadcrumb\"},\"inLanguage\":\"lt-LT\",\"potentialAction\":[{\"@type\":\"ReadAction\",\"target\":[\"https:\/\/old.elusvali.ee\/lt\/prek\u0117\/vimergy-kurkuminas-su-ciberzole\/\"]}]},{\"@type\":\"ImageObject\",\"inLanguage\":\"lt-LT\",\"@id\":\"https:\/\/old.elusvali.ee\/lt\/prek\u0117\/vimergy-kurkuminas-su-ciberzole\/#primaryimage\",\"url\":\"https:\/\/old.elusvali.ee\/wp-content\/uploads\/2020\/10\/Vimergy-kurkumiin.jpg\",\"contentUrl\":\"https:\/\/old.elusvali.ee\/wp-content\/uploads\/2020\/10\/Vimergy-kurkumiin.jpg\",\"width\":1400,\"height\":1400,\"caption\":\"Kurkuminas ir ciberzole maisto papildas\"},{\"@type\":\"BreadcrumbList\",\"@id\":\"https:\/\/old.elusvali.ee\/lt\/prek\u0117\/vimergy-kurkuminas-su-ciberzole\/#breadcrumb\",\"itemListElement\":[{\"@type\":\"ListItem\",\"position\":1,\"name\":\"Home\",\"item\":\"https:\/\/old.elusvali.ee\/lt\/\"},{\"@type\":\"ListItem\",\"position\":2,\"name\":\"Elektronin\u0117 parduotuv\u0117\",\"item\":\"https:\/\/purenature.lt\/parduotuve\/\"},{\"@type\":\"ListItem\",\"position\":3,\"name\":\"Vimergy kurkuminas su ciber\u017eole.\"}]},{\"@type\":\"WebSite\",\"@id\":\"https:\/\/old.elusvali.ee\/lt\/#website\",\"url\":\"https:\/\/old.elusvali.ee\/lt\/\",\"name\":\"Elusv\u00e4li\",\"description\":\"Puhas k&ouml;&ouml;k ja koduapteek\",\"publisher\":{\"@id\":\"https:\/\/old.elusvali.ee\/lt\/#organization\"},\"potentialAction\":[{\"@type\":\"SearchAction\",\"target\":{\"@type\":\"EntryPoint\",\"urlTemplate\":\"https:\/\/old.elusvali.ee\/lt\/?s={search_term_string}\"},\"query-input\":{\"@type\":\"PropertyValueSpecification\",\"valueRequired\":true,\"valueName\":\"search_term_string\"}}],\"inLanguage\":\"lt-LT\"},{\"@type\":\"Organization\",\"@id\":\"https:\/\/old.elusvali.ee\/lt\/#organization\",\"name\":\"Elusv\u00e4li\",\"url\":\"https:\/\/old.elusvali.ee\/lt\/\",\"logo\":{\"@type\":\"ImageObject\",\"inLanguage\":\"lt-LT\",\"@id\":\"https:\/\/old.elusvali.ee\/lt\/#\/schema\/logo\/image\/\",\"url\":\"https:\/\/purenature.lt\/wp-content\/uploads\/2023\/07\/logo.png\",\"contentUrl\":\"https:\/\/purenature.lt\/wp-content\/uploads\/2023\/07\/logo.png\",\"width\":526,\"height\":146,\"caption\":\"Elusv\u00e4li\"},\"image\":{\"@id\":\"https:\/\/old.elusvali.ee\/lt\/#\/schema\/logo\/image\/\"},\"sameAs\":[\"https:\/\/www.facebook.com\/profile.php?id=100064131067985\",\"https:\/\/www.instagram.com\/elusvali\/\",\"https:\/\/www.youtube.com\/@elusvali2110\"]}]}<\/script>\n<!-- \/ Yoast SEO plugin. -->","yoast_head_json":{"title":"Vimergy kurkuminas su ciber\u017eole. - Pure Nature","description":"Kurkuminas yra aktyvioji ciber\u017eol\u0117s sudedamoji dalis, palaikanti imunin\u0119 sistem\u0105 ir l\u0105steli\u0173 sveikat\u0105. Kurkuminas yra puikus pagalbininkas greito gyvenimo tempo ir streso metu.","robots":{"index":"noindex","follow":"follow","max-snippet":"max-snippet:-1","max-image-preview":"max-image-preview:large","max-video-preview":"max-video-preview:-1"},"og_locale":"lt_LT","og_type":"article","og_title":"Vimergy kurkuminas su ciber\u017eole. - Pure Nature","og_description":"Kurkuminas yra aktyvioji ciber\u017eol\u0117s sudedamoji dalis, palaikanti imunin\u0119 sistem\u0105 ir l\u0105steli\u0173 sveikat\u0105. Kurkuminas yra puikus pagalbininkas greito gyvenimo tempo ir streso metu.","og_url":"https:\/\/old.elusvali.ee\/lt\/prek\u0117\/vimergy-kurkuminas-su-ciberzole\/","og_site_name":"Elusv&auml;li","article_publisher":"https:\/\/www.facebook.com\/profile.php?id=100064131067985","article_modified_time":"2025-07-08T19:43:56+00:00","og_image":[{"width":1400,"height":1400,"url":"https:\/\/purenature.lv\/wp-content\/uploads\/2020\/10\/Vimergy-kurkumiin.jpg","type":"image\/jpeg"}],"twitter_card":"summary_large_image","twitter_misc":{"Est. reading time":"1 minut\u0117"},"schema":{"@context":"https:\/\/schema.org","@graph":[{"@type":"WebPage","@id":"https:\/\/old.elusvali.ee\/lt\/prek\u0117\/vimergy-kurkuminas-su-ciberzole\/","url":"https:\/\/old.elusvali.ee\/lt\/prek\u0117\/vimergy-kurkuminas-su-ciberzole\/","name":"Vimergy kurkuminas su ciber\u017eole. - Pure Nature","isPartOf":{"@id":"https:\/\/old.elusvali.ee\/lt\/#website"},"primaryImageOfPage":{"@id":"https:\/\/old.elusvali.ee\/lt\/prek\u0117\/vimergy-kurkuminas-su-ciberzole\/#primaryimage"},"image":{"@id":"https:\/\/old.elusvali.ee\/lt\/prek\u0117\/vimergy-kurkuminas-su-ciberzole\/#primaryimage"},"thumbnailUrl":"https:\/\/old.elusvali.ee\/wp-content\/uploads\/2020\/10\/Vimergy-kurkumiin.jpg","datePublished":"2020-10-17T01:39:39+00:00","dateModified":"2025-07-08T19:43:56+00:00","description":"Kurkuminas yra aktyvioji ciber\u017eol\u0117s sudedamoji dalis, palaikanti imunin\u0119 sistem\u0105 ir l\u0105steli\u0173 sveikat\u0105. Kurkuminas yra puikus pagalbininkas greito gyvenimo tempo ir streso metu.","breadcrumb":{"@id":"https:\/\/old.elusvali.ee\/lt\/prek\u0117\/vimergy-kurkuminas-su-ciberzole\/#breadcrumb"},"inLanguage":"lt-LT","potentialAction":[{"@type":"ReadAction","target":["https:\/\/old.elusvali.ee\/lt\/prek\u0117\/vimergy-kurkuminas-su-ciberzole\/"]}]},{"@type":"ImageObject","inLanguage":"lt-LT","@id":"https:\/\/old.elusvali.ee\/lt\/prek\u0117\/vimergy-kurkuminas-su-ciberzole\/#primaryimage","url":"https:\/\/old.elusvali.ee\/wp-content\/uploads\/2020\/10\/Vimergy-kurkumiin.jpg","contentUrl":"https:\/\/old.elusvali.ee\/wp-content\/uploads\/2020\/10\/Vimergy-kurkumiin.jpg","width":1400,"height":1400,"caption":"Kurkuminas ir ciberzole maisto papildas"},{"@type":"BreadcrumbList","@id":"https:\/\/old.elusvali.ee\/lt\/prek\u0117\/vimergy-kurkuminas-su-ciberzole\/#breadcrumb","itemListElement":[{"@type":"ListItem","position":1,"name":"Home","item":"https:\/\/old.elusvali.ee\/lt\/"},{"@type":"ListItem","position":2,"name":"Elektronin\u0117 parduotuv\u0117","item":"https:\/\/purenature.lt\/parduotuve\/"},{"@type":"ListItem","position":3,"name":"Vimergy kurkuminas su ciber\u017eole."}]},{"@type":"WebSite","@id":"https:\/\/old.elusvali.ee\/lt\/#website","url":"https:\/\/old.elusvali.ee\/lt\/","name":"Elusv\u00e4li","description":"Puhas k&ouml;&ouml;k ja koduapteek","publisher":{"@id":"https:\/\/old.elusvali.ee\/lt\/#organization"},"potentialAction":[{"@type":"SearchAction","target":{"@type":"EntryPoint","urlTemplate":"https:\/\/old.elusvali.ee\/lt\/?s={search_term_string}"},"query-input":{"@type":"PropertyValueSpecification","valueRequired":true,"valueName":"search_term_string"}}],"inLanguage":"lt-LT"},{"@type":"Organization","@id":"https:\/\/old.elusvali.ee\/lt\/#organization","name":"Elusv\u00e4li","url":"https:\/\/old.elusvali.ee\/lt\/","logo":{"@type":"ImageObject","inLanguage":"lt-LT","@id":"https:\/\/old.elusvali.ee\/lt\/#\/schema\/logo\/image\/","url":"https:\/\/purenature.lt\/wp-content\/uploads\/2023\/07\/logo.png","contentUrl":"https:\/\/purenature.lt\/wp-content\/uploads\/2023\/07\/logo.png","width":526,"height":146,"caption":"Elusv\u00e4li"},"image":{"@id":"https:\/\/old.elusvali.ee\/lt\/#\/schema\/logo\/image\/"},"sameAs":["https:\/\/www.facebook.com\/profile.php?id=100064131067985","https:\/\/www.instagram.com\/elusvali\/","https:\/\/www.youtube.com\/@elusvali2110"]}]}},"_links":{"self":[{"href":"https:\/\/old.elusvali.ee\/lt\/wp-json\/wp\/v2\/product\/36149","targetHints":{"allow":["GET"]}}],"collection":[{"href":"https:\/\/old.elusvali.ee\/lt\/wp-json\/wp\/v2\/product"}],"about":[{"href":"https:\/\/old.elusvali.ee\/lt\/wp-json\/wp\/v2\/types\/product"}],"replies":[{"embeddable":true,"href":"https:\/\/old.elusvali.ee\/lt\/wp-json\/wp\/v2\/comments?post=36149"}],"version-history":[{"count":0,"href":"https:\/\/old.elusvali.ee\/lt\/wp-json\/wp\/v2\/product\/36149\/revisions"}],"wp:featuredmedia":[{"embeddable":true,"href":"https:\/\/old.elusvali.ee\/lt\/wp-json\/wp\/v2\/media\/32350"}],"wp:attachment":[{"href":"https:\/\/old.elusvali.ee\/lt\/wp-json\/wp\/v2\/media?parent=36149"}],"wp:term":[{"taxonomy":"product_brand","embeddable":true,"href":"https:\/\/old.elusvali.ee\/lt\/wp-json\/wp\/v2\/product_brand?post=36149"},{"taxonomy":"product_cat","embeddable":true,"href":"https:\/\/old.elusvali.ee\/lt\/wp-json\/wp\/v2\/product_cat?post=36149"},{"taxonomy":"product_tag","embeddable":true,"href":"https:\/\/old.elusvali.ee\/lt\/wp-json\/wp\/v2\/product_tag?post=36149"}],"curies":[{"name":"wp","href":"https:\/\/api.w.org\/{rel}","templated":true}]}}