{"id":36144,"date":"2020-10-17T04:39:52","date_gmt":"2020-10-17T01:39:52","guid":{"rendered":"https:\/\/old.elusvali.ee\/product\/vimergy-citrinu-rugsties-ekstraktas-115ml\/"},"modified":"2025-07-08T22:43:54","modified_gmt":"2025-07-08T19:43:54","slug":"vimergy-saldymedzio-saknies-ekstraktas-115ml","status":"publish","type":"product","link":"https:\/\/old.elusvali.ee\/lt\/prek\u0117\/vimergy-saldymedzio-saknies-ekstraktas-115ml\/","title":{"rendered":"Vimergy saldymed\u017eio \u0161aknies ekstraktas &#8211; 115ml."},"content":{"rendered":"<p>Saldymed\u017eio \u0161aknis naudinga vir\u0161kinimui ir gydo kv\u0117pavimo tak\u0173 ligas. Saldymedis yra nuostabus augalas, o i\u0161 saldymed\u017eio \u0161akn\u0173 pagaminta tinkt\u016bra puikiai padeda ne tik vir\u0161kinimui ir kv\u0117pavimo sistemai, bet ir visam organizmui. <a href=\"https:\/\/vimergy.com\/products\/organic-licorice\" target=\"_blank\" rel=\"noopener\">Vimergy<\/a> pasinaudojo Motinos \u017dem\u0117s si\u016bloma priemone ir suk\u016br\u0117 galing\u0105 10:1 skyst\u0105 ekstrakt\u0105. Vis\u0173 m\u016bs\u0173 gerovei.<br \/>\nVimergy saldymed\u017eio \u0161aknis taip pat gali b\u016bti naudinga sergant dirgliosios \u017earnos sindromu. Pana\u0161iai kaip saldymed\u017eio \u0161aknis, taip pat ir <a href=\"https:\/\/purenature.lt\/prek\u0117\/vimergy-vaistine-melisa-tinktura\/\" target=\"_blank\" rel=\"noopener\">Vimergy vaistin\u0117 melisa<\/a>, kuri\u0105 galite rasti m\u016bs\u0173 el. parduotuv\u0117je, palaiko ir padeda.<\/p>\n<h3><img fetchpriority=\"high\" decoding=\"async\" class=\"alignleft size-medium wp-image-44045\" style=\"margin-bottom: 0px;\" src=\"https:\/\/purenature.lt\/wp-content\/uploads\/2020\/10\/organic-licorice-10-1-vimergy-supplements-vitamins-36303340241066-300x300.jpg\" alt=\"\" width=\"300\" height=\"300\" srcset=\"https:\/\/old.elusvali.ee\/wp-content\/uploads\/2020\/10\/organic-licorice-10-1-vimergy-supplements-vitamins-36303340241066-300x300.jpg 300w, https:\/\/old.elusvali.ee\/wp-content\/uploads\/2020\/10\/organic-licorice-10-1-vimergy-supplements-vitamins-36303340241066-150x150.jpg 150w, https:\/\/old.elusvali.ee\/wp-content\/uploads\/2020\/10\/organic-licorice-10-1-vimergy-supplements-vitamins-36303340241066-768x768.jpg 768w, https:\/\/old.elusvali.ee\/wp-content\/uploads\/2020\/10\/organic-licorice-10-1-vimergy-supplements-vitamins-36303340241066-430x430.jpg 430w, https:\/\/old.elusvali.ee\/wp-content\/uploads\/2020\/10\/organic-licorice-10-1-vimergy-supplements-vitamins-36303340241066-700x700.jpg 700w, https:\/\/old.elusvali.ee\/wp-content\/uploads\/2020\/10\/organic-licorice-10-1-vimergy-supplements-vitamins-36303340241066.jpg 800w\" sizes=\"(max-width: 300px) 100vw, 300px\" \/> Pagamintas i\u0161 i\u0161gryninto vandens, ekologi\u0161ko glicerino ir ekologi\u0161k\u0173 citrin\u0173 sul\u010di\u0173.<\/h3>\n<ul>\n<li>Saldymedis padeda nuraminti gerkl\u0119 ir tradici\u0161kai naudojamas kv\u0117pavimo tak\u0173 sveikatai palaikyti.<\/li>\n<li>Saldymedis palaiko sveik\u0105 burnos mikrobiomo \u012fvairov\u0119.<\/li>\n<\/ul>\n<p>Taip pat skaitykite i\u0161samesn\u012f straipsn\u012f: <a href=\"https:\/\/old.elusvali.ee\/lagritsajuure-ekstrakt\/\">saldymed\u017eio \u0161aknies ekstraktas &#8211; galingas antivirusinis vaistas<\/a>.<\/p>\n<p>&nbsp;<\/p>\n<p>&nbsp;<\/p>\n<p>&nbsp;<\/p>\n<p><em>* Teiginiai paimti i\u0161 Vimergy internetinio puslapio.<\/em><\/p>\n<h2>Kaip naudoti saldymed\u017eio \u0161aknies ekstrakt\u0105?<\/h2>\n<ul>\n<li>Vartojimo <strong>b\u016bdas<\/strong>: 2 pipet\u0117s (2 ml) per dien\u0105. Saldymed\u017eio \u0161akn\u012f geriausiai vartoti 2 savai\u010di\u0173 ciklais: 2 savaites vartoti, 2 savaites nevartoti. 57 doz\u0117s buteliuke.<!--\/data\/user\/0\/com.samsung.android.app.notes\/files\/clipdata\/clipdata_bodytext_240523_105019_465.sdocx--><\/li>\n<li><strong>Laikymas: l<\/strong>aikyti v\u0117sioje ir tamsioje vietoje. <em>Pavyzd\u017eiui, u\u017erakintoje, vaikams nepasiekiamoje virtuv\u0117s spintel\u0117je. Ilgesn\u012f laik\u0105 atviroje vietoje geriausia laikyti vir\u0161utiniame \u0161aldytuvo stal\u010diuje. <\/em><\/li>\n<li><strong>Kontraindikacijos<\/strong>: nevartokite kaip \u012fvairios mitybos pakaitalo &#8211; svarbu ir subalansuota bei pilnavert\u0117 mityba. Jei laukiat\u0117s, maitinate kr\u016btimi, vartojate vaistus arba turite sveikatos sutrikim\u0173, prie\u0161 vartodami maisto papild\u0105, pasitarkite su gydytoju.<\/li>\n<\/ul>\n<p>Daugiau naudingos informacijos galite rasti straipsnyje: <a href=\"https:\/\/purenature.lt\/3-dazniausiai-pasitaikancios-klaidos-vartojant-maisto-papildus\/\">3 da\u017eniausiai pasitaikan\u010dios klaidos, kurias \u017emon\u0117s daro, vartodami papildus.<\/a><\/p>\n<p><a href=\"https:\/\/vimergy.com\/\">Vimergy<\/a> yra \u017einomas kaip vienas i\u0161 auk\u0161\u010diausios kokyb\u0117s JAV ekologi\u0161k\u0173 maisto papild\u0173 prek\u0117s \u017eenkl\u0173 visame pasaulyje.<br \/>\nVisi Vimergy produktai yra ekologi\u0161ki ir \u0161varios sud\u0117ties, be alkoholio ir tinkami veganams. Be to, n\u0117 viename i\u0161 maisto papild\u0173 n\u0117ra citrinos r\u016bg\u0161ties, GMO, u\u017epild\u0173 ar dirbtini\u0173 pried\u0173.<\/p>\n<p><img decoding=\"async\" class=\"aligncenter wp-image-44052 size-large\" src=\"https:\/\/purenature.lt\/wp-content\/uploads\/2020\/10\/Licorice_How_To_Desktop-1300x679.png\" alt=\"\" width=\"1300\" height=\"679\" srcset=\"https:\/\/old.elusvali.ee\/wp-content\/uploads\/2020\/10\/Licorice_How_To_Desktop-1300x679.png 1300w, https:\/\/old.elusvali.ee\/wp-content\/uploads\/2020\/10\/Licorice_How_To_Desktop-400x209.png 400w, https:\/\/old.elusvali.ee\/wp-content\/uploads\/2020\/10\/Licorice_How_To_Desktop-768x401.png 768w, https:\/\/old.elusvali.ee\/wp-content\/uploads\/2020\/10\/Licorice_How_To_Desktop-1536x803.png 1536w, https:\/\/old.elusvali.ee\/wp-content\/uploads\/2020\/10\/Licorice_How_To_Desktop-430x225.png 430w, https:\/\/old.elusvali.ee\/wp-content\/uploads\/2020\/10\/Licorice_How_To_Desktop-700x366.png 700w, https:\/\/old.elusvali.ee\/wp-content\/uploads\/2020\/10\/Licorice_How_To_Desktop-150x78.png 150w, https:\/\/old.elusvali.ee\/wp-content\/uploads\/2020\/10\/Licorice_How_To_Desktop.png 2000w\" sizes=\"(max-width: 1300px) 100vw, 1300px\" \/><\/p>\n","protected":false},"excerpt":{"rendered":"<p>Ar jums reikia pagalbos vir\u0161kinimo ar kv\u0117pavimo tak\u0173 sveikatos klausimais? Saldymed\u017eio \u0161aknis yra puikus augalas b\u016btent \u0161iam tikslui. Vimergy ekologi\u0161kos saldymed\u017eio \u0161akn\u0173 tinkt\u016bros doz\u0117je yra 2000 mg HE saldymed\u017eio. \u0160is 10:1 ekstraktas yra specialus nealkoholinis mi\u0161inys.<\/p>\n","protected":false},"featured_media":32506,"comment_status":"open","ping_status":"closed","template":"","meta":{"_acf_changed":false},"product_brand":[],"product_cat":[472,499,473,694],"product_tag":[490,476],"class_list":{"0":"post-36144","1":"product","2":"type-product","3":"status-publish","4":"has-post-thumbnail","6":"product_cat-imunitetas","7":"product_cat-kunui","8":"product_cat-maisto-papildai","9":"product_cat-vimergy-lt","10":"product_tag-skysciai","11":"product_tag-vimergy-lt","13":"first","14":"instock","15":"taxable","16":"shipping-taxable","17":"purchasable","18":"product-type-simple"},"acf":[],"yoast_head":"<!-- This site is optimized with the Yoast SEO plugin v25.3.1 - https:\/\/yoast.com\/wordpress\/plugins\/seo\/ -->\n<title>Vimergy saldymed\u017eio \u0161aknies ekstraktas - 115ml. - Pure Nature<\/title>\n<meta name=\"description\" content=\"Puikiai padeda ne tik vir\u0161kinimui ir kv\u0117pavimo sistemai, bet ir visam organizmui kovojant su stresu. Saldymed\u017eio \u0161aknis gali b\u016bti naudinga ir sergant dirgliosios \u017earnos sindromu.\" \/>\n<meta name=\"robots\" content=\"noindex, follow, max-snippet:-1, max-image-preview:large, max-video-preview:-1\" \/>\n<meta property=\"og:locale\" content=\"lt_LT\" \/>\n<meta property=\"og:type\" content=\"article\" \/>\n<meta property=\"og:title\" content=\"Vimergy saldymed\u017eio \u0161aknies ekstraktas - 115ml. - Pure Nature\" \/>\n<meta property=\"og:description\" content=\"Puikiai padeda ne tik vir\u0161kinimui ir kv\u0117pavimo sistemai, bet ir visam organizmui kovojant su stresu. Saldymed\u017eio \u0161aknis gali b\u016bti naudinga ir sergant dirgliosios \u017earnos sindromu.\" \/>\n<meta property=\"og:url\" content=\"https:\/\/old.elusvali.ee\/lt\/prek\u0117\/vimergy-saldymedzio-saknies-ekstraktas-115ml\/\" \/>\n<meta property=\"og:site_name\" content=\"Elusv&auml;li\" \/>\n<meta property=\"article:publisher\" content=\"https:\/\/www.facebook.com\/profile.php?id=100064131067985\" \/>\n<meta property=\"article:modified_time\" content=\"2025-07-08T19:43:54+00:00\" \/>\n<meta property=\"og:image\" content=\"https:\/\/purenature.lt\/wp-content\/uploads\/2020\/10\/Licorice.jpg\" \/>\n\t<meta property=\"og:image:width\" content=\"1400\" \/>\n\t<meta property=\"og:image:height\" content=\"1400\" \/>\n\t<meta property=\"og:image:type\" content=\"image\/jpeg\" \/>\n<meta name=\"twitter:card\" content=\"summary_large_image\" \/>\n<meta name=\"twitter:label1\" content=\"Est. reading time\" \/>\n\t<meta name=\"twitter:data1\" content=\"1 minut\u0117\" \/>\n<script type=\"application\/ld+json\" class=\"yoast-schema-graph\">{\"@context\":\"https:\/\/schema.org\",\"@graph\":[{\"@type\":\"WebPage\",\"@id\":\"https:\/\/old.elusvali.ee\/lt\/prek\u0117\/vimergy-saldymedzio-saknies-ekstraktas-115ml\/\",\"url\":\"https:\/\/old.elusvali.ee\/lt\/prek\u0117\/vimergy-saldymedzio-saknies-ekstraktas-115ml\/\",\"name\":\"Vimergy saldymed\u017eio \u0161aknies ekstraktas - 115ml. - Pure Nature\",\"isPartOf\":{\"@id\":\"https:\/\/old.elusvali.ee\/lt\/#website\"},\"primaryImageOfPage\":{\"@id\":\"https:\/\/old.elusvali.ee\/lt\/prek\u0117\/vimergy-saldymedzio-saknies-ekstraktas-115ml\/#primaryimage\"},\"image\":{\"@id\":\"https:\/\/old.elusvali.ee\/lt\/prek\u0117\/vimergy-saldymedzio-saknies-ekstraktas-115ml\/#primaryimage\"},\"thumbnailUrl\":\"https:\/\/old.elusvali.ee\/wp-content\/uploads\/2020\/10\/Licorice.jpg\",\"datePublished\":\"2020-10-17T01:39:52+00:00\",\"dateModified\":\"2025-07-08T19:43:54+00:00\",\"description\":\"Puikiai padeda ne tik vir\u0161kinimui ir kv\u0117pavimo sistemai, bet ir visam organizmui kovojant su stresu. Saldymed\u017eio \u0161aknis gali b\u016bti naudinga ir sergant dirgliosios \u017earnos sindromu.\",\"breadcrumb\":{\"@id\":\"https:\/\/old.elusvali.ee\/lt\/prek\u0117\/vimergy-saldymedzio-saknies-ekstraktas-115ml\/#breadcrumb\"},\"inLanguage\":\"lt-LT\",\"potentialAction\":[{\"@type\":\"ReadAction\",\"target\":[\"https:\/\/old.elusvali.ee\/lt\/prek\u0117\/vimergy-saldymedzio-saknies-ekstraktas-115ml\/\"]}]},{\"@type\":\"ImageObject\",\"inLanguage\":\"lt-LT\",\"@id\":\"https:\/\/old.elusvali.ee\/lt\/prek\u0117\/vimergy-saldymedzio-saknies-ekstraktas-115ml\/#primaryimage\",\"url\":\"https:\/\/old.elusvali.ee\/wp-content\/uploads\/2020\/10\/Licorice.jpg\",\"contentUrl\":\"https:\/\/old.elusvali.ee\/wp-content\/uploads\/2020\/10\/Licorice.jpg\",\"width\":1400,\"height\":1400,\"caption\":\"Saldymedzio ekstraktas\"},{\"@type\":\"BreadcrumbList\",\"@id\":\"https:\/\/old.elusvali.ee\/lt\/prek\u0117\/vimergy-saldymedzio-saknies-ekstraktas-115ml\/#breadcrumb\",\"itemListElement\":[{\"@type\":\"ListItem\",\"position\":1,\"name\":\"Home\",\"item\":\"https:\/\/old.elusvali.ee\/lt\/\"},{\"@type\":\"ListItem\",\"position\":2,\"name\":\"Elektronin\u0117 parduotuv\u0117\",\"item\":\"https:\/\/purenature.lt\/parduotuve\/\"},{\"@type\":\"ListItem\",\"position\":3,\"name\":\"Vimergy saldymed\u017eio \u0161aknies ekstraktas &#8211; 115ml.\"}]},{\"@type\":\"WebSite\",\"@id\":\"https:\/\/old.elusvali.ee\/lt\/#website\",\"url\":\"https:\/\/old.elusvali.ee\/lt\/\",\"name\":\"Elusv\u00e4li\",\"description\":\"Puhas k&ouml;&ouml;k ja koduapteek\",\"publisher\":{\"@id\":\"https:\/\/old.elusvali.ee\/lt\/#organization\"},\"potentialAction\":[{\"@type\":\"SearchAction\",\"target\":{\"@type\":\"EntryPoint\",\"urlTemplate\":\"https:\/\/old.elusvali.ee\/lt\/?s={search_term_string}\"},\"query-input\":{\"@type\":\"PropertyValueSpecification\",\"valueRequired\":true,\"valueName\":\"search_term_string\"}}],\"inLanguage\":\"lt-LT\"},{\"@type\":\"Organization\",\"@id\":\"https:\/\/old.elusvali.ee\/lt\/#organization\",\"name\":\"Elusv\u00e4li\",\"url\":\"https:\/\/old.elusvali.ee\/lt\/\",\"logo\":{\"@type\":\"ImageObject\",\"inLanguage\":\"lt-LT\",\"@id\":\"https:\/\/old.elusvali.ee\/lt\/#\/schema\/logo\/image\/\",\"url\":\"https:\/\/purenature.lt\/wp-content\/uploads\/2023\/07\/logo.png\",\"contentUrl\":\"https:\/\/purenature.lt\/wp-content\/uploads\/2023\/07\/logo.png\",\"width\":526,\"height\":146,\"caption\":\"Elusv\u00e4li\"},\"image\":{\"@id\":\"https:\/\/old.elusvali.ee\/lt\/#\/schema\/logo\/image\/\"},\"sameAs\":[\"https:\/\/www.facebook.com\/profile.php?id=100064131067985\",\"https:\/\/www.instagram.com\/elusvali\/\",\"https:\/\/www.youtube.com\/@elusvali2110\"]}]}<\/script>\n<!-- \/ Yoast SEO plugin. -->","yoast_head_json":{"title":"Vimergy saldymed\u017eio \u0161aknies ekstraktas - 115ml. - Pure Nature","description":"Puikiai padeda ne tik vir\u0161kinimui ir kv\u0117pavimo sistemai, bet ir visam organizmui kovojant su stresu. Saldymed\u017eio \u0161aknis gali b\u016bti naudinga ir sergant dirgliosios \u017earnos sindromu.","robots":{"index":"noindex","follow":"follow","max-snippet":"max-snippet:-1","max-image-preview":"max-image-preview:large","max-video-preview":"max-video-preview:-1"},"og_locale":"lt_LT","og_type":"article","og_title":"Vimergy saldymed\u017eio \u0161aknies ekstraktas - 115ml. - Pure Nature","og_description":"Puikiai padeda ne tik vir\u0161kinimui ir kv\u0117pavimo sistemai, bet ir visam organizmui kovojant su stresu. Saldymed\u017eio \u0161aknis gali b\u016bti naudinga ir sergant dirgliosios \u017earnos sindromu.","og_url":"https:\/\/old.elusvali.ee\/lt\/prek\u0117\/vimergy-saldymedzio-saknies-ekstraktas-115ml\/","og_site_name":"Elusv&auml;li","article_publisher":"https:\/\/www.facebook.com\/profile.php?id=100064131067985","article_modified_time":"2025-07-08T19:43:54+00:00","og_image":[{"width":1400,"height":1400,"url":"https:\/\/purenature.lt\/wp-content\/uploads\/2020\/10\/Licorice.jpg","type":"image\/jpeg"}],"twitter_card":"summary_large_image","twitter_misc":{"Est. reading time":"1 minut\u0117"},"schema":{"@context":"https:\/\/schema.org","@graph":[{"@type":"WebPage","@id":"https:\/\/old.elusvali.ee\/lt\/prek\u0117\/vimergy-saldymedzio-saknies-ekstraktas-115ml\/","url":"https:\/\/old.elusvali.ee\/lt\/prek\u0117\/vimergy-saldymedzio-saknies-ekstraktas-115ml\/","name":"Vimergy saldymed\u017eio \u0161aknies ekstraktas - 115ml. - Pure Nature","isPartOf":{"@id":"https:\/\/old.elusvali.ee\/lt\/#website"},"primaryImageOfPage":{"@id":"https:\/\/old.elusvali.ee\/lt\/prek\u0117\/vimergy-saldymedzio-saknies-ekstraktas-115ml\/#primaryimage"},"image":{"@id":"https:\/\/old.elusvali.ee\/lt\/prek\u0117\/vimergy-saldymedzio-saknies-ekstraktas-115ml\/#primaryimage"},"thumbnailUrl":"https:\/\/old.elusvali.ee\/wp-content\/uploads\/2020\/10\/Licorice.jpg","datePublished":"2020-10-17T01:39:52+00:00","dateModified":"2025-07-08T19:43:54+00:00","description":"Puikiai padeda ne tik vir\u0161kinimui ir kv\u0117pavimo sistemai, bet ir visam organizmui kovojant su stresu. Saldymed\u017eio \u0161aknis gali b\u016bti naudinga ir sergant dirgliosios \u017earnos sindromu.","breadcrumb":{"@id":"https:\/\/old.elusvali.ee\/lt\/prek\u0117\/vimergy-saldymedzio-saknies-ekstraktas-115ml\/#breadcrumb"},"inLanguage":"lt-LT","potentialAction":[{"@type":"ReadAction","target":["https:\/\/old.elusvali.ee\/lt\/prek\u0117\/vimergy-saldymedzio-saknies-ekstraktas-115ml\/"]}]},{"@type":"ImageObject","inLanguage":"lt-LT","@id":"https:\/\/old.elusvali.ee\/lt\/prek\u0117\/vimergy-saldymedzio-saknies-ekstraktas-115ml\/#primaryimage","url":"https:\/\/old.elusvali.ee\/wp-content\/uploads\/2020\/10\/Licorice.jpg","contentUrl":"https:\/\/old.elusvali.ee\/wp-content\/uploads\/2020\/10\/Licorice.jpg","width":1400,"height":1400,"caption":"Saldymedzio ekstraktas"},{"@type":"BreadcrumbList","@id":"https:\/\/old.elusvali.ee\/lt\/prek\u0117\/vimergy-saldymedzio-saknies-ekstraktas-115ml\/#breadcrumb","itemListElement":[{"@type":"ListItem","position":1,"name":"Home","item":"https:\/\/old.elusvali.ee\/lt\/"},{"@type":"ListItem","position":2,"name":"Elektronin\u0117 parduotuv\u0117","item":"https:\/\/purenature.lt\/parduotuve\/"},{"@type":"ListItem","position":3,"name":"Vimergy saldymed\u017eio \u0161aknies ekstraktas &#8211; 115ml."}]},{"@type":"WebSite","@id":"https:\/\/old.elusvali.ee\/lt\/#website","url":"https:\/\/old.elusvali.ee\/lt\/","name":"Elusv\u00e4li","description":"Puhas k&ouml;&ouml;k ja koduapteek","publisher":{"@id":"https:\/\/old.elusvali.ee\/lt\/#organization"},"potentialAction":[{"@type":"SearchAction","target":{"@type":"EntryPoint","urlTemplate":"https:\/\/old.elusvali.ee\/lt\/?s={search_term_string}"},"query-input":{"@type":"PropertyValueSpecification","valueRequired":true,"valueName":"search_term_string"}}],"inLanguage":"lt-LT"},{"@type":"Organization","@id":"https:\/\/old.elusvali.ee\/lt\/#organization","name":"Elusv\u00e4li","url":"https:\/\/old.elusvali.ee\/lt\/","logo":{"@type":"ImageObject","inLanguage":"lt-LT","@id":"https:\/\/old.elusvali.ee\/lt\/#\/schema\/logo\/image\/","url":"https:\/\/purenature.lt\/wp-content\/uploads\/2023\/07\/logo.png","contentUrl":"https:\/\/purenature.lt\/wp-content\/uploads\/2023\/07\/logo.png","width":526,"height":146,"caption":"Elusv\u00e4li"},"image":{"@id":"https:\/\/old.elusvali.ee\/lt\/#\/schema\/logo\/image\/"},"sameAs":["https:\/\/www.facebook.com\/profile.php?id=100064131067985","https:\/\/www.instagram.com\/elusvali\/","https:\/\/www.youtube.com\/@elusvali2110"]}]}},"_links":{"self":[{"href":"https:\/\/old.elusvali.ee\/lt\/wp-json\/wp\/v2\/product\/36144","targetHints":{"allow":["GET"]}}],"collection":[{"href":"https:\/\/old.elusvali.ee\/lt\/wp-json\/wp\/v2\/product"}],"about":[{"href":"https:\/\/old.elusvali.ee\/lt\/wp-json\/wp\/v2\/types\/product"}],"replies":[{"embeddable":true,"href":"https:\/\/old.elusvali.ee\/lt\/wp-json\/wp\/v2\/comments?post=36144"}],"version-history":[{"count":0,"href":"https:\/\/old.elusvali.ee\/lt\/wp-json\/wp\/v2\/product\/36144\/revisions"}],"wp:featuredmedia":[{"embeddable":true,"href":"https:\/\/old.elusvali.ee\/lt\/wp-json\/wp\/v2\/media\/32506"}],"wp:attachment":[{"href":"https:\/\/old.elusvali.ee\/lt\/wp-json\/wp\/v2\/media?parent=36144"}],"wp:term":[{"taxonomy":"product_brand","embeddable":true,"href":"https:\/\/old.elusvali.ee\/lt\/wp-json\/wp\/v2\/product_brand?post=36144"},{"taxonomy":"product_cat","embeddable":true,"href":"https:\/\/old.elusvali.ee\/lt\/wp-json\/wp\/v2\/product_cat?post=36144"},{"taxonomy":"product_tag","embeddable":true,"href":"https:\/\/old.elusvali.ee\/lt\/wp-json\/wp\/v2\/product_tag?post=36144"}],"curies":[{"name":"wp","href":"https:\/\/api.w.org\/{rel}","templated":true}]}}