{"id":36125,"date":"2021-03-11T11:16:33","date_gmt":"2021-03-11T09:16:33","guid":{"rendered":"https:\/\/old.elusvali.ee\/product\/vimergy-ashwagandha\/"},"modified":"2025-07-08T17:02:56","modified_gmt":"2025-07-08T14:02:56","slug":"vimergy-asvagandos-ekstraktas","status":"publish","type":"product","link":"https:\/\/old.elusvali.ee\/lt\/prek\u0117\/vimergy-asvagandos-ekstraktas\/","title":{"rendered":"Vimergy a\u0161vaganda."},"content":{"rendered":"<p>A\u0161vaganda yra ypatingas augalas, kuris veikia kaip adaptogenas, padedantis organizmui geriau susidoroti su stresu. O \u0161iais laikais streso ir \u012ftampos tikrai netr\u016bksta! Ta\u010diau tai dar ne viskas, k\u0105 a\u0161vaganda gali padaryti j\u016bs\u0173 labui. Ji padeda j\u016bs\u0173 smegenims ir protiniam darbingumui, gerina miego kokyb\u0119, kad kasdien jaustum\u0117t\u0117s kuo geriau!<\/p>\n<p><img fetchpriority=\"high\" decoding=\"async\" class=\"alignleft size-medium wp-image-44446\" style=\"margin-bottom: 0px;\" src=\"https:\/\/purenature.lt\/wp-content\/uploads\/2021\/03\/organic-ashwagandha-10-1-vimergy-supplements-vitamins-36303052079274-1-300x300.jpg\" alt=\"\" width=\"300\" height=\"300\" srcset=\"https:\/\/old.elusvali.ee\/wp-content\/uploads\/2021\/03\/organic-ashwagandha-10-1-vimergy-supplements-vitamins-36303052079274-1-300x300.jpg 300w, https:\/\/old.elusvali.ee\/wp-content\/uploads\/2021\/03\/organic-ashwagandha-10-1-vimergy-supplements-vitamins-36303052079274-1-150x150.jpg 150w, https:\/\/old.elusvali.ee\/wp-content\/uploads\/2021\/03\/organic-ashwagandha-10-1-vimergy-supplements-vitamins-36303052079274-1-768x768.jpg 768w, https:\/\/old.elusvali.ee\/wp-content\/uploads\/2021\/03\/organic-ashwagandha-10-1-vimergy-supplements-vitamins-36303052079274-1-430x430.jpg 430w, https:\/\/old.elusvali.ee\/wp-content\/uploads\/2021\/03\/organic-ashwagandha-10-1-vimergy-supplements-vitamins-36303052079274-1-700x700.jpg 700w, https:\/\/old.elusvali.ee\/wp-content\/uploads\/2021\/03\/organic-ashwagandha-10-1-vimergy-supplements-vitamins-36303052079274-1.jpg 800w\" sizes=\"(max-width: 300px) 100vw, 300px\" \/><\/p>\n<ul>\n<li>Padeda organizmui \u012fveikti stres\u0105 ir \u012ftamp\u0105.<\/li>\n<li>Palaiko kognityvines funkcijas.<\/li>\n<li>Prisideda prie geresnio miego.<\/li>\n<li>Veiksmingas 10:1 augalinis ekstraktas be alkoholio.<\/li>\n<li>Kitos sudedamosios dalys yra tik ekologi\u0161kas glicerinas ir ekologi\u0161kos citrin\u0173 sultys.<\/li>\n<li>Galima vartoti \u012fla\u0161inus tiesiai \u012f burn\u0105 i\u0161 pipet\u0117s arba sumai\u0161ius su vandeniu, sultimis, kokteiliais.<\/li>\n<li>USDA ekologi\u0161kas, be alkoholio, be glitimo, be GMO, ko\u0161erinis, be kukur\u016bz\u0173, be sojos, tinka veganams ir paleo.<\/li>\n<li>Sud\u0117tyje n\u0117ra citrin\u0173 r\u016bg\u0161ties, u\u017epild\u0173, pried\u0173, dirbtini\u0173 kvapi\u0173j\u0173 med\u017eiag\u0173 ir dirbtini\u0173 aromat\u0173.<\/li>\n<\/ul>\n<p>&nbsp;<\/p>\n<p><em>* Teiginiai paimti i\u0161 Vimergy internetinio puslapio.<\/em><\/p>\n<h2>Kaip vartoti a\u0161vagand\u0105?<\/h2>\n<ul>\n<li>Vartojimo <strong>b\u016bdas:<\/strong> suvartoti po 2 pipetes (2 ml) 1-2 kartus per dien\u0105. Vienoje doz\u0117je (dvi pipet\u0117s) yra ma\u017edaug 48-54 la\u0161ai. Dideliame (115 ml) buteliuke yra 57 doz\u0117s. Ma\u017eame (55 ml) buteliuke yra 28 doz\u0117s.<\/li>\n<li><strong>Laikymas: l<\/strong>aikyti v\u0117sioje ir tamsioje vietoje. <em>Vaikams nepasiekiamoje vietoje, pavyzd\u017eiui, virtuv\u0117s spintel\u0117je.\n<p>Atidaryt\u0105 buteliuk\u0105 geriausia laikyti vir\u0161utin\u0117je \u0161aldytuvo lentynoje arba durel\u0117se. <\/em><\/li>\n<li><strong>Kontraindikacijos <\/strong>: nevartokite kaip \u012fvairios mitybos pakaitalo &#8211; svarbu ir subalansuota bei pilnavert\u0117 mityba. Jei laukiat\u0117s, maitinate kr\u016btimi, vartojate vaistus arba turite sveikatos sutrikim\u0173, prie\u0161 vartodami maisto papild\u0105, pasitarkite su gydytoju.<\/li>\n<\/ul>\n<p>Daugiau naudingos informacijos galite rasti straipsnyje: <a href=\"https:\/\/purenature.lt\/3-dazniausiai-pasitaikancios-klaidos-vartojant-maisto-papildus\/\">3 da\u017eniausiai pasitaikan\u010dios klaidos, kurias \u017emon\u0117s daro, vartodami papildus.<\/a><\/p>\n<p><a href=\"https:\/\/vimergy.com\/\">Vimergy<\/a> yra \u017einomas kaip vienas i\u0161 auk\u0161\u010diausios kokyb\u0117s JAV ekologi\u0161k\u0173 maisto papild\u0173 prek\u0117s \u017eenkl\u0173 visame pasaulyje.<br \/>\nVisi Vimergy produktai yra ekologi\u0161kos ir \u0161varios sud\u0117ties, be alkoholio ir tinkami veganams. Be to, n\u0117 viename i\u0161 Vimergy papild\u0173 n\u0117ra citrinos r\u016bg\u0161ties, GMO ingredient\u0173, u\u017epild\u0173 ar dirbtini\u0173 pried\u0173.<\/p>\n<p><img decoding=\"async\" class=\"aligncenter wp-image-44441 size-large\" src=\"https:\/\/purenature.lt\/wp-content\/uploads\/2021\/03\/Ashwagandha_How_To_Desktop-1300x679.png\" alt=\"\" width=\"1300\" height=\"679\" srcset=\"https:\/\/old.elusvali.ee\/wp-content\/uploads\/2021\/03\/Ashwagandha_How_To_Desktop-1300x679.png 1300w, https:\/\/old.elusvali.ee\/wp-content\/uploads\/2021\/03\/Ashwagandha_How_To_Desktop-400x209.png 400w, https:\/\/old.elusvali.ee\/wp-content\/uploads\/2021\/03\/Ashwagandha_How_To_Desktop-768x401.png 768w, https:\/\/old.elusvali.ee\/wp-content\/uploads\/2021\/03\/Ashwagandha_How_To_Desktop-1536x803.png 1536w, https:\/\/old.elusvali.ee\/wp-content\/uploads\/2021\/03\/Ashwagandha_How_To_Desktop-430x225.png 430w, https:\/\/old.elusvali.ee\/wp-content\/uploads\/2021\/03\/Ashwagandha_How_To_Desktop-700x366.png 700w, https:\/\/old.elusvali.ee\/wp-content\/uploads\/2021\/03\/Ashwagandha_How_To_Desktop-150x78.png 150w, https:\/\/old.elusvali.ee\/wp-content\/uploads\/2021\/03\/Ashwagandha_How_To_Desktop.png 2000w\" sizes=\"(max-width: 1300px) 100vw, 1300px\" \/><\/p>\n","protected":false},"excerpt":{"rendered":"<p>Norite pad\u0117ti savo smegenims dirbti? Pad\u0117ti savo k\u016bnui \u012fveikti stres\u0105? Pagerinti miego kokyb\u0119? Jei taip, Vimergy ekologi\u0161kas a\u0161vagandos 10:1 skystas ekstraktas skirtas jums. Vienoje porcijoje yra net 2200 mg a\u0161vagandos! Ypating\u0105 nealkoholin\u0119 form\u0105 sudaro ekologi\u0161kas a\u0161vagandos 10:1 ekstraktas, ekologi\u0161kas glicerinas ir ekologi\u0161kos citrin\u0173 sultys.     <\/p>\n","protected":false},"featured_media":32438,"comment_status":"open","ping_status":"closed","template":"","meta":{"_acf_changed":false},"product_brand":[],"product_cat":[773,499,473,772,494,694],"product_tag":[490,476],"class_list":{"0":"post-36125","1":"product","2":"type-product","3":"status-publish","4":"has-post-thumbnail","6":"product_cat-geras-miegas","7":"product_cat-kunui","8":"product_cat-maisto-papildai","9":"product_cat-psichikos-sveikata","10":"product_cat-smegenu-sveikata","11":"product_cat-vimergy-lt","12":"product_tag-skysciai","13":"product_tag-vimergy-lt","15":"first","16":"instock","17":"taxable","18":"shipping-taxable","19":"purchasable","20":"product-type-variable","21":"has-default-attributes"},"acf":[],"yoast_head":"<!-- This site is optimized with the Yoast SEO plugin v25.3.1 - https:\/\/yoast.com\/wordpress\/plugins\/seo\/ -->\n<title>Vimergy a\u0161vaganda. - Pure Nature<\/title>\n<meta name=\"description\" content=\"A\u0161vaganda yra ypatingas augalas, kuris veikia kaip adaptogenas, padedantis organizmui geriau susidoroti su stresu.\" \/>\n<meta name=\"robots\" content=\"noindex, follow, max-snippet:-1, max-image-preview:large, max-video-preview:-1\" \/>\n<meta property=\"og:locale\" content=\"lt_LT\" \/>\n<meta property=\"og:type\" content=\"article\" \/>\n<meta property=\"og:title\" content=\"Vimergy a\u0161vaganda. - Pure Nature\" \/>\n<meta property=\"og:description\" content=\"A\u0161vaganda yra ypatingas augalas, kuris veikia kaip adaptogenas, padedantis organizmui geriau susidoroti su stresu.\" \/>\n<meta property=\"og:url\" content=\"https:\/\/old.elusvali.ee\/lt\/prek\u0117\/vimergy-asvagandos-ekstraktas\/\" \/>\n<meta property=\"og:site_name\" content=\"Elusv&auml;li\" \/>\n<meta property=\"article:publisher\" content=\"https:\/\/www.facebook.com\/profile.php?id=100064131067985\" \/>\n<meta property=\"article:modified_time\" content=\"2025-07-08T14:02:56+00:00\" \/>\n<meta property=\"og:image\" content=\"https:\/\/purenature.lt\/wp-content\/uploads\/2021\/03\/Ashwagandha.jpg\" \/>\n\t<meta property=\"og:image:width\" content=\"1400\" \/>\n\t<meta property=\"og:image:height\" content=\"1400\" \/>\n\t<meta property=\"og:image:type\" content=\"image\/jpeg\" \/>\n<meta name=\"twitter:card\" content=\"summary_large_image\" \/>\n<meta name=\"twitter:label1\" content=\"Est. reading time\" \/>\n\t<meta name=\"twitter:data1\" content=\"1 minut\u0117\" \/>\n<script type=\"application\/ld+json\" class=\"yoast-schema-graph\">{\"@context\":\"https:\/\/schema.org\",\"@graph\":[{\"@type\":\"WebPage\",\"@id\":\"https:\/\/old.elusvali.ee\/lt\/prek\u0117\/vimergy-asvagandos-ekstraktas\/\",\"url\":\"https:\/\/old.elusvali.ee\/lt\/prek\u0117\/vimergy-asvagandos-ekstraktas\/\",\"name\":\"Vimergy a\u0161vaganda. - Pure Nature\",\"isPartOf\":{\"@id\":\"https:\/\/old.elusvali.ee\/lt\/#website\"},\"primaryImageOfPage\":{\"@id\":\"https:\/\/old.elusvali.ee\/lt\/prek\u0117\/vimergy-asvagandos-ekstraktas\/#primaryimage\"},\"image\":{\"@id\":\"https:\/\/old.elusvali.ee\/lt\/prek\u0117\/vimergy-asvagandos-ekstraktas\/#primaryimage\"},\"thumbnailUrl\":\"https:\/\/old.elusvali.ee\/wp-content\/uploads\/2021\/03\/Ashwagandha.jpg\",\"datePublished\":\"2021-03-11T09:16:33+00:00\",\"dateModified\":\"2025-07-08T14:02:56+00:00\",\"description\":\"A\u0161vaganda yra ypatingas augalas, kuris veikia kaip adaptogenas, padedantis organizmui geriau susidoroti su stresu.\",\"breadcrumb\":{\"@id\":\"https:\/\/old.elusvali.ee\/lt\/prek\u0117\/vimergy-asvagandos-ekstraktas\/#breadcrumb\"},\"inLanguage\":\"lt-LT\",\"potentialAction\":[{\"@type\":\"ReadAction\",\"target\":[\"https:\/\/old.elusvali.ee\/lt\/prek\u0117\/vimergy-asvagandos-ekstraktas\/\"]}]},{\"@type\":\"ImageObject\",\"inLanguage\":\"lt-LT\",\"@id\":\"https:\/\/old.elusvali.ee\/lt\/prek\u0117\/vimergy-asvagandos-ekstraktas\/#primaryimage\",\"url\":\"https:\/\/old.elusvali.ee\/wp-content\/uploads\/2021\/03\/Ashwagandha.jpg\",\"contentUrl\":\"https:\/\/old.elusvali.ee\/wp-content\/uploads\/2021\/03\/Ashwagandha.jpg\",\"width\":1400,\"height\":1400,\"caption\":\"Asvagandos ekstraktas\"},{\"@type\":\"BreadcrumbList\",\"@id\":\"https:\/\/old.elusvali.ee\/lt\/prek\u0117\/vimergy-asvagandos-ekstraktas\/#breadcrumb\",\"itemListElement\":[{\"@type\":\"ListItem\",\"position\":1,\"name\":\"Home\",\"item\":\"https:\/\/old.elusvali.ee\/lt\/\"},{\"@type\":\"ListItem\",\"position\":2,\"name\":\"Elektronin\u0117 parduotuv\u0117\",\"item\":\"https:\/\/purenature.lt\/parduotuve\/\"},{\"@type\":\"ListItem\",\"position\":3,\"name\":\"Vimergy a\u0161vaganda.\"}]},{\"@type\":\"WebSite\",\"@id\":\"https:\/\/old.elusvali.ee\/lt\/#website\",\"url\":\"https:\/\/old.elusvali.ee\/lt\/\",\"name\":\"Elusv\u00e4li\",\"description\":\"Puhas k&ouml;&ouml;k ja koduapteek\",\"publisher\":{\"@id\":\"https:\/\/old.elusvali.ee\/lt\/#organization\"},\"potentialAction\":[{\"@type\":\"SearchAction\",\"target\":{\"@type\":\"EntryPoint\",\"urlTemplate\":\"https:\/\/old.elusvali.ee\/lt\/?s={search_term_string}\"},\"query-input\":{\"@type\":\"PropertyValueSpecification\",\"valueRequired\":true,\"valueName\":\"search_term_string\"}}],\"inLanguage\":\"lt-LT\"},{\"@type\":\"Organization\",\"@id\":\"https:\/\/old.elusvali.ee\/lt\/#organization\",\"name\":\"Elusv\u00e4li\",\"url\":\"https:\/\/old.elusvali.ee\/lt\/\",\"logo\":{\"@type\":\"ImageObject\",\"inLanguage\":\"lt-LT\",\"@id\":\"https:\/\/old.elusvali.ee\/lt\/#\/schema\/logo\/image\/\",\"url\":\"https:\/\/purenature.lt\/wp-content\/uploads\/2023\/07\/logo.png\",\"contentUrl\":\"https:\/\/purenature.lt\/wp-content\/uploads\/2023\/07\/logo.png\",\"width\":526,\"height\":146,\"caption\":\"Elusv\u00e4li\"},\"image\":{\"@id\":\"https:\/\/old.elusvali.ee\/lt\/#\/schema\/logo\/image\/\"},\"sameAs\":[\"https:\/\/www.facebook.com\/profile.php?id=100064131067985\",\"https:\/\/www.instagram.com\/elusvali\/\",\"https:\/\/www.youtube.com\/@elusvali2110\"]}]}<\/script>\n<!-- \/ Yoast SEO plugin. -->","yoast_head_json":{"title":"Vimergy a\u0161vaganda. - Pure Nature","description":"A\u0161vaganda yra ypatingas augalas, kuris veikia kaip adaptogenas, padedantis organizmui geriau susidoroti su stresu.","robots":{"index":"noindex","follow":"follow","max-snippet":"max-snippet:-1","max-image-preview":"max-image-preview:large","max-video-preview":"max-video-preview:-1"},"og_locale":"lt_LT","og_type":"article","og_title":"Vimergy a\u0161vaganda. - Pure Nature","og_description":"A\u0161vaganda yra ypatingas augalas, kuris veikia kaip adaptogenas, padedantis organizmui geriau susidoroti su stresu.","og_url":"https:\/\/old.elusvali.ee\/lt\/prek\u0117\/vimergy-asvagandos-ekstraktas\/","og_site_name":"Elusv&auml;li","article_publisher":"https:\/\/www.facebook.com\/profile.php?id=100064131067985","article_modified_time":"2025-07-08T14:02:56+00:00","og_image":[{"width":1400,"height":1400,"url":"https:\/\/purenature.lt\/wp-content\/uploads\/2021\/03\/Ashwagandha.jpg","type":"image\/jpeg"}],"twitter_card":"summary_large_image","twitter_misc":{"Est. reading time":"1 minut\u0117"},"schema":{"@context":"https:\/\/schema.org","@graph":[{"@type":"WebPage","@id":"https:\/\/old.elusvali.ee\/lt\/prek\u0117\/vimergy-asvagandos-ekstraktas\/","url":"https:\/\/old.elusvali.ee\/lt\/prek\u0117\/vimergy-asvagandos-ekstraktas\/","name":"Vimergy a\u0161vaganda. - Pure Nature","isPartOf":{"@id":"https:\/\/old.elusvali.ee\/lt\/#website"},"primaryImageOfPage":{"@id":"https:\/\/old.elusvali.ee\/lt\/prek\u0117\/vimergy-asvagandos-ekstraktas\/#primaryimage"},"image":{"@id":"https:\/\/old.elusvali.ee\/lt\/prek\u0117\/vimergy-asvagandos-ekstraktas\/#primaryimage"},"thumbnailUrl":"https:\/\/old.elusvali.ee\/wp-content\/uploads\/2021\/03\/Ashwagandha.jpg","datePublished":"2021-03-11T09:16:33+00:00","dateModified":"2025-07-08T14:02:56+00:00","description":"A\u0161vaganda yra ypatingas augalas, kuris veikia kaip adaptogenas, padedantis organizmui geriau susidoroti su stresu.","breadcrumb":{"@id":"https:\/\/old.elusvali.ee\/lt\/prek\u0117\/vimergy-asvagandos-ekstraktas\/#breadcrumb"},"inLanguage":"lt-LT","potentialAction":[{"@type":"ReadAction","target":["https:\/\/old.elusvali.ee\/lt\/prek\u0117\/vimergy-asvagandos-ekstraktas\/"]}]},{"@type":"ImageObject","inLanguage":"lt-LT","@id":"https:\/\/old.elusvali.ee\/lt\/prek\u0117\/vimergy-asvagandos-ekstraktas\/#primaryimage","url":"https:\/\/old.elusvali.ee\/wp-content\/uploads\/2021\/03\/Ashwagandha.jpg","contentUrl":"https:\/\/old.elusvali.ee\/wp-content\/uploads\/2021\/03\/Ashwagandha.jpg","width":1400,"height":1400,"caption":"Asvagandos ekstraktas"},{"@type":"BreadcrumbList","@id":"https:\/\/old.elusvali.ee\/lt\/prek\u0117\/vimergy-asvagandos-ekstraktas\/#breadcrumb","itemListElement":[{"@type":"ListItem","position":1,"name":"Home","item":"https:\/\/old.elusvali.ee\/lt\/"},{"@type":"ListItem","position":2,"name":"Elektronin\u0117 parduotuv\u0117","item":"https:\/\/purenature.lt\/parduotuve\/"},{"@type":"ListItem","position":3,"name":"Vimergy a\u0161vaganda."}]},{"@type":"WebSite","@id":"https:\/\/old.elusvali.ee\/lt\/#website","url":"https:\/\/old.elusvali.ee\/lt\/","name":"Elusv\u00e4li","description":"Puhas k&ouml;&ouml;k ja koduapteek","publisher":{"@id":"https:\/\/old.elusvali.ee\/lt\/#organization"},"potentialAction":[{"@type":"SearchAction","target":{"@type":"EntryPoint","urlTemplate":"https:\/\/old.elusvali.ee\/lt\/?s={search_term_string}"},"query-input":{"@type":"PropertyValueSpecification","valueRequired":true,"valueName":"search_term_string"}}],"inLanguage":"lt-LT"},{"@type":"Organization","@id":"https:\/\/old.elusvali.ee\/lt\/#organization","name":"Elusv\u00e4li","url":"https:\/\/old.elusvali.ee\/lt\/","logo":{"@type":"ImageObject","inLanguage":"lt-LT","@id":"https:\/\/old.elusvali.ee\/lt\/#\/schema\/logo\/image\/","url":"https:\/\/purenature.lt\/wp-content\/uploads\/2023\/07\/logo.png","contentUrl":"https:\/\/purenature.lt\/wp-content\/uploads\/2023\/07\/logo.png","width":526,"height":146,"caption":"Elusv\u00e4li"},"image":{"@id":"https:\/\/old.elusvali.ee\/lt\/#\/schema\/logo\/image\/"},"sameAs":["https:\/\/www.facebook.com\/profile.php?id=100064131067985","https:\/\/www.instagram.com\/elusvali\/","https:\/\/www.youtube.com\/@elusvali2110"]}]}},"_links":{"self":[{"href":"https:\/\/old.elusvali.ee\/lt\/wp-json\/wp\/v2\/product\/36125","targetHints":{"allow":["GET"]}}],"collection":[{"href":"https:\/\/old.elusvali.ee\/lt\/wp-json\/wp\/v2\/product"}],"about":[{"href":"https:\/\/old.elusvali.ee\/lt\/wp-json\/wp\/v2\/types\/product"}],"replies":[{"embeddable":true,"href":"https:\/\/old.elusvali.ee\/lt\/wp-json\/wp\/v2\/comments?post=36125"}],"version-history":[{"count":0,"href":"https:\/\/old.elusvali.ee\/lt\/wp-json\/wp\/v2\/product\/36125\/revisions"}],"wp:featuredmedia":[{"embeddable":true,"href":"https:\/\/old.elusvali.ee\/lt\/wp-json\/wp\/v2\/media\/32438"}],"wp:attachment":[{"href":"https:\/\/old.elusvali.ee\/lt\/wp-json\/wp\/v2\/media?parent=36125"}],"wp:term":[{"taxonomy":"product_brand","embeddable":true,"href":"https:\/\/old.elusvali.ee\/lt\/wp-json\/wp\/v2\/product_brand?post=36125"},{"taxonomy":"product_cat","embeddable":true,"href":"https:\/\/old.elusvali.ee\/lt\/wp-json\/wp\/v2\/product_cat?post=36125"},{"taxonomy":"product_tag","embeddable":true,"href":"https:\/\/old.elusvali.ee\/lt\/wp-json\/wp\/v2\/product_tag?post=36125"}],"curies":[{"name":"wp","href":"https:\/\/api.w.org\/{rel}","templated":true}]}}