{"id":36123,"date":"2021-08-03T15:37:38","date_gmt":"2021-08-03T12:37:38","guid":{"rendered":"https:\/\/old.elusvali.ee\/product\/ekologiski-avinzirniu-miltai-1kg-biomenu\/"},"modified":"2025-07-04T18:33:35","modified_gmt":"2025-07-04T15:33:35","slug":"ekologiski-avinzirniu-miltai-1kg-biomenu","status":"publish","type":"product","link":"https:\/\/old.elusvali.ee\/lt\/prek\u0117\/ekologiski-avinzirniu-miltai-1kg-biomenu\/","title":{"rendered":"Ekologi\u0161ki avin\u017eirni\u0173 miltai 1kg | Biomenu"},"content":{"rendered":"<p>Avin\u017eirni\u0173 miltai &#8211; tai i\u0161 avin\u017eirni\u0173 pagaminti miltai, naudojami kaip beglitim\u0117 alternatyva \u012fprastiems miltams. I\u0161 avin\u017eirni\u0173 milt\u0173 gali b\u016bti pagaminti \u012fvair\u016bs sveikatai palank\u016bs patiekalai: vegani\u0161kas omletas, ki\u0161as, dar\u017eovi\u0173 kotletai, \u012fvair\u016bs blynai ir blyneliai, pyragai, tortai, keksiukai, sausainiai. S\u0105ra\u0161as tikrai gali b\u016bti ilgas.<\/p>\n<p>Avin\u017eirni\u0173 miltai labai gerai sulipdo kepinius. Priklausomai nuo kit\u0173 naudojam\u0173 ingredient\u0173, pagamintame patiekale avin\u017eirni\u0173 skonio visai nesijau\u010dia arba jis b\u016bna labai nery\u0161kus.<\/p>\n<p>Visada verta savo virtuvin\u0117je spintel\u0117je tur\u0117ti avin\u017eirni\u0173 milt\u0173, kad gal\u0117tum\u0117te greitai ir lengvai pasigaminti maisting\u0173 patiekal\u0173.<\/p>\n<p>Kvie\u010diame pasisemti \u012fkv\u0117pimo m\u016bs\u0173 <a href=\"https:\/\/purenature.lt\/receptai\/\">recept\u0173 bibliotekoje<\/a>. Pavyzd\u017eiui, daugelio m\u016bs\u0173 klient\u0173 labai m\u0117gstami <a href=\"https:\/\/purenature.lt\/be-glitimo-veganiskas-gnochidu\/\">gnocchi be glitimo. <\/a>Juose naudojami avin\u017eirni\u0173 miltai.<\/p>\n","protected":false},"excerpt":{"rendered":"<p>I\u0161 ekologi\u0161k\u0173 avin\u017eirni\u0173 pagaminti miltai &#8211; puikius ingredientas maistingiems patiekalams.<\/p>\n<p>Avin\u017eirni\u0173 miltai &#8211; \u012fprast\u0173 milt\u0173 alternatyva be glitimo.<\/p>\n<ul>\n<li>Puiki alternatyva \u012fvairiausiems kepiniams bei patiekalams be glitimo.<\/li>\n<li>Taip pat gali b\u016bti naudojami ir kaip kiau\u0161ini\u0173 pakaitalas.<\/li>\n<li>Daug panaudojimo b\u016bd\u0173: tinka tiek pikanti\u0161kiems, tiek saldiems patiekalams gaminti.<\/li>\n<\/ul>\n","protected":false},"featured_media":30824,"comment_status":"open","ping_status":"closed","template":"","meta":{"_acf_changed":false},"product_brand":[],"product_cat":[444,483],"product_tag":[],"class_list":{"0":"post-36123","1":"product","2":"type-product","3":"status-publish","4":"has-post-thumbnail","6":"product_cat-namu-virtuve","7":"product_cat-sausos-prekes","9":"first","10":"instock","11":"taxable","12":"shipping-taxable","13":"purchasable","14":"product-type-simple"},"acf":[],"yoast_head":"<!-- This site is optimized with the Yoast SEO plugin v25.3.1 - https:\/\/yoast.com\/wordpress\/plugins\/seo\/ -->\n<title>Ekologi\u0161ki avin\u017eirni\u0173 miltai 1kg | Biomenu - Pure Nature<\/title>\n<meta name=\"description\" content=\"Milt\u0173 alternatyva be glitimo. Avin\u017eirni\u0173 miltai - maistingas ingredientas j\u016bs\u0173 patiekalams - tiek saldiems, tiek pikanti\u0161kiems.\" \/>\n<meta name=\"robots\" content=\"noindex, follow, max-snippet:-1, max-image-preview:large, max-video-preview:-1\" \/>\n<meta property=\"og:locale\" content=\"lt_LT\" \/>\n<meta property=\"og:type\" content=\"article\" \/>\n<meta property=\"og:title\" content=\"Ekologi\u0161ki avin\u017eirni\u0173 miltai 1kg | Biomenu - Pure Nature\" \/>\n<meta property=\"og:description\" content=\"Milt\u0173 alternatyva be glitimo. Avin\u017eirni\u0173 miltai - maistingas ingredientas j\u016bs\u0173 patiekalams - tiek saldiems, tiek pikanti\u0161kiems.\" \/>\n<meta property=\"og:url\" content=\"https:\/\/old.elusvali.ee\/lt\/prek\u0117\/ekologiski-avinzirniu-miltai-1kg-biomenu\/\" \/>\n<meta property=\"og:site_name\" content=\"Elusv&auml;li\" \/>\n<meta property=\"article:publisher\" content=\"https:\/\/www.facebook.com\/profile.php?id=100064131067985\" \/>\n<meta property=\"article:modified_time\" content=\"2025-07-04T15:33:35+00:00\" \/>\n<meta property=\"og:image\" content=\"https:\/\/purenature.lt\/wp-content\/uploads\/2023\/03\/Kikerherne-jahu-Elusvali.jpg\" \/>\n\t<meta property=\"og:image:width\" content=\"900\" \/>\n\t<meta property=\"og:image:height\" content=\"633\" \/>\n\t<meta property=\"og:image:type\" content=\"image\/jpeg\" \/>\n<meta name=\"twitter:card\" content=\"summary_large_image\" \/>\n<meta name=\"twitter:label1\" content=\"Est. reading time\" \/>\n\t<meta name=\"twitter:data1\" content=\"1 minut\u0117\" \/>\n<script type=\"application\/ld+json\" class=\"yoast-schema-graph\">{\"@context\":\"https:\/\/schema.org\",\"@graph\":[{\"@type\":\"WebPage\",\"@id\":\"https:\/\/old.elusvali.ee\/lt\/prek\u0117\/ekologiski-avinzirniu-miltai-1kg-biomenu\/\",\"url\":\"https:\/\/old.elusvali.ee\/lt\/prek\u0117\/ekologiski-avinzirniu-miltai-1kg-biomenu\/\",\"name\":\"Ekologi\u0161ki avin\u017eirni\u0173 miltai 1kg | Biomenu - Pure Nature\",\"isPartOf\":{\"@id\":\"https:\/\/old.elusvali.ee\/lt\/#website\"},\"primaryImageOfPage\":{\"@id\":\"https:\/\/old.elusvali.ee\/lt\/prek\u0117\/ekologiski-avinzirniu-miltai-1kg-biomenu\/#primaryimage\"},\"image\":{\"@id\":\"https:\/\/old.elusvali.ee\/lt\/prek\u0117\/ekologiski-avinzirniu-miltai-1kg-biomenu\/#primaryimage\"},\"thumbnailUrl\":\"https:\/\/old.elusvali.ee\/wp-content\/uploads\/2023\/03\/Kikerherne-jahu-Elusvali.jpg\",\"datePublished\":\"2021-08-03T12:37:38+00:00\",\"dateModified\":\"2025-07-04T15:33:35+00:00\",\"description\":\"Milt\u0173 alternatyva be glitimo. Avin\u017eirni\u0173 miltai - maistingas ingredientas j\u016bs\u0173 patiekalams - tiek saldiems, tiek pikanti\u0161kiems.\",\"breadcrumb\":{\"@id\":\"https:\/\/old.elusvali.ee\/lt\/prek\u0117\/ekologiski-avinzirniu-miltai-1kg-biomenu\/#breadcrumb\"},\"inLanguage\":\"lt-LT\",\"potentialAction\":[{\"@type\":\"ReadAction\",\"target\":[\"https:\/\/old.elusvali.ee\/lt\/prek\u0117\/ekologiski-avinzirniu-miltai-1kg-biomenu\/\"]}]},{\"@type\":\"ImageObject\",\"inLanguage\":\"lt-LT\",\"@id\":\"https:\/\/old.elusvali.ee\/lt\/prek\u0117\/ekologiski-avinzirniu-miltai-1kg-biomenu\/#primaryimage\",\"url\":\"https:\/\/old.elusvali.ee\/wp-content\/uploads\/2023\/03\/Kikerherne-jahu-Elusvali.jpg\",\"contentUrl\":\"https:\/\/old.elusvali.ee\/wp-content\/uploads\/2023\/03\/Kikerherne-jahu-Elusvali.jpg\",\"width\":900,\"height\":633,\"caption\":\"Ekologiski avinzirniu miltai\"},{\"@type\":\"BreadcrumbList\",\"@id\":\"https:\/\/old.elusvali.ee\/lt\/prek\u0117\/ekologiski-avinzirniu-miltai-1kg-biomenu\/#breadcrumb\",\"itemListElement\":[{\"@type\":\"ListItem\",\"position\":1,\"name\":\"Home\",\"item\":\"https:\/\/old.elusvali.ee\/lt\/\"},{\"@type\":\"ListItem\",\"position\":2,\"name\":\"Elektronin\u0117 parduotuv\u0117\",\"item\":\"https:\/\/purenature.lt\/parduotuve\/\"},{\"@type\":\"ListItem\",\"position\":3,\"name\":\"Ekologi\u0161ki avin\u017eirni\u0173 miltai 1kg | Biomenu\"}]},{\"@type\":\"WebSite\",\"@id\":\"https:\/\/old.elusvali.ee\/lt\/#website\",\"url\":\"https:\/\/old.elusvali.ee\/lt\/\",\"name\":\"Elusv\u00e4li\",\"description\":\"Puhas k&ouml;&ouml;k ja koduapteek\",\"publisher\":{\"@id\":\"https:\/\/old.elusvali.ee\/lt\/#organization\"},\"potentialAction\":[{\"@type\":\"SearchAction\",\"target\":{\"@type\":\"EntryPoint\",\"urlTemplate\":\"https:\/\/old.elusvali.ee\/lt\/?s={search_term_string}\"},\"query-input\":{\"@type\":\"PropertyValueSpecification\",\"valueRequired\":true,\"valueName\":\"search_term_string\"}}],\"inLanguage\":\"lt-LT\"},{\"@type\":\"Organization\",\"@id\":\"https:\/\/old.elusvali.ee\/lt\/#organization\",\"name\":\"Elusv\u00e4li\",\"url\":\"https:\/\/old.elusvali.ee\/lt\/\",\"logo\":{\"@type\":\"ImageObject\",\"inLanguage\":\"lt-LT\",\"@id\":\"https:\/\/old.elusvali.ee\/lt\/#\/schema\/logo\/image\/\",\"url\":\"https:\/\/purenature.lt\/wp-content\/uploads\/2023\/07\/logo.png\",\"contentUrl\":\"https:\/\/purenature.lt\/wp-content\/uploads\/2023\/07\/logo.png\",\"width\":526,\"height\":146,\"caption\":\"Elusv\u00e4li\"},\"image\":{\"@id\":\"https:\/\/old.elusvali.ee\/lt\/#\/schema\/logo\/image\/\"},\"sameAs\":[\"https:\/\/www.facebook.com\/profile.php?id=100064131067985\",\"https:\/\/www.instagram.com\/elusvali\/\",\"https:\/\/www.youtube.com\/@elusvali2110\"]}]}<\/script>\n<!-- \/ Yoast SEO plugin. -->","yoast_head_json":{"title":"Ekologi\u0161ki avin\u017eirni\u0173 miltai 1kg | Biomenu - Pure Nature","description":"Milt\u0173 alternatyva be glitimo. Avin\u017eirni\u0173 miltai - maistingas ingredientas j\u016bs\u0173 patiekalams - tiek saldiems, tiek pikanti\u0161kiems.","robots":{"index":"noindex","follow":"follow","max-snippet":"max-snippet:-1","max-image-preview":"max-image-preview:large","max-video-preview":"max-video-preview:-1"},"og_locale":"lt_LT","og_type":"article","og_title":"Ekologi\u0161ki avin\u017eirni\u0173 miltai 1kg | Biomenu - Pure Nature","og_description":"Milt\u0173 alternatyva be glitimo. Avin\u017eirni\u0173 miltai - maistingas ingredientas j\u016bs\u0173 patiekalams - tiek saldiems, tiek pikanti\u0161kiems.","og_url":"https:\/\/old.elusvali.ee\/lt\/prek\u0117\/ekologiski-avinzirniu-miltai-1kg-biomenu\/","og_site_name":"Elusv&auml;li","article_publisher":"https:\/\/www.facebook.com\/profile.php?id=100064131067985","article_modified_time":"2025-07-04T15:33:35+00:00","og_image":[{"width":900,"height":633,"url":"https:\/\/purenature.lt\/wp-content\/uploads\/2023\/03\/Kikerherne-jahu-Elusvali.jpg","type":"image\/jpeg"}],"twitter_card":"summary_large_image","twitter_misc":{"Est. reading time":"1 minut\u0117"},"schema":{"@context":"https:\/\/schema.org","@graph":[{"@type":"WebPage","@id":"https:\/\/old.elusvali.ee\/lt\/prek\u0117\/ekologiski-avinzirniu-miltai-1kg-biomenu\/","url":"https:\/\/old.elusvali.ee\/lt\/prek\u0117\/ekologiski-avinzirniu-miltai-1kg-biomenu\/","name":"Ekologi\u0161ki avin\u017eirni\u0173 miltai 1kg | Biomenu - Pure Nature","isPartOf":{"@id":"https:\/\/old.elusvali.ee\/lt\/#website"},"primaryImageOfPage":{"@id":"https:\/\/old.elusvali.ee\/lt\/prek\u0117\/ekologiski-avinzirniu-miltai-1kg-biomenu\/#primaryimage"},"image":{"@id":"https:\/\/old.elusvali.ee\/lt\/prek\u0117\/ekologiski-avinzirniu-miltai-1kg-biomenu\/#primaryimage"},"thumbnailUrl":"https:\/\/old.elusvali.ee\/wp-content\/uploads\/2023\/03\/Kikerherne-jahu-Elusvali.jpg","datePublished":"2021-08-03T12:37:38+00:00","dateModified":"2025-07-04T15:33:35+00:00","description":"Milt\u0173 alternatyva be glitimo. Avin\u017eirni\u0173 miltai - maistingas ingredientas j\u016bs\u0173 patiekalams - tiek saldiems, tiek pikanti\u0161kiems.","breadcrumb":{"@id":"https:\/\/old.elusvali.ee\/lt\/prek\u0117\/ekologiski-avinzirniu-miltai-1kg-biomenu\/#breadcrumb"},"inLanguage":"lt-LT","potentialAction":[{"@type":"ReadAction","target":["https:\/\/old.elusvali.ee\/lt\/prek\u0117\/ekologiski-avinzirniu-miltai-1kg-biomenu\/"]}]},{"@type":"ImageObject","inLanguage":"lt-LT","@id":"https:\/\/old.elusvali.ee\/lt\/prek\u0117\/ekologiski-avinzirniu-miltai-1kg-biomenu\/#primaryimage","url":"https:\/\/old.elusvali.ee\/wp-content\/uploads\/2023\/03\/Kikerherne-jahu-Elusvali.jpg","contentUrl":"https:\/\/old.elusvali.ee\/wp-content\/uploads\/2023\/03\/Kikerherne-jahu-Elusvali.jpg","width":900,"height":633,"caption":"Ekologiski avinzirniu miltai"},{"@type":"BreadcrumbList","@id":"https:\/\/old.elusvali.ee\/lt\/prek\u0117\/ekologiski-avinzirniu-miltai-1kg-biomenu\/#breadcrumb","itemListElement":[{"@type":"ListItem","position":1,"name":"Home","item":"https:\/\/old.elusvali.ee\/lt\/"},{"@type":"ListItem","position":2,"name":"Elektronin\u0117 parduotuv\u0117","item":"https:\/\/purenature.lt\/parduotuve\/"},{"@type":"ListItem","position":3,"name":"Ekologi\u0161ki avin\u017eirni\u0173 miltai 1kg | Biomenu"}]},{"@type":"WebSite","@id":"https:\/\/old.elusvali.ee\/lt\/#website","url":"https:\/\/old.elusvali.ee\/lt\/","name":"Elusv\u00e4li","description":"Puhas k&ouml;&ouml;k ja koduapteek","publisher":{"@id":"https:\/\/old.elusvali.ee\/lt\/#organization"},"potentialAction":[{"@type":"SearchAction","target":{"@type":"EntryPoint","urlTemplate":"https:\/\/old.elusvali.ee\/lt\/?s={search_term_string}"},"query-input":{"@type":"PropertyValueSpecification","valueRequired":true,"valueName":"search_term_string"}}],"inLanguage":"lt-LT"},{"@type":"Organization","@id":"https:\/\/old.elusvali.ee\/lt\/#organization","name":"Elusv\u00e4li","url":"https:\/\/old.elusvali.ee\/lt\/","logo":{"@type":"ImageObject","inLanguage":"lt-LT","@id":"https:\/\/old.elusvali.ee\/lt\/#\/schema\/logo\/image\/","url":"https:\/\/purenature.lt\/wp-content\/uploads\/2023\/07\/logo.png","contentUrl":"https:\/\/purenature.lt\/wp-content\/uploads\/2023\/07\/logo.png","width":526,"height":146,"caption":"Elusv\u00e4li"},"image":{"@id":"https:\/\/old.elusvali.ee\/lt\/#\/schema\/logo\/image\/"},"sameAs":["https:\/\/www.facebook.com\/profile.php?id=100064131067985","https:\/\/www.instagram.com\/elusvali\/","https:\/\/www.youtube.com\/@elusvali2110"]}]}},"_links":{"self":[{"href":"https:\/\/old.elusvali.ee\/lt\/wp-json\/wp\/v2\/product\/36123","targetHints":{"allow":["GET"]}}],"collection":[{"href":"https:\/\/old.elusvali.ee\/lt\/wp-json\/wp\/v2\/product"}],"about":[{"href":"https:\/\/old.elusvali.ee\/lt\/wp-json\/wp\/v2\/types\/product"}],"replies":[{"embeddable":true,"href":"https:\/\/old.elusvali.ee\/lt\/wp-json\/wp\/v2\/comments?post=36123"}],"version-history":[{"count":0,"href":"https:\/\/old.elusvali.ee\/lt\/wp-json\/wp\/v2\/product\/36123\/revisions"}],"wp:featuredmedia":[{"embeddable":true,"href":"https:\/\/old.elusvali.ee\/lt\/wp-json\/wp\/v2\/media\/30824"}],"wp:attachment":[{"href":"https:\/\/old.elusvali.ee\/lt\/wp-json\/wp\/v2\/media?parent=36123"}],"wp:term":[{"taxonomy":"product_brand","embeddable":true,"href":"https:\/\/old.elusvali.ee\/lt\/wp-json\/wp\/v2\/product_brand?post=36123"},{"taxonomy":"product_cat","embeddable":true,"href":"https:\/\/old.elusvali.ee\/lt\/wp-json\/wp\/v2\/product_cat?post=36123"},{"taxonomy":"product_tag","embeddable":true,"href":"https:\/\/old.elusvali.ee\/lt\/wp-json\/wp\/v2\/product_tag?post=36123"}],"curies":[{"name":"wp","href":"https:\/\/api.w.org\/{rel}","templated":true}]}}