{"id":36121,"date":"2021-07-19T13:19:14","date_gmt":"2021-07-19T10:19:14","guid":{"rendered":"https:\/\/old.elusvali.ee\/product\/ekologiski-aviziniai-miltai-be-glitimo-1kg-biomenu\/"},"modified":"2025-07-06T11:24:33","modified_gmt":"2025-07-06T08:24:33","slug":"ekologiski-aviziniai-miltai-be-glitimo-1kg-biomenu","status":"publish","type":"product","link":"https:\/\/old.elusvali.ee\/lt\/prek\u0117\/ekologiski-aviziniai-miltai-be-glitimo-1kg-biomenu\/","title":{"rendered":"Ekologi\u0161ki avi\u017einiai miltai be glitimo 1kg | Biomenu"},"content":{"rendered":"<h2>Ekologi\u0161ki avi\u017einiai miltai be glitimo<\/h2>\n<p>Pagaminti i\u0161 ekologi\u0161k\u0173 avi\u017eini\u0173 dribsni\u0173 be glitimo. Jie puikiai tinka \u012fvairiems kepiniams. Nors j\u0173 panaudojimo b\u016bd\u0173 yra prakti\u0161kai begal\u0117, avi\u017einiai miltai labai da\u017enai naudojami ir ypa\u010d tinka saldiems kepiniams: pyragams, sausainiams ir blynams kepti.<\/p>\n<ul>\n<li>Puikiai tinka glitimo netoleruojantiems \u017emon\u0117ms ir tiems, kurie nori vengti glitimo ir nedirginti vir\u0161kinamojo trakto.<\/li>\n<li>100% ekologi\u0161ka produkcija<\/li>\n<\/ul>\n<h2>Kuo skiriasi \u012fprasti avi\u017einiai dribsniai nuo avi\u017eini\u0173 dribsni\u0173 be glitimo?<\/h2>\n<p>Visi avi\u017einiai dribsniai yra nat\u016braliai be glitimo, ta\u010diau skirtumas atsiranda gamybos ir perdirbimo metu. Avi\u017einiai dribsniai be glitimo gaminami atskirose gamybos patalpose ir jiems n\u0117ra galimyb\u0117s b\u016bti u\u017eter\u0161tiems kit\u0173 gr\u016bd\u0173 glitimu, kuris gamybos metu laisvai pasklinda visur. Tod\u0117l avi\u017einiai dribsniai be glitimo 100% be glitimo \u2013 tai yra neu\u017eter\u0161ti vadinam\u0105ja kry\u017emine tar\u0161a.<\/p>\n<h2>I\u0161bandykite avi\u017einius miltus savo virtuv\u0117je<\/h2>\n<p>Kvie\u010diame apsilankyti m\u016bs\u0173 <a href=\"https:\/\/purenature.lt\/receptai\/\">recept\u0173 bibliotekoje<\/a>, kurioje rasite ne vien\u0105 gard\u0173 patiekal\u0105 be gliuteno su avi\u017einiais miltais. Pirmiausia si\u016blome i\u0161bandyti <a href=\"https:\/\/purenature.lt\/blyneliai-be-glitimo-su-uogomis-ir-kiausiniais\/\">blynelius be glitimo<\/a>, kuriuos labai lengva pagaminti, o j\u0173 skonis i\u0161 karto nune\u0161 \u012f vaikyst\u0119!<\/p>\n","protected":false},"excerpt":{"rendered":"<p>Ekologi\u0161ki avi\u017einiai miltai be glitimo &#8211; netoleruojantiems glitimo arba tiesiog norintiems jo privengti.<\/p>\n<p>Avi\u017einiai miltai yra puikus \u012fprast\u0173 milt\u0173 pakaitalas. Ypa\u010d da\u017enai naudojamas sald\u017eiuose kepiniuose.<\/p>\n","protected":false},"featured_media":46905,"comment_status":"open","ping_status":"closed","template":"","meta":{"_acf_changed":false},"product_brand":[],"product_cat":[444,483],"product_tag":[],"class_list":{"0":"post-36121","1":"product","2":"type-product","3":"status-publish","4":"has-post-thumbnail","6":"product_cat-namu-virtuve","7":"product_cat-sausos-prekes","9":"first","10":"outofstock","11":"taxable","12":"shipping-taxable","13":"purchasable","14":"product-type-simple"},"acf":[],"yoast_head":"<!-- This site is optimized with the Yoast SEO plugin v25.3.1 - https:\/\/yoast.com\/wordpress\/plugins\/seo\/ -->\n<title>Ekologi\u0161ki avi\u017einiai miltai be glitimo 1kg | Biomenu - Pure Nature<\/title>\n<meta name=\"robots\" content=\"noindex, follow, max-snippet:-1, max-image-preview:large, max-video-preview:-1\" \/>\n<meta property=\"og:locale\" content=\"lt_LT\" \/>\n<meta property=\"og:type\" content=\"article\" \/>\n<meta property=\"og:title\" content=\"Ekologi\u0161ki avi\u017einiai miltai be glitimo 1kg | Biomenu - Pure Nature\" \/>\n<meta property=\"og:description\" content=\"Ekologi\u0161ki avi\u017einiai miltai be glitimo - netoleruojantiems glitimo arba tiesiog norintiems jo privengti.  Avi\u017einiai miltai yra puikus \u012fprast\u0173 milt\u0173 pakaitalas. Ypa\u010d da\u017enai naudojamas sald\u017eiuose kepiniuose.\" \/>\n<meta property=\"og:url\" content=\"https:\/\/old.elusvali.ee\/lt\/prek\u0117\/ekologiski-aviziniai-miltai-be-glitimo-1kg-biomenu\/\" \/>\n<meta property=\"og:site_name\" content=\"Elusv&auml;li\" \/>\n<meta property=\"article:publisher\" content=\"https:\/\/www.facebook.com\/profile.php?id=100064131067985\" \/>\n<meta property=\"article:modified_time\" content=\"2025-07-06T08:24:33+00:00\" \/>\n<meta property=\"og:image\" content=\"https:\/\/purenature.lt\/wp-content\/uploads\/2021\/07\/mahe-taistera-gluteenivaba-kaerajahu.jpg\" \/>\n\t<meta property=\"og:image:width\" content=\"1500\" \/>\n\t<meta property=\"og:image:height\" content=\"1500\" \/>\n\t<meta property=\"og:image:type\" content=\"image\/jpeg\" \/>\n<meta name=\"twitter:card\" content=\"summary_large_image\" \/>\n<meta name=\"twitter:label1\" content=\"Est. reading time\" \/>\n\t<meta name=\"twitter:data1\" content=\"2 minut\u0117s\" \/>\n<script type=\"application\/ld+json\" class=\"yoast-schema-graph\">{\"@context\":\"https:\/\/schema.org\",\"@graph\":[{\"@type\":\"WebPage\",\"@id\":\"https:\/\/old.elusvali.ee\/lt\/prek\u0117\/ekologiski-aviziniai-miltai-be-glitimo-1kg-biomenu\/\",\"url\":\"https:\/\/old.elusvali.ee\/lt\/prek\u0117\/ekologiski-aviziniai-miltai-be-glitimo-1kg-biomenu\/\",\"name\":\"Ekologi\u0161ki avi\u017einiai miltai be glitimo 1kg | Biomenu - Pure Nature\",\"isPartOf\":{\"@id\":\"https:\/\/old.elusvali.ee\/lt\/#website\"},\"primaryImageOfPage\":{\"@id\":\"https:\/\/old.elusvali.ee\/lt\/prek\u0117\/ekologiski-aviziniai-miltai-be-glitimo-1kg-biomenu\/#primaryimage\"},\"image\":{\"@id\":\"https:\/\/old.elusvali.ee\/lt\/prek\u0117\/ekologiski-aviziniai-miltai-be-glitimo-1kg-biomenu\/#primaryimage\"},\"thumbnailUrl\":\"https:\/\/old.elusvali.ee\/wp-content\/uploads\/2021\/07\/mahe-taistera-gluteenivaba-kaerajahu.jpg\",\"datePublished\":\"2021-07-19T10:19:14+00:00\",\"dateModified\":\"2025-07-06T08:24:33+00:00\",\"breadcrumb\":{\"@id\":\"https:\/\/old.elusvali.ee\/lt\/prek\u0117\/ekologiski-aviziniai-miltai-be-glitimo-1kg-biomenu\/#breadcrumb\"},\"inLanguage\":\"lt-LT\",\"potentialAction\":[{\"@type\":\"ReadAction\",\"target\":[\"https:\/\/old.elusvali.ee\/lt\/prek\u0117\/ekologiski-aviziniai-miltai-be-glitimo-1kg-biomenu\/\"]}]},{\"@type\":\"ImageObject\",\"inLanguage\":\"lt-LT\",\"@id\":\"https:\/\/old.elusvali.ee\/lt\/prek\u0117\/ekologiski-aviziniai-miltai-be-glitimo-1kg-biomenu\/#primaryimage\",\"url\":\"https:\/\/old.elusvali.ee\/wp-content\/uploads\/2021\/07\/mahe-taistera-gluteenivaba-kaerajahu.jpg\",\"contentUrl\":\"https:\/\/old.elusvali.ee\/wp-content\/uploads\/2021\/07\/mahe-taistera-gluteenivaba-kaerajahu.jpg\",\"width\":1500,\"height\":1500,\"caption\":\"Ekologi\u0161ki avi\u017einiai miltai be glitimo\"},{\"@type\":\"BreadcrumbList\",\"@id\":\"https:\/\/old.elusvali.ee\/lt\/prek\u0117\/ekologiski-aviziniai-miltai-be-glitimo-1kg-biomenu\/#breadcrumb\",\"itemListElement\":[{\"@type\":\"ListItem\",\"position\":1,\"name\":\"Home\",\"item\":\"https:\/\/old.elusvali.ee\/lt\/\"},{\"@type\":\"ListItem\",\"position\":2,\"name\":\"Elektronin\u0117 parduotuv\u0117\",\"item\":\"https:\/\/purenature.lt\/parduotuve\/\"},{\"@type\":\"ListItem\",\"position\":3,\"name\":\"Ekologi\u0161ki avi\u017einiai miltai be glitimo 1kg | Biomenu\"}]},{\"@type\":\"WebSite\",\"@id\":\"https:\/\/old.elusvali.ee\/lt\/#website\",\"url\":\"https:\/\/old.elusvali.ee\/lt\/\",\"name\":\"Elusv\u00e4li\",\"description\":\"Puhas k&ouml;&ouml;k ja koduapteek\",\"publisher\":{\"@id\":\"https:\/\/old.elusvali.ee\/lt\/#organization\"},\"potentialAction\":[{\"@type\":\"SearchAction\",\"target\":{\"@type\":\"EntryPoint\",\"urlTemplate\":\"https:\/\/old.elusvali.ee\/lt\/?s={search_term_string}\"},\"query-input\":{\"@type\":\"PropertyValueSpecification\",\"valueRequired\":true,\"valueName\":\"search_term_string\"}}],\"inLanguage\":\"lt-LT\"},{\"@type\":\"Organization\",\"@id\":\"https:\/\/old.elusvali.ee\/lt\/#organization\",\"name\":\"Elusv\u00e4li\",\"url\":\"https:\/\/old.elusvali.ee\/lt\/\",\"logo\":{\"@type\":\"ImageObject\",\"inLanguage\":\"lt-LT\",\"@id\":\"https:\/\/old.elusvali.ee\/lt\/#\/schema\/logo\/image\/\",\"url\":\"https:\/\/purenature.lt\/wp-content\/uploads\/2023\/07\/logo.png\",\"contentUrl\":\"https:\/\/purenature.lt\/wp-content\/uploads\/2023\/07\/logo.png\",\"width\":526,\"height\":146,\"caption\":\"Elusv\u00e4li\"},\"image\":{\"@id\":\"https:\/\/old.elusvali.ee\/lt\/#\/schema\/logo\/image\/\"},\"sameAs\":[\"https:\/\/www.facebook.com\/profile.php?id=100064131067985\",\"https:\/\/www.instagram.com\/elusvali\/\",\"https:\/\/www.youtube.com\/@elusvali2110\"]}]}<\/script>\n<!-- \/ Yoast SEO plugin. -->","yoast_head_json":{"title":"Ekologi\u0161ki avi\u017einiai miltai be glitimo 1kg | Biomenu - Pure Nature","robots":{"index":"noindex","follow":"follow","max-snippet":"max-snippet:-1","max-image-preview":"max-image-preview:large","max-video-preview":"max-video-preview:-1"},"og_locale":"lt_LT","og_type":"article","og_title":"Ekologi\u0161ki avi\u017einiai miltai be glitimo 1kg | Biomenu - Pure Nature","og_description":"Ekologi\u0161ki avi\u017einiai miltai be glitimo - netoleruojantiems glitimo arba tiesiog norintiems jo privengti.  Avi\u017einiai miltai yra puikus \u012fprast\u0173 milt\u0173 pakaitalas. Ypa\u010d da\u017enai naudojamas sald\u017eiuose kepiniuose.","og_url":"https:\/\/old.elusvali.ee\/lt\/prek\u0117\/ekologiski-aviziniai-miltai-be-glitimo-1kg-biomenu\/","og_site_name":"Elusv&auml;li","article_publisher":"https:\/\/www.facebook.com\/profile.php?id=100064131067985","article_modified_time":"2025-07-06T08:24:33+00:00","og_image":[{"width":1500,"height":1500,"url":"https:\/\/purenature.lt\/wp-content\/uploads\/2021\/07\/mahe-taistera-gluteenivaba-kaerajahu.jpg","type":"image\/jpeg"}],"twitter_card":"summary_large_image","twitter_misc":{"Est. reading time":"2 minut\u0117s"},"schema":{"@context":"https:\/\/schema.org","@graph":[{"@type":"WebPage","@id":"https:\/\/old.elusvali.ee\/lt\/prek\u0117\/ekologiski-aviziniai-miltai-be-glitimo-1kg-biomenu\/","url":"https:\/\/old.elusvali.ee\/lt\/prek\u0117\/ekologiski-aviziniai-miltai-be-glitimo-1kg-biomenu\/","name":"Ekologi\u0161ki avi\u017einiai miltai be glitimo 1kg | Biomenu - Pure Nature","isPartOf":{"@id":"https:\/\/old.elusvali.ee\/lt\/#website"},"primaryImageOfPage":{"@id":"https:\/\/old.elusvali.ee\/lt\/prek\u0117\/ekologiski-aviziniai-miltai-be-glitimo-1kg-biomenu\/#primaryimage"},"image":{"@id":"https:\/\/old.elusvali.ee\/lt\/prek\u0117\/ekologiski-aviziniai-miltai-be-glitimo-1kg-biomenu\/#primaryimage"},"thumbnailUrl":"https:\/\/old.elusvali.ee\/wp-content\/uploads\/2021\/07\/mahe-taistera-gluteenivaba-kaerajahu.jpg","datePublished":"2021-07-19T10:19:14+00:00","dateModified":"2025-07-06T08:24:33+00:00","breadcrumb":{"@id":"https:\/\/old.elusvali.ee\/lt\/prek\u0117\/ekologiski-aviziniai-miltai-be-glitimo-1kg-biomenu\/#breadcrumb"},"inLanguage":"lt-LT","potentialAction":[{"@type":"ReadAction","target":["https:\/\/old.elusvali.ee\/lt\/prek\u0117\/ekologiski-aviziniai-miltai-be-glitimo-1kg-biomenu\/"]}]},{"@type":"ImageObject","inLanguage":"lt-LT","@id":"https:\/\/old.elusvali.ee\/lt\/prek\u0117\/ekologiski-aviziniai-miltai-be-glitimo-1kg-biomenu\/#primaryimage","url":"https:\/\/old.elusvali.ee\/wp-content\/uploads\/2021\/07\/mahe-taistera-gluteenivaba-kaerajahu.jpg","contentUrl":"https:\/\/old.elusvali.ee\/wp-content\/uploads\/2021\/07\/mahe-taistera-gluteenivaba-kaerajahu.jpg","width":1500,"height":1500,"caption":"Ekologi\u0161ki avi\u017einiai miltai be glitimo"},{"@type":"BreadcrumbList","@id":"https:\/\/old.elusvali.ee\/lt\/prek\u0117\/ekologiski-aviziniai-miltai-be-glitimo-1kg-biomenu\/#breadcrumb","itemListElement":[{"@type":"ListItem","position":1,"name":"Home","item":"https:\/\/old.elusvali.ee\/lt\/"},{"@type":"ListItem","position":2,"name":"Elektronin\u0117 parduotuv\u0117","item":"https:\/\/purenature.lt\/parduotuve\/"},{"@type":"ListItem","position":3,"name":"Ekologi\u0161ki avi\u017einiai miltai be glitimo 1kg | Biomenu"}]},{"@type":"WebSite","@id":"https:\/\/old.elusvali.ee\/lt\/#website","url":"https:\/\/old.elusvali.ee\/lt\/","name":"Elusv\u00e4li","description":"Puhas k&ouml;&ouml;k ja koduapteek","publisher":{"@id":"https:\/\/old.elusvali.ee\/lt\/#organization"},"potentialAction":[{"@type":"SearchAction","target":{"@type":"EntryPoint","urlTemplate":"https:\/\/old.elusvali.ee\/lt\/?s={search_term_string}"},"query-input":{"@type":"PropertyValueSpecification","valueRequired":true,"valueName":"search_term_string"}}],"inLanguage":"lt-LT"},{"@type":"Organization","@id":"https:\/\/old.elusvali.ee\/lt\/#organization","name":"Elusv\u00e4li","url":"https:\/\/old.elusvali.ee\/lt\/","logo":{"@type":"ImageObject","inLanguage":"lt-LT","@id":"https:\/\/old.elusvali.ee\/lt\/#\/schema\/logo\/image\/","url":"https:\/\/purenature.lt\/wp-content\/uploads\/2023\/07\/logo.png","contentUrl":"https:\/\/purenature.lt\/wp-content\/uploads\/2023\/07\/logo.png","width":526,"height":146,"caption":"Elusv\u00e4li"},"image":{"@id":"https:\/\/old.elusvali.ee\/lt\/#\/schema\/logo\/image\/"},"sameAs":["https:\/\/www.facebook.com\/profile.php?id=100064131067985","https:\/\/www.instagram.com\/elusvali\/","https:\/\/www.youtube.com\/@elusvali2110"]}]}},"_links":{"self":[{"href":"https:\/\/old.elusvali.ee\/lt\/wp-json\/wp\/v2\/product\/36121","targetHints":{"allow":["GET"]}}],"collection":[{"href":"https:\/\/old.elusvali.ee\/lt\/wp-json\/wp\/v2\/product"}],"about":[{"href":"https:\/\/old.elusvali.ee\/lt\/wp-json\/wp\/v2\/types\/product"}],"replies":[{"embeddable":true,"href":"https:\/\/old.elusvali.ee\/lt\/wp-json\/wp\/v2\/comments?post=36121"}],"version-history":[{"count":0,"href":"https:\/\/old.elusvali.ee\/lt\/wp-json\/wp\/v2\/product\/36121\/revisions"}],"wp:featuredmedia":[{"embeddable":true,"href":"https:\/\/old.elusvali.ee\/lt\/wp-json\/wp\/v2\/media\/46905"}],"wp:attachment":[{"href":"https:\/\/old.elusvali.ee\/lt\/wp-json\/wp\/v2\/media?parent=36121"}],"wp:term":[{"taxonomy":"product_brand","embeddable":true,"href":"https:\/\/old.elusvali.ee\/lt\/wp-json\/wp\/v2\/product_brand?post=36121"},{"taxonomy":"product_cat","embeddable":true,"href":"https:\/\/old.elusvali.ee\/lt\/wp-json\/wp\/v2\/product_cat?post=36121"},{"taxonomy":"product_tag","embeddable":true,"href":"https:\/\/old.elusvali.ee\/lt\/wp-json\/wp\/v2\/product_tag?post=36121"}],"curies":[{"name":"wp","href":"https:\/\/api.w.org\/{rel}","templated":true}]}}