{"id":36109,"date":"2021-09-30T04:06:40","date_gmt":"2021-09-30T01:06:40","guid":{"rendered":"https:\/\/old.elusvali.ee\/product\/vimergy-vitaminas-d3-15ml\/"},"modified":"2025-07-01T21:28:57","modified_gmt":"2025-07-01T18:28:57","slug":"vimergy-vitaminas-d3-veganiskas-15ml","status":"publish","type":"product","link":"https:\/\/old.elusvali.ee\/lt\/prek\u0117\/vimergy-vitaminas-d3-veganiskas-15ml\/","title":{"rendered":"Vimergy vitaminas D3 &#8211; vegani\u0161kas &#8211; 15ml"},"content":{"rendered":"<h1>Kod\u0117l mums svarbus vitaminas D?<\/h1>\n<p>Kai m\u016bs\u0173 od\u0105 veikia saul\u0117s spinduliai, ji pradeda gaminti specifin\u012f vitamin\u0105 D, vadinam\u0105 vitaminu D3. Vitaminas D3 geriau nei vitaminas D2 palaiko vitamino D kiek\u012f kraujyje. Ta\u010diau per metus ne visada gauname pakankamai saul\u0117s \u0161viesos. O net ir tada, kai jos gauname, galime gauti naudos ir i\u0161 gryno, auk\u0161tos kokyb\u0117s vitamino D3 papildo. Pagyvenusiems \u017emon\u0117ms, turintiems antsvorio arba tiems, kurie did\u017ei\u0105j\u0105 laiko dal\u012f praleid\u017eia u\u017edarose patalpose, ilgainiui gali prad\u0117ti tr\u016bkti vitamino D. Jiems gali prireikti vartoti vitamino D papildus.<\/p>\n<p>Tam puikiai tinka <strong>Vimergy augalin\u0117s kilm\u0117s vitaminas D3.<\/strong><\/p>\n<p><img fetchpriority=\"high\" decoding=\"async\" class=\"alignleft size-medium wp-image-44470\" style=\"margin-bottom: 0px;\" src=\"https:\/\/purenature.lt\/wp-content\/uploads\/2021\/09\/organic-vegan-d3-vimergy-supplements-vitamins-36303383789738-300x300.jpg\" alt=\"\" width=\"300\" height=\"300\" srcset=\"https:\/\/old.elusvali.ee\/wp-content\/uploads\/2021\/09\/organic-vegan-d3-vimergy-supplements-vitamins-36303383789738-300x300.jpg 300w, https:\/\/old.elusvali.ee\/wp-content\/uploads\/2021\/09\/organic-vegan-d3-vimergy-supplements-vitamins-36303383789738-150x150.jpg 150w, https:\/\/old.elusvali.ee\/wp-content\/uploads\/2021\/09\/organic-vegan-d3-vimergy-supplements-vitamins-36303383789738-768x768.jpg 768w, https:\/\/old.elusvali.ee\/wp-content\/uploads\/2021\/09\/organic-vegan-d3-vimergy-supplements-vitamins-36303383789738-430x430.jpg 430w, https:\/\/old.elusvali.ee\/wp-content\/uploads\/2021\/09\/organic-vegan-d3-vimergy-supplements-vitamins-36303383789738-700x700.jpg 700w, https:\/\/old.elusvali.ee\/wp-content\/uploads\/2021\/09\/organic-vegan-d3-vimergy-supplements-vitamins-36303383789738.jpg 800w\" sizes=\"(max-width: 300px) 100vw, 300px\" \/><\/p>\n<h2>Vimergy vegani\u0161kas vitaminas D3:<\/h2>\n<ul>\n<li>1000 IU (25 mcg) vitamino D3 kiekvienoje doz\u0117je.<\/li>\n<li>100% vegani\u0161kas ir be alkoholio.<\/li>\n<li>Galite vartoti vitamin\u0105 D3 tiesiai \u012f burn\u0105 arba su vandeniu, sultimis ar kokteiliu.<\/li>\n<li>Nat\u016braliai \u0161velnus ir malonus skonis.<\/li>\n<li>Sertifikuotas, ekologi\u0161kas, be alkoholio, be glitimo, be GMO, be kukur\u016bz\u0173, vegani\u0161kas ir tinkantis paleo produktas.<\/li>\n<li>Sud\u0117tyje n\u0117ra citrin\u0173 r\u016bg\u0161ties, pried\u0173, u\u017epild\u0173, dirbtini\u0173 kvapi\u0173j\u0173 med\u017eiag\u0173, nat\u016brali\u0173 kvapi\u0173j\u0173 med\u017eiag\u0173.<\/li>\n<\/ul>\n<p>&nbsp;<\/p>\n<p><em>* Teiginiai paimti i\u0161 Vimergy internetinio puslapio.<\/em><\/p>\n<h3 id=\"d-vitamiin-milleks-seda-vajame\" class=\"wp-block-heading\">Kam reikalingas vitaminas D?<\/h3>\n<p>Vitaminas D yra labai svarbus kaul\u0173 sveikatai, nes vir\u0161kinamajame trakte pasisavinamas kalcis ir fosforas, o kauluose ir dantyse jie kaupiasi. Vitaminas D palaiko nerv\u0173 sistem\u0105, odos sveikat\u0105, reguliuoja v\u0117\u017eini\u0173 l\u0105steli\u0173 susidarym\u0105 ir padeda reguliuoti cukraus kiek\u012f kraujyje. Be to, vitaminas D aktyviai dalyvauja imunin\u0117s sistemos ir \u0161irdies bei kraujagysli\u0173 sistemos veikloje.<\/p>\n<p>&nbsp;<\/p>\n<h2>Kaip vartoti Vimergy vitamin\u0105 D3?<\/h2>\n<ul>\n<li><strong>Vartojimas:<\/strong> 1 \u012fpur\u0161kimas (0,138 ml) 1 kart\u0105 per dien\u0105. Viename buteliuke yra 96 doz\u0117s.<\/li>\n<li><strong>Laikymas: <\/strong>laikyti v\u0117sioje ir tamsioje, vaikams nepasiekiamoje vietoje. Pavyzd\u017eiui, u\u017edaroje virtuv\u0117s spintel\u0117je<em>. Atidaryt\u0105 buteliuk\u0105 geriausia laikyti vir\u0161utin\u0117je \u0161aldytuvo lentynoje arba durel\u0117se. <\/em><\/li>\n<li><strong>Kontraindikacijos<\/strong>: nevartokite kaip \u012fvairios mitybos pakaitalo &#8211; svarbu ir subalansuota bei pilnavert\u0117 mityba. Jei laukiat\u0117s, maitinate kr\u016btimi, vartojate vaistus arba turite sveikatos sutrikim\u0173, prie\u0161 vartodami maisto papild\u0105, pasitarkite su gydytoju.<\/li>\n<\/ul>\n<p>Daugiau naudingos informacijos apie maisto papild\u0173 vartojim\u0105 galite rasti straipsnyje: 3 da\u017eniausiai pasitaikan\u010dios klaidos, kurias \u017emon\u0117s daro, vartodami papildus.<\/p>\n<p>JAV prekinis \u017eenklas <a href=\"https:\/\/vimergy.com\/\">Vimergy<\/a> yra \u017einomas pasaulyje kaip vienas i\u0161 auk\u0161\u010diausios kokyb\u0117s\u00a0 ekologi\u0161k\u0173 maisto papild\u0173 gamintoj\u0173.<br \/>\nVisi Vimergy produktai yra ekologi\u0161kos ir \u0161varios sud\u0117ties, be alkoholio ir tinkami veganams. Be to, n\u0117 viename i\u0161 Vimergy papild\u0173 n\u0117ra citrinos r\u016bg\u0161ties, GMO ingredient\u0173, u\u017epild\u0173 ar dirbtini\u0173 pried\u0173.<\/p>\n<p><img decoding=\"async\" class=\"aligncenter wp-image-44474 size-large\" src=\"https:\/\/purenature.lt\/wp-content\/uploads\/2021\/09\/Vegan_D3_How_To_Desktop-1300x679.png\" alt=\"\" width=\"1300\" height=\"679\" srcset=\"https:\/\/old.elusvali.ee\/wp-content\/uploads\/2021\/09\/Vegan_D3_How_To_Desktop-1300x679.png 1300w, https:\/\/old.elusvali.ee\/wp-content\/uploads\/2021\/09\/Vegan_D3_How_To_Desktop-400x209.png 400w, https:\/\/old.elusvali.ee\/wp-content\/uploads\/2021\/09\/Vegan_D3_How_To_Desktop-768x401.png 768w, https:\/\/old.elusvali.ee\/wp-content\/uploads\/2021\/09\/Vegan_D3_How_To_Desktop-1536x803.png 1536w, https:\/\/old.elusvali.ee\/wp-content\/uploads\/2021\/09\/Vegan_D3_How_To_Desktop-430x225.png 430w, https:\/\/old.elusvali.ee\/wp-content\/uploads\/2021\/09\/Vegan_D3_How_To_Desktop-700x366.png 700w, https:\/\/old.elusvali.ee\/wp-content\/uploads\/2021\/09\/Vegan_D3_How_To_Desktop-150x78.png 150w, https:\/\/old.elusvali.ee\/wp-content\/uploads\/2021\/09\/Vegan_D3_How_To_Desktop.png 2000w\" sizes=\"(max-width: 1300px) 100vw, 1300px\" \/><\/p>\n","protected":false},"excerpt":{"rendered":"<p>Vitaminas D3 palaiko imunin\u0119 sistem\u0105 ir kaul\u0173 sveikat\u0105. Ne visi vitamino D3 produktai yra sukurti vienodai. Vimergy vegani\u0161kas vitaminas D3 yra 100% augalin\u0117s kilm\u0117s ir gaminamas i\u0161 daug cholekalciferolio turin\u010dio saman\u0173 ekstrakto (tuo tarpu daugelis vitamino D3 papild\u0173 yra gyv\u016bnin\u0117s kilm\u0117s). Kiekvienoje Vimergy Vegan vitamino D3 porcijoje yra 1000 IU (25 mcg) vitamino D3, sud\u0117tyje n\u0117ra u\u017epild\u0173, pried\u0173, alkoholio ar pasl\u0117pt\u0173 ingredient\u0173.<\/p>\n","protected":false},"featured_media":56760,"comment_status":"open","ping_status":"closed","template":"","meta":{"_acf_changed":false},"product_brand":[],"product_cat":[492,472,473,694],"product_tag":[490,476],"class_list":{"0":"post-36109","1":"product","2":"type-product","3":"status-publish","4":"has-post-thumbnail","6":"product_cat-akys-ir-sanariai","7":"product_cat-imunitetas","8":"product_cat-maisto-papildai","9":"product_cat-vimergy-lt","10":"product_tag-skysciai","11":"product_tag-vimergy-lt","13":"first","14":"instock","15":"taxable","16":"shipping-taxable","17":"purchasable","18":"product-type-simple"},"acf":[],"yoast_head":"<!-- This site is optimized with the Yoast SEO plugin v25.3.1 - https:\/\/yoast.com\/wordpress\/plugins\/seo\/ -->\n<title>Vitaminas D3 1000 IU. Gerai absorbuojama forma.<\/title>\n<meta name=\"description\" content=\"Vitaminas D3 - 1000 IU (25 mcg) kiekvienoje doz\u0117je. 100% vegani\u0161kas ir be alkoholio. Galite vartoti vitamin\u0105 D3 sula\u0161inus tiesiai \u012f birn\u0105 arba su vandeniu, sultimis ar kokteiliu.\" \/>\n<meta name=\"robots\" content=\"noindex, follow, max-snippet:-1, max-image-preview:large, max-video-preview:-1\" \/>\n<meta property=\"og:locale\" content=\"lt_LT\" \/>\n<meta property=\"og:type\" content=\"article\" \/>\n<meta property=\"og:title\" content=\"Vitaminas D3 1000 IU. Gerai absorbuojama forma.\" \/>\n<meta property=\"og:description\" content=\"Vitaminas D3 - 1000 IU (25 mcg) kiekvienoje doz\u0117je. 100% vegani\u0161kas ir be alkoholio. Galite vartoti vitamin\u0105 D3 sula\u0161inus tiesiai \u012f birn\u0105 arba su vandeniu, sultimis ar kokteiliu.\" \/>\n<meta property=\"og:url\" content=\"https:\/\/old.elusvali.ee\/lt\/prek\u0117\/vimergy-vitaminas-d3-veganiskas-15ml\/\" \/>\n<meta property=\"og:site_name\" content=\"Elusv&auml;li\" \/>\n<meta property=\"article:publisher\" content=\"https:\/\/www.facebook.com\/profile.php?id=100064131067985\" \/>\n<meta property=\"article:modified_time\" content=\"2025-07-01T18:28:57+00:00\" \/>\n<meta property=\"og:image\" content=\"https:\/\/purenature.lt\/wp-content\/uploads\/2021\/09\/Vimergy-d3-spray-13.3ml.png\" \/>\n\t<meta property=\"og:image:width\" content=\"1000\" \/>\n\t<meta property=\"og:image:height\" content=\"1000\" \/>\n\t<meta property=\"og:image:type\" content=\"image\/png\" \/>\n<meta name=\"twitter:card\" content=\"summary_large_image\" \/>\n<meta name=\"twitter:label1\" content=\"Est. reading time\" \/>\n\t<meta name=\"twitter:data1\" content=\"3 minut\u0117s\" \/>\n<script type=\"application\/ld+json\" class=\"yoast-schema-graph\">{\"@context\":\"https:\/\/schema.org\",\"@graph\":[{\"@type\":\"WebPage\",\"@id\":\"https:\/\/old.elusvali.ee\/lt\/prek\u0117\/vimergy-vitaminas-d3-veganiskas-15ml\/\",\"url\":\"https:\/\/old.elusvali.ee\/lt\/prek\u0117\/vimergy-vitaminas-d3-veganiskas-15ml\/\",\"name\":\"Vitaminas D3 1000 IU. Gerai absorbuojama forma.\",\"isPartOf\":{\"@id\":\"https:\/\/old.elusvali.ee\/lt\/#website\"},\"primaryImageOfPage\":{\"@id\":\"https:\/\/old.elusvali.ee\/lt\/prek\u0117\/vimergy-vitaminas-d3-veganiskas-15ml\/#primaryimage\"},\"image\":{\"@id\":\"https:\/\/old.elusvali.ee\/lt\/prek\u0117\/vimergy-vitaminas-d3-veganiskas-15ml\/#primaryimage\"},\"thumbnailUrl\":\"https:\/\/old.elusvali.ee\/wp-content\/uploads\/2021\/09\/Vimergy-d3-spray-13.3ml.png\",\"datePublished\":\"2021-09-30T01:06:40+00:00\",\"dateModified\":\"2025-07-01T18:28:57+00:00\",\"description\":\"Vitaminas D3 - 1000 IU (25 mcg) kiekvienoje doz\u0117je. 100% vegani\u0161kas ir be alkoholio. Galite vartoti vitamin\u0105 D3 sula\u0161inus tiesiai \u012f birn\u0105 arba su vandeniu, sultimis ar kokteiliu.\",\"breadcrumb\":{\"@id\":\"https:\/\/old.elusvali.ee\/lt\/prek\u0117\/vimergy-vitaminas-d3-veganiskas-15ml\/#breadcrumb\"},\"inLanguage\":\"lt-LT\",\"potentialAction\":[{\"@type\":\"ReadAction\",\"target\":[\"https:\/\/old.elusvali.ee\/lt\/prek\u0117\/vimergy-vitaminas-d3-veganiskas-15ml\/\"]}]},{\"@type\":\"ImageObject\",\"inLanguage\":\"lt-LT\",\"@id\":\"https:\/\/old.elusvali.ee\/lt\/prek\u0117\/vimergy-vitaminas-d3-veganiskas-15ml\/#primaryimage\",\"url\":\"https:\/\/old.elusvali.ee\/wp-content\/uploads\/2021\/09\/Vimergy-d3-spray-13.3ml.png\",\"contentUrl\":\"https:\/\/old.elusvali.ee\/wp-content\/uploads\/2021\/09\/Vimergy-d3-spray-13.3ml.png\",\"width\":1000,\"height\":1000,\"caption\":\"Vimergy purskiamas vitaminas D\"},{\"@type\":\"BreadcrumbList\",\"@id\":\"https:\/\/old.elusvali.ee\/lt\/prek\u0117\/vimergy-vitaminas-d3-veganiskas-15ml\/#breadcrumb\",\"itemListElement\":[{\"@type\":\"ListItem\",\"position\":1,\"name\":\"Home\",\"item\":\"https:\/\/old.elusvali.ee\/lt\/\"},{\"@type\":\"ListItem\",\"position\":2,\"name\":\"Elektronin\u0117 parduotuv\u0117\",\"item\":\"https:\/\/purenature.lt\/parduotuve\/\"},{\"@type\":\"ListItem\",\"position\":3,\"name\":\"Vimergy vitaminas D3 &#8211; vegani\u0161kas &#8211; 15ml\"}]},{\"@type\":\"WebSite\",\"@id\":\"https:\/\/old.elusvali.ee\/lt\/#website\",\"url\":\"https:\/\/old.elusvali.ee\/lt\/\",\"name\":\"Elusv\u00e4li\",\"description\":\"Puhas k&ouml;&ouml;k ja koduapteek\",\"publisher\":{\"@id\":\"https:\/\/old.elusvali.ee\/lt\/#organization\"},\"potentialAction\":[{\"@type\":\"SearchAction\",\"target\":{\"@type\":\"EntryPoint\",\"urlTemplate\":\"https:\/\/old.elusvali.ee\/lt\/?s={search_term_string}\"},\"query-input\":{\"@type\":\"PropertyValueSpecification\",\"valueRequired\":true,\"valueName\":\"search_term_string\"}}],\"inLanguage\":\"lt-LT\"},{\"@type\":\"Organization\",\"@id\":\"https:\/\/old.elusvali.ee\/lt\/#organization\",\"name\":\"Elusv\u00e4li\",\"url\":\"https:\/\/old.elusvali.ee\/lt\/\",\"logo\":{\"@type\":\"ImageObject\",\"inLanguage\":\"lt-LT\",\"@id\":\"https:\/\/old.elusvali.ee\/lt\/#\/schema\/logo\/image\/\",\"url\":\"https:\/\/purenature.lt\/wp-content\/uploads\/2023\/07\/logo.png\",\"contentUrl\":\"https:\/\/purenature.lt\/wp-content\/uploads\/2023\/07\/logo.png\",\"width\":526,\"height\":146,\"caption\":\"Elusv\u00e4li\"},\"image\":{\"@id\":\"https:\/\/old.elusvali.ee\/lt\/#\/schema\/logo\/image\/\"},\"sameAs\":[\"https:\/\/www.facebook.com\/profile.php?id=100064131067985\",\"https:\/\/www.instagram.com\/elusvali\/\",\"https:\/\/www.youtube.com\/@elusvali2110\"]}]}<\/script>\n<!-- \/ Yoast SEO plugin. -->","yoast_head_json":{"title":"Vitaminas D3 1000 IU. Gerai absorbuojama forma.","description":"Vitaminas D3 - 1000 IU (25 mcg) kiekvienoje doz\u0117je. 100% vegani\u0161kas ir be alkoholio. Galite vartoti vitamin\u0105 D3 sula\u0161inus tiesiai \u012f birn\u0105 arba su vandeniu, sultimis ar kokteiliu.","robots":{"index":"noindex","follow":"follow","max-snippet":"max-snippet:-1","max-image-preview":"max-image-preview:large","max-video-preview":"max-video-preview:-1"},"og_locale":"lt_LT","og_type":"article","og_title":"Vitaminas D3 1000 IU. Gerai absorbuojama forma.","og_description":"Vitaminas D3 - 1000 IU (25 mcg) kiekvienoje doz\u0117je. 100% vegani\u0161kas ir be alkoholio. Galite vartoti vitamin\u0105 D3 sula\u0161inus tiesiai \u012f birn\u0105 arba su vandeniu, sultimis ar kokteiliu.","og_url":"https:\/\/old.elusvali.ee\/lt\/prek\u0117\/vimergy-vitaminas-d3-veganiskas-15ml\/","og_site_name":"Elusv&auml;li","article_publisher":"https:\/\/www.facebook.com\/profile.php?id=100064131067985","article_modified_time":"2025-07-01T18:28:57+00:00","og_image":[{"width":1000,"height":1000,"url":"https:\/\/purenature.lt\/wp-content\/uploads\/2021\/09\/Vimergy-d3-spray-13.3ml.png","type":"image\/png"}],"twitter_card":"summary_large_image","twitter_misc":{"Est. reading time":"3 minut\u0117s"},"schema":{"@context":"https:\/\/schema.org","@graph":[{"@type":"WebPage","@id":"https:\/\/old.elusvali.ee\/lt\/prek\u0117\/vimergy-vitaminas-d3-veganiskas-15ml\/","url":"https:\/\/old.elusvali.ee\/lt\/prek\u0117\/vimergy-vitaminas-d3-veganiskas-15ml\/","name":"Vitaminas D3 1000 IU. Gerai absorbuojama forma.","isPartOf":{"@id":"https:\/\/old.elusvali.ee\/lt\/#website"},"primaryImageOfPage":{"@id":"https:\/\/old.elusvali.ee\/lt\/prek\u0117\/vimergy-vitaminas-d3-veganiskas-15ml\/#primaryimage"},"image":{"@id":"https:\/\/old.elusvali.ee\/lt\/prek\u0117\/vimergy-vitaminas-d3-veganiskas-15ml\/#primaryimage"},"thumbnailUrl":"https:\/\/old.elusvali.ee\/wp-content\/uploads\/2021\/09\/Vimergy-d3-spray-13.3ml.png","datePublished":"2021-09-30T01:06:40+00:00","dateModified":"2025-07-01T18:28:57+00:00","description":"Vitaminas D3 - 1000 IU (25 mcg) kiekvienoje doz\u0117je. 100% vegani\u0161kas ir be alkoholio. Galite vartoti vitamin\u0105 D3 sula\u0161inus tiesiai \u012f birn\u0105 arba su vandeniu, sultimis ar kokteiliu.","breadcrumb":{"@id":"https:\/\/old.elusvali.ee\/lt\/prek\u0117\/vimergy-vitaminas-d3-veganiskas-15ml\/#breadcrumb"},"inLanguage":"lt-LT","potentialAction":[{"@type":"ReadAction","target":["https:\/\/old.elusvali.ee\/lt\/prek\u0117\/vimergy-vitaminas-d3-veganiskas-15ml\/"]}]},{"@type":"ImageObject","inLanguage":"lt-LT","@id":"https:\/\/old.elusvali.ee\/lt\/prek\u0117\/vimergy-vitaminas-d3-veganiskas-15ml\/#primaryimage","url":"https:\/\/old.elusvali.ee\/wp-content\/uploads\/2021\/09\/Vimergy-d3-spray-13.3ml.png","contentUrl":"https:\/\/old.elusvali.ee\/wp-content\/uploads\/2021\/09\/Vimergy-d3-spray-13.3ml.png","width":1000,"height":1000,"caption":"Vimergy purskiamas vitaminas D"},{"@type":"BreadcrumbList","@id":"https:\/\/old.elusvali.ee\/lt\/prek\u0117\/vimergy-vitaminas-d3-veganiskas-15ml\/#breadcrumb","itemListElement":[{"@type":"ListItem","position":1,"name":"Home","item":"https:\/\/old.elusvali.ee\/lt\/"},{"@type":"ListItem","position":2,"name":"Elektronin\u0117 parduotuv\u0117","item":"https:\/\/purenature.lt\/parduotuve\/"},{"@type":"ListItem","position":3,"name":"Vimergy vitaminas D3 &#8211; vegani\u0161kas &#8211; 15ml"}]},{"@type":"WebSite","@id":"https:\/\/old.elusvali.ee\/lt\/#website","url":"https:\/\/old.elusvali.ee\/lt\/","name":"Elusv\u00e4li","description":"Puhas k&ouml;&ouml;k ja koduapteek","publisher":{"@id":"https:\/\/old.elusvali.ee\/lt\/#organization"},"potentialAction":[{"@type":"SearchAction","target":{"@type":"EntryPoint","urlTemplate":"https:\/\/old.elusvali.ee\/lt\/?s={search_term_string}"},"query-input":{"@type":"PropertyValueSpecification","valueRequired":true,"valueName":"search_term_string"}}],"inLanguage":"lt-LT"},{"@type":"Organization","@id":"https:\/\/old.elusvali.ee\/lt\/#organization","name":"Elusv\u00e4li","url":"https:\/\/old.elusvali.ee\/lt\/","logo":{"@type":"ImageObject","inLanguage":"lt-LT","@id":"https:\/\/old.elusvali.ee\/lt\/#\/schema\/logo\/image\/","url":"https:\/\/purenature.lt\/wp-content\/uploads\/2023\/07\/logo.png","contentUrl":"https:\/\/purenature.lt\/wp-content\/uploads\/2023\/07\/logo.png","width":526,"height":146,"caption":"Elusv\u00e4li"},"image":{"@id":"https:\/\/old.elusvali.ee\/lt\/#\/schema\/logo\/image\/"},"sameAs":["https:\/\/www.facebook.com\/profile.php?id=100064131067985","https:\/\/www.instagram.com\/elusvali\/","https:\/\/www.youtube.com\/@elusvali2110"]}]}},"_links":{"self":[{"href":"https:\/\/old.elusvali.ee\/lt\/wp-json\/wp\/v2\/product\/36109","targetHints":{"allow":["GET"]}}],"collection":[{"href":"https:\/\/old.elusvali.ee\/lt\/wp-json\/wp\/v2\/product"}],"about":[{"href":"https:\/\/old.elusvali.ee\/lt\/wp-json\/wp\/v2\/types\/product"}],"replies":[{"embeddable":true,"href":"https:\/\/old.elusvali.ee\/lt\/wp-json\/wp\/v2\/comments?post=36109"}],"version-history":[{"count":3,"href":"https:\/\/old.elusvali.ee\/lt\/wp-json\/wp\/v2\/product\/36109\/revisions"}],"predecessor-version":[{"id":66634,"href":"https:\/\/old.elusvali.ee\/lt\/wp-json\/wp\/v2\/product\/36109\/revisions\/66634"}],"wp:featuredmedia":[{"embeddable":true,"href":"https:\/\/old.elusvali.ee\/lt\/wp-json\/wp\/v2\/media\/56760"}],"wp:attachment":[{"href":"https:\/\/old.elusvali.ee\/lt\/wp-json\/wp\/v2\/media?parent=36109"}],"wp:term":[{"taxonomy":"product_brand","embeddable":true,"href":"https:\/\/old.elusvali.ee\/lt\/wp-json\/wp\/v2\/product_brand?post=36109"},{"taxonomy":"product_cat","embeddable":true,"href":"https:\/\/old.elusvali.ee\/lt\/wp-json\/wp\/v2\/product_cat?post=36109"},{"taxonomy":"product_tag","embeddable":true,"href":"https:\/\/old.elusvali.ee\/lt\/wp-json\/wp\/v2\/product_tag?post=36109"}],"curies":[{"name":"wp","href":"https:\/\/api.w.org\/{rel}","templated":true}]}}