{"id":36107,"date":"2021-03-11T11:16:15","date_gmt":"2021-03-11T09:16:15","guid":{"rendered":"https:\/\/old.elusvali.ee\/product\/vimergy-kanados-auksamedis-115ml\/"},"modified":"2025-06-29T08:25:16","modified_gmt":"2025-06-29T05:25:16","slug":"vimergy-kanadines-auksasaknes-ekstraktas-115ml","status":"publish","type":"product","link":"https:\/\/old.elusvali.ee\/lt\/prek\u0117\/vimergy-kanadines-auksasaknes-ekstraktas-115ml\/","title":{"rendered":"Vimergy kanadin\u0117s auksa\u0161akn\u0117s tinkt\u016bra &#8211; 115ml."},"content":{"rendered":"<p>Kanadieti\u0161ka auksa\u0161akn\u0117 yra nuostabus \u0160iaur\u0117s Amerikos kilm\u0117s vaistinis augalas. Amerikos ind\u0117nai nuo neatmenam\u0173 laik\u0173 j\u0105 pla\u010diai naudojo savo vaista\u017eoli\u0173 medicinoje. XIX am\u017eiuje. ir XX am\u017eiaus prad\u017eioje auksa\u0161akn\u0117 buvo laikoma vienu i\u0161 svarbiausi\u0173 vaistini\u0173 augal\u0173 Jungtin\u0117je Karalyst\u0117je. Ji jau seniai \u012ftraukta \u012f oficialiai Amerikoje rekomenduojam\u0173 gydymo b\u016bd\u0173 s\u0105ra\u0161\u0105.<\/p>\n<p>Kanadin\u0117 auksa\u0161akn\u0117 yra tikras imunin\u0117s sistemos stiprintojas, taip pat \u017einomas kaip nat\u016bralus antibiotikas. Taip pat \u017einoma kaip puiki skrand\u017eio negalavimus mal\u0161inanti priemon\u0117. ir netgi padeda apsinuodijus maistu ir gydant skrand\u017eio grip\u0105. Be to, ji s\u0117kmingai naudojama \u012fvairioms infekcijoms, \u012fskaitant sinus\u0173, kv\u0117pavimo tak\u0173, gerkl\u0117s, \u0161lapimo p\u016bsl\u0117s, mieli\u0173 ir \u0161lapimo tak\u0173 infekcijoms, gydyti.<\/p>\n<p><img fetchpriority=\"high\" decoding=\"async\" class=\"alignleft size-medium wp-image-44419\" style=\"margin-bottom: 0px;\" src=\"https:\/\/purenature.lt\/wp-content\/uploads\/2021\/03\/organic-goldenseal-10-1-vimergy-supplements-vitamins-36303333195946-300x300.jpg\" alt=\"\" width=\"300\" height=\"300\" srcset=\"https:\/\/old.elusvali.ee\/wp-content\/uploads\/2021\/03\/organic-goldenseal-10-1-vimergy-supplements-vitamins-36303333195946-300x300.jpg 300w, https:\/\/old.elusvali.ee\/wp-content\/uploads\/2021\/03\/organic-goldenseal-10-1-vimergy-supplements-vitamins-36303333195946-150x150.jpg 150w, https:\/\/old.elusvali.ee\/wp-content\/uploads\/2021\/03\/organic-goldenseal-10-1-vimergy-supplements-vitamins-36303333195946-768x768.jpg 768w, https:\/\/old.elusvali.ee\/wp-content\/uploads\/2021\/03\/organic-goldenseal-10-1-vimergy-supplements-vitamins-36303333195946-430x430.jpg 430w, https:\/\/old.elusvali.ee\/wp-content\/uploads\/2021\/03\/organic-goldenseal-10-1-vimergy-supplements-vitamins-36303333195946-700x700.jpg 700w, https:\/\/old.elusvali.ee\/wp-content\/uploads\/2021\/03\/organic-goldenseal-10-1-vimergy-supplements-vitamins-36303333195946.jpg 800w\" sizes=\"(max-width: 300px) 100vw, 300px\" \/><\/p>\n<ul>\n<li>Galinga 10:1 formul\u0117 be alkoholio.<\/li>\n<li>Vienoje porcijoje yra 2000 mg kanadin\u0117s auksa\u0161akn\u0117s.<\/li>\n<li>Sud\u0117tyje yra ekologi\u0161ko glicerino ir ekologi\u0161k\u0173 citrin\u0173 sul\u010di\u0173.<\/li>\n<li>Galite la\u0161inti tiesiai \u012f burn\u0105 i\u0161 pipet\u0117s arba \u012fpilti \u012f vanden\u012f, sultis ar kokteilius.<\/li>\n<li>Padeda palaikyti stipri\u0105 imunin\u0119 sistem\u0105.<\/li>\n<li>USDA ekologi\u0161kas, be alkoholio, be glitimo, be GMO, ko\u0161erinis, be kukur\u016bz\u0173, be sojos, tinka veganams ir paleo.<\/li>\n<li>Sud\u0117tyje n\u0117ra citrin\u0173 r\u016bg\u0161ties, u\u017epild\u0173, pried\u0173, dirbtini\u0173 kvapi\u0173j\u0173 med\u017eiag\u0173 ir dirbtini\u0173 aromat\u0173.<\/li>\n<\/ul>\n<p>&nbsp;<\/p>\n<p><em>* Teiginiai paimti i\u0161 Vimergy internetinio puslapio.<\/em><\/p>\n<h2>Kaip naudoti kanadin\u0117s auksa\u0161akn\u0117s tinkt\u016br\u0105?<\/h2>\n<ul>\n<li>Vartojimo <strong>b\u016bdas:<\/strong> suvartoti po 2 pipetes (2 ml) vien\u0105 kart\u0105 per dien\u0105. Vienoje doz\u0117je (dvi pipet\u0117s) yra ma\u017edaug 40-44 la\u0161ai. 57 doz\u0117s buteliuke.<\/li>\n<li><strong>Laikymas: l<\/strong>aikyti v\u0117sioje ir tamsioje vietoje. <em>Vaikams nepasiekiamoje vietoje, pavyzd\u017eiui, virtuv\u0117s spintel\u0117je.\n<p>Atidaryt\u0105 buteliuk\u0105 geriausia laikyti vir\u0161utin\u0117je \u0161aldytuvo lentynoje arba durel\u0117se. <\/em><\/li>\n<li><strong>Kontraindikacijos <\/strong>: nevartokite kaip \u012fvairios mitybos pakaitalo &#8211; svarbu ir subalansuota bei pilnavert\u0117 mityba. Jei laukiat\u0117s, maitinate kr\u016btimi, vartojate vaistus arba turite sveikatos sutrikim\u0173, prie\u0161 vartodami maisto papild\u0105, pasitarkite su gydytoju.<\/li>\n<\/ul>\n<p>Daugiau naudingos informacijos galite rasti straipsnyje: <a href=\"https:\/\/purenature.lt\/3-dazniausiai-pasitaikancios-klaidos-vartojant-maisto-papildus\/\">3 da\u017eniausiai pasitaikan\u010dios klaidos, kurias \u017emon\u0117s daro, vartodami papildus.<\/a><\/p>\n<p><a href=\"https:\/\/vimergy.com\/\">Vimergy<\/a> yra \u017einomas kaip vienas i\u0161 auk\u0161\u010diausios kokyb\u0117s JAV ekologi\u0161k\u0173 maisto papild\u0173 prek\u0117s \u017eenkl\u0173 visame pasaulyje.<br \/>\nVisi Vimergy produktai yra ekologi\u0161kos ir \u0161varios sud\u0117ties, be alkoholio ir tinkami veganams. Be to, n\u0117 viename i\u0161 Vimergy papild\u0173 n\u0117ra citrinos r\u016bg\u0161ties, GMO ingredient\u0173, u\u017epild\u0173 ar dirbtini\u0173 pried\u0173.<\/p>\n<p><img decoding=\"async\" class=\"aligncenter wp-image-44425 size-large\" src=\"https:\/\/purenature.lt\/wp-content\/uploads\/2021\/03\/Goldenseal_How_To_Desktop-1300x679.png\" alt=\"\" width=\"1300\" height=\"679\" srcset=\"https:\/\/old.elusvali.ee\/wp-content\/uploads\/2021\/03\/Goldenseal_How_To_Desktop-1300x679.png 1300w, https:\/\/old.elusvali.ee\/wp-content\/uploads\/2021\/03\/Goldenseal_How_To_Desktop-400x209.png 400w, https:\/\/old.elusvali.ee\/wp-content\/uploads\/2021\/03\/Goldenseal_How_To_Desktop-768x401.png 768w, https:\/\/old.elusvali.ee\/wp-content\/uploads\/2021\/03\/Goldenseal_How_To_Desktop-1536x803.png 1536w, https:\/\/old.elusvali.ee\/wp-content\/uploads\/2021\/03\/Goldenseal_How_To_Desktop-430x225.png 430w, https:\/\/old.elusvali.ee\/wp-content\/uploads\/2021\/03\/Goldenseal_How_To_Desktop-700x366.png 700w, https:\/\/old.elusvali.ee\/wp-content\/uploads\/2021\/03\/Goldenseal_How_To_Desktop-150x78.png 150w, https:\/\/old.elusvali.ee\/wp-content\/uploads\/2021\/03\/Goldenseal_How_To_Desktop.png 2000w\" sizes=\"(max-width: 1300px) 100vw, 1300px\" \/><\/p>\n","protected":false},"excerpt":{"rendered":"<p>Vienoje Vimergy ekologi\u0161koje kanadieti\u0161kos auksa\u0161akn\u0117s 10:1 skysto ekstrakto doz\u0117je yra 2000 mg vaista\u017eol\u0117s! Tai specialus nealkoholinis vaista\u017eoli\u0173 ekstraktas, kurio sud\u0117tyje yra tik trys sudedamosios dalys: ekologi\u0161ka kanadieti\u0161ka auksin\u0117 \u0161aknis, ekologi\u0161kas glicerinas ir ekologi\u0161kos citrin\u0173 sultys.<\/p>\n","protected":false},"featured_media":32484,"comment_status":"open","ping_status":"closed","template":"","meta":{"_acf_changed":false},"product_brand":[],"product_cat":[472,502,499,473,694],"product_tag":[490,476],"class_list":{"0":"post-36107","1":"product","2":"type-product","3":"status-publish","4":"has-post-thumbnail","6":"product_cat-imunitetas","7":"product_cat-kudikiai-ir-motinos","8":"product_cat-kunui","9":"product_cat-maisto-papildai","10":"product_cat-vimergy-lt","11":"product_tag-skysciai","12":"product_tag-vimergy-lt","14":"first","15":"instock","16":"taxable","17":"shipping-taxable","18":"purchasable","19":"product-type-simple"},"acf":[],"yoast_head":"<!-- This site is optimized with the Yoast SEO plugin v25.3.1 - https:\/\/yoast.com\/wordpress\/plugins\/seo\/ -->\n<title>Vimergy kanadin\u0117s auksa\u0161akn\u0117s tinkt\u016bra - 115ml. - Pure Nature<\/title>\n<meta name=\"description\" content=\"Tai tikras imunin\u0117s sistemos stiprintojas! Nat\u016bralus antibiotikas. \u0160is ekstraktas tur\u0117t\u0173 b\u016bti kiekvien\u0173 nam\u0173 vaistin\u0117l\u0117je!\" \/>\n<meta name=\"robots\" content=\"noindex, follow, max-snippet:-1, max-image-preview:large, max-video-preview:-1\" \/>\n<meta property=\"og:locale\" content=\"lt_LT\" \/>\n<meta property=\"og:type\" content=\"article\" \/>\n<meta property=\"og:title\" content=\"Vimergy kanadin\u0117s auksa\u0161akn\u0117s tinkt\u016bra - 115ml. - Pure Nature\" \/>\n<meta property=\"og:description\" content=\"Tai tikras imunin\u0117s sistemos stiprintojas! Nat\u016bralus antibiotikas. \u0160is ekstraktas tur\u0117t\u0173 b\u016bti kiekvien\u0173 nam\u0173 vaistin\u0117l\u0117je!\" \/>\n<meta property=\"og:url\" content=\"https:\/\/old.elusvali.ee\/lt\/prek\u0117\/vimergy-kanadines-auksasaknes-ekstraktas-115ml\/\" \/>\n<meta property=\"og:site_name\" content=\"Elusv&auml;li\" \/>\n<meta property=\"article:publisher\" content=\"https:\/\/www.facebook.com\/profile.php?id=100064131067985\" \/>\n<meta property=\"article:modified_time\" content=\"2025-06-29T05:25:16+00:00\" \/>\n<meta property=\"og:image\" content=\"https:\/\/purenature.lt\/wp-content\/uploads\/2021\/03\/Kanada-koldjuur-tinktuur-Vimergy.jpg\" \/>\n\t<meta property=\"og:image:width\" content=\"1400\" \/>\n\t<meta property=\"og:image:height\" content=\"1400\" \/>\n\t<meta property=\"og:image:type\" content=\"image\/jpeg\" \/>\n<meta name=\"twitter:card\" content=\"summary_large_image\" \/>\n<meta name=\"twitter:label1\" content=\"Est. reading time\" \/>\n\t<meta name=\"twitter:data1\" content=\"2 minut\u0117s\" \/>\n<script type=\"application\/ld+json\" class=\"yoast-schema-graph\">{\"@context\":\"https:\/\/schema.org\",\"@graph\":[{\"@type\":\"WebPage\",\"@id\":\"https:\/\/old.elusvali.ee\/lt\/prek\u0117\/vimergy-kanadines-auksasaknes-ekstraktas-115ml\/\",\"url\":\"https:\/\/old.elusvali.ee\/lt\/prek\u0117\/vimergy-kanadines-auksasaknes-ekstraktas-115ml\/\",\"name\":\"Vimergy kanadin\u0117s auksa\u0161akn\u0117s tinkt\u016bra - 115ml. - Pure Nature\",\"isPartOf\":{\"@id\":\"https:\/\/old.elusvali.ee\/lt\/#website\"},\"primaryImageOfPage\":{\"@id\":\"https:\/\/old.elusvali.ee\/lt\/prek\u0117\/vimergy-kanadines-auksasaknes-ekstraktas-115ml\/#primaryimage\"},\"image\":{\"@id\":\"https:\/\/old.elusvali.ee\/lt\/prek\u0117\/vimergy-kanadines-auksasaknes-ekstraktas-115ml\/#primaryimage\"},\"thumbnailUrl\":\"https:\/\/old.elusvali.ee\/wp-content\/uploads\/2021\/03\/Kanada-koldjuur-tinktuur-Vimergy.jpg\",\"datePublished\":\"2021-03-11T09:16:15+00:00\",\"dateModified\":\"2025-06-29T05:25:16+00:00\",\"description\":\"Tai tikras imunin\u0117s sistemos stiprintojas! Nat\u016bralus antibiotikas. \u0160is ekstraktas tur\u0117t\u0173 b\u016bti kiekvien\u0173 nam\u0173 vaistin\u0117l\u0117je!\",\"breadcrumb\":{\"@id\":\"https:\/\/old.elusvali.ee\/lt\/prek\u0117\/vimergy-kanadines-auksasaknes-ekstraktas-115ml\/#breadcrumb\"},\"inLanguage\":\"lt-LT\",\"potentialAction\":[{\"@type\":\"ReadAction\",\"target\":[\"https:\/\/old.elusvali.ee\/lt\/prek\u0117\/vimergy-kanadines-auksasaknes-ekstraktas-115ml\/\"]}]},{\"@type\":\"ImageObject\",\"inLanguage\":\"lt-LT\",\"@id\":\"https:\/\/old.elusvali.ee\/lt\/prek\u0117\/vimergy-kanadines-auksasaknes-ekstraktas-115ml\/#primaryimage\",\"url\":\"https:\/\/old.elusvali.ee\/wp-content\/uploads\/2021\/03\/Kanada-koldjuur-tinktuur-Vimergy.jpg\",\"contentUrl\":\"https:\/\/old.elusvali.ee\/wp-content\/uploads\/2021\/03\/Kanada-koldjuur-tinktuur-Vimergy.jpg\",\"width\":1400,\"height\":1400,\"caption\":\"Kanadines auksasaknes ekstraktas\"},{\"@type\":\"BreadcrumbList\",\"@id\":\"https:\/\/old.elusvali.ee\/lt\/prek\u0117\/vimergy-kanadines-auksasaknes-ekstraktas-115ml\/#breadcrumb\",\"itemListElement\":[{\"@type\":\"ListItem\",\"position\":1,\"name\":\"Home\",\"item\":\"https:\/\/old.elusvali.ee\/lt\/\"},{\"@type\":\"ListItem\",\"position\":2,\"name\":\"Elektronin\u0117 parduotuv\u0117\",\"item\":\"https:\/\/purenature.lt\/parduotuve\/\"},{\"@type\":\"ListItem\",\"position\":3,\"name\":\"Vimergy kanadin\u0117s auksa\u0161akn\u0117s tinkt\u016bra &#8211; 115ml.\"}]},{\"@type\":\"WebSite\",\"@id\":\"https:\/\/old.elusvali.ee\/lt\/#website\",\"url\":\"https:\/\/old.elusvali.ee\/lt\/\",\"name\":\"Elusv\u00e4li\",\"description\":\"Puhas k&ouml;&ouml;k ja koduapteek\",\"publisher\":{\"@id\":\"https:\/\/old.elusvali.ee\/lt\/#organization\"},\"potentialAction\":[{\"@type\":\"SearchAction\",\"target\":{\"@type\":\"EntryPoint\",\"urlTemplate\":\"https:\/\/old.elusvali.ee\/lt\/?s={search_term_string}\"},\"query-input\":{\"@type\":\"PropertyValueSpecification\",\"valueRequired\":true,\"valueName\":\"search_term_string\"}}],\"inLanguage\":\"lt-LT\"},{\"@type\":\"Organization\",\"@id\":\"https:\/\/old.elusvali.ee\/lt\/#organization\",\"name\":\"Elusv\u00e4li\",\"url\":\"https:\/\/old.elusvali.ee\/lt\/\",\"logo\":{\"@type\":\"ImageObject\",\"inLanguage\":\"lt-LT\",\"@id\":\"https:\/\/old.elusvali.ee\/lt\/#\/schema\/logo\/image\/\",\"url\":\"https:\/\/purenature.lt\/wp-content\/uploads\/2023\/07\/logo.png\",\"contentUrl\":\"https:\/\/purenature.lt\/wp-content\/uploads\/2023\/07\/logo.png\",\"width\":526,\"height\":146,\"caption\":\"Elusv\u00e4li\"},\"image\":{\"@id\":\"https:\/\/old.elusvali.ee\/lt\/#\/schema\/logo\/image\/\"},\"sameAs\":[\"https:\/\/www.facebook.com\/profile.php?id=100064131067985\",\"https:\/\/www.instagram.com\/elusvali\/\",\"https:\/\/www.youtube.com\/@elusvali2110\"]}]}<\/script>\n<!-- \/ Yoast SEO plugin. -->","yoast_head_json":{"title":"Vimergy kanadin\u0117s auksa\u0161akn\u0117s tinkt\u016bra - 115ml. - Pure Nature","description":"Tai tikras imunin\u0117s sistemos stiprintojas! Nat\u016bralus antibiotikas. \u0160is ekstraktas tur\u0117t\u0173 b\u016bti kiekvien\u0173 nam\u0173 vaistin\u0117l\u0117je!","robots":{"index":"noindex","follow":"follow","max-snippet":"max-snippet:-1","max-image-preview":"max-image-preview:large","max-video-preview":"max-video-preview:-1"},"og_locale":"lt_LT","og_type":"article","og_title":"Vimergy kanadin\u0117s auksa\u0161akn\u0117s tinkt\u016bra - 115ml. - Pure Nature","og_description":"Tai tikras imunin\u0117s sistemos stiprintojas! Nat\u016bralus antibiotikas. \u0160is ekstraktas tur\u0117t\u0173 b\u016bti kiekvien\u0173 nam\u0173 vaistin\u0117l\u0117je!","og_url":"https:\/\/old.elusvali.ee\/lt\/prek\u0117\/vimergy-kanadines-auksasaknes-ekstraktas-115ml\/","og_site_name":"Elusv&auml;li","article_publisher":"https:\/\/www.facebook.com\/profile.php?id=100064131067985","article_modified_time":"2025-06-29T05:25:16+00:00","og_image":[{"width":1400,"height":1400,"url":"https:\/\/purenature.lt\/wp-content\/uploads\/2021\/03\/Kanada-koldjuur-tinktuur-Vimergy.jpg","type":"image\/jpeg"}],"twitter_card":"summary_large_image","twitter_misc":{"Est. reading time":"2 minut\u0117s"},"schema":{"@context":"https:\/\/schema.org","@graph":[{"@type":"WebPage","@id":"https:\/\/old.elusvali.ee\/lt\/prek\u0117\/vimergy-kanadines-auksasaknes-ekstraktas-115ml\/","url":"https:\/\/old.elusvali.ee\/lt\/prek\u0117\/vimergy-kanadines-auksasaknes-ekstraktas-115ml\/","name":"Vimergy kanadin\u0117s auksa\u0161akn\u0117s tinkt\u016bra - 115ml. - Pure Nature","isPartOf":{"@id":"https:\/\/old.elusvali.ee\/lt\/#website"},"primaryImageOfPage":{"@id":"https:\/\/old.elusvali.ee\/lt\/prek\u0117\/vimergy-kanadines-auksasaknes-ekstraktas-115ml\/#primaryimage"},"image":{"@id":"https:\/\/old.elusvali.ee\/lt\/prek\u0117\/vimergy-kanadines-auksasaknes-ekstraktas-115ml\/#primaryimage"},"thumbnailUrl":"https:\/\/old.elusvali.ee\/wp-content\/uploads\/2021\/03\/Kanada-koldjuur-tinktuur-Vimergy.jpg","datePublished":"2021-03-11T09:16:15+00:00","dateModified":"2025-06-29T05:25:16+00:00","description":"Tai tikras imunin\u0117s sistemos stiprintojas! Nat\u016bralus antibiotikas. \u0160is ekstraktas tur\u0117t\u0173 b\u016bti kiekvien\u0173 nam\u0173 vaistin\u0117l\u0117je!","breadcrumb":{"@id":"https:\/\/old.elusvali.ee\/lt\/prek\u0117\/vimergy-kanadines-auksasaknes-ekstraktas-115ml\/#breadcrumb"},"inLanguage":"lt-LT","potentialAction":[{"@type":"ReadAction","target":["https:\/\/old.elusvali.ee\/lt\/prek\u0117\/vimergy-kanadines-auksasaknes-ekstraktas-115ml\/"]}]},{"@type":"ImageObject","inLanguage":"lt-LT","@id":"https:\/\/old.elusvali.ee\/lt\/prek\u0117\/vimergy-kanadines-auksasaknes-ekstraktas-115ml\/#primaryimage","url":"https:\/\/old.elusvali.ee\/wp-content\/uploads\/2021\/03\/Kanada-koldjuur-tinktuur-Vimergy.jpg","contentUrl":"https:\/\/old.elusvali.ee\/wp-content\/uploads\/2021\/03\/Kanada-koldjuur-tinktuur-Vimergy.jpg","width":1400,"height":1400,"caption":"Kanadines auksasaknes ekstraktas"},{"@type":"BreadcrumbList","@id":"https:\/\/old.elusvali.ee\/lt\/prek\u0117\/vimergy-kanadines-auksasaknes-ekstraktas-115ml\/#breadcrumb","itemListElement":[{"@type":"ListItem","position":1,"name":"Home","item":"https:\/\/old.elusvali.ee\/lt\/"},{"@type":"ListItem","position":2,"name":"Elektronin\u0117 parduotuv\u0117","item":"https:\/\/purenature.lt\/parduotuve\/"},{"@type":"ListItem","position":3,"name":"Vimergy kanadin\u0117s auksa\u0161akn\u0117s tinkt\u016bra &#8211; 115ml."}]},{"@type":"WebSite","@id":"https:\/\/old.elusvali.ee\/lt\/#website","url":"https:\/\/old.elusvali.ee\/lt\/","name":"Elusv\u00e4li","description":"Puhas k&ouml;&ouml;k ja koduapteek","publisher":{"@id":"https:\/\/old.elusvali.ee\/lt\/#organization"},"potentialAction":[{"@type":"SearchAction","target":{"@type":"EntryPoint","urlTemplate":"https:\/\/old.elusvali.ee\/lt\/?s={search_term_string}"},"query-input":{"@type":"PropertyValueSpecification","valueRequired":true,"valueName":"search_term_string"}}],"inLanguage":"lt-LT"},{"@type":"Organization","@id":"https:\/\/old.elusvali.ee\/lt\/#organization","name":"Elusv\u00e4li","url":"https:\/\/old.elusvali.ee\/lt\/","logo":{"@type":"ImageObject","inLanguage":"lt-LT","@id":"https:\/\/old.elusvali.ee\/lt\/#\/schema\/logo\/image\/","url":"https:\/\/purenature.lt\/wp-content\/uploads\/2023\/07\/logo.png","contentUrl":"https:\/\/purenature.lt\/wp-content\/uploads\/2023\/07\/logo.png","width":526,"height":146,"caption":"Elusv\u00e4li"},"image":{"@id":"https:\/\/old.elusvali.ee\/lt\/#\/schema\/logo\/image\/"},"sameAs":["https:\/\/www.facebook.com\/profile.php?id=100064131067985","https:\/\/www.instagram.com\/elusvali\/","https:\/\/www.youtube.com\/@elusvali2110"]}]}},"_links":{"self":[{"href":"https:\/\/old.elusvali.ee\/lt\/wp-json\/wp\/v2\/product\/36107","targetHints":{"allow":["GET"]}}],"collection":[{"href":"https:\/\/old.elusvali.ee\/lt\/wp-json\/wp\/v2\/product"}],"about":[{"href":"https:\/\/old.elusvali.ee\/lt\/wp-json\/wp\/v2\/types\/product"}],"replies":[{"embeddable":true,"href":"https:\/\/old.elusvali.ee\/lt\/wp-json\/wp\/v2\/comments?post=36107"}],"version-history":[{"count":0,"href":"https:\/\/old.elusvali.ee\/lt\/wp-json\/wp\/v2\/product\/36107\/revisions"}],"wp:featuredmedia":[{"embeddable":true,"href":"https:\/\/old.elusvali.ee\/lt\/wp-json\/wp\/v2\/media\/32484"}],"wp:attachment":[{"href":"https:\/\/old.elusvali.ee\/lt\/wp-json\/wp\/v2\/media?parent=36107"}],"wp:term":[{"taxonomy":"product_brand","embeddable":true,"href":"https:\/\/old.elusvali.ee\/lt\/wp-json\/wp\/v2\/product_brand?post=36107"},{"taxonomy":"product_cat","embeddable":true,"href":"https:\/\/old.elusvali.ee\/lt\/wp-json\/wp\/v2\/product_cat?post=36107"},{"taxonomy":"product_tag","embeddable":true,"href":"https:\/\/old.elusvali.ee\/lt\/wp-json\/wp\/v2\/product_tag?post=36107"}],"curies":[{"name":"wp","href":"https:\/\/api.w.org\/{rel}","templated":true}]}}