{"id":36104,"date":"2020-12-06T12:22:44","date_gmt":"2020-12-06T10:22:44","guid":{"rendered":"https:\/\/old.elusvali.ee\/product\/vimergy-gaba-60-kapsuliu\/"},"modified":"2025-07-04T17:11:44","modified_gmt":"2025-07-04T14:11:44","slug":"vimergy-gaba-ir-magnis-60-kapsuliu","status":"publish","type":"product","link":"https:\/\/old.elusvali.ee\/lt\/prek\u0117\/vimergy-gaba-ir-magnis-60-kapsuliu\/","title":{"rendered":"Vimergy GABA &#8211; 60 kapsuli\u0173."},"content":{"rendered":"<p>Gaba yra labai svarbu tinkamam nerv\u0173 sistemos funkcionavimui. Gaba yra pagrindinis slopinamasis neurotransmiteris \u017emogaus smegen\u0173 \u017eiev\u0117je, padedantis slopinti pernelyg didel\u0119 smegen\u0173 stimuliacij\u0105. Suvartojus 750-800 mg GABA, jums pad\u0117s susikaupti. Magnis reikalingas DNR ir RNR sintezei, l\u0105steli\u0173 sveikatai ir energijos gamybai. Magnis atlieka svarb\u0173 vaidmen\u012f normaliai neurologini\u0173 funkcij\u0173 veiklai ir yra b\u016btinas kofaktorius daugiau kaip 300 ferment\u0173 sistem\u0173.<\/p>\n<p><img fetchpriority=\"high\" decoding=\"async\" class=\"alignleft size-medium wp-image-44324\" style=\"margin-bottom: 0px;\" src=\"https:\/\/purenature.lt\/wp-content\/uploads\/2020\/12\/gaba-vimergy-supplements-vitamins-36312790466730-300x300.jpg\" alt=\"\" width=\"300\" height=\"300\" srcset=\"https:\/\/old.elusvali.ee\/wp-content\/uploads\/2020\/12\/gaba-vimergy-supplements-vitamins-36312790466730-300x300.jpg 300w, https:\/\/old.elusvali.ee\/wp-content\/uploads\/2020\/12\/gaba-vimergy-supplements-vitamins-36312790466730-150x150.jpg 150w, https:\/\/old.elusvali.ee\/wp-content\/uploads\/2020\/12\/gaba-vimergy-supplements-vitamins-36312790466730-768x768.jpg 768w, https:\/\/old.elusvali.ee\/wp-content\/uploads\/2020\/12\/gaba-vimergy-supplements-vitamins-36312790466730-430x430.jpg 430w, https:\/\/old.elusvali.ee\/wp-content\/uploads\/2020\/12\/gaba-vimergy-supplements-vitamins-36312790466730-700x700.jpg 700w, https:\/\/old.elusvali.ee\/wp-content\/uploads\/2020\/12\/gaba-vimergy-supplements-vitamins-36312790466730.jpg 800w\" sizes=\"(max-width: 300px) 100vw, 300px\" \/><\/p>\n<ul>\n<li>Gaba padeda organizmui atsipalaiduoti ir nusiraminti.<\/li>\n<li>GABA padeda organizmui reaguoti \u012f stresines situacijas.<\/li>\n<li>Kiekvienoje kapsul\u0117je yra 250 mg GABA ir 50 mg magnio glicinato.<\/li>\n<li>Vimergy GABA sud\u0117tyje n\u0117ra GMO, glitimo, ko\u0161erini\u0173 produkt\u0173, sojos, tinka veganams ir paleo.<\/li>\n<li>Sud\u0117tyje n\u0117ra citrinos r\u016bg\u0161ties ir \u017eelatinos.<\/li>\n<\/ul>\n<p>&nbsp;<\/p>\n<p>&nbsp;<\/p>\n<p>&nbsp;<\/p>\n<p><em>* Teiginiai paimti i\u0161 Vimergy internetinio puslapio.<\/em><\/p>\n<h2>Kaip vartoti GABA?<\/h2>\n<ul>\n<li><strong>Vartojimo instrukcijos<\/strong>: vartoti po 1-2 kapsules per dien\u0105, u\u017egeriant vandeniu. 60 dozi\u0173 pakuot\u0117je.<\/li>\n<li><strong>Laikymas: l<\/strong>aikyti v\u0117sioje, tamsioje vietoje. <em>Pavyzd\u017eiui, u\u017erakintoje virtuv\u0117s spintel\u0117je, vaikams nepasiekiamoje vietoje. Laikykite v\u0117sioje ir sausoje vietoje.<br \/>\n<\/em><\/li>\n<li><strong>Kontraindikacijos<\/strong>: nevartokite kaip \u012fvairios mitybos pakaitalo &#8211; svarbu ir subalansuota bei pilnavert\u0117 mityba. Jei laukiat\u0117s, maitinate kr\u016btimi, vartojate vaistus arba turite sveikatos sutrikim\u0173, prie\u0161 vartodami maisto papild\u0105, pasitarkite su gydytoju.<\/li>\n<\/ul>\n<p>Daugiau naudingos informacijos galite rasti straipsnyje: <a href=\"https:\/\/purenature.lt\/3-dazniausiai-pasitaikancios-klaidos-vartojant-maisto-papildus\/\">3 da\u017eniausiai pasitaikan\u010dios klaidos, kurias \u017emon\u0117s daro, vartodami papildus.<\/a><\/p>\n<p><a href=\"https:\/\/vimergy.com\/\">Vimergy<\/a> yra \u017einomas kaip vienas i\u0161 auk\u0161\u010diausios kokyb\u0117s JAV ekologi\u0161k\u0173 maisto papild\u0173 prek\u0117s \u017eenkl\u0173 visame pasaulyje.<br \/>\nVisi Vimergy produktai yra ekologi\u0161kos ir \u0161varios sud\u0117ties, be alkoholio ir tinkami veganams. Be to, n\u0117 viename i\u0161 Vimergy papild\u0173 n\u0117ra citrinos r\u016bg\u0161ties, GMO ingredient\u0173, u\u017epild\u0173 ar dirbtini\u0173 pried\u0173.<\/p>\n<p><img decoding=\"async\" class=\"aligncenter wp-image-44331 size-large\" src=\"https:\/\/purenature.lt\/wp-content\/uploads\/2020\/12\/Gaba_How_To_Desktop-1300x679.png\" alt=\"\" width=\"1300\" height=\"679\" srcset=\"https:\/\/old.elusvali.ee\/wp-content\/uploads\/2020\/12\/Gaba_How_To_Desktop-1300x679.png 1300w, https:\/\/old.elusvali.ee\/wp-content\/uploads\/2020\/12\/Gaba_How_To_Desktop-400x209.png 400w, https:\/\/old.elusvali.ee\/wp-content\/uploads\/2020\/12\/Gaba_How_To_Desktop-768x401.png 768w, https:\/\/old.elusvali.ee\/wp-content\/uploads\/2020\/12\/Gaba_How_To_Desktop-1536x803.png 1536w, https:\/\/old.elusvali.ee\/wp-content\/uploads\/2020\/12\/Gaba_How_To_Desktop-430x225.png 430w, https:\/\/old.elusvali.ee\/wp-content\/uploads\/2020\/12\/Gaba_How_To_Desktop-700x366.png 700w, https:\/\/old.elusvali.ee\/wp-content\/uploads\/2020\/12\/Gaba_How_To_Desktop-150x78.png 150w, https:\/\/old.elusvali.ee\/wp-content\/uploads\/2020\/12\/Gaba_How_To_Desktop.png 2000w\" sizes=\"(max-width: 1300px) 100vw, 1300px\" \/><\/p>\n","protected":false},"excerpt":{"rendered":"<p>\u0160iuolaikiniame, be galo greitame gyvenimo ritme, daugeliui i\u0161 m\u016bs\u0173 praverst\u0173 \u0161iek tiek pagalbos, kad gal\u0117tume tinkamai atsipalaiduoti. GABA (gama amino sviesto r\u016bg\u0161tis) padeda atsipalaiduoti ir sveikai reaguoti \u012f stresines situacijas. Kiekvienoje kapsul\u0117je yra 250 mg GABA ir 50 mg magnio glicinato. Magnis atlieka svarb\u0173 vaidmen\u012f neurologin\u0117se funkcijose. Vimergy GABA su magniu yra vienas i\u0161 m\u016bs\u0173 m\u0117gstamiausi\u0173 kasdieni\u0173 papild\u0173, padedan\u010di\u0173 \u012fveikti stres\u0105 ir netik\u0117tus streso suk\u0117l\u0117jus.<\/p>\n","protected":false},"featured_media":32360,"comment_status":"open","ping_status":"closed","template":"","meta":{"_acf_changed":false},"product_brand":[],"product_cat":[499,473,772,494,694],"product_tag":[477,476],"class_list":{"0":"post-36104","1":"product","2":"type-product","3":"status-publish","4":"has-post-thumbnail","6":"product_cat-kunui","7":"product_cat-maisto-papildai","8":"product_cat-psichikos-sveikata","9":"product_cat-smegenu-sveikata","10":"product_cat-vimergy-lt","11":"product_tag-kapsules","12":"product_tag-vimergy-lt","14":"first","15":"instock","16":"taxable","17":"shipping-taxable","18":"purchasable","19":"product-type-simple"},"acf":[],"yoast_head":"<!-- This site is optimized with the Yoast SEO plugin v25.3.1 - https:\/\/yoast.com\/wordpress\/plugins\/seo\/ -->\n<title>Vimergy GABA - 60 kapsuli\u0173. - Pure Nature<\/title>\n<meta name=\"description\" content=\"\u0160io maisto papildo aktyviosios sudedamosios dalys, GABA ir magnio glicinatas, veikia kartu, kad u\u017etikrint\u0173 vientis\u0105 naud\u0105 smegenims ir k\u016bnui.\" \/>\n<meta name=\"robots\" content=\"noindex, follow, max-snippet:-1, max-image-preview:large, max-video-preview:-1\" \/>\n<meta property=\"og:locale\" content=\"lt_LT\" \/>\n<meta property=\"og:type\" content=\"article\" \/>\n<meta property=\"og:title\" content=\"Vimergy GABA - 60 kapsuli\u0173. - Pure Nature\" \/>\n<meta property=\"og:description\" content=\"\u0160io maisto papildo aktyviosios sudedamosios dalys, GABA ir magnio glicinatas, veikia kartu, kad u\u017etikrint\u0173 vientis\u0105 naud\u0105 smegenims ir k\u016bnui.\" \/>\n<meta property=\"og:url\" content=\"https:\/\/old.elusvali.ee\/lt\/prek\u0117\/vimergy-gaba-ir-magnis-60-kapsuliu\/\" \/>\n<meta property=\"og:site_name\" content=\"Elusv&auml;li\" \/>\n<meta property=\"article:publisher\" content=\"https:\/\/www.facebook.com\/profile.php?id=100064131067985\" \/>\n<meta property=\"article:modified_time\" content=\"2025-07-04T14:11:44+00:00\" \/>\n<meta property=\"og:image\" content=\"https:\/\/purenature.lt\/wp-content\/uploads\/2020\/12\/Vimergy-Gaba-eesti.jpg\" \/>\n\t<meta property=\"og:image:width\" content=\"1400\" \/>\n\t<meta property=\"og:image:height\" content=\"1400\" \/>\n\t<meta property=\"og:image:type\" content=\"image\/jpeg\" \/>\n<meta name=\"twitter:card\" content=\"summary_large_image\" \/>\n<meta name=\"twitter:label1\" content=\"Est. reading time\" \/>\n\t<meta name=\"twitter:data1\" content=\"1 minut\u0117\" \/>\n<script type=\"application\/ld+json\" class=\"yoast-schema-graph\">{\"@context\":\"https:\/\/schema.org\",\"@graph\":[{\"@type\":\"WebPage\",\"@id\":\"https:\/\/old.elusvali.ee\/lt\/prek\u0117\/vimergy-gaba-ir-magnis-60-kapsuliu\/\",\"url\":\"https:\/\/old.elusvali.ee\/lt\/prek\u0117\/vimergy-gaba-ir-magnis-60-kapsuliu\/\",\"name\":\"Vimergy GABA - 60 kapsuli\u0173. - Pure Nature\",\"isPartOf\":{\"@id\":\"https:\/\/old.elusvali.ee\/lt\/#website\"},\"primaryImageOfPage\":{\"@id\":\"https:\/\/old.elusvali.ee\/lt\/prek\u0117\/vimergy-gaba-ir-magnis-60-kapsuliu\/#primaryimage\"},\"image\":{\"@id\":\"https:\/\/old.elusvali.ee\/lt\/prek\u0117\/vimergy-gaba-ir-magnis-60-kapsuliu\/#primaryimage\"},\"thumbnailUrl\":\"https:\/\/old.elusvali.ee\/wp-content\/uploads\/2020\/12\/Vimergy-Gaba-eesti.jpg\",\"datePublished\":\"2020-12-06T10:22:44+00:00\",\"dateModified\":\"2025-07-04T14:11:44+00:00\",\"description\":\"\u0160io maisto papildo aktyviosios sudedamosios dalys, GABA ir magnio glicinatas, veikia kartu, kad u\u017etikrint\u0173 vientis\u0105 naud\u0105 smegenims ir k\u016bnui.\",\"breadcrumb\":{\"@id\":\"https:\/\/old.elusvali.ee\/lt\/prek\u0117\/vimergy-gaba-ir-magnis-60-kapsuliu\/#breadcrumb\"},\"inLanguage\":\"lt-LT\",\"potentialAction\":[{\"@type\":\"ReadAction\",\"target\":[\"https:\/\/old.elusvali.ee\/lt\/prek\u0117\/vimergy-gaba-ir-magnis-60-kapsuliu\/\"]}]},{\"@type\":\"ImageObject\",\"inLanguage\":\"lt-LT\",\"@id\":\"https:\/\/old.elusvali.ee\/lt\/prek\u0117\/vimergy-gaba-ir-magnis-60-kapsuliu\/#primaryimage\",\"url\":\"https:\/\/old.elusvali.ee\/wp-content\/uploads\/2020\/12\/Vimergy-Gaba-eesti.jpg\",\"contentUrl\":\"https:\/\/old.elusvali.ee\/wp-content\/uploads\/2020\/12\/Vimergy-Gaba-eesti.jpg\",\"width\":1400,\"height\":1400,\"caption\":\"Gaba ir magnis maisto papildas\"},{\"@type\":\"BreadcrumbList\",\"@id\":\"https:\/\/old.elusvali.ee\/lt\/prek\u0117\/vimergy-gaba-ir-magnis-60-kapsuliu\/#breadcrumb\",\"itemListElement\":[{\"@type\":\"ListItem\",\"position\":1,\"name\":\"Home\",\"item\":\"https:\/\/old.elusvali.ee\/lt\/\"},{\"@type\":\"ListItem\",\"position\":2,\"name\":\"Elektronin\u0117 parduotuv\u0117\",\"item\":\"https:\/\/purenature.lt\/parduotuve\/\"},{\"@type\":\"ListItem\",\"position\":3,\"name\":\"Vimergy GABA &#8211; 60 kapsuli\u0173.\"}]},{\"@type\":\"WebSite\",\"@id\":\"https:\/\/old.elusvali.ee\/lt\/#website\",\"url\":\"https:\/\/old.elusvali.ee\/lt\/\",\"name\":\"Elusv\u00e4li\",\"description\":\"Puhas k&ouml;&ouml;k ja koduapteek\",\"publisher\":{\"@id\":\"https:\/\/old.elusvali.ee\/lt\/#organization\"},\"potentialAction\":[{\"@type\":\"SearchAction\",\"target\":{\"@type\":\"EntryPoint\",\"urlTemplate\":\"https:\/\/old.elusvali.ee\/lt\/?s={search_term_string}\"},\"query-input\":{\"@type\":\"PropertyValueSpecification\",\"valueRequired\":true,\"valueName\":\"search_term_string\"}}],\"inLanguage\":\"lt-LT\"},{\"@type\":\"Organization\",\"@id\":\"https:\/\/old.elusvali.ee\/lt\/#organization\",\"name\":\"Elusv\u00e4li\",\"url\":\"https:\/\/old.elusvali.ee\/lt\/\",\"logo\":{\"@type\":\"ImageObject\",\"inLanguage\":\"lt-LT\",\"@id\":\"https:\/\/old.elusvali.ee\/lt\/#\/schema\/logo\/image\/\",\"url\":\"https:\/\/purenature.lt\/wp-content\/uploads\/2023\/07\/logo.png\",\"contentUrl\":\"https:\/\/purenature.lt\/wp-content\/uploads\/2023\/07\/logo.png\",\"width\":526,\"height\":146,\"caption\":\"Elusv\u00e4li\"},\"image\":{\"@id\":\"https:\/\/old.elusvali.ee\/lt\/#\/schema\/logo\/image\/\"},\"sameAs\":[\"https:\/\/www.facebook.com\/profile.php?id=100064131067985\",\"https:\/\/www.instagram.com\/elusvali\/\",\"https:\/\/www.youtube.com\/@elusvali2110\"]}]}<\/script>\n<!-- \/ Yoast SEO plugin. -->","yoast_head_json":{"title":"Vimergy GABA - 60 kapsuli\u0173. - Pure Nature","description":"\u0160io maisto papildo aktyviosios sudedamosios dalys, GABA ir magnio glicinatas, veikia kartu, kad u\u017etikrint\u0173 vientis\u0105 naud\u0105 smegenims ir k\u016bnui.","robots":{"index":"noindex","follow":"follow","max-snippet":"max-snippet:-1","max-image-preview":"max-image-preview:large","max-video-preview":"max-video-preview:-1"},"og_locale":"lt_LT","og_type":"article","og_title":"Vimergy GABA - 60 kapsuli\u0173. - Pure Nature","og_description":"\u0160io maisto papildo aktyviosios sudedamosios dalys, GABA ir magnio glicinatas, veikia kartu, kad u\u017etikrint\u0173 vientis\u0105 naud\u0105 smegenims ir k\u016bnui.","og_url":"https:\/\/old.elusvali.ee\/lt\/prek\u0117\/vimergy-gaba-ir-magnis-60-kapsuliu\/","og_site_name":"Elusv&auml;li","article_publisher":"https:\/\/www.facebook.com\/profile.php?id=100064131067985","article_modified_time":"2025-07-04T14:11:44+00:00","og_image":[{"width":1400,"height":1400,"url":"https:\/\/purenature.lt\/wp-content\/uploads\/2020\/12\/Vimergy-Gaba-eesti.jpg","type":"image\/jpeg"}],"twitter_card":"summary_large_image","twitter_misc":{"Est. reading time":"1 minut\u0117"},"schema":{"@context":"https:\/\/schema.org","@graph":[{"@type":"WebPage","@id":"https:\/\/old.elusvali.ee\/lt\/prek\u0117\/vimergy-gaba-ir-magnis-60-kapsuliu\/","url":"https:\/\/old.elusvali.ee\/lt\/prek\u0117\/vimergy-gaba-ir-magnis-60-kapsuliu\/","name":"Vimergy GABA - 60 kapsuli\u0173. - Pure Nature","isPartOf":{"@id":"https:\/\/old.elusvali.ee\/lt\/#website"},"primaryImageOfPage":{"@id":"https:\/\/old.elusvali.ee\/lt\/prek\u0117\/vimergy-gaba-ir-magnis-60-kapsuliu\/#primaryimage"},"image":{"@id":"https:\/\/old.elusvali.ee\/lt\/prek\u0117\/vimergy-gaba-ir-magnis-60-kapsuliu\/#primaryimage"},"thumbnailUrl":"https:\/\/old.elusvali.ee\/wp-content\/uploads\/2020\/12\/Vimergy-Gaba-eesti.jpg","datePublished":"2020-12-06T10:22:44+00:00","dateModified":"2025-07-04T14:11:44+00:00","description":"\u0160io maisto papildo aktyviosios sudedamosios dalys, GABA ir magnio glicinatas, veikia kartu, kad u\u017etikrint\u0173 vientis\u0105 naud\u0105 smegenims ir k\u016bnui.","breadcrumb":{"@id":"https:\/\/old.elusvali.ee\/lt\/prek\u0117\/vimergy-gaba-ir-magnis-60-kapsuliu\/#breadcrumb"},"inLanguage":"lt-LT","potentialAction":[{"@type":"ReadAction","target":["https:\/\/old.elusvali.ee\/lt\/prek\u0117\/vimergy-gaba-ir-magnis-60-kapsuliu\/"]}]},{"@type":"ImageObject","inLanguage":"lt-LT","@id":"https:\/\/old.elusvali.ee\/lt\/prek\u0117\/vimergy-gaba-ir-magnis-60-kapsuliu\/#primaryimage","url":"https:\/\/old.elusvali.ee\/wp-content\/uploads\/2020\/12\/Vimergy-Gaba-eesti.jpg","contentUrl":"https:\/\/old.elusvali.ee\/wp-content\/uploads\/2020\/12\/Vimergy-Gaba-eesti.jpg","width":1400,"height":1400,"caption":"Gaba ir magnis maisto papildas"},{"@type":"BreadcrumbList","@id":"https:\/\/old.elusvali.ee\/lt\/prek\u0117\/vimergy-gaba-ir-magnis-60-kapsuliu\/#breadcrumb","itemListElement":[{"@type":"ListItem","position":1,"name":"Home","item":"https:\/\/old.elusvali.ee\/lt\/"},{"@type":"ListItem","position":2,"name":"Elektronin\u0117 parduotuv\u0117","item":"https:\/\/purenature.lt\/parduotuve\/"},{"@type":"ListItem","position":3,"name":"Vimergy GABA &#8211; 60 kapsuli\u0173."}]},{"@type":"WebSite","@id":"https:\/\/old.elusvali.ee\/lt\/#website","url":"https:\/\/old.elusvali.ee\/lt\/","name":"Elusv\u00e4li","description":"Puhas k&ouml;&ouml;k ja koduapteek","publisher":{"@id":"https:\/\/old.elusvali.ee\/lt\/#organization"},"potentialAction":[{"@type":"SearchAction","target":{"@type":"EntryPoint","urlTemplate":"https:\/\/old.elusvali.ee\/lt\/?s={search_term_string}"},"query-input":{"@type":"PropertyValueSpecification","valueRequired":true,"valueName":"search_term_string"}}],"inLanguage":"lt-LT"},{"@type":"Organization","@id":"https:\/\/old.elusvali.ee\/lt\/#organization","name":"Elusv\u00e4li","url":"https:\/\/old.elusvali.ee\/lt\/","logo":{"@type":"ImageObject","inLanguage":"lt-LT","@id":"https:\/\/old.elusvali.ee\/lt\/#\/schema\/logo\/image\/","url":"https:\/\/purenature.lt\/wp-content\/uploads\/2023\/07\/logo.png","contentUrl":"https:\/\/purenature.lt\/wp-content\/uploads\/2023\/07\/logo.png","width":526,"height":146,"caption":"Elusv\u00e4li"},"image":{"@id":"https:\/\/old.elusvali.ee\/lt\/#\/schema\/logo\/image\/"},"sameAs":["https:\/\/www.facebook.com\/profile.php?id=100064131067985","https:\/\/www.instagram.com\/elusvali\/","https:\/\/www.youtube.com\/@elusvali2110"]}]}},"_links":{"self":[{"href":"https:\/\/old.elusvali.ee\/lt\/wp-json\/wp\/v2\/product\/36104","targetHints":{"allow":["GET"]}}],"collection":[{"href":"https:\/\/old.elusvali.ee\/lt\/wp-json\/wp\/v2\/product"}],"about":[{"href":"https:\/\/old.elusvali.ee\/lt\/wp-json\/wp\/v2\/types\/product"}],"replies":[{"embeddable":true,"href":"https:\/\/old.elusvali.ee\/lt\/wp-json\/wp\/v2\/comments?post=36104"}],"version-history":[{"count":0,"href":"https:\/\/old.elusvali.ee\/lt\/wp-json\/wp\/v2\/product\/36104\/revisions"}],"wp:featuredmedia":[{"embeddable":true,"href":"https:\/\/old.elusvali.ee\/lt\/wp-json\/wp\/v2\/media\/32360"}],"wp:attachment":[{"href":"https:\/\/old.elusvali.ee\/lt\/wp-json\/wp\/v2\/media?parent=36104"}],"wp:term":[{"taxonomy":"product_brand","embeddable":true,"href":"https:\/\/old.elusvali.ee\/lt\/wp-json\/wp\/v2\/product_brand?post=36104"},{"taxonomy":"product_cat","embeddable":true,"href":"https:\/\/old.elusvali.ee\/lt\/wp-json\/wp\/v2\/product_cat?post=36104"},{"taxonomy":"product_tag","embeddable":true,"href":"https:\/\/old.elusvali.ee\/lt\/wp-json\/wp\/v2\/product_tag?post=36104"}],"curies":[{"name":"wp","href":"https:\/\/api.w.org\/{rel}","templated":true}]}}