{"id":36100,"date":"2021-12-01T10:24:10","date_gmt":"2021-12-01T08:24:10","guid":{"rendered":"https:\/\/old.elusvali.ee\/product\/vimergy-chaga-kapsules-90-kapsuliu\/"},"modified":"2025-06-15T00:07:54","modified_gmt":"2025-06-14T21:07:54","slug":"vimergy-chaga-kapsules-90-kapsuliu","status":"publish","type":"product","link":"https:\/\/old.elusvali.ee\/lt\/prek\u0117\/vimergy-chaga-kapsules-90-kapsuliu\/","title":{"rendered":"Vimergy Chaga kapsul\u0117s &#8211; 90 kapsuli\u0173."},"content":{"rendered":"<p>Tikroji stipryb\u0117 prasideda viduje, sveikame k\u016bne. \u010cag\u0105, arba juodojo ber\u017eo grybas, i\u0161 laukin\u0117s gamtos m\u016bs\u0173 prot\u0117viai vartojo daugiau nei 2000 met\u0173 ir tai vis dar populiaru dabar. Dabar galima \u012fsigyti ir kapsuli\u0173 pavidalu, kad b\u016bt\u0173 lengva pasiimti ir i\u0161sine\u0161ti. <img fetchpriority=\"high\" decoding=\"async\" class=\"alignleft size-medium wp-image-44508\" style=\"margin-bottom: 0px;\" src=\"https:\/\/purenature.lt\/wp-content\/uploads\/2021\/12\/chaga-capsules-vimergy-supplements-vitamins-37367142711466-300x300.jpg\" alt=\"\" width=\"300\" height=\"300\" srcset=\"https:\/\/old.elusvali.ee\/wp-content\/uploads\/2021\/12\/chaga-capsules-vimergy-supplements-vitamins-37367142711466-300x300.jpg 300w, https:\/\/old.elusvali.ee\/wp-content\/uploads\/2021\/12\/chaga-capsules-vimergy-supplements-vitamins-37367142711466-150x150.jpg 150w, https:\/\/old.elusvali.ee\/wp-content\/uploads\/2021\/12\/chaga-capsules-vimergy-supplements-vitamins-37367142711466-768x768.jpg 768w, https:\/\/old.elusvali.ee\/wp-content\/uploads\/2021\/12\/chaga-capsules-vimergy-supplements-vitamins-37367142711466-430x430.jpg 430w, https:\/\/old.elusvali.ee\/wp-content\/uploads\/2021\/12\/chaga-capsules-vimergy-supplements-vitamins-37367142711466-700x700.jpg 700w, https:\/\/old.elusvali.ee\/wp-content\/uploads\/2021\/12\/chaga-capsules-vimergy-supplements-vitamins-37367142711466.jpg 800w\" sizes=\"(max-width: 300px) 100vw, 300px\" \/><\/p>\n<p><strong>Chaga kapsul\u0117s su ekologi\u0161kais chaga milteliais.<\/strong><\/p>\n<ul>\n<li>Chaga sud\u0117tyje yra polisacharid\u0173, melanino ir polifenolio.<\/li>\n<li>Dabar galima \u012fsigyti ir kapsuli\u0173 pavidalu, kad b\u016bt\u0173 paprasta pasiimti su savimi keliaujant.<\/li>\n<li>I\u0161bandyta ir patikrinta HPTLC. Produktas be radiacijos.<\/li>\n<li>Ekologi\u0161ki milteliai, be GMO, be glitimo, be kukur\u016bz\u0173, be sojos, ko\u0161erinis, vegani\u0161kas ir tinka paleo.<\/li>\n<\/ul>\n<p>&nbsp;<\/p>\n<p>&nbsp;<\/p>\n<p>&nbsp;<\/p>\n<p><em>* Teiginiai paimti i\u0161 Vimergy internetinio puslapio.<\/em><\/p>\n<h2>Kaip vartoti Vimergy chaga kapsules?<\/h2>\n<ul>\n<li><strong>Vartojimo instrukcijos<\/strong>: vartoti po 3 kapsules per dien\u0105, u\u017egeriant vandeniu. I\u0161 viso 90 kapsuli\u0173 indelyje.<\/li>\n<li><strong>Laikymas: l<\/strong>aikyti v\u0117sioje, tamsioje vietoje. <em>Pavyzd\u017eiui, u\u017erakintoje virtuv\u0117s spintel\u0117je, vaikams nepasiekiamoje vietoje. Laikykite v\u0117sioje ir sausoje vietoje.<\/em> <\/li>\n<li><strong>Kontraindikacijos<\/strong>: nevartokite kaip \u012fvairios mitybos pakaitalo &#8211; svarbu ir subalansuota bei pilnavert\u0117 mityba. Jei laukiat\u0117s, maitinate kr\u016btimi, vartojate vaistus arba turite sveikatos sutrikim\u0173, prie\u0161 vartodami maisto papild\u0105, pasitarkite su gydytoju.<\/li>\n<\/ul>\n<p> Daugiau informacijos skaitykite straipsnyje: <a href=\"https:\/\/purenature.lt\/3-dazniausiai-pasitaikancios-klaidos-vartojant-maisto-papildus\/\">3 da\u017eniausiai pasitaikan\u010dias klaidos, kurias \u017emon\u0117s daro vartodami maisto papildus.<\/a><br \/><a href=\"https:\/\/vimergy.com\/\">Vimergy <\/a>yra \u017einomas kaip vienas auk\u0161\u010diausios kokyb\u0117s ekologi\u0161k\u0173 maisto papild\u0173 prek\u0117s \u017eenkl\u0173 JAV. Visi Vimergy produktai yra ekologi\u0161kai \u0161var\u016bs, be alkoholio ir tinkami veganams. Be to, Vimergy maisto papild\u0173 sud\u0117tyje n\u0117ra citrinos r\u016bg\u0161ties, u\u017epild\u0173 ar dirbtini\u0173 pried\u0173. <img decoding=\"async\" class=\"aligncenter wp-image-44513 size-large\" src=\"https:\/\/purenature.lt\/wp-content\/uploads\/2021\/12\/Chaga_Capsules_How_To_Desktop-1300x679.png\" alt=\"\" width=\"1300\" height=\"679\" srcset=\"https:\/\/old.elusvali.ee\/wp-content\/uploads\/2021\/12\/Chaga_Capsules_How_To_Desktop-1300x679.png 1300w, https:\/\/old.elusvali.ee\/wp-content\/uploads\/2021\/12\/Chaga_Capsules_How_To_Desktop-400x209.png 400w, https:\/\/old.elusvali.ee\/wp-content\/uploads\/2021\/12\/Chaga_Capsules_How_To_Desktop-768x401.png 768w, https:\/\/old.elusvali.ee\/wp-content\/uploads\/2021\/12\/Chaga_Capsules_How_To_Desktop-1536x803.png 1536w, https:\/\/old.elusvali.ee\/wp-content\/uploads\/2021\/12\/Chaga_Capsules_How_To_Desktop-430x225.png 430w, https:\/\/old.elusvali.ee\/wp-content\/uploads\/2021\/12\/Chaga_Capsules_How_To_Desktop-700x366.png 700w, https:\/\/old.elusvali.ee\/wp-content\/uploads\/2021\/12\/Chaga_Capsules_How_To_Desktop-150x78.png 150w, https:\/\/old.elusvali.ee\/wp-content\/uploads\/2021\/12\/Chaga_Capsules_How_To_Desktop.png 2000w\" sizes=\"(max-width: 1300px) 100vw, 1300px\" \/><\/p>\n","protected":false},"excerpt":{"rendered":"<p>Chaga yra puikus tonikas, kuriuo galima prad\u0117ti ryt\u0105 arba pagyvinti popiet\u0119. Vimergy ekologi\u0161k\u0173 chaga (juodojo ber\u017eo grybo) milteli\u0173 nuo \u0161iol galima \u012fsigyti ir kapsul\u0117se, kad b\u016bt\u0173 patogu vartoti keliaujant! Tinka vartoti kasdien po 3 kapsules per dien\u0105. I\u0161 viso 90 kapsuli\u0173 indelyje.<\/p>\n","protected":false},"featured_media":32346,"comment_status":"open","ping_status":"closed","template":"","meta":{"_acf_changed":false},"product_brand":[],"product_cat":[473,694],"product_tag":[477,476],"class_list":{"0":"post-36100","1":"product","2":"type-product","3":"status-publish","4":"has-post-thumbnail","6":"product_cat-maisto-papildai","7":"product_cat-vimergy-lt","8":"product_tag-kapsules","9":"product_tag-vimergy-lt","11":"first","12":"instock","13":"taxable","14":"shipping-taxable","15":"purchasable","16":"product-type-simple"},"acf":[],"yoast_head":"<!-- This site is optimized with the Yoast SEO plugin v25.3.1 - https:\/\/yoast.com\/wordpress\/plugins\/seo\/ -->\n<title>Vimergy Chaga kapsul\u0117s - 90 kapsuli\u0173. - Pure Nature<\/title>\n<meta name=\"description\" content=\"Tur\u0117kite a\u0161tr\u0173 prot\u0105, energij\u0105 ir stipri\u0105 imunin\u0119 sistem\u0105 vartodami \u0161\u012f funkcini\u0173 gryb\u0173 chaga maisto papild\u0105. \u0160iose kapsul\u0117se tik vienas ingredientas - gryni ekologi\u0161ki chaga milteliai.\" \/>\n<meta name=\"robots\" content=\"noindex, follow, max-snippet:-1, max-image-preview:large, max-video-preview:-1\" \/>\n<meta property=\"og:locale\" content=\"lt_LT\" \/>\n<meta property=\"og:type\" content=\"article\" \/>\n<meta property=\"og:title\" content=\"Vimergy Chaga kapsul\u0117s - 90 kapsuli\u0173. - Pure Nature\" \/>\n<meta property=\"og:description\" content=\"Tur\u0117kite a\u0161tr\u0173 prot\u0105, energij\u0105 ir stipri\u0105 imunin\u0119 sistem\u0105 vartodami \u0161\u012f funkcini\u0173 gryb\u0173 chaga maisto papild\u0105. \u0160iose kapsul\u0117se tik vienas ingredientas - gryni ekologi\u0161ki chaga milteliai.\" \/>\n<meta property=\"og:url\" content=\"https:\/\/old.elusvali.ee\/lt\/prek\u0117\/vimergy-chaga-kapsules-90-kapsuliu\/\" \/>\n<meta property=\"og:site_name\" content=\"Elusv&auml;li\" \/>\n<meta property=\"article:publisher\" content=\"https:\/\/www.facebook.com\/profile.php?id=100064131067985\" \/>\n<meta property=\"article:modified_time\" content=\"2025-06-14T21:07:54+00:00\" \/>\n<meta property=\"og:image\" content=\"https:\/\/purenature.lt\/wp-content\/uploads\/2021\/12\/Vimergy-chaga-kapslid-eesti.jpg\" \/>\n\t<meta property=\"og:image:width\" content=\"1400\" \/>\n\t<meta property=\"og:image:height\" content=\"1400\" \/>\n\t<meta property=\"og:image:type\" content=\"image\/jpeg\" \/>\n<meta name=\"twitter:card\" content=\"summary_large_image\" \/>\n<meta name=\"twitter:label1\" content=\"Est. reading time\" \/>\n\t<meta name=\"twitter:data1\" content=\"1 minut\u0117\" \/>\n<script type=\"application\/ld+json\" class=\"yoast-schema-graph\">{\"@context\":\"https:\/\/schema.org\",\"@graph\":[{\"@type\":\"WebPage\",\"@id\":\"https:\/\/old.elusvali.ee\/lt\/prek\u0117\/vimergy-chaga-kapsules-90-kapsuliu\/\",\"url\":\"https:\/\/old.elusvali.ee\/lt\/prek\u0117\/vimergy-chaga-kapsules-90-kapsuliu\/\",\"name\":\"Vimergy Chaga kapsul\u0117s - 90 kapsuli\u0173. - Pure Nature\",\"isPartOf\":{\"@id\":\"https:\/\/old.elusvali.ee\/lt\/#website\"},\"primaryImageOfPage\":{\"@id\":\"https:\/\/old.elusvali.ee\/lt\/prek\u0117\/vimergy-chaga-kapsules-90-kapsuliu\/#primaryimage\"},\"image\":{\"@id\":\"https:\/\/old.elusvali.ee\/lt\/prek\u0117\/vimergy-chaga-kapsules-90-kapsuliu\/#primaryimage\"},\"thumbnailUrl\":\"https:\/\/old.elusvali.ee\/wp-content\/uploads\/2021\/12\/Vimergy-chaga-kapslid-eesti.jpg\",\"datePublished\":\"2021-12-01T08:24:10+00:00\",\"dateModified\":\"2025-06-14T21:07:54+00:00\",\"description\":\"Tur\u0117kite a\u0161tr\u0173 prot\u0105, energij\u0105 ir stipri\u0105 imunin\u0119 sistem\u0105 vartodami \u0161\u012f funkcini\u0173 gryb\u0173 chaga maisto papild\u0105. \u0160iose kapsul\u0117se tik vienas ingredientas - gryni ekologi\u0161ki chaga milteliai.\",\"breadcrumb\":{\"@id\":\"https:\/\/old.elusvali.ee\/lt\/prek\u0117\/vimergy-chaga-kapsules-90-kapsuliu\/#breadcrumb\"},\"inLanguage\":\"lt-LT\",\"potentialAction\":[{\"@type\":\"ReadAction\",\"target\":[\"https:\/\/old.elusvali.ee\/lt\/prek\u0117\/vimergy-chaga-kapsules-90-kapsuliu\/\"]}]},{\"@type\":\"ImageObject\",\"inLanguage\":\"lt-LT\",\"@id\":\"https:\/\/old.elusvali.ee\/lt\/prek\u0117\/vimergy-chaga-kapsules-90-kapsuliu\/#primaryimage\",\"url\":\"https:\/\/old.elusvali.ee\/wp-content\/uploads\/2021\/12\/Vimergy-chaga-kapslid-eesti.jpg\",\"contentUrl\":\"https:\/\/old.elusvali.ee\/wp-content\/uploads\/2021\/12\/Vimergy-chaga-kapslid-eesti.jpg\",\"width\":1400,\"height\":1400,\"caption\":\"Chaga maisto papildas\"},{\"@type\":\"BreadcrumbList\",\"@id\":\"https:\/\/old.elusvali.ee\/lt\/prek\u0117\/vimergy-chaga-kapsules-90-kapsuliu\/#breadcrumb\",\"itemListElement\":[{\"@type\":\"ListItem\",\"position\":1,\"name\":\"Home\",\"item\":\"https:\/\/old.elusvali.ee\/lt\/\"},{\"@type\":\"ListItem\",\"position\":2,\"name\":\"Elektronin\u0117 parduotuv\u0117\",\"item\":\"https:\/\/purenature.lt\/parduotuve\/\"},{\"@type\":\"ListItem\",\"position\":3,\"name\":\"Vimergy Chaga kapsul\u0117s &#8211; 90 kapsuli\u0173.\"}]},{\"@type\":\"WebSite\",\"@id\":\"https:\/\/old.elusvali.ee\/lt\/#website\",\"url\":\"https:\/\/old.elusvali.ee\/lt\/\",\"name\":\"Elusv\u00e4li\",\"description\":\"Puhas k&ouml;&ouml;k ja koduapteek\",\"publisher\":{\"@id\":\"https:\/\/old.elusvali.ee\/lt\/#organization\"},\"potentialAction\":[{\"@type\":\"SearchAction\",\"target\":{\"@type\":\"EntryPoint\",\"urlTemplate\":\"https:\/\/old.elusvali.ee\/lt\/?s={search_term_string}\"},\"query-input\":{\"@type\":\"PropertyValueSpecification\",\"valueRequired\":true,\"valueName\":\"search_term_string\"}}],\"inLanguage\":\"lt-LT\"},{\"@type\":\"Organization\",\"@id\":\"https:\/\/old.elusvali.ee\/lt\/#organization\",\"name\":\"Elusv\u00e4li\",\"url\":\"https:\/\/old.elusvali.ee\/lt\/\",\"logo\":{\"@type\":\"ImageObject\",\"inLanguage\":\"lt-LT\",\"@id\":\"https:\/\/old.elusvali.ee\/lt\/#\/schema\/logo\/image\/\",\"url\":\"https:\/\/purenature.lt\/wp-content\/uploads\/2023\/07\/logo.png\",\"contentUrl\":\"https:\/\/purenature.lt\/wp-content\/uploads\/2023\/07\/logo.png\",\"width\":526,\"height\":146,\"caption\":\"Elusv\u00e4li\"},\"image\":{\"@id\":\"https:\/\/old.elusvali.ee\/lt\/#\/schema\/logo\/image\/\"},\"sameAs\":[\"https:\/\/www.facebook.com\/profile.php?id=100064131067985\",\"https:\/\/www.instagram.com\/elusvali\/\",\"https:\/\/www.youtube.com\/@elusvali2110\"]}]}<\/script>\n<!-- \/ Yoast SEO plugin. -->","yoast_head_json":{"title":"Vimergy Chaga kapsul\u0117s - 90 kapsuli\u0173. - Pure Nature","description":"Tur\u0117kite a\u0161tr\u0173 prot\u0105, energij\u0105 ir stipri\u0105 imunin\u0119 sistem\u0105 vartodami \u0161\u012f funkcini\u0173 gryb\u0173 chaga maisto papild\u0105. \u0160iose kapsul\u0117se tik vienas ingredientas - gryni ekologi\u0161ki chaga milteliai.","robots":{"index":"noindex","follow":"follow","max-snippet":"max-snippet:-1","max-image-preview":"max-image-preview:large","max-video-preview":"max-video-preview:-1"},"og_locale":"lt_LT","og_type":"article","og_title":"Vimergy Chaga kapsul\u0117s - 90 kapsuli\u0173. - Pure Nature","og_description":"Tur\u0117kite a\u0161tr\u0173 prot\u0105, energij\u0105 ir stipri\u0105 imunin\u0119 sistem\u0105 vartodami \u0161\u012f funkcini\u0173 gryb\u0173 chaga maisto papild\u0105. \u0160iose kapsul\u0117se tik vienas ingredientas - gryni ekologi\u0161ki chaga milteliai.","og_url":"https:\/\/old.elusvali.ee\/lt\/prek\u0117\/vimergy-chaga-kapsules-90-kapsuliu\/","og_site_name":"Elusv&auml;li","article_publisher":"https:\/\/www.facebook.com\/profile.php?id=100064131067985","article_modified_time":"2025-06-14T21:07:54+00:00","og_image":[{"width":1400,"height":1400,"url":"https:\/\/purenature.lt\/wp-content\/uploads\/2021\/12\/Vimergy-chaga-kapslid-eesti.jpg","type":"image\/jpeg"}],"twitter_card":"summary_large_image","twitter_misc":{"Est. reading time":"1 minut\u0117"},"schema":{"@context":"https:\/\/schema.org","@graph":[{"@type":"WebPage","@id":"https:\/\/old.elusvali.ee\/lt\/prek\u0117\/vimergy-chaga-kapsules-90-kapsuliu\/","url":"https:\/\/old.elusvali.ee\/lt\/prek\u0117\/vimergy-chaga-kapsules-90-kapsuliu\/","name":"Vimergy Chaga kapsul\u0117s - 90 kapsuli\u0173. - Pure Nature","isPartOf":{"@id":"https:\/\/old.elusvali.ee\/lt\/#website"},"primaryImageOfPage":{"@id":"https:\/\/old.elusvali.ee\/lt\/prek\u0117\/vimergy-chaga-kapsules-90-kapsuliu\/#primaryimage"},"image":{"@id":"https:\/\/old.elusvali.ee\/lt\/prek\u0117\/vimergy-chaga-kapsules-90-kapsuliu\/#primaryimage"},"thumbnailUrl":"https:\/\/old.elusvali.ee\/wp-content\/uploads\/2021\/12\/Vimergy-chaga-kapslid-eesti.jpg","datePublished":"2021-12-01T08:24:10+00:00","dateModified":"2025-06-14T21:07:54+00:00","description":"Tur\u0117kite a\u0161tr\u0173 prot\u0105, energij\u0105 ir stipri\u0105 imunin\u0119 sistem\u0105 vartodami \u0161\u012f funkcini\u0173 gryb\u0173 chaga maisto papild\u0105. \u0160iose kapsul\u0117se tik vienas ingredientas - gryni ekologi\u0161ki chaga milteliai.","breadcrumb":{"@id":"https:\/\/old.elusvali.ee\/lt\/prek\u0117\/vimergy-chaga-kapsules-90-kapsuliu\/#breadcrumb"},"inLanguage":"lt-LT","potentialAction":[{"@type":"ReadAction","target":["https:\/\/old.elusvali.ee\/lt\/prek\u0117\/vimergy-chaga-kapsules-90-kapsuliu\/"]}]},{"@type":"ImageObject","inLanguage":"lt-LT","@id":"https:\/\/old.elusvali.ee\/lt\/prek\u0117\/vimergy-chaga-kapsules-90-kapsuliu\/#primaryimage","url":"https:\/\/old.elusvali.ee\/wp-content\/uploads\/2021\/12\/Vimergy-chaga-kapslid-eesti.jpg","contentUrl":"https:\/\/old.elusvali.ee\/wp-content\/uploads\/2021\/12\/Vimergy-chaga-kapslid-eesti.jpg","width":1400,"height":1400,"caption":"Chaga maisto papildas"},{"@type":"BreadcrumbList","@id":"https:\/\/old.elusvali.ee\/lt\/prek\u0117\/vimergy-chaga-kapsules-90-kapsuliu\/#breadcrumb","itemListElement":[{"@type":"ListItem","position":1,"name":"Home","item":"https:\/\/old.elusvali.ee\/lt\/"},{"@type":"ListItem","position":2,"name":"Elektronin\u0117 parduotuv\u0117","item":"https:\/\/purenature.lt\/parduotuve\/"},{"@type":"ListItem","position":3,"name":"Vimergy Chaga kapsul\u0117s &#8211; 90 kapsuli\u0173."}]},{"@type":"WebSite","@id":"https:\/\/old.elusvali.ee\/lt\/#website","url":"https:\/\/old.elusvali.ee\/lt\/","name":"Elusv\u00e4li","description":"Puhas k&ouml;&ouml;k ja koduapteek","publisher":{"@id":"https:\/\/old.elusvali.ee\/lt\/#organization"},"potentialAction":[{"@type":"SearchAction","target":{"@type":"EntryPoint","urlTemplate":"https:\/\/old.elusvali.ee\/lt\/?s={search_term_string}"},"query-input":{"@type":"PropertyValueSpecification","valueRequired":true,"valueName":"search_term_string"}}],"inLanguage":"lt-LT"},{"@type":"Organization","@id":"https:\/\/old.elusvali.ee\/lt\/#organization","name":"Elusv\u00e4li","url":"https:\/\/old.elusvali.ee\/lt\/","logo":{"@type":"ImageObject","inLanguage":"lt-LT","@id":"https:\/\/old.elusvali.ee\/lt\/#\/schema\/logo\/image\/","url":"https:\/\/purenature.lt\/wp-content\/uploads\/2023\/07\/logo.png","contentUrl":"https:\/\/purenature.lt\/wp-content\/uploads\/2023\/07\/logo.png","width":526,"height":146,"caption":"Elusv\u00e4li"},"image":{"@id":"https:\/\/old.elusvali.ee\/lt\/#\/schema\/logo\/image\/"},"sameAs":["https:\/\/www.facebook.com\/profile.php?id=100064131067985","https:\/\/www.instagram.com\/elusvali\/","https:\/\/www.youtube.com\/@elusvali2110"]}]}},"_links":{"self":[{"href":"https:\/\/old.elusvali.ee\/lt\/wp-json\/wp\/v2\/product\/36100","targetHints":{"allow":["GET"]}}],"collection":[{"href":"https:\/\/old.elusvali.ee\/lt\/wp-json\/wp\/v2\/product"}],"about":[{"href":"https:\/\/old.elusvali.ee\/lt\/wp-json\/wp\/v2\/types\/product"}],"replies":[{"embeddable":true,"href":"https:\/\/old.elusvali.ee\/lt\/wp-json\/wp\/v2\/comments?post=36100"}],"version-history":[{"count":0,"href":"https:\/\/old.elusvali.ee\/lt\/wp-json\/wp\/v2\/product\/36100\/revisions"}],"wp:featuredmedia":[{"embeddable":true,"href":"https:\/\/old.elusvali.ee\/lt\/wp-json\/wp\/v2\/media\/32346"}],"wp:attachment":[{"href":"https:\/\/old.elusvali.ee\/lt\/wp-json\/wp\/v2\/media?parent=36100"}],"wp:term":[{"taxonomy":"product_brand","embeddable":true,"href":"https:\/\/old.elusvali.ee\/lt\/wp-json\/wp\/v2\/product_brand?post=36100"},{"taxonomy":"product_cat","embeddable":true,"href":"https:\/\/old.elusvali.ee\/lt\/wp-json\/wp\/v2\/product_cat?post=36100"},{"taxonomy":"product_tag","embeddable":true,"href":"https:\/\/old.elusvali.ee\/lt\/wp-json\/wp\/v2\/product_tag?post=36100"}],"curies":[{"name":"wp","href":"https:\/\/api.w.org\/{rel}","templated":true}]}}