{"id":36096,"date":"2021-12-01T10:27:42","date_gmt":"2021-12-01T08:27:42","guid":{"rendered":"https:\/\/old.elusvali.ee\/product\/vimergy-chaga-milteliai\/"},"modified":"2025-06-16T15:54:20","modified_gmt":"2025-06-16T12:54:20","slug":"vimergy-chaga-milteliai","status":"publish","type":"product","link":"https:\/\/old.elusvali.ee\/lt\/prek\u0117\/vimergy-chaga-milteliai\/","title":{"rendered":"Vimergy Chaga (milteliai)."},"content":{"rendered":"<p>Tikroji stipryb\u0117 prasideda viduje, sveikame k\u016bne. Chag\u0105, arba dar vadinam\u0105 juodojo ber\u017eo grybu, i\u0161 laukin\u0117s gamtos m\u016bs\u0173 prot\u0117viai naudojo sveikatingumui jau daugiau nei 2000 met\u0173, ji yra populiari ir \u0161iandien. M\u0117gaukit\u0117s Vimergy ekologi\u0161ka chaga, kuri\u0105 lengva vartoti bet kuriuo paros metu. <img fetchpriority=\"high\" decoding=\"async\" class=\"alignleft size-medium wp-image-44528\" style=\"margin-bottom: 0px;\" src=\"https:\/\/purenature.lt\/wp-content\/uploads\/2021\/12\/organic-chaga-vimergy-supplements-vitamins-37367140024490-300x300.jpg\" alt=\"\" width=\"300\" height=\"300\" srcset=\"https:\/\/old.elusvali.ee\/wp-content\/uploads\/2021\/12\/organic-chaga-vimergy-supplements-vitamins-37367140024490-300x300.jpg 300w, https:\/\/old.elusvali.ee\/wp-content\/uploads\/2021\/12\/organic-chaga-vimergy-supplements-vitamins-37367140024490-150x150.jpg 150w, https:\/\/old.elusvali.ee\/wp-content\/uploads\/2021\/12\/organic-chaga-vimergy-supplements-vitamins-37367140024490-768x768.jpg 768w, https:\/\/old.elusvali.ee\/wp-content\/uploads\/2021\/12\/organic-chaga-vimergy-supplements-vitamins-37367140024490-430x430.jpg 430w, https:\/\/old.elusvali.ee\/wp-content\/uploads\/2021\/12\/organic-chaga-vimergy-supplements-vitamins-37367140024490-700x700.jpg 700w, https:\/\/old.elusvali.ee\/wp-content\/uploads\/2021\/12\/organic-chaga-vimergy-supplements-vitamins-37367140024490.jpg 800w\" sizes=\"(max-width: 300px) 100vw, 300px\" \/><\/p>\n<p><strong>Vimergy ekologi\u0161ki chaga milteliai.<\/strong><\/p>\n<ul>\n<li>Chaga sud\u0117tyje yra polisacharid\u0173, melanino ir polifenolio.<\/li>\n<li>I\u0161 laukin\u0117s gamtos, neauginti \u017emogaus.<\/li>\n<li>USDA sertifikuota, ekologi\u0161ka, be GMO, be glitimo, be glitimo, be kukur\u016bz\u0173, be sojos, ko\u0161erin\u0117, vegani\u0161ka ir tinka paleo.<\/li>\n<li>Sud\u0117tyje n\u0117ra joki\u0173 pried\u0173 ar u\u017epild\u0173, 100% grynas produktas.<\/li>\n<\/ul>\n<p>&nbsp;<\/p>\n<p>&nbsp;<\/p>\n<p>&nbsp;<\/p>\n<p><em>* Teiginiai paimti i\u0161 Vimergy internetin\u0117s svetain\u0117s.<\/em><\/p>\n<h2>Kaip vartoti Vimergy chaga miltelius?<\/h2>\n<ul>\n<li><strong>Vartojimo b\u016bdas:<\/strong> 1\/2 arbatinio \u0161auk\u0161telio milteli\u0173 vartoti 1-2 kartus per dien\u0105. 33 doz\u0117s pakuot\u0117je.<\/li>\n<li><strong>Laikymas: l<\/strong>aikyti v\u0117sioje, tamsioje vietoje. <em>Pavyzd\u017eiui, u\u017erakintoje virtuv\u0117s spintel\u0117je, vaikams nepasiekiamoje vietoje. Laikykite v\u0117sioje ir sausoje vietoje.<\/em> <\/li>\n<li><strong>Kontraindikacijos<\/strong>: nevartokite kaip \u012fvairios mitybos pakaitalo &#8211; svarbu ir subalansuota bei pilnavert\u0117 mityba. Jei laukiat\u0117s, maitinate kr\u016btimi, vartojate vaistus arba turite sveikatos sutrikim\u0173, prie\u0161 vartodami maisto papild\u0105, pasitarkite su gydytoju.<\/li>\n<\/ul>\n<p> Daugiau informacijos skaitykite straipsnyje: <a href=\"https:\/\/purenature.lt\/3-dazniausiai-pasitaikancios-klaidos-vartojant-maisto-papildus\/\">3 da\u017eniausiai pasitaikan\u010dias klaidos, kurias \u017emon\u0117s daro vartodami maisto papildus.<\/a><br \/><a href=\"https:\/\/vimergy.com\/\">Vimergy <\/a>yra \u017einomas kaip vienas auk\u0161\u010diausios kokyb\u0117s ekologi\u0161k\u0173 maisto papild\u0173 prek\u0117s \u017eenkl\u0173 JAV. Visi Vimergy produktai yra ekologi\u0161kai \u0161var\u016bs, be alkoholio ir tinkami veganams. Be to, Vimergy maisto papild\u0173 sud\u0117tyje n\u0117ra citrinos r\u016bg\u0161ties, u\u017epild\u0173 ar dirbtini\u0173 pried\u0173. <img decoding=\"async\" class=\"aligncenter wp-image-44532 size-large\" src=\"https:\/\/purenature.lt\/wp-content\/uploads\/2021\/12\/Chaga_How_To_Desktop-1300x679.png\" alt=\"\" width=\"1300\" height=\"679\" srcset=\"https:\/\/old.elusvali.ee\/wp-content\/uploads\/2021\/12\/Chaga_How_To_Desktop-1300x679.png 1300w, https:\/\/old.elusvali.ee\/wp-content\/uploads\/2021\/12\/Chaga_How_To_Desktop-400x209.png 400w, https:\/\/old.elusvali.ee\/wp-content\/uploads\/2021\/12\/Chaga_How_To_Desktop-768x401.png 768w, https:\/\/old.elusvali.ee\/wp-content\/uploads\/2021\/12\/Chaga_How_To_Desktop-1536x803.png 1536w, https:\/\/old.elusvali.ee\/wp-content\/uploads\/2021\/12\/Chaga_How_To_Desktop-430x225.png 430w, https:\/\/old.elusvali.ee\/wp-content\/uploads\/2021\/12\/Chaga_How_To_Desktop-700x366.png 700w, https:\/\/old.elusvali.ee\/wp-content\/uploads\/2021\/12\/Chaga_How_To_Desktop-150x78.png 150w, https:\/\/old.elusvali.ee\/wp-content\/uploads\/2021\/12\/Chaga_How_To_Desktop.png 2000w\" sizes=\"(max-width: 1300px) 100vw, 1300px\" \/><\/p>\n","protected":false},"excerpt":{"rendered":"<p>M\u0117gaukit\u0117s Vimergy ekologi\u0161ka chaga, kuri\u0105 lengva vartoti bet kuriuo paros metu. <\/p>\n<ul>\n<li>Chaga sud\u0117tyje yra polisacharid\u0173, melanino ir polifenolio.<\/li>\n<li>Kilusi i\u0161 laukin\u0117s gamtos, \u017emogaus neauginta.<\/li>\n<li>USDA sertifikuota, ekologi\u0161ka, be GMO, be glitimo, be glitimo, be kukur\u016bz\u0173, be sojos, ko\u0161erin\u0117, vegani\u0161ka ir tinka paleo.<\/li>\n<li>Sud\u0117tyje n\u0117ra joki\u0173 pried\u0173 ar u\u017epild\u0173. Tai 100% grynas produktas.<\/li>\n<\/ul>\n","protected":false},"featured_media":32590,"comment_status":"open","ping_status":"closed","template":"","meta":{"_acf_changed":false},"product_brand":[],"product_cat":[473,694],"product_tag":[497,476],"class_list":{"0":"post-36096","1":"product","2":"type-product","3":"status-publish","4":"has-post-thumbnail","6":"product_cat-maisto-papildai","7":"product_cat-vimergy-lt","8":"product_tag-milteliai","9":"product_tag-vimergy-lt","11":"first","12":"instock","13":"taxable","14":"shipping-taxable","15":"purchasable","16":"product-type-variable","17":"has-default-attributes"},"acf":[],"yoast_head":"<!-- This site is optimized with the Yoast SEO plugin v25.3.1 - https:\/\/yoast.com\/wordpress\/plugins\/seo\/ -->\n<title>Vimergy Chaga (milteliai). - Pure Nature<\/title>\n<meta name=\"description\" content=\"A\u0161triam protui, energijai ir imuninei sistemai. Chaga milteliai - vieno ingrediento produktas, pagamintas tik i\u0161 laukini\u0173 chaga gryb\u0173.\" \/>\n<meta name=\"robots\" content=\"noindex, follow, max-snippet:-1, max-image-preview:large, max-video-preview:-1\" \/>\n<meta property=\"og:locale\" content=\"lt_LT\" \/>\n<meta property=\"og:type\" content=\"article\" \/>\n<meta property=\"og:title\" content=\"Vimergy Chaga (milteliai). - Pure Nature\" \/>\n<meta property=\"og:description\" content=\"A\u0161triam protui, energijai ir imuninei sistemai. Chaga milteliai - vieno ingrediento produktas, pagamintas tik i\u0161 laukini\u0173 chaga gryb\u0173.\" \/>\n<meta property=\"og:url\" content=\"https:\/\/old.elusvali.ee\/lt\/prek\u0117\/vimergy-chaga-milteliai\/\" \/>\n<meta property=\"og:site_name\" content=\"Elusv&auml;li\" \/>\n<meta property=\"article:publisher\" content=\"https:\/\/www.facebook.com\/profile.php?id=100064131067985\" \/>\n<meta property=\"article:modified_time\" content=\"2025-06-16T12:54:20+00:00\" \/>\n<meta property=\"og:image\" content=\"https:\/\/purenature.lt\/wp-content\/uploads\/2021\/12\/Chaga-pulber-250g.jpg\" \/>\n\t<meta property=\"og:image:width\" content=\"1400\" \/>\n\t<meta property=\"og:image:height\" content=\"1400\" \/>\n\t<meta property=\"og:image:type\" content=\"image\/jpeg\" \/>\n<meta name=\"twitter:card\" content=\"summary_large_image\" \/>\n<meta name=\"twitter:label1\" content=\"Est. reading time\" \/>\n\t<meta name=\"twitter:data1\" content=\"2 minut\u0117s\" \/>\n<script type=\"application\/ld+json\" class=\"yoast-schema-graph\">{\"@context\":\"https:\/\/schema.org\",\"@graph\":[{\"@type\":\"WebPage\",\"@id\":\"https:\/\/old.elusvali.ee\/lt\/prek\u0117\/vimergy-chaga-milteliai\/\",\"url\":\"https:\/\/old.elusvali.ee\/lt\/prek\u0117\/vimergy-chaga-milteliai\/\",\"name\":\"Vimergy Chaga (milteliai). - Pure Nature\",\"isPartOf\":{\"@id\":\"https:\/\/old.elusvali.ee\/lt\/#website\"},\"primaryImageOfPage\":{\"@id\":\"https:\/\/old.elusvali.ee\/lt\/prek\u0117\/vimergy-chaga-milteliai\/#primaryimage\"},\"image\":{\"@id\":\"https:\/\/old.elusvali.ee\/lt\/prek\u0117\/vimergy-chaga-milteliai\/#primaryimage\"},\"thumbnailUrl\":\"https:\/\/old.elusvali.ee\/wp-content\/uploads\/2021\/12\/Chaga-pulber-250g.jpg\",\"datePublished\":\"2021-12-01T08:27:42+00:00\",\"dateModified\":\"2025-06-16T12:54:20+00:00\",\"description\":\"A\u0161triam protui, energijai ir imuninei sistemai. Chaga milteliai - vieno ingrediento produktas, pagamintas tik i\u0161 laukini\u0173 chaga gryb\u0173.\",\"breadcrumb\":{\"@id\":\"https:\/\/old.elusvali.ee\/lt\/prek\u0117\/vimergy-chaga-milteliai\/#breadcrumb\"},\"inLanguage\":\"lt-LT\",\"potentialAction\":[{\"@type\":\"ReadAction\",\"target\":[\"https:\/\/old.elusvali.ee\/lt\/prek\u0117\/vimergy-chaga-milteliai\/\"]}]},{\"@type\":\"ImageObject\",\"inLanguage\":\"lt-LT\",\"@id\":\"https:\/\/old.elusvali.ee\/lt\/prek\u0117\/vimergy-chaga-milteliai\/#primaryimage\",\"url\":\"https:\/\/old.elusvali.ee\/wp-content\/uploads\/2021\/12\/Chaga-pulber-250g.jpg\",\"contentUrl\":\"https:\/\/old.elusvali.ee\/wp-content\/uploads\/2021\/12\/Chaga-pulber-250g.jpg\",\"width\":1400,\"height\":1400,\"caption\":\"Chaga maisto papildas\"},{\"@type\":\"BreadcrumbList\",\"@id\":\"https:\/\/old.elusvali.ee\/lt\/prek\u0117\/vimergy-chaga-milteliai\/#breadcrumb\",\"itemListElement\":[{\"@type\":\"ListItem\",\"position\":1,\"name\":\"Home\",\"item\":\"https:\/\/old.elusvali.ee\/lt\/\"},{\"@type\":\"ListItem\",\"position\":2,\"name\":\"Elektronin\u0117 parduotuv\u0117\",\"item\":\"https:\/\/purenature.lt\/parduotuve\/\"},{\"@type\":\"ListItem\",\"position\":3,\"name\":\"Vimergy Chaga (milteliai).\"}]},{\"@type\":\"WebSite\",\"@id\":\"https:\/\/old.elusvali.ee\/lt\/#website\",\"url\":\"https:\/\/old.elusvali.ee\/lt\/\",\"name\":\"Elusv\u00e4li\",\"description\":\"Puhas k&ouml;&ouml;k ja koduapteek\",\"publisher\":{\"@id\":\"https:\/\/old.elusvali.ee\/lt\/#organization\"},\"potentialAction\":[{\"@type\":\"SearchAction\",\"target\":{\"@type\":\"EntryPoint\",\"urlTemplate\":\"https:\/\/old.elusvali.ee\/lt\/?s={search_term_string}\"},\"query-input\":{\"@type\":\"PropertyValueSpecification\",\"valueRequired\":true,\"valueName\":\"search_term_string\"}}],\"inLanguage\":\"lt-LT\"},{\"@type\":\"Organization\",\"@id\":\"https:\/\/old.elusvali.ee\/lt\/#organization\",\"name\":\"Elusv\u00e4li\",\"url\":\"https:\/\/old.elusvali.ee\/lt\/\",\"logo\":{\"@type\":\"ImageObject\",\"inLanguage\":\"lt-LT\",\"@id\":\"https:\/\/old.elusvali.ee\/lt\/#\/schema\/logo\/image\/\",\"url\":\"https:\/\/purenature.lt\/wp-content\/uploads\/2023\/07\/logo.png\",\"contentUrl\":\"https:\/\/purenature.lt\/wp-content\/uploads\/2023\/07\/logo.png\",\"width\":526,\"height\":146,\"caption\":\"Elusv\u00e4li\"},\"image\":{\"@id\":\"https:\/\/old.elusvali.ee\/lt\/#\/schema\/logo\/image\/\"},\"sameAs\":[\"https:\/\/www.facebook.com\/profile.php?id=100064131067985\",\"https:\/\/www.instagram.com\/elusvali\/\",\"https:\/\/www.youtube.com\/@elusvali2110\"]}]}<\/script>\n<!-- \/ Yoast SEO plugin. -->","yoast_head_json":{"title":"Vimergy Chaga (milteliai). - Pure Nature","description":"A\u0161triam protui, energijai ir imuninei sistemai. Chaga milteliai - vieno ingrediento produktas, pagamintas tik i\u0161 laukini\u0173 chaga gryb\u0173.","robots":{"index":"noindex","follow":"follow","max-snippet":"max-snippet:-1","max-image-preview":"max-image-preview:large","max-video-preview":"max-video-preview:-1"},"og_locale":"lt_LT","og_type":"article","og_title":"Vimergy Chaga (milteliai). - Pure Nature","og_description":"A\u0161triam protui, energijai ir imuninei sistemai. Chaga milteliai - vieno ingrediento produktas, pagamintas tik i\u0161 laukini\u0173 chaga gryb\u0173.","og_url":"https:\/\/old.elusvali.ee\/lt\/prek\u0117\/vimergy-chaga-milteliai\/","og_site_name":"Elusv&auml;li","article_publisher":"https:\/\/www.facebook.com\/profile.php?id=100064131067985","article_modified_time":"2025-06-16T12:54:20+00:00","og_image":[{"width":1400,"height":1400,"url":"https:\/\/purenature.lt\/wp-content\/uploads\/2021\/12\/Chaga-pulber-250g.jpg","type":"image\/jpeg"}],"twitter_card":"summary_large_image","twitter_misc":{"Est. reading time":"2 minut\u0117s"},"schema":{"@context":"https:\/\/schema.org","@graph":[{"@type":"WebPage","@id":"https:\/\/old.elusvali.ee\/lt\/prek\u0117\/vimergy-chaga-milteliai\/","url":"https:\/\/old.elusvali.ee\/lt\/prek\u0117\/vimergy-chaga-milteliai\/","name":"Vimergy Chaga (milteliai). - Pure Nature","isPartOf":{"@id":"https:\/\/old.elusvali.ee\/lt\/#website"},"primaryImageOfPage":{"@id":"https:\/\/old.elusvali.ee\/lt\/prek\u0117\/vimergy-chaga-milteliai\/#primaryimage"},"image":{"@id":"https:\/\/old.elusvali.ee\/lt\/prek\u0117\/vimergy-chaga-milteliai\/#primaryimage"},"thumbnailUrl":"https:\/\/old.elusvali.ee\/wp-content\/uploads\/2021\/12\/Chaga-pulber-250g.jpg","datePublished":"2021-12-01T08:27:42+00:00","dateModified":"2025-06-16T12:54:20+00:00","description":"A\u0161triam protui, energijai ir imuninei sistemai. Chaga milteliai - vieno ingrediento produktas, pagamintas tik i\u0161 laukini\u0173 chaga gryb\u0173.","breadcrumb":{"@id":"https:\/\/old.elusvali.ee\/lt\/prek\u0117\/vimergy-chaga-milteliai\/#breadcrumb"},"inLanguage":"lt-LT","potentialAction":[{"@type":"ReadAction","target":["https:\/\/old.elusvali.ee\/lt\/prek\u0117\/vimergy-chaga-milteliai\/"]}]},{"@type":"ImageObject","inLanguage":"lt-LT","@id":"https:\/\/old.elusvali.ee\/lt\/prek\u0117\/vimergy-chaga-milteliai\/#primaryimage","url":"https:\/\/old.elusvali.ee\/wp-content\/uploads\/2021\/12\/Chaga-pulber-250g.jpg","contentUrl":"https:\/\/old.elusvali.ee\/wp-content\/uploads\/2021\/12\/Chaga-pulber-250g.jpg","width":1400,"height":1400,"caption":"Chaga maisto papildas"},{"@type":"BreadcrumbList","@id":"https:\/\/old.elusvali.ee\/lt\/prek\u0117\/vimergy-chaga-milteliai\/#breadcrumb","itemListElement":[{"@type":"ListItem","position":1,"name":"Home","item":"https:\/\/old.elusvali.ee\/lt\/"},{"@type":"ListItem","position":2,"name":"Elektronin\u0117 parduotuv\u0117","item":"https:\/\/purenature.lt\/parduotuve\/"},{"@type":"ListItem","position":3,"name":"Vimergy Chaga (milteliai)."}]},{"@type":"WebSite","@id":"https:\/\/old.elusvali.ee\/lt\/#website","url":"https:\/\/old.elusvali.ee\/lt\/","name":"Elusv\u00e4li","description":"Puhas k&ouml;&ouml;k ja koduapteek","publisher":{"@id":"https:\/\/old.elusvali.ee\/lt\/#organization"},"potentialAction":[{"@type":"SearchAction","target":{"@type":"EntryPoint","urlTemplate":"https:\/\/old.elusvali.ee\/lt\/?s={search_term_string}"},"query-input":{"@type":"PropertyValueSpecification","valueRequired":true,"valueName":"search_term_string"}}],"inLanguage":"lt-LT"},{"@type":"Organization","@id":"https:\/\/old.elusvali.ee\/lt\/#organization","name":"Elusv\u00e4li","url":"https:\/\/old.elusvali.ee\/lt\/","logo":{"@type":"ImageObject","inLanguage":"lt-LT","@id":"https:\/\/old.elusvali.ee\/lt\/#\/schema\/logo\/image\/","url":"https:\/\/purenature.lt\/wp-content\/uploads\/2023\/07\/logo.png","contentUrl":"https:\/\/purenature.lt\/wp-content\/uploads\/2023\/07\/logo.png","width":526,"height":146,"caption":"Elusv\u00e4li"},"image":{"@id":"https:\/\/old.elusvali.ee\/lt\/#\/schema\/logo\/image\/"},"sameAs":["https:\/\/www.facebook.com\/profile.php?id=100064131067985","https:\/\/www.instagram.com\/elusvali\/","https:\/\/www.youtube.com\/@elusvali2110"]}]}},"_links":{"self":[{"href":"https:\/\/old.elusvali.ee\/lt\/wp-json\/wp\/v2\/product\/36096","targetHints":{"allow":["GET"]}}],"collection":[{"href":"https:\/\/old.elusvali.ee\/lt\/wp-json\/wp\/v2\/product"}],"about":[{"href":"https:\/\/old.elusvali.ee\/lt\/wp-json\/wp\/v2\/types\/product"}],"replies":[{"embeddable":true,"href":"https:\/\/old.elusvali.ee\/lt\/wp-json\/wp\/v2\/comments?post=36096"}],"version-history":[{"count":0,"href":"https:\/\/old.elusvali.ee\/lt\/wp-json\/wp\/v2\/product\/36096\/revisions"}],"wp:featuredmedia":[{"embeddable":true,"href":"https:\/\/old.elusvali.ee\/lt\/wp-json\/wp\/v2\/media\/32590"}],"wp:attachment":[{"href":"https:\/\/old.elusvali.ee\/lt\/wp-json\/wp\/v2\/media?parent=36096"}],"wp:term":[{"taxonomy":"product_brand","embeddable":true,"href":"https:\/\/old.elusvali.ee\/lt\/wp-json\/wp\/v2\/product_brand?post=36096"},{"taxonomy":"product_cat","embeddable":true,"href":"https:\/\/old.elusvali.ee\/lt\/wp-json\/wp\/v2\/product_cat?post=36096"},{"taxonomy":"product_tag","embeddable":true,"href":"https:\/\/old.elusvali.ee\/lt\/wp-json\/wp\/v2\/product_tag?post=36096"}],"curies":[{"name":"wp","href":"https:\/\/api.w.org\/{rel}","templated":true}]}}