{"id":36094,"date":"2021-12-01T10:28:18","date_gmt":"2021-12-01T08:28:18","guid":{"rendered":"https:\/\/old.elusvali.ee\/product\/vimergy-reishi-milteliai-50g\/"},"modified":"2025-05-15T19:36:08","modified_gmt":"2025-05-15T16:36:08","slug":"vimergy-reishi-milteliai-50g","status":"publish","type":"product","link":"https:\/\/old.elusvali.ee\/lt\/prek\u0117\/vimergy-reishi-milteliai-50g\/","title":{"rendered":"Vimergy reishi milteliai &#8211; 50g."},"content":{"rendered":"<p>Spartus gyvenimo tempas ir nuolatinis toksin\u0173 i\u0161 aplinkos poveikis gali nualinti m\u016bs\u0173 sveikat\u0105, jei imunin\u0117s sistemos nesustiprinsime tinkamais maisto produktais ar maisto papildais. \u0160i galinga maistin\u0117 med\u017eiaga yra ne\u012fkainojama dovana kovoje u\u017e m\u016bs\u0173 sveikat\u0105 ir gerov\u0119. <img fetchpriority=\"high\" decoding=\"async\" class=\"alignleft size-medium wp-image-44545\" style=\"margin-bottom: 0px;\" src=\"https:\/\/purenature.lt\/wp-content\/uploads\/2021\/12\/organic-reishi-vimergy-supplements-vitamins-36313027739818-300x300.jpg\" alt=\"\" width=\"300\" height=\"300\" srcset=\"https:\/\/old.elusvali.ee\/wp-content\/uploads\/2021\/12\/organic-reishi-vimergy-supplements-vitamins-36313027739818-300x300.jpg 300w, https:\/\/old.elusvali.ee\/wp-content\/uploads\/2021\/12\/organic-reishi-vimergy-supplements-vitamins-36313027739818-150x150.jpg 150w, https:\/\/old.elusvali.ee\/wp-content\/uploads\/2021\/12\/organic-reishi-vimergy-supplements-vitamins-36313027739818-768x768.jpg 768w, https:\/\/old.elusvali.ee\/wp-content\/uploads\/2021\/12\/organic-reishi-vimergy-supplements-vitamins-36313027739818-430x430.jpg 430w, https:\/\/old.elusvali.ee\/wp-content\/uploads\/2021\/12\/organic-reishi-vimergy-supplements-vitamins-36313027739818-700x700.jpg 700w, https:\/\/old.elusvali.ee\/wp-content\/uploads\/2021\/12\/organic-reishi-vimergy-supplements-vitamins-36313027739818.jpg 800w\" sizes=\"(max-width: 300px) 100vw, 300px\" \/><\/p>\n<p><strong>Ekologi\u0161ki reishi milteliai.<\/strong><\/p>\n<ul>\n<li>Palaiko imunin\u0119 sistem\u0105.<\/li>\n<li>Tradicin\u0117je kin\u0173 medicinoje reishi vartojamas jau daugiau kaip 2000 met\u0173 ir yra vadinamas &#8222;gryb\u0173 karaliumi&#8221;.<\/li>\n<li>Sud\u0117tyje n\u0117ra pried\u0173, u\u017epild\u0173 ar prid\u0117tinio cukraus.<\/li>\n<li>Atskirta kar\u0161to vandens tirpalu, netur\u0117jo s\u0105ly\u010dio su alkoholiu. Taip pat n\u0117ra glitimo.<\/li>\n<li>USDA sertifikuota, ekologi\u0161ka, be GMO, be glitimo, be kukur\u016bz\u0173, be sojos, ko\u0161erinis, vegani\u0161kas ir tinkantis paleo dietai produktas.<\/li>\n<li>100% grynumo.<\/li>\n<\/ul>\n<p>&nbsp;<\/p>\n<p><em>* Teiginiai paimti i\u0161 Vimergy internetinio puslapio.<\/em><\/p>\n<h2>Kaip vartoti Vimergy reishi miltelius?<\/h2>\n<ul>\n<li><strong>Vartojimo instrukcijos:<\/strong> 1\/2 arbatinio \u0161auk\u0161telio milteli\u0173 sumai\u0161yti su kar\u0161tu vandeniu arba kokteiliu 1-2 kartus per dien\u0105. 33 doz\u0117s pakuot\u0117je.<\/li>\n<li><strong>Laikymas: l<\/strong>aikyti v\u0117sioje, tamsioje vietoje. <em>Pavyzd\u017eiui, u\u017erakintoje virtuv\u0117s spintel\u0117je, vaikams nepasiekiamoje vietoje. Laikykite v\u0117sioje ir sausoje vietoje.<\/em> <\/li>\n<li><strong>Kontraindikacijos<\/strong>: nevartokite kaip \u012fvairios mitybos pakaitalo &#8211; svarbu ir subalansuota bei pilnavert\u0117 mityba. Jei laukiat\u0117s, maitinate kr\u016btimi, vartojate vaistus arba turite sveikatos sutrikim\u0173, prie\u0161 vartodami maisto papild\u0105, pasitarkite su gydytoju.<\/li>\n<\/ul>\n<p> Daugiau informacijos skaitykite straipsnyje: <a href=\"https:\/\/purenature.lt\/3-dazniausiai-pasitaikancios-klaidos-vartojant-maisto-papildus\/\">3 da\u017eniausiai pasitaikan\u010dias klaidos, kurias \u017emon\u0117s daro vartodami maisto papildus.<\/a><br \/><a href=\"https:\/\/vimergy.com\/\">Vimergy <\/a>yra \u017einomas kaip vienas auk\u0161\u010diausios kokyb\u0117s ekologi\u0161k\u0173 maisto papild\u0173 prek\u0117s \u017eenkl\u0173 JAV. Visi Vimergy produktai yra ekologi\u0161kai \u0161var\u016bs, be alkoholio ir tinkami veganams. Be to, Vimergy maisto papild\u0173 sud\u0117tyje n\u0117ra citrinos r\u016bg\u0161ties, u\u017epild\u0173 ar dirbtini\u0173 pried\u0173. <img decoding=\"async\" class=\"aligncenter wp-image-44541 size-large\" src=\"https:\/\/purenature.lt\/wp-content\/uploads\/2021\/12\/Reishi_How_To_Desktop-1300x679.png\" alt=\"\" width=\"1300\" height=\"679\" srcset=\"https:\/\/old.elusvali.ee\/wp-content\/uploads\/2021\/12\/Reishi_How_To_Desktop-1300x679.png 1300w, https:\/\/old.elusvali.ee\/wp-content\/uploads\/2021\/12\/Reishi_How_To_Desktop-400x209.png 400w, https:\/\/old.elusvali.ee\/wp-content\/uploads\/2021\/12\/Reishi_How_To_Desktop-768x401.png 768w, https:\/\/old.elusvali.ee\/wp-content\/uploads\/2021\/12\/Reishi_How_To_Desktop-1536x803.png 1536w, https:\/\/old.elusvali.ee\/wp-content\/uploads\/2021\/12\/Reishi_How_To_Desktop-430x225.png 430w, https:\/\/old.elusvali.ee\/wp-content\/uploads\/2021\/12\/Reishi_How_To_Desktop-700x366.png 700w, https:\/\/old.elusvali.ee\/wp-content\/uploads\/2021\/12\/Reishi_How_To_Desktop-150x78.png 150w, https:\/\/old.elusvali.ee\/wp-content\/uploads\/2021\/12\/Reishi_How_To_Desktop.png 2000w\" sizes=\"(max-width: 1300px) 100vw, 1300px\" \/><\/p>\n","protected":false},"excerpt":{"rendered":"<p>B\u016blite ram\u016bs &#8211; reishi pasir\u016bpins jumis! \u0160ie apsauginiai, imunitet\u0105 stiprinantys vaistini\u0173 gryb\u0173 milteliai yra tikra gamtos dovana. D\u0117l \u0161ios prie\u017easties, reishi vartojamas jau daugiau nei 2000 met\u0173 ir vis dar yra populiarus.<\/p>\n","protected":false},"featured_media":64183,"comment_status":"open","ping_status":"closed","template":"","meta":{"_acf_changed":false},"product_brand":[],"product_cat":[472,473,694],"product_tag":[497,476],"class_list":{"0":"post-36094","1":"product","2":"type-product","3":"status-publish","4":"has-post-thumbnail","6":"product_cat-imunitetas","7":"product_cat-maisto-papildai","8":"product_cat-vimergy-lt","9":"product_tag-milteliai","10":"product_tag-vimergy-lt","12":"first","13":"instock","14":"taxable","15":"shipping-taxable","16":"purchasable","17":"product-type-simple"},"acf":[],"yoast_head":"<!-- This site is optimized with the Yoast SEO plugin v25.3.1 - https:\/\/yoast.com\/wordpress\/plugins\/seo\/ -->\n<title>Vimergy reishi milteliai - 50g. - Pure Nature<\/title>\n<meta name=\"description\" content=\"Tai galinga gamtos dovana sveikatai ir gerai savijautai. Visi\u0161kai gryni reishi funkcini\u0173 gryb\u0173 milteliai.\" \/>\n<meta name=\"robots\" content=\"noindex, follow, max-snippet:-1, max-image-preview:large, max-video-preview:-1\" \/>\n<meta property=\"og:locale\" content=\"lt_LT\" \/>\n<meta property=\"og:type\" content=\"article\" \/>\n<meta property=\"og:title\" content=\"Vimergy reishi milteliai - 50g. - Pure Nature\" \/>\n<meta property=\"og:description\" content=\"Tai galinga gamtos dovana sveikatai ir gerai savijautai. Visi\u0161kai gryni reishi funkcini\u0173 gryb\u0173 milteliai.\" \/>\n<meta property=\"og:url\" content=\"https:\/\/old.elusvali.ee\/lt\/prek\u0117\/vimergy-reishi-milteliai-50g\/\" \/>\n<meta property=\"og:site_name\" content=\"Elusv&auml;li\" \/>\n<meta property=\"article:publisher\" content=\"https:\/\/www.facebook.com\/profile.php?id=100064131067985\" \/>\n<meta property=\"article:modified_time\" content=\"2025-05-15T16:36:08+00:00\" \/>\n<meta property=\"og:image\" content=\"https:\/\/purenature.lt\/wp-content\/uploads\/2021\/12\/organic-reishi-vimergy-supplements-vitamins-37022821089450.webp\" \/>\n\t<meta property=\"og:image:width\" content=\"800\" \/>\n\t<meta property=\"og:image:height\" content=\"800\" \/>\n\t<meta property=\"og:image:type\" content=\"image\/webp\" \/>\n<meta name=\"twitter:card\" content=\"summary_large_image\" \/>\n<meta name=\"twitter:label1\" content=\"Est. reading time\" \/>\n\t<meta name=\"twitter:data1\" content=\"1 minut\u0117\" \/>\n<script type=\"application\/ld+json\" class=\"yoast-schema-graph\">{\"@context\":\"https:\/\/schema.org\",\"@graph\":[{\"@type\":\"WebPage\",\"@id\":\"https:\/\/old.elusvali.ee\/lt\/prek\u0117\/vimergy-reishi-milteliai-50g\/\",\"url\":\"https:\/\/old.elusvali.ee\/lt\/prek\u0117\/vimergy-reishi-milteliai-50g\/\",\"name\":\"Vimergy reishi milteliai - 50g. - Pure Nature\",\"isPartOf\":{\"@id\":\"https:\/\/old.elusvali.ee\/lt\/#website\"},\"primaryImageOfPage\":{\"@id\":\"https:\/\/old.elusvali.ee\/lt\/prek\u0117\/vimergy-reishi-milteliai-50g\/#primaryimage\"},\"image\":{\"@id\":\"https:\/\/old.elusvali.ee\/lt\/prek\u0117\/vimergy-reishi-milteliai-50g\/#primaryimage\"},\"thumbnailUrl\":\"https:\/\/old.elusvali.ee\/wp-content\/uploads\/2021\/12\/organic-reishi-vimergy-supplements-vitamins-37022821089450.webp\",\"datePublished\":\"2021-12-01T08:28:18+00:00\",\"dateModified\":\"2025-05-15T16:36:08+00:00\",\"description\":\"Tai galinga gamtos dovana sveikatai ir gerai savijautai. Visi\u0161kai gryni reishi funkcini\u0173 gryb\u0173 milteliai.\",\"breadcrumb\":{\"@id\":\"https:\/\/old.elusvali.ee\/lt\/prek\u0117\/vimergy-reishi-milteliai-50g\/#breadcrumb\"},\"inLanguage\":\"lt-LT\",\"potentialAction\":[{\"@type\":\"ReadAction\",\"target\":[\"https:\/\/old.elusvali.ee\/lt\/prek\u0117\/vimergy-reishi-milteliai-50g\/\"]}]},{\"@type\":\"ImageObject\",\"inLanguage\":\"lt-LT\",\"@id\":\"https:\/\/old.elusvali.ee\/lt\/prek\u0117\/vimergy-reishi-milteliai-50g\/#primaryimage\",\"url\":\"https:\/\/old.elusvali.ee\/wp-content\/uploads\/2021\/12\/organic-reishi-vimergy-supplements-vitamins-37022821089450.webp\",\"contentUrl\":\"https:\/\/old.elusvali.ee\/wp-content\/uploads\/2021\/12\/organic-reishi-vimergy-supplements-vitamins-37022821089450.webp\",\"width\":800,\"height\":800},{\"@type\":\"BreadcrumbList\",\"@id\":\"https:\/\/old.elusvali.ee\/lt\/prek\u0117\/vimergy-reishi-milteliai-50g\/#breadcrumb\",\"itemListElement\":[{\"@type\":\"ListItem\",\"position\":1,\"name\":\"Home\",\"item\":\"https:\/\/old.elusvali.ee\/lt\/\"},{\"@type\":\"ListItem\",\"position\":2,\"name\":\"Elektronin\u0117 parduotuv\u0117\",\"item\":\"https:\/\/purenature.lt\/parduotuve\/\"},{\"@type\":\"ListItem\",\"position\":3,\"name\":\"Vimergy reishi milteliai &#8211; 50g.\"}]},{\"@type\":\"WebSite\",\"@id\":\"https:\/\/old.elusvali.ee\/lt\/#website\",\"url\":\"https:\/\/old.elusvali.ee\/lt\/\",\"name\":\"Elusv\u00e4li\",\"description\":\"Puhas k&ouml;&ouml;k ja koduapteek\",\"publisher\":{\"@id\":\"https:\/\/old.elusvali.ee\/lt\/#organization\"},\"potentialAction\":[{\"@type\":\"SearchAction\",\"target\":{\"@type\":\"EntryPoint\",\"urlTemplate\":\"https:\/\/old.elusvali.ee\/lt\/?s={search_term_string}\"},\"query-input\":{\"@type\":\"PropertyValueSpecification\",\"valueRequired\":true,\"valueName\":\"search_term_string\"}}],\"inLanguage\":\"lt-LT\"},{\"@type\":\"Organization\",\"@id\":\"https:\/\/old.elusvali.ee\/lt\/#organization\",\"name\":\"Elusv\u00e4li\",\"url\":\"https:\/\/old.elusvali.ee\/lt\/\",\"logo\":{\"@type\":\"ImageObject\",\"inLanguage\":\"lt-LT\",\"@id\":\"https:\/\/old.elusvali.ee\/lt\/#\/schema\/logo\/image\/\",\"url\":\"https:\/\/purenature.lt\/wp-content\/uploads\/2023\/07\/logo.png\",\"contentUrl\":\"https:\/\/purenature.lt\/wp-content\/uploads\/2023\/07\/logo.png\",\"width\":526,\"height\":146,\"caption\":\"Elusv\u00e4li\"},\"image\":{\"@id\":\"https:\/\/old.elusvali.ee\/lt\/#\/schema\/logo\/image\/\"},\"sameAs\":[\"https:\/\/www.facebook.com\/profile.php?id=100064131067985\",\"https:\/\/www.instagram.com\/elusvali\/\",\"https:\/\/www.youtube.com\/@elusvali2110\"]}]}<\/script>\n<!-- \/ Yoast SEO plugin. -->","yoast_head_json":{"title":"Vimergy reishi milteliai - 50g. - Pure Nature","description":"Tai galinga gamtos dovana sveikatai ir gerai savijautai. Visi\u0161kai gryni reishi funkcini\u0173 gryb\u0173 milteliai.","robots":{"index":"noindex","follow":"follow","max-snippet":"max-snippet:-1","max-image-preview":"max-image-preview:large","max-video-preview":"max-video-preview:-1"},"og_locale":"lt_LT","og_type":"article","og_title":"Vimergy reishi milteliai - 50g. - Pure Nature","og_description":"Tai galinga gamtos dovana sveikatai ir gerai savijautai. Visi\u0161kai gryni reishi funkcini\u0173 gryb\u0173 milteliai.","og_url":"https:\/\/old.elusvali.ee\/lt\/prek\u0117\/vimergy-reishi-milteliai-50g\/","og_site_name":"Elusv&auml;li","article_publisher":"https:\/\/www.facebook.com\/profile.php?id=100064131067985","article_modified_time":"2025-05-15T16:36:08+00:00","og_image":[{"width":800,"height":800,"url":"https:\/\/purenature.lt\/wp-content\/uploads\/2021\/12\/organic-reishi-vimergy-supplements-vitamins-37022821089450.webp","type":"image\/webp"}],"twitter_card":"summary_large_image","twitter_misc":{"Est. reading time":"1 minut\u0117"},"schema":{"@context":"https:\/\/schema.org","@graph":[{"@type":"WebPage","@id":"https:\/\/old.elusvali.ee\/lt\/prek\u0117\/vimergy-reishi-milteliai-50g\/","url":"https:\/\/old.elusvali.ee\/lt\/prek\u0117\/vimergy-reishi-milteliai-50g\/","name":"Vimergy reishi milteliai - 50g. - Pure Nature","isPartOf":{"@id":"https:\/\/old.elusvali.ee\/lt\/#website"},"primaryImageOfPage":{"@id":"https:\/\/old.elusvali.ee\/lt\/prek\u0117\/vimergy-reishi-milteliai-50g\/#primaryimage"},"image":{"@id":"https:\/\/old.elusvali.ee\/lt\/prek\u0117\/vimergy-reishi-milteliai-50g\/#primaryimage"},"thumbnailUrl":"https:\/\/old.elusvali.ee\/wp-content\/uploads\/2021\/12\/organic-reishi-vimergy-supplements-vitamins-37022821089450.webp","datePublished":"2021-12-01T08:28:18+00:00","dateModified":"2025-05-15T16:36:08+00:00","description":"Tai galinga gamtos dovana sveikatai ir gerai savijautai. Visi\u0161kai gryni reishi funkcini\u0173 gryb\u0173 milteliai.","breadcrumb":{"@id":"https:\/\/old.elusvali.ee\/lt\/prek\u0117\/vimergy-reishi-milteliai-50g\/#breadcrumb"},"inLanguage":"lt-LT","potentialAction":[{"@type":"ReadAction","target":["https:\/\/old.elusvali.ee\/lt\/prek\u0117\/vimergy-reishi-milteliai-50g\/"]}]},{"@type":"ImageObject","inLanguage":"lt-LT","@id":"https:\/\/old.elusvali.ee\/lt\/prek\u0117\/vimergy-reishi-milteliai-50g\/#primaryimage","url":"https:\/\/old.elusvali.ee\/wp-content\/uploads\/2021\/12\/organic-reishi-vimergy-supplements-vitamins-37022821089450.webp","contentUrl":"https:\/\/old.elusvali.ee\/wp-content\/uploads\/2021\/12\/organic-reishi-vimergy-supplements-vitamins-37022821089450.webp","width":800,"height":800},{"@type":"BreadcrumbList","@id":"https:\/\/old.elusvali.ee\/lt\/prek\u0117\/vimergy-reishi-milteliai-50g\/#breadcrumb","itemListElement":[{"@type":"ListItem","position":1,"name":"Home","item":"https:\/\/old.elusvali.ee\/lt\/"},{"@type":"ListItem","position":2,"name":"Elektronin\u0117 parduotuv\u0117","item":"https:\/\/purenature.lt\/parduotuve\/"},{"@type":"ListItem","position":3,"name":"Vimergy reishi milteliai &#8211; 50g."}]},{"@type":"WebSite","@id":"https:\/\/old.elusvali.ee\/lt\/#website","url":"https:\/\/old.elusvali.ee\/lt\/","name":"Elusv\u00e4li","description":"Puhas k&ouml;&ouml;k ja koduapteek","publisher":{"@id":"https:\/\/old.elusvali.ee\/lt\/#organization"},"potentialAction":[{"@type":"SearchAction","target":{"@type":"EntryPoint","urlTemplate":"https:\/\/old.elusvali.ee\/lt\/?s={search_term_string}"},"query-input":{"@type":"PropertyValueSpecification","valueRequired":true,"valueName":"search_term_string"}}],"inLanguage":"lt-LT"},{"@type":"Organization","@id":"https:\/\/old.elusvali.ee\/lt\/#organization","name":"Elusv\u00e4li","url":"https:\/\/old.elusvali.ee\/lt\/","logo":{"@type":"ImageObject","inLanguage":"lt-LT","@id":"https:\/\/old.elusvali.ee\/lt\/#\/schema\/logo\/image\/","url":"https:\/\/purenature.lt\/wp-content\/uploads\/2023\/07\/logo.png","contentUrl":"https:\/\/purenature.lt\/wp-content\/uploads\/2023\/07\/logo.png","width":526,"height":146,"caption":"Elusv\u00e4li"},"image":{"@id":"https:\/\/old.elusvali.ee\/lt\/#\/schema\/logo\/image\/"},"sameAs":["https:\/\/www.facebook.com\/profile.php?id=100064131067985","https:\/\/www.instagram.com\/elusvali\/","https:\/\/www.youtube.com\/@elusvali2110"]}]}},"_links":{"self":[{"href":"https:\/\/old.elusvali.ee\/lt\/wp-json\/wp\/v2\/product\/36094","targetHints":{"allow":["GET"]}}],"collection":[{"href":"https:\/\/old.elusvali.ee\/lt\/wp-json\/wp\/v2\/product"}],"about":[{"href":"https:\/\/old.elusvali.ee\/lt\/wp-json\/wp\/v2\/types\/product"}],"replies":[{"embeddable":true,"href":"https:\/\/old.elusvali.ee\/lt\/wp-json\/wp\/v2\/comments?post=36094"}],"version-history":[{"count":0,"href":"https:\/\/old.elusvali.ee\/lt\/wp-json\/wp\/v2\/product\/36094\/revisions"}],"wp:featuredmedia":[{"embeddable":true,"href":"https:\/\/old.elusvali.ee\/lt\/wp-json\/wp\/v2\/media\/64183"}],"wp:attachment":[{"href":"https:\/\/old.elusvali.ee\/lt\/wp-json\/wp\/v2\/media?parent=36094"}],"wp:term":[{"taxonomy":"product_brand","embeddable":true,"href":"https:\/\/old.elusvali.ee\/lt\/wp-json\/wp\/v2\/product_brand?post=36094"},{"taxonomy":"product_cat","embeddable":true,"href":"https:\/\/old.elusvali.ee\/lt\/wp-json\/wp\/v2\/product_cat?post=36094"},{"taxonomy":"product_tag","embeddable":true,"href":"https:\/\/old.elusvali.ee\/lt\/wp-json\/wp\/v2\/product_tag?post=36094"}],"curies":[{"name":"wp","href":"https:\/\/api.w.org\/{rel}","templated":true}]}}