{"id":36092,"date":"2022-12-14T07:49:56","date_gmt":"2022-12-14T05:49:56","guid":{"rendered":"https:\/\/old.elusvali.ee\/product\/ekologiskas-avizu-gerimas-be-glitimo-1l-natumi\/"},"modified":"2025-06-16T15:54:18","modified_gmt":"2025-06-16T12:54:18","slug":"ekologiskas-avizu-pienas-be-glitimo-1l-natumi","status":"publish","type":"product","link":"https:\/\/old.elusvali.ee\/lt\/prek\u0117\/ekologiskas-avizu-pienas-be-glitimo-1l-natumi\/","title":{"rendered":"Ekologi\u0161kas avi\u017e\u0173 pienas be glitimo 1l | Natumi"},"content":{"rendered":"<h2>Ekologi\u0161kas avi\u017e\u0173 pienas be glitimo 1l<\/h2>\n<p>Jei pa\u017evelgtume \u012f visus augalin\u0117s kilm\u0117s pieno produktus parduotuvi\u0173 lentynose, tokius kaip ry\u017ei\u0173, soj\u0173, migdol\u0173, ry\u017ei\u0173 ir kokos\u0173, ankard\u017ei\u0173 g\u0117rimas ir avi\u017e\u0173 g\u0117rimas, pastarasis b\u016bt\u0173 vienas i\u0161 geriausi\u0173 pasirinkim\u0173. D\u0117l minimalaus g\u0117lo vandens naudojimo ir santykinai vietini\u0173 i\u0161tekli\u0173, avi\u017e\u0173 pienas yra geriausia ekologi\u0161ka karv\u0117s pieno alternatyva.<\/p>\n<p>Sveikatingumo po\u017ei\u016briu, avi\u017e\u0173 pienas i\u0161 ekologi\u0161k\u0173 avi\u017eini\u0173 dribsni\u0173 ir be glitimo yra neabejotinai vienas geriausi\u0173. Be to, \u0161iame avi\u017e\u0173 piene n\u0117ra nei raps\u0173 aliejaus, nei valgomosios druskos. Vietoje j\u0173 naudojamas nedidelis kiekis saul\u0117gr\u0105\u017e\u0173 aliejaus ir j\u016bros druska. Produkte n\u0117ra prid\u0117tinio cukraus, sintetini\u0173 pried\u0173 ar konservant\u0173.<\/p>\n<p>Avi\u017e\u0173 pien\u0105, kaip ir paprast\u0105 karv\u0117s pien\u0105, galima naudoti \u012fvairiausiuose patiekaluose.<\/p>\n","protected":false},"excerpt":{"rendered":"<p>Avi\u017e\u0173 pienas be glitimo (taip pat \u017einomas kaip avi\u017e\u0173 g\u0117rimas) &#8211; tai i\u0161 avi\u017eini\u0173 dribsni\u0173 be glitimo gaminamas g\u0117rimas, naudojamas kaip augalinis pieno pakaitalas. Taip pat \u0161is avi\u017e\u0173 g\u0117rimas i\u0161siskiria savo nepriekai\u0161tinga sud\u0117timi &#8211; jame n\u0117ra nei raps\u0173 aliejaus, nei valgomosios druskos, n\u0117ra prid\u0117tinio cukraus, sintetini\u0173 pried\u0173 ar konservant\u0173.<\/p>\n<p>Avi\u017e\u0173 pien\u0105 galima naudoti visiems, tiems patiems tikslams, kaip ir \u012fprast\u0105 karv\u0117s pien\u0105, pavyzd\u017eiui, \u012fvairiems kepiniams, kar\u0161tiems g\u0117rimams, kokteiliams, augaliniams ledams gaminti ir t.t. Tinka ir saldiems, ir pikanti\u0161kiems patiekalams.<\/p>\n<p>&nbsp;<\/p>\n","protected":false},"featured_media":66329,"comment_status":"open","ping_status":"closed","template":"","meta":{"_acf_changed":false},"product_brand":[],"product_cat":[482,444],"product_tag":[],"class_list":{"0":"post-36092","1":"product","2":"type-product","3":"status-publish","4":"has-post-thumbnail","6":"product_cat-gerimai","7":"product_cat-namu-virtuve","9":"first","10":"instock","11":"taxable","12":"shipping-taxable","13":"purchasable","14":"product-type-simple"},"acf":[],"yoast_head":"<!-- This site is optimized with the Yoast SEO plugin v25.3.1 - https:\/\/yoast.com\/wordpress\/plugins\/seo\/ -->\n<title>Ekologi\u0161kas avi\u017e\u0173 pienas be glitimo 1l | Natumi - Pure Nature<\/title>\n<meta name=\"description\" content=\"\u0160iame avi\u017e\u0173 piene n\u0117ra nei raps\u0173 aliejaus, nei valgomosios druskos, n\u0117ra prid\u0117tinio cukraus, sintetini\u0173 pried\u0173 ar konservant\u0173.\" \/>\n<meta name=\"robots\" content=\"noindex, follow, max-snippet:-1, max-image-preview:large, max-video-preview:-1\" \/>\n<meta property=\"og:locale\" content=\"lt_LT\" \/>\n<meta property=\"og:type\" content=\"article\" \/>\n<meta property=\"og:title\" content=\"Ekologi\u0161kas avi\u017e\u0173 pienas be glitimo 1l | Natumi - Pure Nature\" \/>\n<meta property=\"og:description\" content=\"\u0160iame avi\u017e\u0173 piene n\u0117ra nei raps\u0173 aliejaus, nei valgomosios druskos, n\u0117ra prid\u0117tinio cukraus, sintetini\u0173 pried\u0173 ar konservant\u0173.\" \/>\n<meta property=\"og:url\" content=\"https:\/\/old.elusvali.ee\/lt\/prek\u0117\/ekologiskas-avizu-pienas-be-glitimo-1l-natumi\/\" \/>\n<meta property=\"og:site_name\" content=\"Elusv&auml;li\" \/>\n<meta property=\"article:publisher\" content=\"https:\/\/www.facebook.com\/profile.php?id=100064131067985\" \/>\n<meta property=\"article:modified_time\" content=\"2025-06-16T12:54:18+00:00\" \/>\n<meta property=\"og:image\" content=\"https:\/\/purenature.lt\/wp-content\/uploads\/2023\/07\/Hafer-gluteenivaba-kaerapiim-1l-kaerajook-mahe.jpg\" \/>\n\t<meta property=\"og:image:width\" content=\"1500\" \/>\n\t<meta property=\"og:image:height\" content=\"1500\" \/>\n\t<meta property=\"og:image:type\" content=\"image\/jpeg\" \/>\n<meta name=\"twitter:card\" content=\"summary_large_image\" \/>\n<meta name=\"twitter:label1\" content=\"Est. reading time\" \/>\n\t<meta name=\"twitter:data1\" content=\"1 minut\u0117\" \/>\n<script type=\"application\/ld+json\" class=\"yoast-schema-graph\">{\"@context\":\"https:\/\/schema.org\",\"@graph\":[{\"@type\":\"WebPage\",\"@id\":\"https:\/\/old.elusvali.ee\/lt\/prek\u0117\/ekologiskas-avizu-pienas-be-glitimo-1l-natumi\/\",\"url\":\"https:\/\/old.elusvali.ee\/lt\/prek\u0117\/ekologiskas-avizu-pienas-be-glitimo-1l-natumi\/\",\"name\":\"Ekologi\u0161kas avi\u017e\u0173 pienas be glitimo 1l | Natumi - Pure Nature\",\"isPartOf\":{\"@id\":\"https:\/\/old.elusvali.ee\/lt\/#website\"},\"primaryImageOfPage\":{\"@id\":\"https:\/\/old.elusvali.ee\/lt\/prek\u0117\/ekologiskas-avizu-pienas-be-glitimo-1l-natumi\/#primaryimage\"},\"image\":{\"@id\":\"https:\/\/old.elusvali.ee\/lt\/prek\u0117\/ekologiskas-avizu-pienas-be-glitimo-1l-natumi\/#primaryimage\"},\"thumbnailUrl\":\"https:\/\/old.elusvali.ee\/wp-content\/uploads\/2022\/12\/Kaerapiim-natumi-gluteenivaba-mahe.png\",\"datePublished\":\"2022-12-14T05:49:56+00:00\",\"dateModified\":\"2025-06-16T12:54:18+00:00\",\"description\":\"\u0160iame avi\u017e\u0173 piene n\u0117ra nei raps\u0173 aliejaus, nei valgomosios druskos, n\u0117ra prid\u0117tinio cukraus, sintetini\u0173 pried\u0173 ar konservant\u0173.\",\"breadcrumb\":{\"@id\":\"https:\/\/old.elusvali.ee\/lt\/prek\u0117\/ekologiskas-avizu-pienas-be-glitimo-1l-natumi\/#breadcrumb\"},\"inLanguage\":\"lt-LT\",\"potentialAction\":[{\"@type\":\"ReadAction\",\"target\":[\"https:\/\/old.elusvali.ee\/lt\/prek\u0117\/ekologiskas-avizu-pienas-be-glitimo-1l-natumi\/\"]}]},{\"@type\":\"ImageObject\",\"inLanguage\":\"lt-LT\",\"@id\":\"https:\/\/old.elusvali.ee\/lt\/prek\u0117\/ekologiskas-avizu-pienas-be-glitimo-1l-natumi\/#primaryimage\",\"url\":\"https:\/\/old.elusvali.ee\/wp-content\/uploads\/2022\/12\/Kaerapiim-natumi-gluteenivaba-mahe.png\",\"contentUrl\":\"https:\/\/old.elusvali.ee\/wp-content\/uploads\/2022\/12\/Kaerapiim-natumi-gluteenivaba-mahe.png\",\"width\":1080,\"height\":1080},{\"@type\":\"BreadcrumbList\",\"@id\":\"https:\/\/old.elusvali.ee\/lt\/prek\u0117\/ekologiskas-avizu-pienas-be-glitimo-1l-natumi\/#breadcrumb\",\"itemListElement\":[{\"@type\":\"ListItem\",\"position\":1,\"name\":\"Home\",\"item\":\"https:\/\/old.elusvali.ee\/lt\/\"},{\"@type\":\"ListItem\",\"position\":2,\"name\":\"Elektronin\u0117 parduotuv\u0117\",\"item\":\"https:\/\/purenature.lt\/parduotuve\/\"},{\"@type\":\"ListItem\",\"position\":3,\"name\":\"Ekologi\u0161kas avi\u017e\u0173 pienas be glitimo 1l | Natumi\"}]},{\"@type\":\"WebSite\",\"@id\":\"https:\/\/old.elusvali.ee\/lt\/#website\",\"url\":\"https:\/\/old.elusvali.ee\/lt\/\",\"name\":\"Elusv\u00e4li\",\"description\":\"Puhas k&ouml;&ouml;k ja koduapteek\",\"publisher\":{\"@id\":\"https:\/\/old.elusvali.ee\/lt\/#organization\"},\"potentialAction\":[{\"@type\":\"SearchAction\",\"target\":{\"@type\":\"EntryPoint\",\"urlTemplate\":\"https:\/\/old.elusvali.ee\/lt\/?s={search_term_string}\"},\"query-input\":{\"@type\":\"PropertyValueSpecification\",\"valueRequired\":true,\"valueName\":\"search_term_string\"}}],\"inLanguage\":\"lt-LT\"},{\"@type\":\"Organization\",\"@id\":\"https:\/\/old.elusvali.ee\/lt\/#organization\",\"name\":\"Elusv\u00e4li\",\"url\":\"https:\/\/old.elusvali.ee\/lt\/\",\"logo\":{\"@type\":\"ImageObject\",\"inLanguage\":\"lt-LT\",\"@id\":\"https:\/\/old.elusvali.ee\/lt\/#\/schema\/logo\/image\/\",\"url\":\"https:\/\/purenature.lt\/wp-content\/uploads\/2023\/07\/logo.png\",\"contentUrl\":\"https:\/\/purenature.lt\/wp-content\/uploads\/2023\/07\/logo.png\",\"width\":526,\"height\":146,\"caption\":\"Elusv\u00e4li\"},\"image\":{\"@id\":\"https:\/\/old.elusvali.ee\/lt\/#\/schema\/logo\/image\/\"},\"sameAs\":[\"https:\/\/www.facebook.com\/profile.php?id=100064131067985\",\"https:\/\/www.instagram.com\/elusvali\/\",\"https:\/\/www.youtube.com\/@elusvali2110\"]}]}<\/script>\n<!-- \/ Yoast SEO plugin. -->","yoast_head_json":{"title":"Ekologi\u0161kas avi\u017e\u0173 pienas be glitimo 1l | Natumi - Pure Nature","description":"\u0160iame avi\u017e\u0173 piene n\u0117ra nei raps\u0173 aliejaus, nei valgomosios druskos, n\u0117ra prid\u0117tinio cukraus, sintetini\u0173 pried\u0173 ar konservant\u0173.","robots":{"index":"noindex","follow":"follow","max-snippet":"max-snippet:-1","max-image-preview":"max-image-preview:large","max-video-preview":"max-video-preview:-1"},"og_locale":"lt_LT","og_type":"article","og_title":"Ekologi\u0161kas avi\u017e\u0173 pienas be glitimo 1l | Natumi - Pure Nature","og_description":"\u0160iame avi\u017e\u0173 piene n\u0117ra nei raps\u0173 aliejaus, nei valgomosios druskos, n\u0117ra prid\u0117tinio cukraus, sintetini\u0173 pried\u0173 ar konservant\u0173.","og_url":"https:\/\/old.elusvali.ee\/lt\/prek\u0117\/ekologiskas-avizu-pienas-be-glitimo-1l-natumi\/","og_site_name":"Elusv&auml;li","article_publisher":"https:\/\/www.facebook.com\/profile.php?id=100064131067985","article_modified_time":"2025-06-16T12:54:18+00:00","og_image":[{"width":1500,"height":1500,"url":"https:\/\/purenature.lt\/wp-content\/uploads\/2023\/07\/Hafer-gluteenivaba-kaerapiim-1l-kaerajook-mahe.jpg","type":"image\/jpeg"}],"twitter_card":"summary_large_image","twitter_misc":{"Est. reading time":"1 minut\u0117"},"schema":{"@context":"https:\/\/schema.org","@graph":[{"@type":"WebPage","@id":"https:\/\/old.elusvali.ee\/lt\/prek\u0117\/ekologiskas-avizu-pienas-be-glitimo-1l-natumi\/","url":"https:\/\/old.elusvali.ee\/lt\/prek\u0117\/ekologiskas-avizu-pienas-be-glitimo-1l-natumi\/","name":"Ekologi\u0161kas avi\u017e\u0173 pienas be glitimo 1l | Natumi - Pure Nature","isPartOf":{"@id":"https:\/\/old.elusvali.ee\/lt\/#website"},"primaryImageOfPage":{"@id":"https:\/\/old.elusvali.ee\/lt\/prek\u0117\/ekologiskas-avizu-pienas-be-glitimo-1l-natumi\/#primaryimage"},"image":{"@id":"https:\/\/old.elusvali.ee\/lt\/prek\u0117\/ekologiskas-avizu-pienas-be-glitimo-1l-natumi\/#primaryimage"},"thumbnailUrl":"https:\/\/old.elusvali.ee\/wp-content\/uploads\/2022\/12\/Kaerapiim-natumi-gluteenivaba-mahe.png","datePublished":"2022-12-14T05:49:56+00:00","dateModified":"2025-06-16T12:54:18+00:00","description":"\u0160iame avi\u017e\u0173 piene n\u0117ra nei raps\u0173 aliejaus, nei valgomosios druskos, n\u0117ra prid\u0117tinio cukraus, sintetini\u0173 pried\u0173 ar konservant\u0173.","breadcrumb":{"@id":"https:\/\/old.elusvali.ee\/lt\/prek\u0117\/ekologiskas-avizu-pienas-be-glitimo-1l-natumi\/#breadcrumb"},"inLanguage":"lt-LT","potentialAction":[{"@type":"ReadAction","target":["https:\/\/old.elusvali.ee\/lt\/prek\u0117\/ekologiskas-avizu-pienas-be-glitimo-1l-natumi\/"]}]},{"@type":"ImageObject","inLanguage":"lt-LT","@id":"https:\/\/old.elusvali.ee\/lt\/prek\u0117\/ekologiskas-avizu-pienas-be-glitimo-1l-natumi\/#primaryimage","url":"https:\/\/old.elusvali.ee\/wp-content\/uploads\/2022\/12\/Kaerapiim-natumi-gluteenivaba-mahe.png","contentUrl":"https:\/\/old.elusvali.ee\/wp-content\/uploads\/2022\/12\/Kaerapiim-natumi-gluteenivaba-mahe.png","width":1080,"height":1080},{"@type":"BreadcrumbList","@id":"https:\/\/old.elusvali.ee\/lt\/prek\u0117\/ekologiskas-avizu-pienas-be-glitimo-1l-natumi\/#breadcrumb","itemListElement":[{"@type":"ListItem","position":1,"name":"Home","item":"https:\/\/old.elusvali.ee\/lt\/"},{"@type":"ListItem","position":2,"name":"Elektronin\u0117 parduotuv\u0117","item":"https:\/\/purenature.lt\/parduotuve\/"},{"@type":"ListItem","position":3,"name":"Ekologi\u0161kas avi\u017e\u0173 pienas be glitimo 1l | Natumi"}]},{"@type":"WebSite","@id":"https:\/\/old.elusvali.ee\/lt\/#website","url":"https:\/\/old.elusvali.ee\/lt\/","name":"Elusv\u00e4li","description":"Puhas k&ouml;&ouml;k ja koduapteek","publisher":{"@id":"https:\/\/old.elusvali.ee\/lt\/#organization"},"potentialAction":[{"@type":"SearchAction","target":{"@type":"EntryPoint","urlTemplate":"https:\/\/old.elusvali.ee\/lt\/?s={search_term_string}"},"query-input":{"@type":"PropertyValueSpecification","valueRequired":true,"valueName":"search_term_string"}}],"inLanguage":"lt-LT"},{"@type":"Organization","@id":"https:\/\/old.elusvali.ee\/lt\/#organization","name":"Elusv\u00e4li","url":"https:\/\/old.elusvali.ee\/lt\/","logo":{"@type":"ImageObject","inLanguage":"lt-LT","@id":"https:\/\/old.elusvali.ee\/lt\/#\/schema\/logo\/image\/","url":"https:\/\/purenature.lt\/wp-content\/uploads\/2023\/07\/logo.png","contentUrl":"https:\/\/purenature.lt\/wp-content\/uploads\/2023\/07\/logo.png","width":526,"height":146,"caption":"Elusv\u00e4li"},"image":{"@id":"https:\/\/old.elusvali.ee\/lt\/#\/schema\/logo\/image\/"},"sameAs":["https:\/\/www.facebook.com\/profile.php?id=100064131067985","https:\/\/www.instagram.com\/elusvali\/","https:\/\/www.youtube.com\/@elusvali2110"]}]}},"_links":{"self":[{"href":"https:\/\/old.elusvali.ee\/lt\/wp-json\/wp\/v2\/product\/36092","targetHints":{"allow":["GET"]}}],"collection":[{"href":"https:\/\/old.elusvali.ee\/lt\/wp-json\/wp\/v2\/product"}],"about":[{"href":"https:\/\/old.elusvali.ee\/lt\/wp-json\/wp\/v2\/types\/product"}],"replies":[{"embeddable":true,"href":"https:\/\/old.elusvali.ee\/lt\/wp-json\/wp\/v2\/comments?post=36092"}],"version-history":[{"count":0,"href":"https:\/\/old.elusvali.ee\/lt\/wp-json\/wp\/v2\/product\/36092\/revisions"}],"wp:featuredmedia":[{"embeddable":true,"href":"https:\/\/old.elusvali.ee\/lt\/wp-json\/wp\/v2\/media\/66329"}],"wp:attachment":[{"href":"https:\/\/old.elusvali.ee\/lt\/wp-json\/wp\/v2\/media?parent=36092"}],"wp:term":[{"taxonomy":"product_brand","embeddable":true,"href":"https:\/\/old.elusvali.ee\/lt\/wp-json\/wp\/v2\/product_brand?post=36092"},{"taxonomy":"product_cat","embeddable":true,"href":"https:\/\/old.elusvali.ee\/lt\/wp-json\/wp\/v2\/product_cat?post=36092"},{"taxonomy":"product_tag","embeddable":true,"href":"https:\/\/old.elusvali.ee\/lt\/wp-json\/wp\/v2\/product_tag?post=36092"}],"curies":[{"name":"wp","href":"https:\/\/api.w.org\/{rel}","templated":true}]}}