{"id":36091,"date":"2021-12-01T10:22:14","date_gmt":"2021-12-01T08:22:14","guid":{"rendered":"https:\/\/old.elusvali.ee\/product\/vimergy-strawberry-thistle-115-ml\/"},"modified":"2025-06-29T22:34:25","modified_gmt":"2025-06-29T19:34:25","slug":"vimergy-tikrasis-margainis-tinktura-115-ml","status":"publish","type":"product","link":"https:\/\/old.elusvali.ee\/lt\/prek\u0117\/vimergy-tikrasis-margainis-tinktura-115-ml\/","title":{"rendered":"Vimergy tikrasis margainis &#8211; tinkt\u016bra 115 ml"},"content":{"rendered":"<p>Kod\u0117l kepen\u0173 sveikata yra tokia svarbi? Tod\u0117l, kad kepenys yra neatsiejamos nuo m\u016bs\u0173 bendros sveikatos. Tikrasis margainis gerai \u017einomas kaip galintis palaikyti m\u016bs\u0173 kepen\u0173 veikl\u0105.<\/p>\n<p>Tikrasis margainis gydymui naudojamas jau daugiau kaip 2 000 met\u0173, o senov\u0117s Graikijoje ir senov\u0117s Romoje j\u012f da\u017enai rekomenduodavo vartoti \u017eolininkai, \u012fskaitant Dioskorid\u0105 ir Plinij\u0173 Vyresn\u012fj\u012f.<\/p>\n<p>Kepenys atlieka pagrindin\u012f vaidmen\u012f m\u016bs\u0173 organizmo med\u017eiag\u0173 apykaitos procesuose &#8211; jos paver\u010dia maisting\u0105sias med\u017eiagas \u012f organizmui nauding\u0105 form\u0105 ir padeda i\u0161 organizmo pa\u0161alinti toksines med\u017eiagas.<\/p>\n<p><strong>USDA (United States Department of Agriculture) sertifikuota, ekologi\u0161ka, nealkoholin\u0117 tikrojo margainio tinkt\u016bra:<\/strong><\/p>\n<ul>\n<li>Palaiko kepen\u0173 sveikat\u0105<\/li>\n<li>Nealkoholinis mi\u0161inys su 20:1 koncentracija, kad g\u0117rimas b\u016bt\u0173 \u0161velnus, bet ir efektyvus<\/li>\n<li>Tikrasis margainis yra kartaus skonio vaista\u017eol\u0117. Vimergy tikrojo margainio tinkt\u016bros sud\u0117tyje yra nedidelis kiekis ekologi\u0161k\u0173 obuoli\u0173 sul\u010di\u0173, ekologi\u0161ko \u0161ilkmed\u017eio ekstrakto ir ekologi\u0161k\u0173 citrin\u0173 sul\u010di\u0173, kurios suteikia papildom\u0173 maistini\u0173 med\u017eiag\u0173 ir geresn\u012f skon\u012f.\u00a0Pagaminta su ekologi\u0161ku glicerinu (100% lin\u0173 s\u0117men\u0173 pagrindu, be riebal\u0173)<\/li>\n<li>Vimergy tikr\u0105j\u012f margain\u012f galima gerti sumai\u0161yt\u0105 su stikline vandens arba sul\u010di\u0173<\/li>\n<li>Sud\u0117tyje n\u0117ra citrin\u0173 r\u016bg\u0161ties, u\u017epild\u0173, pried\u0173, dirbtini\u0173 ir nat\u016brali\u0173 kvapi\u0173j\u0173 med\u017eiag\u0173.<\/li>\n<\/ul>\n","protected":false},"excerpt":{"rendered":"<p>Kai galvojate apie kepen\u0173 sveikat\u0105, pirmiausia galvokite apie tikr\u0105j\u012f margain\u012f!<\/p>\n<p>Kiekvienoje Vimergy ekologi\u0161ko tikrojo margainio 20:1 skysto ekstrakto porcijoje yra 2200 mg tikrojo margainio. Tai ypatingas nealkoholinis receptas, vertinamas d\u0117l savo kokyb\u0117s ir poveikio.<\/p>\n<p>J\u012f lengva ir mlaonu vartoti &#8211; tinkt\u016bros sud\u0117tyje yra nedidelis kiekis ekologi\u0161k\u0173 obuoli\u0173 sul\u010di\u0173, ekologi\u0161ko \u0161ilkmed\u017eio ekstrakto ir ekologi\u0161k\u0173 citrin\u0173 sul\u010di\u0173, kurios suteikia papildom\u0173 maistini\u0173 med\u017eiag\u0173 ir geresn\u012f skon\u012f.<\/p>\n","protected":false},"featured_media":32516,"comment_status":"open","ping_status":"closed","template":"","meta":{"_acf_changed":false},"product_brand":[],"product_cat":[496,499,473,694],"product_tag":[490,476],"class_list":{"0":"post-36091","1":"product","2":"type-product","3":"status-publish","4":"has-post-thumbnail","6":"product_cat-kepenu-sveikata","7":"product_cat-kunui","8":"product_cat-maisto-papildai","9":"product_cat-vimergy-lt","10":"product_tag-skysciai","11":"product_tag-vimergy-lt","13":"first","14":"instock","15":"taxable","16":"shipping-taxable","17":"purchasable","18":"product-type-simple"},"acf":[],"yoast_head":"<!-- This site is optimized with the Yoast SEO plugin v25.3.1 - https:\/\/yoast.com\/wordpress\/plugins\/seo\/ -->\n<title>Vimergy tikrasis margainis - tinkt\u016bra 115 ml - Pure Nature<\/title>\n<meta name=\"description\" content=\"Kepenys yra neatsiejamos nuo m\u016bs\u0173 bendros sveikatos. Tikrasis margainis gerai \u017einomas kaip galintis palaikyti m\u016bs\u0173 kepen\u0173 veikl\u0105. Norite sveik\u0173 kepen\u0173?\" \/>\n<meta name=\"robots\" content=\"noindex, follow, max-snippet:-1, max-image-preview:large, max-video-preview:-1\" \/>\n<meta property=\"og:locale\" content=\"lt_LT\" \/>\n<meta property=\"og:type\" content=\"article\" \/>\n<meta property=\"og:title\" content=\"Vimergy tikrasis margainis - tinkt\u016bra 115 ml - Pure Nature\" \/>\n<meta property=\"og:description\" content=\"Kepenys yra neatsiejamos nuo m\u016bs\u0173 bendros sveikatos. Tikrasis margainis gerai \u017einomas kaip galintis palaikyti m\u016bs\u0173 kepen\u0173 veikl\u0105. Norite sveik\u0173 kepen\u0173?\" \/>\n<meta property=\"og:url\" content=\"https:\/\/old.elusvali.ee\/lt\/prek\u0117\/vimergy-tikrasis-margainis-tinktura-115-ml\/\" \/>\n<meta property=\"og:site_name\" content=\"Elusv&auml;li\" \/>\n<meta property=\"article:publisher\" content=\"https:\/\/www.facebook.com\/profile.php?id=100064131067985\" \/>\n<meta property=\"article:modified_time\" content=\"2025-06-29T19:34:25+00:00\" \/>\n<meta property=\"og:image\" content=\"https:\/\/purenature.lt\/wp-content\/uploads\/2021\/12\/MilkThistle.jpg\" \/>\n\t<meta property=\"og:image:width\" content=\"1400\" \/>\n\t<meta property=\"og:image:height\" content=\"1400\" \/>\n\t<meta property=\"og:image:type\" content=\"image\/jpeg\" \/>\n<meta name=\"twitter:card\" content=\"summary_large_image\" \/>\n<meta name=\"twitter:label1\" content=\"Est. reading time\" \/>\n\t<meta name=\"twitter:data1\" content=\"2 minut\u0117s\" \/>\n<script type=\"application\/ld+json\" class=\"yoast-schema-graph\">{\"@context\":\"https:\/\/schema.org\",\"@graph\":[{\"@type\":\"WebPage\",\"@id\":\"https:\/\/old.elusvali.ee\/lt\/prek\u0117\/vimergy-tikrasis-margainis-tinktura-115-ml\/\",\"url\":\"https:\/\/old.elusvali.ee\/lt\/prek\u0117\/vimergy-tikrasis-margainis-tinktura-115-ml\/\",\"name\":\"Vimergy tikrasis margainis - tinkt\u016bra 115 ml - Pure Nature\",\"isPartOf\":{\"@id\":\"https:\/\/old.elusvali.ee\/lt\/#website\"},\"primaryImageOfPage\":{\"@id\":\"https:\/\/old.elusvali.ee\/lt\/prek\u0117\/vimergy-tikrasis-margainis-tinktura-115-ml\/#primaryimage\"},\"image\":{\"@id\":\"https:\/\/old.elusvali.ee\/lt\/prek\u0117\/vimergy-tikrasis-margainis-tinktura-115-ml\/#primaryimage\"},\"thumbnailUrl\":\"https:\/\/old.elusvali.ee\/wp-content\/uploads\/2021\/12\/MilkThistle.jpg\",\"datePublished\":\"2021-12-01T08:22:14+00:00\",\"dateModified\":\"2025-06-29T19:34:25+00:00\",\"description\":\"Kepenys yra neatsiejamos nuo m\u016bs\u0173 bendros sveikatos. Tikrasis margainis gerai \u017einomas kaip galintis palaikyti m\u016bs\u0173 kepen\u0173 veikl\u0105. Norite sveik\u0173 kepen\u0173?\",\"breadcrumb\":{\"@id\":\"https:\/\/old.elusvali.ee\/lt\/prek\u0117\/vimergy-tikrasis-margainis-tinktura-115-ml\/#breadcrumb\"},\"inLanguage\":\"lt-LT\",\"potentialAction\":[{\"@type\":\"ReadAction\",\"target\":[\"https:\/\/old.elusvali.ee\/lt\/prek\u0117\/vimergy-tikrasis-margainis-tinktura-115-ml\/\"]}]},{\"@type\":\"ImageObject\",\"inLanguage\":\"lt-LT\",\"@id\":\"https:\/\/old.elusvali.ee\/lt\/prek\u0117\/vimergy-tikrasis-margainis-tinktura-115-ml\/#primaryimage\",\"url\":\"https:\/\/old.elusvali.ee\/wp-content\/uploads\/2021\/12\/MilkThistle.jpg\",\"contentUrl\":\"https:\/\/old.elusvali.ee\/wp-content\/uploads\/2021\/12\/MilkThistle.jpg\",\"width\":1400,\"height\":1400,\"caption\":\"Tikrojo margainio tinktura\"},{\"@type\":\"BreadcrumbList\",\"@id\":\"https:\/\/old.elusvali.ee\/lt\/prek\u0117\/vimergy-tikrasis-margainis-tinktura-115-ml\/#breadcrumb\",\"itemListElement\":[{\"@type\":\"ListItem\",\"position\":1,\"name\":\"Home\",\"item\":\"https:\/\/old.elusvali.ee\/lt\/\"},{\"@type\":\"ListItem\",\"position\":2,\"name\":\"Elektronin\u0117 parduotuv\u0117\",\"item\":\"https:\/\/purenature.lt\/parduotuve\/\"},{\"@type\":\"ListItem\",\"position\":3,\"name\":\"Vimergy tikrasis margainis &#8211; tinkt\u016bra 115 ml\"}]},{\"@type\":\"WebSite\",\"@id\":\"https:\/\/old.elusvali.ee\/lt\/#website\",\"url\":\"https:\/\/old.elusvali.ee\/lt\/\",\"name\":\"Elusv\u00e4li\",\"description\":\"Puhas k&ouml;&ouml;k ja koduapteek\",\"publisher\":{\"@id\":\"https:\/\/old.elusvali.ee\/lt\/#organization\"},\"potentialAction\":[{\"@type\":\"SearchAction\",\"target\":{\"@type\":\"EntryPoint\",\"urlTemplate\":\"https:\/\/old.elusvali.ee\/lt\/?s={search_term_string}\"},\"query-input\":{\"@type\":\"PropertyValueSpecification\",\"valueRequired\":true,\"valueName\":\"search_term_string\"}}],\"inLanguage\":\"lt-LT\"},{\"@type\":\"Organization\",\"@id\":\"https:\/\/old.elusvali.ee\/lt\/#organization\",\"name\":\"Elusv\u00e4li\",\"url\":\"https:\/\/old.elusvali.ee\/lt\/\",\"logo\":{\"@type\":\"ImageObject\",\"inLanguage\":\"lt-LT\",\"@id\":\"https:\/\/old.elusvali.ee\/lt\/#\/schema\/logo\/image\/\",\"url\":\"https:\/\/purenature.lt\/wp-content\/uploads\/2023\/07\/logo.png\",\"contentUrl\":\"https:\/\/purenature.lt\/wp-content\/uploads\/2023\/07\/logo.png\",\"width\":526,\"height\":146,\"caption\":\"Elusv\u00e4li\"},\"image\":{\"@id\":\"https:\/\/old.elusvali.ee\/lt\/#\/schema\/logo\/image\/\"},\"sameAs\":[\"https:\/\/www.facebook.com\/profile.php?id=100064131067985\",\"https:\/\/www.instagram.com\/elusvali\/\",\"https:\/\/www.youtube.com\/@elusvali2110\"]}]}<\/script>\n<!-- \/ Yoast SEO plugin. -->","yoast_head_json":{"title":"Vimergy tikrasis margainis - tinkt\u016bra 115 ml - Pure Nature","description":"Kepenys yra neatsiejamos nuo m\u016bs\u0173 bendros sveikatos. Tikrasis margainis gerai \u017einomas kaip galintis palaikyti m\u016bs\u0173 kepen\u0173 veikl\u0105. Norite sveik\u0173 kepen\u0173?","robots":{"index":"noindex","follow":"follow","max-snippet":"max-snippet:-1","max-image-preview":"max-image-preview:large","max-video-preview":"max-video-preview:-1"},"og_locale":"lt_LT","og_type":"article","og_title":"Vimergy tikrasis margainis - tinkt\u016bra 115 ml - Pure Nature","og_description":"Kepenys yra neatsiejamos nuo m\u016bs\u0173 bendros sveikatos. Tikrasis margainis gerai \u017einomas kaip galintis palaikyti m\u016bs\u0173 kepen\u0173 veikl\u0105. Norite sveik\u0173 kepen\u0173?","og_url":"https:\/\/old.elusvali.ee\/lt\/prek\u0117\/vimergy-tikrasis-margainis-tinktura-115-ml\/","og_site_name":"Elusv&auml;li","article_publisher":"https:\/\/www.facebook.com\/profile.php?id=100064131067985","article_modified_time":"2025-06-29T19:34:25+00:00","og_image":[{"width":1400,"height":1400,"url":"https:\/\/purenature.lt\/wp-content\/uploads\/2021\/12\/MilkThistle.jpg","type":"image\/jpeg"}],"twitter_card":"summary_large_image","twitter_misc":{"Est. reading time":"2 minut\u0117s"},"schema":{"@context":"https:\/\/schema.org","@graph":[{"@type":"WebPage","@id":"https:\/\/old.elusvali.ee\/lt\/prek\u0117\/vimergy-tikrasis-margainis-tinktura-115-ml\/","url":"https:\/\/old.elusvali.ee\/lt\/prek\u0117\/vimergy-tikrasis-margainis-tinktura-115-ml\/","name":"Vimergy tikrasis margainis - tinkt\u016bra 115 ml - Pure Nature","isPartOf":{"@id":"https:\/\/old.elusvali.ee\/lt\/#website"},"primaryImageOfPage":{"@id":"https:\/\/old.elusvali.ee\/lt\/prek\u0117\/vimergy-tikrasis-margainis-tinktura-115-ml\/#primaryimage"},"image":{"@id":"https:\/\/old.elusvali.ee\/lt\/prek\u0117\/vimergy-tikrasis-margainis-tinktura-115-ml\/#primaryimage"},"thumbnailUrl":"https:\/\/old.elusvali.ee\/wp-content\/uploads\/2021\/12\/MilkThistle.jpg","datePublished":"2021-12-01T08:22:14+00:00","dateModified":"2025-06-29T19:34:25+00:00","description":"Kepenys yra neatsiejamos nuo m\u016bs\u0173 bendros sveikatos. Tikrasis margainis gerai \u017einomas kaip galintis palaikyti m\u016bs\u0173 kepen\u0173 veikl\u0105. Norite sveik\u0173 kepen\u0173?","breadcrumb":{"@id":"https:\/\/old.elusvali.ee\/lt\/prek\u0117\/vimergy-tikrasis-margainis-tinktura-115-ml\/#breadcrumb"},"inLanguage":"lt-LT","potentialAction":[{"@type":"ReadAction","target":["https:\/\/old.elusvali.ee\/lt\/prek\u0117\/vimergy-tikrasis-margainis-tinktura-115-ml\/"]}]},{"@type":"ImageObject","inLanguage":"lt-LT","@id":"https:\/\/old.elusvali.ee\/lt\/prek\u0117\/vimergy-tikrasis-margainis-tinktura-115-ml\/#primaryimage","url":"https:\/\/old.elusvali.ee\/wp-content\/uploads\/2021\/12\/MilkThistle.jpg","contentUrl":"https:\/\/old.elusvali.ee\/wp-content\/uploads\/2021\/12\/MilkThistle.jpg","width":1400,"height":1400,"caption":"Tikrojo margainio tinktura"},{"@type":"BreadcrumbList","@id":"https:\/\/old.elusvali.ee\/lt\/prek\u0117\/vimergy-tikrasis-margainis-tinktura-115-ml\/#breadcrumb","itemListElement":[{"@type":"ListItem","position":1,"name":"Home","item":"https:\/\/old.elusvali.ee\/lt\/"},{"@type":"ListItem","position":2,"name":"Elektronin\u0117 parduotuv\u0117","item":"https:\/\/purenature.lt\/parduotuve\/"},{"@type":"ListItem","position":3,"name":"Vimergy tikrasis margainis &#8211; tinkt\u016bra 115 ml"}]},{"@type":"WebSite","@id":"https:\/\/old.elusvali.ee\/lt\/#website","url":"https:\/\/old.elusvali.ee\/lt\/","name":"Elusv\u00e4li","description":"Puhas k&ouml;&ouml;k ja koduapteek","publisher":{"@id":"https:\/\/old.elusvali.ee\/lt\/#organization"},"potentialAction":[{"@type":"SearchAction","target":{"@type":"EntryPoint","urlTemplate":"https:\/\/old.elusvali.ee\/lt\/?s={search_term_string}"},"query-input":{"@type":"PropertyValueSpecification","valueRequired":true,"valueName":"search_term_string"}}],"inLanguage":"lt-LT"},{"@type":"Organization","@id":"https:\/\/old.elusvali.ee\/lt\/#organization","name":"Elusv\u00e4li","url":"https:\/\/old.elusvali.ee\/lt\/","logo":{"@type":"ImageObject","inLanguage":"lt-LT","@id":"https:\/\/old.elusvali.ee\/lt\/#\/schema\/logo\/image\/","url":"https:\/\/purenature.lt\/wp-content\/uploads\/2023\/07\/logo.png","contentUrl":"https:\/\/purenature.lt\/wp-content\/uploads\/2023\/07\/logo.png","width":526,"height":146,"caption":"Elusv\u00e4li"},"image":{"@id":"https:\/\/old.elusvali.ee\/lt\/#\/schema\/logo\/image\/"},"sameAs":["https:\/\/www.facebook.com\/profile.php?id=100064131067985","https:\/\/www.instagram.com\/elusvali\/","https:\/\/www.youtube.com\/@elusvali2110"]}]}},"_links":{"self":[{"href":"https:\/\/old.elusvali.ee\/lt\/wp-json\/wp\/v2\/product\/36091","targetHints":{"allow":["GET"]}}],"collection":[{"href":"https:\/\/old.elusvali.ee\/lt\/wp-json\/wp\/v2\/product"}],"about":[{"href":"https:\/\/old.elusvali.ee\/lt\/wp-json\/wp\/v2\/types\/product"}],"replies":[{"embeddable":true,"href":"https:\/\/old.elusvali.ee\/lt\/wp-json\/wp\/v2\/comments?post=36091"}],"version-history":[{"count":0,"href":"https:\/\/old.elusvali.ee\/lt\/wp-json\/wp\/v2\/product\/36091\/revisions"}],"wp:featuredmedia":[{"embeddable":true,"href":"https:\/\/old.elusvali.ee\/lt\/wp-json\/wp\/v2\/media\/32516"}],"wp:attachment":[{"href":"https:\/\/old.elusvali.ee\/lt\/wp-json\/wp\/v2\/media?parent=36091"}],"wp:term":[{"taxonomy":"product_brand","embeddable":true,"href":"https:\/\/old.elusvali.ee\/lt\/wp-json\/wp\/v2\/product_brand?post=36091"},{"taxonomy":"product_cat","embeddable":true,"href":"https:\/\/old.elusvali.ee\/lt\/wp-json\/wp\/v2\/product_cat?post=36091"},{"taxonomy":"product_tag","embeddable":true,"href":"https:\/\/old.elusvali.ee\/lt\/wp-json\/wp\/v2\/product_tag?post=36091"}],"curies":[{"name":"wp","href":"https:\/\/api.w.org\/{rel}","templated":true}]}}