{"id":36080,"date":"2022-12-09T04:29:36","date_gmt":"2022-12-09T02:29:36","guid":{"rendered":"https:\/\/old.elusvali.ee\/product\/elusvali-dovanu-cekis-pdf\/"},"modified":"2025-04-03T11:31:37","modified_gmt":"2025-04-03T08:31:37","slug":"purenature-dovanu-cekis-pdf","status":"publish","type":"product","link":"https:\/\/old.elusvali.ee\/lt\/prek\u0117\/purenature-dovanu-cekis-pdf\/","title":{"rendered":"Pure Nature dovan\u0173 kuponas"},"content":{"rendered":"<p>Vertinga dovana &#8211; minimalistinio dizaino &#8222;Pure Nature&#8221; dovan\u0173 kortel\u0117.<\/p>\n<p>Atlik\u0119 pirkim\u0105, el. pa\u0161tu gausite dovan\u0173 \u010dekio PDF fail\u0105, kur\u012f gal\u0117site atsispausdinti arba persi\u0173sti.<\/p>\n<p>Ant dovan\u0173 kortel\u0117s atspausdintas unikalus kodas. Nor\u0117dami pasinaudoti dovan\u0173 kortele, turite \u012fvesti kod\u0105 \u012f atsiskaitymo puslapyje esant\u012f kupono laukel\u012f ir galutin\u0117 suma bus perskai\u010diuota automati\u0161kai.<\/p>\n<p><em>Dovan\u0173 kortel\u0117 galioja 12 m\u0117nesi\u0173 nuo \u012fsigijimo datos.<\/em><\/p>\n<p>Taip pat galima ir kartu su pirkiniu i\u0161si\u0173sti <strong>popierin\u0119 dovan\u0173 kortel\u0119<\/strong>. Jei norite gauti popierin\u0119 &#8222;Pure Nature&#8221; dovan\u0173 kortel\u0119, pateikdami u\u017esakym\u0105 komentar\u0173 laukelyje \u012fra\u0161ykite, kad pageidaujate popierin\u0117s dovan\u0173 kortel\u0117s. O PDF failas bus i\u0161si\u0173stas automati\u0161kai.<\/p>\n","protected":false},"excerpt":{"rendered":"<p>Jei nenusprend\u017eiate, k\u0105 padovanoti brangiam \u017emogui &#8211; padovanokite &#8222;Pure Nature&#8221; dovan\u0173 kupon\u0105, su kuriuo bus galima i\u0161sirinkti, ko tik norisi.<\/p>\n<p>Tai vertinga ir prakti\u0161ka dovana.<\/p>\n<p>&nbsp;<\/p>\n","protected":false},"featured_media":35473,"comment_status":"open","ping_status":"closed","template":"","meta":{"_acf_changed":false},"product_brand":[],"product_cat":[491],"product_tag":[],"class_list":{"0":"post-36080","1":"product","2":"type-product","3":"status-publish","4":"has-post-thumbnail","6":"product_cat-kaip-dovana","8":"first","9":"instock","10":"taxable","11":"shipping-taxable","12":"purchasable","13":"product-type-variable"},"acf":[],"yoast_head":"<!-- This site is optimized with the Yoast SEO plugin v25.3.1 - https:\/\/yoast.com\/wordpress\/plugins\/seo\/ -->\n<title>Pure Nature dovan\u0173 kuponas - Pure Nature<\/title>\n<meta name=\"robots\" content=\"noindex, follow, max-snippet:-1, max-image-preview:large, max-video-preview:-1\" \/>\n<meta property=\"og:locale\" content=\"lt_LT\" \/>\n<meta property=\"og:type\" content=\"article\" \/>\n<meta property=\"og:title\" content=\"Pure Nature dovan\u0173 kuponas - Pure Nature\" \/>\n<meta property=\"og:description\" content=\"Jei nenusprend\u017eiate, k\u0105 padovanoti brangiam \u017emogui - padovanokite &quot;Pure Nature&quot; dovan\u0173 kupon\u0105, su kuriuo bus galima i\u0161sirinkti, ko tik norisi.  Tai vertinga ir prakti\u0161ka dovana.  &nbsp;\" \/>\n<meta property=\"og:url\" content=\"https:\/\/old.elusvali.ee\/lt\/prek\u0117\/purenature-dovanu-cekis-pdf\/\" \/>\n<meta property=\"og:site_name\" content=\"Elusv&auml;li\" \/>\n<meta property=\"article:publisher\" content=\"https:\/\/www.facebook.com\/profile.php?id=100064131067985\" \/>\n<meta property=\"article:modified_time\" content=\"2025-04-03T08:31:37+00:00\" \/>\n<meta property=\"og:image\" content=\"https:\/\/old.elusvali.ee\/wp-content\/uploads\/2025\/04\/Pure-Nature-dovanu-kuponas-1.jpg\" \/>\n\t<meta property=\"og:image:width\" content=\"2000\" \/>\n\t<meta property=\"og:image:height\" content=\"1414\" \/>\n\t<meta property=\"og:image:type\" content=\"image\/jpeg\" \/>\n<meta name=\"twitter:card\" content=\"summary_large_image\" \/>\n<meta name=\"twitter:label1\" content=\"Est. reading time\" \/>\n\t<meta name=\"twitter:data1\" content=\"1 minut\u0117\" \/>\n<script type=\"application\/ld+json\" class=\"yoast-schema-graph\">{\"@context\":\"https:\/\/schema.org\",\"@graph\":[{\"@type\":\"WebPage\",\"@id\":\"https:\/\/old.elusvali.ee\/lt\/prek\u0117\/purenature-dovanu-cekis-pdf\/\",\"url\":\"https:\/\/old.elusvali.ee\/lt\/prek\u0117\/purenature-dovanu-cekis-pdf\/\",\"name\":\"Pure Nature dovan\u0173 kuponas - Pure Nature\",\"isPartOf\":{\"@id\":\"https:\/\/old.elusvali.ee\/lt\/#website\"},\"primaryImageOfPage\":{\"@id\":\"https:\/\/old.elusvali.ee\/lt\/prek\u0117\/purenature-dovanu-cekis-pdf\/#primaryimage\"},\"image\":{\"@id\":\"https:\/\/old.elusvali.ee\/lt\/prek\u0117\/purenature-dovanu-cekis-pdf\/#primaryimage\"},\"thumbnailUrl\":\"https:\/\/old.elusvali.ee\/wp-content\/uploads\/2025\/04\/Pure-Nature-dovanu-kuponas-1.jpg\",\"datePublished\":\"2022-12-09T02:29:36+00:00\",\"dateModified\":\"2025-04-03T08:31:37+00:00\",\"breadcrumb\":{\"@id\":\"https:\/\/old.elusvali.ee\/lt\/prek\u0117\/purenature-dovanu-cekis-pdf\/#breadcrumb\"},\"inLanguage\":\"lt-LT\",\"potentialAction\":[{\"@type\":\"ReadAction\",\"target\":[\"https:\/\/old.elusvali.ee\/lt\/prek\u0117\/purenature-dovanu-cekis-pdf\/\"]}]},{\"@type\":\"ImageObject\",\"inLanguage\":\"lt-LT\",\"@id\":\"https:\/\/old.elusvali.ee\/lt\/prek\u0117\/purenature-dovanu-cekis-pdf\/#primaryimage\",\"url\":\"https:\/\/old.elusvali.ee\/wp-content\/uploads\/2025\/04\/Pure-Nature-dovanu-kuponas-1.jpg\",\"contentUrl\":\"https:\/\/old.elusvali.ee\/wp-content\/uploads\/2025\/04\/Pure-Nature-dovanu-kuponas-1.jpg\",\"width\":2000,\"height\":1414},{\"@type\":\"BreadcrumbList\",\"@id\":\"https:\/\/old.elusvali.ee\/lt\/prek\u0117\/purenature-dovanu-cekis-pdf\/#breadcrumb\",\"itemListElement\":[{\"@type\":\"ListItem\",\"position\":1,\"name\":\"Home\",\"item\":\"https:\/\/old.elusvali.ee\/lt\/\"},{\"@type\":\"ListItem\",\"position\":2,\"name\":\"Elektronin\u0117 parduotuv\u0117\",\"item\":\"https:\/\/purenature.lt\/parduotuve\/\"},{\"@type\":\"ListItem\",\"position\":3,\"name\":\"Pure Nature dovan\u0173 kuponas\"}]},{\"@type\":\"WebSite\",\"@id\":\"https:\/\/old.elusvali.ee\/lt\/#website\",\"url\":\"https:\/\/old.elusvali.ee\/lt\/\",\"name\":\"Elusv\u00e4li\",\"description\":\"Puhas k&ouml;&ouml;k ja koduapteek\",\"publisher\":{\"@id\":\"https:\/\/old.elusvali.ee\/lt\/#organization\"},\"potentialAction\":[{\"@type\":\"SearchAction\",\"target\":{\"@type\":\"EntryPoint\",\"urlTemplate\":\"https:\/\/old.elusvali.ee\/lt\/?s={search_term_string}\"},\"query-input\":{\"@type\":\"PropertyValueSpecification\",\"valueRequired\":true,\"valueName\":\"search_term_string\"}}],\"inLanguage\":\"lt-LT\"},{\"@type\":\"Organization\",\"@id\":\"https:\/\/old.elusvali.ee\/lt\/#organization\",\"name\":\"Elusv\u00e4li\",\"url\":\"https:\/\/old.elusvali.ee\/lt\/\",\"logo\":{\"@type\":\"ImageObject\",\"inLanguage\":\"lt-LT\",\"@id\":\"https:\/\/old.elusvali.ee\/lt\/#\/schema\/logo\/image\/\",\"url\":\"https:\/\/purenature.lt\/wp-content\/uploads\/2023\/07\/logo.png\",\"contentUrl\":\"https:\/\/purenature.lt\/wp-content\/uploads\/2023\/07\/logo.png\",\"width\":526,\"height\":146,\"caption\":\"Elusv\u00e4li\"},\"image\":{\"@id\":\"https:\/\/old.elusvali.ee\/lt\/#\/schema\/logo\/image\/\"},\"sameAs\":[\"https:\/\/www.facebook.com\/profile.php?id=100064131067985\",\"https:\/\/www.instagram.com\/elusvali\/\",\"https:\/\/www.youtube.com\/@elusvali2110\"]}]}<\/script>\n<!-- \/ Yoast SEO plugin. -->","yoast_head_json":{"title":"Pure Nature dovan\u0173 kuponas - Pure Nature","robots":{"index":"noindex","follow":"follow","max-snippet":"max-snippet:-1","max-image-preview":"max-image-preview:large","max-video-preview":"max-video-preview:-1"},"og_locale":"lt_LT","og_type":"article","og_title":"Pure Nature dovan\u0173 kuponas - Pure Nature","og_description":"Jei nenusprend\u017eiate, k\u0105 padovanoti brangiam \u017emogui - padovanokite \"Pure Nature\" dovan\u0173 kupon\u0105, su kuriuo bus galima i\u0161sirinkti, ko tik norisi.  Tai vertinga ir prakti\u0161ka dovana.  &nbsp;","og_url":"https:\/\/old.elusvali.ee\/lt\/prek\u0117\/purenature-dovanu-cekis-pdf\/","og_site_name":"Elusv&auml;li","article_publisher":"https:\/\/www.facebook.com\/profile.php?id=100064131067985","article_modified_time":"2025-04-03T08:31:37+00:00","og_image":[{"width":2000,"height":1414,"url":"https:\/\/old.elusvali.ee\/wp-content\/uploads\/2025\/04\/Pure-Nature-dovanu-kuponas-1.jpg","type":"image\/jpeg"}],"twitter_card":"summary_large_image","twitter_misc":{"Est. reading time":"1 minut\u0117"},"schema":{"@context":"https:\/\/schema.org","@graph":[{"@type":"WebPage","@id":"https:\/\/old.elusvali.ee\/lt\/prek\u0117\/purenature-dovanu-cekis-pdf\/","url":"https:\/\/old.elusvali.ee\/lt\/prek\u0117\/purenature-dovanu-cekis-pdf\/","name":"Pure Nature dovan\u0173 kuponas - Pure Nature","isPartOf":{"@id":"https:\/\/old.elusvali.ee\/lt\/#website"},"primaryImageOfPage":{"@id":"https:\/\/old.elusvali.ee\/lt\/prek\u0117\/purenature-dovanu-cekis-pdf\/#primaryimage"},"image":{"@id":"https:\/\/old.elusvali.ee\/lt\/prek\u0117\/purenature-dovanu-cekis-pdf\/#primaryimage"},"thumbnailUrl":"https:\/\/old.elusvali.ee\/wp-content\/uploads\/2025\/04\/Pure-Nature-dovanu-kuponas-1.jpg","datePublished":"2022-12-09T02:29:36+00:00","dateModified":"2025-04-03T08:31:37+00:00","breadcrumb":{"@id":"https:\/\/old.elusvali.ee\/lt\/prek\u0117\/purenature-dovanu-cekis-pdf\/#breadcrumb"},"inLanguage":"lt-LT","potentialAction":[{"@type":"ReadAction","target":["https:\/\/old.elusvali.ee\/lt\/prek\u0117\/purenature-dovanu-cekis-pdf\/"]}]},{"@type":"ImageObject","inLanguage":"lt-LT","@id":"https:\/\/old.elusvali.ee\/lt\/prek\u0117\/purenature-dovanu-cekis-pdf\/#primaryimage","url":"https:\/\/old.elusvali.ee\/wp-content\/uploads\/2025\/04\/Pure-Nature-dovanu-kuponas-1.jpg","contentUrl":"https:\/\/old.elusvali.ee\/wp-content\/uploads\/2025\/04\/Pure-Nature-dovanu-kuponas-1.jpg","width":2000,"height":1414},{"@type":"BreadcrumbList","@id":"https:\/\/old.elusvali.ee\/lt\/prek\u0117\/purenature-dovanu-cekis-pdf\/#breadcrumb","itemListElement":[{"@type":"ListItem","position":1,"name":"Home","item":"https:\/\/old.elusvali.ee\/lt\/"},{"@type":"ListItem","position":2,"name":"Elektronin\u0117 parduotuv\u0117","item":"https:\/\/purenature.lt\/parduotuve\/"},{"@type":"ListItem","position":3,"name":"Pure Nature dovan\u0173 kuponas"}]},{"@type":"WebSite","@id":"https:\/\/old.elusvali.ee\/lt\/#website","url":"https:\/\/old.elusvali.ee\/lt\/","name":"Elusv\u00e4li","description":"Puhas k&ouml;&ouml;k ja koduapteek","publisher":{"@id":"https:\/\/old.elusvali.ee\/lt\/#organization"},"potentialAction":[{"@type":"SearchAction","target":{"@type":"EntryPoint","urlTemplate":"https:\/\/old.elusvali.ee\/lt\/?s={search_term_string}"},"query-input":{"@type":"PropertyValueSpecification","valueRequired":true,"valueName":"search_term_string"}}],"inLanguage":"lt-LT"},{"@type":"Organization","@id":"https:\/\/old.elusvali.ee\/lt\/#organization","name":"Elusv\u00e4li","url":"https:\/\/old.elusvali.ee\/lt\/","logo":{"@type":"ImageObject","inLanguage":"lt-LT","@id":"https:\/\/old.elusvali.ee\/lt\/#\/schema\/logo\/image\/","url":"https:\/\/purenature.lt\/wp-content\/uploads\/2023\/07\/logo.png","contentUrl":"https:\/\/purenature.lt\/wp-content\/uploads\/2023\/07\/logo.png","width":526,"height":146,"caption":"Elusv\u00e4li"},"image":{"@id":"https:\/\/old.elusvali.ee\/lt\/#\/schema\/logo\/image\/"},"sameAs":["https:\/\/www.facebook.com\/profile.php?id=100064131067985","https:\/\/www.instagram.com\/elusvali\/","https:\/\/www.youtube.com\/@elusvali2110"]}]}},"_links":{"self":[{"href":"https:\/\/old.elusvali.ee\/lt\/wp-json\/wp\/v2\/product\/36080","targetHints":{"allow":["GET"]}}],"collection":[{"href":"https:\/\/old.elusvali.ee\/lt\/wp-json\/wp\/v2\/product"}],"about":[{"href":"https:\/\/old.elusvali.ee\/lt\/wp-json\/wp\/v2\/types\/product"}],"replies":[{"embeddable":true,"href":"https:\/\/old.elusvali.ee\/lt\/wp-json\/wp\/v2\/comments?post=36080"}],"version-history":[{"count":6,"href":"https:\/\/old.elusvali.ee\/lt\/wp-json\/wp\/v2\/product\/36080\/revisions"}],"predecessor-version":[{"id":64219,"href":"https:\/\/old.elusvali.ee\/lt\/wp-json\/wp\/v2\/product\/36080\/revisions\/64219"}],"wp:featuredmedia":[{"embeddable":true,"href":"https:\/\/old.elusvali.ee\/lt\/wp-json\/wp\/v2\/media\/35473"}],"wp:attachment":[{"href":"https:\/\/old.elusvali.ee\/lt\/wp-json\/wp\/v2\/media?parent=36080"}],"wp:term":[{"taxonomy":"product_brand","embeddable":true,"href":"https:\/\/old.elusvali.ee\/lt\/wp-json\/wp\/v2\/product_brand?post=36080"},{"taxonomy":"product_cat","embeddable":true,"href":"https:\/\/old.elusvali.ee\/lt\/wp-json\/wp\/v2\/product_cat?post=36080"},{"taxonomy":"product_tag","embeddable":true,"href":"https:\/\/old.elusvali.ee\/lt\/wp-json\/wp\/v2\/product_tag?post=36080"}],"curies":[{"name":"wp","href":"https:\/\/api.w.org\/{rel}","templated":true}]}}