{"id":36079,"date":"2023-01-26T12:49:57","date_gmt":"2023-01-26T10:49:57","guid":{"rendered":"https:\/\/old.elusvali.ee\/product\/ekologiski-manijoku-miltai-1kg-greenest\/"},"modified":"2025-06-08T10:06:09","modified_gmt":"2025-06-08T07:06:09","slug":"ekologiski-manioku-miltai-1kg-greenest","status":"publish","type":"product","link":"https:\/\/old.elusvali.ee\/lt\/prek\u0117\/ekologiski-manioku-miltai-1kg-greenest\/","title":{"rendered":"Ekologi\u0161ki manioko miltai 1kg | Greenest"},"content":{"rendered":"<p>Taip kaip bulv\u0117s yra neatsiejamas maisto produktas Lietuvos virtuv\u0117se, taip maniokas arba maniok\u0173 \u0161aknis yra pagrindinis maisto produktas Piet\u0173 Amerikoje, Azijoje ir Afrikoje. D\u0117l didelio kaloringumo ir sveikatai palankios, be glitimo sud\u0117ties tai yra puikus kasdienis maistas.<\/p>\n<p>Kepiniuose manioko miltai yra pana\u0161\u016bs \u012f kvie\u010di\u0173 miltus ir suteikia neutrali\u0105 tekst\u016br\u0105. Manioko miltai yra puikus pagalbininkas virtuv\u0117je, kai norite pagaminti patiekalus be glitimo. Manioko miltuose n\u0117ra glitimo, gr\u016bd\u0173 ir rie\u0161ut\u0173.<\/p>\n<p>Manioko miltai ir tapijokos krakmolas gaminami i\u0161 to paties maniok\u0173 augalo, ta\u010diau j\u0173 gamybos procesas skiriasi.<\/p>\n<p>Jei ie\u0161kote tapijokos krakmolo, j\u012f galite rasti <a href=\"https:\/\/purenature.lt\/prek%C4%97\/tapijokos-krakmolas-400g-ekologiska-bio-planet\/\">\u010dia.<\/a><\/p>\n<p><strong>Manioko miltai:<\/strong><\/p>\n<ul>\n<li>Alternatyva kepiniams be glitimo<\/li>\n<li>Sud\u0117tyje n\u0117ra rie\u0161ut\u0173<\/li>\n<li>Tinka kepiniams<\/li>\n<li>Neutralus skonis<\/li>\n<li>Gauta i\u0161 kontroliuojam\u0173 ekologini\u0173 \u016bki\u0173<\/li>\n<\/ul>\n<p>Jei dar niekada neteko naudoti manioko milt\u0173 ir ne\u017einote, k\u0105 su jais daryti, rekomenduojame i\u0161bandyti \u0161\u012f paprast\u0105 itali\u0161kos <a href=\"https:\/\/purenature.lt\/focaccia-be-glitimo\/\"><em>focaccia<\/em><\/a> recept\u0105.<\/p>\n","protected":false},"excerpt":{"rendered":"<p>Manioko miltai yra puikus pagalbininkas virtuv\u0117je, kai norite pagaminti patiekalus be glitimo. Taip pat manioko miltai ypatingi ir tuo, kad turi net kelet\u0105 verting\u0173 vitamin\u0173 ir mineral\u0173.<\/p>\n<p>Kepiniuose maniok\u0173 miltai yra pana\u0161\u016bs \u012f kvie\u010di\u0173 miltus.<\/p>\n<p>&nbsp;<\/p>\n","protected":false},"featured_media":32234,"comment_status":"open","ping_status":"closed","template":"","meta":{"_acf_changed":false},"product_brand":[],"product_cat":[444,483],"product_tag":[],"class_list":{"0":"post-36079","1":"product","2":"type-product","3":"status-publish","4":"has-post-thumbnail","6":"product_cat-namu-virtuve","7":"product_cat-sausos-prekes","9":"first","10":"outofstock","11":"taxable","12":"shipping-taxable","13":"purchasable","14":"product-type-simple"},"acf":[],"yoast_head":"<!-- This site is optimized with the Yoast SEO plugin v25.3.1 - https:\/\/yoast.com\/wordpress\/plugins\/seo\/ -->\n<title>Ekologi\u0161ki manioko miltai 1kg | Greenest - Pure Nature<\/title>\n<meta name=\"description\" content=\"Puiki alternatyva \u012fvairiausi\u0173 patiekal\u0173 be gliuteno gamybai. Auk\u0161tos kokyb\u0117s manioko miltai i\u0161 kontroliuojam\u0173 ekologini\u0173 \u016bki\u0173.\" \/>\n<meta name=\"robots\" content=\"noindex, follow, max-snippet:-1, max-image-preview:large, max-video-preview:-1\" \/>\n<meta property=\"og:locale\" content=\"lt_LT\" \/>\n<meta property=\"og:type\" content=\"article\" \/>\n<meta property=\"og:title\" content=\"Ekologi\u0161ki manioko miltai 1kg | Greenest - Pure Nature\" \/>\n<meta property=\"og:description\" content=\"Puiki alternatyva \u012fvairiausi\u0173 patiekal\u0173 be gliuteno gamybai. Auk\u0161tos kokyb\u0117s manioko miltai i\u0161 kontroliuojam\u0173 ekologini\u0173 \u016bki\u0173.\" \/>\n<meta property=\"og:url\" content=\"https:\/\/old.elusvali.ee\/lt\/prek\u0117\/ekologiski-manioku-miltai-1kg-greenest\/\" \/>\n<meta property=\"og:site_name\" content=\"Elusv&auml;li\" \/>\n<meta property=\"article:publisher\" content=\"https:\/\/www.facebook.com\/profile.php?id=100064131067985\" \/>\n<meta property=\"article:modified_time\" content=\"2025-06-08T07:06:09+00:00\" \/>\n<meta property=\"og:image\" content=\"https:\/\/purenature.lt\/wp-content\/uploads\/2023\/07\/Cassava-jahu-1kg.jpg\" \/>\n\t<meta property=\"og:image:width\" content=\"1500\" \/>\n\t<meta property=\"og:image:height\" content=\"1500\" \/>\n\t<meta property=\"og:image:type\" content=\"image\/jpeg\" \/>\n<meta name=\"twitter:card\" content=\"summary_large_image\" \/>\n<meta name=\"twitter:label1\" content=\"Est. reading time\" \/>\n\t<meta name=\"twitter:data1\" content=\"1 minut\u0117\" \/>\n<script type=\"application\/ld+json\" class=\"yoast-schema-graph\">{\"@context\":\"https:\/\/schema.org\",\"@graph\":[{\"@type\":\"WebPage\",\"@id\":\"https:\/\/old.elusvali.ee\/lt\/prek\u0117\/ekologiski-manioku-miltai-1kg-greenest\/\",\"url\":\"https:\/\/old.elusvali.ee\/lt\/prek\u0117\/ekologiski-manioku-miltai-1kg-greenest\/\",\"name\":\"Ekologi\u0161ki manioko miltai 1kg | Greenest - Pure Nature\",\"isPartOf\":{\"@id\":\"https:\/\/old.elusvali.ee\/lt\/#website\"},\"primaryImageOfPage\":{\"@id\":\"https:\/\/old.elusvali.ee\/lt\/prek\u0117\/ekologiski-manioku-miltai-1kg-greenest\/#primaryimage\"},\"image\":{\"@id\":\"https:\/\/old.elusvali.ee\/lt\/prek\u0117\/ekologiski-manioku-miltai-1kg-greenest\/#primaryimage\"},\"thumbnailUrl\":\"https:\/\/old.elusvali.ee\/wp-content\/uploads\/2023\/07\/Cassava-jahu-1kg.jpg\",\"datePublished\":\"2023-01-26T10:49:57+00:00\",\"dateModified\":\"2025-06-08T07:06:09+00:00\",\"description\":\"Puiki alternatyva \u012fvairiausi\u0173 patiekal\u0173 be gliuteno gamybai. Auk\u0161tos kokyb\u0117s manioko miltai i\u0161 kontroliuojam\u0173 ekologini\u0173 \u016bki\u0173.\",\"breadcrumb\":{\"@id\":\"https:\/\/old.elusvali.ee\/lt\/prek\u0117\/ekologiski-manioku-miltai-1kg-greenest\/#breadcrumb\"},\"inLanguage\":\"lt-LT\",\"potentialAction\":[{\"@type\":\"ReadAction\",\"target\":[\"https:\/\/old.elusvali.ee\/lt\/prek\u0117\/ekologiski-manioku-miltai-1kg-greenest\/\"]}]},{\"@type\":\"ImageObject\",\"inLanguage\":\"lt-LT\",\"@id\":\"https:\/\/old.elusvali.ee\/lt\/prek\u0117\/ekologiski-manioku-miltai-1kg-greenest\/#primaryimage\",\"url\":\"https:\/\/old.elusvali.ee\/wp-content\/uploads\/2023\/07\/Cassava-jahu-1kg.jpg\",\"contentUrl\":\"https:\/\/old.elusvali.ee\/wp-content\/uploads\/2023\/07\/Cassava-jahu-1kg.jpg\",\"width\":1500,\"height\":1500,\"caption\":\"Ekologiski manioko miltai\"},{\"@type\":\"BreadcrumbList\",\"@id\":\"https:\/\/old.elusvali.ee\/lt\/prek\u0117\/ekologiski-manioku-miltai-1kg-greenest\/#breadcrumb\",\"itemListElement\":[{\"@type\":\"ListItem\",\"position\":1,\"name\":\"Home\",\"item\":\"https:\/\/old.elusvali.ee\/lt\/\"},{\"@type\":\"ListItem\",\"position\":2,\"name\":\"Elektronin\u0117 parduotuv\u0117\",\"item\":\"https:\/\/purenature.lt\/parduotuve\/\"},{\"@type\":\"ListItem\",\"position\":3,\"name\":\"Ekologi\u0161ki manioko miltai 1kg | Greenest\"}]},{\"@type\":\"WebSite\",\"@id\":\"https:\/\/old.elusvali.ee\/lt\/#website\",\"url\":\"https:\/\/old.elusvali.ee\/lt\/\",\"name\":\"Elusv\u00e4li\",\"description\":\"Puhas k&ouml;&ouml;k ja koduapteek\",\"publisher\":{\"@id\":\"https:\/\/old.elusvali.ee\/lt\/#organization\"},\"potentialAction\":[{\"@type\":\"SearchAction\",\"target\":{\"@type\":\"EntryPoint\",\"urlTemplate\":\"https:\/\/old.elusvali.ee\/lt\/?s={search_term_string}\"},\"query-input\":{\"@type\":\"PropertyValueSpecification\",\"valueRequired\":true,\"valueName\":\"search_term_string\"}}],\"inLanguage\":\"lt-LT\"},{\"@type\":\"Organization\",\"@id\":\"https:\/\/old.elusvali.ee\/lt\/#organization\",\"name\":\"Elusv\u00e4li\",\"url\":\"https:\/\/old.elusvali.ee\/lt\/\",\"logo\":{\"@type\":\"ImageObject\",\"inLanguage\":\"lt-LT\",\"@id\":\"https:\/\/old.elusvali.ee\/lt\/#\/schema\/logo\/image\/\",\"url\":\"https:\/\/purenature.lt\/wp-content\/uploads\/2023\/07\/logo.png\",\"contentUrl\":\"https:\/\/purenature.lt\/wp-content\/uploads\/2023\/07\/logo.png\",\"width\":526,\"height\":146,\"caption\":\"Elusv\u00e4li\"},\"image\":{\"@id\":\"https:\/\/old.elusvali.ee\/lt\/#\/schema\/logo\/image\/\"},\"sameAs\":[\"https:\/\/www.facebook.com\/profile.php?id=100064131067985\",\"https:\/\/www.instagram.com\/elusvali\/\",\"https:\/\/www.youtube.com\/@elusvali2110\"]}]}<\/script>\n<!-- \/ Yoast SEO plugin. -->","yoast_head_json":{"title":"Ekologi\u0161ki manioko miltai 1kg | Greenest - Pure Nature","description":"Puiki alternatyva \u012fvairiausi\u0173 patiekal\u0173 be gliuteno gamybai. Auk\u0161tos kokyb\u0117s manioko miltai i\u0161 kontroliuojam\u0173 ekologini\u0173 \u016bki\u0173.","robots":{"index":"noindex","follow":"follow","max-snippet":"max-snippet:-1","max-image-preview":"max-image-preview:large","max-video-preview":"max-video-preview:-1"},"og_locale":"lt_LT","og_type":"article","og_title":"Ekologi\u0161ki manioko miltai 1kg | Greenest - Pure Nature","og_description":"Puiki alternatyva \u012fvairiausi\u0173 patiekal\u0173 be gliuteno gamybai. Auk\u0161tos kokyb\u0117s manioko miltai i\u0161 kontroliuojam\u0173 ekologini\u0173 \u016bki\u0173.","og_url":"https:\/\/old.elusvali.ee\/lt\/prek\u0117\/ekologiski-manioku-miltai-1kg-greenest\/","og_site_name":"Elusv&auml;li","article_publisher":"https:\/\/www.facebook.com\/profile.php?id=100064131067985","article_modified_time":"2025-06-08T07:06:09+00:00","og_image":[{"width":1500,"height":1500,"url":"https:\/\/purenature.lt\/wp-content\/uploads\/2023\/07\/Cassava-jahu-1kg.jpg","type":"image\/jpeg"}],"twitter_card":"summary_large_image","twitter_misc":{"Est. reading time":"1 minut\u0117"},"schema":{"@context":"https:\/\/schema.org","@graph":[{"@type":"WebPage","@id":"https:\/\/old.elusvali.ee\/lt\/prek\u0117\/ekologiski-manioku-miltai-1kg-greenest\/","url":"https:\/\/old.elusvali.ee\/lt\/prek\u0117\/ekologiski-manioku-miltai-1kg-greenest\/","name":"Ekologi\u0161ki manioko miltai 1kg | Greenest - Pure Nature","isPartOf":{"@id":"https:\/\/old.elusvali.ee\/lt\/#website"},"primaryImageOfPage":{"@id":"https:\/\/old.elusvali.ee\/lt\/prek\u0117\/ekologiski-manioku-miltai-1kg-greenest\/#primaryimage"},"image":{"@id":"https:\/\/old.elusvali.ee\/lt\/prek\u0117\/ekologiski-manioku-miltai-1kg-greenest\/#primaryimage"},"thumbnailUrl":"https:\/\/old.elusvali.ee\/wp-content\/uploads\/2023\/07\/Cassava-jahu-1kg.jpg","datePublished":"2023-01-26T10:49:57+00:00","dateModified":"2025-06-08T07:06:09+00:00","description":"Puiki alternatyva \u012fvairiausi\u0173 patiekal\u0173 be gliuteno gamybai. Auk\u0161tos kokyb\u0117s manioko miltai i\u0161 kontroliuojam\u0173 ekologini\u0173 \u016bki\u0173.","breadcrumb":{"@id":"https:\/\/old.elusvali.ee\/lt\/prek\u0117\/ekologiski-manioku-miltai-1kg-greenest\/#breadcrumb"},"inLanguage":"lt-LT","potentialAction":[{"@type":"ReadAction","target":["https:\/\/old.elusvali.ee\/lt\/prek\u0117\/ekologiski-manioku-miltai-1kg-greenest\/"]}]},{"@type":"ImageObject","inLanguage":"lt-LT","@id":"https:\/\/old.elusvali.ee\/lt\/prek\u0117\/ekologiski-manioku-miltai-1kg-greenest\/#primaryimage","url":"https:\/\/old.elusvali.ee\/wp-content\/uploads\/2023\/07\/Cassava-jahu-1kg.jpg","contentUrl":"https:\/\/old.elusvali.ee\/wp-content\/uploads\/2023\/07\/Cassava-jahu-1kg.jpg","width":1500,"height":1500,"caption":"Ekologiski manioko miltai"},{"@type":"BreadcrumbList","@id":"https:\/\/old.elusvali.ee\/lt\/prek\u0117\/ekologiski-manioku-miltai-1kg-greenest\/#breadcrumb","itemListElement":[{"@type":"ListItem","position":1,"name":"Home","item":"https:\/\/old.elusvali.ee\/lt\/"},{"@type":"ListItem","position":2,"name":"Elektronin\u0117 parduotuv\u0117","item":"https:\/\/purenature.lt\/parduotuve\/"},{"@type":"ListItem","position":3,"name":"Ekologi\u0161ki manioko miltai 1kg | Greenest"}]},{"@type":"WebSite","@id":"https:\/\/old.elusvali.ee\/lt\/#website","url":"https:\/\/old.elusvali.ee\/lt\/","name":"Elusv\u00e4li","description":"Puhas k&ouml;&ouml;k ja koduapteek","publisher":{"@id":"https:\/\/old.elusvali.ee\/lt\/#organization"},"potentialAction":[{"@type":"SearchAction","target":{"@type":"EntryPoint","urlTemplate":"https:\/\/old.elusvali.ee\/lt\/?s={search_term_string}"},"query-input":{"@type":"PropertyValueSpecification","valueRequired":true,"valueName":"search_term_string"}}],"inLanguage":"lt-LT"},{"@type":"Organization","@id":"https:\/\/old.elusvali.ee\/lt\/#organization","name":"Elusv\u00e4li","url":"https:\/\/old.elusvali.ee\/lt\/","logo":{"@type":"ImageObject","inLanguage":"lt-LT","@id":"https:\/\/old.elusvali.ee\/lt\/#\/schema\/logo\/image\/","url":"https:\/\/purenature.lt\/wp-content\/uploads\/2023\/07\/logo.png","contentUrl":"https:\/\/purenature.lt\/wp-content\/uploads\/2023\/07\/logo.png","width":526,"height":146,"caption":"Elusv\u00e4li"},"image":{"@id":"https:\/\/old.elusvali.ee\/lt\/#\/schema\/logo\/image\/"},"sameAs":["https:\/\/www.facebook.com\/profile.php?id=100064131067985","https:\/\/www.instagram.com\/elusvali\/","https:\/\/www.youtube.com\/@elusvali2110"]}]}},"_links":{"self":[{"href":"https:\/\/old.elusvali.ee\/lt\/wp-json\/wp\/v2\/product\/36079","targetHints":{"allow":["GET"]}}],"collection":[{"href":"https:\/\/old.elusvali.ee\/lt\/wp-json\/wp\/v2\/product"}],"about":[{"href":"https:\/\/old.elusvali.ee\/lt\/wp-json\/wp\/v2\/types\/product"}],"replies":[{"embeddable":true,"href":"https:\/\/old.elusvali.ee\/lt\/wp-json\/wp\/v2\/comments?post=36079"}],"version-history":[{"count":0,"href":"https:\/\/old.elusvali.ee\/lt\/wp-json\/wp\/v2\/product\/36079\/revisions"}],"wp:featuredmedia":[{"embeddable":true,"href":"https:\/\/old.elusvali.ee\/lt\/wp-json\/wp\/v2\/media\/32234"}],"wp:attachment":[{"href":"https:\/\/old.elusvali.ee\/lt\/wp-json\/wp\/v2\/media?parent=36079"}],"wp:term":[{"taxonomy":"product_brand","embeddable":true,"href":"https:\/\/old.elusvali.ee\/lt\/wp-json\/wp\/v2\/product_brand?post=36079"},{"taxonomy":"product_cat","embeddable":true,"href":"https:\/\/old.elusvali.ee\/lt\/wp-json\/wp\/v2\/product_cat?post=36079"},{"taxonomy":"product_tag","embeddable":true,"href":"https:\/\/old.elusvali.ee\/lt\/wp-json\/wp\/v2\/product_tag?post=36079"}],"curies":[{"name":"wp","href":"https:\/\/api.w.org\/{rel}","templated":true}]}}