{"id":36075,"date":"2023-02-02T11:11:29","date_gmt":"2023-02-02T09:11:29","guid":{"rendered":"https:\/\/old.elusvali.ee\/product\/ekologiskas-kokosu-sviesto-cukrus-1kg-greenest\/"},"modified":"2025-07-04T21:32:07","modified_gmt":"2025-07-04T18:32:07","slug":"ekologiskas-kokosu-cukrus-1kg-greenest","status":"publish","type":"product","link":"https:\/\/old.elusvali.ee\/lt\/prek\u0117\/ekologiskas-kokosu-cukrus-1kg-greenest\/","title":{"rendered":"Ekologi\u0161kas kokos\u0173 cukrus 1kg | Greenest"},"content":{"rendered":"<p>Kokos\u0173 cukrus yra sveikesn\u0117 baltojo ir rudojo cukraus alternatyva, kuri\u0105 galite naudoti kepiniuose kaip ir kitus rafinuotus cukrus, g\u0117rimuose ar desertuose. Kokos\u0173 cukrus yra tamsios spalvos ir \u0161iek tiek karamelinio skonio.<\/p>\n<p>Kokos\u0173 cukrus renkamas i\u0161 kokos\u0173 palmi\u0173 \u017eied\u0173 nektaro. \u0160is cukrus i\u0161skirtinis dar ir tuo, kad jame gausu kalio, magnio, cinko ir fosforo. Taip pat kokos\u0173 cukruje yra vitamin\u0173 B1, B2, B3, B6 ir vitamino C.<\/p>\n<p>Kokos\u0173 cukrus organizmui yra lengviau vir\u0161kinamas, palyginti su \u012fprastu baltuoju cukrumi, tod\u0117l tai yra stabilus gliukoz\u0117s \u0161altinis. <strong>Kokos\u0173 cukrus energij\u0105 \u012f krauj\u0105 i\u0161skiria l\u0117tai.<\/strong><\/p>\n<ul>\n<li>Puiki \u012fprasto rafinuoto cukraus alternatyva<\/li>\n<li>Naudokite kepiniams ir desertams<\/li>\n<li>Tamsios spalvos ir karamelinio skonio<\/li>\n<li>Nuostabus mineral\u0173 ir vitamin\u0173 \u0161altinis<\/li>\n<li>Stabilus gliukoz\u0117s \u0161altinis organizmui<\/li>\n<li>Gauta i\u0161 kontroliuojam\u0173 ekologini\u0173 \u016bki\u0173<\/li>\n<\/ul>\n","protected":false},"excerpt":{"rendered":"<p>Kokos\u0173 cukrus yra sveikesn\u0117 \u012fprasto baltojo ar rudojo cukraus alternatyva. Maistin\u0117 vert\u0117 taip pat turtinga &#8211; jame gausu kalio, magnio, cinko, fosforo. Be to, kokos\u0173 cukruje yra vitamin\u0173 B1, B2, B3, B6 ir C. O svarbiausia &#8211; <strong>kokos\u0173 cukrus energij\u0105 \u012f krauj\u0105 i\u0161skiria l\u0117tai.<\/strong><\/p>\n<p>Naudokite kepiniuose perpus su medumi arba klev\u0173 sirupu, kad skonis b\u016bt\u0173 pana\u0161us \u012f \u012fprasto rafinuoto cukraus skon\u012f.<\/p>\n","protected":false},"featured_media":32238,"comment_status":"open","ping_status":"closed","template":"","meta":{"_acf_changed":false},"product_brand":[],"product_cat":[444,488,483],"product_tag":[],"class_list":{"0":"post-36075","1":"product","2":"type-product","3":"status-publish","4":"has-post-thumbnail","6":"product_cat-namu-virtuve","7":"product_cat-naturalus-cukrus","8":"product_cat-sausos-prekes","10":"first","11":"instock","12":"taxable","13":"shipping-taxable","14":"purchasable","15":"product-type-simple"},"acf":[],"yoast_head":"<!-- This site is optimized with the Yoast SEO plugin v25.3.1 - https:\/\/yoast.com\/wordpress\/plugins\/seo\/ -->\n<title>Ekologi\u0161kas kokos\u0173 cukrus 1kg | Greenest - Pure Nature<\/title>\n<meta name=\"description\" content=\"Jame gausu kalio, magnio, cinko ir fosforo, vitamin\u0173 B1, B2, B3, B6 ir C. Kokos\u0173 cukrus energij\u0105 \u012f krauj\u0105 i\u0161skiria l\u0117tai.\" \/>\n<meta name=\"robots\" content=\"noindex, follow, max-snippet:-1, max-image-preview:large, max-video-preview:-1\" \/>\n<meta property=\"og:locale\" content=\"lt_LT\" \/>\n<meta property=\"og:type\" content=\"article\" \/>\n<meta property=\"og:title\" content=\"Ekologi\u0161kas kokos\u0173 cukrus 1kg | Greenest - Pure Nature\" \/>\n<meta property=\"og:description\" content=\"Jame gausu kalio, magnio, cinko ir fosforo, vitamin\u0173 B1, B2, B3, B6 ir C. Kokos\u0173 cukrus energij\u0105 \u012f krauj\u0105 i\u0161skiria l\u0117tai.\" \/>\n<meta property=\"og:url\" content=\"https:\/\/old.elusvali.ee\/lt\/prek\u0117\/ekologiskas-kokosu-cukrus-1kg-greenest\/\" \/>\n<meta property=\"og:site_name\" content=\"Elusv&auml;li\" \/>\n<meta property=\"article:publisher\" content=\"https:\/\/www.facebook.com\/profile.php?id=100064131067985\" \/>\n<meta property=\"article:modified_time\" content=\"2025-07-04T18:32:07+00:00\" \/>\n<meta property=\"og:image\" content=\"https:\/\/purenature.lt\/wp-content\/uploads\/2023\/07\/Mahe-kookosoie-suhkur-greenest-1kg.jpg\" \/>\n\t<meta property=\"og:image:width\" content=\"1500\" \/>\n\t<meta property=\"og:image:height\" content=\"1500\" \/>\n\t<meta property=\"og:image:type\" content=\"image\/jpeg\" \/>\n<meta name=\"twitter:card\" content=\"summary_large_image\" \/>\n<meta name=\"twitter:label1\" content=\"Est. reading time\" \/>\n\t<meta name=\"twitter:data1\" content=\"1 minut\u0117\" \/>\n<script type=\"application\/ld+json\" class=\"yoast-schema-graph\">{\"@context\":\"https:\/\/schema.org\",\"@graph\":[{\"@type\":\"WebPage\",\"@id\":\"https:\/\/old.elusvali.ee\/lt\/prek\u0117\/ekologiskas-kokosu-cukrus-1kg-greenest\/\",\"url\":\"https:\/\/old.elusvali.ee\/lt\/prek\u0117\/ekologiskas-kokosu-cukrus-1kg-greenest\/\",\"name\":\"Ekologi\u0161kas kokos\u0173 cukrus 1kg | Greenest - Pure Nature\",\"isPartOf\":{\"@id\":\"https:\/\/old.elusvali.ee\/lt\/#website\"},\"primaryImageOfPage\":{\"@id\":\"https:\/\/old.elusvali.ee\/lt\/prek\u0117\/ekologiskas-kokosu-cukrus-1kg-greenest\/#primaryimage\"},\"image\":{\"@id\":\"https:\/\/old.elusvali.ee\/lt\/prek\u0117\/ekologiskas-kokosu-cukrus-1kg-greenest\/#primaryimage\"},\"thumbnailUrl\":\"https:\/\/old.elusvali.ee\/wp-content\/uploads\/2023\/07\/Mahe-kookosoie-suhkur-greenest-1kg.jpg\",\"datePublished\":\"2023-02-02T09:11:29+00:00\",\"dateModified\":\"2025-07-04T18:32:07+00:00\",\"description\":\"Jame gausu kalio, magnio, cinko ir fosforo, vitamin\u0173 B1, B2, B3, B6 ir C. Kokos\u0173 cukrus energij\u0105 \u012f krauj\u0105 i\u0161skiria l\u0117tai.\",\"breadcrumb\":{\"@id\":\"https:\/\/old.elusvali.ee\/lt\/prek\u0117\/ekologiskas-kokosu-cukrus-1kg-greenest\/#breadcrumb\"},\"inLanguage\":\"lt-LT\",\"potentialAction\":[{\"@type\":\"ReadAction\",\"target\":[\"https:\/\/old.elusvali.ee\/lt\/prek\u0117\/ekologiskas-kokosu-cukrus-1kg-greenest\/\"]}]},{\"@type\":\"ImageObject\",\"inLanguage\":\"lt-LT\",\"@id\":\"https:\/\/old.elusvali.ee\/lt\/prek\u0117\/ekologiskas-kokosu-cukrus-1kg-greenest\/#primaryimage\",\"url\":\"https:\/\/old.elusvali.ee\/wp-content\/uploads\/2023\/07\/Mahe-kookosoie-suhkur-greenest-1kg.jpg\",\"contentUrl\":\"https:\/\/old.elusvali.ee\/wp-content\/uploads\/2023\/07\/Mahe-kookosoie-suhkur-greenest-1kg.jpg\",\"width\":1500,\"height\":1500,\"caption\":\"Ekologiskas kokoso cukrus\"},{\"@type\":\"BreadcrumbList\",\"@id\":\"https:\/\/old.elusvali.ee\/lt\/prek\u0117\/ekologiskas-kokosu-cukrus-1kg-greenest\/#breadcrumb\",\"itemListElement\":[{\"@type\":\"ListItem\",\"position\":1,\"name\":\"Home\",\"item\":\"https:\/\/old.elusvali.ee\/lt\/\"},{\"@type\":\"ListItem\",\"position\":2,\"name\":\"Elektronin\u0117 parduotuv\u0117\",\"item\":\"https:\/\/purenature.lt\/parduotuve\/\"},{\"@type\":\"ListItem\",\"position\":3,\"name\":\"Ekologi\u0161kas kokos\u0173 cukrus 1kg | Greenest\"}]},{\"@type\":\"WebSite\",\"@id\":\"https:\/\/old.elusvali.ee\/lt\/#website\",\"url\":\"https:\/\/old.elusvali.ee\/lt\/\",\"name\":\"Elusv\u00e4li\",\"description\":\"Puhas k&ouml;&ouml;k ja koduapteek\",\"publisher\":{\"@id\":\"https:\/\/old.elusvali.ee\/lt\/#organization\"},\"potentialAction\":[{\"@type\":\"SearchAction\",\"target\":{\"@type\":\"EntryPoint\",\"urlTemplate\":\"https:\/\/old.elusvali.ee\/lt\/?s={search_term_string}\"},\"query-input\":{\"@type\":\"PropertyValueSpecification\",\"valueRequired\":true,\"valueName\":\"search_term_string\"}}],\"inLanguage\":\"lt-LT\"},{\"@type\":\"Organization\",\"@id\":\"https:\/\/old.elusvali.ee\/lt\/#organization\",\"name\":\"Elusv\u00e4li\",\"url\":\"https:\/\/old.elusvali.ee\/lt\/\",\"logo\":{\"@type\":\"ImageObject\",\"inLanguage\":\"lt-LT\",\"@id\":\"https:\/\/old.elusvali.ee\/lt\/#\/schema\/logo\/image\/\",\"url\":\"https:\/\/purenature.lt\/wp-content\/uploads\/2023\/07\/logo.png\",\"contentUrl\":\"https:\/\/purenature.lt\/wp-content\/uploads\/2023\/07\/logo.png\",\"width\":526,\"height\":146,\"caption\":\"Elusv\u00e4li\"},\"image\":{\"@id\":\"https:\/\/old.elusvali.ee\/lt\/#\/schema\/logo\/image\/\"},\"sameAs\":[\"https:\/\/www.facebook.com\/profile.php?id=100064131067985\",\"https:\/\/www.instagram.com\/elusvali\/\",\"https:\/\/www.youtube.com\/@elusvali2110\"]}]}<\/script>\n<!-- \/ Yoast SEO plugin. -->","yoast_head_json":{"title":"Ekologi\u0161kas kokos\u0173 cukrus 1kg | Greenest - Pure Nature","description":"Jame gausu kalio, magnio, cinko ir fosforo, vitamin\u0173 B1, B2, B3, B6 ir C. Kokos\u0173 cukrus energij\u0105 \u012f krauj\u0105 i\u0161skiria l\u0117tai.","robots":{"index":"noindex","follow":"follow","max-snippet":"max-snippet:-1","max-image-preview":"max-image-preview:large","max-video-preview":"max-video-preview:-1"},"og_locale":"lt_LT","og_type":"article","og_title":"Ekologi\u0161kas kokos\u0173 cukrus 1kg | Greenest - Pure Nature","og_description":"Jame gausu kalio, magnio, cinko ir fosforo, vitamin\u0173 B1, B2, B3, B6 ir C. Kokos\u0173 cukrus energij\u0105 \u012f krauj\u0105 i\u0161skiria l\u0117tai.","og_url":"https:\/\/old.elusvali.ee\/lt\/prek\u0117\/ekologiskas-kokosu-cukrus-1kg-greenest\/","og_site_name":"Elusv&auml;li","article_publisher":"https:\/\/www.facebook.com\/profile.php?id=100064131067985","article_modified_time":"2025-07-04T18:32:07+00:00","og_image":[{"width":1500,"height":1500,"url":"https:\/\/purenature.lt\/wp-content\/uploads\/2023\/07\/Mahe-kookosoie-suhkur-greenest-1kg.jpg","type":"image\/jpeg"}],"twitter_card":"summary_large_image","twitter_misc":{"Est. reading time":"1 minut\u0117"},"schema":{"@context":"https:\/\/schema.org","@graph":[{"@type":"WebPage","@id":"https:\/\/old.elusvali.ee\/lt\/prek\u0117\/ekologiskas-kokosu-cukrus-1kg-greenest\/","url":"https:\/\/old.elusvali.ee\/lt\/prek\u0117\/ekologiskas-kokosu-cukrus-1kg-greenest\/","name":"Ekologi\u0161kas kokos\u0173 cukrus 1kg | Greenest - Pure Nature","isPartOf":{"@id":"https:\/\/old.elusvali.ee\/lt\/#website"},"primaryImageOfPage":{"@id":"https:\/\/old.elusvali.ee\/lt\/prek\u0117\/ekologiskas-kokosu-cukrus-1kg-greenest\/#primaryimage"},"image":{"@id":"https:\/\/old.elusvali.ee\/lt\/prek\u0117\/ekologiskas-kokosu-cukrus-1kg-greenest\/#primaryimage"},"thumbnailUrl":"https:\/\/old.elusvali.ee\/wp-content\/uploads\/2023\/07\/Mahe-kookosoie-suhkur-greenest-1kg.jpg","datePublished":"2023-02-02T09:11:29+00:00","dateModified":"2025-07-04T18:32:07+00:00","description":"Jame gausu kalio, magnio, cinko ir fosforo, vitamin\u0173 B1, B2, B3, B6 ir C. Kokos\u0173 cukrus energij\u0105 \u012f krauj\u0105 i\u0161skiria l\u0117tai.","breadcrumb":{"@id":"https:\/\/old.elusvali.ee\/lt\/prek\u0117\/ekologiskas-kokosu-cukrus-1kg-greenest\/#breadcrumb"},"inLanguage":"lt-LT","potentialAction":[{"@type":"ReadAction","target":["https:\/\/old.elusvali.ee\/lt\/prek\u0117\/ekologiskas-kokosu-cukrus-1kg-greenest\/"]}]},{"@type":"ImageObject","inLanguage":"lt-LT","@id":"https:\/\/old.elusvali.ee\/lt\/prek\u0117\/ekologiskas-kokosu-cukrus-1kg-greenest\/#primaryimage","url":"https:\/\/old.elusvali.ee\/wp-content\/uploads\/2023\/07\/Mahe-kookosoie-suhkur-greenest-1kg.jpg","contentUrl":"https:\/\/old.elusvali.ee\/wp-content\/uploads\/2023\/07\/Mahe-kookosoie-suhkur-greenest-1kg.jpg","width":1500,"height":1500,"caption":"Ekologiskas kokoso cukrus"},{"@type":"BreadcrumbList","@id":"https:\/\/old.elusvali.ee\/lt\/prek\u0117\/ekologiskas-kokosu-cukrus-1kg-greenest\/#breadcrumb","itemListElement":[{"@type":"ListItem","position":1,"name":"Home","item":"https:\/\/old.elusvali.ee\/lt\/"},{"@type":"ListItem","position":2,"name":"Elektronin\u0117 parduotuv\u0117","item":"https:\/\/purenature.lt\/parduotuve\/"},{"@type":"ListItem","position":3,"name":"Ekologi\u0161kas kokos\u0173 cukrus 1kg | Greenest"}]},{"@type":"WebSite","@id":"https:\/\/old.elusvali.ee\/lt\/#website","url":"https:\/\/old.elusvali.ee\/lt\/","name":"Elusv\u00e4li","description":"Puhas k&ouml;&ouml;k ja koduapteek","publisher":{"@id":"https:\/\/old.elusvali.ee\/lt\/#organization"},"potentialAction":[{"@type":"SearchAction","target":{"@type":"EntryPoint","urlTemplate":"https:\/\/old.elusvali.ee\/lt\/?s={search_term_string}"},"query-input":{"@type":"PropertyValueSpecification","valueRequired":true,"valueName":"search_term_string"}}],"inLanguage":"lt-LT"},{"@type":"Organization","@id":"https:\/\/old.elusvali.ee\/lt\/#organization","name":"Elusv\u00e4li","url":"https:\/\/old.elusvali.ee\/lt\/","logo":{"@type":"ImageObject","inLanguage":"lt-LT","@id":"https:\/\/old.elusvali.ee\/lt\/#\/schema\/logo\/image\/","url":"https:\/\/purenature.lt\/wp-content\/uploads\/2023\/07\/logo.png","contentUrl":"https:\/\/purenature.lt\/wp-content\/uploads\/2023\/07\/logo.png","width":526,"height":146,"caption":"Elusv\u00e4li"},"image":{"@id":"https:\/\/old.elusvali.ee\/lt\/#\/schema\/logo\/image\/"},"sameAs":["https:\/\/www.facebook.com\/profile.php?id=100064131067985","https:\/\/www.instagram.com\/elusvali\/","https:\/\/www.youtube.com\/@elusvali2110"]}]}},"_links":{"self":[{"href":"https:\/\/old.elusvali.ee\/lt\/wp-json\/wp\/v2\/product\/36075","targetHints":{"allow":["GET"]}}],"collection":[{"href":"https:\/\/old.elusvali.ee\/lt\/wp-json\/wp\/v2\/product"}],"about":[{"href":"https:\/\/old.elusvali.ee\/lt\/wp-json\/wp\/v2\/types\/product"}],"replies":[{"embeddable":true,"href":"https:\/\/old.elusvali.ee\/lt\/wp-json\/wp\/v2\/comments?post=36075"}],"version-history":[{"count":0,"href":"https:\/\/old.elusvali.ee\/lt\/wp-json\/wp\/v2\/product\/36075\/revisions"}],"wp:featuredmedia":[{"embeddable":true,"href":"https:\/\/old.elusvali.ee\/lt\/wp-json\/wp\/v2\/media\/32238"}],"wp:attachment":[{"href":"https:\/\/old.elusvali.ee\/lt\/wp-json\/wp\/v2\/media?parent=36075"}],"wp:term":[{"taxonomy":"product_brand","embeddable":true,"href":"https:\/\/old.elusvali.ee\/lt\/wp-json\/wp\/v2\/product_brand?post=36075"},{"taxonomy":"product_cat","embeddable":true,"href":"https:\/\/old.elusvali.ee\/lt\/wp-json\/wp\/v2\/product_cat?post=36075"},{"taxonomy":"product_tag","embeddable":true,"href":"https:\/\/old.elusvali.ee\/lt\/wp-json\/wp\/v2\/product_tag?post=36075"}],"curies":[{"name":"wp","href":"https:\/\/api.w.org\/{rel}","templated":true}]}}